{"id":3816,"date":"2021-05-06T12:09:14","date_gmt":"2021-05-06T12:09:14","guid":{"rendered":"https:\/\/www.greenpeace.org\/slovenia\/?page_id=3816"},"modified":"2025-12-03T10:44:24","modified_gmt":"2025-12-03T09:44:24","slug":"kako-donirati-greenpeaceu","status":"publish","type":"page","link":"https:\/\/www.greenpeace.org\/slovenia\/kako-donirati-greenpeaceu\/","title":{"rendered":"Kako lahko doniram?"},"content":{"rendered":"\n<div class=\"wp-block-group is-vertical is-layout-flex wp-container-core-group-is-layout-8cf370e7 wp-block-group-is-layout-flex\"><\/div>\n\n<h2 class=\"wp-block-heading\"><strong><span class=\"has-inline-color has-green-500-color\">1.<\/span><\/strong> <strong><span class=\"has-inline-color has-green-500-color\">Preko na\u0161e spletne strani<\/span><\/strong><\/h2>\n\n<p>Vsi, ki \u017eelite donirati za neodvisno delovanje na\u0161e organizacije, vas vabimo k donaciji <strong>preko na\u0161e spletne strani<\/strong>:<\/p>\n\n<div class=\"wp-block-buttons is-horizontal is-content-justification-center is-layout-flex wp-container-core-buttons-is-layout-499968f5 wp-block-buttons-is-layout-flex\">\n<div class=\"wp-block-button is-style-transparent\"><a class=\"wp-block-button__link has-grey-900-color has-green-400-background-color has-text-color has-background has-link-color wp-element-button\" href=\"https:\/\/cee.donate.greenpeace.org\/sl\/campaigns?utm_source=greenpeace.org&amp;utm_medium=referral&amp;utm_campaign=CEE_SI_005_Donate&amp;utm_term=P4alternativnaDonacija\" target=\"_blank\" rel=\"noreferrer noopener\">DONIRAJ GREENPEACEU<\/a><\/div>\n<\/div>\n\n<p>Ta na\u010din donacije je optimiziran in edini, ki nam omogo\u010da, da imamo o va\u0161i donaciji pravilne in \u010dasovno posodobljene podatke. Zato vas spodbujamo k doniranju preko na\u0161e spletne strani in zagotavljamo varnost va\u0161ih podatkov.<\/p>\n\n<h2 class=\"wp-block-heading\"><strong><span class=\"has-inline-color has-green-500-color\">2. Namenite nam<\/span><\/strong><span class=\"has-inline-color has-green-500-color\"> <strong>1 % dohodnine<\/strong><\/span><\/h2>\n\n<p>Ste vedeli, da lahko 1 % svoje dohodnine namenite za nekaj, kar vam je resni\u010dno pomembno? Ta denar bi sicer ostal v prora\u010dunu dr\u017eave, zdaj pa lahko z njim podprete na\u0161e delo. <strong>Vas to ne stane ni\u010d, nam pa bi pomenilo ogromno.<\/strong><\/p>\n\n<iframe loading=\"lazy\" id=\"enprocent_iframe\" frameborder=\"0\" width=\"800\" height=\"600\" style=\"max-width:100%;\" src=\"https:\/\/www.cnvos.si\/enprocent\/embed\/v2\/?address=KOTNIKOVA%20ULICA%2028&#038;city=Ljubljana&#038;name=PRIHODNOST%2C%20DRU%C5%A0TVO%20ZA%20VAROVANJE%20IN%20OHRANJANJE%20NARAVNEGA%20OKOLJA&#038;percent=1.0&#038;postalCode=1000&#038;taxNumber=49409298\"><\/iframe><script src=\"https:\/\/cdnjs.cloudflare.com\/ajax\/libs\/iframe-resizer\/4.3.2\/iframeResizer.min.js\"><\/script><script>iFrameResize({checkOrigin:false},'#enprocent_iframe');<\/script>\n\n<p>Obrazec zgoraj lahko tudi prenesete na svoj ra\u010dunalnik, ga natisnete in ga po\u0161ljite na pristojni finan\u010dni urad. (Niste prepri\u010dani kateri finan\u010dni urad je pristojen v va\u0161em primeru? <a href=\"https:\/\/www.fu.gov.si\/kontakti\/kontaktni_center_furs\/#c6535\">Preverite tukaj<\/a>.)<br><br>Vlogo za namenitev dela dohodnine lahko oddate tudi preko <a href=\"https:\/\/edavki.durs.si\/EdavkiPortal\/PersonalPortal\/Pages\/Login\/Login.aspx?ReturnUrl=%2fEdavkiPortal%2fPersonalPortal%2fPages%2fStartPage%2fStartPage.aspx\" target=\"_blank\" rel=\"noreferrer noopener\">povezave eDavki<\/a>. Po prijavi v portal poi\u0161\u010dite mo\u017enost \u00bbNamenitev dela dohodnine za donacije\u00ab. V ustrezno polje vpi\u0161ite na\u0161o dav\u010dno \u0161tevilko <strong>[49409298 &#8211; PRIHODNOST, DRU\u0160TVO ZA VAROVANJE IN OHRANJANJE NARAVNEGA OKOLJA]<\/strong> in na koncu kliknite gumb \u00bbOddaj vlogo\u00ab in nato \u0161e &#8220;Podpis&#8221;.<\/p>\n\n<h2 class=\"wp-block-heading\"><span class=\"has-inline-color has-green-500-color\"><strong>3. Donacija<\/strong> <strong>preko polo\u017enice<\/strong> (UPN obrazca)<\/span><\/h2>\n\n<p>Podatki, ki jih potrebujete za donacijo preko UPN obrazca, so:<\/p>\n\n<p><strong>NAMEN:<\/strong> Donacija Greenpeaceu<br><strong>IME<\/strong>: Greenpeace Central and Eastern Europe<br><strong>NASLOV:<\/strong> Wiedner Hauptstra\u00dfe 120-124, A-1050 Dunaj, Avstrija<br><strong>IBAN:<\/strong>&nbsp;AT97 2011 1821 2964 3405 <br><em>(SWIFT:&nbsp;GIBAATWWXXX)<\/em><\/p>\n\n<figure class=\"wp-block-image size-full  caption-alignment-left\"><img loading=\"lazy\" decoding=\"async\" width=\"794\" height=\"373\" src=\"https:\/\/www.greenpeace.org\/static\/planet4-slovenia-stateless\/2025\/12\/63811342-upn-nalog-1.png\" alt=\"\" class=\"wp-image-78692\" srcset=\"https:\/\/www.greenpeace.org\/static\/planet4-slovenia-stateless\/2025\/12\/63811342-upn-nalog-1.png 794w, https:\/\/www.greenpeace.org\/static\/planet4-slovenia-stateless\/2025\/12\/63811342-upn-nalog-1-300x141.png 300w, https:\/\/www.greenpeace.org\/static\/planet4-slovenia-stateless\/2025\/12\/63811342-upn-nalog-1-768x361.png 768w, https:\/\/www.greenpeace.org\/static\/planet4-slovenia-stateless\/2025\/12\/63811342-upn-nalog-1-510x240.png 510w\" sizes=\"auto, (max-width: 794px) 100vw, 794px\" \/><figcaption class=\"wp-element-caption\">Primer izpolnjenega UPN. S skeniranjem QR kode koda zgoraj, lahko pravtako podprete na\u0161e delo (znesek si lahko prilagodite).<\/figcaption><\/figure>\n\n<p>Nakazilo donacije je v tem primeru mo\u017eno na ban\u010dnem okencu, na po\u0161ti ali kje drugje, kjer omogo\u010dajo pla\u010dila polo\u017enic. Po \u017eelji vam lahko izpolnjeno polo\u017enico po\u0161ljemo na doma\u010di naslov, v tem primeru nam prosimo sporo\u010dite va\u0161e po\u0161tne podatke: <a rel=\"noreferrer noopener\" href=\"mailto:info.si@greenpeace.org?subject=\u017delim prejeti polo\u017enico&amp;body=Polo\u017enico mi prosim po\u0161ljite na po\u0161tni naslov:\" target=\"_blank\">\u017eelim prejeti polo\u017enico za donacijo Greenpeaceu<\/a>.<\/p>\n\n<p><strong>Pomembno<\/strong>: doniranje mimo spletne strani (npr. preko UPN obrazca) ne omogo\u010da sledenja donacijam (na\u0161 sistem teh donacij ne bele\u017ei). To lahko pomeni, da v spletnem sistemu, ki ga uporabljamo za po\u0161iljanje elektronske po\u0161te, nimamo va\u0161ih posodobljenih podatkov. Kar pomeni, da lahko od nas \u0161e vedno prejemate sporo\u010dila v katerih vas pozivamo, da donirajte, \u010deprav ste to morda \u017ee. Zato bi bili hvale\u017eni<strong>, <\/strong>da nam<strong> <\/strong>na <a rel=\"noreferrer noopener\" href=\"mailto:info.si@greenpeace.org?subject=Informacija o donaciji&amp;body=Donacija opravljena, odlo\u010dil\/a sem se za doniranje (enkrat ali mese\u010dno?). Hvala in lp\" target=\"_blank\">info.si@greenpeace.org<\/a> sporo\u010dite, <strong>\u010de ste donacijo opravili preko UPN ter ali je bila ta enkratna, ali boste morda donirali mese\u010dno<\/strong>. Hvala!<\/p>\n\n<hr class=\"wp-block-separator has-css-opacity\"\/>\n\n<p><strong>Dodatna pojasnila<\/strong>: V Sloveniji je organizacija Greenpeace zastopana pod imenom Dru\u0161tvo Prihodnost, v globalni shemi organizacije pa smo del regije Greenpeace v srednji in vzhodni Evropi (Greenpeace Central and Eastern Europe, ali kraj\u0161e <em>Greenpeace CEE<\/em>) s sede\u017eem na Dunaju. Finan\u010dno &#8211; administrativne zadeve urejamo preko mati\u010dne pisarne, zato se tudi donacije na\u0161ih podpornikov nakazujejo na transakcijski ra\u010dun pisarne v Avstriji (<a rel=\"noreferrer noopener\" href=\"https:\/\/spenden.greenpeace.at\/contact\/\" target=\"_blank\">kontaktne informacije najdete tukaj<\/a>). Ve\u010dina pisarn v regiji za donacije uporablja enako spletno platformo (povezava je navedena zgoraj pod to\u010dko 1), ki <strong>uporabnikom omogo\u010da povsem varno, brez dodatnih stro\u0161kov, hitro in enostavno donacijo<\/strong>, organizaciji pa zaradi digitalnega poteka procesa skoraj popolno avtomatizacijo, posledi\u010dno tudi manj administrativnega dela. Velja tudi izpostaviti dejstvo, da je varnost va\u0161ih pla\u010dilnih podatkov preko tega na\u0161ega sistema<strong> povsem varna<\/strong>, saj jih prejemniki ne moremo pridobiti ali shraniti. Podatki so v celoti sprocesirani preko pla\u010dilnega sistema <strong>Adyen<\/strong>, ki mu zaupajo tudi drugi spletni ponudniki, kot so eBay, Booking.com, Netflix, Spotify in drugi.<\/p>\n\n<p>Vsa sredstva, ki jih potrebujemo za delo na na\u0161ih kampanjah v Sloveniji, pridobivamo izklju\u010dno iz mati\u010dne pisarne na Dunaju. Izjema so namenska sredstva iz naslova dohodnine (zgoraj pod to\u010dko 2), ki jih prejmemo neposredno na na\u0161 ban\u010dni ra\u010dun.<\/p>\n","protected":false},"excerpt":{"rendered":"<p>1. Preko na\u0161e spletne strani Vsi, ki \u017eelite donirati za neodvisno delovanje na\u0161e organizacije, vas vabimo k donaciji preko na\u0161e spletne strani: Ta na\u010din donacije je optimiziran in edini, ki nam omogo\u010da, da imamo o va\u0161i donaciji pravilne in \u010dasovno posodobljene podatke. Zato vas spodbujamo k doniranju preko na\u0161e spletne strani in zagotavljamo varnost va\u0161ih [&hellip;]<\/p>\n","protected":false},"author":25,"featured_media":1565,"parent":0,"menu_order":0,"comment_status":"closed","ping_status":"closed","template":"","meta":{"ep_exclude_from_search":false,"p4_hide_page_title_checkbox":"","p4_title":"","p4_subtitle":"","p4_description":"","background_image_id":"","background_image":"","p4_button_title":"","p4_button_link":"","p4_button_link_checkbox":"","p4_og_title":"","p4_og_description":"","p4_og_image":"","p4_og_image_id":"","p4_seo_canonical_url":"","p4_campaign_name":"not set","p4_local_project":"not set","p4_basket_name":"not set","p4_department":"","footnotes":""},"categories":[44],"tags":[27],"class_list":["post-3816","page","type-page","status-publish","has-post-thumbnail","hentry","category-o-nas","tag-greenpeace"],"_links":{"self":[{"href":"https:\/\/www.greenpeace.org\/slovenia\/wp-json\/wp\/v2\/pages\/3816","targetHints":{"allow":["GET"]}}],"collection":[{"href":"https:\/\/www.greenpeace.org\/slovenia\/wp-json\/wp\/v2\/pages"}],"about":[{"href":"https:\/\/www.greenpeace.org\/slovenia\/wp-json\/wp\/v2\/types\/page"}],"author":[{"embeddable":true,"href":"https:\/\/www.greenpeace.org\/slovenia\/wp-json\/wp\/v2\/users\/25"}],"replies":[{"embeddable":true,"href":"https:\/\/www.greenpeace.org\/slovenia\/wp-json\/wp\/v2\/comments?post=3816"}],"version-history":[{"count":16,"href":"https:\/\/www.greenpeace.org\/slovenia\/wp-json\/wp\/v2\/pages\/3816\/revisions"}],"predecessor-version":[{"id":78693,"href":"https:\/\/www.greenpeace.org\/slovenia\/wp-json\/wp\/v2\/pages\/3816\/revisions\/78693"}],"wp:featuredmedia":[{"embeddable":true,"href":"https:\/\/www.greenpeace.org\/slovenia\/wp-json\/wp\/v2\/media\/1565"}],"wp:attachment":[{"href":"https:\/\/www.greenpeace.org\/slovenia\/wp-json\/wp\/v2\/media?parent=3816"}],"wp:term":[{"taxonomy":"category","embeddable":true,"href":"https:\/\/www.greenpeace.org\/slovenia\/wp-json\/wp\/v2\/categories?post=3816"},{"taxonomy":"post_tag","embeddable":true,"href":"https:\/\/www.greenpeace.org\/slovenia\/wp-json\/wp\/v2\/tags?post=3816"}],"curies":[{"name":"wp","href":"https:\/\/api.w.org\/{rel}","templated":true}]}}