{"id":49023,"date":"2021-08-26T12:02:34","date_gmt":"2021-08-26T12:02:34","guid":{"rendered":"https:\/\/www.greenpeace.org\/slovenia\/?page_id=49023"},"modified":"2024-03-26T11:46:04","modified_gmt":"2024-03-26T11:46:04","slug":"izjava-o-pravicnosti-raznolikosti-in-vkljucevanju","status":"publish","type":"page","link":"https:\/\/www.greenpeace.org\/slovenia\/izjava-o-pravicnosti-raznolikosti-in-vkljucevanju\/","title":{"rendered":"Izjava o pravi\u010dnosti, raznolikosti in vklju\u010devanju"},"content":{"rendered":"\n                    <div class=\"wp-block-group is-vertical is-layout-flex wp-container-core-group-is-layout-8cf370e7 wp-block-group-is-layout-flex\">\n                    \n\n                    \n                    <\/div>\n                    \n<p>Greenpeace CEE si prizadeva biti organizacija enakih mo\u017enosti, ki zagotavlja skupnostno okolje s spo\u0161tovanjem dostojanstva in vrednosti vsakega posameznika_ce.<\/p>\n\n<p>Zavedamo se, da planetarna kriza s podnebnimi spremembami in mno\u017ei\u010dnim izumiranjem vpliva na vsakogar, zlasti pa na najranljivej\u0161e skupnosti z omejeno mo\u010djo. Zelene in mirne prihodnosti ne moremo imeti brez pravi\u010dnosti, dr\u017eavljanskih pravic in opolnomo\u010denih skupnosti. Verjamemo, da sistemi mo\u010di in privilegijev, ki uni\u010dujejo okolje, obenem jemljejo skupnostim njihovo \u010dlove\u010dnost \u2013 vse prepogosto pa tudi njihova \u017eivljenja.<\/p>\n\n<p>Pri Greenpeaceu CEE verjamemo tudi, da okoljske pravi\u010dnosti ni mogo\u010de dose\u010di brez intersekcionalnosti ter pravi\u010dnosti in enakopravnosti za vse ter da se ne borimo le za zeleno, ampak tudi za pravi\u010dno in mirno prihodnost. Zato si prizadevamo biti bolj raznoliki, vklju\u010dujo\u010di in pravi\u010dni pri sestavi na\u0161ih zaposlenih in prostovoljcev, pri na\u0161ih postopkih odlo\u010danja, z na\u0161imi podporniki in zavezniki v \u0161ir\u0161ih gibanjih za okolje in socialno pravi\u010dnost, pa tudi v na\u0161ih kampanjah, vsebinah in taktikah.<\/p>\n\n<p>Trdno nasprotujemo vsem oblikam diskriminacije. Ljudi je potrebno obravnavati pravi\u010dno in enakopravno, ne glede na njihovo poreklo oz. druge okoli\u0161\u010dine \u2013 vklju\u010dno z, vendar ne omejeno na raso, etni\u010dno pripadnost, vero ali prepri\u010danje, narodnost, starost, invalidnost, socialno\u2011ekonomski polo\u017eaj, nose\u010dnost ali star\u0161evstvo, spol, spolno usmerjenost ali spolno identiteto in njene izrazne oblike. Pozdravljamo in cenimo raznolikost ljudi, izkustev in pogledov, saj lahko samo z raznolikimi umi najdemo odgovore na vpra\u0161anja, s katerimi se ukvarjamo. Zato si prizadevamo zgraditi raznoliko in vklju\u010dujo\u010do skupnost ter podpiramo vse, ki po\u010dnejo enako.<\/p>\n\n<p><strong>Izjava o solidarnosti s skupnostjo LGBTQIA+:<\/strong><\/p>\n\n<p>Tako zgodovina okoljevarstva in kot zgodovina pravic skupnosti LGBTQIA+ izvirata iz protestov za enake pravice ljudi oziroma okolja, v katerem \u017eivimo. Obe prizadevanji sta po na\u0161em mnenju povezani. Zato tako med Parado ponosa kot na splo\u0161no izra\u017eamo solidarnost s skupnostmi LGBTQIA+ po vsem svetu ter spodbujamo na\u0161e podpornike, da nam pomagajo ustvariti pravi\u010dno in varno prihodnost, v kateri bodo ljudje lahko sami odlo\u010dali o tem, kako in koga imajo radi \u2013 povsod in vedno.<\/p>\n\n<p> <\/p>\n\n<p> <\/p>\n\n<div style=\"height:100px\" aria-hidden=\"true\" class=\"wp-block-spacer\"><\/div>\n","protected":false},"excerpt":{"rendered":"<p>Greenpeace CEE si prizadeva biti organizacija enakih mo\u017enosti, ki zagotavlja skupnostno okolje s spo\u0161tovanjem dostojanstva in vrednosti vsakega posameznika_ce. Zavedamo se, da planetarna kriza s podnebnimi spremembami in mno\u017ei\u010dnim izumiranjem vpliva na vsakogar, zlasti pa na najranljivej\u0161e skupnosti z omejeno mo\u010djo. Zelene in mirne prihodnosti ne moremo imeti brez pravi\u010dnosti, dr\u017eavljanskih pravic in opolnomo\u010denih skupnosti. [&hellip;]<\/p>\n","protected":false},"author":23,"featured_media":49021,"parent":0,"menu_order":0,"comment_status":"closed","ping_status":"closed","template":"","meta":{"ep_exclude_from_search":false,"p4_hide_page_title_checkbox":"","p4_title":"","p4_subtitle":"","p4_description":"","background_image_id":"","background_image":"","p4_button_title":"","p4_button_link":"","p4_button_link_checkbox":"","p4_og_title":"","p4_og_description":"","p4_og_image":"","p4_og_image_id":"","p4_seo_canonical_url":"","p4_campaign_name":"not set","p4_local_project":"not set","p4_basket_name":"not set","p4_department":"","footnotes":""},"categories":[44],"tags":[27],"class_list":["post-49023","page","type-page","status-publish","has-post-thumbnail","hentry","category-o-nas","tag-greenpeace"],"_links":{"self":[{"href":"https:\/\/www.greenpeace.org\/slovenia\/wp-json\/wp\/v2\/pages\/49023","targetHints":{"allow":["GET"]}}],"collection":[{"href":"https:\/\/www.greenpeace.org\/slovenia\/wp-json\/wp\/v2\/pages"}],"about":[{"href":"https:\/\/www.greenpeace.org\/slovenia\/wp-json\/wp\/v2\/types\/page"}],"author":[{"embeddable":true,"href":"https:\/\/www.greenpeace.org\/slovenia\/wp-json\/wp\/v2\/users\/23"}],"replies":[{"embeddable":true,"href":"https:\/\/www.greenpeace.org\/slovenia\/wp-json\/wp\/v2\/comments?post=49023"}],"version-history":[{"count":7,"href":"https:\/\/www.greenpeace.org\/slovenia\/wp-json\/wp\/v2\/pages\/49023\/revisions"}],"predecessor-version":[{"id":50584,"href":"https:\/\/www.greenpeace.org\/slovenia\/wp-json\/wp\/v2\/pages\/49023\/revisions\/50584"}],"wp:featuredmedia":[{"embeddable":true,"href":"https:\/\/www.greenpeace.org\/slovenia\/wp-json\/wp\/v2\/media\/49021"}],"wp:attachment":[{"href":"https:\/\/www.greenpeace.org\/slovenia\/wp-json\/wp\/v2\/media?parent=49023"}],"wp:term":[{"taxonomy":"category","embeddable":true,"href":"https:\/\/www.greenpeace.org\/slovenia\/wp-json\/wp\/v2\/categories?post=49023"},{"taxonomy":"post_tag","embeddable":true,"href":"https:\/\/www.greenpeace.org\/slovenia\/wp-json\/wp\/v2\/tags?post=49023"}],"curies":[{"name":"wp","href":"https:\/\/api.w.org\/{rel}","templated":true}]}}