{"id":49028,"date":"2021-08-27T07:47:16","date_gmt":"2021-08-27T07:47:16","guid":{"rendered":"https:\/\/www.greenpeace.org\/slovenia\/greenpeace\/"},"modified":"2026-04-08T10:56:09","modified_gmt":"2026-04-08T08:56:09","slug":"greenpeace","status":"publish","type":"page","link":"https:\/\/www.greenpeace.org\/slovenia\/greenpeace\/","title":{"rendered":"#Greenpeace"},"content":{"rendered":"\n                    <div class=\"wp-block-group is-vertical is-layout-flex wp-container-core-group-is-layout-8cf370e7 wp-block-group-is-layout-flex\">\n                    \n                                <p>Greenpeace obstaja zato, ker na\u0161a krhka Zemlja potrebuje glas.\r\nPotrebuje re\u0161itve.\r\nPotrebuje spremembe.\r\nPotrebuje akcijo.\r\n\r\nGreenpeace po vsem svetu zdru\u017euje posameznike, ki jim ni vseeno za svet okoli nas in \u017eelijo aktivno prispevati k pozitivnim spremembam tako v svojem lokalnem okolju kot na svetovni ravni.<\/p>\n                            \n\n                    \n                    <\/div>\n                    \n        <div class=\"wp-block-query actions-list p4-query-loop is-custom-layout-actions-list is-custom-layout-grid is-layout-grid wp-container-core-query-is-layout-29f43435 wp-block-query-is-layout-grid\"><h2 class=\"wp-block-heading\">Kaj lahko stori\u0161?<\/h2>\n        <p style=\"margin-top: 24px; margin-bottom: 32px;\">Ukrepajte, ker smo skupaj mo\u010dnej\u0161i.<\/p>\n        <div class=\"wp-block-query-no-results\">\n        <p >No posts found.<\/p>\n        <\/div>\n        \n        \n<div class=\"wp-block-buttons carousel-controls is-horizontal is-content-justification-space-between is-nowrap is-layout-flex wp-container-core-buttons-is-layout-044bd602 wp-block-buttons-is-layout-flex\">\n            <div class=\"wp-block-button carousel-control-prev\"><button type=\"button\" class=\"wp-block-button__link wp-element-button\">Prev<\/button><\/div>\n        \n\n            <div class=\"wp-block-button carousel-control-next\"><button type=\"button\" class=\"wp-block-button__link wp-element-button\">Next<\/button><\/div>\n        <\/div>\n\n        \n<div class=\"wp-block-buttons load-more-actions-container is-content-justification-center is-layout-flex wp-container-core-buttons-is-layout-16018d1d wp-block-buttons-is-layout-flex\">\n                <div class=\"wp-block-button is-style-secondary\"><button type=\"button\" class=\"wp-block-button__link wp-element-button\">Nalo\u017ei ve\u010d<\/button><\/div>\n            \n<\/div>\n<\/div>\n        \n    <div class=\"wp-block-query posts-list p4-query-loop is-custom-layout-list is-layout-flow wp-block-query-is-layout-flow\">\n        <div class=\"wp-block-group is-content-justification-space-between is-layout-flex wp-container-core-group-is-layout-3d213aab wp-block-group-is-layout-flex\"><h2 class=\"wp-block-heading\">Sorodni \u010dlanki<\/h2>\n        <li class=\" wp-block-navigation-item see-all-link wp-block-navigation-link\"><a class=\"wp-block-navigation-item__content\"  href=\"http:\/\/www.greenpeace.org\/slovenia\/news-stories\/?tag=greenpeace\"><span class=\"wp-block-navigation-item__label\">See all stories<\/span><\/a><\/li>\n        \n        <\/div>\n        \n\n    <p style=\"margin-top: 24px; margin-bottom: 36px;\"><\/p>\n\n    \n\n    <ul class=\"wp-block-post-template is-layout-flow wp-block-post-template-is-layout-flow\"><li class=\"wp-block-post post-78671 post type-post status-publish format-standard has-post-thumbnail hentry category-o-nas tag-greenpeace p4-page-type-blog\">\n            \n<div class=\"wp-block-columns is-layout-flex wp-container-core-columns-is-layout-9d6595d7 wp-block-columns-is-layout-flex\"><figure class=\"wp-block-post-featured-image\"><a href=\"https:\/\/www.greenpeace.org\/slovenia\/blog\/78671\/kako-podariti-1-dohodnine-greenpeace-slovenija\/\" target=\"_self\"  ><img loading=\"lazy\" decoding=\"async\" width=\"1500\" height=\"520\" src=\"https:\/\/www.greenpeace.org\/static\/planet4-slovenia-stateless\/2025\/08\/bfad38e1-si-fr-tax-ads-blog-banner.jpg\" class=\"attachment-post-thumbnail size-post-thumbnail wp-post-image wp-stateless-item\" alt=\"Kako podariti 1 % dohodnine?\" style=\"object-fit:cover;\" srcset=\"https:\/\/www.greenpeace.org\/static\/planet4-slovenia-stateless\/2025\/08\/bfad38e1-si-fr-tax-ads-blog-banner.jpg 1500w, https:\/\/www.greenpeace.org\/static\/planet4-slovenia-stateless\/2025\/08\/bfad38e1-si-fr-tax-ads-blog-banner-300x104.jpg 300w, https:\/\/www.greenpeace.org\/static\/planet4-slovenia-stateless\/2025\/08\/bfad38e1-si-fr-tax-ads-blog-banner-1024x355.jpg 1024w, https:\/\/www.greenpeace.org\/static\/planet4-slovenia-stateless\/2025\/08\/bfad38e1-si-fr-tax-ads-blog-banner-768x266.jpg 768w, https:\/\/www.greenpeace.org\/static\/planet4-slovenia-stateless\/2025\/08\/bfad38e1-si-fr-tax-ads-blog-banner-510x177.jpg 510w\" sizes=\"auto, (max-width: 1500px) 100vw, 1500px\" data-image-size=\"post-thumbnail\" data-stateless-media-bucket=\"planet4-slovenia-stateless\" data-stateless-media-name=\"2025\/08\/bfad38e1-si-fr-tax-ads-blog-banner.jpg\" \/><\/a><\/figure>\n\n        <div class=\"wp-block-group is-layout-flow wp-block-group-is-layout-flow\">\n                <div class=\"wp-block-group is-layout-flex wp-block-group-is-layout-flex\"><div class=\"wp-block-post-terms\"><a href=\"https:\/\/www.greenpeace.org\/slovenia\/category\/o-nas\/\">O nas<\/a><\/div>\n                <div class=\"taxonomy-post_tag wp-block-post-terms\"><a href=\"https:\/\/www.greenpeace.org\/slovenia\/tag\/greenpeace\/\" rel=\"tag\">Greenpeace<\/a><\/div>\n                \n                <\/div>\n                \n        <h3 class=\"wp-block-post-title\"><a href=\"https:\/\/www.greenpeace.org\/slovenia\/blog\/78671\/kako-podariti-1-dohodnine-greenpeace-slovenija\/\" target=\"_self\" >Kako podariti 1 % dohodnine?<\/a><\/h3>\n        <div class=\"wp-block-post-excerpt\"><p class=\"wp-block-post-excerpt__excerpt\">Podprite na\u0161e delo z namenitvijo 1 % dohodnine <\/p><\/div>\n        \n        <div class=\"wp-block-group posts-list-meta is-layout-flow wp-block-group-is-layout-flow\"><span class='article-list-item-author'>Greenpeace Slovenija<\/span>\n        <div class=\"wp-block-post-date\"><time datetime=\"2025-11-24T10:38:29+01:00\">24 novembra, 2025<\/time><\/div>\n        \n        <\/div>\n        <\/div>\n        <\/div>\n\n            <\/li><li class=\"wp-block-post post-78533 post type-post status-publish format-standard has-post-thumbnail hentry category-o-nas tag-aktivizem tag-greenpeace p4-page-type-sporocilo-za-javnost\">\n            \n<div class=\"wp-block-columns is-layout-flex wp-container-core-columns-is-layout-9d6595d7 wp-block-columns-is-layout-flex\"><figure class=\"wp-block-post-featured-image\"><a href=\"https:\/\/www.greenpeace.org\/slovenia\/sporocilo-za-javnost\/78533\/gaza-izjava-greenpeace-slovenija\/\" target=\"_self\"  ><img loading=\"lazy\" decoding=\"async\" width=\"1080\" height=\"1080\" src=\"https:\/\/www.greenpeace.org\/static\/planet4-slovenia-stateless\/2025\/10\/aa6a514e-gp_logo_palestine.jpg\" class=\"attachment-post-thumbnail size-post-thumbnail wp-post-image wp-stateless-item\" alt=\"Gaza &#8211; izjava Greenpeace Slovenija\" style=\"object-fit:cover;\" srcset=\"https:\/\/www.greenpeace.org\/static\/planet4-slovenia-stateless\/2025\/10\/aa6a514e-gp_logo_palestine.jpg 1080w, https:\/\/www.greenpeace.org\/static\/planet4-slovenia-stateless\/2025\/10\/aa6a514e-gp_logo_palestine-300x300.jpg 300w, https:\/\/www.greenpeace.org\/static\/planet4-slovenia-stateless\/2025\/10\/aa6a514e-gp_logo_palestine-1024x1024.jpg 1024w, https:\/\/www.greenpeace.org\/static\/planet4-slovenia-stateless\/2025\/10\/aa6a514e-gp_logo_palestine-150x150.jpg 150w, https:\/\/www.greenpeace.org\/static\/planet4-slovenia-stateless\/2025\/10\/aa6a514e-gp_logo_palestine-768x768.jpg 768w, https:\/\/www.greenpeace.org\/static\/planet4-slovenia-stateless\/2025\/10\/aa6a514e-gp_logo_palestine-340x340.jpg 340w\" sizes=\"auto, (max-width: 1080px) 100vw, 1080px\" data-image-size=\"post-thumbnail\" data-stateless-media-bucket=\"planet4-slovenia-stateless\" data-stateless-media-name=\"2025\/10\/aa6a514e-gp_logo_palestine.jpg\" \/><\/a><\/figure>\n\n        <div class=\"wp-block-group is-layout-flow wp-block-group-is-layout-flow\">\n                <div class=\"wp-block-group is-layout-flex wp-block-group-is-layout-flex\"><div class=\"wp-block-post-terms\"><a href=\"https:\/\/www.greenpeace.org\/slovenia\/category\/o-nas\/\">O nas<\/a><\/div>\n                <div class=\"taxonomy-post_tag wp-block-post-terms\"><a href=\"https:\/\/www.greenpeace.org\/slovenia\/tag\/aktivizem\/\" rel=\"tag\">Aktivizem<\/a><span class=\"wp-block-post-terms__separator\"> <\/span><a href=\"https:\/\/www.greenpeace.org\/slovenia\/tag\/greenpeace\/\" rel=\"tag\">Greenpeace<\/a><\/div>\n                \n                <\/div>\n                \n        <h3 class=\"wp-block-post-title\"><a href=\"https:\/\/www.greenpeace.org\/slovenia\/sporocilo-za-javnost\/78533\/gaza-izjava-greenpeace-slovenija\/\" target=\"_self\" >Gaza &#8211; izjava Greenpeace Slovenija<\/a><\/h3>\n        <div class=\"wp-block-post-excerpt\"><p class=\"wp-block-post-excerpt__excerpt\">Greenpeace Slovenija izra\u017ea globoko solidarnost z ljudmi v Gazi, ki so ujeti v spirali nasilja, lakote in etni\u010dnega \u010di\u0161\u010denja. <\/p><\/div>\n        \n        <div class=\"wp-block-group posts-list-meta is-layout-flow wp-block-group-is-layout-flow\"><span class='article-list-item-author'>Greenpeace Slovenija<\/span>\n        <div class=\"wp-block-post-date\"><time datetime=\"2025-10-03T14:01:24+02:00\">3 oktobra, 2025<\/time><\/div>\n        \n        <\/div>\n        <\/div>\n        <\/div>\n\n            <\/li><li class=\"wp-block-post post-53068 post type-post status-publish format-standard has-post-thumbnail hentry category-o-nas tag-aktivizem tag-greenpeace p4-page-type-blog\">\n            \n<div class=\"wp-block-columns is-layout-flex wp-container-core-columns-is-layout-9d6595d7 wp-block-columns-is-layout-flex\"><figure class=\"wp-block-post-featured-image\"><a href=\"https:\/\/www.greenpeace.org\/slovenia\/blog\/53068\/mednarodni-dan-miru-2025\/\" target=\"_self\"  ><img loading=\"lazy\" decoding=\"async\" width=\"2047\" height=\"1330\" src=\"https:\/\/www.greenpeace.org\/static\/planet4-slovenia-stateless\/2025\/09\/04b158ab-gp04tej-scaled-e1758307896578.jpg\" class=\"attachment-post-thumbnail size-post-thumbnail wp-post-image wp-stateless-item\" alt=\"Mednarodni dan miru 2025\" style=\"object-fit:cover;\" srcset=\"https:\/\/www.greenpeace.org\/static\/planet4-slovenia-stateless\/2025\/09\/04b158ab-gp04tej-scaled-e1758307896578.jpg 2047w, https:\/\/www.greenpeace.org\/static\/planet4-slovenia-stateless\/2025\/09\/04b158ab-gp04tej-scaled-e1758307896578-300x195.jpg 300w, https:\/\/www.greenpeace.org\/static\/planet4-slovenia-stateless\/2025\/09\/04b158ab-gp04tej-scaled-e1758307896578-1024x665.jpg 1024w, https:\/\/www.greenpeace.org\/static\/planet4-slovenia-stateless\/2025\/09\/04b158ab-gp04tej-scaled-e1758307896578-768x499.jpg 768w, https:\/\/www.greenpeace.org\/static\/planet4-slovenia-stateless\/2025\/09\/04b158ab-gp04tej-scaled-e1758307896578-1536x998.jpg 1536w, https:\/\/www.greenpeace.org\/static\/planet4-slovenia-stateless\/2025\/09\/04b158ab-gp04tej-scaled-e1758307896578-510x331.jpg 510w\" sizes=\"auto, (max-width: 2047px) 100vw, 2047px\" data-image-size=\"post-thumbnail\" data-stateless-media-bucket=\"planet4-slovenia-stateless\" data-stateless-media-name=\"2025\/09\/04b158ab-gp04tej-scaled-e1758307896578.jpg\" \/><\/a><\/figure>\n\n        <div class=\"wp-block-group is-layout-flow wp-block-group-is-layout-flow\">\n                <div class=\"wp-block-group is-layout-flex wp-block-group-is-layout-flex\"><div class=\"wp-block-post-terms\"><a href=\"https:\/\/www.greenpeace.org\/slovenia\/category\/o-nas\/\">O nas<\/a><\/div>\n                <div class=\"taxonomy-post_tag wp-block-post-terms\"><a href=\"https:\/\/www.greenpeace.org\/slovenia\/tag\/aktivizem\/\" rel=\"tag\">Aktivizem<\/a><span class=\"wp-block-post-terms__separator\"> <\/span><a href=\"https:\/\/www.greenpeace.org\/slovenia\/tag\/greenpeace\/\" rel=\"tag\">Greenpeace<\/a><\/div>\n                \n                <\/div>\n                \n        <h3 class=\"wp-block-post-title\"><a href=\"https:\/\/www.greenpeace.org\/slovenia\/blog\/53068\/mednarodni-dan-miru-2025\/\" target=\"_self\" >Mednarodni dan miru 2025<\/a><\/h3>\n        <div class=\"wp-block-post-excerpt\"><p class=\"wp-block-post-excerpt__excerpt\">Danes obele\u017eujemo Mednarodni dan miru. Dan, ko bi morali slaviti mir po svetu in zreti v prihodnost, kjer ljudje \u017eivimo v medsebojni solidarnosti, brez vojn in nasilja. Toda ta dan tudi letos prihaja v \u010dasu, ko je mir dale\u010d od resni\u010dnosti. <\/p><\/div>\n        \n        <div class=\"wp-block-group posts-list-meta is-layout-flow wp-block-group-is-layout-flow\"><span class='article-list-item-author'>Ines Kavgi\u0107, Greenpeace<\/span>\n        <div class=\"wp-block-post-date\"><time datetime=\"2025-09-21T08:53:00+02:00\">21 septembra, 2025<\/time><\/div>\n        \n        <\/div>\n        <\/div>\n        <\/div>\n\n            <\/li><\/ul>\n\n    \n<div class=\"wp-block-buttons carousel-controls is-horizontal is-content-justification-space-between is-nowrap is-layout-flex wp-container-core-buttons-is-layout-044bd602 wp-block-buttons-is-layout-flex\">\n            <div class=\"wp-block-button carousel-control-prev\"><button type=\"button\" class=\"wp-block-button__link wp-element-button\">Prev<\/button><\/div>\n        \n\n            <div class=\"wp-block-button carousel-control-next\"><button type=\"button\" class=\"wp-block-button__link wp-element-button\">Next<\/button><\/div>\n        <\/div>\n\n\n    <li class=\" wp-block-navigation-item see-all-link wp-block-navigation-link\"><a class=\"wp-block-navigation-item__content\"  href=\"http:\/\/www.greenpeace.org\/slovenia\/news-stories\/?tag=greenpeace\"><span class=\"wp-block-navigation-item__label\">See all stories<\/span><\/a><\/li><\/div>\n    \n    <div class=\"wp-block-query posts-list p4-query-loop is-custom-layout-grid is-layout-grid wp-container-core-query-is-layout-b8bb0bd1 wp-block-query-is-layout-grid\">\n        <div class=\"wp-block-group is-content-justification-space-between is-layout-flex wp-container-core-group-is-layout-3d213aab wp-block-group-is-layout-flex\"><h2 class=\"wp-block-heading\">Publications<\/h2>\n        <li class=\" wp-block-navigation-item see-all-link wp-block-navigation-link\"><a class=\"wp-block-navigation-item__content\"  href=\"http:\/\/www.greenpeace.org\/slovenia\/news-stories\/?tag=greenpeace&#038;post-type=\"><span class=\"wp-block-navigation-item__label\">See all stories<\/span><\/a><\/li>\n        \n        <\/div>\n        \n\n    <p style=\"margin-top: 24px; margin-bottom: 36px;\"><\/p>\n\n    <div class=\"wp-block-query-no-results\">\n        <p style=\"\">No posts found.<\/p>\n        <\/div>\n\n    \n\n    \n<div class=\"wp-block-buttons carousel-controls is-horizontal is-content-justification-space-between is-nowrap is-layout-flex wp-container-core-buttons-is-layout-044bd602 wp-block-buttons-is-layout-flex\">\n            <div class=\"wp-block-button carousel-control-prev\"><button type=\"button\" class=\"wp-block-button__link wp-element-button\">Prev<\/button><\/div>\n        \n\n            <div class=\"wp-block-button carousel-control-next\"><button type=\"button\" class=\"wp-block-button__link wp-element-button\">Next<\/button><\/div>\n        <\/div>\n\n\n    <li class=\" wp-block-navigation-item see-all-link wp-block-navigation-link\"><a class=\"wp-block-navigation-item__content\"  href=\"http:\/\/www.greenpeace.org\/slovenia\/news-stories\/?tag=greenpeace&#038;post-type=\"><span class=\"wp-block-navigation-item__label\">See all stories<\/span><\/a><\/li><\/div>\n    <div data-render=\"planet4-blocks\/happypoint\" data-attributes=\"{&quot;attributes&quot;:{&quot;mailing_list_iframe&quot;:true,&quot;opacity&quot;:30,&quot;override_default_content&quot;:false,&quot;local_content_provider&quot;:&quot;none&quot;}}\"><\/div>","protected":false},"excerpt":{"rendered":"<p>Greenpeace obstaja zato, ker na\u0161a krhka Zemlja potrebuje glas. Potrebuje re\u0161itve. Potrebuje spremembe. Potrebuje akcijo. Greenpeace po vsem svetu zdru\u017euje posameznike, ki jim ni vseeno za svet okoli nas in \u017eelijo aktivno prispevati k pozitivnim spremembam tako v svojem lokalnem okolju kot na svetovni ravni.<\/p>\n","protected":false},"author":23,"featured_media":0,"parent":0,"menu_order":0,"comment_status":"closed","ping_status":"closed","template":"","meta":{"ep_exclude_from_search":false,"p4_hide_page_title_checkbox":"","p4_title":"","p4_subtitle":"","p4_description":"","background_image_id":"","background_image":"","p4_button_title":"","p4_button_link":"","p4_button_link_checkbox":"","p4_og_title":"","p4_og_description":"","p4_og_image":"","p4_og_image_id":"","p4_seo_canonical_url":"","p4_campaign_name":"not set","p4_local_project":"not set","p4_basket_name":"not set","p4_department":"","footnotes":""},"categories":[],"tags":[],"class_list":["post-49028","page","type-page","status-publish","hentry"],"_links":{"self":[{"href":"https:\/\/www.greenpeace.org\/slovenia\/wp-json\/wp\/v2\/pages\/49028","targetHints":{"allow":["GET"]}}],"collection":[{"href":"https:\/\/www.greenpeace.org\/slovenia\/wp-json\/wp\/v2\/pages"}],"about":[{"href":"https:\/\/www.greenpeace.org\/slovenia\/wp-json\/wp\/v2\/types\/page"}],"author":[{"embeddable":true,"href":"https:\/\/www.greenpeace.org\/slovenia\/wp-json\/wp\/v2\/users\/23"}],"replies":[{"embeddable":true,"href":"https:\/\/www.greenpeace.org\/slovenia\/wp-json\/wp\/v2\/comments?post=49028"}],"version-history":[{"count":13,"href":"https:\/\/www.greenpeace.org\/slovenia\/wp-json\/wp\/v2\/pages\/49028\/revisions"}],"predecessor-version":[{"id":79139,"href":"https:\/\/www.greenpeace.org\/slovenia\/wp-json\/wp\/v2\/pages\/49028\/revisions\/79139"}],"wp:attachment":[{"href":"https:\/\/www.greenpeace.org\/slovenia\/wp-json\/wp\/v2\/media?parent=49028"}],"wp:term":[{"taxonomy":"category","embeddable":true,"href":"https:\/\/www.greenpeace.org\/slovenia\/wp-json\/wp\/v2\/categories?post=49028"},{"taxonomy":"post_tag","embeddable":true,"href":"https:\/\/www.greenpeace.org\/slovenia\/wp-json\/wp\/v2\/tags?post=49028"}],"curies":[{"name":"wp","href":"https:\/\/api.w.org\/{rel}","templated":true}]}}