{"id":49867,"date":"2022-03-21T08:35:00","date_gmt":"2022-03-21T08:35:00","guid":{"rendered":"https:\/\/www.greenpeace.org\/slovenia\/?page_id=49867"},"modified":"2025-07-02T09:41:17","modified_gmt":"2025-07-02T07:41:17","slug":"prepovejmo-oglasevanje-in-sponzorstvo-fosilnih-goriv","status":"publish","type":"page","link":"https:\/\/www.greenpeace.org\/slovenia\/prepovejmo-oglasevanje-in-sponzorstvo-fosilnih-goriv\/","title":{"rendered":"Prepovejmo ogla\u0161evanje in sponzorstvo fosilnih goriv"},"content":{"rendered":"\n                \n                <div class=\"wp-block-group alignfull is-layout-flow wp-block-group-is-layout-flow\">\n                \n                <div class=\"wp-block-group container is-layout-flow wp-block-group-is-layout-flow\">\n                \n                <div class=\"wp-block-media-text alignfull has-media-on-the-right is-stacked-on-mobile is-pattern-p4-page-header is-style-parallax\">\n\n                <div class=\"wp-block-media-text__content\">\n                    <div class=\"wp-block-group is-layout-flow wp-block-group-is-layout-flow\">\n                    \n                        <h1 class=\"wp-block-heading has-white-background-color has-background\">\n                            Zakaj je prepoved ogla\u0161evanja in sponzorstev fosilnih goriv tako pomembna?\n                        <\/h1>\n                    <\/div>\n                \n\n                \n\n                \n                        <div class=\"wp-block-buttons is-layout-flex wp-block-buttons-is-layout-flex\">\n                            \n                        <\/div>\n                        <div class=\"wp-block-button is-style-cta\">\n                            <a class=\"wp-block-button__link wp-element-button\" href=\"https:\/\/act.greenpeace.si\/fossilfueleci\" target=\"_blank\" rel=\"noreferrer noopener\">\n                                PODPI\u0160I PETICIJO\n                            <\/a>\n                        <\/div>\n                    \n\n                <\/div>\n                <figure class=\"wp-block-media-text__media\">\n                    <img loading=\"lazy\" decoding=\"async\" width=\"1400\" height=\"892\"\n                        src=\"https:\/\/www.greenpeace.org\/static\/planet4-slovenia-stateless\/2021\/10\/3355f2a2-bg-image-no-red.png\"\n                        alt=\"\"\n                        sizes=\"auto, (min-width: 601px) 50vw, 100vw\" srcset=\"https:\/\/www.greenpeace.org\/static\/planet4-slovenia-stateless\/2021\/10\/3355f2a2-bg-image-no-red.png 1400w, https:\/\/www.greenpeace.org\/static\/planet4-slovenia-stateless\/2021\/10\/3355f2a2-bg-image-no-red-300x191.png 300w, https:\/\/www.greenpeace.org\/static\/planet4-slovenia-stateless\/2021\/10\/3355f2a2-bg-image-no-red-1024x652.png 1024w, https:\/\/www.greenpeace.org\/static\/planet4-slovenia-stateless\/2021\/10\/3355f2a2-bg-image-no-red-768x489.png 768w, https:\/\/www.greenpeace.org\/static\/planet4-slovenia-stateless\/2021\/10\/3355f2a2-bg-image-no-red-510x325.png 510w\" class=\"wp-image-49250 size-full\"\n                    \/>\n                <\/figure>\n                <\/div>\n                \n                <\/div>\n                \n                <\/div>\n                \n                \n<p>Peticiji se lahko pridru\u017eite <a rel=\"noreferrer noopener\" href=\"https:\/\/act.greenpeace.si\/fossilfueleci\" target=\"_blank\">tukaj<\/a>. V kolikor vas zanima ve\u010d o tej prepovedi ali pa imate dodatna vpra\u0161anja glede va\u0161e podpore, vas vabimo k ogledu spodnjih odstavkov:<\/p>\n\n<h2 class=\"wp-block-heading\"><strong>Zakaj je pomembna ta prepoved?<\/strong><\/h2>\n\n<p>Nahajamo se v podnebni krizi, ki povzro\u010da najve\u010djo krizo \u010dlovekovih pravic na globalni ravni doslej. Po zadnjem pretresljivem poro\u010dilu IPCC nas je generalni sekretar OZN Ant\u00f3nio Guterres opozoril, da smo \u00bbzvoni rde\u010di alarm za \u010dlove\u0161tvo\u00ab. [1] \u0160tevilne skupnosti, zlasti v Afriki, Aziji in Latinski Ameriki, se \u0161e soo\u010dajo z uni\u010dujo\u010dimi posledicami vse pogostej\u0161ih in intenzivnej\u0161ih su\u0161, poplav, ciklonov in nara\u0161\u010dajo\u010de gladine oceanov, ki so dosegle tudi Evropo. Podjetja fosilnih goriv \u017ee&nbsp;<a href=\"https:\/\/www.greenpeace.org\/usa\/ending-the-climate-crisis\/exxon-and-the-oil-industry-knew-about-climate-change\/exxons-climate-denial-history-a-timeline\/?__hstc=250926169.1f5e4297d0cef67a06a877e068968a75.1658392402389.1658392402389.1658392402389.1&amp;__hssc=250926169.1.1658392402390&amp;__hsfp=1279015316\">od leta 1957<\/a>&nbsp;vedo, da lahko kurjenje fosilnih goriv povi\u0161a raven CO<sub>2<\/sub>&nbsp;v ozra\u010dju. Podjetja, kot sta Total Energies in Royal Dutch Shell, ki sodita med 20 najhuj\u0161ih onesna\u017eevalcev z ogljikom na svetu med podjetji za pridobivanje fosilnih goriv, po podatkih In\u0161tituta za podnebno odgovornost \u0161e naprej promovirajo svoje nevarne dejavnosti z oglasi in sponzorstvi.<\/p>\n\n<p>[1] Climate change: IPCC report is &#8216;code red for humanity&#8217; (\u00bbPodnebne spremembe: poro\u010dilo IPCC je &#8216;rde\u010di alarm za \u010dlove\u0161tvo&#8217;\u00ab); 2021&nbsp;<a href=\"https:\/\/www.bbc.co.uk\/news\/science-environment-58130705\">https:\/\/www.bbc.co.uk\/news\/science-environment-58130705<\/a><\/p>\n\n<section class=\"block accordion-block wp-block-planet4-blocks-accordion\"><div class=\"accordion-content\"><div class=\"accordion-headline\" name=\"1. Ogla\u0161evanje fosilnih goriv lahko spodbudi pove\u010danje emisij\">1. Ogla\u0161evanje fosilnih goriv lahko spodbudi pove\u010danje emisij<\/div><div class=\"panel panel-hidden\"><p class=\"accordion-text\">Oglasi za izdelke iz fosilnih goriv, kot so prevozna sredstva na fosilna goriva, namenoma pove\u010dujejo prodajo proizvodov iz fosilnih goriv, ki pove\u010dujejo emisije toplogrednih plinov. \u0160tudija primera ene same ogla\u0161evalske kampanje podjetja <a href=\"https:\/\/greatreset.com\/files\/Ecoffectiveness.pdf\">Audi<\/a> je pokazala, da se je prodaja zaradi ogla\u0161evanja pove\u010dala za do 132.700 avtomobilov. Ko to pomno\u017eimo z oglji\u010dnim odtisom na prodano vozilo, pridemo do skupnega pove\u010danja emisij toplogrednih plinov za 5.175.300 ton ekvivalenta ogljikovega dioksida (CO2) samo na ra\u010dun te ogla\u0161evalske kampanje. To moramo ustaviti.<\/p><\/div><\/div><div class=\"accordion-content\"><div class=\"accordion-headline\" name=\"2. Podjetja, ki se ukvarjajo s fosilnimi gorivi, proizvajalci avtomobilov, letalski prevozniki in pomorska podjetja pogosto zavajajo javnost, tako da se predstavljajo kot podnebju prijazna\">2. Podjetja, ki se ukvarjajo s fosilnimi gorivi, proizvajalci avtomobilov, letalski prevozniki in pomorska podjetja pogosto zavajajo javnost, tako da se predstavljajo kot podnebju prijazna<\/div><div class=\"panel panel-hidden\"><p class=\"accordion-text\">\u0160tevilna podjetja za pridobivanje fosilnih goriv v svojih oglasih poudarjajo podnebju prijazne izdelke, s \u010dimer zavajajo glede dejanskega obsega njihovih investicij v obnovljive ali zelene tehnologije. Lansko leto so pri okoljski organizaciji ClientEarth uspe\u0161no izpodbijali oglas dru\u017ebe BP o obnovljivi energiji, saj so ugotovili, da podjetje <a href=\"https:\/\/www.clientearth.org\/latest\/latest-updates\/news\/bp-pulls-advertising-campaign-just-months-after-our-legal-complaint\/\">96 odstotkov sredstev<\/a> porabi za nafto in zemeljski plin. Podobno je tudi Volkswagen, drugi najve\u010dji proizvajalec avtomobilov na svetu, ogromno vlo\u017eil v drago ogla\u0161evanje svojega najnovej\u0161ega elektri\u010dnega avtomobila med evropskim nogometnim prvenstvom. V resnici so popolnoma elektri\u010dni manj kot trije odstotki avtomobilov tega podjetja. Tak\u0161ni oglasi zavajajo javnost, da so visoko oglji\u010dno intenzivna podjetja zelena, \u010deprav so \u0161tevilna med njimi mo\u010dno odvisna od fosilnih goriv ali pa si, na primer, \u0161e naprej prizadevajo za dovoljenje za vrtanje dodatne nafte <a href=\"https:\/\/seekingalpha.com\/news\/3709216-equinor-wins-two-arctic-oil-exploration-permits-from-norway-government\">na Arktiki<\/a>. Ta podjetja, ki uni\u010dujejo podnebje, ne bi smela imeti javne platforme, \u010de zavestno dodatno poglabljajo podnebno katastrofo.<\/p><\/div><\/div><div class=\"accordion-content\"><div class=\"accordion-headline\" name=\"3. Podjetja fosilnih goriv izkori\u0161\u010dajo oglase in sponzorske pogodbe za promoviranje la\u017enih re\u0161itev\">3. Podjetja fosilnih goriv izkori\u0161\u010dajo oglase in sponzorske pogodbe za promoviranje la\u017enih re\u0161itev<\/div><div class=\"panel panel-hidden\"><p class=\"accordion-text\">Podjetja, ki se ukvarjajo s fosilnimi gorivi, uporabljajo oglase in sponzorske pogodbe za promoviranje la\u017enih re\u0161itev za podnebno krizo, kot so fosilni plini, fosilni vodik, bioenergija ter zajemanje in shranjevanje ogljika (angl. carbon capture and storage; CCS). Organizacija Influence Map je <a href=\"https:\/\/www.channel4.com\/news\/revealed-facebook-received-millions-for-ads-promoting-fossil-fuel\">v svoji preiskavi<\/a> ugotovila, da so podjetja, ki se ukvarjajo s fosilnimi gorivi, pla\u010dala Facebooku ve\u010d kot 9,5 milijona dolarjev za oglase, v katerih so promovirala plin kot \u00bbzeleno\u00ab gorivo in trdila, da je fosilni plin koristen za podnebje. Tovrstne la\u017ene re\u0161itve so nevarne, saj odvra\u010dajo pozornost od resni\u010dnih re\u0161itev, ki jih potrebujemo, kot so obnovljivi viri energije, zato moramo podjetjem fosilnih goriv prepre\u010diti, da z njihovim ogla\u0161evanjem zavajajo in odvra\u010dajo pozornost javnosti in politikov.<\/p><\/div><\/div><div class=\"accordion-content\"><div class=\"accordion-headline\" name=\"4. Politi\u010dni dostop\">4. Politi\u010dni dostop<\/div><div class=\"panel panel-hidden\"><p class=\"accordion-text\">Podjetja, ki se ukvarjajo s fosilnimi gorivi lahko uporabljajo sponzorstva za pridobivanje dostopa do politi\u010dnih odlo\u010devalcev in dru\u017ebene legitimnosti.<br>Podjetja, ki se ukvarjajo s fosilnimi gorivi, in avtomobilska podjetja so bila uradni sponzorji rotacijskega predsedovanja Svetu Evropske unije, kjer se sestajajo ministri dr\u017eav \u010dlanic. Podjetji Porsche in Audi, oba v lasti Volkswagna, sta bila leta 2018 sponzorja <a href=\"https:\/\/www.eu2018.at\/presidency-austria\/partners.html\">avstrijskega predsedovanja<\/a>, BMW pa je leta 2019 sponzoriral <a href=\"https:\/\/euobserver.com\/institutional\/145471\">finsko predsedovanje<\/a>. Istega leta sta <a href=\"https:\/\/www.romania2019.eu\/partners\/\">romunsko predsedovanje<\/a> sponzorirala Renault in Mercedes, pa tudi proizvajalca fosilnih goriv OMV Petrom in Enel. <a href=\"https:\/\/eu2020.hr\/Home\/Custom?code=Sponsors\">Hrva\u0161ko predsedovanje<\/a> leta 2020 sta sponzorirali avtomobilski podjetji Citroen in Peugeot, pa tudi naftno podjetje INA.<br>V Veliki Britaniji so pri <a href=\"https:\/\/unearthed.greenpeace.org\/2016\/05\/04\/bp-public-arts-uk-further-oil-plans-in-mexico-and-australia\/\">publikaciji Unearthed<\/a> v raziskavi ugotovili, da je podjetje BP svojo sponzorsko pogodbo z Britanskim muzejem in konkretno razstavo \u00bbDan mrtvih\u00ab izkoristila za to, da je promovirala svoje na\u010drte pridobivanje nafte v Mehiki in Avstraliji. Te ugotovitve so v nasprotju s trditvami nekdanjega izvr\u0161nega direktorja podjetja BP Boba Dudleya, da umetnost podpirajo \u00bbbrez vezane trgovine\u00ab.<\/p><\/div><\/div><div class=\"accordion-content\"><div class=\"accordion-headline\" name=\"5. Fosilna goriva vplivajo na onesna\u017eenost zraka, ki ubija ljudi\">5. Fosilna goriva vplivajo na onesna\u017eenost zraka, ki ubija ljudi<\/div><div class=\"panel panel-hidden\"><p class=\"accordion-text\">Onesna\u017eenje zraka zaradi kurjenja fosilnih goriv je leta 2018 po ocenah povzro\u010dilo <a href=\"https:\/\/www.sciencedirect.com\/science\/article\/abs\/pii\/S0013935121000487\">8,7 milijona smrti<\/a> po vsem svetu, kar je ve\u010d, kot je bilo <a href=\"https:\/\/www.who.int\/news-room\/fact-sheets\/detail\/tobacco\">smrti, povezanih z uporabo toba\u010dnih izdelkov<\/a>. \u010ce fosilna goriva povzro\u010dajo smrti zaradi onesna\u017eenega zraka in na druge na\u010dine, zakaj je \u0161e vedno sprejemljivo, da lahko podjetja, ki se ukvarjajo s fosilnimi gorivi, javno ogla\u0161ujejo? EU je prepovedala ogla\u0161evanje in sponzorstvo toba\u010dnih podjetij, zato bi morala biti prepoved ogla\u0161evanja in sponzorstva podjetij fosilnih goriv samoumevna.<\/p><\/div><\/div><div class=\"accordion-content\"><div class=\"accordion-headline\" name=\"6. Podnebna kriza vpliva na \u010dlovekove pravice, in nekatera podjetja, ki se ukvarjajo s fosilnimi gorivi, so bila obto\u017eena zlo\u010dinov proti skupnostim\">6. Podnebna kriza vpliva na \u010dlovekove pravice, in nekatera podjetja, ki se ukvarjajo s fosilnimi gorivi, so bila obto\u017eena zlo\u010dinov proti skupnostim<\/div><div class=\"panel panel-hidden\"><p class=\"accordion-text\"><a href=\"https:\/\/www.amnesty.org.uk\/what-has-climate-crisis-got-do-human-rights\">Podnebna kriza vpliva na \u010dlovekove pravice<\/a>, in sicer na pravice ljudi do \u017eivljenja, hrane, primernih bivalnih razmer in vode, sanitarij in zdravja. Z zaostrovanjem podnebne krize lahko pri\u010dakujemo vse ve\u010dje \u0161tevilo smrti, lakote in prisilnih preseljevanj, pri \u010demer je jasno, da podjetja, ki uporabljajo fosilna goriva, krizo samo \u0161e pove\u010dujejo. Nekatera podjetja, ki se ukvarjajo s fosilnimi gorivi, so poleg tega pod drobnogledom zaradi domnevne vpletenosti v kr\u0161itve \u010dlovekovih pravic. Organizacija Amnesty International je <a href=\"https:\/\/www.amnesty.org\/en\/latest\/press-release\/2017\/11\/investigate-shell-for-complicity-in-murder-rape-and-torture\/\">pozvala dr\u017eave<\/a>, naj razi\u0161\u010dejo podjetje Shell glede <a href=\"https:\/\/www.amnesty.org\/en\/latest\/news\/2020\/02\/nigeria-2020-could-be-shell-year-of-reckoning\/\">treh aktualnih sodnih postopkov<\/a>, ki preiskujejo vpletenost tega podjetja v nezakonite aretacije, pridr\u017eanja in usmrtitve, ali pa zahtevajo od\u0161kodnine za razlitja nafte ter za sistemsko, stalno onesna\u017eevanje z nafto. Podjetje Shell vse te trditve zanika. Podjetje Total Energies je bilo obto\u017eeno razseljevanja skupnosti in financiranja voja\u0161kih diktatur, kar pri podjetju zanikajo. Ali je pri teh hudih obto\u017ebah in dokazih, da podnebna kriza vpliva na \u010dlovekove pravice, odgovorno dovoliti javno ogla\u0161evanje podjetjem, ki so odgovorna za podnebno krizo in krizo \u010dlovekovih pravic.<\/p><\/div><\/div><div class=\"accordion-content\"><div class=\"accordion-headline\" name=\"7. Trditve podjetij fosilnih goriv o poravnavi oglji\u010dnih emisij prikrivajo njihovo neaktivnost na podro\u010dju podnebja in bodo povzro\u010dile veliko \u0161kodo\">7. Trditve podjetij fosilnih goriv o poravnavi oglji\u010dnih emisij prikrivajo njihovo neaktivnost na podro\u010dju podnebja in bodo povzro\u010dile veliko \u0161kodo<\/div><div class=\"panel panel-hidden\"><p class=\"accordion-text\">\u0160tevilna podjetja, ki se ukvarjajo s fosilnimi gorivi, so objavila nejasne in dolgoro\u010dne podnebne cilje \u00bbni\u010delnih neto emisij do leta 2050\u00ab, kar se morda sli\u0161i ambiciozno, a zahteva <a href=\"https:\/\/actionaid.org\/publications\/2020\/not-zero-how-net-zero-targets-disguise-climate-inaction\">le malo dejanskih sprememb<\/a>. Namesto da bi prenehala s pridobivanjem in kurjenjem fosilnih goriv, tovrstni cilji \u00bbni\u010delnih neto emisij do leta 2050\u00ab fosilnih podjetij temeljijo na na\u010drtih za nakup ogromnih koli\u010din dobropisov za ogljik za poravnavo svojih emisij. S poravnavo emisij ogljika v takem obsegu naj bi ogromne povr\u0161ine zemlji\u0161\u010d <a href=\"https:\/\/actionaid.org\/publications\/2021\/not-their-lands-land-impact-royal-dutch-shells-net-zero-climate-target\">na globalnem jugu<\/a> spremenili v nasade dreves, s \u010dimer bodo ogro\u017eeni naravni gozdovi in pridelava hrane. To je \u0161e posebno \u0161kodljivo za kmetijstvo in avtohtone skupnosti, ki so le malo prispevale k podnebni krizi, a se obenem \u017ee danes spopadajo z resnimi posledicami podnebnih sprememb.<\/p><\/div><\/div><\/section>\n\n<section class=\"block accordion-block wp-block-planet4-blocks-accordion is-style-light\"><header><h2 class=\"page-section-header\">Pogosto zastavljena vpra\u0161anja<\/h2><\/header><div class=\"accordion-content\"><div class=\"accordion-headline\" name=\"Kaj je evropska dr\u017eavljanska pobuda (angl. European Citizens' Initiative; ECI)?\">Kaj je evropska dr\u017eavljanska pobuda (angl. European Citizens&#8217; Initiative; ECI)?<\/div><div class=\"panel panel-hidden\"><p class=\"accordion-text\">ECI je uradno orodje za peticije, ki ga Evropska komisija nudi evropskim dr\u017eavljanom, s katerim lahko ti predlagajo nove zakone EU, \u010de dobijo zadostno podporo zanje.<\/p><\/div><\/div><div class=\"accordion-content\"><div class=\"accordion-headline\" name=\"Kak\u0161na je razlika med ECI in obi\u010dajno peticijo?\">Kak\u0161na je razlika med ECI in obi\u010dajno peticijo?<\/div><div class=\"panel panel-hidden\"><p class=\"accordion-text\">Evropska dr\u017eavljanska pobuda je posebna vrsta peticije, za katero se je Evropska komisija obvezala, da jo bo preu\u010dila. Obi\u010dajne peticije, tudi \u010de jih podpi\u0161e veliko ljudi, lahko politiki ali vlade v\u010dasih preprosto prezrejo.<br>Evropska komisija se mora po zakonu odzvati na evropsko dr\u017eavljansko pobudo, \u010de v manj kot letu dni peticijo podpre ve\u010d kot milijon ljudi, katerih podpisi so preverjeni. Gre za zelo mo\u010dno orodje za uvr\u0161\u010danje dolo\u010dene zadeva na politi\u010dni dnevni red EU!<br>Pri obi\u010dajni peticiji ni pravil, kdo jo lahko podpi\u0161e, pri ECI pa so veljavni tisti podpisi, ki jih prispevajo dr\u017eavljani ene izmed dr\u017eav \u010dlanic EU, ki so po nacionalni zakonodaji te dr\u017eave dovolj stari, da volijo. Za veljavnost podpisa mora evropska dr\u017eavljanska pobuda od podpisnikov zahtevati dolo\u010dene informacije.<\/p><\/div><\/div><div class=\"accordion-content\"><div class=\"accordion-headline\" name=\"Zakaj moram za podpis peticije ECI posredovati toliko osebnih podatkov?\">Zakaj moram za podpis peticije ECI posredovati toliko osebnih podatkov?<\/div><div class=\"panel panel-hidden\"><p class=\"accordion-text\">Da bi bil va\u0161 glas v podporo evropski dr\u017eavljanski pobudi upo\u0161tevan, je zakonsko obvezno zahtevati dolo\u010dene informacije o podpisnikih, tako da lahko pristojni organi v vsaki dr\u017eavi \u010dlanici EU preverijo podpise. Vsaka dr\u017eava \u010dlanica dolo\u010di, kateri podatki so potrebni za preverjanje podpisov. Te informacije smo dol\u017eni zahtevati od vas. Ve\u010d informacij o zahtevah glede podatkov in pravil, ki so v veljavi v posameznih dr\u017eavah, je na voljo <a href=\"https:\/\/europa.eu\/citizens-initiative\/data-requirements_en\">tukaj<\/a>.<\/p><\/div><\/div><div class=\"accordion-content\"><div class=\"accordion-headline\" name=\"Ali lahko moje osebne podatke uporabljate tudi v druge namene?\">Ali lahko moje osebne podatke uporabljate tudi v druge namene?<\/div><div class=\"panel panel-hidden\"><p class=\"accordion-text\">Ne. Vsi va\u0161i osebni podatki bodo uporabljeni samo za namene pobude in so striktno podvr\u017eeni ustreznim pravilom o varstvu podatkov. Ve\u010d informacij o varstvu podatkov je na voljo <a href=\"https:\/\/europa.eu\/citizens-initiative\/how-it-works\/data-protection_en\">tukaj<\/a>.<\/p><\/div><\/div><div class=\"accordion-content\"><div class=\"accordion-headline\" name=\"Kaj moramo storiti, da bodo prepovedani oglasi in sponzorstva?\">Kaj moramo storiti, da bodo prepovedani oglasi in sponzorstva?<\/div><div class=\"panel panel-hidden\"><p class=\"accordion-text\">Potrebujemo podporo 1 milijona ljudi v roku 12 mesecev, obenem pa moramo dose\u010di minimalno \u0161tevilo podpisnikov v vsaj 7 dr\u017eavah EU. Minimalna \u0161tevila podpisov za vsako dr\u017eavo \u010dlanico EU za vsako izmed evropskih dr\u017eavljanskih pobud so na voljo <a href=\"https:\/\/europa.eu\/citizens-initiative\/thresholds_en\">tukaj<\/a>.<\/p><\/div><\/div><div class=\"accordion-content\"><div class=\"accordion-headline\" name=\"Kaj je dol\u017ena narediti Evropska komisija?\">Kaj je dol\u017ena narediti Evropska komisija?<\/div><div class=\"panel panel-hidden\"><p class=\"accordion-text\">\u010ce v 12\u2011mese\u010dnem \u010dasovnem roku zberemo milijon preverjenih podpisov, je Evropska komisija dol\u017ena razpravljati o novem zakonu, ki bi prepovedal ogla\u0161evanje in sponzorstva fosilnih goriv v Evropi.<\/p><\/div><\/div><\/section>\n","protected":false},"excerpt":{"rendered":"<p>Peticiji se lahko pridru\u017eite tukaj. V kolikor vas zanima ve\u010d o tej prepovedi ali pa imate dodatna vpra\u0161anja glede va\u0161e podpore, vas vabimo k ogledu spodnjih odstavkov: Zakaj je pomembna ta prepoved? Nahajamo se v podnebni krizi, ki povzro\u010da najve\u010djo krizo \u010dlovekovih pravic na globalni ravni doslej. Po zadnjem pretresljivem poro\u010dilu IPCC nas je generalni [&hellip;]<\/p>\n","protected":false},"author":25,"featured_media":49250,"parent":0,"menu_order":0,"comment_status":"closed","ping_status":"closed","template":"","meta":{"ep_exclude_from_search":false,"p4_hide_page_title_checkbox":"on","p4_title":"","p4_subtitle":"","p4_description":"","background_image_id":"","background_image":"","p4_button_title":"","p4_button_link":"","p4_button_link_checkbox":"","p4_og_title":"","p4_og_description":"","p4_og_image":"","p4_og_image_id":"","p4_seo_canonical_url":"","p4_campaign_name":"not set","p4_local_project":"not set","p4_basket_name":"not set","p4_department":"","footnotes":""},"categories":[45],"tags":[23],"class_list":["post-49867","page","type-page","status-publish","has-post-thumbnail","hentry","category-podnebje","tag-podnebje"],"_links":{"self":[{"href":"https:\/\/www.greenpeace.org\/slovenia\/wp-json\/wp\/v2\/pages\/49867","targetHints":{"allow":["GET"]}}],"collection":[{"href":"https:\/\/www.greenpeace.org\/slovenia\/wp-json\/wp\/v2\/pages"}],"about":[{"href":"https:\/\/www.greenpeace.org\/slovenia\/wp-json\/wp\/v2\/types\/page"}],"author":[{"embeddable":true,"href":"https:\/\/www.greenpeace.org\/slovenia\/wp-json\/wp\/v2\/users\/25"}],"replies":[{"embeddable":true,"href":"https:\/\/www.greenpeace.org\/slovenia\/wp-json\/wp\/v2\/comments?post=49867"}],"version-history":[{"count":8,"href":"https:\/\/www.greenpeace.org\/slovenia\/wp-json\/wp\/v2\/pages\/49867\/revisions"}],"predecessor-version":[{"id":52812,"href":"https:\/\/www.greenpeace.org\/slovenia\/wp-json\/wp\/v2\/pages\/49867\/revisions\/52812"}],"wp:featuredmedia":[{"embeddable":true,"href":"https:\/\/www.greenpeace.org\/slovenia\/wp-json\/wp\/v2\/media\/49250"}],"wp:attachment":[{"href":"https:\/\/www.greenpeace.org\/slovenia\/wp-json\/wp\/v2\/media?parent=49867"}],"wp:term":[{"taxonomy":"category","embeddable":true,"href":"https:\/\/www.greenpeace.org\/slovenia\/wp-json\/wp\/v2\/categories?post=49867"},{"taxonomy":"post_tag","embeddable":true,"href":"https:\/\/www.greenpeace.org\/slovenia\/wp-json\/wp\/v2\/tags?post=49867"}],"curies":[{"name":"wp","href":"https:\/\/api.w.org\/{rel}","templated":true}]}}