{"id":240,"date":"2018-05-14T12:50:41","date_gmt":"2018-05-14T12:50:41","guid":{"rendered":"https:\/\/k8s.p4.greenpeace.org\/defaultcontent\/?page_id=240"},"modified":"2024-03-26T12:50:27","modified_gmt":"2024-03-26T11:50:27","slug":"community-policy","status":"publish","type":"page","link":"https:\/\/www.greenpeace.org\/sweden\/community-policy\/","title":{"rendered":"Etiska riktlinjer"},"content":{"rendered":"\n                    <div class=\"wp-block-group is-vertical is-layout-flex wp-container-core-group-is-layout-8cf370e7 wp-block-group-is-layout-flex\">\n                    \n                                <p><span style=\"font-weight: 400\">Vi str\u00e4var efter att skapa en mer gr\u00f6n och fredlig v\u00e4rld, och ett viktigt verktyg f\u00f6r oss \u00e4r enkel, \u00f6ppen och \u00e4rlig kommunikation.<\/span><\/p>\n                            \n\n                    \n                    <\/div>\n                    <p>                <span style=\"font-weight: 400;\">Vi tror p\u00e5 att alla f\u00f6rtj\u00e4nar en chans att uttrycka sin \u00e5sikt med intentionen att hitta gemensam f\u00f6rst\u00e5else. Vi s\u00f6ker oss efter grunder d\u00e4r vi gemensamt kan r\u00f6ra oss mot en ljusare framtid. Av denna anledning \u00e4r kommentarsfunktionen en viktig plats d\u00e4r alla, \u00e4ven de som inte delar v\u00e5r vision, kan ha en konversation och byta id\u00e9er med varandra.<\/span><\/p>\n<p><span style=\"font-weight: 400;\">Vi v\u00e4lkomnar debatter och diskussioner eftersom de b\u00e4sta id\u00e9erna ofta skapas ur dialoger. Vi \u00e4lskar n\u00e4r m\u00e4nniskor passionerat k\u00e4mpar f\u00f6r vad de tror p\u00e5. Och vi \u00e4lskar att ha m\u00f6jligheten att lyssna till nya id\u00e9er och se p\u00e5 problem ur nya perspektiv. Vi anser att dessa konversationer m\u00e5ste b\u00e5de vara \u00e4rliga och respektfulla, om de ska vara produktiva.<\/span><\/p>\n<p><span style=\"font-weight: 400;\">D\u00e4rf\u00f6r ber vi alla, som \u00f6nskar delta i diskussioner p\u00e5 denna webbplats, att f\u00f6lja dessa simpla regler: <\/span><\/p>\n<ol>\n<li style=\"font-weight: 400;\"><b>S\u00e4g sanningen.<\/b><\/li>\n<li style=\"font-weight: 400;\"><b>Var \u00f6ppen om vem du \u00e4r<\/b><span style=\"font-weight: 400;\">, och varf\u00f6r du deltar. Om du representerar en verksamhet eller politiska intressen, om du f\u00e5r betalt f\u00f6r dina \u00e5sikter eller om du har en intressekonflikt, \u00e4r du ocks\u00e5 v\u00e4lkommen att delta i konversationen. Men var \u00f6ppen om detta, s\u00e5 att andra kan s\u00e4tta dina \u00e5sikter i r\u00e4tt kontext.<\/span><\/li>\n<li style=\"font-weight: 400;\"><b>Var civiliserad och respektfull <\/b><span style=\"font-weight: 400;\">n\u00e4r du skriver. Skriv bara till andra med en ton som du sj\u00e4lv vill l\u00e4sa. Detta inneb\u00e4r: ingen diskriminering, inga personattacker, inga sv\u00e4rord och inget incitament f\u00f6r v\u00e5ld \u00e4r v\u00e4lkommet.<\/span><\/li>\n<li style=\"font-weight: 400;\"><b>Ge alla m\u00f6jligheten att delta. <\/b><span style=\"font-weight: 400;\">Vi f\u00f6rbeh\u00e5ller oss r\u00e4tten att radera inl\u00e4gg om du g\u00f6r flera on\u00f6diga inl\u00e4gg i f\u00f6ljd.<\/span><\/li>\n<li style=\"font-weight: 400;\"><b>Beh\u00e5ll fokus<\/b><span style=\"font-weight: 400;\"> p\u00e5 \u00e4mnet som diskuteras. Det \u00e4r hj\u00e4lpsamt f\u00f6r alla som vill bli involverade i konversationen.<\/span><\/li>\n<li style=\"font-weight: 400;\"><b>Snacka inte s\u00e4lj<\/b><span style=\"font-weight: 400;\">, det utrymmet ska anv\u00e4ndas f\u00f6r debatt om viktiga fr\u00e5gor, s\u00e5 v\u00e4nligen undvik kommersiella inl\u00e4gg och reklam. Vi har en nolltolerans mot spam.<\/span><\/li>\n<\/ol>\n<p><span style=\"font-weight: 400;\">Om du f\u00f6ljer dessa regler kommer vi inte att blockera dig eller radera dina kommentarer bara f\u00f6r att vi inte h\u00e5ller med dig i dina \u00e5sikter.<\/span><\/p>\n<p><span style=\"font-weight: 400;\">Vi tror p\u00e5 att yttrandefrihet och ett \u00f6ppet utbyte av id\u00e9er \u00e4r otroligt viktigt, och d\u00e4rf\u00f6r arbetar vi aktivt f\u00f6r att f\u00f6rsvara det. Detta inneb\u00e4r att om vi ser att du bara \u00e4r h\u00e4r som ett troll eller att du missrepresenterar dig sj\u00e4lv, tar vi de n\u00f6dv\u00e4ndiga \u00e5tg\u00e4rderna som kr\u00e4vs f\u00f6r att skydda denna gemenskap. Detta kan inkludera att radera kommentarer, ta bort kommersiellt inneh\u00e5ll, st\u00e4nga tr\u00e5dar och i vissa fall ta bort anv\u00e4ndarkonton. Vi kan \u00e4ven st\u00e4nga av kommentarsfunktionen p\u00e5 specifika sidor, eller hela webbplatsen, om vi anar en samordnad attack. <\/span><\/p>\n<p><span style=\"font-weight: 400;\">Vi arbetar konstant f\u00f6r att s\u00e4kerst\u00e4lla att allt p\u00e5 v\u00e5r webbplats \u00e4r korrekt och i linje med v\u00e5ra v\u00e4rderingar. Inneh\u00e5ll som kommentarer skrivs av vanliga m\u00e4nniskor som du. Vi hoppas att kommentarerna uppfattas som personliga \u00e5sikter, som inte n\u00f6dv\u00e4ndigtvis representerar Greenpeace h\u00e5llning. Om du letar efter v\u00e5r officiella h\u00e5llning g\u00e4llande n\u00e5gon fr\u00e5ga, titta i pressmeddelanden, publikationer eller kontakta v\u00e5r pressavdelning.<\/span><\/p>\n","protected":false},"excerpt":{"rendered":"<p>H\u00e4r listar vi v\u00e5ra etiska riktlinjer n\u00e4r vi debatterar och diskuterar med hj\u00e4lp av kommentarsfunktionerna. Konversationerna m\u00e5ste vara \u00e4rliga och respektfulla.<\/p>\n","protected":false},"author":1,"featured_media":0,"parent":0,"menu_order":0,"comment_status":"closed","ping_status":"closed","template":"page-templates\/evergreen.php","meta":{"ep_exclude_from_search":false,"p4_hide_page_title_checkbox":"","p4_title":"","p4_subtitle":"","p4_description":"","background_image_id":"","background_image":"","p4_button_title":"","p4_button_link":"","p4_button_link_checkbox":"","p4_og_title":"","p4_og_description":"","p4_og_image":"","p4_og_image_id":"","p4_seo_canonical_url":"","p4_campaign_name":"not set","p4_local_project":"not set","p4_basket_name":"not set","p4_department":"","footnotes":""},"categories":[1],"tags":[],"class_list":["post-240","page","type-page","status-publish","hentry","category-greenpeace"],"_links":{"self":[{"href":"https:\/\/www.greenpeace.org\/sweden\/wp-json\/wp\/v2\/pages\/240","targetHints":{"allow":["GET"]}}],"collection":[{"href":"https:\/\/www.greenpeace.org\/sweden\/wp-json\/wp\/v2\/pages"}],"about":[{"href":"https:\/\/www.greenpeace.org\/sweden\/wp-json\/wp\/v2\/types\/page"}],"author":[{"embeddable":true,"href":"https:\/\/www.greenpeace.org\/sweden\/wp-json\/wp\/v2\/users\/1"}],"replies":[{"embeddable":true,"href":"https:\/\/www.greenpeace.org\/sweden\/wp-json\/wp\/v2\/comments?post=240"}],"version-history":[{"count":6,"href":"https:\/\/www.greenpeace.org\/sweden\/wp-json\/wp\/v2\/pages\/240\/revisions"}],"predecessor-version":[{"id":59733,"href":"https:\/\/www.greenpeace.org\/sweden\/wp-json\/wp\/v2\/pages\/240\/revisions\/59733"}],"wp:attachment":[{"href":"https:\/\/www.greenpeace.org\/sweden\/wp-json\/wp\/v2\/media?parent=240"}],"wp:term":[{"taxonomy":"category","embeddable":true,"href":"https:\/\/www.greenpeace.org\/sweden\/wp-json\/wp\/v2\/categories?post=240"},{"taxonomy":"post_tag","embeddable":true,"href":"https:\/\/www.greenpeace.org\/sweden\/wp-json\/wp\/v2\/tags?post=240"}],"curies":[{"name":"wp","href":"https:\/\/api.w.org\/{rel}","templated":true}]}}