{"id":429,"date":"2019-01-09T15:19:44","date_gmt":"2019-01-09T15:19:44","guid":{"rendered":"https:\/\/www.greenpeace.org\/sweden\/?page_id=429"},"modified":"2025-09-23T11:13:43","modified_gmt":"2025-09-23T10:13:43","slug":"var-historia","status":"publish","type":"page","link":"https:\/\/www.greenpeace.org\/sweden\/om-oss\/var-historia\/","title":{"rendered":"V\u00e5r historia"},"content":{"rendered":"\n\n<div class=\"wp-block-group alignfull has-grey-050-background-color has-background is-layout-flow wp-block-group-is-layout-flow\">\n<div class=\"wp-block-group container is-layout-flow wp-block-group-is-layout-flow\">\n<div class=\"wp-block-media-text alignfull has-media-on-the-right is-stacked-on-mobile is-pattern-p4-page-header is-style-parallax\"><div class=\"wp-block-media-text__content\">\n<div class=\"wp-block-group is-layout-flow wp-block-group-is-layout-flow\">\n<h1 class=\"wp-block-heading is-style-default has-grey-050-background-color has-background\">V\u00e5r historia <\/h1>\n<\/div>\n\n\n\n<p>1971 best\u00e4mde sig en grupp fredsaktivister f\u00f6r att protestera mot USA:s k\u00e4rnvapentester. Det var starten f\u00f6r Greenpeace, som idag \u00e4r v\u00e4rldens st\u00f6rsta oberoende milj\u00f6r\u00f6relse.<\/p>\n\n\n\n<div class=\"wp-block-buttons is-layout-flex wp-block-buttons-is-layout-flex\">\n<div class=\"wp-block-button is-style-cta\"><a class=\"wp-block-button__link wp-element-button\" href=\"https:\/\/www.greenpeace.org\/sweden\/agera\/\">Bli en del av Greenpeace historia<\/a><\/div>\n<\/div>\n<\/div><figure class=\"wp-block-media-text__media\"><img loading=\"lazy\" decoding=\"async\" width=\"1200\" height=\"804\" src=\"https:\/\/www.greenpeace.org\/static\/planet4-sweden-stateless\/2019\/01\/76c1f8a2-c01247bf-gp019id.jpg\" alt=\"\" sizes=\"auto, (min-width: 601px) 50vw, 100vw\" srcset=\"https:\/\/www.greenpeace.org\/static\/planet4-sweden-stateless\/2019\/01\/76c1f8a2-c01247bf-gp019id.jpg 1200w, https:\/\/www.greenpeace.org\/static\/planet4-sweden-stateless\/2019\/01\/76c1f8a2-c01247bf-gp019id-300x201.jpg 300w, https:\/\/www.greenpeace.org\/static\/planet4-sweden-stateless\/2019\/01\/76c1f8a2-c01247bf-gp019id-768x515.jpg 768w, https:\/\/www.greenpeace.org\/static\/planet4-sweden-stateless\/2019\/01\/76c1f8a2-c01247bf-gp019id-1024x686.jpg 1024w, https:\/\/www.greenpeace.org\/static\/planet4-sweden-stateless\/2019\/01\/76c1f8a2-c01247bf-gp019id-507x340.jpg 507w\" class=\"wp-image-440 size-full\"\/><\/figure><\/div>\n<\/div>\n<\/div>\n\n\n<p><\/p>\n\n<p>\u00c4n idag arbetar vi f\u00f6r fred och en v\u00e4rld utan k\u00e4rnvapen, men vi har \u00e4ven v\u00e4xt till en organisation som \u00e4r s\u00e5 mycket mer. Genom att vi samlar m\u00e4nniskor fr\u00e5n v\u00e4rldens alla h\u00f6rn k\u00e4mpar vi f\u00f6r att skapa den r\u00e4ttvisa, j\u00e4mlika och h\u00e5llbara planet vi alla f\u00f6rtj\u00e4nar. Med forskning, fredliga aktioner, civil olydnad, opinionsbildning och engagemang k\u00e4mpar Greenpeace-aktivister varje dag f\u00f6r en v\u00e4rld d\u00e4r r\u00e4ttvisan s\u00e4tts fr\u00e4mst. Vi har genom \u00e5ren vunnit m\u00e5nga kamper f\u00f6r v\u00e5r planet, men vi m\u00f6ter fortfarande stora utmaningar. Den resan v\u00e5ra aktivister startade 1971 har, nu \u00f6ver 50 \u00e5r senare, fortfarande bara b\u00f6rjat.<\/p>\n\n<h2 class=\"wp-block-heading\">Ett litet urval av Greenpeace framg\u00e5ngar:<\/h2>\n\n<p><strong>1972<\/strong>: Efter Greenpeace aktion mot USA:s k\u00e4rnvapentester p\u00e5 Amchitka avslutades testverksamheten p\u00e5 \u00f6n<\/p>\n\n<p><strong>1975<\/strong>: Frankrike avbryter sina atmosf\u00e4riska k\u00e4rnvapenprovspr\u00e4ngningar i S\u00f6derhavet efter att Greenpeace protesterat i omr\u00e5det.<\/p>\n\n<p><strong>1982<\/strong>: Efter ett flertal Greenpeace-aktioner mot industriella valf\u00e5ngstfartyg och ett intensivt p\u00e5verkansarbete r\u00f6star den internationella valf\u00e5ngstkommissionen (IWC) igenom ett stopp f\u00f6r kommersiell valjakt<\/p>\n\n<p><strong>1991<\/strong>: Efter att Greenpeace uppr\u00e4ttat en bas p\u00e5 Antarktis och efter omfattande lobbyarbete tillsammans med andra organisationer skrev v\u00e4rldens l\u00e4nder under Antarktisf\u00f6rdraget. Ett avtal som inneb\u00e4r att ingen industriell verksamhet f\u00e5r ske i Antarktis de kommande 50 \u00e5ren och att kontinenten endast ska brukas f\u00f6r vetenskaplig forskning.<\/p>\n\n<p><strong>1993<\/strong>: Efter m\u00e5nga \u00e5rs arbete och flera Greenpeace-aktioner mot dumpning av k\u00e4rnavfall till havs undertecknas Londonkonventionen som inneb\u00e4r ett v\u00e4rldsomsp\u00e4nnande permanent f\u00f6rbud mot dumpning b\u00e5de av radioaktivt avfall och annat industriellt avfall i havet.<\/p>\n\n<p><strong>1997<\/strong>: Greenpeace f\u00e5r utm\u00e4rkelse av FN f\u00f6r utvecklandet av kyltekniken \u201cGreenFreeze\u201d. N\u00e4r de s\u00e5 kallade Freonerna som tidigare anv\u00e4ndes i kylsk\u00e5p skulle fasas ut p\u00e5 grund av sin negativa effekt p\u00e5 ozonlagret ersatte industrin dessa med en typ av \u00e4mnen som ist\u00e4llet var extremt kraftiga v\u00e4xthusgaser. Greenpeace utvecklade d\u00e5 en ny teknik f\u00f6r kylning utan p\u00e5verkan p\u00e5 ozonlagret och med minimal klimatp\u00e5verkan. Tekniken har sedan dess plockats upp av allt fler tillverkare och det ber\u00e4knas att ca 80% av alla kylsk\u00e5p som tillverkas 2020 kommer anv\u00e4nda teknik som inspirerats av GreenFreeze.<\/p>\n\n<p><strong>1998<\/strong>: Efter att Greenpeace varit p\u00e5 plats och protesterat i fyra m\u00e5nader, r\u00e4ddas gammelskogen i Svartedalen utanf\u00f6r G\u00f6teborg undan avverkning och blir ett permanent naturreservat.<\/p>\n\n<p><strong>2007<\/strong>: Efter en Greenpeace-kampanj mot dator- och mobilj\u00e4tten Apple, som inte velat prata milj\u00f6 eller h\u00e5llbarhet innan, sv\u00e4nger f\u00f6retaget och d\u00e5varande VD Steve Jobs meddelar att Apple nu ska satsa p\u00e5 h\u00e5llbarhet och fasa ut de farligaste kemikalierna i sin produktion. Ett viktigt f\u00f6rsta steg f\u00f6r Apple och f\u00f6r hela IT-industrin som, \u00e4ven om de har l\u00e5ngt kvar till h\u00e5llbarhet, sedan dess beh\u00f6vt fokusera mer p\u00e5 sin milj\u00f6p\u00e5verkan.<\/p>\n\n<p><strong>2009<\/strong>: Efter att Greenpeace l\u00e4nge utan resultat p\u00e5talat problemet att skadlig bottentr\u00e5lning p\u00e5g\u00e5r \u00e4ven i Sveriges mest k\u00e4nsliga \u201cskyddade havsmilj\u00f6er\u201d tog organisationen saken i egna h\u00e4nder och placerade varsamt ut 200 stenblock p\u00e5 botten i tv\u00e5 unika Natura 2000-omr\u00e5den. Aktionen om\u00f6jliggjorde bottentr\u00e5lning och det fastslogs senare av milj\u00f6domstolen att det Greenpeace hade genomf\u00f6rt var en \u201claglig bevarande\u00e5tg\u00e4rd\u201d.<\/p>\n\n<p><strong>2011<\/strong>: Efter att Greenpeace kunnat uppm\u00e4ta h\u00f6ga halter av milj\u00f6gifter i utsl\u00e4ppen fr\u00e5n v\u00e4rldens st\u00f6rsta textilfabriker och aktivister runt om i v\u00e4rlden fredligt konfronterat v\u00e4rldens ledande kl\u00e4dkedjor p\u00e5 grund av deras roll i milj\u00f6f\u00f6rst\u00f6ringen, lovade m\u00e5nga av v\u00e4rldens kl\u00e4dj\u00e4ttar att fasa ut samtliga giftiga kemikalier ur tillverkningen.<\/p>\n\n<p><strong>2015<\/strong>: Efter att ha m\u00f6tt h\u00e5rt motst\u00e5nd fr\u00e5n Greenpeace meddelar oljebolaget Shell att de ger upp sina planer p\u00e5 att borra efter olja i Arktis.<\/p>\n\n<p><strong>2017<\/strong>: Efter flera \u00e5rs Greenpeace-arbete och miljontals namnunderskrifter fr\u00e5n hela v\u00e4rlden skapas v\u00e4rldens st\u00f6rsta skyddade havsomr\u00e5de i Rosshavet utanf\u00f6r Antarktis.<\/p>\n\n<div style=\"height:30px\" aria-hidden=\"true\" class=\"wp-block-spacer\"><\/div>\n\n<div class=\"wp-block-media-text alignwide is-stacked-on-mobile\"><figure class=\"wp-block-media-text__media\"><img loading=\"lazy\" decoding=\"async\" width=\"1024\" height=\"679\" src=\"https:\/\/www.greenpeace.org\/static\/planet4-sweden-stateless\/2021\/09\/79d97b94-greenpeace_rainbow_warrior-1024x679.jpeg\" alt=\"\" sizes=\"auto, (min-width: 1600px) calc((1320px - 24px) \/ 2),(min-width: 1200px) calc((1140px - 24px) \/ 2),(min-width: 992px) calc((960px - 24px) \/ 2),(min-width: 768px) calc((720px - 24px) \/ 2),(min-width: 601px) calc((540px - 24px) \/ 2),(min-width: 577px) calc((540px - 24px) \/ 1), calc(100vw - 24px)\" srcset=\"https:\/\/www.greenpeace.org\/static\/planet4-sweden-stateless\/2021\/09\/79d97b94-greenpeace_rainbow_warrior.jpeg 2048w, https:\/\/www.greenpeace.org\/static\/planet4-sweden-stateless\/2021\/09\/79d97b94-greenpeace_rainbow_warrior-300x199.jpeg 300w, https:\/\/www.greenpeace.org\/static\/planet4-sweden-stateless\/2021\/09\/79d97b94-greenpeace_rainbow_warrior-1024x679.jpeg 1024w, https:\/\/www.greenpeace.org\/static\/planet4-sweden-stateless\/2021\/09\/79d97b94-greenpeace_rainbow_warrior-768x509.jpeg 768w, https:\/\/www.greenpeace.org\/static\/planet4-sweden-stateless\/2021\/09\/79d97b94-greenpeace_rainbow_warrior-1536x1019.jpeg 1536w, https:\/\/www.greenpeace.org\/static\/planet4-sweden-stateless\/2021\/09\/79d97b94-greenpeace_rainbow_warrior-510x338.jpeg 510w\" class=\"wp-image-48995 size-full\"\/><\/figure><div class=\"wp-block-media-text__content\">\n<h2 class=\"wp-block-heading\">Femtio \u00e5r med Greenpeace<\/h2>\n\n\n\n<p>Den 15 september 1971 inleddes den f\u00f6rsta Greenpeace-aktionen. 50 \u00e5r senare har vi g\u00e5ng efter g\u00e5ng visat att det \u00e4r m\u00f6jligt att f\u00f6r\u00e4ndra v\u00e4rlden och skap ett gr\u00f6nare och mer r\u00e4ttvist samh\u00e4lle.<\/p>\n\n\n\n<div class=\"wp-block-buttons is-layout-flex wp-block-buttons-is-layout-flex\">\n<div class=\"wp-block-button is-style-secondary\"><a class=\"wp-block-button__link wp-element-button\" href=\"https:\/\/www.greenpeace.org\/sweden\/om-oss\/femtio-ar-med-greenpeace\/\">Ta en titt p\u00e5 v\u00e5r femtio\u00e5rsjubileumssida<\/a><\/div>\n<\/div>\n<\/div><\/div>\n\n<div class=\"wp-block-media-text alignwide has-media-on-the-right is-stacked-on-mobile\"><div class=\"wp-block-media-text__content\">\n<h2 class=\"wp-block-heading\">50 \u00e5r med Greenpeace \u2013 ett halvt sekel som milj\u00f6ns f\u00f6rk\u00e4mpar<\/h2>\n\n\n\n<p>Greenpeace fyller 50 \u00e5r och vi vill passa p\u00e5 att lyfta fram n\u00e5gra av de viktigaste h\u00e4ndelserna i organisationens historia. Vi vill \u00e4ven tacka alla v\u00e5ra fantastiska volont\u00e4rer, givare och supporters som st\u00e5tt i frontlinjen i kampen f\u00f6r klimat, milj\u00f6 och natur tillsammans med oss.<\/p>\n\n\n\n<div class=\"wp-block-buttons is-layout-flex wp-block-buttons-is-layout-flex\">\n<div class=\"wp-block-button is-style-secondary\"><a class=\"wp-block-button__link wp-element-button\" href=\"https:\/\/www.greenpeace.org\/sweden\/artiklar\/greenpeace\/50-ar-med-greenpeace-ett-halvt-sekel-som-miljons-forkampar\/\">L\u00e4s hela artikeln<\/a><\/div>\n<\/div>\n<\/div><figure class=\"wp-block-media-text__media\"><img loading=\"lazy\" decoding=\"async\" width=\"1000\" height=\"1000\" src=\"https:\/\/www.greenpeace.org\/static\/planet4-sweden-stateless\/2023\/06\/5ad959b4-joinourcrew_still1x1_2-1.jpg\" alt=\"\" sizes=\"auto, (min-width: 1600px) calc((1320px - 24px) \/ 2),(min-width: 1200px) calc((1140px - 24px) \/ 2),(min-width: 992px) calc((960px - 24px) \/ 2),(min-width: 768px) calc((720px - 24px) \/ 2),(min-width: 601px) calc((540px - 24px) \/ 2),(min-width: 577px) calc((540px - 24px) \/ 1), calc(100vw - 24px)\" srcset=\"https:\/\/www.greenpeace.org\/static\/planet4-sweden-stateless\/2023\/06\/5ad959b4-joinourcrew_still1x1_2-1.jpg 1000w, https:\/\/www.greenpeace.org\/static\/planet4-sweden-stateless\/2023\/06\/5ad959b4-joinourcrew_still1x1_2-1-300x300.jpg 300w, https:\/\/www.greenpeace.org\/static\/planet4-sweden-stateless\/2023\/06\/5ad959b4-joinourcrew_still1x1_2-1-150x150.jpg 150w, https:\/\/www.greenpeace.org\/static\/planet4-sweden-stateless\/2023\/06\/5ad959b4-joinourcrew_still1x1_2-1-768x768.jpg 768w, https:\/\/www.greenpeace.org\/static\/planet4-sweden-stateless\/2023\/06\/5ad959b4-joinourcrew_still1x1_2-1-340x340.jpg 340w\" class=\"wp-image-56695 size-full\"\/><\/figure><\/div>\n\n<div style=\"height:30px\" aria-hidden=\"true\" class=\"wp-block-spacer\"><\/div>\n\n<h2 class=\"wp-block-heading\">Fler av Greenpeace framg\u00e5ngar genom \u00e5ren finns samlade <a href=\"https:\/\/www.greenpeace.org\/sweden\/artiklar\/greenpeace\/50-ar-med-greenpeace-ett-halvt-sekel-som-miljons-forkampar\/\">h\u00e4r.<\/a><\/h2>\n\n<p><a rel=\"noreferrer noopener\" href=\"http:\/\/www.tiki-toki.com\/timeline\/entry\/594418\/Greenpeace\/\" target=\"_blank\">Se denna tidslinje i helsk\u00e4rm<\/a><\/p>\n\n<iframe loading=\"lazy\" id=\"tl-timeline-iframe\" style=\"border-width: 0;\" src=\"https:\/\/www.tiki-toki.com\/timeline\/embed\/594418\/1707364907\/\" width=\"100%\" height=\"600\" frameborder=\"0\"><\/iframe>\n\n<div style=\"height:30px\" aria-hidden=\"true\" class=\"wp-block-spacer\"><\/div>\n\n<div class=\"wp-block-query posts-list p4-query-loop is-custom-layout-list is-layout-flow wp-block-query-is-layout-flow\">\n<div class=\"wp-block-group is-content-justification-space-between is-layout-flex wp-container-core-group-is-layout-3d213aab wp-block-group-is-layout-flex\">\n<h2 class=\"wp-block-heading\">Relaterade artiklar<\/h2>\n<\/div>\n\n\n\n<p style=\"margin-top:24px;margin-bottom:36px\"><\/p>\n\n\n\n\n<ul class=\"wp-block-post-template is-layout-flow wp-block-post-template-is-layout-flow\"><li class=\"wp-block-post post-66148 post type-post status-publish format-standard has-post-thumbnail hentry category-greenpeace tag-omgreenpeace tag-aktivism tag-stod-oss p4-page-type-artiklar\">\n\n<div class=\"wp-block-columns is-layout-flex wp-container-core-columns-is-layout-9d6595d7 wp-block-columns-is-layout-flex\"><figure class=\"wp-block-post-featured-image\"><a href=\"https:\/\/www.greenpeace.org\/sweden\/artiklar\/greenpeace\/vad-kostar-din-yttrandefrihet-poddavsnitt-om-slapp-ute-nu\/\" target=\"_self\"  ><img loading=\"lazy\" decoding=\"async\" width=\"1200\" height=\"900\" src=\"https:\/\/www.greenpeace.org\/static\/planet4-sweden-stateless\/2026\/03\/c0022f5c-gp0su55i3.jpg\" class=\"attachment-post-thumbnail size-post-thumbnail wp-post-image wp-stateless-item\" alt=\"Vad kostar din yttrandefrihet? Poddavsnitt om SLAPP ute nu!\" style=\"object-fit:cover;\" srcset=\"https:\/\/www.greenpeace.org\/static\/planet4-sweden-stateless\/2026\/03\/c0022f5c-gp0su55i3.jpg 1200w, https:\/\/www.greenpeace.org\/static\/planet4-sweden-stateless\/2026\/03\/c0022f5c-gp0su55i3-300x225.jpg 300w, https:\/\/www.greenpeace.org\/static\/planet4-sweden-stateless\/2026\/03\/c0022f5c-gp0su55i3-1024x768.jpg 1024w, https:\/\/www.greenpeace.org\/static\/planet4-sweden-stateless\/2026\/03\/c0022f5c-gp0su55i3-768x576.jpg 768w, https:\/\/www.greenpeace.org\/static\/planet4-sweden-stateless\/2026\/03\/c0022f5c-gp0su55i3-453x340.jpg 453w\" sizes=\"auto, (max-width: 1200px) 100vw, 1200px\" data-image-size=\"post-thumbnail\" data-stateless-media-bucket=\"planet4-sweden-stateless\" data-stateless-media-name=\"2026\/03\/c0022f5c-gp0su55i3.jpg\" \/><\/a><\/figure>\n\n\n<div class=\"wp-block-group is-layout-flow wp-block-group-is-layout-flow\">\n<div class=\"wp-block-group is-layout-flex wp-block-group-is-layout-flex\"><div class=\"wp-block-post-terms\"><a href=\"https:\/\/www.greenpeace.org\/sweden\/kategori\/greenpeace\/\">Greenpeace<\/a><\/div>\n\n<div class=\"taxonomy-post_tag wp-block-post-terms\"><a href=\"https:\/\/www.greenpeace.org\/sweden\/tag\/omgreenpeace\/\" rel=\"tag\">omgreenpeace<\/a><span class=\"wp-block-post-terms__separator\"> <\/span><a href=\"https:\/\/www.greenpeace.org\/sweden\/tag\/aktivism\/\" rel=\"tag\">aktivism<\/a><span class=\"wp-block-post-terms__separator\"> <\/span><a href=\"https:\/\/www.greenpeace.org\/sweden\/tag\/stod-oss\/\" rel=\"tag\">st\u00f6doss<\/a><\/div><\/div>\n\n\n<h3 class=\"wp-block-post-title\"><a href=\"https:\/\/www.greenpeace.org\/sweden\/artiklar\/greenpeace\/vad-kostar-din-yttrandefrihet-poddavsnitt-om-slapp-ute-nu\/\" target=\"_self\" >Vad kostar din yttrandefrihet? Poddavsnitt om SLAPP ute nu!<\/a><\/h3>\n\n<div class=\"wp-block-post-excerpt\"><p class=\"wp-block-post-excerpt__excerpt\">Nyligen d\u00f6mdes Greenpeace i USA och Greenpeace International till att betala \u00f6ver 3 miljarder kronor f\u00f6r att de visade solidaritet med milj\u00f6k\u00e4mpar fr\u00e5n urfolken som motsatte sig en oljeledning som&hellip; <\/p><\/div>\n\n\n<div class=\"wp-block-group posts-list-meta is-layout-flow wp-block-group-is-layout-flow\"><span class='article-list-item-author'><a href='https:\/\/www.greenpeace.org\/sweden\/author\/gp_sweden\/'>Greenpeace Sverige<\/a><\/span>\n\n<div class=\"wp-block-post-date\"><time datetime=\"2026-03-31T10:25:02+01:00\">mars 31, 2026<\/time><\/div><\/div>\n<\/div>\n<\/div>\n\n<\/li><li class=\"wp-block-post post-66104 post type-post status-publish format-standard has-post-thumbnail hentry category-energi category-fred category-greenpeace tag-omgreenpeace tag-hallbarenergi tag-systemomstallning p4-page-type-artiklar\">\n\n<div class=\"wp-block-columns is-layout-flex wp-container-core-columns-is-layout-9d6595d7 wp-block-columns-is-layout-flex\"><figure class=\"wp-block-post-featured-image\"><a href=\"https:\/\/www.greenpeace.org\/sweden\/artiklar\/greenpeace\/man-kan-inte-spranga-solen-fyra-sakerhetspolitiska-skal-att-stalla-om\/\" target=\"_self\"  ><img loading=\"lazy\" decoding=\"async\" width=\"1200\" height=\"900\" src=\"https:\/\/www.greenpeace.org\/static\/planet4-sweden-stateless\/2026\/03\/b147202a-gp0strupw.jpg\" class=\"attachment-post-thumbnail size-post-thumbnail wp-post-image wp-stateless-item\" alt=\"Man kan inte spr\u00e4nga solen \u2013 fyra s\u00e4kerhetspolitiska sk\u00e4l att st\u00e4lla om\" style=\"object-fit:cover;\" srcset=\"https:\/\/www.greenpeace.org\/static\/planet4-sweden-stateless\/2026\/03\/b147202a-gp0strupw.jpg 1200w, https:\/\/www.greenpeace.org\/static\/planet4-sweden-stateless\/2026\/03\/b147202a-gp0strupw-300x225.jpg 300w, https:\/\/www.greenpeace.org\/static\/planet4-sweden-stateless\/2026\/03\/b147202a-gp0strupw-1024x768.jpg 1024w, https:\/\/www.greenpeace.org\/static\/planet4-sweden-stateless\/2026\/03\/b147202a-gp0strupw-768x576.jpg 768w, https:\/\/www.greenpeace.org\/static\/planet4-sweden-stateless\/2026\/03\/b147202a-gp0strupw-453x340.jpg 453w\" sizes=\"auto, (max-width: 1200px) 100vw, 1200px\" data-image-size=\"post-thumbnail\" data-stateless-media-bucket=\"planet4-sweden-stateless\" data-stateless-media-name=\"2026\/03\/b147202a-gp0strupw.jpg\" \/><\/a><\/figure>\n\n\n<div class=\"wp-block-group is-layout-flow wp-block-group-is-layout-flow\">\n<div class=\"wp-block-group is-layout-flex wp-block-group-is-layout-flex\"><div class=\"wp-block-post-terms\"><a href=\"https:\/\/www.greenpeace.org\/sweden\/kategori\/energi\/\">Energi<\/a><\/div>\n\n<div class=\"taxonomy-post_tag wp-block-post-terms\"><a href=\"https:\/\/www.greenpeace.org\/sweden\/tag\/omgreenpeace\/\" rel=\"tag\">omgreenpeace<\/a><span class=\"wp-block-post-terms__separator\"> <\/span><a href=\"https:\/\/www.greenpeace.org\/sweden\/tag\/hallbarenergi\/\" rel=\"tag\">h\u00e5llbarenergi<\/a><span class=\"wp-block-post-terms__separator\"> <\/span><a href=\"https:\/\/www.greenpeace.org\/sweden\/tag\/systemomstallning\/\" rel=\"tag\">systemomst\u00e4llning<\/a><\/div><\/div>\n\n\n<h3 class=\"wp-block-post-title\"><a href=\"https:\/\/www.greenpeace.org\/sweden\/artiklar\/greenpeace\/man-kan-inte-spranga-solen-fyra-sakerhetspolitiska-skal-att-stalla-om\/\" target=\"_self\" >Man kan inte spr\u00e4nga solen \u2013 fyra s\u00e4kerhetspolitiska sk\u00e4l att st\u00e4lla om<\/a><\/h3>\n\n<div class=\"wp-block-post-excerpt\"><p class=\"wp-block-post-excerpt__excerpt\">Jag genomlever nu mitt fj\u00e4rde krig under mina fyra decennier p\u00e5 den h\u00e4r planeten. <\/p><\/div>\n\n\n<div class=\"wp-block-group posts-list-meta is-layout-flow wp-block-group-is-layout-flow\"><span class='article-list-item-author'><a href='https:\/\/www.greenpeace.org\/sweden\/author\/gp_sweden\/'>Greenpeace Sverige<\/a><\/span>\n\n<div class=\"wp-block-post-date\"><time datetime=\"2026-03-26T08:57:17+01:00\">mars 26, 2026<\/time><\/div><\/div>\n<\/div>\n<\/div>\n\n<\/li><li class=\"wp-block-post post-65916 post type-post status-publish format-standard has-post-thumbnail hentry category-greenpeace tag-omgreenpeace tag-greenpeaceskepp p4-page-type-pressmeddelanden\">\n\n<div class=\"wp-block-columns is-layout-flex wp-container-core-columns-is-layout-9d6595d7 wp-block-columns-is-layout-flex\"><figure class=\"wp-block-post-featured-image\"><a href=\"https:\/\/www.greenpeace.org\/sweden\/pressmeddelanden\/greenpeace\/miljonstod-till-greenpeace-starker-arbetet-for-att-skydda-haven\/\" target=\"_self\"  ><img loading=\"lazy\" decoding=\"async\" width=\"2500\" height=\"1629\" src=\"https:\/\/www.greenpeace.org\/static\/planet4-sweden-stateless\/2025\/09\/4c30bf13-gp1sub1a_pressmedia-2500px.jpg\" class=\"attachment-post-thumbnail size-post-thumbnail wp-post-image wp-stateless-item\" alt=\"Miljonst\u00f6d till Greenpeace \u2013 st\u00e4rker arbetet f\u00f6r att skydda haven\" style=\"object-fit:cover;\" srcset=\"https:\/\/www.greenpeace.org\/static\/planet4-sweden-stateless\/2025\/09\/4c30bf13-gp1sub1a_pressmedia-2500px.jpg 2500w, https:\/\/www.greenpeace.org\/static\/planet4-sweden-stateless\/2025\/09\/4c30bf13-gp1sub1a_pressmedia-2500px-300x195.jpg 300w, https:\/\/www.greenpeace.org\/static\/planet4-sweden-stateless\/2025\/09\/4c30bf13-gp1sub1a_pressmedia-2500px-1024x667.jpg 1024w, https:\/\/www.greenpeace.org\/static\/planet4-sweden-stateless\/2025\/09\/4c30bf13-gp1sub1a_pressmedia-2500px-768x500.jpg 768w, https:\/\/www.greenpeace.org\/static\/planet4-sweden-stateless\/2025\/09\/4c30bf13-gp1sub1a_pressmedia-2500px-1536x1001.jpg 1536w, https:\/\/www.greenpeace.org\/static\/planet4-sweden-stateless\/2025\/09\/4c30bf13-gp1sub1a_pressmedia-2500px-2048x1334.jpg 2048w, https:\/\/www.greenpeace.org\/static\/planet4-sweden-stateless\/2025\/09\/4c30bf13-gp1sub1a_pressmedia-2500px-510x332.jpg 510w\" sizes=\"auto, (max-width: 2500px) 100vw, 2500px\" data-image-size=\"post-thumbnail\" data-stateless-media-bucket=\"planet4-sweden-stateless\" data-stateless-media-name=\"2025\/09\/4c30bf13-gp1sub1a_pressmedia-2500px.jpg\" \/><\/a><\/figure>\n\n\n<div class=\"wp-block-group is-layout-flow wp-block-group-is-layout-flow\">\n<div class=\"wp-block-group is-layout-flex wp-block-group-is-layout-flex\"><div class=\"wp-block-post-terms\"><a href=\"https:\/\/www.greenpeace.org\/sweden\/kategori\/greenpeace\/\">Greenpeace<\/a><\/div>\n\n<div class=\"taxonomy-post_tag wp-block-post-terms\"><a href=\"https:\/\/www.greenpeace.org\/sweden\/tag\/omgreenpeace\/\" rel=\"tag\">omgreenpeace<\/a><span class=\"wp-block-post-terms__separator\"> <\/span><a href=\"https:\/\/www.greenpeace.org\/sweden\/tag\/greenpeaceskepp\/\" rel=\"tag\">greenpeaceskepp<\/a><\/div><\/div>\n\n\n<h3 class=\"wp-block-post-title\"><a href=\"https:\/\/www.greenpeace.org\/sweden\/pressmeddelanden\/greenpeace\/miljonstod-till-greenpeace-starker-arbetet-for-att-skydda-haven\/\" target=\"_self\" >Miljonst\u00f6d till Greenpeace \u2013 st\u00e4rker arbetet f\u00f6r att skydda haven<\/a><\/h3>\n\n<div class=\"wp-block-post-excerpt\"><p class=\"wp-block-post-excerpt__excerpt\">Greenpeace f\u00e5r i \u00e5r ta emot 18 miljoner kronor fr\u00e5n Postkodlotteriet f\u00f6r att st\u00f6dja v\u00e5rt arbete f\u00f6r klimat, milj\u00f6 och demokrati. Det h\u00e4r \u00e4r pengar som g\u00f6r verklig nytta varje&hellip; <\/p><\/div>\n\n\n<div class=\"wp-block-group posts-list-meta is-layout-flow wp-block-group-is-layout-flow\"><span class='article-list-item-author'><a href='https:\/\/www.greenpeace.org\/sweden\/author\/gp_sweden\/'>Greenpeace Sverige<\/a><\/span>\n\n<div class=\"wp-block-post-date\"><time datetime=\"2026-03-13T14:18:12+01:00\">mars 13, 2026<\/time><\/div><\/div>\n<\/div>\n<\/div>\n\n<\/li><\/ul>\n\n\n<div class=\"wp-block-buttons carousel-controls is-horizontal is-content-justification-space-between is-nowrap is-layout-flex wp-container-core-buttons-is-layout-044bd602 wp-block-buttons-is-layout-flex\">\n<div class=\"wp-block-button carousel-control-prev\"><button type=\"button\" class=\"wp-block-button__link wp-element-button\">Prev<\/button><\/div>\n\n\n\n<div class=\"wp-block-button carousel-control-next\"><button type=\"button\" class=\"wp-block-button__link wp-element-button\">Next<\/button><\/div>\n<\/div>\n\n\n<li class=\" wp-block-navigation-item see-all-link wp-block-navigation-link\"><a class=\"wp-block-navigation-item__content\"  href=\"https:\/\/www.greenpeace.org\/sweden\/nyheter\/?tag=omgreenpeace\"><span class=\"wp-block-navigation-item__label\">L\u00e4s mer<\/span><\/a><\/li><\/div>\n\n<div style=\"height:30px\" aria-hidden=\"true\" class=\"wp-block-spacer\"><\/div>\n\n<p><\/p>\n","protected":false},"excerpt":{"rendered":"<p>1971 best\u00e4mde sig en grupp fredsaktivister f\u00f6r att protestera mot USA:s k\u00e4rnvapentester. Det var starten f\u00f6r Greenpeace, som idag \u00e4r v\u00e4rldens st\u00f6rsta oberoende milj\u00f6r\u00f6relse.<\/p>\n","protected":false},"author":45,"featured_media":440,"parent":234,"menu_order":0,"comment_status":"closed","ping_status":"closed","template":"","meta":{"ep_exclude_from_search":false,"p4_hide_page_title_checkbox":"on","p4_title":"","p4_subtitle":"","p4_description":"","background_image_id":"","background_image":"","p4_button_title":"","p4_button_link":"","p4_button_link_checkbox":"","p4_og_title":"","p4_og_description":"","p4_og_image":"","p4_og_image_id":"","p4_seo_canonical_url":"","p4_campaign_name":"","p4_local_project":"","p4_basket_name":"","p4_department":"","footnotes":""},"categories":[1],"tags":[13],"class_list":["post-429","page","type-page","status-publish","has-post-thumbnail","hentry","category-greenpeace","tag-omgreenpeace"],"_links":{"self":[{"href":"https:\/\/www.greenpeace.org\/sweden\/wp-json\/wp\/v2\/pages\/429","targetHints":{"allow":["GET"]}}],"collection":[{"href":"https:\/\/www.greenpeace.org\/sweden\/wp-json\/wp\/v2\/pages"}],"about":[{"href":"https:\/\/www.greenpeace.org\/sweden\/wp-json\/wp\/v2\/types\/page"}],"author":[{"embeddable":true,"href":"https:\/\/www.greenpeace.org\/sweden\/wp-json\/wp\/v2\/users\/45"}],"replies":[{"embeddable":true,"href":"https:\/\/www.greenpeace.org\/sweden\/wp-json\/wp\/v2\/comments?post=429"}],"version-history":[{"count":20,"href":"https:\/\/www.greenpeace.org\/sweden\/wp-json\/wp\/v2\/pages\/429\/revisions"}],"predecessor-version":[{"id":64812,"href":"https:\/\/www.greenpeace.org\/sweden\/wp-json\/wp\/v2\/pages\/429\/revisions\/64812"}],"up":[{"embeddable":true,"href":"https:\/\/www.greenpeace.org\/sweden\/wp-json\/wp\/v2\/pages\/234"}],"wp:featuredmedia":[{"embeddable":true,"href":"https:\/\/www.greenpeace.org\/sweden\/wp-json\/wp\/v2\/media\/440"}],"wp:attachment":[{"href":"https:\/\/www.greenpeace.org\/sweden\/wp-json\/wp\/v2\/media?parent=429"}],"wp:term":[{"taxonomy":"category","embeddable":true,"href":"https:\/\/www.greenpeace.org\/sweden\/wp-json\/wp\/v2\/categories?post=429"},{"taxonomy":"post_tag","embeddable":true,"href":"https:\/\/www.greenpeace.org\/sweden\/wp-json\/wp\/v2\/tags?post=429"}],"curies":[{"name":"wp","href":"https:\/\/api.w.org\/{rel}","templated":true}]}}