{"id":45208,"date":"2020-11-02T10:43:36","date_gmt":"2020-11-02T09:43:36","guid":{"rendered":"https:\/\/www.greenpeace.org\/sweden\/?page_id=45208"},"modified":"2024-03-26T12:50:09","modified_gmt":"2024-03-26T11:50:09","slug":"unsubscribe-friday","status":"publish","type":"page","link":"https:\/\/www.greenpeace.org\/sweden\/agera\/unsubscribe-friday\/","title":{"rendered":"Unsubscribe Friday"},"content":{"rendered":"\n                    <div class=\"wp-block-group is-vertical is-layout-flex wp-container-core-group-is-layout-8cf370e7 wp-block-group-is-layout-flex\">\n                    \n\n                    \n                    <\/div>\n                    <div data-render=\"planet4-blocks\/gallery\" data-attributes=\"{&quot;attributes&quot;:{&quot;multiple_image&quot;:&quot;45333,45332,45334,45335,45381,45337,45338,45273&quot;,&quot;image_data&quot;:[{&quot;url&quot;:&quot;https:\\\/\\\/www.greenpeace.org\\\/static\\\/planet4-sweden-stateless\\\/2020\\\/11\\\/c6b5ec2c-uf_carusell_02.png&quot;,&quot;focalPoint&quot;:{&quot;x&quot;:0.5,&quot;y&quot;:0.5},&quot;id&quot;:45333},{&quot;url&quot;:&quot;https:\\\/\\\/www.greenpeace.org\\\/static\\\/planet4-sweden-stateless\\\/2020\\\/11\\\/1d35e93f-uf_carusell_01.png&quot;,&quot;focalPoint&quot;:{&quot;x&quot;:0.5,&quot;y&quot;:0.5},&quot;id&quot;:45332},{&quot;url&quot;:&quot;https:\\\/\\\/www.greenpeace.org\\\/static\\\/planet4-sweden-stateless\\\/2020\\\/11\\\/95841a2e-uf_carusell_03.png&quot;,&quot;focalPoint&quot;:{&quot;x&quot;:0.5,&quot;y&quot;:0.5},&quot;id&quot;:45334},{&quot;url&quot;:&quot;https:\\\/\\\/www.greenpeace.org\\\/static\\\/planet4-sweden-stateless\\\/2020\\\/11\\\/a3f6c60d-uf_carusell_04.png&quot;,&quot;focalPoint&quot;:{&quot;x&quot;:0.5,&quot;y&quot;:0.5},&quot;id&quot;:45335},{&quot;url&quot;:&quot;https:\\\/\\\/www.greenpeace.org\\\/static\\\/planet4-sweden-stateless\\\/140b4dc0-uf_carusell_05.png&quot;,&quot;focalPoint&quot;:{&quot;x&quot;:0.5,&quot;y&quot;:0.5},&quot;id&quot;:45381},{&quot;url&quot;:&quot;https:\\\/\\\/www.greenpeace.org\\\/static\\\/planet4-sweden-stateless\\\/2020\\\/11\\\/4af4623a-uf_carusell_06.png&quot;,&quot;focalPoint&quot;:{&quot;x&quot;:0.5,&quot;y&quot;:0.5},&quot;id&quot;:45337},{&quot;url&quot;:&quot;https:\\\/\\\/www.greenpeace.org\\\/static\\\/planet4-sweden-stateless\\\/2020\\\/11\\\/03666813-uf_carusell_07.png&quot;,&quot;focalPoint&quot;:{&quot;x&quot;:0.5,&quot;y&quot;:0.5},&quot;id&quot;:45338},{&quot;url&quot;:&quot;https:\\\/\\\/www.greenpeace.org\\\/static\\\/planet4-sweden-stateless\\\/2020\\\/11\\\/60027134-unsubscribe_header.png&quot;,&quot;focalPoint&quot;:{&quot;x&quot;:0.5,&quot;y&quot;:0.5},&quot;id&quot;:45273}],&quot;gallery_block_style&quot;:0,&quot;gallery_block_title&quot;:&quot;&quot;,&quot;gallery_block_description&quot;:&quot;&quot;,&quot;gallery_block_focus_points&quot;:&quot;&quot;,&quot;images&quot;:[{&quot;image_src&quot;:&quot;https:\\\/\\\/www.greenpeace.org\\\/static\\\/planet4-sweden-stateless\\\/2020\\\/11\\\/c6b5ec2c-uf_carusell_02.png&quot;,&quot;image_srcset&quot;:&quot;https:\\\/\\\/www.greenpeace.org\\\/static\\\/planet4-sweden-stateless\\\/2020\\\/11\\\/c6b5ec2c-uf_carusell_02.png 1108w, https:\\\/\\\/www.greenpeace.org\\\/static\\\/planet4-sweden-stateless\\\/2020\\\/11\\\/c6b5ec2c-uf_carusell_02-300x160.png 300w, https:\\\/\\\/www.greenpeace.org\\\/static\\\/planet4-sweden-stateless\\\/2020\\\/11\\\/c6b5ec2c-uf_carusell_02-1024x547.png 1024w, https:\\\/\\\/www.greenpeace.org\\\/static\\\/planet4-sweden-stateless\\\/2020\\\/11\\\/c6b5ec2c-uf_carusell_02-768x410.png 768w, https:\\\/\\\/www.greenpeace.org\\\/static\\\/planet4-sweden-stateless\\\/2020\\\/11\\\/c6b5ec2c-uf_carusell_02-510x272.png 510w&quot;,&quot;image_sizes&quot;:false,&quot;alt_text&quot;:&quot;&quot;,&quot;caption&quot;:&quot;&quot;,&quot;focus_image&quot;:&quot;&quot;,&quot;credits&quot;:&quot;&quot;},{&quot;image_src&quot;:&quot;https:\\\/\\\/www.greenpeace.org\\\/static\\\/planet4-sweden-stateless\\\/2020\\\/11\\\/1d35e93f-uf_carusell_01.png&quot;,&quot;image_srcset&quot;:&quot;https:\\\/\\\/www.greenpeace.org\\\/static\\\/planet4-sweden-stateless\\\/2020\\\/11\\\/1d35e93f-uf_carusell_01.png 1108w, https:\\\/\\\/www.greenpeace.org\\\/static\\\/planet4-sweden-stateless\\\/2020\\\/11\\\/1d35e93f-uf_carusell_01-300x160.png 300w, https:\\\/\\\/www.greenpeace.org\\\/static\\\/planet4-sweden-stateless\\\/2020\\\/11\\\/1d35e93f-uf_carusell_01-1024x547.png 1024w, https:\\\/\\\/www.greenpeace.org\\\/static\\\/planet4-sweden-stateless\\\/2020\\\/11\\\/1d35e93f-uf_carusell_01-768x410.png 768w, https:\\\/\\\/www.greenpeace.org\\\/static\\\/planet4-sweden-stateless\\\/2020\\\/11\\\/1d35e93f-uf_carusell_01-510x272.png 510w&quot;,&quot;image_sizes&quot;:false,&quot;alt_text&quot;:&quot;&quot;,&quot;caption&quot;:&quot;&quot;,&quot;focus_image&quot;:&quot;&quot;,&quot;credits&quot;:&quot;&quot;},{&quot;image_src&quot;:&quot;https:\\\/\\\/www.greenpeace.org\\\/static\\\/planet4-sweden-stateless\\\/2020\\\/11\\\/95841a2e-uf_carusell_03.png&quot;,&quot;image_srcset&quot;:&quot;https:\\\/\\\/www.greenpeace.org\\\/static\\\/planet4-sweden-stateless\\\/2020\\\/11\\\/95841a2e-uf_carusell_03.png 1108w, https:\\\/\\\/www.greenpeace.org\\\/static\\\/planet4-sweden-stateless\\\/2020\\\/11\\\/95841a2e-uf_carusell_03-300x160.png 300w, https:\\\/\\\/www.greenpeace.org\\\/static\\\/planet4-sweden-stateless\\\/2020\\\/11\\\/95841a2e-uf_carusell_03-1024x547.png 1024w, https:\\\/\\\/www.greenpeace.org\\\/static\\\/planet4-sweden-stateless\\\/2020\\\/11\\\/95841a2e-uf_carusell_03-768x410.png 768w, https:\\\/\\\/www.greenpeace.org\\\/static\\\/planet4-sweden-stateless\\\/2020\\\/11\\\/95841a2e-uf_carusell_03-510x272.png 510w&quot;,&quot;image_sizes&quot;:false,&quot;alt_text&quot;:&quot;&quot;,&quot;caption&quot;:&quot;&quot;,&quot;focus_image&quot;:&quot;&quot;,&quot;credits&quot;:&quot;&quot;},{&quot;image_src&quot;:&quot;https:\\\/\\\/www.greenpeace.org\\\/static\\\/planet4-sweden-stateless\\\/2020\\\/11\\\/a3f6c60d-uf_carusell_04.png&quot;,&quot;image_srcset&quot;:&quot;https:\\\/\\\/www.greenpeace.org\\\/static\\\/planet4-sweden-stateless\\\/2020\\\/11\\\/a3f6c60d-uf_carusell_04.png 1108w, https:\\\/\\\/www.greenpeace.org\\\/static\\\/planet4-sweden-stateless\\\/2020\\\/11\\\/a3f6c60d-uf_carusell_04-300x160.png 300w, https:\\\/\\\/www.greenpeace.org\\\/static\\\/planet4-sweden-stateless\\\/2020\\\/11\\\/a3f6c60d-uf_carusell_04-1024x547.png 1024w, https:\\\/\\\/www.greenpeace.org\\\/static\\\/planet4-sweden-stateless\\\/2020\\\/11\\\/a3f6c60d-uf_carusell_04-768x410.png 768w, https:\\\/\\\/www.greenpeace.org\\\/static\\\/planet4-sweden-stateless\\\/2020\\\/11\\\/a3f6c60d-uf_carusell_04-510x272.png 510w&quot;,&quot;image_sizes&quot;:false,&quot;alt_text&quot;:&quot;&quot;,&quot;caption&quot;:&quot;&quot;,&quot;focus_image&quot;:&quot;&quot;,&quot;credits&quot;:&quot;&quot;},{&quot;image_src&quot;:&quot;https:\\\/\\\/www.greenpeace.org\\\/static\\\/planet4-sweden-stateless\\\/140b4dc0-uf_carusell_05.png&quot;,&quot;image_srcset&quot;:false,&quot;image_sizes&quot;:false,&quot;alt_text&quot;:&quot;&quot;,&quot;caption&quot;:&quot;&quot;,&quot;focus_image&quot;:&quot;&quot;,&quot;credits&quot;:&quot;&quot;},{&quot;image_src&quot;:&quot;https:\\\/\\\/www.greenpeace.org\\\/static\\\/planet4-sweden-stateless\\\/2020\\\/11\\\/4af4623a-uf_carusell_06.png&quot;,&quot;image_srcset&quot;:&quot;https:\\\/\\\/www.greenpeace.org\\\/static\\\/planet4-sweden-stateless\\\/2020\\\/11\\\/4af4623a-uf_carusell_06.png 1108w, https:\\\/\\\/www.greenpeace.org\\\/static\\\/planet4-sweden-stateless\\\/2020\\\/11\\\/4af4623a-uf_carusell_06-300x160.png 300w, https:\\\/\\\/www.greenpeace.org\\\/static\\\/planet4-sweden-stateless\\\/2020\\\/11\\\/4af4623a-uf_carusell_06-1024x547.png 1024w, https:\\\/\\\/www.greenpeace.org\\\/static\\\/planet4-sweden-stateless\\\/2020\\\/11\\\/4af4623a-uf_carusell_06-768x410.png 768w, https:\\\/\\\/www.greenpeace.org\\\/static\\\/planet4-sweden-stateless\\\/2020\\\/11\\\/4af4623a-uf_carusell_06-510x272.png 510w&quot;,&quot;image_sizes&quot;:false,&quot;alt_text&quot;:&quot;&quot;,&quot;caption&quot;:&quot;&quot;,&quot;focus_image&quot;:&quot;&quot;,&quot;credits&quot;:&quot;&quot;},{&quot;image_src&quot;:&quot;https:\\\/\\\/www.greenpeace.org\\\/static\\\/planet4-sweden-stateless\\\/2020\\\/11\\\/03666813-uf_carusell_07.png&quot;,&quot;image_srcset&quot;:&quot;https:\\\/\\\/www.greenpeace.org\\\/static\\\/planet4-sweden-stateless\\\/2020\\\/11\\\/03666813-uf_carusell_07.png 1108w, https:\\\/\\\/www.greenpeace.org\\\/static\\\/planet4-sweden-stateless\\\/2020\\\/11\\\/03666813-uf_carusell_07-300x160.png 300w, https:\\\/\\\/www.greenpeace.org\\\/static\\\/planet4-sweden-stateless\\\/2020\\\/11\\\/03666813-uf_carusell_07-1024x547.png 1024w, https:\\\/\\\/www.greenpeace.org\\\/static\\\/planet4-sweden-stateless\\\/2020\\\/11\\\/03666813-uf_carusell_07-768x410.png 768w, https:\\\/\\\/www.greenpeace.org\\\/static\\\/planet4-sweden-stateless\\\/2020\\\/11\\\/03666813-uf_carusell_07-510x272.png 510w&quot;,&quot;image_sizes&quot;:false,&quot;alt_text&quot;:&quot;&quot;,&quot;caption&quot;:&quot;&quot;,&quot;focus_image&quot;:&quot;&quot;,&quot;credits&quot;:&quot;&quot;},{&quot;image_src&quot;:&quot;https:\\\/\\\/www.greenpeace.org\\\/static\\\/planet4-sweden-stateless\\\/2020\\\/11\\\/60027134-unsubscribe_header.png&quot;,&quot;image_srcset&quot;:&quot;https:\\\/\\\/www.greenpeace.org\\\/static\\\/planet4-sweden-stateless\\\/2020\\\/11\\\/60027134-unsubscribe_header.png 1366w, https:\\\/\\\/www.greenpeace.org\\\/static\\\/planet4-sweden-stateless\\\/2020\\\/11\\\/60027134-unsubscribe_header-300x169.png 300w, https:\\\/\\\/www.greenpeace.org\\\/static\\\/planet4-sweden-stateless\\\/2020\\\/11\\\/60027134-unsubscribe_header-1024x576.png 1024w, https:\\\/\\\/www.greenpeace.org\\\/static\\\/planet4-sweden-stateless\\\/2020\\\/11\\\/60027134-unsubscribe_header-768x432.png 768w, https:\\\/\\\/www.greenpeace.org\\\/static\\\/planet4-sweden-stateless\\\/2020\\\/11\\\/60027134-unsubscribe_header-510x287.png 510w&quot;,&quot;image_sizes&quot;:false,&quot;alt_text&quot;:&quot;&quot;,&quot;caption&quot;:&quot;&quot;,&quot;focus_image&quot;:&quot;&quot;,&quot;credits&quot;:&quot;&quot;}]}}\"><\/div>\n<h2 class=\"wp-block-heading\"><strong>Black Friday &#8211; en dag d\u00e5 m\u00e5nga f\u00f6retag marknadsf\u00f6r sig mer aggressivt \u00e4n vanligt<\/strong><\/h2>\n\n<p><strong>Tillsammans kan vi g\u00f6ra dagen till Unsubscribe Friday<\/strong> d\u00e5 vi st\u00e4nger ner de budskap som uppmanar oss till \u00f6verkonsumtion. Vi kr\u00e4ver av de mest hetsiga f\u00f6retagen att tona ner sin marknadsf\u00f6ring &#8211; annars st\u00e4nger vi ner dem. Vi avprenumererar p\u00e5 deras nyhetsbrev, avf\u00f6ljer dem i sociala medier och g\u00e5 ur deras kundklubbar. <\/p>\n\n<h2 class=\"wp-block-heading\">Black Friday vs. Overshoot day<\/h2>\n\n<p><strong><a href=\"https:\/\/www.overshootday.org\/\">Overshoot day<\/a> \u00e4r<\/strong> <strong>dagen d\u00e5 vi har konsumerat upp s\u00e5 mycket naturresurser som planeten klarar av att f\u00f6rse oss med per \u00e5r.<\/strong> All konsumtion efter det datumet accelererar planetens ekologiska kris och orsakar enorma, i m\u00e5nga fall o\u00e5terkalleliga skador f\u00f6r oss sj\u00e4lva och kommande generationer. Vi lever p\u00e5 l\u00e5nade resurser &#8211; och det finns inget sms-l\u00e5n f\u00f6r planeten.<\/p>\n\n<h2 class=\"wp-block-heading\">F\u00f6retagen har ett val.<\/h2>\n\n<p><strong><strong>F\u00f6retagen kan forts\u00e4tta att anv\u00e4nda sig av hetsiga f\u00f6rs\u00e4ljningsknep<\/strong>&nbsp;\u2013 <\/strong>eller s\u00e5 st\u00e4ller de om sina aff\u00e4rsmodeller i linje med vad vetenskapen s\u00e4ger att vi m\u00e5ste g\u00f6ra och l\u00e5ter sina aff\u00e4rer baseras p\u00e5 genuina k\u00f6pbehov, produkternas prisv\u00e4rdhet och kvalitet. Vi har kontaktat ett tiotal f\u00f6retag som anv\u00e4nde sig av aggressiv marknadsf\u00f6ring under f\u00f6rra \u00e5rets Black Friday d\u00e4r vi uppm\u00e4rksammade dom p\u00e5 problematiken och f\u00f6reslog att de skulle sluta anv\u00e4nda sig av denna typ av aggressiva marknadsf\u00f6ring.<\/p>\n\n<h2 class=\"wp-block-heading\">Nu \u00e4r det upp till oss att tvinga f\u00f6retagen att v\u00e4lja. <\/h2>\n\n<p><strong>Vi visar att vi ser f\u00f6retagens hets till \u00f6verkonsumtion<\/strong> och kommunicerar tydligt att vi \u00e4r m\u00e5nga som vill se att de tar sitt ansvar och f\u00f6r\u00e4ndrar sin marknadsf\u00f6ring. Vi \u00e4r beredda att avregistrera oss fr\u00e5n deras nyhetsbrev, blockera deras annonser p\u00e5 sociala medier och sprida budskapet om deras konsumtionshets till v\u00e5ra v\u00e4nner. I en tid av pandemi \u00e4r dessa kanaler avg\u00f6rande f\u00f6r f\u00f6retagens e-marknadsf\u00f6ring, och ett medvetet motst\u00e5nd g\u00f6r skillnad.<\/p>\n\n<h2 class=\"wp-block-heading\">Delta i Unsubscribe Friday<\/h2>\n\n<p><strong>Se v\u00e5rt <a href=\"https:\/\/fb.watch\/2m_9tMzJdW\/\">webbinarium<\/a> som vi h\u00f6ll dagen innan Black Friday <\/strong>\u00e5r 2020 d\u00e4r vi ber\u00e4ttar mer om kampanjen och g\u00e5r igenom hur du avprenumererar p\u00e5 nyhetsbrev, blockerar annonser och hur du allm\u00e4nt kan t\u00e4nka f\u00f6r att avg\u00f6ra vilka f\u00f6retag som anv\u00e4nder sig av on\u00f6digt aggressiv marknadsf\u00f6ring.&nbsp;I eventet kan du \u00e4ven komma med f\u00f6rslag p\u00e5 marknadsf\u00f6ring som du tycker borde f\u00f6rbjudas. &nbsp;<\/p>\n\n<p><strong>Du kan \u00e4ven ladda ner v\u00e5ra Unsubscribe &#8211; stickers<\/strong> att klistra p\u00e5 annonser som du tycker anv\u00e4nder sig av aggressiv marknadsf\u00f6ring:<br><a href=\"https:\/\/www.greenpeace.org\/static\/planet4-sweden-stateless\/0d130021-unsubscribe-b-logo-on-transparent.png\">Svart sticker<br><\/a><a href=\"https:\/\/www.greenpeace.org\/static\/planet4-sweden-stateless\/491460ab-unsubscribe-w-logo-on-transparent.png\">Vit sticker<\/a><\/p>\n\n<figure class=\"wp-block-embed is-type-video is-provider-youtube wp-block-embed-youtube wp-embed-aspect-4-3 wp-has-aspect-ratio\"><div class=\"wp-block-embed__wrapper\">\n<lite-youtube style=\"background-image: url('https:\/\/i.ytimg.com\/vi\/TXd0s_vq9Yk\/hqdefault.jpg');\" videoid=\"TXd0s_vq9Yk\" params=\"rel=0\"><\/lite-youtube>\n<\/div><\/figure>\n\n<div style=\"height:30px\" aria-hidden=\"true\" class=\"wp-block-spacer\"><\/div>\n","protected":false},"excerpt":{"rendered":"<p>Vi visar att vi ser f\u00f6retagens hets till \u00f6verkonsumtion och kommunicerar tydligt att vi \u00e4r m\u00e5nga som vill se att de tar sitt ansvar och f\u00f6r\u00e4ndrar sin marknadsf\u00f6ring. <\/p>\n","protected":false},"author":45,"featured_media":45273,"parent":9,"menu_order":5,"comment_status":"closed","ping_status":"closed","template":"","meta":{"ep_exclude_from_search":false,"p4_hide_page_title_checkbox":"","p4_title":"","p4_subtitle":"","p4_description":"","background_image_id":"","background_image":"","p4_button_title":"","p4_button_link":"","p4_button_link_checkbox":"","p4_og_title":"","p4_og_description":"","p4_og_image":"","p4_og_image_id":"","p4_seo_canonical_url":"","p4_campaign_name":"Local Campaign","p4_local_project":"Unsubscribe Friday","p4_basket_name":"Climate & Energy","p4_department":"PG","footnotes":""},"categories":[2],"tags":[8],"class_list":["post-45208","page","type-page","status-publish","has-post-thumbnail","hentry","category-klimat","tag-livsstil"],"_links":{"self":[{"href":"https:\/\/www.greenpeace.org\/sweden\/wp-json\/wp\/v2\/pages\/45208","targetHints":{"allow":["GET"]}}],"collection":[{"href":"https:\/\/www.greenpeace.org\/sweden\/wp-json\/wp\/v2\/pages"}],"about":[{"href":"https:\/\/www.greenpeace.org\/sweden\/wp-json\/wp\/v2\/types\/page"}],"author":[{"embeddable":true,"href":"https:\/\/www.greenpeace.org\/sweden\/wp-json\/wp\/v2\/users\/45"}],"replies":[{"embeddable":true,"href":"https:\/\/www.greenpeace.org\/sweden\/wp-json\/wp\/v2\/comments?post=45208"}],"version-history":[{"count":20,"href":"https:\/\/www.greenpeace.org\/sweden\/wp-json\/wp\/v2\/pages\/45208\/revisions"}],"predecessor-version":[{"id":59722,"href":"https:\/\/www.greenpeace.org\/sweden\/wp-json\/wp\/v2\/pages\/45208\/revisions\/59722"}],"up":[{"embeddable":true,"href":"https:\/\/www.greenpeace.org\/sweden\/wp-json\/wp\/v2\/pages\/9"}],"wp:featuredmedia":[{"embeddable":true,"href":"https:\/\/www.greenpeace.org\/sweden\/wp-json\/wp\/v2\/media\/45273"}],"wp:attachment":[{"href":"https:\/\/www.greenpeace.org\/sweden\/wp-json\/wp\/v2\/media?parent=45208"}],"wp:term":[{"taxonomy":"category","embeddable":true,"href":"https:\/\/www.greenpeace.org\/sweden\/wp-json\/wp\/v2\/categories?post=45208"},{"taxonomy":"post_tag","embeddable":true,"href":"https:\/\/www.greenpeace.org\/sweden\/wp-json\/wp\/v2\/tags?post=45208"}],"curies":[{"name":"wp","href":"https:\/\/api.w.org\/{rel}","templated":true}]}}