{"id":46152,"date":"2021-03-09T08:35:23","date_gmt":"2021-03-09T07:35:23","guid":{"rendered":"https:\/\/www.greenpeace.org\/sweden\/?page_id=46152"},"modified":"2025-10-08T14:01:22","modified_gmt":"2025-10-08T13:01:22","slug":"har-skovlas-framtiden","status":"publish","type":"page","link":"https:\/\/www.greenpeace.org\/sweden\/skog\/svensk-skog\/har-skovlas-framtiden\/","title":{"rendered":"Svenska \u201dskogen\u201d &#8211; Har skovlas framtiden!"},"content":{"rendered":"\n<div class=\"wp-block-planet4-blocks-carousel-header\"><div data-hydrate=\"planet4-blocks\/carousel-header\" data-attributes=\"{&quot;carousel_autoplay&quot;:false,&quot;slides&quot;:[{&quot;image&quot;:46178,&quot;focal_points&quot;:{},&quot;header&quot;:&quot;Greenpeace-tr\u00e4d f\u00f6rsvarar sig!&quot;,&quot;description&quot;:&quot;Skogslobbyn st\u00e5r inte l\u00e4ngre oemotsagda.&quot;,&quot;link_text&quot;:&quot;&quot;,&quot;link_url&quot;:&quot;&quot;,&quot;link_url_new_tab&quot;:false,&quot;image_url&quot;:&quot;https:\/\/www.greenpeace.org\/static\/planet4-sweden-stateless\/2021\/03\/5cfe040b-header_websitedraftpng.png&quot;,&quot;image_srcset&quot;:&quot;https:\/\/www.greenpeace.org\/static\/planet4-sweden-stateless\/2021\/03\/5cfe040b-header_websitedraftpng-300x140.png 300w,https:\/\/www.greenpeace.org\/static\/planet4-sweden-stateless\/2021\/03\/5cfe040b-header_websitedraftpng-1024x477.png 1024w,https:\/\/www.greenpeace.org\/static\/planet4-sweden-stateless\/2021\/03\/5cfe040b-header_websitedraftpng-150x150.png 150w,https:\/\/www.greenpeace.org\/static\/planet4-sweden-stateless\/2021\/03\/5cfe040b-header_websitedraftpng-768x358.png 768w,https:\/\/www.greenpeace.org\/static\/planet4-sweden-stateless\/2021\/03\/5cfe040b-header_websitedraftpng-1536x716.png 1536w,https:\/\/www.greenpeace.org\/static\/planet4-sweden-stateless\/2021\/03\/5cfe040b-header_websitedraftpng-2048x954.png 2048w,https:\/\/www.greenpeace.org\/static\/planet4-sweden-stateless\/2021\/03\/5cfe040b-header_websitedraftpng-2048x954.png 2048w,https:\/\/www.greenpeace.org\/static\/planet4-sweden-stateless\/2021\/03\/5cfe040b-header_websitedraftpng-510x238.png 510w,https:\/\/www.greenpeace.org\/static\/planet4-sweden-stateless\/2021\/03\/5cfe040b-header_websitedraftpng.png 3200w&quot;,&quot;image_alt&quot;:&quot;&quot;}]}\"><section class=\"block block-header alignfull carousel-header \"><div class=\"carousel-wrapper-header\"><div class=\"carousel-inner\" role=\"listbox\"><div class=\"carousel-item active\"><div class=\"carousel-item-mask\"><div class=\"background-holder\"><img decoding=\"async\" src=\"https:\/\/www.greenpeace.org\/static\/planet4-sweden-stateless\/2021\/03\/5cfe040b-header_websitedraftpng.png\" style=\"object-position:50% 50%\" srcSet=\"https:\/\/www.greenpeace.org\/static\/planet4-sweden-stateless\/2021\/03\/5cfe040b-header_websitedraftpng-300x140.png 300w,https:\/\/www.greenpeace.org\/static\/planet4-sweden-stateless\/2021\/03\/5cfe040b-header_websitedraftpng-1024x477.png 1024w,https:\/\/www.greenpeace.org\/static\/planet4-sweden-stateless\/2021\/03\/5cfe040b-header_websitedraftpng-150x150.png 150w,https:\/\/www.greenpeace.org\/static\/planet4-sweden-stateless\/2021\/03\/5cfe040b-header_websitedraftpng-768x358.png 768w,https:\/\/www.greenpeace.org\/static\/planet4-sweden-stateless\/2021\/03\/5cfe040b-header_websitedraftpng-1536x716.png 1536w,https:\/\/www.greenpeace.org\/static\/planet4-sweden-stateless\/2021\/03\/5cfe040b-header_websitedraftpng-2048x954.png 2048w,https:\/\/www.greenpeace.org\/static\/planet4-sweden-stateless\/2021\/03\/5cfe040b-header_websitedraftpng-2048x954.png 2048w,https:\/\/www.greenpeace.org\/static\/planet4-sweden-stateless\/2021\/03\/5cfe040b-header_websitedraftpng-510x238.png 510w,https:\/\/www.greenpeace.org\/static\/planet4-sweden-stateless\/2021\/03\/5cfe040b-header_websitedraftpng.png 3200w\" alt=\"\"\/><\/div><div class=\"carousel-caption\"><div class=\"caption-overlay\"><\/div><div class=\"container main-header\"><div class=\"carousel-captions-wrapper\"><h2>Greenpeace-tr\u00e4d f\u00f6rsvarar sig!<\/h2><p>Skogslobbyn st\u00e5r inte l\u00e4ngre oemotsagda.<\/p><\/div><\/div><\/div><\/div><\/div><\/div><\/div><\/section><\/div><\/div>\n\n<h2 class=\"wp-block-heading\">Svenska &#8221;skogen&#8221;<\/h2>\n\n<h3 class=\"wp-block-heading\">&#8211; H\u00e4r sk\u00f6vlas framtiden!<\/h3>\n\n<p><strong>\u00c5terigen har skogslobbyn tapetserat stad och land med en stor greenwashing-kampanj. <strong><em>\u201cInnovationer fr\u00e5n skogen, ett alternativ till olja och plast\u201d<\/em><\/strong> st\u00e5r det och det kan ju l\u00e5ta fantastiskt.<\/strong><\/p>\n\n<h4 class=\"wp-block-heading\"><strong>Men vad handlar det h\u00e4r om egentligen?<\/strong><\/h4>\n\n<p>I skogslobbyns kampanj syns en vacker skog runt ett enda nedhugget tr\u00e4d. Det \u00e4r en bild l\u00e5ngt ifr\u00e5n verkligheten. I sj\u00e4lva verket kalhugger och markbereder skogsindustrin v\u00e5ra skogar med stora maskiner som l\u00e4mnar djupa sp\u00e5r och kala ytor efter sig, samtidigt som de l\u00e4gger stora summor p\u00e5 att f\u00e5 det att framst\u00e5 som h\u00e5llbart. Dagens Nyheter kunde nyligen avsl\u00f6ja att skogsindustrin lagt 150 miljoner p\u00e5 <a rel=\"noreferrer noopener\" href=\"https:\/\/www.dn.se\/sverige\/skogsbolagens-berattelse-om-skogen-lobby-for-150-miljoner\/\" target=\"_blank\">lobbyinsatser riktade mot politiker och mellanstadiebarn<\/a> de senaste fyra \u00e5ren. Nedan kan du se filmen n\u00e4r vi g\u00f6r n\u00e5got \u00e5t det.<\/p>\n\n<figure class=\"wp-block-embed is-type-video is-provider-youtube wp-block-embed-youtube wp-embed-aspect-16-9 wp-has-aspect-ratio\"><div class=\"wp-block-embed__wrapper\">\n<iframe loading=\"lazy\" title=\"Aktivist-tr\u00e4d f\u00f6rsvarar sig mot skogslobbyn\" width=\"500\" height=\"281\" src=\"https:\/\/www.youtube.com\/embed\/-_aUdv5jHFY?feature=oembed\" frameborder=\"0\" allow=\"accelerometer; autoplay; clipboard-write; encrypted-media; gyroscope; picture-in-picture; web-share\" referrerpolicy=\"strict-origin-when-cross-origin\" allowfullscreen><\/iframe>\n<\/div><\/figure>\n\n<p><strong>Vi har v\u00e4ldigt lite gammal, riktig skog kvar. <\/strong>Sedan 50-talet har vi avverkat \u00f6ver 60 % av den svenska skogen och idag finns det bara spillror av or\u00f6rd naturskog kvar. Det mesta som i dagligt tal kallas skog \u00e4r numera faktiskt planterat. V\u00e5ra sista gammelskogar, och arterna som \u00e4r beroende av dem, k\u00e4mpar f\u00f6r sin \u00f6verlevnad. Skogslobbyn f\u00f6rs\u00f6ker samtidigt f\u00e5 oss att tro att skogen m\u00e5r hur bra som helst, och att det finns s\u00e5 det r\u00e4cker till allt fr\u00e5n mer br\u00e4nsle till fler eng\u00e5ngsartiklar. I princip alla branscher hoppas att skogen ska r\u00e4dda dom i den absolut n\u00f6dv\u00e4ndiga omst\u00e4llningen fr\u00e5n fossila r\u00e5varor. Ekvationen g\u00e5r inte&nbsp; ihop. Vi omvandlar v\u00e5ra skogar till eng\u00e5ngsartiklar, f\u00f6rpackningar och br\u00e4nslen och eldar upp v\u00e5rt naturarv. 80 procent av det vi sk\u00f6vlar br\u00e4nns upp och hamnar i atmosf\u00e4ren inom tv\u00e5 \u00e5r. I Sverige har de biogena utsl\u00e4ppen \u00f6kat s\u00e5 pass mycket att de nu i princip <a rel=\"noreferrer noopener\" href=\"https:\/\/www.greenpeace.org\/sweden\/pressmeddelanden\/45651\/sveriges-vaxthusgasutslapp-kvar-pa-1990-ars-niva\/\" target=\"_blank\">\u00e4ter upp de fossila utsl\u00e4ppsminskningarna<\/a>.<\/p>\n\n<p>Levande skogar \u00e4r avg\u00f6rande f\u00f6r ett klimat i balans och en rik biologisk m\u00e5ngfald. De \u00e4r en f\u00f6ruts\u00e4ttning f\u00f6r v\u00e5r trygghet och v\u00e5r v\u00e4lf\u00e4rd. Om vi forts\u00e4tter exploatera och f\u00f6rst\u00f6ra ekosystemen \u00e4ventyrar vi v\u00e5r framtid. Det vill skogsindustrin blunda f\u00f6r och ist\u00e4llet f\u00f6rmedla att skog \u00e4r en o\u00e4ndlig resurs som vi bara kan forts\u00e4tta ta ifr\u00e5n.<\/p>\n\n<figure class=\"wp-block-image aligncenter size-large is-resized caption-style-medium caption-alignment-center\"><img loading=\"lazy\" decoding=\"async\" width=\"1024\" height=\"798\" src=\"https:\/\/www.greenpeace.org\/static\/planet4-sweden-stateless\/2021\/03\/e0b972bb-before-after-ad-1024x798.png\" alt=\"\" class=\"wp-image-46147\" style=\"width:649px;height:506px\" srcset=\"https:\/\/www.greenpeace.org\/static\/planet4-sweden-stateless\/2021\/03\/e0b972bb-before-after-ad-1024x798.png 1024w, https:\/\/www.greenpeace.org\/static\/planet4-sweden-stateless\/2021\/03\/e0b972bb-before-after-ad-300x234.png 300w, https:\/\/www.greenpeace.org\/static\/planet4-sweden-stateless\/2021\/03\/e0b972bb-before-after-ad-768x599.png 768w, https:\/\/www.greenpeace.org\/static\/planet4-sweden-stateless\/2021\/03\/e0b972bb-before-after-ad-1536x1197.png 1536w, https:\/\/www.greenpeace.org\/static\/planet4-sweden-stateless\/2021\/03\/e0b972bb-before-after-ad-2048x1596.png 2048w, https:\/\/www.greenpeace.org\/static\/planet4-sweden-stateless\/2021\/03\/e0b972bb-before-after-ad-1753x1366.png 1753w, https:\/\/www.greenpeace.org\/static\/planet4-sweden-stateless\/2021\/03\/e0b972bb-before-after-ad-436x340.png 436w\" sizes=\"auto, (max-width: 1024px) 100vw, 1024px\" \/><\/figure>\n\n<h4 class=\"wp-block-heading\"><strong>Vilka ligger bakom denna miljonsatsning p\u00e5 att gr\u00f6nm\u00e5la skogsindustrin?<\/strong> <\/h4>\n\n<p>Bolaget bakom skogslobbyns reklamkampanjer heter Svensk Skogskommunikation AB och de som best\u00e4mmer d\u00e4r \u00e4r j\u00e4ttarna inom svensk skogsindustri. Bolaget \u00e4gs av en tredjedel Skogs\u00e4garnas virkes AB, Skogsindustrierna och statligt \u00e4gda Sveaskog AB. Alla skogs\u00e4gare, oavsett vad de tycker om skogspolitik, klimat och biologisk m\u00e5ngfald, tvingas betala in pengar till dessa reklamkampanjer varje g\u00e5ng de s\u00e4ljer virke till de stora industrierna.<\/p>\n\n<h4 class=\"wp-block-heading\"><strong>Vill du ocks\u00e5 f\u00f6rb\u00e4ttra skogslobbyns kampanjer? H\u00e4r finns lite material du kan anv\u00e4nda<\/strong>:<\/h4>\n\n<p><a href=\"https:\/\/www.greenpeace.org\/static\/planet4-sweden-stateless\/2021\/03\/955b3de2-honest_skogslobby-poster_118x174_by_greenpeace.pdf\" target=\"_blank\" rel=\"noreferrer noopener\">Den \u00e4rligare versionen av deras annons i h\u00f6guppl\u00f6st format<\/a><br><a href=\"https:\/\/www.greenpeace.org\/static\/planet4-sweden-stateless\/2021\/03\/07ccfc5e-kalhuggen_logga_outlined.pdf\" target=\"_blank\" rel=\"noreferrer noopener\">Svenska &#8221;Skogen&#8221;-loggan<\/a><\/p>\n\n<div class=\"wp-block-query posts-list p4-query-loop is-custom-layout-list is-layout-flow wp-block-query-is-layout-flow\">\n<div class=\"wp-block-group is-content-justification-space-between is-layout-flex wp-container-core-group-is-layout-3d213aab wp-block-group-is-layout-flex\">\n<h2 class=\"wp-block-heading\">Mer om den svenska skogen<\/h2>\n<\/div>\n\n\n\n<p style=\"margin-top:24px;margin-bottom:36px\"><\/p>\n\n\n\n\n<ul class=\"wp-block-post-template is-layout-flow wp-block-post-template-is-layout-flow\"><li class=\"wp-block-post post-45960 post type-post status-publish format-standard has-post-thumbnail hentry category-skog tag-skyddaskogen tag-biodiversitet tag-sapmi tag-svenskpolitik p4-page-type-artiklar\">\n\n<div class=\"wp-block-columns is-layout-flex wp-container-core-columns-is-layout-9d6595d7 wp-block-columns-is-layout-flex\"><figure class=\"wp-block-post-featured-image\"><a href=\"https:\/\/www.greenpeace.org\/sweden\/artiklar\/skog\/den-svenska-skogen\/\" target=\"_self\"  ><img loading=\"lazy\" decoding=\"async\" width=\"800\" height=\"533\" src=\"https:\/\/www.greenpeace.org\/static\/planet4-sweden-stateless\/2021\/02\/d67f8b00-gp0stq8ze_web_size.jpg\" class=\"attachment-post-thumbnail size-post-thumbnail wp-post-image wp-stateless-item\" alt=\"Den svenska skogen\" style=\"object-fit:cover;\" srcset=\"https:\/\/www.greenpeace.org\/static\/planet4-sweden-stateless\/2021\/02\/d67f8b00-gp0stq8ze_web_size.jpg 800w, https:\/\/www.greenpeace.org\/static\/planet4-sweden-stateless\/2021\/02\/d67f8b00-gp0stq8ze_web_size-300x200.jpg 300w, https:\/\/www.greenpeace.org\/static\/planet4-sweden-stateless\/2021\/02\/d67f8b00-gp0stq8ze_web_size-768x512.jpg 768w, https:\/\/www.greenpeace.org\/static\/planet4-sweden-stateless\/2021\/02\/d67f8b00-gp0stq8ze_web_size-510x340.jpg 510w\" sizes=\"auto, (max-width: 800px) 100vw, 800px\" data-image-size=\"post-thumbnail\" data-stateless-media-bucket=\"planet4-sweden-stateless\" data-stateless-media-name=\"2021\/02\/d67f8b00-gp0stq8ze_web_size.jpg\" \/><\/a><\/figure>\n\n\n<div class=\"wp-block-group is-layout-flow wp-block-group-is-layout-flow\">\n<div class=\"wp-block-group is-layout-flex wp-block-group-is-layout-flex\"><div class=\"wp-block-post-terms\"><a href=\"https:\/\/www.greenpeace.org\/sweden\/kategori\/skog\/\">Skog<\/a><\/div>\n\n<div class=\"taxonomy-post_tag wp-block-post-terms\"><a href=\"https:\/\/www.greenpeace.org\/sweden\/tag\/skyddaskogen\/\" rel=\"tag\">skyddaskogen<\/a><span class=\"wp-block-post-terms__separator\"> <\/span><a href=\"https:\/\/www.greenpeace.org\/sweden\/tag\/biodiversitet\/\" rel=\"tag\">biodiversitet<\/a><span class=\"wp-block-post-terms__separator\"> <\/span><a href=\"https:\/\/www.greenpeace.org\/sweden\/tag\/sapmi\/\" rel=\"tag\">sapmi<\/a><span class=\"wp-block-post-terms__separator\"> <\/span><a href=\"https:\/\/www.greenpeace.org\/sweden\/tag\/svenskpolitik\/\" rel=\"tag\">svenskpolitik<\/a><\/div><\/div>\n\n\n<h3 class=\"wp-block-post-title\"><a href=\"https:\/\/www.greenpeace.org\/sweden\/artiklar\/skog\/den-svenska-skogen\/\" target=\"_self\" >Den svenska skogen<\/a><\/h3>\n\n<div class=\"wp-block-post-excerpt\"><p class=\"wp-block-post-excerpt__excerpt\">Levande skogar \u00e4r n\u00f6dv\u00e4ndiga f\u00f6r ett klimat i balans och en rik biologisk m\u00e5ngfald. De \u00e4r en f\u00f6ruts\u00e4ttning f\u00f6r v\u00e5r trygghet och v\u00e5r v\u00e4lf\u00e4rd. Om vi forts\u00e4tter exploatera och f\u00f6rst\u00f6ra&hellip; <\/p><\/div>\n\n\n<div class=\"wp-block-group posts-list-meta is-layout-flow wp-block-group-is-layout-flow\"><span class='article-list-item-author'><a href='https:\/\/www.greenpeace.org\/sweden\/author\/gp_sweden\/'>Greenpeace Sverige<\/a><\/span>\n\n<div class=\"wp-block-post-date\"><time datetime=\"2021-02-22T11:47:20+01:00\">februari 22, 2021<\/time><\/div><\/div>\n<\/div>\n<\/div>\n\n<\/li><\/ul>\n\n\n<div class=\"wp-block-buttons carousel-controls is-horizontal is-content-justification-space-between is-nowrap is-layout-flex wp-container-core-buttons-is-layout-044bd602 wp-block-buttons-is-layout-flex\">\n<div class=\"wp-block-button carousel-control-prev\"><button type=\"button\" class=\"wp-block-button__link wp-element-button\">Prev<\/button><\/div>\n\n\n\n<div class=\"wp-block-button carousel-control-next\"><button type=\"button\" class=\"wp-block-button__link wp-element-button\">Next<\/button><\/div>\n<\/div>\n<\/div>\n","protected":false},"excerpt":{"rendered":"<p>\u00c5terigen har skogslobbyn tapetserat stad och land med en stor greenwashing-kampanj. \u201cInnovationer fr\u00e5n skogen, ett alternativ till olja och plast\u201d st\u00e5r det och det kan ju l\u00e5ta fantastiskt. Men vad inneb\u00e4r det egentligen?<\/p>\n","protected":false},"author":34,"featured_media":46170,"parent":54287,"menu_order":0,"comment_status":"closed","ping_status":"closed","template":"","meta":{"ep_exclude_from_search":false,"p4_hide_page_title_checkbox":"on","p4_title":"","p4_subtitle":"","p4_description":"","background_image_id":"","background_image":"","p4_button_title":"","p4_button_link":"","p4_button_link_checkbox":"","p4_og_title":"","p4_og_description":"","p4_og_image":"","p4_og_image_id":"","p4_seo_canonical_url":"","p4_campaign_name":"not set","p4_local_project":"not set","p4_basket_name":"not set","p4_department":"","footnotes":""},"categories":[22],"tags":[19,58],"class_list":["post-46152","page","type-page","status-publish","has-post-thumbnail","hentry","category-skog","tag-skyddaskogen","tag-falskmarknadsforing"],"_links":{"self":[{"href":"https:\/\/www.greenpeace.org\/sweden\/wp-json\/wp\/v2\/pages\/46152","targetHints":{"allow":["GET"]}}],"collection":[{"href":"https:\/\/www.greenpeace.org\/sweden\/wp-json\/wp\/v2\/pages"}],"about":[{"href":"https:\/\/www.greenpeace.org\/sweden\/wp-json\/wp\/v2\/types\/page"}],"author":[{"embeddable":true,"href":"https:\/\/www.greenpeace.org\/sweden\/wp-json\/wp\/v2\/users\/34"}],"replies":[{"embeddable":true,"href":"https:\/\/www.greenpeace.org\/sweden\/wp-json\/wp\/v2\/comments?post=46152"}],"version-history":[{"count":19,"href":"https:\/\/www.greenpeace.org\/sweden\/wp-json\/wp\/v2\/pages\/46152\/revisions"}],"predecessor-version":[{"id":64899,"href":"https:\/\/www.greenpeace.org\/sweden\/wp-json\/wp\/v2\/pages\/46152\/revisions\/64899"}],"up":[{"embeddable":true,"href":"https:\/\/www.greenpeace.org\/sweden\/wp-json\/wp\/v2\/pages\/54287"}],"wp:featuredmedia":[{"embeddable":true,"href":"https:\/\/www.greenpeace.org\/sweden\/wp-json\/wp\/v2\/media\/46170"}],"wp:attachment":[{"href":"https:\/\/www.greenpeace.org\/sweden\/wp-json\/wp\/v2\/media?parent=46152"}],"wp:term":[{"taxonomy":"category","embeddable":true,"href":"https:\/\/www.greenpeace.org\/sweden\/wp-json\/wp\/v2\/categories?post=46152"},{"taxonomy":"post_tag","embeddable":true,"href":"https:\/\/www.greenpeace.org\/sweden\/wp-json\/wp\/v2\/tags?post=46152"}],"curies":[{"name":"wp","href":"https:\/\/api.w.org\/{rel}","templated":true}]}}