{"id":510,"date":"2019-01-14T10:00:28","date_gmt":"2019-01-14T10:00:28","guid":{"rendered":"https:\/\/www.greenpeace.org\/sweden\/?page_id=510"},"modified":"2026-03-31T13:24:55","modified_gmt":"2026-03-31T12:24:55","slug":"talespersoner","status":"publish","type":"page","link":"https:\/\/www.greenpeace.org\/sweden\/presscenter\/talespersoner\/","title":{"rendered":"Talespersoner"},"content":{"rendered":"<div data-render=\"planet4-blocks\/columns\" data-attributes=\"{&quot;attributes&quot;:{&quot;columns_block_style&quot;:&quot;icons&quot;,&quot;columns_title&quot;:&quot;V\\u00e5ra talespersoner och experter&quot;,&quot;columns_description&quot;:&quot;&lt;strong&gt;H\\u00e4r samlar vi kontaktuppgifter och pressbilder p\\u00e5 v\\u00e5ra talespersoner i Greenpeace Sverige. &lt;\\\/strong&gt;&lt;br&gt;&lt;br&gt;&lt;em&gt;Alla r\\u00e4ttigheter tillh\\u00f6r Greenpeace och bilderna f\\u00e5r endast anv\\u00e4ndas f\\u00f6r redaktionellt bruk. I annat fall beh\\u00f6vs v\\u00e5rt tillst\\u00e5nd. Bilderna f\\u00e5r inte anv\\u00e4ndas i reklamsammanhang. &lt;a href=\\&quot;https:\\\/\\\/www.greenpeace.org\\\/sweden\\\/presscenter\\\/\\&quot;&gt;G\\u00e5 till Presscenter&lt;\\\/a&gt;.&lt;\\\/em&gt;&lt;br&gt;&quot;,&quot;columns&quot;:[{&quot;title&quot;:&quot;Frida Bengtsson&quot;,&quot;description&quot;:&quot;&lt;strong&gt;Sverigechef&lt;\\\/strong&gt;&lt;br&gt;&lt;br&gt;+46(0)79 357 72 52&lt;br&gt;frida.bengtsson@greenpeace.org&quot;,&quot;attachment&quot;:&quot;https:\\\/\\\/www.greenpeace.org\\\/static\\\/planet4-sweden-stateless\\\/2025\\\/11\\\/33694aef-frida_circle-180x180-1-150x150.png&quot;,&quot;link_new_tab&quot;:true,&quot;cta_text&quot;:&quot;H\\u00f6guppl\\u00f6st pressbild&quot;,&quot;cta_link&quot;:&quot;https:\\\/\\\/www.greenpeace.org\\\/static\\\/planet4-sweden-stateless\\\/2025\\\/11\\\/e4dc4dd8-gp0stuhsv-scaled.jpg&quot;,&quot;attachment_srcset&quot;:&quot;https:\\\/\\\/www.greenpeace.org\\\/static\\\/planet4-sweden-stateless\\\/2025\\\/11\\\/33694aef-frida_circle-180x180-1-150x150.png 150w, https:\\\/\\\/www.greenpeace.org\\\/static\\\/planet4-sweden-stateless\\\/2025\\\/11\\\/33694aef-frida_circle-180x180-1.png 180w&quot;},{&quot;title&quot;:&quot;Rolf Lindahl&quot;,&quot;description&quot;:&quot;&lt;strong&gt;Energi, finans och investeringar&lt;\\\/strong&gt;&lt;br&gt;&lt;br&gt;+46 (0)70 397 58 70 rolf.lindahl@greenpeace.org&quot;,&quot;attachment&quot;:&quot;https:\\\/\\\/www.greenpeace.org\\\/static\\\/planet4-sweden-stateless\\\/2019\\\/11\\\/6abff218-rolf180x180_ny.png&quot;,&quot;link_new_tab&quot;:true,&quot;cta_text&quot;:&quot;H\\u00f6guppl\\u00f6st pressbild&quot;,&quot;cta_link&quot;:&quot;https:\\\/\\\/www.greenpeace.org\\\/static\\\/planet4-sweden-stateless\\\/2022\\\/08\\\/69f674a8-220518_rolflindahl_135.jpg&quot;,&quot;attachment_srcset&quot;:false},{&quot;title&quot;:&quot;Sandra Lamborn&quot;,&quot;description&quot;:&quot;&lt;strong&gt;Hav, jordbruk och biologisk m\\u00e5ngfald&lt;\\\/strong&gt;&lt;br&gt;&lt;br&gt;+46 (0)73 982 65 83&lt;br&gt;sandra.lamborn@greenpeace.org&quot;,&quot;attachment&quot;:&quot;https:\\\/\\\/www.greenpeace.org\\\/static\\\/planet4-sweden-stateless\\\/2026\\\/03\\\/a94df6f5-screenshot-2022-09-09-at-18.02.14-modified-150x150.png&quot;,&quot;cta_link&quot;:&quot;https:\\\/\\\/www.greenpeace.org\\\/static\\\/planet4-sweden-stateless\\\/2019\\\/04\\\/fc082a48-nd679_sandra-lamborn.jpg&quot;,&quot;link_new_tab&quot;:true,&quot;cta_text&quot;:&quot; H\\u00f6guppl\\u00f6st pressbild&quot;,&quot;attachment_srcset&quot;:&quot;https:\\\/\\\/www.greenpeace.org\\\/static\\\/planet4-sweden-stateless\\\/2026\\\/03\\\/a94df6f5-screenshot-2022-09-09-at-18.02.14-modified-150x150.png 150w, https:\\\/\\\/www.greenpeace.org\\\/static\\\/planet4-sweden-stateless\\\/2026\\\/03\\\/a94df6f5-screenshot-2022-09-09-at-18.02.14-modified-300x300.png 300w, https:\\\/\\\/www.greenpeace.org\\\/static\\\/planet4-sweden-stateless\\\/2026\\\/03\\\/a94df6f5-screenshot-2022-09-09-at-18.02.14-modified-768x768.png 768w, https:\\\/\\\/www.greenpeace.org\\\/static\\\/planet4-sweden-stateless\\\/2026\\\/03\\\/a94df6f5-screenshot-2022-09-09-at-18.02.14-modified-340x340.png 340w, https:\\\/\\\/www.greenpeace.org\\\/static\\\/planet4-sweden-stateless\\\/2026\\\/03\\\/a94df6f5-screenshot-2022-09-09-at-18.02.14-modified.png 802w&quot;},{&quot;title&quot;:&quot;Karolina Carlsson&quot;,&quot;description&quot;:&quot;&lt;strong&gt;Skog&lt;\\\/strong&gt;&lt;br&gt;&lt;br&gt;+46 (0)73-986 50 96&lt;br&gt;karolina.carlsson@greenpeace.org&quot;,&quot;attachment&quot;:&quot;https:\\\/\\\/www.greenpeace.org\\\/static\\\/planet4-sweden-stateless\\\/2025\\\/08\\\/b64e3e05-karolina_rund_liten-150x150.png&quot;,&quot;cta_link&quot;:&quot;https:\\\/\\\/www.greenpeace.org\\\/static\\\/planet4-sweden-stateless\\\/2025\\\/08\\\/6f62110d-gp0su43vc_pressmedia-2500px.jpg&quot;,&quot;cta_text&quot;:&quot;H\\u00f6guppl\\u00f6st pressbild&quot;,&quot;link_new_tab&quot;:true,&quot;attachment_srcset&quot;:&quot;https:\\\/\\\/www.greenpeace.org\\\/static\\\/planet4-sweden-stateless\\\/2025\\\/08\\\/b64e3e05-karolina_rund_liten-150x150.png 150w, https:\\\/\\\/www.greenpeace.org\\\/static\\\/planet4-sweden-stateless\\\/2025\\\/08\\\/b64e3e05-karolina_rund_liten.png 180w&quot;}],&quot;className&quot;:&quot;is-style-icons&quot;}}\"><\/div><div data-render=\"planet4-blocks\/columns\" data-attributes=\"{&quot;attributes&quot;:{&quot;columns_block_style&quot;:&quot;icons&quot;,&quot;columns&quot;:[{&quot;title&quot;:&quot;Gustav Martner&quot;,&quot;description&quot;:&quot;&lt;strong&gt;Reklam och marknadsr\\u00e4tt &lt;\\\/strong&gt;&lt;br&gt;&lt;br&gt;+46 (0)76 834 60 50 gustav.martner@greenpeace.org&quot;,&quot;attachment&quot;:&quot;https:\\\/\\\/www.greenpeace.org\\\/static\\\/planet4-sweden-stateless\\\/2020\\\/06\\\/35516883-gustav_martner_150px_round-150x150.png&quot;,&quot;cta_link&quot;:&quot;https:\\\/\\\/www.greenpeace.org\\\/static\\\/planet4-sweden-stateless\\\/2020\\\/06\\\/aa78c3ce-gustav_martner.png&quot;,&quot;link_new_tab&quot;:true,&quot;cta_text&quot;:&quot;H\\u00f6guppl\\u00f6st pressbild&quot;,&quot;attachment_srcset&quot;:false},{&quot;title&quot;:&quot;Isadora Wronski&quot;,&quot;description&quot;:&quot;&lt;strong&gt;&lt;strong&gt;Senior strateg, systemomst\\u00e4llning&lt;\\\/strong&gt;&lt;\\\/strong&gt;&lt;br&gt;(F\\u00f6r\\u00e4ldraledig)&lt;br&gt;+46 (0)70 301 25 34&lt;br&gt;isadora.wronski@greenpeace.org&quot;,&quot;attachment&quot;:&quot;https:\\\/\\\/www.greenpeace.org\\\/static\\\/planet4-sweden-stateless\\\/2021\\\/06\\\/a8a91b18-isadora.wronski-150x150.png&quot;,&quot;cta_link&quot;:&quot;https:\\\/\\\/www.greenpeace.org\\\/static\\\/planet4-sweden-stateless\\\/3f9c692c-isadora_wronski_349-scaled.jpg&quot;,&quot;link_new_tab&quot;:true,&quot;cta_text&quot;:&quot;H\\u00f6guppl\\u00f6st pressbild&quot;,&quot;attachment_srcset&quot;:&quot;https:\\\/\\\/www.greenpeace.org\\\/static\\\/planet4-sweden-stateless\\\/2021\\\/06\\\/a8a91b18-isadora.wronski-150x150.png 150w, https:\\\/\\\/www.greenpeace.org\\\/static\\\/planet4-sweden-stateless\\\/2021\\\/06\\\/a8a91b18-isadora.wronski-300x300.png 300w, https:\\\/\\\/www.greenpeace.org\\\/static\\\/planet4-sweden-stateless\\\/2021\\\/06\\\/a8a91b18-isadora.wronski-340x340.png 340w, https:\\\/\\\/www.greenpeace.org\\\/static\\\/planet4-sweden-stateless\\\/2021\\\/06\\\/a8a91b18-isadora.wronski.png 728w&quot;},{&quot;title&quot;:&quot;&quot;,&quot;description&quot;:&quot;&quot;,&quot;attachment&quot;:0,&quot;link_new_tab&quot;:true,&quot;cta_link&quot;:&quot;&quot;,&quot;cta_text&quot;:&quot;H\\u00f6guppl\\u00f6st pressbild&quot;},{&quot;title&quot;:&quot;&quot;,&quot;description&quot;:&quot;&lt;br&gt;&lt;br&gt;&quot;,&quot;attachment&quot;:0,&quot;cta_link&quot;:&quot;&quot;,&quot;cta_text&quot;:&quot;H\\u00f6guppl\\u00f6st pressbild&quot;,&quot;link_new_tab&quot;:false}],&quot;className&quot;:&quot;is-style-icons&quot;}}\"><\/div>\n<div style=\"height:50px\" aria-hidden=\"true\" class=\"wp-block-spacer\"><\/div>\n\n<h3 class=\"wp-block-heading\"><strong>Hittar du inte vad du s\u00f6ker?<\/strong><\/h3>\n\n<p>Massor av intressanta bilder finns i v\u00e5rt <a href=\"https:\/\/media.greenpeace.org\" target=\"_blank\" rel=\"noopener noreferrer\">internationella bildarkiv<\/a>. V\u00e5ra bilder \u00e4r generellt alltid fria f\u00f6r media att anv\u00e4nda. Det kr\u00e4vs dock att man registrar ett konto f\u00f6r att kunna ladda ner h\u00f6guppl\u00f6st fr\u00e5n det internationella bildarkivet. F\u00f6r fr\u00e5gor ang\u00e5ende bildbest\u00e4llning eller andra \u00f6nskem\u00e5l, kontakta: <a title=\"e-post\" href=\"mailto:press.sweden@greenpeace.org\">press.sweden@greenpeace.org<\/a><\/p>\n\n<p>Ange vilken typ av bild du s\u00f6ker, format, publikation samt vad bilden ska anv\u00e4ndas till.<\/p>\n\n<div style=\"height:30px\" aria-hidden=\"true\" class=\"wp-block-spacer\"><\/div>\n\n<div class=\"wp-block-columns has-beige-100-background-color has-background is-layout-flex wp-container-core-columns-is-layout-9d6595d7 wp-block-columns-is-layout-flex\">\n<div class=\"wp-block-column is-layout-flow wp-block-column-is-layout-flow\" style=\"flex-basis:66.66%\">\n<script type=\"text\/javascript\" src=\"https:\/\/via.tt.se\/embedded\/prs_embedded.js\"><\/script>\n<div id=\"embedded-pressroom-subscription\" data-publisher=\"3236844\" data-subscribe=\"type=PR\"><\/div>\n<\/div>\n\n\n\n<div class=\"wp-block-column is-layout-flow wp-block-column-is-layout-flow\" style=\"flex-basis:33.33%\"><\/div>\n<\/div>\n\n<div class=\"wp-block-query posts-list p4-query-loop is-custom-layout-list is-layout-flow wp-block-query-is-layout-flow\">\n<div class=\"wp-block-group is-content-justification-space-between is-layout-flex wp-container-core-group-is-layout-3d213aab wp-block-group-is-layout-flex\">\n<h2 class=\"wp-block-heading\">Senaste pressmeddelanden<\/h2>\n<\/div>\n\n\n\n<p style=\"margin-top:24px;margin-bottom:36px\"><\/p>\n\n\n\n\n<ul class=\"wp-block-post-template is-layout-flow wp-block-post-template-is-layout-flow\"><li class=\"wp-block-post post-66168 post type-post status-publish format-standard has-post-thumbnail hentry category-skog tag-biodiversitet tag-skyddaskogen tag-segrar p4-page-type-pressmeddelanden\">\n\n<div class=\"wp-block-columns is-layout-flex wp-container-core-columns-is-layout-9d6595d7 wp-block-columns-is-layout-flex\"><figure class=\"wp-block-post-featured-image\"><a href=\"https:\/\/www.greenpeace.org\/sweden\/pressmeddelanden\/skog\/loreal-bryter-med-sca-bolaget-tappar-annu-en-global-kund\/\" target=\"_self\"  ><img loading=\"lazy\" decoding=\"async\" width=\"1280\" height=\"853\" src=\"https:\/\/www.greenpeace.org\/static\/planet4-sweden-stateless\/2026\/03\/be44c303-greenpeace_forest-scandal-010_web.jpg\" class=\"attachment-post-thumbnail size-post-thumbnail wp-post-image wp-stateless-item\" alt=\"L\u2019Or\u00e9al bryter med SCA &#8211; bolaget tappar \u00e4nnu en global kund\" style=\"object-fit:cover;\" srcset=\"https:\/\/www.greenpeace.org\/static\/planet4-sweden-stateless\/2026\/03\/be44c303-greenpeace_forest-scandal-010_web.jpg 1280w, https:\/\/www.greenpeace.org\/static\/planet4-sweden-stateless\/2026\/03\/be44c303-greenpeace_forest-scandal-010_web-300x200.jpg 300w, https:\/\/www.greenpeace.org\/static\/planet4-sweden-stateless\/2026\/03\/be44c303-greenpeace_forest-scandal-010_web-1024x682.jpg 1024w, https:\/\/www.greenpeace.org\/static\/planet4-sweden-stateless\/2026\/03\/be44c303-greenpeace_forest-scandal-010_web-768x512.jpg 768w, https:\/\/www.greenpeace.org\/static\/planet4-sweden-stateless\/2026\/03\/be44c303-greenpeace_forest-scandal-010_web-510x340.jpg 510w\" sizes=\"auto, (max-width: 1280px) 100vw, 1280px\" data-image-size=\"post-thumbnail\" data-stateless-media-bucket=\"planet4-sweden-stateless\" data-stateless-media-name=\"2026\/03\/be44c303-greenpeace_forest-scandal-010_web.jpg\" \/><\/a><\/figure>\n\n\n<div class=\"wp-block-group is-layout-flow wp-block-group-is-layout-flow\">\n<div class=\"wp-block-group is-layout-flex wp-block-group-is-layout-flex\"><div class=\"wp-block-post-terms\"><a href=\"https:\/\/www.greenpeace.org\/sweden\/kategori\/skog\/\">Skog<\/a><\/div>\n\n<div class=\"taxonomy-post_tag wp-block-post-terms\"><a href=\"https:\/\/www.greenpeace.org\/sweden\/tag\/biodiversitet\/\" rel=\"tag\">biodiversitet<\/a><span class=\"wp-block-post-terms__separator\"> <\/span><a href=\"https:\/\/www.greenpeace.org\/sweden\/tag\/skyddaskogen\/\" rel=\"tag\">skyddaskogen<\/a><span class=\"wp-block-post-terms__separator\"> <\/span><a href=\"https:\/\/www.greenpeace.org\/sweden\/tag\/segrar\/\" rel=\"tag\">segrar<\/a><\/div><\/div>\n\n\n<h3 class=\"wp-block-post-title\"><a href=\"https:\/\/www.greenpeace.org\/sweden\/pressmeddelanden\/skog\/loreal-bryter-med-sca-bolaget-tappar-annu-en-global-kund\/\" target=\"_self\" >L\u2019Or\u00e9al bryter med SCA &#8211; bolaget tappar \u00e4nnu en global kund<\/a><\/h3>\n\n<div class=\"wp-block-post-excerpt\"><p class=\"wp-block-post-excerpt__excerpt\">Det h\u00e4r \u00e4r den tredje globala j\u00e4ttekoncernen som p\u00e5 kort tid brutit med det kontroversiella skogsbolaget. <\/p><\/div>\n\n\n<div class=\"wp-block-group posts-list-meta is-layout-flow wp-block-group-is-layout-flow\"><span class='article-list-item-author'><a href='https:\/\/www.greenpeace.org\/sweden\/author\/ltillman\/'>Ludvig Tillman<\/a><\/span>\n\n<div class=\"wp-block-post-date\"><time datetime=\"2026-03-31T14:51:08+01:00\">mars 31, 2026<\/time><\/div><\/div>\n<\/div>\n<\/div>\n\n<\/li><li class=\"wp-block-post post-66236 post type-post status-publish format-standard has-post-thumbnail hentry category-skog tag-biodiversitet tag-skyddaskogen tag-english p4-page-type-pressmeddelanden\">\n\n<div class=\"wp-block-columns is-layout-flex wp-container-core-columns-is-layout-9d6595d7 wp-block-columns-is-layout-flex\"><figure class=\"wp-block-post-featured-image\"><a href=\"https:\/\/www.greenpeace.org\/sweden\/pressmeddelanden\/skog\/loreal-severs-ties-with-sca-swedish-forestry-giant-loses-another-global-client\/\" target=\"_self\"  ><img loading=\"lazy\" decoding=\"async\" width=\"1280\" height=\"853\" src=\"https:\/\/www.greenpeace.org\/static\/planet4-sweden-stateless\/2026\/03\/be44c303-greenpeace_forest-scandal-010_web.jpg\" class=\"attachment-post-thumbnail size-post-thumbnail wp-post-image wp-stateless-item\" alt=\"L\u2019Or\u00e9al Severs Ties with SCA \u2013 Swedish Forestry Giant Loses Another Global Client\" style=\"object-fit:cover;\" srcset=\"https:\/\/www.greenpeace.org\/static\/planet4-sweden-stateless\/2026\/03\/be44c303-greenpeace_forest-scandal-010_web.jpg 1280w, https:\/\/www.greenpeace.org\/static\/planet4-sweden-stateless\/2026\/03\/be44c303-greenpeace_forest-scandal-010_web-300x200.jpg 300w, https:\/\/www.greenpeace.org\/static\/planet4-sweden-stateless\/2026\/03\/be44c303-greenpeace_forest-scandal-010_web-1024x682.jpg 1024w, https:\/\/www.greenpeace.org\/static\/planet4-sweden-stateless\/2026\/03\/be44c303-greenpeace_forest-scandal-010_web-768x512.jpg 768w, https:\/\/www.greenpeace.org\/static\/planet4-sweden-stateless\/2026\/03\/be44c303-greenpeace_forest-scandal-010_web-510x340.jpg 510w\" sizes=\"auto, (max-width: 1280px) 100vw, 1280px\" data-image-size=\"post-thumbnail\" data-stateless-media-bucket=\"planet4-sweden-stateless\" data-stateless-media-name=\"2026\/03\/be44c303-greenpeace_forest-scandal-010_web.jpg\" \/><\/a><\/figure>\n\n\n<div class=\"wp-block-group is-layout-flow wp-block-group-is-layout-flow\">\n<div class=\"wp-block-group is-layout-flex wp-block-group-is-layout-flex\"><div class=\"wp-block-post-terms\"><a href=\"https:\/\/www.greenpeace.org\/sweden\/kategori\/skog\/\">Skog<\/a><\/div>\n\n<div class=\"taxonomy-post_tag wp-block-post-terms\"><a href=\"https:\/\/www.greenpeace.org\/sweden\/tag\/biodiversitet\/\" rel=\"tag\">biodiversitet<\/a><span class=\"wp-block-post-terms__separator\"> <\/span><a href=\"https:\/\/www.greenpeace.org\/sweden\/tag\/skyddaskogen\/\" rel=\"tag\">skyddaskogen<\/a><span class=\"wp-block-post-terms__separator\"> <\/span><a href=\"https:\/\/www.greenpeace.org\/sweden\/tag\/english\/\" rel=\"tag\">english<\/a><\/div><\/div>\n\n\n<h3 class=\"wp-block-post-title\"><a href=\"https:\/\/www.greenpeace.org\/sweden\/pressmeddelanden\/skog\/loreal-severs-ties-with-sca-swedish-forestry-giant-loses-another-global-client\/\" target=\"_self\" >L\u2019Or\u00e9al Severs Ties with SCA \u2013 Swedish Forestry Giant Loses Another Global Client<\/a><\/h3>\n\n<div class=\"wp-block-post-excerpt\"><p class=\"wp-block-post-excerpt__excerpt\">This marks the third global corporation in a short period to distance itself from the controversial Swedish forestry company. <\/p><\/div>\n\n\n<div class=\"wp-block-group posts-list-meta is-layout-flow wp-block-group-is-layout-flow\"><span class='article-list-item-author'><a href='https:\/\/www.greenpeace.org\/sweden\/author\/ltillman\/'>Ludvig Tillman<\/a><\/span>\n\n<div class=\"wp-block-post-date\"><time datetime=\"2026-03-31T14:50:00+01:00\">mars 31, 2026<\/time><\/div><\/div>\n<\/div>\n<\/div>\n\n<\/li><li class=\"wp-block-post post-66144 post type-post status-publish format-standard has-post-thumbnail hentry category-energi tag-atomkraft tag-biodiversitet tag-svenskpolitik p4-page-type-pressmeddelanden\">\n\n<div class=\"wp-block-columns is-layout-flex wp-container-core-columns-is-layout-9d6595d7 wp-block-columns-is-layout-flex\"><figure class=\"wp-block-post-featured-image\"><a href=\"https:\/\/www.greenpeace.org\/sweden\/pressmeddelanden\/energi\/4-617-personer-sager-nej-till-vattenfalls-reaktorplaner\/\" target=\"_self\"  ><img loading=\"lazy\" decoding=\"async\" width=\"1280\" height=\"1231\" src=\"https:\/\/www.greenpeace.org\/static\/planet4-sweden-stateless\/2026\/03\/b62e5437-biskopshagen-@bjornsehlin-2_web.jpg\" class=\"attachment-post-thumbnail size-post-thumbnail wp-post-image wp-stateless-item\" alt=\"4 617 personer s\u00e4ger nej till Vattenfalls reaktorplaner\" style=\"object-fit:cover;\" srcset=\"https:\/\/www.greenpeace.org\/static\/planet4-sweden-stateless\/2026\/03\/b62e5437-biskopshagen-@bjornsehlin-2_web.jpg 1280w, https:\/\/www.greenpeace.org\/static\/planet4-sweden-stateless\/2026\/03\/b62e5437-biskopshagen-@bjornsehlin-2_web-300x289.jpg 300w, https:\/\/www.greenpeace.org\/static\/planet4-sweden-stateless\/2026\/03\/b62e5437-biskopshagen-@bjornsehlin-2_web-1024x985.jpg 1024w, https:\/\/www.greenpeace.org\/static\/planet4-sweden-stateless\/2026\/03\/b62e5437-biskopshagen-@bjornsehlin-2_web-768x739.jpg 768w, https:\/\/www.greenpeace.org\/static\/planet4-sweden-stateless\/2026\/03\/b62e5437-biskopshagen-@bjornsehlin-2_web-354x340.jpg 354w\" sizes=\"auto, (max-width: 1280px) 100vw, 1280px\" data-image-size=\"post-thumbnail\" data-stateless-media-bucket=\"planet4-sweden-stateless\" data-stateless-media-name=\"2026\/03\/b62e5437-biskopshagen-@bjornsehlin-2_web.jpg\" \/><\/a><\/figure>\n\n\n<div class=\"wp-block-group is-layout-flow wp-block-group-is-layout-flow\">\n<div class=\"wp-block-group is-layout-flex wp-block-group-is-layout-flex\"><div class=\"wp-block-post-terms\"><a href=\"https:\/\/www.greenpeace.org\/sweden\/kategori\/energi\/\">Energi<\/a><\/div>\n\n<div class=\"taxonomy-post_tag wp-block-post-terms\"><a href=\"https:\/\/www.greenpeace.org\/sweden\/tag\/atomkraft\/\" rel=\"tag\">atomkraft<\/a><span class=\"wp-block-post-terms__separator\"> <\/span><a href=\"https:\/\/www.greenpeace.org\/sweden\/tag\/biodiversitet\/\" rel=\"tag\">biodiversitet<\/a><span class=\"wp-block-post-terms__separator\"> <\/span><a href=\"https:\/\/www.greenpeace.org\/sweden\/tag\/svenskpolitik\/\" rel=\"tag\">svenskpolitik<\/a><\/div><\/div>\n\n\n<h3 class=\"wp-block-post-title\"><a href=\"https:\/\/www.greenpeace.org\/sweden\/pressmeddelanden\/energi\/4-617-personer-sager-nej-till-vattenfalls-reaktorplaner\/\" target=\"_self\" >4 617 personer s\u00e4ger nej till Vattenfalls reaktorplaner<\/a><\/h3>\n\n<div class=\"wp-block-post-excerpt\"><p class=\"wp-block-post-excerpt__excerpt\">Vattenfalls ans\u00f6kan om att upph\u00e4va delar av Biskopshagens naturreservat f\u00f6r att bygga nya reaktorer vid Ringhals k\u00e4rnkraftverk uppr\u00f6r. F\u00f6religger inte \u201csynnerliga sk\u00e4l\u201d. <\/p><\/div>\n\n\n<div class=\"wp-block-group posts-list-meta is-layout-flow wp-block-group-is-layout-flow\"><span class='article-list-item-author'><a href='https:\/\/www.greenpeace.org\/sweden\/author\/ltillman\/'>Ludvig Tillman<\/a><\/span>\n\n<div class=\"wp-block-post-date\"><time datetime=\"2026-03-31T07:26:50+01:00\">mars 31, 2026<\/time><\/div><\/div>\n<\/div>\n<\/div>\n\n<\/li><\/ul>\n\n\n<div class=\"wp-block-buttons carousel-controls is-horizontal is-content-justification-space-between is-nowrap is-layout-flex wp-container-core-buttons-is-layout-044bd602 wp-block-buttons-is-layout-flex\">\n<div class=\"wp-block-button carousel-control-prev\"><button type=\"button\" class=\"wp-block-button__link wp-element-button\">Prev<\/button><\/div>\n\n\n\n<div class=\"wp-block-button carousel-control-next\"><button type=\"button\" class=\"wp-block-button__link wp-element-button\">Next<\/button><\/div>\n<\/div>\n<\/div>\n","protected":false},"excerpt":{"rendered":"<p>H\u00e4r samlar vi kontaktuppgifter och pressbilder p\u00e5 v\u00e5ra talespersoner i Greenpeace Sverige.<\/p>\n","protected":false},"author":22,"featured_media":60489,"parent":230,"menu_order":0,"comment_status":"closed","ping_status":"closed","template":"","meta":{"ep_exclude_from_search":false,"p4_hide_page_title_checkbox":"on","p4_title":"","p4_subtitle":"","p4_description":"","background_image_id":"","background_image":"","p4_button_title":"","p4_button_link":"","p4_button_link_checkbox":"","p4_og_title":"","p4_og_description":"","p4_og_image":"","p4_og_image_id":"","p4_seo_canonical_url":"","p4_campaign_name":"not set","p4_local_project":"not set","p4_basket_name":"not set","p4_department":"","footnotes":""},"categories":[1],"tags":[13],"class_list":["post-510","page","type-page","status-publish","has-post-thumbnail","hentry","category-greenpeace","tag-omgreenpeace"],"_links":{"self":[{"href":"https:\/\/www.greenpeace.org\/sweden\/wp-json\/wp\/v2\/pages\/510","targetHints":{"allow":["GET"]}}],"collection":[{"href":"https:\/\/www.greenpeace.org\/sweden\/wp-json\/wp\/v2\/pages"}],"about":[{"href":"https:\/\/www.greenpeace.org\/sweden\/wp-json\/wp\/v2\/types\/page"}],"author":[{"embeddable":true,"href":"https:\/\/www.greenpeace.org\/sweden\/wp-json\/wp\/v2\/users\/22"}],"replies":[{"embeddable":true,"href":"https:\/\/www.greenpeace.org\/sweden\/wp-json\/wp\/v2\/comments?post=510"}],"version-history":[{"count":20,"href":"https:\/\/www.greenpeace.org\/sweden\/wp-json\/wp\/v2\/pages\/510\/revisions"}],"predecessor-version":[{"id":66155,"href":"https:\/\/www.greenpeace.org\/sweden\/wp-json\/wp\/v2\/pages\/510\/revisions\/66155"}],"up":[{"embeddable":true,"href":"https:\/\/www.greenpeace.org\/sweden\/wp-json\/wp\/v2\/pages\/230"}],"wp:featuredmedia":[{"embeddable":true,"href":"https:\/\/www.greenpeace.org\/sweden\/wp-json\/wp\/v2\/media\/60489"}],"wp:attachment":[{"href":"https:\/\/www.greenpeace.org\/sweden\/wp-json\/wp\/v2\/media?parent=510"}],"wp:term":[{"taxonomy":"category","embeddable":true,"href":"https:\/\/www.greenpeace.org\/sweden\/wp-json\/wp\/v2\/categories?post=510"},{"taxonomy":"post_tag","embeddable":true,"href":"https:\/\/www.greenpeace.org\/sweden\/wp-json\/wp\/v2\/tags?post=510"}],"curies":[{"name":"wp","href":"https:\/\/api.w.org\/{rel}","templated":true}]}}