{"id":63432,"date":"2025-06-04T10:38:28","date_gmt":"2025-06-04T09:38:28","guid":{"rendered":"https:\/\/www.greenpeace.org\/sweden\/?page_id=63432"},"modified":"2026-02-02T18:59:03","modified_gmt":"2026-02-02T17:59:03","slug":"stora-gavor","status":"publish","type":"page","link":"https:\/\/www.greenpeace.org\/sweden\/agera\/stora-gavor\/","title":{"rendered":"Stora g\u00e5vor &amp; filantropi &#8211; partnerskap f\u00f6r planeten"},"content":{"rendered":"\n<div class=\"wp-block-planet4-blocks-carousel-header\"><div data-hydrate=\"planet4-blocks\/carousel-header\" data-attributes=\"{&quot;carousel_autoplay&quot;:false,&quot;slides&quot;:[{&quot;image&quot;:63295,&quot;focal_points&quot;:[],&quot;header&quot;:&quot;Stora g\u00e5vor &amp;amp; filantropi - partnerskap f\u00f6r planeten&quot;,&quot;description&quot;:&quot;Greenpeace \u00e4r en oberoende milj\u00f6organisation som arbetar globalt f\u00f6r att skydda v\u00e5r planet. Vi tar inte emot pengar fr\u00e5n stater eller f\u00f6retag, d\u00e4rf\u00f6r \u00e4r st\u00f6d fr\u00e5n privatpersoner och stiftelser avg\u00f6rande f\u00f6r v\u00e5rt arbete.&quot;,&quot;link_text&quot;:&quot;Kontakta oss&quot;,&quot;link_url&quot;:&quot;#kontakt&quot;,&quot;link_url_new_tab&quot;:false,&quot;image_url&quot;:&quot;https:\/\/www.greenpeace.org\/static\/planet4-sweden-stateless\/2025\/05\/116c87e8-hands.jpg&quot;,&quot;image_srcset&quot;:&quot;https:\/\/www.greenpeace.org\/static\/planet4-sweden-stateless\/2025\/05\/116c87e8-hands-150x150.jpg 150w,https:\/\/www.greenpeace.org\/static\/planet4-sweden-stateless\/2025\/05\/116c87e8-hands-300x145.jpg 300w,https:\/\/www.greenpeace.org\/static\/planet4-sweden-stateless\/2025\/05\/116c87e8-hands-1024x495.jpg 1024w,https:\/\/www.greenpeace.org\/static\/planet4-sweden-stateless\/2025\/05\/116c87e8-hands.jpg 1200w&quot;}],&quot;currentImageIndex&quot;:0}\"><section class=\"block block-header alignfull carousel-header \"><div class=\"carousel-wrapper-header\"><div class=\"carousel-inner\" role=\"listbox\"><div class=\"carousel-item active\"><div class=\"carousel-item-mask\"><div class=\"background-holder\"><img decoding=\"async\" src=\"https:\/\/www.greenpeace.org\/static\/planet4-sweden-stateless\/2025\/05\/116c87e8-hands.jpg\" style=\"object-position:50% 50%\" srcSet=\"https:\/\/www.greenpeace.org\/static\/planet4-sweden-stateless\/2025\/05\/116c87e8-hands-150x150.jpg 150w,https:\/\/www.greenpeace.org\/static\/planet4-sweden-stateless\/2025\/05\/116c87e8-hands-300x145.jpg 300w,https:\/\/www.greenpeace.org\/static\/planet4-sweden-stateless\/2025\/05\/116c87e8-hands-1024x495.jpg 1024w,https:\/\/www.greenpeace.org\/static\/planet4-sweden-stateless\/2025\/05\/116c87e8-hands.jpg 1200w\"\/><\/div><div class=\"carousel-caption\"><div class=\"caption-overlay\"><\/div><div class=\"container main-header\"><div class=\"carousel-captions-wrapper\"><h2>Stora g\u00e5vor &amp; filantropi &#8211; partnerskap f\u00f6r planeten<\/h2><p>Greenpeace \u00e4r en oberoende milj\u00f6organisation som arbetar globalt f\u00f6r att skydda v\u00e5r planet. Vi tar inte emot pengar fr\u00e5n stater eller f\u00f6retag, d\u00e4rf\u00f6r \u00e4r st\u00f6d fr\u00e5n privatpersoner och stiftelser avg\u00f6rande f\u00f6r v\u00e5rt arbete.<\/p><\/div><div class=\"col-xs-12 col-sm-8 col-md-4 action-button\"><a href=\"#kontakt\" class=\"btn btn-primary\" data-ga-category=\"Carousel Header\" data-ga-action=\"Call to Action\"><span>Kontakta oss<\/span><\/a><\/div><\/div><\/div><\/div><\/div><\/div><\/div><\/section><\/div><\/div>\n\n<h2 class=\"wp-block-heading\">Donera ett st\u00f6rre belopp till Greenpeace arbete<\/h2>\n\n<p class=\"has-medium-font-size\"><strong>Maximal p\u00e5verkan. <\/strong>Vi kombinerar forskning och vetenskap med kreativ kommunikation, p\u00e5verkansarbete och mobilisering. Vi driver igenom f\u00f6r\u00e4ndring d\u00e4r det beh\u00f6vs som mest. Din g\u00e5va m\u00f6jligg\u00f6r Greenpeace arbete f\u00f6r att skydda biologisk m\u00e5ngfald, hindra milj\u00f6f\u00f6rst\u00f6ring, bek\u00e4mpa klimatf\u00f6r\u00e4ndringarna och fr\u00e4mja l\u00e5ngsiktigt h\u00e5llbara l\u00f6sningar.<\/p>\n\n<p class=\"has-medium-font-size\"><strong>Vetenskap i centrum.<\/strong> V\u00e5ra kampanjer bygger p\u00e5 oberoende forskning, avancerade analyser och vetenskapliga expeditioner till n\u00e5gra av v\u00e4rldens mest avl\u00e4gsna platser och s\u00e5rbara ekosystem.&nbsp;<\/p>\n\n<p class=\"has-medium-font-size\"><strong>Oberoende och integritet. <\/strong>Greenpeace \u00e4r fri fr\u00e5n politiska och kommersiella intressen, vilket garanterar att din donation anv\u00e4nds f\u00f6r att driva verklig f\u00f6r\u00e4ndring d\u00e4r den beh\u00f6vs som mest.<\/p>\n\n<p class=\"has-medium-font-size\"><strong>Resultat och p\u00e5verkan.<\/strong> Du f\u00e5r f\u00f6lja vilken skillnad din g\u00e5va m\u00f6jligg\u00f6r genom uppdateringar, rapporter och personliga ber\u00e4ttelser fr\u00e5n v\u00e5rt kampanjarbete.<\/p>\n\n<div style=\"height:15px\" aria-hidden=\"true\" class=\"wp-block-spacer\"><\/div>\n\n<h2 class=\"wp-block-heading\"><strong>Tillsammans kan vi skapa en h\u00e5llbar framtid<\/strong><\/h2>\n\n<figure class=\"wp-block-embed is-type-video is-provider-youtube wp-block-embed-youtube wp-embed-aspect-16-9 wp-has-aspect-ratio\"><div class=\"wp-block-embed__wrapper\">\n<iframe loading=\"lazy\" title=\"Inga passagerare \u2013 bara bes\u00e4ttning\" width=\"500\" height=\"281\" src=\"https:\/\/www.youtube.com\/embed\/giSWZIxGik0?feature=oembed\" frameborder=\"0\" allow=\"accelerometer; autoplay; clipboard-write; encrypted-media; gyroscope; picture-in-picture; web-share\" referrerpolicy=\"strict-origin-when-cross-origin\" allowfullscreen><\/iframe>\n<\/div><\/figure>\n\n<div style=\"height:15px\" aria-hidden=\"true\" class=\"wp-block-spacer\"><\/div>\n\n<h3 class=\"wp-block-heading\"><strong>S\u00e5 kan du som filantrop eller stiftelse donera<\/strong>:<\/h3>\n\n<div class=\"wp-block-columns is-layout-flex wp-container-core-columns-is-layout-9d6595d7 wp-block-columns-is-layout-flex\">\n<div class=\"wp-block-column is-layout-flow wp-block-column-is-layout-flow\" style=\"flex-basis:100%\">\n<ul class=\"wp-block-list\">\n<li class=\"has-medium-font-size\"><strong>Eng\u00e5ngsg\u00e5va:<\/strong> G\u00f6r en betydande insats f\u00f6r ett specifikt projekt eller kampanjomr\u00e5de under ett \u00e5r eller l\u00e4ngre<\/li>\n\n\n\n<li class=\"has-medium-font-size\"><strong>Bidra l\u00e5ngsiktigt:<\/strong> Bidra p\u00e5 \u00e5rsbasis f\u00f6r att m\u00f6jligg\u00f6ra l\u00e5ngsiktig planering och p\u00e5verkan<\/li>\n<\/ul>\n<\/div>\n<\/div>\n\n<div style=\"height:30px\" aria-hidden=\"true\" id=\"kontakt\" class=\"wp-block-spacer\"><\/div>\n\n<h2 class=\"wp-block-heading has-text-align-left\"><strong>Kontakta oss f\u00f6r ett personligt samtal eller om du vill veta mer<\/strong><\/h2>\n\n<div class=\"wp-block-group is-layout-flow wp-block-group-is-layout-flow\" style=\"padding-right:var(--wp--preset--spacing--50);padding-left:var(--wp--preset--spacing--50)\">\n<div class=\"wp-block-columns has-beige-100-background-color has-background is-layout-flex wp-container-core-columns-is-layout-9d6595d7 wp-block-columns-is-layout-flex\">\n<div class=\"wp-block-column is-layout-flow wp-block-column-is-layout-flow\" style=\"flex-basis:50%\">\n<figure class=\"wp-block-image aligncenter size-full is-resized is-style-rounded-180\"><img loading=\"lazy\" decoding=\"async\" width=\"1501\" height=\"1511\" src=\"https:\/\/www.greenpeace.org\/static\/planet4-sweden-stateless\/2025\/06\/f919e96d-jenny.jpg\" alt=\"\" class=\"wp-image-63854\" style=\"aspect-ratio:1;object-fit:cover;width:200px\" srcset=\"https:\/\/www.greenpeace.org\/static\/planet4-sweden-stateless\/2025\/06\/f919e96d-jenny.jpg 1501w, https:\/\/www.greenpeace.org\/static\/planet4-sweden-stateless\/2025\/06\/f919e96d-jenny-298x300.jpg 298w, https:\/\/www.greenpeace.org\/static\/planet4-sweden-stateless\/2025\/06\/f919e96d-jenny-1017x1024.jpg 1017w, https:\/\/www.greenpeace.org\/static\/planet4-sweden-stateless\/2025\/06\/f919e96d-jenny-150x150.jpg 150w, https:\/\/www.greenpeace.org\/static\/planet4-sweden-stateless\/2025\/06\/f919e96d-jenny-768x773.jpg 768w, https:\/\/www.greenpeace.org\/static\/planet4-sweden-stateless\/2025\/06\/f919e96d-jenny-1357x1366.jpg 1357w, https:\/\/www.greenpeace.org\/static\/planet4-sweden-stateless\/2025\/06\/f919e96d-jenny-338x340.jpg 338w\" sizes=\"auto, (max-width: 1501px) 100vw, 1501px\" \/><\/figure>\n<\/div>\n\n\n\n<div class=\"wp-block-column is-vertically-aligned-center is-layout-flow wp-block-column-is-layout-flow\" style=\"flex-basis:75%\">\n<div style=\"height:2px\" aria-hidden=\"true\" class=\"wp-block-spacer\"><\/div>\n\n\n\n<h4 class=\"wp-block-heading has-large-font-size\"><strong>Jenny Wass<\/strong><\/h4>\n\n\n\n<p>Ansvarig f\u00f6r stora givare, stiftelser och filantropi<\/p>\n\n\n\n<p><a href=\"mailto:jenny.wass@greenpeace.org\">jenny.wass@greenpeace.org<\/a><\/p>\n\n\n\n<p>Telefon: 079 142 65 86<\/p>\n\n\n\n<div style=\"height:5px\" aria-hidden=\"true\" class=\"wp-block-spacer\"><\/div>\n<\/div>\n<\/div>\n<\/div>\n\n<div class=\"wp-block-group is-layout-flow wp-block-group-is-layout-flow\" style=\"padding-right:var(--wp--preset--spacing--70);padding-left:var(--wp--preset--spacing--70)\">\n<div class=\"wp-block-columns is-layout-flex wp-container-core-columns-is-layout-9d6595d7 wp-block-columns-is-layout-flex\">\n<div class=\"wp-block-column is-layout-flow wp-block-column-is-layout-flow\" style=\"flex-basis:50%\">\n<figure class=\"wp-block-image aligncenter size-full is-resized is-style-rounded-180\"><img loading=\"lazy\" decoding=\"async\" width=\"2560\" height=\"2560\" src=\"https:\/\/www.greenpeace.org\/static\/planet4-sweden-stateless\/2025\/06\/26fd9e5e-johannafelixprofil-scaled.jpg\" alt=\"\" class=\"wp-image-63856\" style=\"aspect-ratio:1;object-fit:cover;width:200px\" srcset=\"https:\/\/www.greenpeace.org\/static\/planet4-sweden-stateless\/2025\/06\/26fd9e5e-johannafelixprofil-scaled.jpg 2560w, https:\/\/www.greenpeace.org\/static\/planet4-sweden-stateless\/2025\/06\/26fd9e5e-johannafelixprofil-300x300.jpg 300w, https:\/\/www.greenpeace.org\/static\/planet4-sweden-stateless\/2025\/06\/26fd9e5e-johannafelixprofil-1024x1024.jpg 1024w, https:\/\/www.greenpeace.org\/static\/planet4-sweden-stateless\/2025\/06\/26fd9e5e-johannafelixprofil-150x150.jpg 150w, https:\/\/www.greenpeace.org\/static\/planet4-sweden-stateless\/2025\/06\/26fd9e5e-johannafelixprofil-768x768.jpg 768w, https:\/\/www.greenpeace.org\/static\/planet4-sweden-stateless\/2025\/06\/26fd9e5e-johannafelixprofil-1536x1536.jpg 1536w, https:\/\/www.greenpeace.org\/static\/planet4-sweden-stateless\/2025\/06\/26fd9e5e-johannafelixprofil-2048x2048.jpg 2048w, https:\/\/www.greenpeace.org\/static\/planet4-sweden-stateless\/2025\/06\/26fd9e5e-johannafelixprofil-1366x1366.jpg 1366w, https:\/\/www.greenpeace.org\/static\/planet4-sweden-stateless\/2025\/06\/26fd9e5e-johannafelixprofil-340x340.jpg 340w\" sizes=\"auto, (max-width: 2560px) 100vw, 2560px\" \/><\/figure>\n<\/div>\n\n\n\n<div class=\"wp-block-column is-vertically-aligned-center is-layout-flow wp-block-column-is-layout-flow\" style=\"flex-basis:75%\">\n<div style=\"height:2px\" aria-hidden=\"true\" class=\"wp-block-spacer\"><\/div>\n\n\n\n<h4 class=\"wp-block-heading has-large-font-size\"><strong><strong>Johanna Felix<\/strong><\/strong><\/h4>\n\n\n\n<p>Ansvarig f\u00f6r stora givare, stiftelser och filantropi<\/p>\n\n\n\n<p><a href=\"mailto:johanna.felix@greenpeace.org\">johanna.felix@greenpeace.org<\/a><\/p>\n\n\n\n<p>Telefon: 070 328 41 75<\/p>\n\n\n\n<div style=\"height:5px\" aria-hidden=\"true\" class=\"wp-block-spacer\"><\/div>\n<\/div>\n<\/div>\n<\/div>\n\n<p><\/p>\n","protected":false},"excerpt":{"rendered":"<p>Greenpeace \u00e4r en oberoende milj\u00f6organisation som arbetar globalt f\u00f6r att skydda v\u00e5r planet. Vi tar inte emot pengar fr\u00e5n stater eller f\u00f6retag, d\u00e4rf\u00f6r \u00e4r st\u00f6d fr\u00e5n privatpersoner och stiftelser avg\u00f6rande f\u00f6r v\u00e5rt arbete.<\/p>\n","protected":false},"author":45,"featured_media":63875,"parent":9,"menu_order":0,"comment_status":"closed","ping_status":"closed","template":"","meta":{"ep_exclude_from_search":false,"p4_hide_page_title_checkbox":"on","p4_title":"","p4_subtitle":"","p4_description":"","background_image_id":"","background_image":"","p4_button_title":"","p4_button_link":"","p4_button_link_checkbox":"","p4_og_title":"","p4_og_description":"","p4_og_image":"","p4_og_image_id":"","p4_seo_canonical_url":"","p4_campaign_name":"","p4_local_project":"","p4_basket_name":"","p4_department":"","footnotes":""},"categories":[1],"tags":[32],"class_list":["post-63432","page","type-page","status-publish","has-post-thumbnail","hentry","category-greenpeace","tag-stod-oss"],"_links":{"self":[{"href":"https:\/\/www.greenpeace.org\/sweden\/wp-json\/wp\/v2\/pages\/63432","targetHints":{"allow":["GET"]}}],"collection":[{"href":"https:\/\/www.greenpeace.org\/sweden\/wp-json\/wp\/v2\/pages"}],"about":[{"href":"https:\/\/www.greenpeace.org\/sweden\/wp-json\/wp\/v2\/types\/page"}],"author":[{"embeddable":true,"href":"https:\/\/www.greenpeace.org\/sweden\/wp-json\/wp\/v2\/users\/45"}],"replies":[{"embeddable":true,"href":"https:\/\/www.greenpeace.org\/sweden\/wp-json\/wp\/v2\/comments?post=63432"}],"version-history":[{"count":20,"href":"https:\/\/www.greenpeace.org\/sweden\/wp-json\/wp\/v2\/pages\/63432\/revisions"}],"predecessor-version":[{"id":65639,"href":"https:\/\/www.greenpeace.org\/sweden\/wp-json\/wp\/v2\/pages\/63432\/revisions\/65639"}],"up":[{"embeddable":true,"href":"https:\/\/www.greenpeace.org\/sweden\/wp-json\/wp\/v2\/pages\/9"}],"wp:featuredmedia":[{"embeddable":true,"href":"https:\/\/www.greenpeace.org\/sweden\/wp-json\/wp\/v2\/media\/63875"}],"wp:attachment":[{"href":"https:\/\/www.greenpeace.org\/sweden\/wp-json\/wp\/v2\/media?parent=63432"}],"wp:term":[{"taxonomy":"category","embeddable":true,"href":"https:\/\/www.greenpeace.org\/sweden\/wp-json\/wp\/v2\/categories?post=63432"},{"taxonomy":"post_tag","embeddable":true,"href":"https:\/\/www.greenpeace.org\/sweden\/wp-json\/wp\/v2\/tags?post=63432"}],"curies":[{"name":"wp","href":"https:\/\/api.w.org\/{rel}","templated":true}]}}