{"id":66510,"date":"2026-05-07T10:41:57","date_gmt":"2026-05-07T09:41:57","guid":{"rendered":"https:\/\/www.greenpeace.org\/sweden\/?page_id=66510"},"modified":"2026-05-07T13:21:46","modified_gmt":"2026-05-07T12:21:46","slug":"fonster-for-demokrati-bestall-en-valaffisch","status":"publish","type":"page","link":"https:\/\/www.greenpeace.org\/sweden\/agera\/val2026\/fonster-for-demokrati-bestall-en-valaffisch\/","title":{"rendered":"F\u00f6nster f\u00f6r demokrati &#8211; best\u00e4ll en valaffisch"},"content":{"rendered":"\n\n<div class=\"wp-block-group alignfull has-gp-green-10-background-color has-background is-layout-flow wp-block-group-is-layout-flow\">\n<div class=\"wp-block-group container is-layout-flow wp-block-group-is-layout-flow\">\n<div class=\"wp-block-media-text alignfull has-media-on-the-right is-stacked-on-mobile is-pattern-p4-page-header is-style-parallax\"><div class=\"wp-block-media-text__content\">\n<div class=\"wp-block-group is-layout-flow wp-block-group-is-layout-flow\">\n<h1 class=\"wp-block-heading has-gp-green-10-background-color has-background\">F\u00f6nster f\u00f6r demokrati &#8211; best\u00e4ll en valaffisch<\/h1>\n<\/div>\n\n\n\n<p style=\"font-size:1.25rem\">Visa ditt st\u00e4llningstagande! Best\u00e4ll v\u00e5r valaffisch gratis och s\u00e4tt upp den i ditt f\u00f6nster eller d\u00e4r den passar b\u00e4st.<\/p>\n\n\n\n<div class=\"wp-block-buttons is-layout-flex wp-block-buttons-is-layout-flex\"><\/div>\n<\/div><figure class=\"wp-block-media-text__media\"><img loading=\"lazy\" decoding=\"async\" width=\"1024\" height=\"576\" src=\"https:\/\/www.greenpeace.org\/static\/planet4-sweden-stateless\/2026\/04\/3024e700-election-campaign-website-headers-2-1024x576.jpg\" alt=\"\" sizes=\"auto, (min-width: 601px) 50vw, 100vw\" srcset=\"https:\/\/www.greenpeace.org\/static\/planet4-sweden-stateless\/2026\/04\/3024e700-election-campaign-website-headers-2.jpg 1366w, https:\/\/www.greenpeace.org\/static\/planet4-sweden-stateless\/2026\/04\/3024e700-election-campaign-website-headers-2-300x169.jpg 300w, https:\/\/www.greenpeace.org\/static\/planet4-sweden-stateless\/2026\/04\/3024e700-election-campaign-website-headers-2-1024x576.jpg 1024w, https:\/\/www.greenpeace.org\/static\/planet4-sweden-stateless\/2026\/04\/3024e700-election-campaign-website-headers-2-768x432.jpg 768w, https:\/\/www.greenpeace.org\/static\/planet4-sweden-stateless\/2026\/04\/3024e700-election-campaign-website-headers-2-510x287.jpg 510w\" class=\"wp-image-66571 size-full\"\/><\/figure><\/div>\n<\/div>\n<\/div>\n\n\n<div style=\"height:30px\" aria-hidden=\"true\" class=\"wp-block-spacer\"><\/div>\n\n<iframe loading=\"lazy\"\n    src=\"https:\/\/docs.google.com\/forms\/d\/e\/1FAIpQLScd2EkewHXQxGiit9UBfHAXJ-8TjGHuiYSEkQ76isRFfoLXqQ\/viewform?usp=dialog\"\n    width=\"100%\"\n    height=\"2000\"\n    style=\"border:0; overflow:hidden;\"\n    scrolling=\"no\">\n<\/iframe>\n\n<div style=\"height:30px\" aria-hidden=\"true\" class=\"wp-block-spacer\"><\/div>\n\n\n<div class=\"wp-block-group alignfull block has-beige-100-background-color has-background is-layout-flow wp-block-group-is-layout-flow\">\n<div class=\"wp-block-group container is-layout-flow wp-block-group-is-layout-flow\">\n<div style=\"height:24px\" aria-hidden=\"true\" class=\"wp-block-spacer\"><\/div>\n\n\n\n<h2 class=\"wp-block-heading has-text-align-center\">Fler s\u00e4tt att engagera dig<\/h2>\n\n\n\n<p class=\"has-text-align-center\">Det finns m\u00e5nga olika s\u00e4tt att vara med och g\u00f6ra skillnad inf\u00f6r h\u00f6stens \u00f6desval. <br><\/p>\n\n\n\n<div class=\"wp-block-buttons is-content-justification-center is-layout-flex wp-container-core-buttons-is-layout-16018d1d wp-block-buttons-is-layout-flex\">\n<div class=\"wp-block-button is-style-cta\"><a class=\"wp-block-button__link wp-element-button\" href=\"https:\/\/www.greenpeace.org\/sweden\/agera\/val2026\/\">V\u00e4lj det som passar dig b\u00e4st<\/a><\/div>\n<\/div>\n\n\n\n<div style=\"height:30px\" aria-hidden=\"true\" class=\"wp-block-spacer\"><\/div>\n<\/div>\n<\/div>\n\n\n\n<div style=\"height:24px\" aria-hidden=\"true\" class=\"wp-block-spacer\"><\/div>\n\n","protected":false},"excerpt":{"rendered":"<p>Visa ditt st\u00e4llningstagande! Ladda ner v\u00e5r valaffisch och s\u00e4tt upp den &#8211; hemma i f\u00f6nstret eller vart helst den passar!<\/p>\n","protected":false},"author":117,"featured_media":66512,"parent":66261,"menu_order":0,"comment_status":"closed","ping_status":"closed","template":"","meta":{"ep_exclude_from_search":false,"p4_hide_page_title_checkbox":"on","p4_title":"","p4_subtitle":"","p4_description":"","background_image_id":"","background_image":"","p4_button_title":"","p4_button_link":"","p4_button_link_checkbox":"","p4_og_title":"","p4_og_description":"","p4_og_image":"","p4_og_image_id":"","p4_seo_canonical_url":"","p4_campaign_name":"","p4_local_project":"","p4_basket_name":"","p4_department":"","footnotes":""},"categories":[],"tags":[],"class_list":["post-66510","page","type-page","status-publish","has-post-thumbnail","hentry"],"_links":{"self":[{"href":"https:\/\/www.greenpeace.org\/sweden\/wp-json\/wp\/v2\/pages\/66510","targetHints":{"allow":["GET"]}}],"collection":[{"href":"https:\/\/www.greenpeace.org\/sweden\/wp-json\/wp\/v2\/pages"}],"about":[{"href":"https:\/\/www.greenpeace.org\/sweden\/wp-json\/wp\/v2\/types\/page"}],"author":[{"embeddable":true,"href":"https:\/\/www.greenpeace.org\/sweden\/wp-json\/wp\/v2\/users\/117"}],"replies":[{"embeddable":true,"href":"https:\/\/www.greenpeace.org\/sweden\/wp-json\/wp\/v2\/comments?post=66510"}],"version-history":[{"count":18,"href":"https:\/\/www.greenpeace.org\/sweden\/wp-json\/wp\/v2\/pages\/66510\/revisions"}],"predecessor-version":[{"id":67131,"href":"https:\/\/www.greenpeace.org\/sweden\/wp-json\/wp\/v2\/pages\/66510\/revisions\/67131"}],"up":[{"embeddable":true,"href":"https:\/\/www.greenpeace.org\/sweden\/wp-json\/wp\/v2\/pages\/66261"}],"wp:featuredmedia":[{"embeddable":true,"href":"https:\/\/www.greenpeace.org\/sweden\/wp-json\/wp\/v2\/media\/66512"}],"wp:attachment":[{"href":"https:\/\/www.greenpeace.org\/sweden\/wp-json\/wp\/v2\/media?parent=66510"}],"wp:term":[{"taxonomy":"category","embeddable":true,"href":"https:\/\/www.greenpeace.org\/sweden\/wp-json\/wp\/v2\/categories?post=66510"},{"taxonomy":"post_tag","embeddable":true,"href":"https:\/\/www.greenpeace.org\/sweden\/wp-json\/wp\/v2\/tags?post=66510"}],"curies":[{"name":"wp","href":"https:\/\/api.w.org\/{rel}","templated":true}]}}