{"id":1050,"date":"2019-10-15T21:59:18","date_gmt":"2019-10-15T18:59:18","guid":{"rendered":"https:\/\/master.k8s.p4.greenpeace.org\/turkey\/?page_id=1050"},"modified":"2025-09-23T13:05:52","modified_gmt":"2025-09-23T10:05:52","slug":"ciftciyi-koru-tarimi-kurtar","status":"publish","type":"page","link":"https:\/\/www.greenpeace.org\/turkey\/ciftciyi-koru-tarimi-kurtar\/","title":{"rendered":"\u00c7ift\u00e7iyi Koru Tar\u0131m\u0131 Kurtar"},"content":{"rendered":"\n\n<div class=\"wp-block-group alignfull is-layout-flow wp-block-group-is-layout-flow\">\n<div class=\"wp-block-group container is-layout-flow wp-block-group-is-layout-flow\">\n<div class=\"wp-block-media-text alignfull has-media-on-the-right is-stacked-on-mobile is-pattern-p4-page-header is-style-parallax\"><div class=\"wp-block-media-text__content\">\n<div class=\"wp-block-group is-layout-flow wp-block-group-is-layout-flow\">\n<h1 class=\"wp-block-heading has-white-background-color has-background\">\n                            \u00c7ift\u00e7iyi Koru Tar\u0131m\u0131 Kurtar\n                        <\/h1>\n<\/div>\n\n\n\n<p style=\"font-size:1.25rem\">\n                            T\u00fcrkiye\u2019de \u00e7ift\u00e7iler her ge\u00e7en g\u00fcn g\u00fc\u00e7 kaybediyor. Belediyelerin denetimi alt\u0131nda a\u00e7\u0131lacak \u00fcretici pazarlar\u0131yla hem \u00e7ift\u00e7i kazanacak, hem de t\u00fcketici daha sa\u011fl\u0131kl\u0131 g\u0131daya ula\u015fabilecek. Ekolojik bir gelecek i\u00e7in sen de belediyenden talep et, \u015fehrinde \u00fcretici pazarlar\u0131 a\u00e7\u0131ls\u0131n ve yayg\u0131nla\u015fs\u0131n!\n                        <\/p>\n<\/div><figure class=\"wp-block-media-text__media\"><img loading=\"lazy\" decoding=\"async\" width=\"1920\" height=\"1080\" src=\"https:\/\/www.greenpeace.org\/static\/planet4-turkey-stateless\/2020\/01\/fadc0918-cifciyi-koru-tarimi-kurtar-2020.jpg\" alt=\"\" sizes=\"auto, (min-width: 601px) 50vw, 100vw\" srcset=\"\" class=\"wp-image-1878 size-full\"\/><\/figure><\/div>\n<\/div>\n<\/div>\n\n<div data-render=\"planet4-blocks\/columns\" data-attributes=\"{&quot;attributes&quot;:{&quot;columns&quot;:[{&quot;title&quot;:&quot;SAYILARLA T\\u00dcRK\\u0130YE&#039;DE TARIM&quot;,&quot;description&quot;:&quot;Ge\\u00e7mi\\u015fte tar\\u0131m \\u00fclkesi olan T\\u00fcrkiye&#039;de art\\u0131k temel g\\u0131da ihtiya\\u00e7lar\\u0131 bile ithal ediliyor. T\\u00dc\\u0130K verilerine g\\u00f6re tar\\u0131m alanlar\\u0131 2001-2018 aras\\u0131nda %12 azald\\u0131. 2018 y\\u0131l\\u0131nda bu\\u011fday ithalat\\u0131 %32 artt\\u0131. 1970\\u2019te tar\\u0131msal istihdam\\u0131n toplam istihdama oran\\u0131 %65 iken bug\\u00fcn bu oran %7\\u2019ye kadar geriledi.&quot;,&quot;link_new_tab&quot;:false},{&quot;title&quot;:&quot;\\u00dcRET\\u0130C\\u0130 PAZARI NED\\u0130R?&quot;,&quot;description&quot;:&quot;\\u015eehirlerde yayg\\u0131n olarak kar\\u015f\\u0131la\\u015ft\\u0131\\u011f\\u0131m\\u0131z pazarlar semt pazar\\u0131 olarak biliniyor. Semt pazar\\u0131nda arac\\u0131lar yer alabilir ya da hallerden \\u00fcr\\u00fcn al\\u0131p pazarda sat\\u0131\\u015f yap\\u0131labilirken \\u00fcretici pazar\\u0131nda sadece \\u00fcreticiler sat\\u0131\\u015f yapabiliyor. Yani \\u00fcretici pazar\\u0131nda do\\u011frudan \\u00e7ift\\u00e7iler kazan\\u0131yor.&quot;,&quot;link_new_tab&quot;:false},{&quot;title&quot;:&quot;BELED\\u0130YELER\\u0130N ROL\\u00dc NED\\u0130R?&quot;,&quot;description&quot;:&quot;\\u00dcretici pazarlar\\u0131n\\u0131n kurulmas\\u0131 ve denetlenmesi yasaya g\\u00f6re belediyelerin sorumlulu\\u011fu alt\\u0131nda. Dolay\\u0131s\\u0131yla yerel y\\u00f6netimlere \\u00e7ok \\u00f6nemli bir rol d\\u00fc\\u015f\\u00fcyor. \\u00dcreticilerin organize edilmesi, nakliye konusunda planlama yap\\u0131lmas\\u0131 ve pazar yerlerinin altyap\\u0131s\\u0131n\\u0131n haz\\u0131rlanmas\\u0131 belediyeler taraf\\u0131ndan y\\u00fcr\\u00fct\\u00fclmeli.&quot;,&quot;link_new_tab&quot;:false},{&quot;title&quot;:&quot;EKOLOJ\\u0130K B\\u0130R GELECEK \\u0130\\u00c7\\u0130N&quot;,&quot;description&quot;:&quot;Ekolojik tar\\u0131m modeli g\\u0131da tedarikini \\u015firketlerin de\\u011fil, u\\u0308retici ve tu\\u0308keticilerin kontrol etti\\u011fi bir du\\u0308nyay\\u0131 destekliyor. Bu, iklim kriziyle m\\u00fccadele etmek i\\u00e7in de \\u00e7ok \\u00f6nemli. \\u00c7ift\\u00e7iyi korumak ve tar\\u0131m\\u0131n yeniden kalk\\u0131nmas\\u0131 i\\u00e7in \\u015fimdi sen de belediyenden \\u00fcretici pazar\\u0131 talep et, imza ver!&quot;,&quot;link_new_tab&quot;:false}],&quot;className&quot;:&quot;is-style-no_image&quot;,&quot;columns_block_style&quot;:&quot;no_image&quot;}}\"><\/div><div data-render=\"planet4-blocks\/columns\" data-attributes=\"{&quot;attributes&quot;:{&quot;columns_block_style&quot;:&quot;tasks&quot;,&quot;columns_title&quot;:&quot;Neler yapabilirsin?&quot;,&quot;columns&quot;:[{&quot;title&quot;:&quot;Belediyenden Talep Et&quot;,&quot;description&quot;:&quot;Belediyelerin denetimi alt\\u0131nda a\\u00e7\\u0131lacak \\u00fcretici pazarlar\\u0131yla hem \\u00e7ift\\u00e7i kazanacak, hem de t\\u00fcketici daha sa\\u011fl\\u0131kl\\u0131 g\\u0131daya ula\\u015fabilecek. Ekolojik bir gelecek i\\u00e7in sen de belediyenden talep et, \\u015fehrinde \\u00fcretici pazarlar\\u0131 a\\u00e7\\u0131ls\\u0131n ve yayg\\u0131nla\\u015fs\\u0131n!&quot;,&quot;cta_link&quot;:&quot;http:\\\/\\\/tarimikurtar.org\\\/&quot;,&quot;link_new_tab&quot;:false,&quot;cta_text&quot;:&quot;\\u0130mza ver&quot;},{&quot;title&quot;:&quot;Videoyu Payla\\u015f&quot;,&quot;description&quot;:&quot;\\u00c7ift\\u00e7ileri refaha ula\\u015ft\\u0131racak, T\\u00fcrkiye\\u2019de tar\\u0131m\\u0131 yeniden kalk\\u0131nd\\u0131racak ve ekolojik bir gelece\\u011fin temellerini atacak bir \\u00e7\\u00f6z\\u00fcm var masada: \\u00dcretici Pazarlar\\u0131.&quot;,&quot;cta_link&quot;:&quot;https:\\\/\\\/www.instagram.com\\\/p\\\/B3roT9OHYH-\\\/&quot;,&quot;link_new_tab&quot;:false,&quot;cta_text&quot;:&quot;\\u0130zle\\\/Payla\\u015f&quot;},{&quot;title&quot;:&quot;Twitter&#039;\\u0131 Kullan&quot;,&quot;description&quot;:&quot;Twitter, belediyelerle ileti\\u015fime ge\\u00e7mek i\\u00e7in g\\u00fc\\u00e7l\\u00fc bir kanal. Belediyeni Twitter&#039;da etiketle ve \\u00fcretici pazar\\u0131 talebini herkesle payla\\u015f.&quot;,&quot;cta_link&quot;:&quot;https:\\\/\\\/twitter.com\\\/&quot;,&quot;link_new_tab&quot;:false,&quot;cta_text&quot;:&quot;Twitter&quot;},{&quot;title&quot;:&quot;Ekolojik Tar\\u0131m Raporu&quot;,&quot;description&quot;:&quot;G\\u0131da, ya\\u015famd\\u0131r. Yeti\\u015ftirdi\\u011fimiz ve yedi\\u011fimiz g\\u0131dalar v\\u00fccudumuzu ayakta tutar. K\\u00fclt\\u00fcr\\u00fcm\\u00fcz\\u00fc canland\\u0131r\\u0131r. Toplumlar\\u0131m\\u0131z\\u0131 g\\u00fc\\u00e7lendirir. Ne oldu\\u011fumuz konusunda her \\u015feyden daha belirleyicidir.&quot;,&quot;cta_link&quot;:&quot;\\\/turkey\\\/raporlar\\\/ekolojik-tarim-raporu\\\/&quot;,&quot;link_new_tab&quot;:false,&quot;cta_text&quot;:&quot;Raporu \\u0130ncele&quot;}],&quot;className&quot;:&quot;is-style-tasks&quot;}}\"><\/div>\n        <div class=\"wp-block-group is-layout-flow wp-block-group-is-layout-flow\">\n        \n        \n        <figure class=\"wp-block-embed is-type-1 is-provider-youtube wp-block-embed-youtube wp-embed-aspect-16-9 wp-has-aspect-ratio\"><div class=\"wp-block-embed__wrapper\">\n        <lite-youtube style=\"background-image: url('https:\/\/i.ytimg.com\/vi\/gflsXQxaoy4\/hqdefault.jpg');\" videoid=\"gflsXQxaoy4\" params=\"rel=0\"><\/lite-youtube>\n        <\/div><\/figure><\/div>\n        \n    <div class=\"wp-block-query posts-list p4-query-loop is-custom-layout-list is-layout-flow wp-block-query-is-layout-flow\">\n        <div class=\"wp-block-group is-content-justification-space-between is-layout-flex wp-container-core-group-is-layout-3d213aab wp-block-group-is-layout-flex\"><h2 class=\"wp-block-heading\">\u0130lgili Yaz\u0131lar<\/h2>\n        <li class=\" wp-block-navigation-item see-all-link wp-block-navigation-link\"><a class=\"wp-block-navigation-item__content\"  href=\"http:\/\/www.greenpeace.org\/turkey\/news-stories\/?tag=gidatarim\"><span class=\"wp-block-navigation-item__label\">See all stories<\/span><\/a><\/li>\n        \n        <\/div>\n        \n\n    <p style=\"margin-top: 24px; margin-bottom: 36px;\"><\/p>\n\n    \n\n    <ul class=\"wp-block-post-template is-layout-flow wp-block-post-template-is-layout-flow\"><li class=\"wp-block-post post-9936 post type-post status-publish format-standard has-post-thumbnail hentry category-sorunlar-ve-cozumler category-gida-ve-tarim tag-pestisit tag-gidatarim p4-page-type-blog\">\n            \n<div class=\"wp-block-columns is-layout-flex wp-container-core-columns-is-layout-9d6595d7 wp-block-columns-is-layout-flex\"><figure class=\"wp-block-post-featured-image\"><a href=\"https:\/\/www.greenpeace.org\/turkey\/blog\/pestisit-karnesi-2025-260112\/\" target=\"_self\"  ><img loading=\"lazy\" decoding=\"async\" width=\"1200\" height=\"800\" src=\"https:\/\/www.greenpeace.org\/static\/planet4-turkey-stateless\/2026\/01\/d6a0d6e5-gp0stpt7m.jpg\" class=\"attachment-post-thumbnail size-post-thumbnail wp-post-image wp-stateless-item\" alt=\"2025 pestisit karnesi: T\u00fcrkiye 2025&#8217;te pestisit nedeniyle en \u00e7ok bildirim alan 2. \u00fclke oldu\" style=\"object-fit:cover;\" srcset=\"https:\/\/www.greenpeace.org\/static\/planet4-turkey-stateless\/2026\/01\/d6a0d6e5-gp0stpt7m.jpg 1200w, https:\/\/www.greenpeace.org\/static\/planet4-turkey-stateless\/2026\/01\/d6a0d6e5-gp0stpt7m-300x200.jpg 300w, https:\/\/www.greenpeace.org\/static\/planet4-turkey-stateless\/2026\/01\/d6a0d6e5-gp0stpt7m-1024x683.jpg 1024w, https:\/\/www.greenpeace.org\/static\/planet4-turkey-stateless\/2026\/01\/d6a0d6e5-gp0stpt7m-768x512.jpg 768w, https:\/\/www.greenpeace.org\/static\/planet4-turkey-stateless\/2026\/01\/d6a0d6e5-gp0stpt7m-510x340.jpg 510w\" sizes=\"auto, (max-width: 1200px) 100vw, 1200px\" data-image-size=\"post-thumbnail\" data-stateless-media-bucket=\"planet4-turkey-stateless\" data-stateless-media-name=\"2026\/01\/d6a0d6e5-gp0stpt7m.jpg\" \/><\/a><\/figure>\n\n        <div class=\"wp-block-group is-layout-flow wp-block-group-is-layout-flow\">\n                <div class=\"wp-block-group is-layout-flex wp-block-group-is-layout-flex\"><div class=\"wp-block-post-terms\"><a href=\"https:\/\/www.greenpeace.org\/turkey\/category\/sorunlar-ve-cozumler\/\">\u00c7al\u0131\u015ft\u0131\u011f\u0131m\u0131z Alanlar<\/a><\/div>\n                <div class=\"taxonomy-post_tag wp-block-post-terms\"><a href=\"https:\/\/www.greenpeace.org\/turkey\/tag\/pestisit\/\" rel=\"tag\">Pestisit<\/a><span class=\"wp-block-post-terms__separator\"> <\/span><a href=\"https:\/\/www.greenpeace.org\/turkey\/tag\/gidatarim\/\" rel=\"tag\">G\u0131da Tar\u0131m<\/a><\/div>\n                \n                <\/div>\n                \n        <h3 class=\"wp-block-post-title\"><a href=\"https:\/\/www.greenpeace.org\/turkey\/blog\/pestisit-karnesi-2025-260112\/\" target=\"_self\" >2025 pestisit karnesi: T\u00fcrkiye 2025&#8217;te pestisit nedeniyle en \u00e7ok bildirim alan 2. \u00fclke oldu<\/a><\/h3>\n        <div class=\"wp-block-post-excerpt\"><p class=\"wp-block-post-excerpt__excerpt\">9 Ocak 2026, \u0130stanbul &#8211; &nbsp;Avrupa Komisyonu taraf\u0131ndan geli\u015ftirilen G\u0131da ve Yem i\u00e7in H\u0131zl\u0131 Alarm Sistemi (RASFF) 2025 verilerine g\u00f6re, T\u00fcrkiye Avrupa\u2019ya g\u0131da ihra\u00e7 eden \u00fclkeler aras\u0131nda pestisit nedeniyle en&hellip; <\/p><\/div>\n        \n        <div class=\"wp-block-group posts-list-meta is-layout-flow wp-block-group-is-layout-flow\"><span class='article-list-item-author'><a href='https:\/\/www.greenpeace.org\/turkey\/author\/bececeli\/'>Greenpeace T\u00fcrkiye<\/a><\/span>\n        <div class=\"wp-block-post-date\"><time datetime=\"2026-01-09T10:19:17+03:00\">9 Ocak 2026<\/time><\/div>\n        \n        <\/div>\n        <\/div>\n        <\/div>\n\n            <\/li><li class=\"wp-block-post post-9933 post type-post status-publish format-standard has-post-thumbnail hentry category-sorunlar-ve-cozumler category-gida-ve-tarim tag-pestisit tag-gidatarim p4-page-type-basin-bultenleri\">\n            \n<div class=\"wp-block-columns is-layout-flex wp-container-core-columns-is-layout-9d6595d7 wp-block-columns-is-layout-flex\"><figure class=\"wp-block-post-featured-image\"><a href=\"https:\/\/www.greenpeace.org\/turkey\/basin-bultenleri\/2025-pestisit-karnesi-260112\/\" target=\"_self\"  ><img loading=\"lazy\" decoding=\"async\" width=\"1200\" height=\"800\" src=\"https:\/\/www.greenpeace.org\/static\/planet4-turkey-stateless\/2026\/01\/d6a0d6e5-gp0stpt7m.jpg\" class=\"attachment-post-thumbnail size-post-thumbnail wp-post-image wp-stateless-item\" alt=\"2025 Pestisit Karnesi: T\u00fcrkiye 2025&#8217;te Pestisit Nedeniyle En \u00c7ok Bildirim Alan 2. \u00dclke Oldu\" style=\"object-fit:cover;\" srcset=\"https:\/\/www.greenpeace.org\/static\/planet4-turkey-stateless\/2026\/01\/d6a0d6e5-gp0stpt7m.jpg 1200w, https:\/\/www.greenpeace.org\/static\/planet4-turkey-stateless\/2026\/01\/d6a0d6e5-gp0stpt7m-300x200.jpg 300w, https:\/\/www.greenpeace.org\/static\/planet4-turkey-stateless\/2026\/01\/d6a0d6e5-gp0stpt7m-1024x683.jpg 1024w, https:\/\/www.greenpeace.org\/static\/planet4-turkey-stateless\/2026\/01\/d6a0d6e5-gp0stpt7m-768x512.jpg 768w, https:\/\/www.greenpeace.org\/static\/planet4-turkey-stateless\/2026\/01\/d6a0d6e5-gp0stpt7m-510x340.jpg 510w\" sizes=\"auto, (max-width: 1200px) 100vw, 1200px\" data-image-size=\"post-thumbnail\" data-stateless-media-bucket=\"planet4-turkey-stateless\" data-stateless-media-name=\"2026\/01\/d6a0d6e5-gp0stpt7m.jpg\" \/><\/a><\/figure>\n\n        <div class=\"wp-block-group is-layout-flow wp-block-group-is-layout-flow\">\n                <div class=\"wp-block-group is-layout-flex wp-block-group-is-layout-flex\"><div class=\"wp-block-post-terms\"><a href=\"https:\/\/www.greenpeace.org\/turkey\/category\/sorunlar-ve-cozumler\/\">\u00c7al\u0131\u015ft\u0131\u011f\u0131m\u0131z Alanlar<\/a><\/div>\n                <div class=\"taxonomy-post_tag wp-block-post-terms\"><a href=\"https:\/\/www.greenpeace.org\/turkey\/tag\/pestisit\/\" rel=\"tag\">Pestisit<\/a><span class=\"wp-block-post-terms__separator\"> <\/span><a href=\"https:\/\/www.greenpeace.org\/turkey\/tag\/gidatarim\/\" rel=\"tag\">G\u0131da Tar\u0131m<\/a><\/div>\n                \n                <\/div>\n                \n        <h3 class=\"wp-block-post-title\"><a href=\"https:\/\/www.greenpeace.org\/turkey\/basin-bultenleri\/2025-pestisit-karnesi-260112\/\" target=\"_self\" >2025 Pestisit Karnesi: T\u00fcrkiye 2025&#8217;te Pestisit Nedeniyle En \u00c7ok Bildirim Alan 2. \u00dclke Oldu<\/a><\/h3>\n        <div class=\"wp-block-post-excerpt\"><p class=\"wp-block-post-excerpt__excerpt\">9 Ocak 2026, \u0130stanbul &#8211; &nbsp;Avrupa Komisyonu taraf\u0131ndan geli\u015ftirilen G\u0131da ve Yem i\u00e7in H\u0131zl\u0131 Alarm Sistemi (RASFF) 2025 verilerine g\u00f6re, T\u00fcrkiye Avrupa\u2019ya g\u0131da ihra\u00e7 eden \u00fclkeler aras\u0131nda pestisit nedeniyle en&hellip; <\/p><\/div>\n        \n        <div class=\"wp-block-group posts-list-meta is-layout-flow wp-block-group-is-layout-flow\"><span class='article-list-item-author'><a href='https:\/\/www.greenpeace.org\/turkey\/author\/bececeli\/'>Greenpeace T\u00fcrkiye<\/a><\/span>\n        <div class=\"wp-block-post-date\"><time datetime=\"2026-01-09T10:17:43+03:00\">9 Ocak 2026<\/time><\/div>\n        \n        <\/div>\n        <\/div>\n        <\/div>\n\n            <\/li><li class=\"wp-block-post post-9912 post type-post status-publish format-standard has-post-thumbnail hentry category-sorunlar-ve-cozumler category-iklim-krizi tag-iklim-adaleti tag-yenilenebilir-enerji tag-ormanlar tag-okyanuslar tag-plastik tag-iklim-degisikligi tag-komur tag-gidatarim p4-page-type-blog\">\n            \n<div class=\"wp-block-columns is-layout-flex wp-container-core-columns-is-layout-9d6595d7 wp-block-columns-is-layout-flex\"><figure class=\"wp-block-post-featured-image\"><a href=\"https:\/\/www.greenpeace.org\/turkey\/blog\/2025te-one-cikan-kampanyalarimiz\/\" target=\"_self\"  ><img loading=\"lazy\" decoding=\"async\" width=\"1200\" height=\"794\" src=\"https:\/\/www.greenpeace.org\/static\/planet4-turkey-stateless\/2026\/01\/f2d3746b-gp0su5nhh.jpg\" class=\"attachment-post-thumbnail size-post-thumbnail wp-post-image wp-stateless-item\" alt=\"2025\u2019te Greenpeace T\u00fcrkiye\u2019de \u00f6ne \u00e7\u0131kan kampanyalar\u0131m\u0131z\" style=\"object-fit:cover;\" srcset=\"https:\/\/www.greenpeace.org\/static\/planet4-turkey-stateless\/2026\/01\/f2d3746b-gp0su5nhh.jpg 1200w, https:\/\/www.greenpeace.org\/static\/planet4-turkey-stateless\/2026\/01\/f2d3746b-gp0su5nhh-300x199.jpg 300w, https:\/\/www.greenpeace.org\/static\/planet4-turkey-stateless\/2026\/01\/f2d3746b-gp0su5nhh-1024x678.jpg 1024w, https:\/\/www.greenpeace.org\/static\/planet4-turkey-stateless\/2026\/01\/f2d3746b-gp0su5nhh-768x508.jpg 768w, https:\/\/www.greenpeace.org\/static\/planet4-turkey-stateless\/2026\/01\/f2d3746b-gp0su5nhh-510x337.jpg 510w\" sizes=\"auto, (max-width: 1200px) 100vw, 1200px\" data-image-size=\"post-thumbnail\" data-stateless-media-bucket=\"planet4-turkey-stateless\" data-stateless-media-name=\"2026\/01\/f2d3746b-gp0su5nhh.jpg\" \/><\/a><\/figure>\n\n        <div class=\"wp-block-group is-layout-flow wp-block-group-is-layout-flow\">\n                <div class=\"wp-block-group is-layout-flex wp-block-group-is-layout-flex\"><div class=\"wp-block-post-terms\"><a href=\"https:\/\/www.greenpeace.org\/turkey\/category\/sorunlar-ve-cozumler\/\">\u00c7al\u0131\u015ft\u0131\u011f\u0131m\u0131z Alanlar<\/a><\/div>\n                <div class=\"taxonomy-post_tag wp-block-post-terms\"><a href=\"https:\/\/www.greenpeace.org\/turkey\/tag\/iklim-adaleti\/\" rel=\"tag\">\u0130klim Adaleti<\/a><span class=\"wp-block-post-terms__separator\"> <\/span><a href=\"https:\/\/www.greenpeace.org\/turkey\/tag\/yenilenebilir-enerji\/\" rel=\"tag\">Yenilenebilir Enerji<\/a><span class=\"wp-block-post-terms__separator\"> <\/span><a href=\"https:\/\/www.greenpeace.org\/turkey\/tag\/ormanlar\/\" rel=\"tag\">Ormanlar<\/a><span class=\"wp-block-post-terms__separator\"> <\/span><a href=\"https:\/\/www.greenpeace.org\/turkey\/tag\/okyanuslar\/\" rel=\"tag\">Okyanuslar<\/a><span class=\"wp-block-post-terms__separator\"> <\/span><a href=\"https:\/\/www.greenpeace.org\/turkey\/tag\/plastik\/\" rel=\"tag\">Plastik<\/a><span class=\"wp-block-post-terms__separator\"> <\/span><a href=\"https:\/\/www.greenpeace.org\/turkey\/tag\/iklim-degisikligi\/\" rel=\"tag\">\u0130klim De\u011fi\u015fikli\u011fi<\/a><span class=\"wp-block-post-terms__separator\"> <\/span><a href=\"https:\/\/www.greenpeace.org\/turkey\/tag\/komur\/\" rel=\"tag\">K\u00f6m\u00fcr<\/a><span class=\"wp-block-post-terms__separator\"> <\/span><a href=\"https:\/\/www.greenpeace.org\/turkey\/tag\/gidatarim\/\" rel=\"tag\">G\u0131da Tar\u0131m<\/a><\/div>\n                \n                <\/div>\n                \n        <h3 class=\"wp-block-post-title\"><a href=\"https:\/\/www.greenpeace.org\/turkey\/blog\/2025te-one-cikan-kampanyalarimiz\/\" target=\"_self\" >2025\u2019te Greenpeace T\u00fcrkiye\u2019de \u00f6ne \u00e7\u0131kan kampanyalar\u0131m\u0131z<\/a><\/h3>\n        <div class=\"wp-block-post-excerpt\"><p class=\"wp-block-post-excerpt__excerpt\">\u0130\u015fte k\u00f6m\u00fcr\u00fcn tozundan okyanuslar\u0131n derinli\u011fine, sofram\u0131zdaki g\u0131dadan soludu\u011fumuz havaya kadar verdi\u011fimiz m\u00fccadele ile 2025\u2019te ba\u015fard\u0131klar\u0131m\u0131z.\u00a0 <\/p><\/div>\n        \n        <div class=\"wp-block-group posts-list-meta is-layout-flow wp-block-group-is-layout-flow\"><span class='article-list-item-author'><a href='https:\/\/www.greenpeace.org\/turkey\/author\/bececeli\/'>Greenpeace T\u00fcrkiye<\/a><\/span>\n        <div class=\"wp-block-post-date\"><time datetime=\"2026-01-06T11:31:48+03:00\">6 Ocak 2026<\/time><\/div>\n        \n        <\/div>\n        <\/div>\n        <\/div>\n\n            <\/li><\/ul>\n\n    \n<div class=\"wp-block-buttons carousel-controls is-horizontal is-content-justification-space-between is-nowrap is-layout-flex wp-container-core-buttons-is-layout-044bd602 wp-block-buttons-is-layout-flex\">\n            <div class=\"wp-block-button carousel-control-prev\"><button type=\"button\" class=\"wp-block-button__link wp-element-button\">Prev<\/button><\/div>\n        \n\n            <div class=\"wp-block-button carousel-control-next\"><button type=\"button\" class=\"wp-block-button__link wp-element-button\">Next<\/button><\/div>\n        <\/div>\n\n\n    <li class=\" wp-block-navigation-item see-all-link wp-block-navigation-link\"><a class=\"wp-block-navigation-item__content\"  href=\"http:\/\/www.greenpeace.org\/turkey\/news-stories\/?tag=gidatarim\"><span class=\"wp-block-navigation-item__label\">See all stories<\/span><\/a><\/li><\/div>\n    ","protected":false},"excerpt":{"rendered":"<p>T\u00fcrkiye\u2019de \u00e7ift\u00e7iler her ge\u00e7en g\u00fcn g\u00fc\u00e7 kaybediyor. Belediyelerin denetimi alt\u0131nda a\u00e7\u0131lacak \u00fcretici pazarlar\u0131yla hem \u00e7ift\u00e7i kazanacak, hem de t\u00fcketici daha sa\u011fl\u0131kl\u0131 g\u0131daya ula\u015fabilecek. Ekolojik bir gelecek i\u00e7in sen de belediyenden talep et, \u015fehrinde \u00fcretici pazarlar\u0131 a\u00e7\u0131ls\u0131n ve yayg\u0131nla\u015fs\u0131n!<\/p>\n","protected":false},"author":25,"featured_media":1878,"parent":0,"menu_order":0,"comment_status":"closed","ping_status":"closed","template":"","meta":{"ep_exclude_from_search":false,"p4_hide_page_title_checkbox":"on","p4_title":"","p4_subtitle":"","p4_description":"","background_image_id":"","background_image":"","p4_button_title":"","p4_button_link":"","p4_button_link_checkbox":"","p4_og_title":"","p4_og_description":"","p4_og_image":"","p4_og_image_id":"","p4_seo_canonical_url":"","p4_campaign_name":"not set","p4_local_project":"","p4_basket_name":"not set","p4_department":"","footnotes":""},"categories":[3],"tags":[30],"class_list":["post-1050","page","type-page","status-publish","has-post-thumbnail","hentry","category-biyocesitlilik-doga","tag-gidatarim"],"_links":{"self":[{"href":"https:\/\/www.greenpeace.org\/turkey\/wp-json\/wp\/v2\/pages\/1050","targetHints":{"allow":["GET"]}}],"collection":[{"href":"https:\/\/www.greenpeace.org\/turkey\/wp-json\/wp\/v2\/pages"}],"about":[{"href":"https:\/\/www.greenpeace.org\/turkey\/wp-json\/wp\/v2\/types\/page"}],"author":[{"embeddable":true,"href":"https:\/\/www.greenpeace.org\/turkey\/wp-json\/wp\/v2\/users\/25"}],"replies":[{"embeddable":true,"href":"https:\/\/www.greenpeace.org\/turkey\/wp-json\/wp\/v2\/comments?post=1050"}],"version-history":[{"count":19,"href":"https:\/\/www.greenpeace.org\/turkey\/wp-json\/wp\/v2\/pages\/1050\/revisions"}],"predecessor-version":[{"id":9576,"href":"https:\/\/www.greenpeace.org\/turkey\/wp-json\/wp\/v2\/pages\/1050\/revisions\/9576"}],"wp:featuredmedia":[{"embeddable":true,"href":"https:\/\/www.greenpeace.org\/turkey\/wp-json\/wp\/v2\/media\/1878"}],"wp:attachment":[{"href":"https:\/\/www.greenpeace.org\/turkey\/wp-json\/wp\/v2\/media?parent=1050"}],"wp:term":[{"taxonomy":"category","embeddable":true,"href":"https:\/\/www.greenpeace.org\/turkey\/wp-json\/wp\/v2\/categories?post=1050"},{"taxonomy":"post_tag","embeddable":true,"href":"https:\/\/www.greenpeace.org\/turkey\/wp-json\/wp\/v2\/tags?post=1050"}],"curies":[{"name":"wp","href":"https:\/\/api.w.org\/{rel}","templated":true}]}}