{"id":1088,"date":"2019-09-16T16:22:05","date_gmt":"2019-09-16T13:22:05","guid":{"rendered":"https:\/\/master.k8s.p4.greenpeace.org\/turkey\/?page_id=1088"},"modified":"2025-09-03T13:07:01","modified_gmt":"2025-09-03T10:07:01","slug":"iletisim","status":"publish","type":"page","link":"https:\/\/www.greenpeace.org\/turkey\/iletisim\/","title":{"rendered":"\u0130leti\u015fim"},"content":{"rendered":"\n\n<div class=\"wp-block-group alignfull is-layout-flow wp-block-group-is-layout-flow\">\n<div class=\"wp-block-group container is-layout-flow wp-block-group-is-layout-flow\">\n<div class=\"wp-block-media-text alignfull has-media-on-the-right is-stacked-on-mobile is-pattern-p4-page-header is-style-parallax\"><div class=\"wp-block-media-text__content\">\n<div class=\"wp-block-group is-layout-flow wp-block-group-is-layout-flow\">\n<h1 class=\"wp-block-heading has-white-background-color has-background\">\n                            \u0130leti\u015fim\n                        <\/h1>\n<\/div>\n<\/div><figure class=\"wp-block-media-text__media\"><img loading=\"lazy\" decoding=\"async\" width=\"1024\" height=\"684\" src=\"https:\/\/www.greenpeace.org\/static\/planet4-turkey-stateless\/2022\/10\/856ece7b-gp0sttxev_medium_res-1024x684.jpg\" alt=\"\" sizes=\"auto, (min-width: 601px) 50vw, 100vw\" srcset=\"https:\/\/www.greenpeace.org\/static\/planet4-turkey-stateless\/2022\/10\/856ece7b-gp0sttxev_medium_res.jpg 1200w, https:\/\/www.greenpeace.org\/static\/planet4-turkey-stateless\/2022\/10\/856ece7b-gp0sttxev_medium_res-300x200.jpg 300w, https:\/\/www.greenpeace.org\/static\/planet4-turkey-stateless\/2022\/10\/856ece7b-gp0sttxev_medium_res-1024x684.jpg 1024w, https:\/\/www.greenpeace.org\/static\/planet4-turkey-stateless\/2022\/10\/856ece7b-gp0sttxev_medium_res-768x513.jpg 768w, https:\/\/www.greenpeace.org\/static\/planet4-turkey-stateless\/2022\/10\/856ece7b-gp0sttxev_medium_res-510x340.jpg 510w\" class=\"wp-image-7373 size-full\"\/><\/figure><\/div>\n<\/div>\n<\/div>\n\n\n<p>Destek\u00e7i \u0130li\u015fkileri Ekibimiz&#8217;e ula\u015fmak, dergi aboneli\u011finizle ilgili i\u015flem yapmak isterseniz hafta i\u00e7i 10.00-19.00 saatleri aras\u0131nda <strong>(212) 935 30 33<\/strong> numaral\u0131 Destek\u00e7i \u0130li\u015fkileri Direkt Hatt\u0131&#8217;n\u0131 arayabilirsiniz. Herhangi bir soru veya sorununuz olursa l\u00fctfen bize ula\u015f\u0131n, cevaplamaktan ve yard\u0131mc\u0131 olmaktan mutluluk duyar\u0131z.<\/p>\n\n<p><strong>E-Posta: bilgi.tr@greenpeace.org<\/strong><\/p>\n\n<p><strong>Destek\u00e7i \u0130li\u015fkileri Direkt Hatt\u0131: (212) 935 30 33 (Hafta \u0130\u00e7i 10.00-19.00)<\/strong><\/p>\n\n<p>Destek\u00e7i \u0130li\u015fkileri Ekibimiz, kampanyalar\u0131m\u0131zla ilgili bilgi vermek ve g\u00fcncellemeler yapmak i\u00e7in sizlere a\u015fa\u011f\u0131daki numaral\u0131 hatlar\u0131m\u0131zdan ula\u015f\u0131yorlar:<\/p>\n\n<p><strong>Sizi Arad\u0131\u011f\u0131m\u0131z Telefon Numaralar\u0131:<\/strong><\/p>\n\n<p>5427725001<\/p>\n\n<p>5426532579<\/p>\n\n<p>5421369630<\/p>\n\n<p>5423768290<\/p>\n\n<p>5426238757<\/p>\n\n<p>5422482230<\/p>\n\n<p>5422853447<\/p>\n\n<p>5426438794<\/p>\n\n<p>5424345623<\/p>\n\n<p>5426975280<\/p>\n\n<p>5426963200<\/p>\n\n<p>5423569833<\/p>\n\n<p>5422468720<\/p>\n\n<p>5423268410<\/p>\n\n<p>5423244870<\/p>\n<h3>OF\u0130S ADRES\u0130M\u0130Z:<\/h3>\n<p><span style=\"font-weight: 400;\">\u00a0E\u011fitim Mah. \u00dcnal Sokak D\u0131\u015f Kap\u0131 No: 2 \u0130stanbul Plaza \u0130\u00e7 Kap\u0131 No: 25 Kad\u0131k\u00f6y \u0130stanbul T\u00fcrkiye<\/span><\/p>\n<hr \/>\n<h3>Greenpeace&#8217;i \u00c7a\u011f\u0131r:<\/h3>\n<p>Toplulu\u011funuzda, okulunuzda, konferans ve festival gibi etkinliklerinizde Greenpeace&#8217;i g\u00f6rmek mi istiyorsunuz? A\u015fa\u011f\u0131daki ba\u011flant\u0131dan gerekli formu doldurarak, ihtiyac\u0131m\u0131z olan bilgileri girerseniz size en k\u0131sa zamanda geri d\u00f6n\u00fc\u015f yapaca\u011f\u0131z.<\/p>\n<p><a href=\"https:\/\/docs.google.com\/forms\/d\/e\/1FAIpQLScGsUudS6Fc5bntRp7mRgJcmD6LXTkNYFUVuY_HlZWwkK0BuA\/viewform\" target=\"_blank\" rel=\"noopener noreferrer\">FORMU DOLDUR<\/a><\/p>\n","protected":false},"excerpt":{"rendered":"<p>Destek\u00e7i \u0130li\u015fkileri Ekibimiz&#8217;e ula\u015fmak, dergi aboneli\u011finizle ilgili i\u015flem yapmak isterseniz hafta i\u00e7i 10.00-19.00 saatleri aras\u0131nda (212) 935 30 33 numaral\u0131 Destek\u00e7i \u0130li\u015fkileri Direkt Hatt\u0131&#8217;n\u0131 arayabilirsiniz. Herhangi bir soru veya sorununuz olursa l\u00fctfen bize ula\u015f\u0131n, cevaplamaktan ve yard\u0131mc\u0131 olmaktan mutluluk duyar\u0131z. E-Posta: bilgi.tr@greenpeace.org Destek\u00e7i \u0130li\u015fkileri Direkt Hatt\u0131: (212) 935 30 33 (Hafta \u0130\u00e7i 10.00-19.00) Destek\u00e7i \u0130li\u015fkileri [&hellip;]<\/p>\n","protected":false},"author":25,"featured_media":7373,"parent":0,"menu_order":0,"comment_status":"closed","ping_status":"closed","template":"","meta":{"ep_exclude_from_search":false,"p4_hide_page_title_checkbox":"on","p4_title":"","p4_subtitle":"","p4_description":"","background_image_id":"","background_image":"","p4_button_title":"","p4_button_link":"","p4_button_link_checkbox":"","p4_og_title":"","p4_og_description":"","p4_og_image":"","p4_og_image_id":"","p4_seo_canonical_url":"","p4_campaign_name":"not set","p4_local_project":"not set","p4_basket_name":"not set","p4_department":"","footnotes":""},"categories":[],"tags":[],"class_list":["post-1088","page","type-page","status-publish","has-post-thumbnail","hentry"],"_links":{"self":[{"href":"https:\/\/www.greenpeace.org\/turkey\/wp-json\/wp\/v2\/pages\/1088","targetHints":{"allow":["GET"]}}],"collection":[{"href":"https:\/\/www.greenpeace.org\/turkey\/wp-json\/wp\/v2\/pages"}],"about":[{"href":"https:\/\/www.greenpeace.org\/turkey\/wp-json\/wp\/v2\/types\/page"}],"author":[{"embeddable":true,"href":"https:\/\/www.greenpeace.org\/turkey\/wp-json\/wp\/v2\/users\/25"}],"replies":[{"embeddable":true,"href":"https:\/\/www.greenpeace.org\/turkey\/wp-json\/wp\/v2\/comments?post=1088"}],"version-history":[{"count":19,"href":"https:\/\/www.greenpeace.org\/turkey\/wp-json\/wp\/v2\/pages\/1088\/revisions"}],"predecessor-version":[{"id":9473,"href":"https:\/\/www.greenpeace.org\/turkey\/wp-json\/wp\/v2\/pages\/1088\/revisions\/9473"}],"wp:featuredmedia":[{"embeddable":true,"href":"https:\/\/www.greenpeace.org\/turkey\/wp-json\/wp\/v2\/media\/7373"}],"wp:attachment":[{"href":"https:\/\/www.greenpeace.org\/turkey\/wp-json\/wp\/v2\/media?parent=1088"}],"wp:term":[{"taxonomy":"category","embeddable":true,"href":"https:\/\/www.greenpeace.org\/turkey\/wp-json\/wp\/v2\/categories?post=1088"},{"taxonomy":"post_tag","embeddable":true,"href":"https:\/\/www.greenpeace.org\/turkey\/wp-json\/wp\/v2\/tags?post=1088"}],"curies":[{"name":"wp","href":"https:\/\/api.w.org\/{rel}","templated":true}]}}