{"id":1174,"date":"2019-09-19T17:22:20","date_gmt":"2019-09-19T14:22:20","guid":{"rendered":"https:\/\/master.k8s.p4.greenpeace.org\/turkey\/?page_id=1174"},"modified":"2024-10-17T13:53:13","modified_gmt":"2024-10-17T10:53:13","slug":"tarihce","status":"publish","type":"page","link":"https:\/\/www.greenpeace.org\/turkey\/hakkimizda\/tarihce\/","title":{"rendered":"Tarih\u00e7e"},"content":{"rendered":"\n                    <div class=\"wp-block-group is-vertical is-layout-flex wp-container-core-group-is-layout-8cf370e7 wp-block-group-is-layout-flex\">\n                    \n\n                    \n                    <\/div>\n                    <h2><b><br \/>Birlikte ba\u015far\u0131larla dolu bir ge\u00e7mi\u015f<\/b><\/h2>\n<h3>Greenpeace ge\u00e7mi\u015findeki her ba\u015far\u0131da cesur insanlar\u0131n, inan\u00e7la att\u0131\u011f\u0131 ad\u0131mlar\u0131n d\u00fcnyan\u0131n tarihini de\u011fi\u015ftiren izlerini g\u00f6rebilirsiniz.<\/h3>\n<p>Greenpeace\u2019in kurucular\u0131 olan bir grup ekolojist, gazeteci ve hippinin b\u00fcy\u00fck bir hayali vard\u0131. Ayn\u0131 d\u00fc\u015f\u00fcncede olan bu ruhlar, k\u0131r\u0131k d\u00f6k\u00fck bir bal\u0131k\u00e7\u0131 teknesi olan Phyllis Cormack\u2019a Greenpeace bayra\u011f\u0131 \u00e7ekti ve Kuzey Kutbu&#8217;na yak\u0131n Amchitka Adas\u0131&#8217;na do\u011fru yola \u00e7\u0131kt\u0131. Ama\u00e7lar\u0131 Amerika Birle\u015fik Devletleri donanmas\u0131n\u0131n yapt\u0131\u011f\u0131 n\u00fckleer denemeleri durdurmakt\u0131. Asl\u0131nda bu ilk ad\u0131m, t\u00fcm d\u00fcnyay\u0131 etkileyecek bir olu\u015fumun ba\u015flang\u0131c\u0131yd\u0131.<\/p>\n<h3>Ye\u015fil ve bar\u0131\u015f dolu bir tarihin ba\u015flang\u0131c\u0131<\/h3>\n<p>Greenpeace kurucular\u0131ndan Irwing Stowe n\u00fckleer denemeyi durdurmak i\u00e7in yola \u00e7\u0131karken \u201cYa\u015fam ve bar\u0131\u015f i\u00e7in bir yolculuk bu&#8230;\u201d demi\u015fti. Irwing belki de \u00f6ng\u00f6rm\u00fc\u015ft\u00fc: Greenpeace\u2019in o g\u00fcn ba\u015flayan yolculu\u011fu, d\u00fcnya \u00e7ap\u0131nda bir harekete d\u00f6n\u00fc\u015fecek ve d\u00fcnyay\u0131 de\u011fi\u015ftirecekti.<\/p>\n<p>Greenpeace\u2019in ilk kurucular\u0131 taraf\u0131ndan benimsenen ba\u011f\u0131ms\u0131zl\u0131k, \u015fiddetsizlik, yarat\u0131c\u0131l\u0131k, \u00e7evre su\u00e7lar\u0131na \u015fahitlik etme ilkeleri Greenpeace\u2019in temel de\u011ferleri haline geldi.<\/p>\n<h3>En b\u00fcy\u00fck g\u00fcc\u00fcm\u00fcz insanlar<\/h3>\n<p>\u00c7evreyi korumak ve de\u011fi\u015fim yaratmak i\u00e7in \u00e7abalayan insanlar, y\u0131llar boyunca fiziksel ve psikolojik bask\u0131larla kar\u015f\u0131 kar\u015f\u0131ya kald\u0131lar. Yine de her zaman bar\u0131\u015fc\u0131l kald\u0131lar ve zorluklar\u0131n \u00fcstesinden geldiler.<\/p>\n<p>Greenpeace her zaman de\u011fi\u015fim i\u00e7in \u00e7al\u0131\u015ft\u0131 ve her zaman yap\u0131lacak daha fazla \u015fey oldu\u011funun fark\u0131nda. B\u00fct\u00fcn insanl\u0131k i\u00e7in g\u00fcvenli, ye\u015fil ve bar\u0131\u015f dolu bir d\u00fcnyan\u0131n garanti alt\u0131na al\u0131nmas\u0131 gerekiyor. Ya\u015fam ve bar\u0131\u015f i\u00e7in yolculuk devam ediyor. G\u00fcverteye ho\u015f geldiniz.<\/p>\n\n        <div class=\"wp-block-group is-layout-flow wp-block-group-is-layout-flow\">\n        \n        \n        <figure class=\"wp-block-embed is-type-1 is-provider-youtube wp-block-embed-youtube wp-embed-aspect-16-9 wp-has-aspect-ratio\"><div class=\"wp-block-embed__wrapper\">\n        <lite-youtube style=\"background-image: url('https:\/\/i.ytimg.com\/vi\/NSGSvN_tG7E\/hqdefault.jpg');\" videoid=\"NSGSvN_tG7E\" params=\"rel=0\"><\/lite-youtube>\n        <\/div><\/figure><\/div>\n        <div data-render=\"planet4-blocks\/happypoint\" data-attributes=\"{&quot;attributes&quot;:{&quot;focus_image&quot;:&quot;0% 0%&quot;,&quot;mailing_list_iframe&quot;:true,&quot;id&quot;:1144,&quot;opacity&quot;:30,&quot;override_default_content&quot;:false,&quot;local_content_provider&quot;:&quot;none&quot;}}\"><\/div>","protected":false},"excerpt":{"rendered":"<p>Birlikte ba\u015far\u0131larla dolu bir ge\u00e7mi\u015f Greenpeace ge\u00e7mi\u015findeki her ba\u015far\u0131da cesur insanlar\u0131n, inan\u00e7la att\u0131\u011f\u0131 ad\u0131mlar\u0131n d\u00fcnyan\u0131n tarihini de\u011fi\u015ftiren izlerini g\u00f6rebilirsiniz. Greenpeace\u2019in kurucular\u0131 olan bir grup ekolojist, gazeteci ve hippinin b\u00fcy\u00fck bir hayali vard\u0131. Ayn\u0131 d\u00fc\u015f\u00fcncede olan bu ruhlar, k\u0131r\u0131k d\u00f6k\u00fck bir bal\u0131k\u00e7\u0131 teknesi olan Phyllis Cormack\u2019a Greenpeace bayra\u011f\u0131 \u00e7ekti ve Kuzey Kutbu&#8217;na yak\u0131n Amchitka Adas\u0131&#8217;na do\u011fru [&hellip;]<\/p>\n","protected":false},"author":25,"featured_media":1176,"parent":234,"menu_order":0,"comment_status":"closed","ping_status":"closed","template":"","meta":{"ep_exclude_from_search":false,"p4_hide_page_title_checkbox":"","p4_title":"","p4_subtitle":"","p4_description":"","background_image_id":"","background_image":"","p4_button_title":"","p4_button_link":"","p4_button_link_checkbox":"","p4_og_title":"","p4_og_description":"","p4_og_image":"","p4_og_image_id":"","p4_seo_canonical_url":"","p4_campaign_name":"not set","p4_local_project":"not set","p4_basket_name":"not set","p4_department":"","footnotes":""},"categories":[1],"tags":[],"class_list":["post-1174","page","type-page","status-publish","has-post-thumbnail","hentry","category-uncategorized"],"_links":{"self":[{"href":"https:\/\/www.greenpeace.org\/turkey\/wp-json\/wp\/v2\/pages\/1174","targetHints":{"allow":["GET"]}}],"collection":[{"href":"https:\/\/www.greenpeace.org\/turkey\/wp-json\/wp\/v2\/pages"}],"about":[{"href":"https:\/\/www.greenpeace.org\/turkey\/wp-json\/wp\/v2\/types\/page"}],"author":[{"embeddable":true,"href":"https:\/\/www.greenpeace.org\/turkey\/wp-json\/wp\/v2\/users\/25"}],"replies":[{"embeddable":true,"href":"https:\/\/www.greenpeace.org\/turkey\/wp-json\/wp\/v2\/comments?post=1174"}],"version-history":[{"count":9,"href":"https:\/\/www.greenpeace.org\/turkey\/wp-json\/wp\/v2\/pages\/1174\/revisions"}],"predecessor-version":[{"id":8799,"href":"https:\/\/www.greenpeace.org\/turkey\/wp-json\/wp\/v2\/pages\/1174\/revisions\/8799"}],"up":[{"embeddable":true,"href":"https:\/\/www.greenpeace.org\/turkey\/wp-json\/wp\/v2\/pages\/234"}],"wp:featuredmedia":[{"embeddable":true,"href":"https:\/\/www.greenpeace.org\/turkey\/wp-json\/wp\/v2\/media\/1176"}],"wp:attachment":[{"href":"https:\/\/www.greenpeace.org\/turkey\/wp-json\/wp\/v2\/media?parent=1174"}],"wp:term":[{"taxonomy":"category","embeddable":true,"href":"https:\/\/www.greenpeace.org\/turkey\/wp-json\/wp\/v2\/categories?post=1174"},{"taxonomy":"post_tag","embeddable":true,"href":"https:\/\/www.greenpeace.org\/turkey\/wp-json\/wp\/v2\/tags?post=1174"}],"curies":[{"name":"wp","href":"https:\/\/api.w.org\/{rel}","templated":true}]}}