{"id":1362,"date":"2019-09-30T15:23:14","date_gmt":"2019-09-30T12:23:14","guid":{"rendered":"https:\/\/master.k8s.p4.greenpeace.org\/turkey\/?page_id=1362"},"modified":"2025-07-02T10:43:46","modified_gmt":"2025-07-02T07:43:46","slug":"komuru-birak","status":"publish","type":"page","link":"https:\/\/www.greenpeace.org\/turkey\/komuru-birak\/","title":{"rendered":"K\u00f6m\u00fcr\u00fc B\u0131rak"},"content":{"rendered":"\n\n<div class=\"wp-block-group alignfull is-layout-flow wp-block-group-is-layout-flow\">\n<div class=\"wp-block-group container is-layout-flow wp-block-group-is-layout-flow\">\n<div class=\"wp-block-media-text alignfull has-media-on-the-right is-stacked-on-mobile is-pattern-p4-page-header is-style-parallax\"><div class=\"wp-block-media-text__content\">\n<div class=\"wp-block-group is-layout-flow wp-block-group-is-layout-flow\">\n<h1 class=\"wp-block-heading has-white-background-color has-background\">\n                            K\u00f6m\u00fcr\u00fc B\u0131rak\n                        <\/h1>\n<\/div>\n<\/div><figure class=\"wp-block-media-text__media\"><img loading=\"lazy\" decoding=\"async\" width=\"1200\" height=\"800\" src=\"https:\/\/www.greenpeace.org\/static\/planet4-turkey-stateless\/2019\/09\/f8b73bb2-gp0stsxzj.jpg\" alt=\"\" sizes=\"auto, (min-width: 601px) 50vw, 100vw\" srcset=\"https:\/\/www.greenpeace.org\/static\/planet4-turkey-stateless\/2019\/09\/f8b73bb2-gp0stsxzj.jpg 1200w, https:\/\/www.greenpeace.org\/static\/planet4-turkey-stateless\/2019\/09\/f8b73bb2-gp0stsxzj-300x200.jpg 300w, https:\/\/www.greenpeace.org\/static\/planet4-turkey-stateless\/2019\/09\/f8b73bb2-gp0stsxzj-768x512.jpg 768w, https:\/\/www.greenpeace.org\/static\/planet4-turkey-stateless\/2019\/09\/f8b73bb2-gp0stsxzj-1024x683.jpg 1024w, https:\/\/www.greenpeace.org\/static\/planet4-turkey-stateless\/2019\/09\/f8b73bb2-gp0stsxzj-510x340.jpg 510w\" class=\"wp-image-1278 size-full\"\/><\/figure><\/div>\n<\/div>\n<\/div>\n\n<div data-render=\"planet4-blocks\/columns\" data-attributes=\"{&quot;attributes&quot;:{&quot;columns&quot;:[{&quot;title&quot;:&quot;K\\u00f6m\\u00fcr hayatlar\\u0131m\\u0131z\\u0131 karart\\u0131yor&quot;,&quot;description&quot;:&quot;T\\u00fcrkiye, k\\u00f6m\\u00fcrl\\u00fc termik santraller y\\u00fcz\\u00fcnden b\\u00fcy\\u00fck bedeller \\u00f6d\\u00fcyor. Santraller ormanlar\\u0131 ve tar\\u0131m alanlar\\u0131n\\u0131 yok ediyor, su kaynaklar\\u0131n\\u0131 t\\u00fcketiyor. Havam\\u0131z\\u0131 ise nefes al\\u0131nmaz hale getiriyor. Sadece Trakya ve Eski\\u015fehir\\u2019de yap\\u0131lmas\\u0131 planlanan 4 santral, 14 bin 430 erken \\u00f6l\\u00fcm demek.&quot;,&quot;link_new_tab&quot;:false},{&quot;title&quot;:&quot;Gelece\\u011fimizi g\\u00fcvence alt\\u0131na alal\\u0131m&quot;,&quot;description&quot;:&quot;T\\u00fcm bu y\\u0131k\\u0131c\\u0131 etkiler, k\\u00f6m\\u00fcr yat\\u0131r\\u0131m\\u0131na verilen kamu te\\u015fvikleriyle b\\u00fcy\\u00fcyor. Vergilerimizden sa\\u011flanan bu te\\u015fvikler bize yoksulluk ve hastal\\u0131k olarak geri d\\u00f6n\\u00fcyor. T\\u00fcrkiye&#039;de k\\u00f6m\\u00fcre verilen te\\u015fvik, yaln\\u0131zca karanl\\u0131k bir gelecek vaat edebilir.&quot;,&quot;link_new_tab&quot;:false},{&quot;title&quot;:&quot;Temiz enerji m\\u00fcmk\\u00fcn!&quot;,&quot;description&quot;:&quot;T\\u00fcm bunlara ra\\u011fmen, T\\u00fcrkiye&#039;nin d\\u00f6rt bir yan\\u0131nda insanlar, k\\u00f6m\\u00fcre kar\\u015f\\u0131 ya\\u015fam\\u0131 savunuyor ve alternatifsiz de\\u011filler.  T\\u00fcrkiye sahip oldu\\u011fu g\\u00fcne\\u015f enerjisi potansiyeliyle yenilenebilir ve temiz enerji alan\\u0131nda d\\u00fcnya lideri olabilir.&quot;,&quot;link_new_tab&quot;:false}],&quot;className&quot;:&quot;is-style-no_image&quot;,&quot;columns_block_style&quot;:&quot;no_image&quot;}}\"><\/div><div data-render=\"planet4-blocks\/columns\" data-attributes=\"{&quot;attributes&quot;:{&quot;columns_block_style&quot;:&quot;tasks&quot;,&quot;columns_title&quot;:&quot;Neler yapabilirsin?&quot;,&quot;columns&quot;:[{&quot;title&quot;:&quot;100.000&#039;den fazla ki\\u015fiye kat\\u0131l!&quot;,&quot;description&quot;:&quot;Kampanyam\\u0131za imza vererek Enerji ve Tabii Kaynaklar Bakanl\\u0131\\u011f\\u0131&#039;ndan k\\u00f6m\\u00fcrl\\u00fc termik santral projelerini iptal etmesini ve yenilenebilir enerjiye yat\\u0131r\\u0131m yapmas\\u0131n\\u0131 talep et.&quot;,&quot;cta_link&quot;:&quot;https:\\\/\\\/act.greenpeace.org\\\/page\\\/34618\\\/petition\\\/1?utm_source=direct&amp;utm_medium=link&amp;utm_campaign=komuru-birak&quot;,&quot;link_new_tab&quot;:false,&quot;cta_text&quot;:&quot;\\u0130MZA VER&quot;},{&quot;title&quot;:&quot;K\\u00f6m\\u00fcr Hikayeleri&quot;,&quot;description&quot;:&quot;T\\u00fcrkiye&#039;de k\\u00f6m\\u00fcrl\\u00fc termik santrallerin etkiledi\\u011fi ya\\u015famlara yak\\u0131ndan bak.&quot;,&quot;cta_link&quot;:&quot;https:\\\/\\\/komurhikayeleri.org\\\/&quot;,&quot;link_new_tab&quot;:false,&quot;cta_text&quot;:&quot;Tan\\u0131k Ol&quot;}],&quot;className&quot;:&quot;is-style-tasks&quot;}}\"><\/div><div data-hydrate=\"planet4-blocks\/gallery\" data-attributes=\"{&quot;attributes&quot;:{&quot;multiple_image&quot;:&quot;1282,1278,1060,653&quot;,&quot;gallery_block_focus_points&quot;:&quot;{\\&quot;1060\\&quot;:\\&quot;49% 53%\\&quot;,\\&quot;1278\\&quot;:\\&quot;50% 55.00000000000001%\\&quot;}&quot;,&quot;image_data&quot;:[{&quot;url&quot;:&quot;https:\\\/\\\/www.greenpeace.org\\\/static\\\/planet4-turkey-stateless\\\/2019\\\/09\\\/be4900ea-gp0stt0nh.jpg&quot;,&quot;focalPoint&quot;:{&quot;x&quot;:0.5,&quot;y&quot;:0.5},&quot;id&quot;:1282},{&quot;url&quot;:&quot;https:\\\/\\\/www.greenpeace.org\\\/static\\\/planet4-turkey-stateless\\\/2019\\\/09\\\/f8b73bb2-gp0stsxzj.jpg&quot;,&quot;focalPoint&quot;:{&quot;x&quot;:0.5,&quot;y&quot;:0.5},&quot;id&quot;:1278},{&quot;url&quot;:&quot;https:\\\/\\\/www.greenpeace.org\\\/static\\\/planet4-turkey-stateless\\\/2019\\\/09\\\/4a6c176c-gp1stpcf.jpg&quot;,&quot;focalPoint&quot;:{&quot;x&quot;:0.5,&quot;y&quot;:0.5},&quot;id&quot;:1060},{&quot;url&quot;:&quot;https:\\\/\\\/www.greenpeace.org\\\/static\\\/planet4-turkey-stateless\\\/2019\\\/09\\\/73d63c5b-gp0stt3kp.jpg&quot;,&quot;focalPoint&quot;:{&quot;x&quot;:0.5,&quot;y&quot;:0.5},&quot;id&quot;:653}],&quot;gallery_block_style&quot;:0,&quot;gallery_block_title&quot;:&quot;&quot;,&quot;gallery_block_description&quot;:&quot;&quot;,&quot;images&quot;:[{&quot;image_src&quot;:&quot;https:\\\/\\\/www.greenpeace.org\\\/static\\\/planet4-turkey-stateless\\\/2019\\\/09\\\/be4900ea-gp0stt0nh.jpg&quot;,&quot;image_srcset&quot;:&quot;https:\\\/\\\/www.greenpeace.org\\\/static\\\/planet4-turkey-stateless\\\/2019\\\/09\\\/be4900ea-gp0stt0nh.jpg 1200w, https:\\\/\\\/www.greenpeace.org\\\/static\\\/planet4-turkey-stateless\\\/2019\\\/09\\\/be4900ea-gp0stt0nh-300x200.jpg 300w, https:\\\/\\\/www.greenpeace.org\\\/static\\\/planet4-turkey-stateless\\\/2019\\\/09\\\/be4900ea-gp0stt0nh-768x512.jpg 768w, https:\\\/\\\/www.greenpeace.org\\\/static\\\/planet4-turkey-stateless\\\/2019\\\/09\\\/be4900ea-gp0stt0nh-1024x683.jpg 1024w, https:\\\/\\\/www.greenpeace.org\\\/static\\\/planet4-turkey-stateless\\\/2019\\\/09\\\/be4900ea-gp0stt0nh-510x340.jpg 510w&quot;,&quot;image_sizes&quot;:false,&quot;alt_text&quot;:&quot;Coal Power Plant Chimney in Turkey. \\u00a9 Caner Ozkan \\\/ Greenpeace&quot;,&quot;caption&quot;:&quot;&quot;,&quot;focus_image&quot;:&quot;&quot;,&quot;credits&quot;:&quot;&quot;},{&quot;image_src&quot;:&quot;https:\\\/\\\/www.greenpeace.org\\\/static\\\/planet4-turkey-stateless\\\/2019\\\/09\\\/f8b73bb2-gp0stsxzj.jpg&quot;,&quot;image_srcset&quot;:&quot;https:\\\/\\\/www.greenpeace.org\\\/static\\\/planet4-turkey-stateless\\\/2019\\\/09\\\/f8b73bb2-gp0stsxzj.jpg 1200w, https:\\\/\\\/www.greenpeace.org\\\/static\\\/planet4-turkey-stateless\\\/2019\\\/09\\\/f8b73bb2-gp0stsxzj-300x200.jpg 300w, https:\\\/\\\/www.greenpeace.org\\\/static\\\/planet4-turkey-stateless\\\/2019\\\/09\\\/f8b73bb2-gp0stsxzj-768x512.jpg 768w, https:\\\/\\\/www.greenpeace.org\\\/static\\\/planet4-turkey-stateless\\\/2019\\\/09\\\/f8b73bb2-gp0stsxzj-1024x683.jpg 1024w, https:\\\/\\\/www.greenpeace.org\\\/static\\\/planet4-turkey-stateless\\\/2019\\\/09\\\/f8b73bb2-gp0stsxzj-510x340.jpg 510w&quot;,&quot;image_sizes&quot;:false,&quot;alt_text&quot;:&quot;Coal-fired Power Plant in Turkey. \\u00a9 Caner Ozkan \\\/ Greenpeace&quot;,&quot;caption&quot;:&quot;&quot;,&quot;focus_image&quot;:&quot;50% 55.00000000000001%&quot;,&quot;credits&quot;:&quot;&quot;},{&quot;image_src&quot;:&quot;https:\\\/\\\/www.greenpeace.org\\\/static\\\/planet4-turkey-stateless\\\/2019\\\/09\\\/4a6c176c-gp1stpcf.jpg&quot;,&quot;image_srcset&quot;:&quot;https:\\\/\\\/www.greenpeace.org\\\/static\\\/planet4-turkey-stateless\\\/2019\\\/09\\\/4a6c176c-gp1stpcf.jpg 1200w, https:\\\/\\\/www.greenpeace.org\\\/static\\\/planet4-turkey-stateless\\\/2019\\\/09\\\/4a6c176c-gp1stpcf-300x200.jpg 300w, https:\\\/\\\/www.greenpeace.org\\\/static\\\/planet4-turkey-stateless\\\/2019\\\/09\\\/4a6c176c-gp1stpcf-768x512.jpg 768w, https:\\\/\\\/www.greenpeace.org\\\/static\\\/planet4-turkey-stateless\\\/2019\\\/09\\\/4a6c176c-gp1stpcf-1024x683.jpg 1024w, https:\\\/\\\/www.greenpeace.org\\\/static\\\/planet4-turkey-stateless\\\/2019\\\/09\\\/4a6c176c-gp1stpcf-510x340.jpg 510w&quot;,&quot;image_sizes&quot;:false,&quot;alt_text&quot;:&quot;Break Free from Fossil Fuel Action in Eski\\u015fehir. \\u00a9 Caner Ozkan \\\/ Greenpeace&quot;,&quot;caption&quot;:&quot;&quot;,&quot;focus_image&quot;:&quot;49% 53%&quot;,&quot;credits&quot;:&quot;&quot;},{&quot;image_src&quot;:&quot;https:\\\/\\\/www.greenpeace.org\\\/static\\\/planet4-turkey-stateless\\\/2019\\\/09\\\/73d63c5b-gp0stt3kp.jpg&quot;,&quot;image_srcset&quot;:&quot;https:\\\/\\\/www.greenpeace.org\\\/static\\\/planet4-turkey-stateless\\\/2019\\\/09\\\/73d63c5b-gp0stt3kp.jpg 1200w, https:\\\/\\\/www.greenpeace.org\\\/static\\\/planet4-turkey-stateless\\\/2019\\\/09\\\/73d63c5b-gp0stt3kp-300x194.jpg 300w, https:\\\/\\\/www.greenpeace.org\\\/static\\\/planet4-turkey-stateless\\\/2019\\\/09\\\/73d63c5b-gp0stt3kp-768x496.jpg 768w, https:\\\/\\\/www.greenpeace.org\\\/static\\\/planet4-turkey-stateless\\\/2019\\\/09\\\/73d63c5b-gp0stt3kp-1024x661.jpg 1024w, https:\\\/\\\/www.greenpeace.org\\\/static\\\/planet4-turkey-stateless\\\/2019\\\/09\\\/73d63c5b-gp0stt3kp-510x329.jpg 510w&quot;,&quot;image_sizes&quot;:false,&quot;alt_text&quot;:&quot;Projection onto Coal Power Plant in Turkey. \\u00a9 Caner Ozkan \\\/ Greenpeace&quot;,&quot;caption&quot;:&quot;&quot;,&quot;focus_image&quot;:&quot;&quot;,&quot;credits&quot;:&quot;&quot;}]}}\"><section class=\"block carousel-wrap \"><\/section><\/div>","protected":false},"excerpt":{"rendered":"<p>K\u00f6m\u00fcr kaynakl\u0131 enerji \u00fcretimi, havay\u0131, topra\u011f\u0131, g\u0131day\u0131 ve suyu t\u00fcketiyor. \u0130nsanlar\u0131 sa\u011fl\u0131\u011f\u0131ndan ediyor, insanlar\u0131n ge\u00e7im kaynaklar\u0131na ve ya\u015fad\u0131klar\u0131 \u00e7evreye zarar veriyor. Bu kirli enerjiye verilen b\u00fcy\u00fck te\u015fvikler ulusal ekonomiyi sars\u0131yor, cebimizi yak\u0131yor. K\u00f6m\u00fcr, di\u011fer t\u00fcm fosil yak\u0131tlarla birlikte, d\u00fcnyaya kar\u015f\u0131 en b\u00fcy\u00fck k\u00fcresel tehdit olan iklim krizinin sorumlusu. \u0130klim de\u011fi\u015fikli\u011finin neden oldu\u011fu felaketleri durdurabilmek i\u00e7in k\u00f6m\u00fcr\u00fc hayat\u0131m\u0131zdan \u00e7\u0131karmal\u0131y\u0131z.<\/p>\n","protected":false},"author":25,"featured_media":1278,"parent":0,"menu_order":0,"comment_status":"closed","ping_status":"closed","template":"","meta":{"ep_exclude_from_search":false,"p4_hide_page_title_checkbox":"on","p4_title":"","p4_subtitle":"","p4_description":"","background_image_id":"","background_image":"","p4_button_title":"","p4_button_link":"","p4_button_link_checkbox":"","p4_og_title":"","p4_og_description":"","p4_og_image":"","p4_og_image_id":"","p4_seo_canonical_url":"","p4_campaign_name":"not set","p4_local_project":"","p4_basket_name":"not set","p4_department":"","footnotes":""},"categories":[2],"tags":[27],"class_list":["post-1362","page","type-page","status-publish","has-post-thumbnail","hentry","category-enerji","tag-komur"],"_links":{"self":[{"href":"https:\/\/www.greenpeace.org\/turkey\/wp-json\/wp\/v2\/pages\/1362","targetHints":{"allow":["GET"]}}],"collection":[{"href":"https:\/\/www.greenpeace.org\/turkey\/wp-json\/wp\/v2\/pages"}],"about":[{"href":"https:\/\/www.greenpeace.org\/turkey\/wp-json\/wp\/v2\/types\/page"}],"author":[{"embeddable":true,"href":"https:\/\/www.greenpeace.org\/turkey\/wp-json\/wp\/v2\/users\/25"}],"replies":[{"embeddable":true,"href":"https:\/\/www.greenpeace.org\/turkey\/wp-json\/wp\/v2\/comments?post=1362"}],"version-history":[{"count":10,"href":"https:\/\/www.greenpeace.org\/turkey\/wp-json\/wp\/v2\/pages\/1362\/revisions"}],"predecessor-version":[{"id":9274,"href":"https:\/\/www.greenpeace.org\/turkey\/wp-json\/wp\/v2\/pages\/1362\/revisions\/9274"}],"wp:featuredmedia":[{"embeddable":true,"href":"https:\/\/www.greenpeace.org\/turkey\/wp-json\/wp\/v2\/media\/1278"}],"wp:attachment":[{"href":"https:\/\/www.greenpeace.org\/turkey\/wp-json\/wp\/v2\/media?parent=1362"}],"wp:term":[{"taxonomy":"category","embeddable":true,"href":"https:\/\/www.greenpeace.org\/turkey\/wp-json\/wp\/v2\/categories?post=1362"},{"taxonomy":"post_tag","embeddable":true,"href":"https:\/\/www.greenpeace.org\/turkey\/wp-json\/wp\/v2\/tags?post=1362"}],"curies":[{"name":"wp","href":"https:\/\/api.w.org\/{rel}","templated":true}]}}