{"id":1657,"date":"2019-11-20T17:16:40","date_gmt":"2019-11-20T14:16:40","guid":{"rendered":"https:\/\/www.greenpeace.org\/turkey\/hava-kirliligi\/"},"modified":"2026-04-08T11:59:07","modified_gmt":"2026-04-08T08:59:07","slug":"hava-kirliligi","status":"publish","type":"page","link":"https:\/\/www.greenpeace.org\/turkey\/hava-kirliligi\/","title":{"rendered":"#Hava Kirlili\u011fi"},"content":{"rendered":"\n                    <div class=\"wp-block-group is-vertical is-layout-flex wp-container-core-group-is-layout-8cf370e7 wp-block-group-is-layout-flex\">\n                    \n                                <p>2017 y\u0131l\u0131nda T\u00fcrkiye\u2019de hava kirlili\u011fi, trafik kazalar\u0131n\u0131n 7 kat\u0131 kadar can ald\u0131. O y\u0131lda T\u00fcrkiye\u2019de hava kirlili\u011fi D\u00fcnya Sa\u011fl\u0131k \u00d6rg\u00fct\u00fc taraf\u0131ndan \u00f6nerilen seviyelere indirilseydi \u00f6l\u00fcmlerin %13\u2019\u00fc \u00f6nlenebilirdi. D\u00fcnyan\u0131n pek \u00e7ok \u00fclkesinde belirlenmi\u015f olan PM 2.5 ulusal s\u0131n\u0131r de\u011ferleri T\u00fcrkiye\u2019de de belirlenmeli. Halk sa\u011fl\u0131\u011f\u0131n\u0131n g\u00f6zetilmesi ve sa\u011fl\u0131k maliyetlerinin d\u00fc\u015f\u00fcr\u00fclmesi i\u00e7in bu \u00e7ok \u00f6nemli bir ad\u0131m olacak.<\/p>\n                            \n\n                    \n                    <\/div>\n                    \n        <div class=\"wp-block-query actions-list p4-query-loop is-custom-layout-actions-list is-custom-layout-grid is-layout-grid wp-container-core-query-is-layout-29f43435 wp-block-query-is-layout-grid\"><h2 class=\"wp-block-heading\"><\/h2>\n        <p style=\"margin-top: 24px; margin-bottom: 32px;\"><\/p>\n        \n        <ul class=\"wp-block-post-template is-layout-flow wp-block-post-template-is-layout-flow\"><li class=\"wp-block-post post-2046 page type-page status-publish has-post-thumbnail hentry category-iklim-krizi tag-hava-kirliligi\">\n                <figure class=\"wp-block-post-featured-image\"><img loading=\"lazy\" decoding=\"async\" width=\"1400\" height=\"700\" src=\"https:\/\/www.greenpeace.org\/static\/planet4-turkey-stateless\/2020\/03\/f7e6e67e-hava-kirliligi-p4.jpg\" class=\"attachment-post-thumbnail size-post-thumbnail wp-post-image wp-stateless-item\" alt=\"\" style=\"object-fit:cover;\" data-image-size=\"post-thumbnail\" data-stateless-media-bucket=\"planet4-turkey-stateless\" data-stateless-media-name=\"2020\/03\/f7e6e67e-hava-kirliligi-p4.jpg\" \/><\/figure>\n                \n                <div class=\"wp-block-group group-stretched-link is-layout-flow wp-block-group-is-layout-flow\"><div class=\"wp-block-post-terms\">\u0130klim Krizi<\/div>\n                <h3 class=\"wp-block-post-title\"><a href=\"https:\/\/www.greenpeace.org\/turkey\/harekete-gec\/havani-koru\/\" target=\"_self\" >Havan\u0131 Koru<\/a><\/h3>\n                <div class=\"wp-block-post-excerpt\"><p class=\"wp-block-post-excerpt__excerpt\">Mavi g\u00f6ky\u00fcz\u00fc seninle m\u00fcmk\u00fcn! D\u00fczenli limit a\u015f\u0131mlar\u0131n\u0131n oldu\u011fu il\u00e7elerde koruma b\u00f6lgesi ilan edilmesini talep ederek &#8220;havan\u0131 koru&#8221;. Hep birlikte temiz bir nefes alal\u0131m. <\/p><\/div><\/div>\n                \n                \n        <div class=\"wp-block-group read-more-nav is-layout-flow wp-block-group-is-layout-flow\"><a href=\"https:\/\/www.greenpeace.org\/turkey\/harekete-gec\/havani-koru\/\" class=\"btn btn-primary btn-small\" aria-label=\"Harekete Ge\u00e7\">Harekete Ge\u00e7<\/a>\n        \n        \n        <\/div>\n        \n                <\/li><\/ul>\n        \n<div class=\"wp-block-buttons carousel-controls is-horizontal is-content-justification-space-between is-nowrap is-layout-flex wp-container-core-buttons-is-layout-044bd602 wp-block-buttons-is-layout-flex\">\n            <div class=\"wp-block-button carousel-control-prev\"><button type=\"button\" class=\"wp-block-button__link wp-element-button\">Prev<\/button><\/div>\n        \n\n            <div class=\"wp-block-button carousel-control-next\"><button type=\"button\" class=\"wp-block-button__link wp-element-button\">Next<\/button><\/div>\n        <\/div>\n\n        \n<div class=\"wp-block-buttons load-more-actions-container is-content-justification-center is-layout-flex wp-container-core-buttons-is-layout-16018d1d wp-block-buttons-is-layout-flex\">\n                <div class=\"wp-block-button is-style-secondary\"><button type=\"button\" class=\"wp-block-button__link wp-element-button\">Daha Fazlas\u0131<\/button><\/div>\n            \n<\/div>\n<\/div>\n        \n    <div class=\"wp-block-query posts-list p4-query-loop is-custom-layout-list is-layout-flow wp-block-query-is-layout-flow\">\n        <div class=\"wp-block-group is-content-justification-space-between is-layout-flex wp-container-core-group-is-layout-3d213aab wp-block-group-is-layout-flex\"><h2 class=\"wp-block-heading\">\u0130lgili Yaz\u0131lar<\/h2>\n        <li class=\" wp-block-navigation-item see-all-link wp-block-navigation-link\"><a class=\"wp-block-navigation-item__content\"  href=\"http:\/\/www.greenpeace.org\/turkey\/news-stories\/?tag=hava-kirliligi\"><span class=\"wp-block-navigation-item__label\">See all stories<\/span><\/a><\/li>\n        \n        <\/div>\n        \n\n    <p style=\"margin-top: 24px; margin-bottom: 36px;\"><\/p>\n\n    \n\n    <ul class=\"wp-block-post-template is-layout-flow wp-block-post-template-is-layout-flow\"><li class=\"wp-block-post post-9963 post type-post status-publish format-standard has-post-thumbnail hentry category-sorunlar-ve-cozumler category-enerji category-iklim-krizi tag-komur tag-hava-kirliligi p4-page-type-blog\">\n            \n<div class=\"wp-block-columns is-layout-flex wp-container-core-columns-is-layout-9d6595d7 wp-block-columns-is-layout-flex\"><figure class=\"wp-block-post-featured-image\"><a href=\"https:\/\/www.greenpeace.org\/turkey\/blog\/cevreciler-geliyor-diye-kapanan-termik-santral-260219\/\" target=\"_self\"  ><img loading=\"lazy\" decoding=\"async\" width=\"2000\" height=\"1333\" src=\"https:\/\/www.greenpeace.org\/static\/planet4-turkey-stateless\/2026\/02\/92fa35bb-kerem-yucel-can-europe-4-.jpg\" class=\"attachment-post-thumbnail size-post-thumbnail wp-post-image wp-stateless-item\" alt=\"\u201c\u00c7evreciler Geliyor\u201d diye kapanan termik santralde bilirki\u015fi g\u00fcn\u00fc\" style=\"object-fit:cover;\" srcset=\"https:\/\/www.greenpeace.org\/static\/planet4-turkey-stateless\/2026\/02\/92fa35bb-kerem-yucel-can-europe-4-.jpg 2000w, https:\/\/www.greenpeace.org\/static\/planet4-turkey-stateless\/2026\/02\/92fa35bb-kerem-yucel-can-europe-4--300x200.jpg 300w, https:\/\/www.greenpeace.org\/static\/planet4-turkey-stateless\/2026\/02\/92fa35bb-kerem-yucel-can-europe-4--1024x682.jpg 1024w, https:\/\/www.greenpeace.org\/static\/planet4-turkey-stateless\/2026\/02\/92fa35bb-kerem-yucel-can-europe-4--768x512.jpg 768w, https:\/\/www.greenpeace.org\/static\/planet4-turkey-stateless\/2026\/02\/92fa35bb-kerem-yucel-can-europe-4--1536x1024.jpg 1536w, https:\/\/www.greenpeace.org\/static\/planet4-turkey-stateless\/2026\/02\/92fa35bb-kerem-yucel-can-europe-4--510x340.jpg 510w\" sizes=\"auto, (max-width: 2000px) 100vw, 2000px\" data-image-size=\"post-thumbnail\" data-stateless-media-bucket=\"planet4-turkey-stateless\" data-stateless-media-name=\"2026\/02\/92fa35bb-kerem-yucel-can-europe-4-.jpg\" \/><\/a><\/figure>\n\n        <div class=\"wp-block-group is-layout-flow wp-block-group-is-layout-flow\">\n                <div class=\"wp-block-group is-layout-flex wp-block-group-is-layout-flex\"><div class=\"wp-block-post-terms\"><a href=\"https:\/\/www.greenpeace.org\/turkey\/category\/sorunlar-ve-cozumler\/\">\u00c7al\u0131\u015ft\u0131\u011f\u0131m\u0131z Alanlar<\/a><\/div>\n                <div class=\"taxonomy-post_tag wp-block-post-terms\"><a href=\"https:\/\/www.greenpeace.org\/turkey\/tag\/komur\/\" rel=\"tag\">K\u00f6m\u00fcr<\/a><span class=\"wp-block-post-terms__separator\"> <\/span><a href=\"https:\/\/www.greenpeace.org\/turkey\/tag\/hava-kirliligi\/\" rel=\"tag\">Hava Kirlili\u011fi<\/a><\/div>\n                \n                <\/div>\n                \n        <h3 class=\"wp-block-post-title\"><a href=\"https:\/\/www.greenpeace.org\/turkey\/blog\/cevreciler-geliyor-diye-kapanan-termik-santral-260219\/\" target=\"_self\" >\u201c\u00c7evreciler Geliyor\u201d diye kapanan termik santralde bilirki\u015fi g\u00fcn\u00fc<\/a><\/h3>\n        <div class=\"wp-block-post-excerpt\"><p class=\"wp-block-post-excerpt__excerpt\">\u201c6 ya\u015f\u0131ndaki \u00e7ocu\u011fumu sabah k\u00fclle kapl\u0131 servise bindiriyorum. Ordan santrale 450 metre mesafedeki okuluna gidiyor. Bizim i\u00e7in zaten \u00e7ok ge\u00e7 ama en az\u0131ndan onlar\u0131 kurtarmam\u0131z laz\u0131m.\u201d <\/p><\/div>\n        \n        <div class=\"wp-block-group posts-list-meta is-layout-flow wp-block-group-is-layout-flow\"><span class='article-list-item-author'>Emel T\u00fcrker Alpay &#8211; Greenpeace T\u00fcrkiye \u0130klim ve Enerji Kampanya Sorumlusu<\/span>\n        <div class=\"wp-block-post-date\"><time datetime=\"2026-02-19T09:17:10+03:00\">19 \u015eubat 2026<\/time><\/div>\n        \n        <\/div>\n        <\/div>\n        <\/div>\n\n            <\/li><li class=\"wp-block-post post-8717 post type-post status-publish format-standard has-post-thumbnail hentry category-enerji category-iklim-krizi category-yerel-hareketler tag-hava-kirliligi p4-page-type-blog\">\n            \n<div class=\"wp-block-columns is-layout-flex wp-container-core-columns-is-layout-9d6595d7 wp-block-columns-is-layout-flex\"><figure class=\"wp-block-post-featured-image\"><a href=\"https:\/\/www.greenpeace.org\/turkey\/blog\/yazin-hava-kirliligi-nereye-kayboluyor\/\" target=\"_self\"  ><img loading=\"lazy\" decoding=\"async\" width=\"2560\" height=\"1707\" src=\"https:\/\/www.greenpeace.org\/static\/planet4-turkey-stateless\/2024\/09\/5955a72d-shutterstock_334716803-scaled.jpg\" class=\"attachment-post-thumbnail size-post-thumbnail wp-post-image wp-stateless-item\" alt=\"Yaz\u0131n Hava Kirlili\u011fi Nereye Kayboluyor?\" style=\"object-fit:cover;\" srcset=\"https:\/\/www.greenpeace.org\/static\/planet4-turkey-stateless\/2024\/09\/5955a72d-shutterstock_334716803-scaled.jpg 2560w, https:\/\/www.greenpeace.org\/static\/planet4-turkey-stateless\/2024\/09\/5955a72d-shutterstock_334716803-300x200.jpg 300w, https:\/\/www.greenpeace.org\/static\/planet4-turkey-stateless\/2024\/09\/5955a72d-shutterstock_334716803-1024x683.jpg 1024w, https:\/\/www.greenpeace.org\/static\/planet4-turkey-stateless\/2024\/09\/5955a72d-shutterstock_334716803-768x512.jpg 768w, https:\/\/www.greenpeace.org\/static\/planet4-turkey-stateless\/2024\/09\/5955a72d-shutterstock_334716803-1536x1024.jpg 1536w, https:\/\/www.greenpeace.org\/static\/planet4-turkey-stateless\/2024\/09\/5955a72d-shutterstock_334716803-2048x1366.jpg 2048w, https:\/\/www.greenpeace.org\/static\/planet4-turkey-stateless\/2024\/09\/5955a72d-shutterstock_334716803-510x340.jpg 510w\" sizes=\"auto, (max-width: 2560px) 100vw, 2560px\" data-image-size=\"post-thumbnail\" data-stateless-media-bucket=\"planet4-turkey-stateless\" data-stateless-media-name=\"2024\/09\/5955a72d-shutterstock_334716803-scaled.jpg\" \/><\/a><\/figure>\n\n        <div class=\"wp-block-group is-layout-flow wp-block-group-is-layout-flow\">\n                <div class=\"wp-block-group is-layout-flex wp-block-group-is-layout-flex\"><div class=\"wp-block-post-terms\"><a href=\"https:\/\/www.greenpeace.org\/turkey\/category\/sorunlar-ve-cozumler\/enerji\/\">Enerji<\/a><\/div>\n                <div class=\"taxonomy-post_tag wp-block-post-terms\"><a href=\"https:\/\/www.greenpeace.org\/turkey\/tag\/hava-kirliligi\/\" rel=\"tag\">Hava Kirlili\u011fi<\/a><\/div>\n                \n                <\/div>\n                \n        <h3 class=\"wp-block-post-title\"><a href=\"https:\/\/www.greenpeace.org\/turkey\/blog\/yazin-hava-kirliligi-nereye-kayboluyor\/\" target=\"_self\" >Yaz\u0131n Hava Kirlili\u011fi Nereye Kayboluyor?<\/a><\/h3>\n        <div class=\"wp-block-post-excerpt\"><p class=\"wp-block-post-excerpt__excerpt\">Sahiller, elitler ve b\u00fcy\u00fck \u015firketler taraf\u0131ndan i\u015fgal edilip \u00f6zelle\u015ftirilmekte, bu da \u00e7evre tahribat\u0131na yol a\u00e7makta ve yurtta\u015flar\u0131n sahil ve k\u0131y\u0131 \u015feritlerinden e\u015fit ve adil bir \u015fekilde yararlanmas\u0131n\u0131n \u00f6n\u00fcnde engel olu\u015fturmaktad\u0131r. <\/p><\/div>\n        \n        <div class=\"wp-block-group posts-list-meta is-layout-flow wp-block-group-is-layout-flow\"><span class='article-list-item-author'>Emel T\u00fcrker Alpay<\/span>\n        <div class=\"wp-block-post-date\"><time datetime=\"2024-09-03T16:15:53+03:00\">3 Eyl\u00fcl 2024<\/time><\/div>\n        \n        <\/div>\n        <\/div>\n        <\/div>\n\n            <\/li><li class=\"wp-block-post post-8344 post type-post status-publish format-standard has-post-thumbnail hentry category-iklim-krizi tag-hava-kirliligi p4-page-type-basin-bultenleri\">\n            \n<div class=\"wp-block-columns is-layout-flex wp-container-core-columns-is-layout-9d6595d7 wp-block-columns-is-layout-flex\"><figure class=\"wp-block-post-featured-image\"><a href=\"https:\/\/www.greenpeace.org\/turkey\/basin-bultenleri\/2023-yilinin-havasi-en-kirli-20-bolgesi-belli-oldu\/\" target=\"_self\"  ><img loading=\"lazy\" decoding=\"async\" width=\"2560\" height=\"1704\" src=\"https:\/\/www.greenpeace.org\/static\/planet4-turkey-stateless\/2024\/02\/89331863-aerial-view-basin-scaled.jpeg\" class=\"attachment-post-thumbnail size-post-thumbnail wp-post-image wp-stateless-item\" alt=\"2023 y\u0131l\u0131n\u0131n havas\u0131 en kirli 20 b\u00f6lgesi belli oldu\" style=\"object-fit:cover;\" srcset=\"https:\/\/www.greenpeace.org\/static\/planet4-turkey-stateless\/2024\/02\/89331863-aerial-view-basin-scaled.jpeg 2560w, https:\/\/www.greenpeace.org\/static\/planet4-turkey-stateless\/2024\/02\/89331863-aerial-view-basin-300x200.jpeg 300w, https:\/\/www.greenpeace.org\/static\/planet4-turkey-stateless\/2024\/02\/89331863-aerial-view-basin-1024x682.jpeg 1024w, https:\/\/www.greenpeace.org\/static\/planet4-turkey-stateless\/2024\/02\/89331863-aerial-view-basin-768x511.jpeg 768w, https:\/\/www.greenpeace.org\/static\/planet4-turkey-stateless\/2024\/02\/89331863-aerial-view-basin-1536x1022.jpeg 1536w, https:\/\/www.greenpeace.org\/static\/planet4-turkey-stateless\/2024\/02\/89331863-aerial-view-basin-2048x1363.jpeg 2048w, https:\/\/www.greenpeace.org\/static\/planet4-turkey-stateless\/2024\/02\/89331863-aerial-view-basin-510x340.jpeg 510w\" sizes=\"auto, (max-width: 2560px) 100vw, 2560px\" data-image-size=\"post-thumbnail\" data-stateless-media-bucket=\"planet4-turkey-stateless\" data-stateless-media-name=\"2024\/02\/89331863-aerial-view-basin-scaled.jpeg\" \/><\/a><\/figure>\n\n        <div class=\"wp-block-group is-layout-flow wp-block-group-is-layout-flow\">\n                <div class=\"wp-block-group is-layout-flex wp-block-group-is-layout-flex\"><div class=\"wp-block-post-terms\"><a href=\"https:\/\/www.greenpeace.org\/turkey\/category\/sorunlar-ve-cozumler\/iklim-krizi\/\">\u0130klim Krizi<\/a><\/div>\n                <div class=\"taxonomy-post_tag wp-block-post-terms\"><a href=\"https:\/\/www.greenpeace.org\/turkey\/tag\/hava-kirliligi\/\" rel=\"tag\">Hava Kirlili\u011fi<\/a><\/div>\n                \n                <\/div>\n                \n        <h3 class=\"wp-block-post-title\"><a href=\"https:\/\/www.greenpeace.org\/turkey\/basin-bultenleri\/2023-yilinin-havasi-en-kirli-20-bolgesi-belli-oldu\/\" target=\"_self\" >2023 y\u0131l\u0131n\u0131n havas\u0131 en kirli 20 b\u00f6lgesi belli oldu<\/a><\/h3>\n        <div class=\"wp-block-post-excerpt\"><p class=\"wp-block-post-excerpt__excerpt\">2023\u2019\u00fcn havas\u0131 en kirli b\u00f6lgeleri <\/p><\/div>\n        \n        <div class=\"wp-block-group posts-list-meta is-layout-flow wp-block-group-is-layout-flow\"><span class='article-list-item-author'><a href='https:\/\/www.greenpeace.org\/turkey\/author\/gp_turkey\/'>Greenpeace T\u00fcrkiye<\/a><\/span>\n        <div class=\"wp-block-post-date\"><time datetime=\"2024-02-12T16:45:59+03:00\">12 \u015eubat 2024<\/time><\/div>\n        \n        <\/div>\n        <\/div>\n        <\/div>\n\n            <\/li><\/ul>\n\n    \n<div class=\"wp-block-buttons carousel-controls is-horizontal is-content-justification-space-between is-nowrap is-layout-flex wp-container-core-buttons-is-layout-044bd602 wp-block-buttons-is-layout-flex\">\n            <div class=\"wp-block-button carousel-control-prev\"><button type=\"button\" class=\"wp-block-button__link wp-element-button\">Prev<\/button><\/div>\n        \n\n            <div class=\"wp-block-button carousel-control-next\"><button type=\"button\" class=\"wp-block-button__link wp-element-button\">Next<\/button><\/div>\n        <\/div>\n\n\n    <li class=\" wp-block-navigation-item see-all-link wp-block-navigation-link\"><a class=\"wp-block-navigation-item__content\"  href=\"http:\/\/www.greenpeace.org\/turkey\/news-stories\/?tag=hava-kirliligi\"><span class=\"wp-block-navigation-item__label\">See all stories<\/span><\/a><\/li><\/div>\n    \n    <div class=\"wp-block-query posts-list p4-query-loop is-custom-layout-grid is-layout-grid wp-container-core-query-is-layout-b8bb0bd1 wp-block-query-is-layout-grid\">\n        <div class=\"wp-block-group is-content-justification-space-between is-layout-flex wp-container-core-group-is-layout-3d213aab wp-block-group-is-layout-flex\"><h2 class=\"wp-block-heading\">Publications<\/h2>\n        <li class=\" wp-block-navigation-item see-all-link wp-block-navigation-link\"><a class=\"wp-block-navigation-item__content\"  href=\"http:\/\/www.greenpeace.org\/turkey\/news-stories\/?tag=hava-kirliligi&#038;post-type=\"><span class=\"wp-block-navigation-item__label\">See all stories<\/span><\/a><\/li>\n        \n        <\/div>\n        \n\n    <p style=\"margin-top: 24px; margin-bottom: 36px;\"><\/p>\n\n    <div class=\"wp-block-query-no-results\">\n        <p style=\"\">No posts found.<\/p>\n        <\/div>\n\n    \n\n    \n<div class=\"wp-block-buttons carousel-controls is-horizontal is-content-justification-space-between is-nowrap is-layout-flex wp-container-core-buttons-is-layout-044bd602 wp-block-buttons-is-layout-flex\">\n            <div class=\"wp-block-button carousel-control-prev\"><button type=\"button\" class=\"wp-block-button__link wp-element-button\">Prev<\/button><\/div>\n        \n\n            <div class=\"wp-block-button carousel-control-next\"><button type=\"button\" class=\"wp-block-button__link wp-element-button\">Next<\/button><\/div>\n        <\/div>\n\n\n    <li class=\" wp-block-navigation-item see-all-link wp-block-navigation-link\"><a class=\"wp-block-navigation-item__content\"  href=\"http:\/\/www.greenpeace.org\/turkey\/news-stories\/?tag=hava-kirliligi&#038;post-type=\"><span class=\"wp-block-navigation-item__label\">See all stories<\/span><\/a><\/li><\/div>\n    <div data-render=\"planet4-blocks\/happypoint\" data-attributes=\"{&quot;attributes&quot;:{&quot;opacity&quot;:30,&quot;mailing_list_iframe&quot;:true,&quot;override_default_content&quot;:false,&quot;local_content_provider&quot;:&quot;none&quot;}}\"><\/div>","protected":false},"excerpt":{"rendered":"<p>2017 y\u0131l\u0131nda T\u00fcrkiye\u2019de hava kirlili\u011fi, trafik kazalar\u0131n\u0131n 7 kat\u0131 kadar can ald\u0131. O y\u0131lda T\u00fcrkiye\u2019de hava kirlili\u011fi D\u00fcnya Sa\u011fl\u0131k \u00d6rg\u00fct\u00fc taraf\u0131ndan \u00f6nerilen seviyelere indirilseydi \u00f6l\u00fcmlerin %13\u2019\u00fc \u00f6nlenebilirdi. D\u00fcnyan\u0131n pek \u00e7ok \u00fclkesinde belirlenmi\u015f olan PM 2.5 ulusal s\u0131n\u0131r de\u011ferleri T\u00fcrkiye\u2019de de belirlenmeli. Halk sa\u011fl\u0131\u011f\u0131n\u0131n g\u00f6zetilmesi ve sa\u011fl\u0131k maliyetlerinin d\u00fc\u015f\u00fcr\u00fclmesi i\u00e7in bu \u00e7ok \u00f6nemli bir ad\u0131m olacak.<\/p>\n","protected":false},"author":25,"featured_media":1938,"parent":0,"menu_order":0,"comment_status":"closed","ping_status":"closed","template":"","meta":{"ep_exclude_from_search":false,"p4_hide_page_title_checkbox":"","p4_title":"","p4_subtitle":"","p4_description":"","background_image_id":"","background_image":"","p4_button_title":"","p4_button_link":"","p4_button_link_checkbox":"","p4_og_title":"","p4_og_description":"","p4_og_image":"","p4_og_image_id":"","p4_seo_canonical_url":"","p4_campaign_name":"not set","p4_local_project":"","p4_basket_name":"not set","p4_department":"","footnotes":""},"categories":[2],"tags":[42],"class_list":["post-1657","page","type-page","status-publish","has-post-thumbnail","hentry","category-enerji","tag-hava-kirliligi"],"_links":{"self":[{"href":"https:\/\/www.greenpeace.org\/turkey\/wp-json\/wp\/v2\/pages\/1657","targetHints":{"allow":["GET"]}}],"collection":[{"href":"https:\/\/www.greenpeace.org\/turkey\/wp-json\/wp\/v2\/pages"}],"about":[{"href":"https:\/\/www.greenpeace.org\/turkey\/wp-json\/wp\/v2\/types\/page"}],"author":[{"embeddable":true,"href":"https:\/\/www.greenpeace.org\/turkey\/wp-json\/wp\/v2\/users\/25"}],"replies":[{"embeddable":true,"href":"https:\/\/www.greenpeace.org\/turkey\/wp-json\/wp\/v2\/comments?post=1657"}],"version-history":[{"count":14,"href":"https:\/\/www.greenpeace.org\/turkey\/wp-json\/wp\/v2\/pages\/1657\/revisions"}],"predecessor-version":[{"id":10034,"href":"https:\/\/www.greenpeace.org\/turkey\/wp-json\/wp\/v2\/pages\/1657\/revisions\/10034"}],"wp:featuredmedia":[{"embeddable":true,"href":"https:\/\/www.greenpeace.org\/turkey\/wp-json\/wp\/v2\/media\/1938"}],"wp:attachment":[{"href":"https:\/\/www.greenpeace.org\/turkey\/wp-json\/wp\/v2\/media?parent=1657"}],"wp:term":[{"taxonomy":"category","embeddable":true,"href":"https:\/\/www.greenpeace.org\/turkey\/wp-json\/wp\/v2\/categories?post=1657"},{"taxonomy":"post_tag","embeddable":true,"href":"https:\/\/www.greenpeace.org\/turkey\/wp-json\/wp\/v2\/tags?post=1657"}],"curies":[{"name":"wp","href":"https:\/\/api.w.org\/{rel}","templated":true}]}}