{"id":234,"date":"2018-05-14T12:41:07","date_gmt":"2018-05-14T12:41:07","guid":{"rendered":"https:\/\/k8s.p4.greenpeace.org\/defaultcontent\/?page_id=234"},"modified":"2025-09-23T13:06:47","modified_gmt":"2025-09-23T10:06:47","slug":"hakkimizda","status":"publish","type":"page","link":"https:\/\/www.greenpeace.org\/turkey\/hakkimizda\/","title":{"rendered":"Hakk\u0131m\u0131zda"},"content":{"rendered":"\n\n<div class=\"wp-block-group alignfull is-layout-flow wp-block-group-is-layout-flow\">\n<div class=\"wp-block-group container is-layout-flow wp-block-group-is-layout-flow\">\n<div class=\"wp-block-media-text alignfull has-media-on-the-right is-stacked-on-mobile is-pattern-p4-page-header is-style-parallax\"><div class=\"wp-block-media-text__content\">\n<div class=\"wp-block-group is-layout-flow wp-block-group-is-layout-flow\">\n<h1 class=\"wp-block-heading is-style-default has-white-background-color has-background\">\n                            Biz kimiz?\n                        <\/h1>\n<\/div>\n\n\n\n<h3 class=\"wp-block-heading\">Greenpeace var \u00e7\u00fcnk\u00fc bu k\u0131r\u0131lgan gezegenin bir sese ihtiyac\u0131 var.<\/h3>\n\n\n\n<p style=\"font-size:1.25rem\">Baz\u0131 insanlar bir ormana bakt\u0131\u011f\u0131nda sadece kereste g\u00f6r\u00fcr. Ama milyonlarcas\u0131 orada bir yuva, bir miras, bir gelecek g\u00f6r\u00fcr. D\u00fcnya genelinde topluluklar\u0131m\u0131z i\u00e7in aya\u011fa kalk\u0131yor, h\u00fck\u00fcmetleri ve \u015firketleri hesap vermeye \u00e7a\u011f\u0131r\u0131yoruz.<\/p>\n\n\n\n<p style=\"font-size:1.25rem\">T\u00fcrkiye\u2019de Ye\u015fil Bar\u0131\u015f Akdeniz Derne\u011fi ad\u0131yla kampanyalar\u0131m\u0131z\u0131 s\u00fcrd\u00fcr\u00fcyoruz.<\/p>\n<\/div><figure class=\"wp-block-media-text__media\"><img loading=\"lazy\" decoding=\"async\" width=\"2000\" height=\"1333\" src=\"https:\/\/www.greenpeace.org\/static\/planet4-turkey-stateless\/2019\/02\/16e7ee9b-holding-hands-lesmos.jpg\" alt=\"\" sizes=\"auto, (min-width: 601px) 50vw, 100vw\" srcset=\"https:\/\/www.greenpeace.org\/static\/planet4-turkey-stateless\/2019\/02\/16e7ee9b-holding-hands-lesmos.jpg 2000w, https:\/\/www.greenpeace.org\/static\/planet4-turkey-stateless\/2019\/02\/16e7ee9b-holding-hands-lesmos-300x200.jpg 300w, https:\/\/www.greenpeace.org\/static\/planet4-turkey-stateless\/2019\/02\/16e7ee9b-holding-hands-lesmos-768x512.jpg 768w, https:\/\/www.greenpeace.org\/static\/planet4-turkey-stateless\/2019\/02\/16e7ee9b-holding-hands-lesmos-1024x682.jpg 1024w, https:\/\/www.greenpeace.org\/static\/planet4-turkey-stateless\/2019\/02\/16e7ee9b-holding-hands-lesmos-510x340.jpg 510w\" class=\"wp-image-443 size-full\"\/><\/figure><\/div>\n<\/div>\n<\/div>\n\n<div data-hydrate=\"planet4-blocks\/gallery\" data-attributes=\"{&quot;attributes&quot;:{&quot;gallery_block_style&quot;:2,&quot;gallery_block_title&quot;:&quot;Vizyonumuz&quot;,&quot;gallery_block_description&quot;:&quot;\\u0130nan\\u0131yoruz ki iyimserlik cesaretin bir ba\\u015fka bi\\u00e7imidir. \\u0130nan\\u0131yoruz ki cesurca yap\\u0131lm\\u0131\\u015f davran\\u0131\\u015flar, daha ayd\\u0131nl\\u0131k bir gelece\\u011fin k\\u0131v\\u0131lc\\u0131m\\u0131n\\u0131 tutu\\u015fturmaya yarar.rnrnBu nedenle cesaret yarat\\u0131r, cesareti y\\u00fcceltir, \\u00e7evremizdekiler cesurca harekete ge\\u00e7ti\\u011finde onlar\\u0131n hikayelerini payla\\u015f\\u0131r, insanlar\\u0131 rahat olduklar\\u0131 ortamdan d\\u0131\\u015far\\u0131 bir ad\\u0131m at\\u0131p bizimle birlikte cesurca harekete ge\\u00e7meye davet ederiz.rnrnYe\\u015fil ve bar\\u0131\\u015f\\u00e7\\u0131l bir gelece\\u011fe ula\\u015fmak amac\\u0131nday\\u0131z. Hikayemizin kahramanlar\\u0131 daha iyi bir d\\u00fcnyaya ve o d\\u00fcnyan\\u0131n bug\\u00fcn in\\u015fa edildi\\u011fine inananlard\\u0131r.&quot;,&quot;multiple_image&quot;:&quot;277,275,271&quot;,&quot;image_data&quot;:[{&quot;url&quot;:&quot;https:\\\/\\\/www.greenpeace.org\\\/static\\\/planet4-turkey-stateless\\\/2018\\\/05\\\/c8b8bd7e-gp0stpsh7_flipped-404.jpeg&quot;,&quot;focalPoint&quot;:{&quot;x&quot;:0.5,&quot;y&quot;:0.5},&quot;id&quot;:&quot;277&quot;}],&quot;gallery_block_focus_points&quot;:&quot;&quot;,&quot;images&quot;:[{&quot;image_src&quot;:&quot;https:\\\/\\\/www.greenpeace.org\\\/static\\\/planet4-turkey-stateless\\\/2018\\\/05\\\/c8b8bd7e-gp0stpsh7_flipped-404-768x512.jpeg&quot;,&quot;image_srcset&quot;:&quot;https:\\\/\\\/www.greenpeace.org\\\/static\\\/planet4-turkey-stateless\\\/2018\\\/05\\\/c8b8bd7e-gp0stpsh7_flipped-404-768x512.jpeg 768w, https:\\\/\\\/www.greenpeace.org\\\/static\\\/planet4-turkey-stateless\\\/2018\\\/05\\\/c8b8bd7e-gp0stpsh7_flipped-404-300x200.jpeg 300w, https:\\\/\\\/www.greenpeace.org\\\/static\\\/planet4-turkey-stateless\\\/2018\\\/05\\\/c8b8bd7e-gp0stpsh7_flipped-404-1024x683.jpeg 1024w, https:\\\/\\\/www.greenpeace.org\\\/static\\\/planet4-turkey-stateless\\\/2018\\\/05\\\/c8b8bd7e-gp0stpsh7_flipped-404-2048x1366.jpeg 2048w, https:\\\/\\\/www.greenpeace.org\\\/static\\\/planet4-turkey-stateless\\\/2018\\\/05\\\/c8b8bd7e-gp0stpsh7_flipped-404-510x340.jpeg 510w&quot;,&quot;image_sizes&quot;:&quot;(max-width: 768px) 100vw, 768px&quot;,&quot;alt_text&quot;:&quot;&quot;,&quot;caption&quot;:&quot;&quot;,&quot;focus_image&quot;:&quot;&quot;,&quot;credits&quot;:&quot;\\u00a9 Greenpeace&quot;},{&quot;image_src&quot;:&quot;https:\\\/\\\/www.greenpeace.org\\\/static\\\/planet4-turkey-stateless\\\/2018\\\/05\\\/7c22c9ba-hot-air-balloon_high_res1-768x509.jpg&quot;,&quot;image_srcset&quot;:&quot;https:\\\/\\\/www.greenpeace.org\\\/static\\\/planet4-turkey-stateless\\\/2018\\\/05\\\/7c22c9ba-hot-air-balloon_high_res1-768x509.jpg 768w, https:\\\/\\\/www.greenpeace.org\\\/static\\\/planet4-turkey-stateless\\\/2018\\\/05\\\/7c22c9ba-hot-air-balloon_high_res1-300x199.jpg 300w, https:\\\/\\\/www.greenpeace.org\\\/static\\\/planet4-turkey-stateless\\\/2018\\\/05\\\/7c22c9ba-hot-air-balloon_high_res1-1024x678.jpg 1024w, https:\\\/\\\/www.greenpeace.org\\\/static\\\/planet4-turkey-stateless\\\/2018\\\/05\\\/7c22c9ba-hot-air-balloon_high_res1-2048x1357.jpg 2048w, https:\\\/\\\/www.greenpeace.org\\\/static\\\/planet4-turkey-stateless\\\/2018\\\/05\\\/7c22c9ba-hot-air-balloon_high_res1-510x338.jpg 510w&quot;,&quot;image_sizes&quot;:&quot;(max-width: 768px) 100vw, 768px&quot;,&quot;alt_text&quot;:&quot;&quot;,&quot;caption&quot;:&quot;The Greenpeace balloon is prepared to fly over forests in Mahaan in Singrauli, located in the central Indian state of Madhya Pradesh. Indian film actor Abhay Deol will board one of the balloons to speak to the media and to highlight the threat to the pristine forests in Mahaan from coal mining.&quot;,&quot;focus_image&quot;:&quot;&quot;,&quot;credits&quot;:&quot;\\u00a9 Greenpeace&quot;},{&quot;image_src&quot;:&quot;https:\\\/\\\/www.greenpeace.org\\\/static\\\/planet4-turkey-stateless\\\/2018\\\/05\\\/6f53772c-act-now-768x432.jpg&quot;,&quot;image_srcset&quot;:&quot;https:\\\/\\\/www.greenpeace.org\\\/static\\\/planet4-turkey-stateless\\\/2018\\\/05\\\/6f53772c-act-now-768x432.jpg 768w, https:\\\/\\\/www.greenpeace.org\\\/static\\\/planet4-turkey-stateless\\\/2018\\\/05\\\/6f53772c-act-now-300x169.jpg 300w, https:\\\/\\\/www.greenpeace.org\\\/static\\\/planet4-turkey-stateless\\\/2018\\\/05\\\/6f53772c-act-now-1024x576.jpg 1024w, https:\\\/\\\/www.greenpeace.org\\\/static\\\/planet4-turkey-stateless\\\/2018\\\/05\\\/6f53772c-act-now-510x287.jpg 510w, https:\\\/\\\/www.greenpeace.org\\\/static\\\/planet4-turkey-stateless\\\/2018\\\/05\\\/6f53772c-act-now.jpg 1920w&quot;,&quot;image_sizes&quot;:&quot;(max-width: 768px) 100vw, 768px&quot;,&quot;alt_text&quot;:&quot;&quot;,&quot;caption&quot;:&quot;&quot;,&quot;focus_image&quot;:&quot;&quot;,&quot;credits&quot;:&quot;\\u00a9 Greenpeace&quot;}]}}\"><section class=\"block split-three-column \"><header><h2 class=\"page-section-header\">Vizyonumuz<\/h2><\/header><p class=\"page-section-description\">\u0130nan\u0131yoruz ki iyimserlik cesaretin bir ba\u015fka bi\u00e7imidir. \u0130nan\u0131yoruz ki cesurca yap\u0131lm\u0131\u015f davran\u0131\u015flar, daha ayd\u0131nl\u0131k bir gelece\u011fin k\u0131v\u0131lc\u0131m\u0131n\u0131 tutu\u015fturmaya yarar.\r\n\r\nBu nedenle cesaret yarat\u0131r, cesareti y\u00fcceltir, \u00e7evremizdekiler cesurca harekete ge\u00e7ti\u011finde onlar\u0131n hikayelerini payla\u015f\u0131r, insanlar\u0131 rahat olduklar\u0131 ortamdan d\u0131\u015far\u0131 bir ad\u0131m at\u0131p bizimle birlikte cesurca harekete ge\u00e7meye davet ederiz.\r\n\r\nYe\u015fil ve bar\u0131\u015f\u00e7\u0131l bir gelece\u011fe ula\u015fmak amac\u0131nday\u0131z. Hikayemizin kahramanlar\u0131 daha iyi bir d\u00fcnyaya ve o d\u00fcnyan\u0131n bug\u00fcn in\u015fa edildi\u011fine inananlard\u0131r.<\/p><\/section><\/div><div data-render=\"planet4-blocks\/columns\" data-attributes=\"{&quot;attributes&quot;:{&quot;columns_block_style&quot;:&quot;icons&quot;,&quot;columns_title&quot;:&quot;Bizi yak\\u0131ndan tan\\u0131y\\u0131n&quot;,&quot;columns&quot;:[{&quot;title&quot;:&quot;De\\u011ferlerimiz&quot;,&quot;description&quot;:&quot;D\\u00fcnyada Greenpeace, \\u00e7evreyi tehdit eden sistemlere kar\\u015f\\u0131 bar\\u0131\\u015f\\u00e7\\u0131l eylemler yaparak; daha ye\\u015fil ve ya\\u015fanabilir bir d\\u00fcnya hedefine katk\\u0131da bulunur.&quot;,&quot;attachment&quot;:&quot;https:\\\/\\\/www.greenpeace.org\\\/static\\\/planet4-turkey-stateless\\\/2018\\\/06\\\/b5e31e77-values-dove.png&quot;,&quot;cta_link&quot;:&quot;\\\/turkey\\\/hakkimizda\\\/degerlerimiz\\\/&quot;,&quot;link_new_tab&quot;:false,&quot;cta_text&quot;:&quot;Daha Fazlas\\u0131&quot;,&quot;attachment_srcset&quot;:false},{&quot;title&quot;:&quot;Tarih\\u00e7e&quot;,&quot;description&quot;:&quot;1971 y\\u0131l\\u0131nda Greenpeace kurucular\\u0131 Kuzey Kutbu B\\u00f6lgesi\\u2019nde bir adaya do\\u011fru yelken a\\u00e7t\\u0131. Ama\\u00e7lar\\u0131 neydi? Bir n\\u00fckleer bombay\\u0131 durdurmak. Bu maceral\\u0131 yolculuk b\\u00fcy\\u00fck bir hareketin k\\u0131v\\u0131lc\\u0131m\\u0131 oldu ve tarihin ak\\u0131\\u015f\\u0131na y\\u00f6n verdi.&quot;,&quot;attachment&quot;:&quot;https:\\\/\\\/www.greenpeace.org\\\/static\\\/planet4-turkey-stateless\\\/2018\\\/06\\\/ebfa5ed4-organisation-2.png&quot;,&quot;cta_link&quot;:&quot;\\\/turkey\\\/hakkimizda\\\/tarihce\\\/&quot;,&quot;link_new_tab&quot;:false,&quot;cta_text&quot;:&quot;Tarih\\u00e7eyi Oku&quot;,&quot;attachment_srcset&quot;:false},{&quot;title&quot;:&quot;Gemiler&quot;,&quot;description&quot;:&quot;Neredeyse 50 y\\u0131ld\\u0131r Greenpeace gemileri okyanuslarda gezegenimizi korumak i\\u00e7in dola\\u015f\\u0131yor ve \\u00e7evreye zarar verenlere kar\\u015f\\u0131 amans\\u0131z bir m\\u00fccadele veriyor.&quot;,&quot;attachment&quot;:&quot;https:\\\/\\\/www.greenpeace.org\\\/static\\\/planet4-turkey-stateless\\\/2018\\\/06\\\/2638fccd-gp-ships.png&quot;,&quot;cta_link&quot;:&quot;\\\/turkey\\\/hakkimizda\\\/greenpeace-gemileri\\\/&quot;,&quot;link_new_tab&quot;:false,&quot;cta_text&quot;:&quot;Greenpeace Filosu&quot;,&quot;attachment_srcset&quot;:false},{&quot;title&quot;:&quot;Greenpeace Akdeniz&quot;,&quot;description&quot;:&quot;Greenpeace Akdeniz, Greenpeace temel de\\u011ferlerini yerine getirme s\\u00f6z\\u00fc veren ve sa\\u011fl\\u0131kl\\u0131 bir \\u00e7evrede ya\\u015fama hakk\\u0131n\\u0131 savunmak i\\u00e7in bir araya gelen cesur insanlardan olu\\u015fan bir bas\\u0131m kurulu\\u015fudur.&quot;,&quot;attachment&quot;:&quot;https:\\\/\\\/www.greenpeace.org\\\/static\\\/planet4-turkey-stateless\\\/2018\\\/06\\\/e42569b2-values.png&quot;,&quot;cta_link&quot;:&quot;\\\/turkey\\\/hakkimizda\\\/greenpeace-akdeniz\\\/&quot;,&quot;link_new_tab&quot;:false,&quot;cta_text&quot;:&quot;Dergi&quot;,&quot;attachment_srcset&quot;:false}],&quot;className&quot;:&quot;is-style-icons&quot;}}\"><\/div>\n    <div class=\"wp-block-query posts-list p4-query-loop is-custom-layout-list is-layout-flow wp-block-query-is-layout-flow\">\n        <div class=\"wp-block-group is-content-justification-space-between is-layout-flex wp-container-core-group-is-layout-3d213aab wp-block-group-is-layout-flex\"><h2 class=\"wp-block-heading\">Son Yaz\u0131lar<\/h2>\n        <li class=\" wp-block-navigation-item see-all-link wp-block-navigation-link\"><a class=\"wp-block-navigation-item__content\"  href=\"http:\/\/www.greenpeace.org\/turkey\/news-stories\/?post-type=blog\"><span class=\"wp-block-navigation-item__label\">See all stories<\/span><\/a><\/li>\n        \n        <\/div>\n        \n\n    <p style=\"margin-top: 24px; margin-bottom: 36px;\"><\/p>\n\n    \n\n    <ul class=\"wp-block-post-template is-layout-flow wp-block-post-template-is-layout-flow\"><li class=\"wp-block-post post-10025 post type-post status-publish format-standard has-post-thumbnail hentry category-sorunlar-ve-cozumler category-iklim-adaleti p4-page-type-basin-bultenleri\">\n            \n<div class=\"wp-block-columns is-layout-flex wp-container-core-columns-is-layout-9d6595d7 wp-block-columns-is-layout-flex\"><figure class=\"wp-block-post-featured-image\"><a href=\"https:\/\/www.greenpeace.org\/turkey\/basin-bultenleri\/greenpeace-gazzeye-giden-kuresel-sumud-filosuna-katilacak\/\" target=\"_self\"  ><img loading=\"lazy\" decoding=\"async\" width=\"1200\" height=\"801\" src=\"https:\/\/www.greenpeace.org\/static\/planet4-turkey-stateless\/2026\/04\/5b9d113f-gp1sxdim.jpg\" class=\"attachment-post-thumbnail size-post-thumbnail wp-post-image wp-stateless-item\" alt=\"Greenpeace, Gazze\u2019ye Giden K\u00fcresel Sumud Filosuna Kat\u0131lacak\" style=\"object-fit:cover;\" srcset=\"https:\/\/www.greenpeace.org\/static\/planet4-turkey-stateless\/2026\/04\/5b9d113f-gp1sxdim.jpg 1200w, https:\/\/www.greenpeace.org\/static\/planet4-turkey-stateless\/2026\/04\/5b9d113f-gp1sxdim-300x200.jpg 300w, https:\/\/www.greenpeace.org\/static\/planet4-turkey-stateless\/2026\/04\/5b9d113f-gp1sxdim-1024x684.jpg 1024w, https:\/\/www.greenpeace.org\/static\/planet4-turkey-stateless\/2026\/04\/5b9d113f-gp1sxdim-768x513.jpg 768w, https:\/\/www.greenpeace.org\/static\/planet4-turkey-stateless\/2026\/04\/5b9d113f-gp1sxdim-510x340.jpg 510w\" sizes=\"auto, (max-width: 1200px) 100vw, 1200px\" data-image-size=\"post-thumbnail\" data-stateless-media-bucket=\"planet4-turkey-stateless\" data-stateless-media-name=\"2026\/04\/5b9d113f-gp1sxdim.jpg\" \/><\/a><\/figure>\n\n        <div class=\"wp-block-group is-layout-flow wp-block-group-is-layout-flow\">\n                <div class=\"wp-block-group is-layout-flex wp-block-group-is-layout-flex\"><div class=\"wp-block-post-terms\"><a href=\"https:\/\/www.greenpeace.org\/turkey\/category\/sorunlar-ve-cozumler\/\">\u00c7al\u0131\u015ft\u0131\u011f\u0131m\u0131z Alanlar<\/a><\/div>\n                \n                \n                <\/div>\n                \n        <h3 class=\"wp-block-post-title\"><a href=\"https:\/\/www.greenpeace.org\/turkey\/basin-bultenleri\/greenpeace-gazzeye-giden-kuresel-sumud-filosuna-katilacak\/\" target=\"_self\" >Greenpeace, Gazze\u2019ye Giden K\u00fcresel Sumud Filosuna Kat\u0131lacak<\/a><\/h3>\n        <div class=\"wp-block-post-excerpt\"><p class=\"wp-block-post-excerpt__excerpt\">6 Nisan 2026 &#8211; \u0130stanbul, Barselona &#8211; Greenpeace, Arctic Sunrise gemisinin yakla\u015fan K\u00fcresel Sumud Filosuna kat\u0131laca\u011f\u0131n\u0131 duyurdu.&nbsp; Filo, \u0130srail&#8217;in Gazze&#8217;ye y\u00f6nelik devam eden yard\u0131m ablukas\u0131na do\u011frudan kar\u015f\u0131 \u00e7\u0131kmay\u0131 ama\u00e7layan yetmi\u015ften&hellip; <\/p><\/div>\n        \n        <div class=\"wp-block-group posts-list-meta is-layout-flow wp-block-group-is-layout-flow\"><span class='article-list-item-author'><a href='https:\/\/www.greenpeace.org\/turkey\/author\/bececeli\/'>Greenpeace T\u00fcrkiye<\/a><\/span>\n        <div class=\"wp-block-post-date\"><time datetime=\"2026-04-06T15:33:43+03:00\">6 Nisan 2026<\/time><\/div>\n        \n        <\/div>\n        <\/div>\n        <\/div>\n\n            <\/li><li class=\"wp-block-post post-10020 post type-post status-publish format-standard has-post-thumbnail hentry category-biyocesitlilik-doga category-sorunlar-ve-cozumler tag-plastik p4-page-type-blog\">\n            \n<div class=\"wp-block-columns is-layout-flex wp-container-core-columns-is-layout-9d6595d7 wp-block-columns-is-layout-flex\"><figure class=\"wp-block-post-featured-image\"><a href=\"https:\/\/www.greenpeace.org\/turkey\/blog\/3-soruda-yeni-plastik-yonetmeligi-taslagi-260330\/\" target=\"_self\"  ><img loading=\"lazy\" decoding=\"async\" width=\"1200\" height=\"800\" src=\"https:\/\/www.greenpeace.org\/static\/planet4-turkey-stateless\/2026\/04\/da0d4366-gp0stt3fm.jpg\" class=\"attachment-post-thumbnail size-post-thumbnail wp-post-image wp-stateless-item\" alt=\"3 soruda yeni plastik y\u00f6netmeli\u011fi tasla\u011f\u0131: Ne getiriyor, ne eksik, ne olmal\u0131?\" style=\"object-fit:cover;\" srcset=\"https:\/\/www.greenpeace.org\/static\/planet4-turkey-stateless\/2026\/04\/da0d4366-gp0stt3fm.jpg 1200w, https:\/\/www.greenpeace.org\/static\/planet4-turkey-stateless\/2026\/04\/da0d4366-gp0stt3fm-300x200.jpg 300w, https:\/\/www.greenpeace.org\/static\/planet4-turkey-stateless\/2026\/04\/da0d4366-gp0stt3fm-1024x683.jpg 1024w, https:\/\/www.greenpeace.org\/static\/planet4-turkey-stateless\/2026\/04\/da0d4366-gp0stt3fm-768x512.jpg 768w, https:\/\/www.greenpeace.org\/static\/planet4-turkey-stateless\/2026\/04\/da0d4366-gp0stt3fm-510x340.jpg 510w\" sizes=\"auto, (max-width: 1200px) 100vw, 1200px\" data-image-size=\"post-thumbnail\" data-stateless-media-bucket=\"planet4-turkey-stateless\" data-stateless-media-name=\"2026\/04\/da0d4366-gp0stt3fm.jpg\" \/><\/a><\/figure>\n\n        <div class=\"wp-block-group is-layout-flow wp-block-group-is-layout-flow\">\n                <div class=\"wp-block-group is-layout-flex wp-block-group-is-layout-flex\"><div class=\"wp-block-post-terms\"><a href=\"https:\/\/www.greenpeace.org\/turkey\/category\/sorunlar-ve-cozumler\/biyocesitlilik-doga\/\">Biyo\u00e7e\u015fitlilik ve Do\u011fa<\/a><\/div>\n                <div class=\"taxonomy-post_tag wp-block-post-terms\"><a href=\"https:\/\/www.greenpeace.org\/turkey\/tag\/plastik\/\" rel=\"tag\">Plastik<\/a><\/div>\n                \n                <\/div>\n                \n        <h3 class=\"wp-block-post-title\"><a href=\"https:\/\/www.greenpeace.org\/turkey\/blog\/3-soruda-yeni-plastik-yonetmeligi-taslagi-260330\/\" target=\"_self\" >3 soruda yeni plastik y\u00f6netmeli\u011fi tasla\u011f\u0131: Ne getiriyor, ne eksik, ne olmal\u0131?<\/a><\/h3>\n        <div class=\"wp-block-post-excerpt\"><p class=\"wp-block-post-excerpt__excerpt\">1. Y\u00f6netmelik Tasla\u011f\u0131 Ne Getiriyor?&nbsp; <\/p><\/div>\n        \n        <div class=\"wp-block-group posts-list-meta is-layout-flow wp-block-group-is-layout-flow\"><span class='article-list-item-author'><a href='https:\/\/www.greenpeace.org\/turkey\/author\/bececeli\/'>Greenpeace T\u00fcrkiye<\/a><\/span>\n        <div class=\"wp-block-post-date\"><time datetime=\"2026-03-27T11:39:00+03:00\">27 Mart 2026<\/time><\/div>\n        \n        <\/div>\n        <\/div>\n        <\/div>\n\n            <\/li><li class=\"wp-block-post post-9992 post type-post status-publish format-standard has-post-thumbnail hentry category-sorunlar-ve-cozumler category-iklim-adaleti tag-yenilenebilir-enerji tag-iklim-adaleti p4-page-type-blog\">\n            \n<div class=\"wp-block-columns is-layout-flex wp-container-core-columns-is-layout-9d6595d7 wp-block-columns-is-layout-flex\"><figure class=\"wp-block-post-featured-image\"><a href=\"https:\/\/www.greenpeace.org\/turkey\/blog\/gunesi-havaya-ucuramazsiniz-260312\/\" target=\"_self\"  ><img loading=\"lazy\" decoding=\"async\" width=\"1200\" height=\"899\" src=\"https:\/\/www.greenpeace.org\/static\/planet4-turkey-stateless\/2026\/03\/e655d71e-gp0stravk.jpg\" class=\"attachment-post-thumbnail size-post-thumbnail wp-post-image wp-stateless-item\" alt=\"G\u00fcne\u015fi havaya u\u00e7uramazs\u0131n\u0131z: Yenilenebilir enerji kaynaklar\u0131n\u0131n g\u00fcvenlik a\u00e7\u0131s\u0131ndan zorunlu olmas\u0131n\u0131n 4 nedeni\" style=\"object-fit:cover;\" srcset=\"https:\/\/www.greenpeace.org\/static\/planet4-turkey-stateless\/2026\/03\/e655d71e-gp0stravk.jpg 1200w, https:\/\/www.greenpeace.org\/static\/planet4-turkey-stateless\/2026\/03\/e655d71e-gp0stravk-300x225.jpg 300w, https:\/\/www.greenpeace.org\/static\/planet4-turkey-stateless\/2026\/03\/e655d71e-gp0stravk-1024x767.jpg 1024w, https:\/\/www.greenpeace.org\/static\/planet4-turkey-stateless\/2026\/03\/e655d71e-gp0stravk-768x575.jpg 768w, https:\/\/www.greenpeace.org\/static\/planet4-turkey-stateless\/2026\/03\/e655d71e-gp0stravk-454x340.jpg 454w\" sizes=\"auto, (max-width: 1200px) 100vw, 1200px\" data-image-size=\"post-thumbnail\" data-stateless-media-bucket=\"planet4-turkey-stateless\" data-stateless-media-name=\"2026\/03\/e655d71e-gp0stravk.jpg\" \/><\/a><\/figure>\n\n        <div class=\"wp-block-group is-layout-flow wp-block-group-is-layout-flow\">\n                <div class=\"wp-block-group is-layout-flex wp-block-group-is-layout-flex\"><div class=\"wp-block-post-terms\"><a href=\"https:\/\/www.greenpeace.org\/turkey\/category\/sorunlar-ve-cozumler\/\">\u00c7al\u0131\u015ft\u0131\u011f\u0131m\u0131z Alanlar<\/a><\/div>\n                <div class=\"taxonomy-post_tag wp-block-post-terms\"><a href=\"https:\/\/www.greenpeace.org\/turkey\/tag\/yenilenebilir-enerji\/\" rel=\"tag\">Yenilenebilir Enerji<\/a><span class=\"wp-block-post-terms__separator\"> <\/span><a href=\"https:\/\/www.greenpeace.org\/turkey\/tag\/iklim-adaleti\/\" rel=\"tag\">\u0130klim Adaleti<\/a><\/div>\n                \n                <\/div>\n                \n        <h3 class=\"wp-block-post-title\"><a href=\"https:\/\/www.greenpeace.org\/turkey\/blog\/gunesi-havaya-ucuramazsiniz-260312\/\" target=\"_self\" >G\u00fcne\u015fi havaya u\u00e7uramazs\u0131n\u0131z: Yenilenebilir enerji kaynaklar\u0131n\u0131n g\u00fcvenlik a\u00e7\u0131s\u0131ndan zorunlu olmas\u0131n\u0131n 4 nedeni<\/a><\/h3>\n        <div class=\"wp-block-post-excerpt\"><p class=\"wp-block-post-excerpt__excerpt\">Bu gezegende ge\u00e7irdi\u011fim k\u0131rk y\u0131l i\u00e7inde d\u00f6rd\u00fcnc\u00fc sava\u015f\u0131m\u0131 ya\u015f\u0131yorum. <\/p><\/div>\n        \n        <div class=\"wp-block-group posts-list-meta is-layout-flow wp-block-group-is-layout-flow\"><span class='article-list-item-author'>Julien Jreissati, Greenpeace Orta Do\u011fu ve Kuzey Afrika Program Direkt\u00f6r\u00fc\u00a0<\/span>\n        <div class=\"wp-block-post-date\"><time datetime=\"2026-03-12T11:37:08+03:00\">12 Mart 2026<\/time><\/div>\n        \n        <\/div>\n        <\/div>\n        <\/div>\n\n            <\/li><\/ul>\n\n    \n<div class=\"wp-block-buttons carousel-controls is-horizontal is-content-justification-space-between is-nowrap is-layout-flex wp-container-core-buttons-is-layout-044bd602 wp-block-buttons-is-layout-flex\">\n            <div class=\"wp-block-button carousel-control-prev\"><button type=\"button\" class=\"wp-block-button__link wp-element-button\">Prev<\/button><\/div>\n        \n\n            <div class=\"wp-block-button carousel-control-next\"><button type=\"button\" class=\"wp-block-button__link wp-element-button\">Next<\/button><\/div>\n        <\/div>\n\n\n    <li class=\" wp-block-navigation-item see-all-link wp-block-navigation-link\"><a class=\"wp-block-navigation-item__content\"  href=\"http:\/\/www.greenpeace.org\/turkey\/news-stories\/?post-type=blog\"><span class=\"wp-block-navigation-item__label\">See all stories<\/span><\/a><\/li><\/div>\n    ","protected":false},"excerpt":{"rendered":"","protected":false},"author":1,"featured_media":443,"parent":0,"menu_order":0,"comment_status":"closed","ping_status":"closed","template":"","meta":{"ep_exclude_from_search":false,"p4_hide_page_title_checkbox":"on","p4_title":"","p4_subtitle":"","p4_description":"","background_image_id":"","background_image":"","p4_button_title":"","p4_button_link":"","p4_button_link_checkbox":"","p4_og_title":"","p4_og_description":"","p4_og_image":"","p4_og_image_id":"","p4_seo_canonical_url":"","p4_campaign_name":"not set","p4_local_project":"not set","p4_basket_name":"not set","p4_department":"","footnotes":""},"categories":[1],"tags":[],"class_list":["post-234","page","type-page","status-publish","has-post-thumbnail","hentry","category-uncategorized"],"_links":{"self":[{"href":"https:\/\/www.greenpeace.org\/turkey\/wp-json\/wp\/v2\/pages\/234","targetHints":{"allow":["GET"]}}],"collection":[{"href":"https:\/\/www.greenpeace.org\/turkey\/wp-json\/wp\/v2\/pages"}],"about":[{"href":"https:\/\/www.greenpeace.org\/turkey\/wp-json\/wp\/v2\/types\/page"}],"author":[{"embeddable":true,"href":"https:\/\/www.greenpeace.org\/turkey\/wp-json\/wp\/v2\/users\/1"}],"replies":[{"embeddable":true,"href":"https:\/\/www.greenpeace.org\/turkey\/wp-json\/wp\/v2\/comments?post=234"}],"version-history":[{"count":20,"href":"https:\/\/www.greenpeace.org\/turkey\/wp-json\/wp\/v2\/pages\/234\/revisions"}],"predecessor-version":[{"id":9596,"href":"https:\/\/www.greenpeace.org\/turkey\/wp-json\/wp\/v2\/pages\/234\/revisions\/9596"}],"wp:featuredmedia":[{"embeddable":true,"href":"https:\/\/www.greenpeace.org\/turkey\/wp-json\/wp\/v2\/media\/443"}],"wp:attachment":[{"href":"https:\/\/www.greenpeace.org\/turkey\/wp-json\/wp\/v2\/media?parent=234"}],"wp:term":[{"taxonomy":"category","embeddable":true,"href":"https:\/\/www.greenpeace.org\/turkey\/wp-json\/wp\/v2\/categories?post=234"},{"taxonomy":"post_tag","embeddable":true,"href":"https:\/\/www.greenpeace.org\/turkey\/wp-json\/wp\/v2\/tags?post=234"}],"curies":[{"name":"wp","href":"https:\/\/api.w.org\/{rel}","templated":true}]}}