{"id":28,"date":"2019-03-22T15:55:28","date_gmt":"2019-03-22T12:55:28","guid":{"rendered":"https:\/\/k8s.p4.greenpeace.org\/defaultcontent\/?page_id=28"},"modified":"2025-07-02T10:44:04","modified_gmt":"2025-07-02T07:44:04","slug":"tek-kullanimlik-plastikler-yasaklansin","status":"publish","type":"page","link":"https:\/\/www.greenpeace.org\/turkey\/harekete-gec\/tek-kullanimlik-plastikler-yasaklansin\/","title":{"rendered":"Tek Kullan\u0131ml\u0131k Plastikler Yasaklans\u0131n"},"content":{"rendered":"\n                \n                <div class=\"wp-block-group alignfull is-layout-flow wp-block-group-is-layout-flow\">\n                \n                <div class=\"wp-block-group container is-layout-flow wp-block-group-is-layout-flow\">\n                \n                <div class=\"wp-block-media-text alignfull has-media-on-the-right is-stacked-on-mobile is-pattern-p4-page-header is-style-parallax\">\n\n                <div class=\"wp-block-media-text__content\">\n                    <div class=\"wp-block-group is-layout-flow wp-block-group-is-layout-flow\">\n                    \n                        <h1 class=\"wp-block-heading has-white-background-color has-background\">\n                            Tek Kullan\u0131ml\u0131k Plastikler Yasaklans\u0131n\n                        <\/h1>\n                    <\/div>\n                \n\n                \n\n                \n\n                <\/div>\n                <figure class=\"wp-block-media-text__media\">\n                    <img loading=\"lazy\" decoding=\"async\" width=\"1200\" height=\"800\"\n                        src=\"https:\/\/www.greenpeace.org\/static\/planet4-turkey-stateless\/2019\/09\/10966348-gp0str22e.jpg\"\n                        alt=\"\"\n                        sizes=\"auto, (min-width: 601px) 50vw, 100vw\" srcset=\"https:\/\/www.greenpeace.org\/static\/planet4-turkey-stateless\/2019\/09\/10966348-gp0str22e.jpg 1200w, https:\/\/www.greenpeace.org\/static\/planet4-turkey-stateless\/2019\/09\/10966348-gp0str22e-300x200.jpg 300w, https:\/\/www.greenpeace.org\/static\/planet4-turkey-stateless\/2019\/09\/10966348-gp0str22e-768x512.jpg 768w, https:\/\/www.greenpeace.org\/static\/planet4-turkey-stateless\/2019\/09\/10966348-gp0str22e-1024x683.jpg 1024w, https:\/\/www.greenpeace.org\/static\/planet4-turkey-stateless\/2019\/09\/10966348-gp0str22e-510x340.jpg 510w\" class=\"wp-image-629 size-full\"\n                    \/>\n                <\/figure>\n                <\/div>\n                \n                <\/div>\n                \n                <\/div>\n                \n                \n<figure class=\"wp-block-embed is-type-video is-provider-youtube wp-block-embed-youtube wp-embed-aspect-16-9 wp-has-aspect-ratio\"><div class=\"wp-block-embed__wrapper\">\n<lite-youtube style=\"background-image: url('https:\/\/i.ytimg.com\/vi\/0-5DHyOfG7c\/hqdefault.jpg');\" videoid=\"0-5DHyOfG7c\" params=\"rel=0\"><\/lite-youtube>\n<\/div><\/figure>\n<div data-render=\"planet4-blocks\/columns\" data-attributes=\"{&quot;attributes&quot;:{&quot;columns&quot;:[{&quot;title&quot;:&quot;Denizlerimiz daha fazla plasti\\u011fi kald\\u0131ramaz&quot;,&quot;description&quot;:&quot;Akdeniz\\u2019den al\\u0131nan derin deniz \\u00f6rneklerinin y\\u00fczde 92,8\\u2019inde plastik saptand\\u0131. Akdeniz Havzas\\u0131&#039;nda 4 metrekareye 1 plastik at\\u0131k d\\u00fc\\u015f\\u00fcyor. Sorunun en b\\u00fcy\\u00fck k\\u0131sm\\u0131n\\u0131 da 2 dakika kullan\\u0131p att\\u0131\\u011f\\u0131m\\u0131z tek kullan\\u0131ml\\u0131k plastikler olu\\u015fturuyor.&quot;,&quot;link_new_tab&quot;:false},{&quot;title&quot;:&quot;Bu \\u00fcr\\u00fcnler AB&#039;de yasak&quot;,&quot;description&quot;:&quot;Avrupa Birli\\u011fi, plastik pipet, kulak \\u00e7ubu\\u011fu, tabak, \\u00e7atal, b\\u0131\\u00e7ak, ka\\u015f\\u0131k, i\\u00e7ecek kar\\u0131\\u015ft\\u0131r\\u0131c\\u0131lar\\u0131 ile k\\u00f6p\\u00fck g\\u0131da kaplar\\u0131 ve i\\u00e7ecek bardaklar\\u0131n\\u0131n yasaklanmas\\u0131 konusunda anla\\u015fmaya vard\\u0131. Alternatifi olan bu \\u00fcr\\u00fcnler T\\u00fcrkiye&#039;de de yasaklanmal\\u0131. \\u00dc\\u00e7 taraf\\u0131 plastiklerle de\\u011fil, denizlerle \\u00e7evrili bir T\\u00fcrkiye i\\u00e7in bunu yapmal\\u0131y\\u0131z.&quot;,&quot;link_new_tab&quot;:false}],&quot;className&quot;:&quot;is-style-no_image&quot;,&quot;columns_block_style&quot;:&quot;no_image&quot;}}\"><\/div><div data-render=\"planet4-blocks\/columns\" data-attributes=\"{&quot;attributes&quot;:{&quot;columns_block_style&quot;:&quot;tasks&quot;,&quot;columns_title&quot;:&quot;Neler yapabilirsin?&quot;,&quot;columns&quot;:[{&quot;title&quot;:&quot;500.000&#039;den fazla ki\\u015fiye kat\\u0131l!&quot;,&quot;description&quot;:&quot;Kampanyam\\u0131za imza vererek \\u00c7evre ve \\u015eehircilik Bakanl\\u0131\\u011f\\u0131&#039;ndan Avrupa Birli\\u011fi&#039;nde yasaklanan tek kullan\\u0131ml\\u0131k plastiklerin T\\u00fcrkiye&#039;de de yasaklanmas\\u0131n\\u0131 talep et.&quot;,&quot;cta_link&quot;:&quot;https:\\\/\\\/act.greenpeace.org\\\/page\\\/40176\\\/petition\\\/1?utm_source=directu0026utm_medium=linku0026utm_campaign=plastikten-kurtul&quot;,&quot;link_new_tab&quot;:false,&quot;cta_text&quot;:&quot;\\u0130MZA VER&quot;},{&quot;title&quot;:&quot;\\u00c7evrendekilerle Payla\\u015f&quot;,&quot;description&quot;:&quot;Yemek s\\u00f6ylerken, kafede i\\u00e7ecek yudumlarken... Plastik t\\u00fcketimi bir al\\u0131\\u015fkanl\\u0131k.  Bunu de\\u011fi\\u015ftirmek ise m\\u00fcmk\\u00fcn. Haz\\u0131rlad\\u0131\\u011f\\u0131m\\u0131z videolar\\u0131 yak\\u0131nlar\\u0131nla payla\\u015f.&quot;,&quot;cta_link&quot;:&quot;https:\\\/\\\/www.instagram.com\\\/p\\\/BzfO9n2H1Wt\\\/&quot;,&quot;link_new_tab&quot;:false,&quot;cta_text&quot;:&quot;V\\u0130DEOYU PAYLA\\u015e&quot;},{&quot;title&quot;:&quot;Her Alanda M\\u00fccadele Et&quot;,&quot;description&quot;:&quot;Plastik kirlili\\u011fiyle m\\u00fccadelede bireylere, \\u015firketlere ve devletlere ayr\\u0131 ayr\\u0131 g\\u00f6revler d\\u00fc\\u015f\\u00fcyor. Kapsaml\\u0131 bir m\\u00fccadele i\\u00e7in plastik kirlili\\u011fine kar\\u015f\\u0131 verdi\\u011fimiz di\\u011fer t\\u00fcm kampanyalara kat\\u0131l.&quot;,&quot;cta_link&quot;:&quot;https:\\\/\\\/www.greenpeace.org\\\/turkey\\\/tag\\\/plastik\\\/&quot;,&quot;link_new_tab&quot;:false,&quot;cta_text&quot;:&quot;PLAST\\u0130KS\\u0130Z B\\u0130R GELECEK&quot;}],&quot;className&quot;:&quot;is-style-tasks&quot;}}\"><\/div><div data-render=\"planet4-blocks\/gallery\" data-attributes=\"{&quot;attributes&quot;:{&quot;multiple_image&quot;:&quot;1451,654,651,652&quot;,&quot;gallery_block_focus_points&quot;:&quot;{u0022651u0022:u00220% 0%u0022,u0022652u0022:u00220% 0%u0022,u0022654u0022:u00220% 0%u0022,u00221451u0022:u00220% 0%u0022}&quot;,&quot;image_data&quot;:[{&quot;url&quot;:&quot;https:\\\/\\\/www.greenpeace.org\\\/static\\\/planet4-turkey-stateless\\\/2019\\\/09\\\/80e80516-gp0stssui.jpg&quot;,&quot;focalPoint&quot;:{&quot;x&quot;:0,&quot;y&quot;:0},&quot;id&quot;:&quot;651&quot;},{&quot;url&quot;:&quot;https:\\\/\\\/www.greenpeace.org\\\/static\\\/planet4-turkey-stateless\\\/2019\\\/09\\\/a214c1b1-gp0sttmx9.jpg&quot;,&quot;focalPoint&quot;:{&quot;x&quot;:0,&quot;y&quot;:0},&quot;id&quot;:&quot;652&quot;},{&quot;url&quot;:&quot;https:\\\/\\\/www.greenpeace.org\\\/static\\\/planet4-turkey-stateless\\\/2019\\\/10\\\/d4f9842f-heybeliada-sualti.jpg&quot;,&quot;focalPoint&quot;:{&quot;x&quot;:0,&quot;y&quot;:0},&quot;id&quot;:&quot;1451&quot;}],&quot;gallery_block_style&quot;:0,&quot;gallery_block_title&quot;:&quot;&quot;,&quot;gallery_block_description&quot;:&quot;&quot;,&quot;images&quot;:[{&quot;image_src&quot;:&quot;https:\\\/\\\/www.greenpeace.org\\\/static\\\/planet4-turkey-stateless\\\/2019\\\/10\\\/d4f9842f-heybeliada-sualti.jpg&quot;,&quot;image_srcset&quot;:&quot;https:\\\/\\\/www.greenpeace.org\\\/static\\\/planet4-turkey-stateless\\\/2019\\\/10\\\/d4f9842f-heybeliada-sualti.jpg 1900w, https:\\\/\\\/www.greenpeace.org\\\/static\\\/planet4-turkey-stateless\\\/2019\\\/10\\\/d4f9842f-heybeliada-sualti-300x200.jpg 300w, https:\\\/\\\/www.greenpeace.org\\\/static\\\/planet4-turkey-stateless\\\/2019\\\/10\\\/d4f9842f-heybeliada-sualti-768x512.jpg 768w, https:\\\/\\\/www.greenpeace.org\\\/static\\\/planet4-turkey-stateless\\\/2019\\\/10\\\/d4f9842f-heybeliada-sualti-1024x683.jpg 1024w, https:\\\/\\\/www.greenpeace.org\\\/static\\\/planet4-turkey-stateless\\\/2019\\\/10\\\/d4f9842f-heybeliada-sualti-510x340.jpg 510w&quot;,&quot;image_sizes&quot;:false,&quot;alt_text&quot;:&quot;&quot;,&quot;caption&quot;:&quot;&quot;,&quot;focus_image&quot;:&quot;&quot;,&quot;credits&quot;:&quot;&quot;},{&quot;image_src&quot;:&quot;https:\\\/\\\/www.greenpeace.org\\\/static\\\/planet4-turkey-stateless\\\/2019\\\/09\\\/c25f3baa-gp0stt7jc.jpg&quot;,&quot;image_srcset&quot;:&quot;https:\\\/\\\/www.greenpeace.org\\\/static\\\/planet4-turkey-stateless\\\/2019\\\/09\\\/c25f3baa-gp0stt7jc.jpg 1200w, https:\\\/\\\/www.greenpeace.org\\\/static\\\/planet4-turkey-stateless\\\/2019\\\/09\\\/c25f3baa-gp0stt7jc-300x200.jpg 300w, https:\\\/\\\/www.greenpeace.org\\\/static\\\/planet4-turkey-stateless\\\/2019\\\/09\\\/c25f3baa-gp0stt7jc-768x512.jpg 768w, https:\\\/\\\/www.greenpeace.org\\\/static\\\/planet4-turkey-stateless\\\/2019\\\/09\\\/c25f3baa-gp0stt7jc-1024x683.jpg 1024w, https:\\\/\\\/www.greenpeace.org\\\/static\\\/planet4-turkey-stateless\\\/2019\\\/09\\\/c25f3baa-gp0stt7jc-510x340.jpg 510w&quot;,&quot;image_sizes&quot;:false,&quot;alt_text&quot;:&quot;B\\u00fcy\\u00fckada Beach Clean-Up in Turkey. \\u00a9 Caner Ozkan \\\/ Greenpeace&quot;,&quot;caption&quot;:&quot;&quot;,&quot;focus_image&quot;:&quot;&quot;,&quot;credits&quot;:&quot;&quot;},{&quot;image_src&quot;:&quot;https:\\\/\\\/www.greenpeace.org\\\/static\\\/planet4-turkey-stateless\\\/2019\\\/09\\\/80e80516-gp0stssui.jpg&quot;,&quot;image_srcset&quot;:&quot;https:\\\/\\\/www.greenpeace.org\\\/static\\\/planet4-turkey-stateless\\\/2019\\\/09\\\/80e80516-gp0stssui.jpg 1200w, https:\\\/\\\/www.greenpeace.org\\\/static\\\/planet4-turkey-stateless\\\/2019\\\/09\\\/80e80516-gp0stssui-300x200.jpg 300w, https:\\\/\\\/www.greenpeace.org\\\/static\\\/planet4-turkey-stateless\\\/2019\\\/09\\\/80e80516-gp0stssui-768x513.jpg 768w, https:\\\/\\\/www.greenpeace.org\\\/static\\\/planet4-turkey-stateless\\\/2019\\\/09\\\/80e80516-gp0stssui-1024x684.jpg 1024w, https:\\\/\\\/www.greenpeace.org\\\/static\\\/planet4-turkey-stateless\\\/2019\\\/09\\\/80e80516-gp0stssui-510x340.jpg 510w&quot;,&quot;image_sizes&quot;:false,&quot;alt_text&quot;:&quot;MAKE SMTHNG Week in Turkey. MUSTAFA ALKAC \\\/ Greenpeace&quot;,&quot;caption&quot;:&quot;&quot;,&quot;focus_image&quot;:&quot;&quot;,&quot;credits&quot;:&quot;&quot;},{&quot;image_src&quot;:&quot;https:\\\/\\\/www.greenpeace.org\\\/static\\\/planet4-turkey-stateless\\\/2019\\\/09\\\/a214c1b1-gp0sttmx9.jpg&quot;,&quot;image_srcset&quot;:&quot;https:\\\/\\\/www.greenpeace.org\\\/static\\\/planet4-turkey-stateless\\\/2019\\\/09\\\/a214c1b1-gp0sttmx9.jpg 1200w, https:\\\/\\\/www.greenpeace.org\\\/static\\\/planet4-turkey-stateless\\\/2019\\\/09\\\/a214c1b1-gp0sttmx9-300x200.jpg 300w, https:\\\/\\\/www.greenpeace.org\\\/static\\\/planet4-turkey-stateless\\\/2019\\\/09\\\/a214c1b1-gp0sttmx9-768x512.jpg 768w, https:\\\/\\\/www.greenpeace.org\\\/static\\\/planet4-turkey-stateless\\\/2019\\\/09\\\/a214c1b1-gp0sttmx9-1024x683.jpg 1024w, https:\\\/\\\/www.greenpeace.org\\\/static\\\/planet4-turkey-stateless\\\/2019\\\/09\\\/a214c1b1-gp0sttmx9-510x340.jpg 510w&quot;,&quot;image_sizes&quot;:false,&quot;alt_text&quot;:&quot;Paragliding Action against Plastics in Turkey. \\u00a9 Greenpeace \\\/ \\u00d6zlem \\u00c7aliskan&quot;,&quot;caption&quot;:&quot;&quot;,&quot;focus_image&quot;:&quot;&quot;,&quot;credits&quot;:&quot;&quot;}]}}\"><\/div>","protected":false},"excerpt":{"rendered":"<p>Avrupa Birli\u011fi\u2019nde yasaklanan tek kullan\u0131ml\u0131k plastikler T\u00fcrkiye&#8217;de de yasaklans\u0131n. <\/p>\n","protected":false},"author":1,"featured_media":629,"parent":9,"menu_order":0,"comment_status":"closed","ping_status":"closed","template":"","meta":{"ep_exclude_from_search":false,"p4_hide_page_title_checkbox":"on","p4_title":"","p4_subtitle":"","p4_description":"","background_image_id":"","background_image":"","p4_button_title":"","p4_button_link":"","p4_button_link_checkbox":"","p4_og_title":"","p4_og_description":"","p4_og_image":"","p4_og_image_id":"","p4_seo_canonical_url":"","p4_campaign_name":"not set","p4_local_project":"not set","p4_basket_name":"not set","p4_department":"","footnotes":""},"categories":[3],"tags":[23],"class_list":["post-28","page","type-page","status-publish","has-post-thumbnail","hentry","category-biyocesitlilik-doga","tag-plastik"],"_links":{"self":[{"href":"https:\/\/www.greenpeace.org\/turkey\/wp-json\/wp\/v2\/pages\/28","targetHints":{"allow":["GET"]}}],"collection":[{"href":"https:\/\/www.greenpeace.org\/turkey\/wp-json\/wp\/v2\/pages"}],"about":[{"href":"https:\/\/www.greenpeace.org\/turkey\/wp-json\/wp\/v2\/types\/page"}],"author":[{"embeddable":true,"href":"https:\/\/www.greenpeace.org\/turkey\/wp-json\/wp\/v2\/users\/1"}],"replies":[{"embeddable":true,"href":"https:\/\/www.greenpeace.org\/turkey\/wp-json\/wp\/v2\/comments?post=28"}],"version-history":[{"count":20,"href":"https:\/\/www.greenpeace.org\/turkey\/wp-json\/wp\/v2\/pages\/28\/revisions"}],"predecessor-version":[{"id":9278,"href":"https:\/\/www.greenpeace.org\/turkey\/wp-json\/wp\/v2\/pages\/28\/revisions\/9278"}],"up":[{"embeddable":true,"href":"https:\/\/www.greenpeace.org\/turkey\/wp-json\/wp\/v2\/pages\/9"}],"wp:featuredmedia":[{"embeddable":true,"href":"https:\/\/www.greenpeace.org\/turkey\/wp-json\/wp\/v2\/media\/629"}],"wp:attachment":[{"href":"https:\/\/www.greenpeace.org\/turkey\/wp-json\/wp\/v2\/media?parent=28"}],"wp:term":[{"taxonomy":"category","embeddable":true,"href":"https:\/\/www.greenpeace.org\/turkey\/wp-json\/wp\/v2\/categories?post=28"},{"taxonomy":"post_tag","embeddable":true,"href":"https:\/\/www.greenpeace.org\/turkey\/wp-json\/wp\/v2\/tags?post=28"}],"curies":[{"name":"wp","href":"https:\/\/api.w.org\/{rel}","templated":true}]}}