{"id":32,"date":"2019-05-08T15:57:44","date_gmt":"2019-05-08T12:57:44","guid":{"rendered":"https:\/\/k8s.p4.greenpeace.org\/defaultcontent\/?page_id=32"},"modified":"2025-09-23T13:06:21","modified_gmt":"2025-09-23T10:06:21","slug":"okyanuslari-koru","status":"publish","type":"page","link":"https:\/\/www.greenpeace.org\/turkey\/okyanuslari-koru\/","title":{"rendered":"Okyanuslar\u0131 Koru"},"content":{"rendered":"\n<div class=\"wp-block-group is-vertical is-layout-flex wp-container-core-group-is-layout-8cf370e7 wp-block-group-is-layout-flex\">\n<p>\u0130klim de\u011fi\u015fikli\u011finden plastik kirlili\u011fine, madencilik faaliyetlerinden a\u015f\u0131r\u0131 avlanmaya kadar okyanuslar\u0131m\u0131z\u0131n kar\u015f\u0131 kar\u015f\u0131ya kald\u0131\u011f\u0131 tehlikeler her ge\u00e7en g\u00fcn art\u0131yor.\n\nDevletler K\u00fcresel Okyanus Anla\u015fmas\u0131 \u00fczerinde \u00e7al\u0131\u015fmaya ba\u015flad\u0131. Ortaya \u00e7\u0131kacak g\u00fc\u00e7l\u00fc bir anla\u015fma denizlerin en az \u00fc\u00e7te birini koruyacak geni\u015f okyanus koruma alanlar\u0131na kap\u0131 a\u00e7abilir.\n\nD\u00fcnyadaki t\u00fcm ya\u015fam\u0131 okyanuslar\u0131m\u0131za bor\u00e7luyuz ve \u015fimdi onlar\u0131 koruma s\u0131ras\u0131 bizde. Harekete ge\u00e7, okyanuslar\u0131m\u0131za nefes ol&#8230;<\/p>\n\n\n\n<div class=\"wp-block-buttons is-layout-flex wp-block-buttons-is-layout-flex\">\n<div class=\"wp-block-button\"><a class=\"wp-block-button__link wp-element-button\" href=\"https:\/\/act.greenpeace.org\/page\/41765\/petition\/1?utm_source=direct&amp;utm_medium=link&amp;utm_campaign=okyanuslari-koru\" target=\"_blank\" rel=\"noreferrer noopener\">\n                                    Kampanyaya Kat\u0131l\n                                <\/a><\/div>\n<\/div>\n<\/div>\n<div data-render=\"planet4-blocks\/columns\" data-attributes=\"{&quot;attributes&quot;:{&quot;columns&quot;:[{&quot;title&quot;:&quot;Derin denizler, madencilik tehdidi alt\\u0131nda&quot;,&quot;description&quot;:&quot;Derin denizler, gezegendeki ya\\u015fanabilir alan\\u0131n y\\u00fczde 95\\u2019inden daha fazlas\\u0131n\\u0131 olu\\u015ftursa da bug\\u00fcne kadar, sadece 10 binde biri bilim insanlar\\u0131 taraf\\u0131ndan ke\\u015ffedildi. Bu \\u015fu anlama geliyor, Mars ve Ay\\u2019\\u0131n y\\u00fczeyi hakk\\u0131nda derin denizden daha \\u00e7ok bilgiye sahibiz. \\u0130nsanl\\u0131k hen\\u00fcz derin denizi ke\\u015ffedemeden maden \\u015firketleri derin deniz taban\\u0131ndaki de\\u011ferli mineralleri ak\\u0131ll\\u0131 telefon ve bilgisayarlar i\\u00e7in kullanmak istiyor.&quot;,&quot;link_new_tab&quot;:false},{&quot;title&quot;:&quot;G\\u00fc\\u00e7l\\u00fc bir K\\u00fcresel Okyanus Anla\\u015fmas\\u0131 \\u015fart&quot;,&quot;description&quot;:&quot;Okyanuslar\\u0131n \\u00e7ok b\\u00fcy\\u00fck b\\u00f6l\\u00fcm\\u00fc koruma alt\\u0131nda de\\u011fil ve s\\u00f6m\\u00fcr\\u00fcye a\\u00e7\\u0131k durumda. Bilim insanlar\\u0131 yaban hayat\\u0131 korumak ve iklim de\\u011fi\\u015fikli\\u011finin etkilerini azaltmak i\\u00e7in 2030 y\\u0131l\\u0131na kadar okyanuslar\\u0131m\\u0131z\\u0131n en az \\u00fc\\u00e7te birinin okyanus koruma alanlar\\u0131 kapsam\\u0131na al\\u0131nmas\\u0131 gerekti\\u011fini s\\u00f6yl\\u00fcyor.&quot;,&quot;link_new_tab&quot;:false},{&quot;title&quot;:&quot;\\u00d6n\\u00fcm\\u00fczde b\\u00fcy\\u00fck bir f\\u0131rsat var&quot;,&quot;description&quot;:&quot;Birle\\u015fmi\\u015f Milletler&#039;de imzalanacak g\\u00fc\\u00e7l\\u00fc bir K\\u00fcresel Okyanus Anla\\u015fmas\\u0131 okyanuslar\\u0131m\\u0131z\\u0131 koruyabilir. 2020 y\\u0131l\\u0131nda tamamlanmas\\u0131 beklenen anla\\u015fma okyanuslar\\u0131n \\u00fc\\u00e7te birinin koruma alt\\u0131na al\\u0131nmas\\u0131 i\\u00e7in kap\\u0131 a\\u00e7abilir. 1 milyondan fazla insan gezegenimiz i\\u00e7in tarih yazmak istiyor. Sen de bu hareketin bir par\\u00e7as\\u0131 ol.&quot;,&quot;link_new_tab&quot;:false}],&quot;className&quot;:&quot;is-style-no_image&quot;,&quot;columns_block_style&quot;:&quot;no_image&quot;}}\"><\/div><div data-render=\"planet4-blocks\/columns\" data-attributes=\"{&quot;attributes&quot;:{&quot;columns_block_style&quot;:&quot;tasks&quot;,&quot;columns_title&quot;:&quot;Neler yapabilirsin?&quot;,&quot;columns&quot;:[{&quot;description&quot;:&quot;Kampanyaya kat\\u0131l, gezegenimiz i\\u00e7in okyanus koruma alanlar\\u0131 olu\\u015fturulmas\\u0131na yard\\u0131m et. Birle\\u015fmi\\u015f Milletler\\u2019de g\\u00fc\\u00e7l\\u00fc bir K\\u00fcresel Okyanus Anla\\u015fmas\\u0131 imzalanmas\\u0131 i\\u00e7in devletlere \\u00e7a\\u011fr\\u0131da bulun.&quot;,&quot;attachment&quot;:&quot;https:\\\/\\\/www.greenpeace.org\\\/static\\\/planet4-turkey-stateless\\\/2019\\\/09\\\/7fd347a9-gp0stsdze-510x306.jpg&quot;,&quot;cta_link&quot;:&quot;https:\\\/\\\/act.greenpeace.org\\\/page\\\/41765\\\/petition\\\/1?utm_source=directu0026utm_medium=linku0026utm_campaign=okyanuslari-koru&quot;,&quot;link_new_tab&quot;:false,&quot;cta_text&quot;:&quot;\\u0130mza Ver&quot;,&quot;attachment_srcset&quot;:&quot;https:\\\/\\\/www.greenpeace.org\\\/static\\\/planet4-turkey-stateless\\\/2019\\\/09\\\/7fd347a9-gp0stsdze-510x306.jpg 510w, https:\\\/\\\/www.greenpeace.org\\\/static\\\/planet4-turkey-stateless\\\/2019\\\/09\\\/7fd347a9-gp0stsdze-300x180.jpg 300w, https:\\\/\\\/www.greenpeace.org\\\/static\\\/planet4-turkey-stateless\\\/2019\\\/09\\\/7fd347a9-gp0stsdze-768x461.jpg 768w, https:\\\/\\\/www.greenpeace.org\\\/static\\\/planet4-turkey-stateless\\\/2019\\\/09\\\/7fd347a9-gp0stsdze-1024x614.jpg 1024w, https:\\\/\\\/www.greenpeace.org\\\/static\\\/planet4-turkey-stateless\\\/2019\\\/09\\\/7fd347a9-gp0stsdze.jpg 1200w&quot;},{&quot;description&quot;:&quot;Okyanuslar\\u0131n gelece\\u011fi i\\u00e7in okyanus koruma alanlar\\u0131n\\u0131n olu\\u015fturulmas\\u0131 \\u015fart. Bunun i\\u00e7in \\u015fimdi harekete ge\\u00e7meliyiz yoksa gelecek nesiller i\\u00e7in \\u00e7ok ge\\u00e7 olabilir. Videoyu arkada\\u015flar\\u0131nla payla\\u015f.&quot;,&quot;attachment&quot;:&quot;https:\\\/\\\/www.greenpeace.org\\\/static\\\/planet4-turkey-stateless\\\/2019\\\/09\\\/976d3473-belcim-bilgin-okyanus-greenpeace-510x286.png&quot;,&quot;cta_link&quot;:&quot;https:\\\/\\\/www.instagram.com\\\/p\\\/B2V0kyxHQE_\\\/&quot;,&quot;link_new_tab&quot;:false,&quot;cta_text&quot;:&quot;Videoyu Payla\\u015f&quot;,&quot;attachment_srcset&quot;:&quot;https:\\\/\\\/www.greenpeace.org\\\/static\\\/planet4-turkey-stateless\\\/2019\\\/09\\\/976d3473-belcim-bilgin-okyanus-greenpeace-510x286.png 510w, https:\\\/\\\/www.greenpeace.org\\\/static\\\/planet4-turkey-stateless\\\/2019\\\/09\\\/976d3473-belcim-bilgin-okyanus-greenpeace-300x168.png 300w, https:\\\/\\\/www.greenpeace.org\\\/static\\\/planet4-turkey-stateless\\\/2019\\\/09\\\/976d3473-belcim-bilgin-okyanus-greenpeace-768x431.png 768w, https:\\\/\\\/www.greenpeace.org\\\/static\\\/planet4-turkey-stateless\\\/2019\\\/09\\\/976d3473-belcim-bilgin-okyanus-greenpeace-1024x574.png 1024w, https:\\\/\\\/www.greenpeace.org\\\/static\\\/planet4-turkey-stateless\\\/2019\\\/09\\\/976d3473-belcim-bilgin-okyanus-greenpeace.png 1200w&quot;}],&quot;className&quot;:&quot;is-style-tasks&quot;}}\"><\/div>\n        <div class=\"wp-block-group is-layout-flow wp-block-group-is-layout-flow\">\n        \n        \n        <figure class=\"wp-block-embed is-type-1 is-provider-youtube wp-block-embed-youtube wp-embed-aspect-16-9 wp-has-aspect-ratio\"><div class=\"wp-block-embed__wrapper\">\n        <lite-youtube style=\"background-image: url('https:\/\/i.ytimg.com\/vi\/nbjMuOWl7y0\/hqdefault.jpg');\" videoid=\"nbjMuOWl7y0\" params=\"rel=0\"><\/lite-youtube>\n        <\/div><\/figure><\/div>\n        \n    <div class=\"wp-block-query posts-list p4-query-loop is-custom-layout-list is-layout-flow wp-block-query-is-layout-flow\">\n        <div class=\"wp-block-group is-content-justification-space-between is-layout-flex wp-container-core-group-is-layout-3d213aab wp-block-group-is-layout-flex\"><h2 class=\"wp-block-heading\">\u0130lgili Yaz\u0131lar<\/h2>\n        <li class=\" wp-block-navigation-item see-all-link wp-block-navigation-link\"><a class=\"wp-block-navigation-item__content\"  href=\"http:\/\/www.greenpeace.org\/turkey\/news-stories\/?tag=okyanuslar\"><span class=\"wp-block-navigation-item__label\">See all stories<\/span><\/a><\/li>\n        \n        <\/div>\n        \n\n    <p style=\"margin-top: 24px; margin-bottom: 36px;\"><\/p>\n\n    \n\n    <ul class=\"wp-block-post-template is-layout-flow wp-block-post-template-is-layout-flow\"><li class=\"wp-block-post post-9947 post type-post status-publish format-standard has-post-thumbnail hentry category-biyocesitlilik-doga category-sorunlar-ve-cozumler tag-okyanuslar p4-page-type-blog\">\n            \n<div class=\"wp-block-columns is-layout-flex wp-container-core-columns-is-layout-9d6595d7 wp-block-columns-is-layout-flex\"><figure class=\"wp-block-post-featured-image\"><a href=\"https:\/\/www.greenpeace.org\/turkey\/blog\/basardik-turkiye-kuresel-okyanus-antlasmasini-onayladi-260122\/\" target=\"_self\"  ><img loading=\"lazy\" decoding=\"async\" width=\"1400\" height=\"926\" src=\"https:\/\/www.greenpeace.org\/static\/planet4-turkey-stateless\/2026\/01\/6c63b1bd-image.jpeg\" class=\"attachment-post-thumbnail size-post-thumbnail wp-post-image wp-stateless-item\" alt=\"Ba\u015fard\u0131k: T\u00fcrkiye K\u00fcresel Okyanus Antla\u015fmas\u0131\u2019n\u0131 onaylad\u0131, Antla\u015fma y\u00fcr\u00fcrl\u00fckte\u00a0\" style=\"object-fit:cover;\" srcset=\"https:\/\/www.greenpeace.org\/static\/planet4-turkey-stateless\/2026\/01\/6c63b1bd-image.jpeg 1400w, https:\/\/www.greenpeace.org\/static\/planet4-turkey-stateless\/2026\/01\/6c63b1bd-image-300x198.jpeg 300w, https:\/\/www.greenpeace.org\/static\/planet4-turkey-stateless\/2026\/01\/6c63b1bd-image-1024x677.jpeg 1024w, https:\/\/www.greenpeace.org\/static\/planet4-turkey-stateless\/2026\/01\/6c63b1bd-image-768x508.jpeg 768w, https:\/\/www.greenpeace.org\/static\/planet4-turkey-stateless\/2026\/01\/6c63b1bd-image-510x337.jpeg 510w\" sizes=\"auto, (max-width: 1400px) 100vw, 1400px\" data-image-size=\"post-thumbnail\" data-stateless-media-bucket=\"planet4-turkey-stateless\" data-stateless-media-name=\"2026\/01\/6c63b1bd-image.jpeg\" \/><\/a><\/figure>\n\n        <div class=\"wp-block-group is-layout-flow wp-block-group-is-layout-flow\">\n                <div class=\"wp-block-group is-layout-flex wp-block-group-is-layout-flex\"><div class=\"wp-block-post-terms\"><a href=\"https:\/\/www.greenpeace.org\/turkey\/category\/sorunlar-ve-cozumler\/biyocesitlilik-doga\/\">Biyo\u00e7e\u015fitlilik ve Do\u011fa<\/a><\/div>\n                <div class=\"taxonomy-post_tag wp-block-post-terms\"><a href=\"https:\/\/www.greenpeace.org\/turkey\/tag\/okyanuslar\/\" rel=\"tag\">Okyanuslar<\/a><\/div>\n                \n                <\/div>\n                \n        <h3 class=\"wp-block-post-title\"><a href=\"https:\/\/www.greenpeace.org\/turkey\/blog\/basardik-turkiye-kuresel-okyanus-antlasmasini-onayladi-260122\/\" target=\"_self\" >Ba\u015fard\u0131k: T\u00fcrkiye K\u00fcresel Okyanus Antla\u015fmas\u0131\u2019n\u0131 onaylad\u0131, Antla\u015fma y\u00fcr\u00fcrl\u00fckte\u00a0<\/a><\/h3>\n        <div class=\"wp-block-post-excerpt\"><p class=\"wp-block-post-excerpt__excerpt\">22 Ocak 2026, \u0130stanbul \u2013 Greenpeace T\u00fcrkiye\u2019nin ulusal s\u0131n\u0131rlar\u0131n \u00f6tesindeki do\u011fal alanlar\u0131 koruma f\u0131rsat\u0131 sunan K\u00fcresel Okyanus Antla\u015fmas\u0131\u2019n\u0131n onaylanmas\u0131 i\u00e7in s\u00fcrd\u00fcrd\u00fc\u011f\u00fc ve 10 binden fazla ki\u015finin imza verdi\u011fi kampanyas\u0131 kazan\u0131mla&hellip; <\/p><\/div>\n        \n        <div class=\"wp-block-group posts-list-meta is-layout-flow wp-block-group-is-layout-flow\"><span class='article-list-item-author'><a href='https:\/\/www.greenpeace.org\/turkey\/author\/bececeli\/'>Greenpeace T\u00fcrkiye<\/a><\/span>\n        <div class=\"wp-block-post-date\"><time datetime=\"2026-01-22T13:41:57+03:00\">22 Ocak 2026<\/time><\/div>\n        \n        <\/div>\n        <\/div>\n        <\/div>\n\n            <\/li><li class=\"wp-block-post post-9942 post type-post status-publish format-standard has-post-thumbnail hentry category-biyocesitlilik-doga category-sorunlar-ve-cozumler tag-okyanuslar p4-page-type-basin-bultenleri\">\n            \n<div class=\"wp-block-columns is-layout-flex wp-container-core-columns-is-layout-9d6595d7 wp-block-columns-is-layout-flex\"><figure class=\"wp-block-post-featured-image\"><a href=\"https:\/\/www.greenpeace.org\/turkey\/basin-bultenleri\/greenpeace-kampanyasi-sonuc-verdi-260122\/\" target=\"_self\"  ><img loading=\"lazy\" decoding=\"async\" width=\"1400\" height=\"926\" src=\"https:\/\/www.greenpeace.org\/static\/planet4-turkey-stateless\/2026\/01\/6c63b1bd-image.jpeg\" class=\"attachment-post-thumbnail size-post-thumbnail wp-post-image wp-stateless-item\" alt=\"Greenpeace Kampanyas\u0131 Sonu\u00e7 Verdi: T\u00fcrkiye K\u00fcresel Okyanus Antla\u015fmas\u0131\u2019n\u0131 Onaylad\u0131, Antla\u015fma Y\u00fcr\u00fcrl\u00fckte\u00a0\" style=\"object-fit:cover;\" srcset=\"https:\/\/www.greenpeace.org\/static\/planet4-turkey-stateless\/2026\/01\/6c63b1bd-image.jpeg 1400w, https:\/\/www.greenpeace.org\/static\/planet4-turkey-stateless\/2026\/01\/6c63b1bd-image-300x198.jpeg 300w, https:\/\/www.greenpeace.org\/static\/planet4-turkey-stateless\/2026\/01\/6c63b1bd-image-1024x677.jpeg 1024w, https:\/\/www.greenpeace.org\/static\/planet4-turkey-stateless\/2026\/01\/6c63b1bd-image-768x508.jpeg 768w, https:\/\/www.greenpeace.org\/static\/planet4-turkey-stateless\/2026\/01\/6c63b1bd-image-510x337.jpeg 510w\" sizes=\"auto, (max-width: 1400px) 100vw, 1400px\" data-image-size=\"post-thumbnail\" data-stateless-media-bucket=\"planet4-turkey-stateless\" data-stateless-media-name=\"2026\/01\/6c63b1bd-image.jpeg\" \/><\/a><\/figure>\n\n        <div class=\"wp-block-group is-layout-flow wp-block-group-is-layout-flow\">\n                <div class=\"wp-block-group is-layout-flex wp-block-group-is-layout-flex\"><div class=\"wp-block-post-terms\"><a href=\"https:\/\/www.greenpeace.org\/turkey\/category\/sorunlar-ve-cozumler\/biyocesitlilik-doga\/\">Biyo\u00e7e\u015fitlilik ve Do\u011fa<\/a><\/div>\n                <div class=\"taxonomy-post_tag wp-block-post-terms\"><a href=\"https:\/\/www.greenpeace.org\/turkey\/tag\/okyanuslar\/\" rel=\"tag\">Okyanuslar<\/a><\/div>\n                \n                <\/div>\n                \n        <h3 class=\"wp-block-post-title\"><a href=\"https:\/\/www.greenpeace.org\/turkey\/basin-bultenleri\/greenpeace-kampanyasi-sonuc-verdi-260122\/\" target=\"_self\" >Greenpeace Kampanyas\u0131 Sonu\u00e7 Verdi: T\u00fcrkiye K\u00fcresel Okyanus Antla\u015fmas\u0131\u2019n\u0131 Onaylad\u0131, Antla\u015fma Y\u00fcr\u00fcrl\u00fckte\u00a0<\/a><\/h3>\n        <div class=\"wp-block-post-excerpt\"><p class=\"wp-block-post-excerpt__excerpt\">22 Ocak 2026, \u0130stanbul \u2013 Greenpeace T\u00fcrkiye\u2019nin ulusal s\u0131n\u0131rlar\u0131n \u00f6tesindeki do\u011fal alanlar\u0131 koruma f\u0131rsat\u0131 sunan K\u00fcresel Okyanus Antla\u015fmas\u0131\u2019n\u0131n onaylanmas\u0131 i\u00e7in s\u00fcrd\u00fcrd\u00fc\u011f\u00fc ve 10 binden fazla ki\u015finin imza verdi\u011fi kampanyas\u0131 kazan\u0131mla&hellip; <\/p><\/div>\n        \n        <div class=\"wp-block-group posts-list-meta is-layout-flow wp-block-group-is-layout-flow\"><span class='article-list-item-author'><a href='https:\/\/www.greenpeace.org\/turkey\/author\/bececeli\/'>Greenpeace T\u00fcrkiye<\/a><\/span>\n        <div class=\"wp-block-post-date\"><time datetime=\"2026-01-22T12:47:38+03:00\">22 Ocak 2026<\/time><\/div>\n        \n        <\/div>\n        <\/div>\n        <\/div>\n\n            <\/li><li class=\"wp-block-post post-9912 post type-post status-publish format-standard has-post-thumbnail hentry category-sorunlar-ve-cozumler category-iklim-krizi tag-iklim-adaleti tag-yenilenebilir-enerji tag-ormanlar tag-okyanuslar tag-plastik tag-iklim-degisikligi tag-komur tag-gidatarim p4-page-type-blog\">\n            \n<div class=\"wp-block-columns is-layout-flex wp-container-core-columns-is-layout-9d6595d7 wp-block-columns-is-layout-flex\"><figure class=\"wp-block-post-featured-image\"><a href=\"https:\/\/www.greenpeace.org\/turkey\/blog\/2025te-one-cikan-kampanyalarimiz\/\" target=\"_self\"  ><img loading=\"lazy\" decoding=\"async\" width=\"1200\" height=\"794\" src=\"https:\/\/www.greenpeace.org\/static\/planet4-turkey-stateless\/2026\/01\/f2d3746b-gp0su5nhh.jpg\" class=\"attachment-post-thumbnail size-post-thumbnail wp-post-image wp-stateless-item\" alt=\"2025\u2019te Greenpeace T\u00fcrkiye\u2019de \u00f6ne \u00e7\u0131kan kampanyalar\u0131m\u0131z\" style=\"object-fit:cover;\" srcset=\"https:\/\/www.greenpeace.org\/static\/planet4-turkey-stateless\/2026\/01\/f2d3746b-gp0su5nhh.jpg 1200w, https:\/\/www.greenpeace.org\/static\/planet4-turkey-stateless\/2026\/01\/f2d3746b-gp0su5nhh-300x199.jpg 300w, https:\/\/www.greenpeace.org\/static\/planet4-turkey-stateless\/2026\/01\/f2d3746b-gp0su5nhh-1024x678.jpg 1024w, https:\/\/www.greenpeace.org\/static\/planet4-turkey-stateless\/2026\/01\/f2d3746b-gp0su5nhh-768x508.jpg 768w, https:\/\/www.greenpeace.org\/static\/planet4-turkey-stateless\/2026\/01\/f2d3746b-gp0su5nhh-510x337.jpg 510w\" sizes=\"auto, (max-width: 1200px) 100vw, 1200px\" data-image-size=\"post-thumbnail\" data-stateless-media-bucket=\"planet4-turkey-stateless\" data-stateless-media-name=\"2026\/01\/f2d3746b-gp0su5nhh.jpg\" \/><\/a><\/figure>\n\n        <div class=\"wp-block-group is-layout-flow wp-block-group-is-layout-flow\">\n                <div class=\"wp-block-group is-layout-flex wp-block-group-is-layout-flex\"><div class=\"wp-block-post-terms\"><a href=\"https:\/\/www.greenpeace.org\/turkey\/category\/sorunlar-ve-cozumler\/\">\u00c7al\u0131\u015ft\u0131\u011f\u0131m\u0131z Alanlar<\/a><\/div>\n                <div class=\"taxonomy-post_tag wp-block-post-terms\"><a href=\"https:\/\/www.greenpeace.org\/turkey\/tag\/iklim-adaleti\/\" rel=\"tag\">\u0130klim Adaleti<\/a><span class=\"wp-block-post-terms__separator\"> <\/span><a href=\"https:\/\/www.greenpeace.org\/turkey\/tag\/yenilenebilir-enerji\/\" rel=\"tag\">Yenilenebilir Enerji<\/a><span class=\"wp-block-post-terms__separator\"> <\/span><a href=\"https:\/\/www.greenpeace.org\/turkey\/tag\/ormanlar\/\" rel=\"tag\">Ormanlar<\/a><span class=\"wp-block-post-terms__separator\"> <\/span><a href=\"https:\/\/www.greenpeace.org\/turkey\/tag\/okyanuslar\/\" rel=\"tag\">Okyanuslar<\/a><span class=\"wp-block-post-terms__separator\"> <\/span><a href=\"https:\/\/www.greenpeace.org\/turkey\/tag\/plastik\/\" rel=\"tag\">Plastik<\/a><span class=\"wp-block-post-terms__separator\"> <\/span><a href=\"https:\/\/www.greenpeace.org\/turkey\/tag\/iklim-degisikligi\/\" rel=\"tag\">\u0130klim De\u011fi\u015fikli\u011fi<\/a><span class=\"wp-block-post-terms__separator\"> <\/span><a href=\"https:\/\/www.greenpeace.org\/turkey\/tag\/komur\/\" rel=\"tag\">K\u00f6m\u00fcr<\/a><span class=\"wp-block-post-terms__separator\"> <\/span><a href=\"https:\/\/www.greenpeace.org\/turkey\/tag\/gidatarim\/\" rel=\"tag\">G\u0131da Tar\u0131m<\/a><\/div>\n                \n                <\/div>\n                \n        <h3 class=\"wp-block-post-title\"><a href=\"https:\/\/www.greenpeace.org\/turkey\/blog\/2025te-one-cikan-kampanyalarimiz\/\" target=\"_self\" >2025\u2019te Greenpeace T\u00fcrkiye\u2019de \u00f6ne \u00e7\u0131kan kampanyalar\u0131m\u0131z<\/a><\/h3>\n        <div class=\"wp-block-post-excerpt\"><p class=\"wp-block-post-excerpt__excerpt\">\u0130\u015fte k\u00f6m\u00fcr\u00fcn tozundan okyanuslar\u0131n derinli\u011fine, sofram\u0131zdaki g\u0131dadan soludu\u011fumuz havaya kadar verdi\u011fimiz m\u00fccadele ile 2025\u2019te ba\u015fard\u0131klar\u0131m\u0131z.\u00a0 <\/p><\/div>\n        \n        <div class=\"wp-block-group posts-list-meta is-layout-flow wp-block-group-is-layout-flow\"><span class='article-list-item-author'><a href='https:\/\/www.greenpeace.org\/turkey\/author\/bececeli\/'>Greenpeace T\u00fcrkiye<\/a><\/span>\n        <div class=\"wp-block-post-date\"><time datetime=\"2026-01-06T11:31:48+03:00\">6 Ocak 2026<\/time><\/div>\n        \n        <\/div>\n        <\/div>\n        <\/div>\n\n            <\/li><\/ul>\n\n    \n<div class=\"wp-block-buttons carousel-controls is-horizontal is-content-justification-space-between is-nowrap is-layout-flex wp-container-core-buttons-is-layout-044bd602 wp-block-buttons-is-layout-flex\">\n            <div class=\"wp-block-button carousel-control-prev\"><button type=\"button\" class=\"wp-block-button__link wp-element-button\">Prev<\/button><\/div>\n        \n\n            <div class=\"wp-block-button carousel-control-next\"><button type=\"button\" class=\"wp-block-button__link wp-element-button\">Next<\/button><\/div>\n        <\/div>\n\n\n    <li class=\" wp-block-navigation-item see-all-link wp-block-navigation-link\"><a class=\"wp-block-navigation-item__content\"  href=\"http:\/\/www.greenpeace.org\/turkey\/news-stories\/?tag=okyanuslar\"><span class=\"wp-block-navigation-item__label\">See all stories<\/span><\/a><\/li><\/div>\n    ","protected":false},"excerpt":{"rendered":"<p>Ald\u0131\u011f\u0131m\u0131z her iki nefesten birini okyanuslara bor\u00e7luyuz. \u015eimdi borcumuzu \u00f6deme s\u0131ras\u0131 bizde.<\/p>\n","protected":false},"author":1,"featured_media":620,"parent":0,"menu_order":0,"comment_status":"closed","ping_status":"closed","template":"","meta":{"ep_exclude_from_search":false,"p4_hide_page_title_checkbox":"","p4_title":"","p4_subtitle":"","p4_description":"","background_image_id":"","background_image":"","p4_button_title":"","p4_button_link":"","p4_button_link_checkbox":"","p4_og_title":"","p4_og_description":"","p4_og_image":"","p4_og_image_id":"","p4_seo_canonical_url":"","p4_campaign_name":"not set","p4_local_project":"","p4_basket_name":"not set","p4_department":"","footnotes":""},"categories":[3],"tags":[20],"class_list":["post-32","page","type-page","status-publish","has-post-thumbnail","hentry","category-biyocesitlilik-doga","tag-okyanuslar"],"_links":{"self":[{"href":"https:\/\/www.greenpeace.org\/turkey\/wp-json\/wp\/v2\/pages\/32","targetHints":{"allow":["GET"]}}],"collection":[{"href":"https:\/\/www.greenpeace.org\/turkey\/wp-json\/wp\/v2\/pages"}],"about":[{"href":"https:\/\/www.greenpeace.org\/turkey\/wp-json\/wp\/v2\/types\/page"}],"author":[{"embeddable":true,"href":"https:\/\/www.greenpeace.org\/turkey\/wp-json\/wp\/v2\/users\/1"}],"replies":[{"embeddable":true,"href":"https:\/\/www.greenpeace.org\/turkey\/wp-json\/wp\/v2\/comments?post=32"}],"version-history":[{"count":20,"href":"https:\/\/www.greenpeace.org\/turkey\/wp-json\/wp\/v2\/pages\/32\/revisions"}],"predecessor-version":[{"id":9586,"href":"https:\/\/www.greenpeace.org\/turkey\/wp-json\/wp\/v2\/pages\/32\/revisions\/9586"}],"wp:featuredmedia":[{"embeddable":true,"href":"https:\/\/www.greenpeace.org\/turkey\/wp-json\/wp\/v2\/media\/620"}],"wp:attachment":[{"href":"https:\/\/www.greenpeace.org\/turkey\/wp-json\/wp\/v2\/media?parent=32"}],"wp:term":[{"taxonomy":"category","embeddable":true,"href":"https:\/\/www.greenpeace.org\/turkey\/wp-json\/wp\/v2\/categories?post=32"},{"taxonomy":"post_tag","embeddable":true,"href":"https:\/\/www.greenpeace.org\/turkey\/wp-json\/wp\/v2\/tags?post=32"}],"curies":[{"name":"wp","href":"https:\/\/api.w.org\/{rel}","templated":true}]}}