{"id":425,"date":"2019-02-15T12:49:06","date_gmt":"2019-02-15T12:49:06","guid":{"rendered":"https:\/\/k8s.p4.greenpeace.org\/defaultcontent\/?page_id=425"},"modified":"2026-05-05T15:20:59","modified_gmt":"2026-05-05T12:20:59","slug":"okyanuslar","status":"publish","type":"page","link":"https:\/\/www.greenpeace.org\/turkey\/okyanuslar\/","title":{"rendered":"#Okyanuslar"},"content":{"rendered":"\n                    <div class=\"wp-block-group is-vertical is-layout-flex wp-container-core-group-is-layout-8cf370e7 wp-block-group-is-layout-flex\">\n                    \n                                <p>Mavi gezegenimiz tehlike alt\u0131nda ve onu korumak hepimizin g\u00f6revi. Sa\u011fl\u0131kl\u0131 okyanuslar gezegenimizin ya\u015fanabilir alanlar\u0131n y\u00fczde 97\u2019sini olu\u015fturup 700.000&#8217;den fazla t\u00fcre ev sahipli\u011fi yaparak ya\u015fam destek sistemi g\u00f6revi g\u00f6r\u00fcr. Okyanuslar, insan sa\u011fl\u0131\u011f\u0131 i\u00e7in de hayati \u00f6neme sahiptir; ald\u0131\u011f\u0131m\u0131z her iki nefesten birini okyanuslar sa\u011flar.\r\n\r\nUlusal s\u0131n\u0131rlar\u0131n \u00f6tesindeki bu sular gezegenimizdeki en b\u00fcy\u00fck ve uzun s\u0131ra da\u011flara, bilinen en eski ya\u015fam formlar\u0131na ev sahipli\u011fi yapan mercan resiflerine ve i\u00e7erisine Everest Da\u011f\u0131\u2019n\u0131 s\u0131\u011fd\u0131racak kadar derin \u00e7ukurlara sahiptir. Bu yap\u0131lar binlerce kilometre yol kat eden balina, kaplumba\u011fa, albatros ve orkinos gibi canl\u0131lar\u0131n adeta otoyoludur. Y\u00fczlerce y\u0131l ya\u015fayabilen hayvanlar\u0131 da bar\u0131nd\u0131ran bu devasa mavi d\u00fcnya, tropikal ya\u011fmur ormanlar\u0131ndan \u00e7ok daha b\u00fcy\u00fck bir canl\u0131 \u00e7e\u015fitlili\u011fine ev sahipli\u011fi yapar.<\/p>\n                            \n\n                    \n                    <\/div>\n                    \n        <div class=\"wp-block-query actions-list p4-query-loop is-custom-layout-actions-list is-custom-layout-grid is-layout-grid wp-container-core-query-is-layout-29f43435 wp-block-query-is-layout-grid\"><h2 class=\"wp-block-heading\"><\/h2>\n        <p style=\"margin-top: 24px; margin-bottom: 32px;\"><\/p>\n        <div class=\"wp-block-query-no-results\">\n        <p >No posts found.<\/p>\n        <\/div>\n        \n        \n        <nav class=\"wp-block-group carousel-controls is-layout-flow wp-block-group-is-layout-flow\" aria-label=\"Actions List carousel controls\">\n<div class=\"wp-block-buttons is-horizontal is-content-justification-space-between is-nowrap is-layout-flex wp-container-core-buttons-is-layout-044bd602 wp-block-buttons-is-layout-flex\">\n            <div class=\"wp-block-button carousel-control-prev\"><button type=\"button\" class=\"wp-block-button__link wp-element-button\">Prev<\/button><\/div>\n        \n\n            <div class=\"wp-block-button carousel-control-next\"><button type=\"button\" class=\"wp-block-button__link wp-element-button\">Next<\/button><\/div>\n        <\/div>\n\n        \n        \n        <\/nav>\n        \n        \n<div class=\"wp-block-buttons load-more-actions-container is-content-justification-center is-layout-flex wp-container-core-buttons-is-layout-16018d1d wp-block-buttons-is-layout-flex\">\n                <div class=\"wp-block-button is-style-secondary\"><button type=\"button\" class=\"wp-block-button__link wp-element-button\">Daha Fazlas\u0131<\/button><\/div>\n            \n<\/div>\n<\/div>\n        \n    <div class=\"wp-block-query posts-list p4-query-loop is-custom-layout-list is-layout-flow wp-block-query-is-layout-flow\">\n        <div class=\"wp-block-group is-content-justification-space-between is-layout-flex wp-container-core-group-is-layout-3d213aab wp-block-group-is-layout-flex\"><h2 class=\"wp-block-heading\">\u0130lgili Yaz\u0131lar<\/h2>\n        <li class=\" wp-block-navigation-item see-all-link wp-block-navigation-link\"><a class=\"wp-block-navigation-item__content\"  href=\"http:\/\/www.greenpeace.org\/turkey\/news-stories\/\"><span data-ga-category=\"Posts List\" data-ga-action=\"See More Link\" data-ga-label=\"n\/a\" class=\"wp-block-navigation-item__label\">See all stories<\/span><\/a><\/li>\n        \n        <\/div>\n        \n\n    <p style=\"margin-top: 24px; margin-bottom: 36px;\"><\/p>\n\n    \n\n    <ul class=\"wp-block-post-template is-layout-flow wp-block-post-template-is-layout-flow\"><li class=\"wp-block-post post-10098 post type-post status-publish format-standard has-post-thumbnail hentry category-sorunlar-ve-cozumler category-iklim-adaleti p4-page-type-blog\">\n            \n<div class=\"wp-block-columns is-layout-flex wp-container-core-columns-is-layout-9d6595d7 wp-block-columns-is-layout-flex\"><figure class=\"wp-block-post-featured-image\"><a href=\"https:\/\/www.greenpeace.org\/turkey\/blog\/baris-arctic-sunrisedan-bildiriyor-3-gemiden-indim-dayanisma-devam-ediyor\/\" target=\"_self\"  ><img loading=\"lazy\" decoding=\"async\" data-ga-category=\"Posts List\" data-ga-action=\"Image\" data-ga-label=\"n\/a\" width=\"1200\" height=\"800\" src=\"https:\/\/www.greenpeace.org\/static\/planet4-turkey-stateless\/2026\/05\/65ed096a-gp0su8tju_medium-res-with-credit-line-1200px.jpg\" class=\"attachment-post-thumbnail size-post-thumbnail wp-post-image wp-stateless-item\" alt=\"Bar\u0131\u015f, Arctic Sunrise&#8217;dan bildiriyor #3: Gemiden indim, dayan\u0131\u015fma devam ediyor\" style=\"object-fit:cover;\" srcset=\"https:\/\/www.greenpeace.org\/static\/planet4-turkey-stateless\/2026\/05\/65ed096a-gp0su8tju_medium-res-with-credit-line-1200px.jpg 1200w, https:\/\/www.greenpeace.org\/static\/planet4-turkey-stateless\/2026\/05\/65ed096a-gp0su8tju_medium-res-with-credit-line-1200px-300x200.jpg 300w, https:\/\/www.greenpeace.org\/static\/planet4-turkey-stateless\/2026\/05\/65ed096a-gp0su8tju_medium-res-with-credit-line-1200px-1024x683.jpg 1024w, https:\/\/www.greenpeace.org\/static\/planet4-turkey-stateless\/2026\/05\/65ed096a-gp0su8tju_medium-res-with-credit-line-1200px-768x512.jpg 768w, https:\/\/www.greenpeace.org\/static\/planet4-turkey-stateless\/2026\/05\/65ed096a-gp0su8tju_medium-res-with-credit-line-1200px-510x340.jpg 510w\" sizes=\"auto, (max-width: 1200px) 100vw, 1200px\" data-image-size=\"post-thumbnail\" data-stateless-media-bucket=\"planet4-turkey-stateless\" data-stateless-media-name=\"2026\/05\/65ed096a-gp0su8tju_medium-res-with-credit-line-1200px.jpg\" \/><\/a><\/figure>\n\n        <div class=\"wp-block-group is-layout-flow wp-block-group-is-layout-flow\">\n                <div class=\"wp-block-group is-layout-flex wp-block-group-is-layout-flex\"><div class=\"wp-block-post-terms\"><a data-ga-category=\"Posts List\" data-ga-action=\"Post Type Tag\" data-ga-label=\"n\/a\" href=\"https:\/\/www.greenpeace.org\/turkey\/category\/sorunlar-ve-cozumler\/\">\u00c7al\u0131\u015ft\u0131\u011f\u0131m\u0131z Alanlar<\/a><\/div>\n                \n                \n                <\/div>\n                \n        <h3 class=\"wp-block-post-title\"><a data-ga-category=\"Posts List\" data-ga-action=\"Title\" data-ga-label=\"n\/a\" href=\"https:\/\/www.greenpeace.org\/turkey\/blog\/baris-arctic-sunrisedan-bildiriyor-3-gemiden-indim-dayanisma-devam-ediyor\/\" target=\"_self\" >Bar\u0131\u015f, Arctic Sunrise&#8217;dan bildiriyor #3: Gemiden indim, dayan\u0131\u015fma devam ediyor<\/a><\/h3>\n        <div class=\"wp-block-post-excerpt\"><p class=\"wp-block-post-excerpt__excerpt\">Bu yaz\u0131y\u0131 art\u0131k Arctic Sunrise&#8217;\u0131n g\u00fcvertesinden de\u011fil, karadan yaz\u0131yorum. Dijital operasyonlara ve ileti\u015fim \u00e7al\u0131\u015fmalar\u0131na karadan destek olmak i\u00e7in gemiden indim. Ama hikaye burada bitmiyor. <\/p><\/div>\n        \n        <div class=\"wp-block-group posts-list-meta is-layout-flow wp-block-group-is-layout-flow\"><span class='article-list-item-author'>Bar\u0131\u015f Ece\u00e7elik<\/span>\n        <div class=\"wp-block-post-date\"><time datetime=\"2026-05-05T13:40:25+03:00\">5 May\u0131s 2026<\/time><\/div>\n        \n        <\/div>\n        <\/div>\n        <\/div>\n\n            <\/li><li class=\"wp-block-post post-10090 post type-post status-publish format-standard has-post-thumbnail hentry category-sorunlar-ve-cozumler category-iklim-adaleti p4-page-type-blog\">\n            \n<div class=\"wp-block-columns is-layout-flex wp-container-core-columns-is-layout-9d6595d7 wp-block-columns-is-layout-flex\"><figure class=\"wp-block-post-featured-image\"><a href=\"https:\/\/www.greenpeace.org\/turkey\/blog\/baris-arctic-sunrisedan-bildiriyor-2-her-sey-degisti\/\" target=\"_self\"  ><img loading=\"lazy\" decoding=\"async\" data-ga-category=\"Posts List\" data-ga-action=\"Image\" data-ga-label=\"n\/a\" width=\"2048\" height=\"1365\" src=\"https:\/\/www.greenpeace.org\/static\/planet4-turkey-stateless\/2026\/05\/3aea9af2-image.jpeg\" class=\"attachment-post-thumbnail size-post-thumbnail wp-post-image wp-stateless-item\" alt=\"Bar\u0131\u015f, Arctic Sunrise&#8217;dan bildiriyor #2: Her \u015fey de\u011fi\u015fti\" style=\"object-fit:cover;\" srcset=\"https:\/\/www.greenpeace.org\/static\/planet4-turkey-stateless\/2026\/05\/3aea9af2-image.jpeg 2048w, https:\/\/www.greenpeace.org\/static\/planet4-turkey-stateless\/2026\/05\/3aea9af2-image-300x200.jpeg 300w, https:\/\/www.greenpeace.org\/static\/planet4-turkey-stateless\/2026\/05\/3aea9af2-image-1024x683.jpeg 1024w, https:\/\/www.greenpeace.org\/static\/planet4-turkey-stateless\/2026\/05\/3aea9af2-image-768x512.jpeg 768w, https:\/\/www.greenpeace.org\/static\/planet4-turkey-stateless\/2026\/05\/3aea9af2-image-1536x1024.jpeg 1536w, https:\/\/www.greenpeace.org\/static\/planet4-turkey-stateless\/2026\/05\/3aea9af2-image-510x340.jpeg 510w\" sizes=\"auto, (max-width: 2048px) 100vw, 2048px\" data-image-size=\"post-thumbnail\" data-stateless-media-bucket=\"planet4-turkey-stateless\" data-stateless-media-name=\"2026\/05\/3aea9af2-image.jpeg\" \/><\/a><\/figure>\n\n        <div class=\"wp-block-group is-layout-flow wp-block-group-is-layout-flow\">\n                <div class=\"wp-block-group is-layout-flex wp-block-group-is-layout-flex\"><div class=\"wp-block-post-terms\"><a data-ga-category=\"Posts List\" data-ga-action=\"Post Type Tag\" data-ga-label=\"n\/a\" href=\"https:\/\/www.greenpeace.org\/turkey\/category\/sorunlar-ve-cozumler\/\">\u00c7al\u0131\u015ft\u0131\u011f\u0131m\u0131z Alanlar<\/a><\/div>\n                \n                \n                <\/div>\n                \n        <h3 class=\"wp-block-post-title\"><a data-ga-category=\"Posts List\" data-ga-action=\"Title\" data-ga-label=\"n\/a\" href=\"https:\/\/www.greenpeace.org\/turkey\/blog\/baris-arctic-sunrisedan-bildiriyor-2-her-sey-degisti\/\" target=\"_self\" >Bar\u0131\u015f, Arctic Sunrise&#8217;dan bildiriyor #2: Her \u015fey de\u011fi\u015fti<\/a><\/h3>\n        <div class=\"wp-block-post-excerpt\"><p class=\"wp-block-post-excerpt__excerpt\">Son birka\u00e7 g\u00fcn boyunca gemide bir rutin olu\u015fmaya ba\u015flam\u0131\u015ft\u0131. Sabah erkenden kalk\u0131yorduk, ekip toplant\u0131s\u0131 yap\u0131yorduk, hangi gemiye ne destek gerekti\u011fini planl\u0131yorduk ve sahaya \u00e7\u0131k\u0131yorduk. Open Arms ile birlikte gece g\u00fcnd\u00fcz&hellip; <\/p><\/div>\n        \n        <div class=\"wp-block-group posts-list-meta is-layout-flow wp-block-group-is-layout-flow\"><span class='article-list-item-author'>Bar\u0131\u015f Ece\u00e7elik<\/span>\n        <div class=\"wp-block-post-date\"><time datetime=\"2026-05-01T11:51:03+03:00\">1 May\u0131s 2026<\/time><\/div>\n        \n        <\/div>\n        <\/div>\n        <\/div>\n\n            <\/li><li class=\"wp-block-post post-10087 post type-post status-publish format-standard has-post-thumbnail hentry category-sorunlar-ve-cozumler category-iklim-adaleti p4-page-type-blog\">\n            \n<div class=\"wp-block-columns is-layout-flex wp-container-core-columns-is-layout-9d6595d7 wp-block-columns-is-layout-flex\"><figure class=\"wp-block-post-featured-image\"><a href=\"https:\/\/www.greenpeace.org\/turkey\/blog\/israil-kuvvetleri-uluslararasi-sularda-kuresel-sumud-filosuna-mudahale-etti\/\" target=\"_self\"  ><img loading=\"lazy\" decoding=\"async\" data-ga-category=\"Posts List\" data-ga-action=\"Image\" data-ga-label=\"n\/a\" width=\"2560\" height=\"1663\" src=\"https:\/\/www.greenpeace.org\/static\/planet4-turkey-stateless\/2026\/04\/3a2d9504-war-ship-scaled.jpg\" class=\"attachment-post-thumbnail size-post-thumbnail wp-post-image wp-stateless-item\" alt=\"\u0130srail Kuvvetleri Uluslararas\u0131 Sularda K\u00fcresel Sumud Filosu&#8217;na m\u00fcdahale etti\" style=\"object-fit:cover;\" srcset=\"https:\/\/www.greenpeace.org\/static\/planet4-turkey-stateless\/2026\/04\/3a2d9504-war-ship-scaled.jpg 2560w, https:\/\/www.greenpeace.org\/static\/planet4-turkey-stateless\/2026\/04\/3a2d9504-war-ship-300x195.jpg 300w, https:\/\/www.greenpeace.org\/static\/planet4-turkey-stateless\/2026\/04\/3a2d9504-war-ship-1024x665.jpg 1024w, https:\/\/www.greenpeace.org\/static\/planet4-turkey-stateless\/2026\/04\/3a2d9504-war-ship-768x499.jpg 768w, https:\/\/www.greenpeace.org\/static\/planet4-turkey-stateless\/2026\/04\/3a2d9504-war-ship-1536x998.jpg 1536w, https:\/\/www.greenpeace.org\/static\/planet4-turkey-stateless\/2026\/04\/3a2d9504-war-ship-2048x1330.jpg 2048w, https:\/\/www.greenpeace.org\/static\/planet4-turkey-stateless\/2026\/04\/3a2d9504-war-ship-510x331.jpg 510w\" sizes=\"auto, (max-width: 2560px) 100vw, 2560px\" data-image-size=\"post-thumbnail\" data-stateless-media-bucket=\"planet4-turkey-stateless\" data-stateless-media-name=\"2026\/04\/3a2d9504-war-ship-scaled.jpg\" \/><\/a><\/figure>\n\n        <div class=\"wp-block-group is-layout-flow wp-block-group-is-layout-flow\">\n                <div class=\"wp-block-group is-layout-flex wp-block-group-is-layout-flex\"><div class=\"wp-block-post-terms\"><a data-ga-category=\"Posts List\" data-ga-action=\"Post Type Tag\" data-ga-label=\"n\/a\" href=\"https:\/\/www.greenpeace.org\/turkey\/category\/sorunlar-ve-cozumler\/\">\u00c7al\u0131\u015ft\u0131\u011f\u0131m\u0131z Alanlar<\/a><\/div>\n                \n                \n                <\/div>\n                \n        <h3 class=\"wp-block-post-title\"><a data-ga-category=\"Posts List\" data-ga-action=\"Title\" data-ga-label=\"n\/a\" href=\"https:\/\/www.greenpeace.org\/turkey\/blog\/israil-kuvvetleri-uluslararasi-sularda-kuresel-sumud-filosuna-mudahale-etti\/\" target=\"_self\" >\u0130srail Kuvvetleri Uluslararas\u0131 Sularda K\u00fcresel Sumud Filosu&#8217;na m\u00fcdahale etti<\/a><\/h3>\n        <div class=\"wp-block-post-excerpt\"><p class=\"wp-block-post-excerpt__excerpt\">\u0130srail kuvvetleri, K\u00fcresel Sumud Filosu&#8217;na ait gemilere uluslararas\u0131 sularda bask\u0131n d\u00fczenleyerek yakla\u015f\u0131k 175 bar\u0131\u015f\u00e7\u0131l ki\u015fiyi yasad\u0131\u015f\u0131 olarak g\u00f6zalt\u0131na ald\u0131. \u0130srail D\u0131\u015fi\u015fleri Bakanl\u0131\u011f\u0131 ve K\u00fcresel Sumud Filosu organizat\u00f6rlerinin bildirdi\u011fine g\u00f6re, 29&hellip; <\/p><\/div>\n        \n        <div class=\"wp-block-group posts-list-meta is-layout-flow wp-block-group-is-layout-flow\"><span class='article-list-item-author'><a data-ga-category=\"Posts List\" data-ga-action=\"Author\" data-ga-label=\"n\/a\" href='https:\/\/www.greenpeace.org\/turkey\/author\/bececeli\/'>Greenpeace T\u00fcrkiye<\/a><\/span>\n        <div class=\"wp-block-post-date\"><time datetime=\"2026-04-30T16:49:37+03:00\">30 Nisan 2026<\/time><\/div>\n        \n        <\/div>\n        <\/div>\n        <\/div>\n\n            <\/li><\/ul>\n\n    \n<div class=\"wp-block-buttons carousel-controls is-horizontal is-content-justification-space-between is-nowrap is-layout-flex wp-container-core-buttons-is-layout-044bd602 wp-block-buttons-is-layout-flex\">\n            <div class=\"wp-block-button carousel-control-prev\"><button type=\"button\" class=\"wp-block-button__link wp-element-button\">Prev<\/button><\/div>\n        \n\n            <div class=\"wp-block-button carousel-control-next\"><button type=\"button\" class=\"wp-block-button__link wp-element-button\">Next<\/button><\/div>\n        <\/div>\n\n\n    <li class=\" wp-block-navigation-item see-all-link wp-block-navigation-link\"><a class=\"wp-block-navigation-item__content\"  href=\"http:\/\/www.greenpeace.org\/turkey\/news-stories\/\"><span data-ga-category=\"Posts List\" data-ga-action=\"See More Link\" data-ga-label=\"n\/a\" class=\"wp-block-navigation-item__label\">See all stories<\/span><\/a><\/li><\/div>\n    <div data-render=\"planet4-blocks\/happypoint\" data-attributes=\"{&quot;attributes&quot;:{&quot;focus_image&quot;:&quot;0% 0%&quot;,&quot;opacity&quot;:30,&quot;override_default_content&quot;:false,&quot;local_content_provider&quot;:&quot;none&quot;}}\"><\/div><p>&nbsp;<\/p>\n<p>&nbsp;<\/p>\n","protected":false},"excerpt":{"rendered":"<p>Mavi gezegenimiz tehlike alt\u0131nda ve onu korumak hepimizin g\u00f6revi. Sa\u011fl\u0131kl\u0131 okyanuslar gezegenimizin ya\u015fanabilir alanlar\u0131n y\u00fczde 97\u2019sini olu\u015fturup 700.000&#8217;den fazla t\u00fcre ev sahipli\u011fi yaparak ya\u015fam destek sistemi g\u00f6revi g\u00f6r\u00fcr. Okyanuslar, insan sa\u011fl\u0131\u011f\u0131 i\u00e7in de hayati \u00f6neme sahiptir; ald\u0131\u011f\u0131m\u0131z her iki nefesten birini okyanuslar sa\u011flar. Ulusal s\u0131n\u0131rlar\u0131n \u00f6tesindeki bu sular gezegenimizdeki en b\u00fcy\u00fck ve uzun s\u0131ra da\u011flara, [&hellip;]<\/p>\n","protected":false},"author":5,"featured_media":626,"parent":0,"menu_order":0,"comment_status":"closed","ping_status":"closed","template":"","meta":{"ep_exclude_from_search":false,"p4_hide_page_title_checkbox":"","p4_title":"","p4_subtitle":"","p4_description":"","background_image_id":"","background_image":"","p4_button_title":"","p4_button_link":"","p4_button_link_checkbox":"","p4_og_title":"","p4_og_description":"","p4_og_image":"","p4_og_image_id":"","p4_seo_canonical_url":"","p4_campaign_name":"not set","p4_local_project":"","p4_basket_name":"not set","p4_department":"","footnotes":""},"categories":[3],"tags":[20],"class_list":["post-425","page","type-page","status-publish","has-post-thumbnail","hentry","category-biyocesitlilik-doga","tag-okyanuslar"],"_links":{"self":[{"href":"https:\/\/www.greenpeace.org\/turkey\/wp-json\/wp\/v2\/pages\/425","targetHints":{"allow":["GET"]}}],"collection":[{"href":"https:\/\/www.greenpeace.org\/turkey\/wp-json\/wp\/v2\/pages"}],"about":[{"href":"https:\/\/www.greenpeace.org\/turkey\/wp-json\/wp\/v2\/types\/page"}],"author":[{"embeddable":true,"href":"https:\/\/www.greenpeace.org\/turkey\/wp-json\/wp\/v2\/users\/5"}],"replies":[{"embeddable":true,"href":"https:\/\/www.greenpeace.org\/turkey\/wp-json\/wp\/v2\/comments?post=425"}],"version-history":[{"count":16,"href":"https:\/\/www.greenpeace.org\/turkey\/wp-json\/wp\/v2\/pages\/425\/revisions"}],"predecessor-version":[{"id":10156,"href":"https:\/\/www.greenpeace.org\/turkey\/wp-json\/wp\/v2\/pages\/425\/revisions\/10156"}],"wp:featuredmedia":[{"embeddable":true,"href":"https:\/\/www.greenpeace.org\/turkey\/wp-json\/wp\/v2\/media\/626"}],"wp:attachment":[{"href":"https:\/\/www.greenpeace.org\/turkey\/wp-json\/wp\/v2\/media?parent=425"}],"wp:term":[{"taxonomy":"category","embeddable":true,"href":"https:\/\/www.greenpeace.org\/turkey\/wp-json\/wp\/v2\/categories?post=425"},{"taxonomy":"post_tag","embeddable":true,"href":"https:\/\/www.greenpeace.org\/turkey\/wp-json\/wp\/v2\/tags?post=425"}],"curies":[{"name":"wp","href":"https:\/\/api.w.org\/{rel}","templated":true}]}}