{"id":5118,"date":"2020-02-18T12:29:58","date_gmt":"2020-02-18T09:29:58","guid":{"rendered":"https:\/\/www.greenpeace.org\/turkey\/?page_id=5118"},"modified":"2025-09-23T13:05:44","modified_gmt":"2025-09-23T10:05:44","slug":"kanal-istanbul-projesine-hayir","status":"publish","type":"page","link":"https:\/\/www.greenpeace.org\/turkey\/kanal-istanbul-projesine-hayir\/","title":{"rendered":"Kanal \u0130stanbul Projesi&#8217;ne Hay\u0131r!"},"content":{"rendered":"\n\n<div class=\"wp-block-group alignfull is-layout-flow wp-block-group-is-layout-flow\">\n<div class=\"wp-block-group container is-layout-flow wp-block-group-is-layout-flow\">\n<div class=\"wp-block-media-text alignfull has-media-on-the-right is-stacked-on-mobile is-pattern-p4-page-header is-style-parallax\"><div class=\"wp-block-media-text__content\">\n<div class=\"wp-block-group is-layout-flow wp-block-group-is-layout-flow\">\n<h1 class=\"wp-block-heading has-white-background-color has-background\">\n                            Kanal \u0130stanbul Projesi&#8217;ne Hay\u0131r!\n                        <\/h1>\n<\/div>\n<\/div><figure class=\"wp-block-media-text__media\"><img loading=\"lazy\" decoding=\"async\" width=\"1755\" height=\"1206\" src=\"https:\/\/www.greenpeace.org\/static\/planet4-turkey-stateless\/2020\/06\/4917b82b-salt-arsiv-istanbul.jpg\" alt=\"\" sizes=\"auto, (min-width: 601px) 50vw, 100vw\" srcset=\"https:\/\/www.greenpeace.org\/static\/planet4-turkey-stateless\/2020\/06\/4917b82b-salt-arsiv-istanbul.jpg 1755w, https:\/\/www.greenpeace.org\/static\/planet4-turkey-stateless\/2020\/06\/4917b82b-salt-arsiv-istanbul-300x206.jpg 300w, https:\/\/www.greenpeace.org\/static\/planet4-turkey-stateless\/2020\/06\/4917b82b-salt-arsiv-istanbul-1024x704.jpg 1024w, https:\/\/www.greenpeace.org\/static\/planet4-turkey-stateless\/2020\/06\/4917b82b-salt-arsiv-istanbul-768x528.jpg 768w, https:\/\/www.greenpeace.org\/static\/planet4-turkey-stateless\/2020\/06\/4917b82b-salt-arsiv-istanbul-1536x1056.jpg 1536w, https:\/\/www.greenpeace.org\/static\/planet4-turkey-stateless\/2020\/06\/4917b82b-salt-arsiv-istanbul-495x340.jpg 495w\" class=\"wp-image-5121 size-full\"\/><\/figure><\/div>\n<\/div>\n<\/div>\n\n<div data-render=\"planet4-blocks\/columns\" data-attributes=\"{&quot;attributes&quot;:{&quot;columns&quot;:[{&quot;title&quot;:&quot;\\u0130stanbullu Kentine Sahip \\u00c7\\u0131k&quot;,&quot;description&quot;:&quot;D\\u00fcnyan\\u0131n en \\u00f6nemli do\\u011fal su yollar\\u0131ndan \\u0130stanbul Bo\\u011faz\\u0131, Karadeniz ve Akdeniz\\u2019i birbirine ba\\u011flarken Marmara Denizi\\u2019ni de iki denizle bulu\\u015fturuyor. Binlerce y\\u0131lda olu\\u015fmu\\u015f bu \\u00e7ok hassas ekosistem dengesi Kanal \\u0130stanbul projesi ile alt\\u00fcst olacak. \\u00dcstelik \\u0130stanbul iklim krizinin etkilerine kar\\u015f\\u0131 daha da k\\u0131r\\u0131lgan hale gelecek.&quot;,&quot;link_new_tab&quot;:false},{&quot;title&quot;:&quot;\\u0130stanbul Hepimizin Ortak Miras\\u0131&quot;,&quot;description&quot;:&quot;\\u0130stanbul\\u2019u e\\u015fsiz k\\u0131lan sadece tarihi de\\u011fil, ayn\\u0131 zamanda etraf\\u0131n\\u0131 \\u00e7evreleyen \\u0131\\u015f\\u0131lt\\u0131l\\u0131 k\\u0131y\\u0131lar\\u0131 ve g\\u00f6rkemli do\\u011fas\\u0131. I\\u0307stanbul\\u2019un dog\\u0306al gu\\u0308zellikleri gec\\u0327mis\\u0327te kalmas\\u0131n. I\\u0307stanbul\\u2019un dog\\u0306al gu\\u0308zellikleri gec\\u0327mis\\u0327te kalmas\\u0131n. I\\u0307mza ver, kentin dog\\u0306as\\u0131n\\u0131, ekosistemini derinden etkileyecek Kanal I\\u0307stanbul Projesi iptal edilsin.&quot;,&quot;link_new_tab&quot;:false}],&quot;className&quot;:&quot;is-style-no_image&quot;,&quot;columns_block_style&quot;:&quot;no_image&quot;}}\"><\/div><div data-render=\"planet4-blocks\/columns\" data-attributes=\"{&quot;attributes&quot;:{&quot;columns_block_style&quot;:&quot;tasks&quot;,&quot;columns_title&quot;:&quot;Neler yapabilirsin?&quot;,&quot;columns&quot;:[{&quot;description&quot;:&quot;Ula\\u015ft\\u0131rma ve Altyap\\u0131 Bakanl\\u0131\\u011f\\u0131&#039;ndan; \\u0130stanbul\\u2019un do\\u011fas\\u0131na zarar verecek Kanal \\u0130stanbul projesini iptal etmesini talep et.&quot;,&quot;attachment&quot;:0,&quot;cta_link&quot;:&quot;https:\\\/\\\/act.greenpeace.org\\\/page\\\/54737\\\/petition\\\/1&quot;,&quot;link_new_tab&quot;:false,&quot;cta_text&quot;:&quot;\\u0130MZA VER&quot;},{&quot;description&quot;:&quot;Twitter\\u2019da #\\u0130stanbulOrtakMiras etiketiyle mesaj\\u0131m\\u0131z\\u0131n yayg\\u0131nla\\u015fmas\\u0131na yard\\u0131m et.&quot;,&quot;attachment&quot;:0,&quot;cta_link&quot;:&quot;https:\\\/\\\/twitter.com\\\/greenpeace_med\\\/status\\\/1243110243854356482&quot;,&quot;link_new_tab&quot;:true,&quot;cta_text&quot;:&quot;PAYLA\\u015e&quot;}],&quot;className&quot;:&quot;is-style-tasks&quot;}}\"><\/div>\n<figure class=\"wp-block-embed is-type-video is-provider-youtube wp-block-embed-youtube wp-embed-aspect-16-9 wp-has-aspect-ratio\"><div class=\"wp-block-embed__wrapper\">\n<lite-youtube style=\"background-image: url('https:\/\/i.ytimg.com\/vi\/TsruihTDhTU\/hqdefault.jpg');\" videoid=\"TsruihTDhTU\" params=\"rel=0\"><\/lite-youtube>\n<\/div><\/figure>\n\n<figure class=\"wp-block-embed is-type-video is-provider-youtube wp-block-embed-youtube wp-embed-aspect-16-9 wp-has-aspect-ratio\"><div class=\"wp-block-embed__wrapper\">\n<lite-youtube style=\"background-image: url('https:\/\/i.ytimg.com\/vi\/8Nkr3ZmyaOg\/hqdefault.jpg');\" videoid=\"8Nkr3ZmyaOg\" params=\"rel=0\"><\/lite-youtube>\n<\/div><\/figure>\n\n    <div class=\"wp-block-query posts-list p4-query-loop is-custom-layout-list is-layout-flow wp-block-query-is-layout-flow\">\n        <div class=\"wp-block-group is-content-justification-space-between is-layout-flex wp-container-core-group-is-layout-3d213aab wp-block-group-is-layout-flex\"><h2 class=\"wp-block-heading\">\u0130lgili Yaz\u0131lar<\/h2>\n        <li class=\" wp-block-navigation-item see-all-link wp-block-navigation-link\"><a class=\"wp-block-navigation-item__content\"  href=\"http:\/\/www.greenpeace.org\/turkey\/news-stories\/?tag=kanal-istanbul\"><span class=\"wp-block-navigation-item__label\">See all stories<\/span><\/a><\/li>\n        \n        <\/div>\n        \n\n    <p style=\"margin-top: 24px; margin-bottom: 36px;\"><\/p>\n\n    \n\n    <ul class=\"wp-block-post-template is-layout-flow wp-block-post-template-is-layout-flow\"><li class=\"wp-block-post post-6201 post type-post status-publish format-standard has-post-thumbnail hentry category-iklim-krizi tag-iklim-degisikligi tag-kanal-istanbul p4-page-type-blog\">\n            \n<div class=\"wp-block-columns is-layout-flex wp-container-core-columns-is-layout-9d6595d7 wp-block-columns-is-layout-flex\"><figure class=\"wp-block-post-featured-image\"><a href=\"https:\/\/www.greenpeace.org\/turkey\/blog\/istanbul-ortak-miras\/\" target=\"_self\"  ><img loading=\"lazy\" decoding=\"async\" width=\"2400\" height=\"1250\" src=\"https:\/\/www.greenpeace.org\/static\/planet4-turkey-stateless\/2021\/06\/c23b0aea-kanal-blog-thumb.jpg\" class=\"attachment-post-thumbnail size-post-thumbnail wp-post-image wp-stateless-item\" alt=\"\u0130stanbul Ortak Miras\" style=\"object-fit:cover;\" srcset=\"https:\/\/www.greenpeace.org\/static\/planet4-turkey-stateless\/2021\/06\/c23b0aea-kanal-blog-thumb.jpg 2400w, https:\/\/www.greenpeace.org\/static\/planet4-turkey-stateless\/2021\/06\/c23b0aea-kanal-blog-thumb-300x156.jpg 300w, https:\/\/www.greenpeace.org\/static\/planet4-turkey-stateless\/2021\/06\/c23b0aea-kanal-blog-thumb-1024x533.jpg 1024w, https:\/\/www.greenpeace.org\/static\/planet4-turkey-stateless\/2021\/06\/c23b0aea-kanal-blog-thumb-768x400.jpg 768w, https:\/\/www.greenpeace.org\/static\/planet4-turkey-stateless\/2021\/06\/c23b0aea-kanal-blog-thumb-1536x800.jpg 1536w, https:\/\/www.greenpeace.org\/static\/planet4-turkey-stateless\/2021\/06\/c23b0aea-kanal-blog-thumb-2048x1067.jpg 2048w, https:\/\/www.greenpeace.org\/static\/planet4-turkey-stateless\/2021\/06\/c23b0aea-kanal-blog-thumb-510x266.jpg 510w\" sizes=\"auto, (max-width: 2400px) 100vw, 2400px\" data-image-size=\"post-thumbnail\" data-stateless-media-bucket=\"planet4-turkey-stateless\" data-stateless-media-name=\"2021\/06\/c23b0aea-kanal-blog-thumb.jpg\" \/><\/a><\/figure>\n\n        <div class=\"wp-block-group is-layout-flow wp-block-group-is-layout-flow\">\n                <div class=\"wp-block-group is-layout-flex wp-block-group-is-layout-flex\"><div class=\"wp-block-post-terms\"><a href=\"https:\/\/www.greenpeace.org\/turkey\/category\/sorunlar-ve-cozumler\/iklim-krizi\/\">\u0130klim Krizi<\/a><\/div>\n                <div class=\"taxonomy-post_tag wp-block-post-terms\"><a href=\"https:\/\/www.greenpeace.org\/turkey\/tag\/iklim-degisikligi\/\" rel=\"tag\">\u0130klim De\u011fi\u015fikli\u011fi<\/a><span class=\"wp-block-post-terms__separator\"> <\/span><a href=\"https:\/\/www.greenpeace.org\/turkey\/tag\/kanal-istanbul\/\" rel=\"tag\">Kanal \u0130stanbul<\/a><\/div>\n                \n                <\/div>\n                \n        <h3 class=\"wp-block-post-title\"><a href=\"https:\/\/www.greenpeace.org\/turkey\/blog\/istanbul-ortak-miras\/\" target=\"_self\" >\u0130stanbul Ortak Miras<\/a><\/h3>\n        <div class=\"wp-block-post-excerpt\"><p class=\"wp-block-post-excerpt__excerpt\">E\u011fer Kanal \u0130stanbul projesi hayata ge\u00e7erse, proje g\u00fczergah\u0131ndaki 2 barajla birlikte tar\u0131m alanlar\u0131 da yok olacak. De\u011fi\u015fen iklim ko\u015fullar\u0131 ile d\u00fcnyay\u0131 bekleyen su ve g\u0131da krizi kar\u015f\u0131s\u0131nda 16 milyonu s\u0131k\u0131\u015ft\u0131rd\u0131\u011f\u0131m\u0131z \u0130stanbul\u2019da adaletsizlik artacak. <\/p><\/div>\n        \n        <div class=\"wp-block-group posts-list-meta is-layout-flow wp-block-group-is-layout-flow\"><span class='article-list-item-author'>G\u00f6khan \u00c7evik<\/span>\n        <div class=\"wp-block-post-date\"><time datetime=\"2021-06-25T16:16:17+03:00\">25 Haziran 2021<\/time><\/div>\n        \n        <\/div>\n        <\/div>\n        <\/div>\n\n            <\/li><li class=\"wp-block-post post-5772 post type-post status-publish format-standard has-post-thumbnail hentry category-iklim-krizi tag-iklim-degisikligi tag-kanal-istanbul p4-page-type-blog\">\n            \n<div class=\"wp-block-columns is-layout-flex wp-container-core-columns-is-layout-9d6595d7 wp-block-columns-is-layout-flex\"><figure class=\"wp-block-post-featured-image\"><a href=\"https:\/\/www.greenpeace.org\/turkey\/blog\/kanal-istanbul-projesinin-imar-ve-cevre-duzeni-planlarina-nasil-itiraz-ederim\/\" target=\"_self\"  ><img loading=\"lazy\" decoding=\"async\" width=\"1400\" height=\"800\" src=\"https:\/\/www.greenpeace.org\/static\/planet4-turkey-stateless\/2019\/12\/6f73135b-kanal-istanbul-2.jpg\" class=\"attachment-post-thumbnail size-post-thumbnail wp-post-image wp-stateless-item\" alt=\"Kanal \u0130stanbul Projesi&#8217;nin imar ve \u00e7evre d\u00fczeni planlar\u0131na nas\u0131l itiraz ederim?\" style=\"object-fit:cover;\" data-image-size=\"post-thumbnail\" data-stateless-media-bucket=\"planet4-turkey-stateless\" data-stateless-media-name=\"2019\/12\/6f73135b-kanal-istanbul-2.jpg\" \/><\/a><\/figure>\n\n        <div class=\"wp-block-group is-layout-flow wp-block-group-is-layout-flow\">\n                <div class=\"wp-block-group is-layout-flex wp-block-group-is-layout-flex\"><div class=\"wp-block-post-terms\"><a href=\"https:\/\/www.greenpeace.org\/turkey\/category\/sorunlar-ve-cozumler\/iklim-krizi\/\">\u0130klim Krizi<\/a><\/div>\n                <div class=\"taxonomy-post_tag wp-block-post-terms\"><a href=\"https:\/\/www.greenpeace.org\/turkey\/tag\/iklim-degisikligi\/\" rel=\"tag\">\u0130klim De\u011fi\u015fikli\u011fi<\/a><span class=\"wp-block-post-terms__separator\"> <\/span><a href=\"https:\/\/www.greenpeace.org\/turkey\/tag\/kanal-istanbul\/\" rel=\"tag\">Kanal \u0130stanbul<\/a><\/div>\n                \n                <\/div>\n                \n        <h3 class=\"wp-block-post-title\"><a href=\"https:\/\/www.greenpeace.org\/turkey\/blog\/kanal-istanbul-projesinin-imar-ve-cevre-duzeni-planlarina-nasil-itiraz-ederim\/\" target=\"_self\" >Kanal \u0130stanbul Projesi&#8217;nin imar ve \u00e7evre d\u00fczeni planlar\u0131na nas\u0131l itiraz ederim?<\/a><\/h3>\n        <div class=\"wp-block-post-excerpt\"><p class=\"wp-block-post-excerpt__excerpt\">Sen de gel ve hem s\u00f6z hakk\u0131na hem de \u0130stanbul&#8217;un gelece\u011fine sahip \u00e7\u0131k. Kanal \u0130stanbul&#8217;a hay\u0131r demek i\u00e7in ses \u00e7\u0131karan, yap\u0131lmak istenen kent planlar\u0131na dilek\u00e7e doldurarak itiraz eden say\u0131s\u0131z \u0130stanbullu&#8217;ya kat\u0131l, Kanal \u0130stanbul&#8217;a hay\u0131r de! <\/p><\/div>\n        \n        <div class=\"wp-block-group posts-list-meta is-layout-flow wp-block-group-is-layout-flow\"><span class='article-list-item-author'><a href='https:\/\/www.greenpeace.org\/turkey\/author\/gp_turkey\/'>Greenpeace T\u00fcrkiye<\/a><\/span>\n        <div class=\"wp-block-post-date\"><time datetime=\"2021-04-20T14:39:57+03:00\">20 Nisan 2021<\/time><\/div>\n        \n        <\/div>\n        <\/div>\n        <\/div>\n\n            <\/li><li class=\"wp-block-post post-5566 post type-post status-publish format-standard has-post-thumbnail hentry category-iklim-krizi tag-iklim-degisikligi tag-kanal-istanbul p4-page-type-blog\">\n            \n<div class=\"wp-block-columns is-layout-flex wp-container-core-columns-is-layout-9d6595d7 wp-block-columns-is-layout-flex\"><figure class=\"wp-block-post-featured-image\"><a href=\"https:\/\/www.greenpeace.org\/turkey\/blog\/suyumuzu-tehdit-eden-kanal-istanbul-projesi\/\" target=\"_self\"  ><img loading=\"lazy\" decoding=\"async\" width=\"1920\" height=\"1080\" src=\"https:\/\/www.greenpeace.org\/static\/planet4-turkey-stateless\/2021\/02\/af31d28e-kanal-bilim-insani-2.jpg\" class=\"attachment-post-thumbnail size-post-thumbnail wp-post-image wp-stateless-item\" alt=\"Suyumuzu Tehdit Eden Kanal \u0130stanbul Projesi\" style=\"object-fit:cover;\" srcset=\"https:\/\/www.greenpeace.org\/static\/planet4-turkey-stateless\/2021\/02\/af31d28e-kanal-bilim-insani-2.jpg 1920w, https:\/\/www.greenpeace.org\/static\/planet4-turkey-stateless\/2021\/02\/af31d28e-kanal-bilim-insani-2-300x169.jpg 300w, https:\/\/www.greenpeace.org\/static\/planet4-turkey-stateless\/2021\/02\/af31d28e-kanal-bilim-insani-2-1024x576.jpg 1024w, https:\/\/www.greenpeace.org\/static\/planet4-turkey-stateless\/2021\/02\/af31d28e-kanal-bilim-insani-2-768x432.jpg 768w, https:\/\/www.greenpeace.org\/static\/planet4-turkey-stateless\/2021\/02\/af31d28e-kanal-bilim-insani-2-1536x864.jpg 1536w, https:\/\/www.greenpeace.org\/static\/planet4-turkey-stateless\/2021\/02\/af31d28e-kanal-bilim-insani-2-510x287.jpg 510w\" sizes=\"auto, (max-width: 1920px) 100vw, 1920px\" data-image-size=\"post-thumbnail\" data-stateless-media-bucket=\"planet4-turkey-stateless\" data-stateless-media-name=\"2021\/02\/af31d28e-kanal-bilim-insani-2.jpg\" \/><\/a><\/figure>\n\n        <div class=\"wp-block-group is-layout-flow wp-block-group-is-layout-flow\">\n                <div class=\"wp-block-group is-layout-flex wp-block-group-is-layout-flex\"><div class=\"wp-block-post-terms\"><a href=\"https:\/\/www.greenpeace.org\/turkey\/category\/sorunlar-ve-cozumler\/iklim-krizi\/\">\u0130klim Krizi<\/a><\/div>\n                <div class=\"taxonomy-post_tag wp-block-post-terms\"><a href=\"https:\/\/www.greenpeace.org\/turkey\/tag\/iklim-degisikligi\/\" rel=\"tag\">\u0130klim De\u011fi\u015fikli\u011fi<\/a><span class=\"wp-block-post-terms__separator\"> <\/span><a href=\"https:\/\/www.greenpeace.org\/turkey\/tag\/kanal-istanbul\/\" rel=\"tag\">Kanal \u0130stanbul<\/a><\/div>\n                \n                <\/div>\n                \n        <h3 class=\"wp-block-post-title\"><a href=\"https:\/\/www.greenpeace.org\/turkey\/blog\/suyumuzu-tehdit-eden-kanal-istanbul-projesi\/\" target=\"_self\" >Suyumuzu Tehdit Eden Kanal \u0130stanbul Projesi<\/a><\/h3>\n        <div class=\"wp-block-post-excerpt\"><p class=\"wp-block-post-excerpt__excerpt\">Avrupa yakas\u0131n\u0131 besleyen suyun y\u00fczde 65\u2019i kanal yap\u0131ld\u0131\u011f\u0131nda devre d\u0131\u015f\u0131 kalacak. Bu \u0130stanbul\u2019da 5 milyon insan\u0131n suyunun kesilmesi anlam\u0131na geliyor. <\/p><\/div>\n        \n        <div class=\"wp-block-group posts-list-meta is-layout-flow wp-block-group-is-layout-flow\"><span class='article-list-item-author'>Dr. Akg\u00fcn \u0130lhan<\/span>\n        <div class=\"wp-block-post-date\"><time datetime=\"2021-02-10T11:02:21+03:00\">10 \u015eubat 2021<\/time><\/div>\n        \n        <\/div>\n        <\/div>\n        <\/div>\n\n            <\/li><\/ul>\n\n    \n<div class=\"wp-block-buttons carousel-controls is-horizontal is-content-justification-space-between is-nowrap is-layout-flex wp-container-core-buttons-is-layout-044bd602 wp-block-buttons-is-layout-flex\">\n            <div class=\"wp-block-button carousel-control-prev\"><button type=\"button\" class=\"wp-block-button__link wp-element-button\">Prev<\/button><\/div>\n        \n\n            <div class=\"wp-block-button carousel-control-next\"><button type=\"button\" class=\"wp-block-button__link wp-element-button\">Next<\/button><\/div>\n        <\/div>\n\n\n    <li class=\" wp-block-navigation-item see-all-link wp-block-navigation-link\"><a class=\"wp-block-navigation-item__content\"  href=\"http:\/\/www.greenpeace.org\/turkey\/news-stories\/?tag=kanal-istanbul\"><span class=\"wp-block-navigation-item__label\">See all stories<\/span><\/a><\/li><\/div>\n    ","protected":false},"excerpt":{"rendered":"<p>\u0130stanbullular\u0131n itiraz\u0131na ra\u011fmen \u00c7evre ve \u015eehircilik Bakanl\u0131\u011f\u0131 Kanal \u0130stanbul Projesi\u2019nin \u00c7ED Raporu\u2019na onay verdi. Bu proje d\u00fcnyan\u0131n en e\u015fsiz kentlerinden \u0130stanbul\u2019un do\u011fas\u0131n\u0131, ekosistemini ve toplumunu derinden etkileyecek. Projenin iptal edilmesi i\u00e7in imza ver.<\/p>\n","protected":false},"author":26,"featured_media":1862,"parent":0,"menu_order":0,"comment_status":"closed","ping_status":"closed","template":"","meta":{"ep_exclude_from_search":false,"p4_hide_page_title_checkbox":"on","p4_title":"","p4_subtitle":"","p4_description":"","background_image_id":"","background_image":"","p4_button_title":"","p4_button_link":"","p4_button_link_checkbox":"","p4_og_title":"","p4_og_description":"","p4_og_image":"","p4_og_image_id":"","p4_seo_canonical_url":"","p4_campaign_name":"not set","p4_local_project":"not set","p4_basket_name":"not set","p4_department":"","footnotes":""},"categories":[24],"tags":[25,45],"class_list":["post-5118","page","type-page","status-publish","has-post-thumbnail","hentry","category-iklim-krizi","tag-iklim-degisikligi","tag-kanal-istanbul"],"_links":{"self":[{"href":"https:\/\/www.greenpeace.org\/turkey\/wp-json\/wp\/v2\/pages\/5118","targetHints":{"allow":["GET"]}}],"collection":[{"href":"https:\/\/www.greenpeace.org\/turkey\/wp-json\/wp\/v2\/pages"}],"about":[{"href":"https:\/\/www.greenpeace.org\/turkey\/wp-json\/wp\/v2\/types\/page"}],"author":[{"embeddable":true,"href":"https:\/\/www.greenpeace.org\/turkey\/wp-json\/wp\/v2\/users\/26"}],"replies":[{"embeddable":true,"href":"https:\/\/www.greenpeace.org\/turkey\/wp-json\/wp\/v2\/comments?post=5118"}],"version-history":[{"count":13,"href":"https:\/\/www.greenpeace.org\/turkey\/wp-json\/wp\/v2\/pages\/5118\/revisions"}],"predecessor-version":[{"id":9573,"href":"https:\/\/www.greenpeace.org\/turkey\/wp-json\/wp\/v2\/pages\/5118\/revisions\/9573"}],"wp:featuredmedia":[{"embeddable":true,"href":"https:\/\/www.greenpeace.org\/turkey\/wp-json\/wp\/v2\/media\/1862"}],"wp:attachment":[{"href":"https:\/\/www.greenpeace.org\/turkey\/wp-json\/wp\/v2\/media?parent=5118"}],"wp:term":[{"taxonomy":"category","embeddable":true,"href":"https:\/\/www.greenpeace.org\/turkey\/wp-json\/wp\/v2\/categories?post=5118"},{"taxonomy":"post_tag","embeddable":true,"href":"https:\/\/www.greenpeace.org\/turkey\/wp-json\/wp\/v2\/tags?post=5118"}],"curies":[{"name":"wp","href":"https:\/\/api.w.org\/{rel}","templated":true}]}}