{"id":5256,"date":"2020-09-30T15:06:53","date_gmt":"2020-09-30T12:06:53","guid":{"rendered":"https:\/\/www.greenpeace.org\/turkey\/?page_id=5256"},"modified":"2025-07-02T10:43:23","modified_gmt":"2025-07-02T07:43:23","slug":"kahramanmaras-nefes-alsin","status":"publish","type":"page","link":"https:\/\/www.greenpeace.org\/turkey\/harekete-gec\/kahramanmaras-nefes-alsin\/","title":{"rendered":"Kahramanmara\u015f Nefes Als\u0131n"},"content":{"rendered":"\n                \n                <div class=\"wp-block-group alignfull is-layout-flow wp-block-group-is-layout-flow\">\n                \n                <div class=\"wp-block-group container is-layout-flow wp-block-group-is-layout-flow\">\n                \n                <div class=\"wp-block-media-text alignfull has-media-on-the-right is-stacked-on-mobile is-pattern-p4-page-header is-style-parallax\">\n\n                <div class=\"wp-block-media-text__content\">\n                    <div class=\"wp-block-group is-layout-flow wp-block-group-is-layout-flow\">\n                    \n                        <h1 class=\"wp-block-heading has-white-background-color has-background\">\n                            Kahramanmara\u015f Nefes Als\u0131n\n                        <\/h1>\n                    <\/div>\n                \n\n                \n\n                \n\n                <\/div>\n                <figure class=\"wp-block-media-text__media\">\n                    <img loading=\"lazy\" decoding=\"async\" width=\"1500\" height=\"1000\"\n                        src=\"https:\/\/www.greenpeace.org\/static\/planet4-turkey-stateless\/2020\/09\/6445e525-elbistan-petition-back.jpg\"\n                        alt=\"\"\n                        sizes=\"auto, (min-width: 601px) 50vw, 100vw\" srcset=\"https:\/\/www.greenpeace.org\/static\/planet4-turkey-stateless\/2020\/09\/6445e525-elbistan-petition-back.jpg 1500w, https:\/\/www.greenpeace.org\/static\/planet4-turkey-stateless\/2020\/09\/6445e525-elbistan-petition-back-300x200.jpg 300w, https:\/\/www.greenpeace.org\/static\/planet4-turkey-stateless\/2020\/09\/6445e525-elbistan-petition-back-1024x683.jpg 1024w, https:\/\/www.greenpeace.org\/static\/planet4-turkey-stateless\/2020\/09\/6445e525-elbistan-petition-back-768x512.jpg 768w, https:\/\/www.greenpeace.org\/static\/planet4-turkey-stateless\/2020\/09\/6445e525-elbistan-petition-back-510x340.jpg 510w\" class=\"wp-image-5258 size-full\"\n                    \/>\n                <\/figure>\n                <\/div>\n                \n                <\/div>\n                \n                <\/div>\n                \n                <div data-render=\"planet4-blocks\/columns\" data-attributes=\"{&quot;attributes&quot;:{&quot;columns_block_style&quot;:&quot;no_image&quot;,&quot;columns&quot;:[{&quot;title&quot;:&quot;&quot;,&quot;description&quot;:&quot;Kahramanmara\\u015f, 36 y\\u0131ld\\u0131r k\\u00f6m\\u00fcrl\\u00fc termik santrallerin getirdi\\u011fi y\\u0131k\\u0131mla bo\\u011fu\\u015fuyor. B\\u00f6lgede yap\\u0131lmas\\u0131 planlanan 6 yeni santral havay\\u0131, suyu, topra\\u011f\\u0131 daha da kirletecek. &quot;,&quot;link_new_tab&quot;:false},{&quot;title&quot;:&quot;&quot;,&quot;description&quot;:&quot;2018 y\\u0131l\\u0131nda havas\\u0131 en kirli il olan Kahramanmara\\u015f, ge\\u00e7en 3 y\\u0131ll\\u0131k d\\u00f6nemde D\\u00fcnya Sa\\u011fl\\u0131k \\u00d6rg\\u00fct\\u00fc limitinin yakla\\u015f\\u0131k d\\u00f6rt kat \\u00fczerinde bir kirlili\\u011fe maruz kald\\u0131.&quot;,&quot;link_new_tab&quot;:false},{&quot;title&quot;:&quot;&quot;,&quot;description&quot;:&quot;\\u00c7al\\u0131\\u015fmalar, Af\\u015fin A santralinin a\\u00e7\\u0131l\\u0131\\u015f\\u0131n\\u0131 takip eden d\\u00f6nemde, kanser vakalar\\u0131n\\u0131n b\\u00fcy\\u00fck t\\u0131rman\\u0131\\u015f g\\u00f6sterdi\\u011fini ifade ediyor. Faaliyetteki iki santralin, \\u015fimdiye kadar 17 bin erken \\u00f6l\\u00fcme neden oldu\\u011fu d\\u00fc\\u015f\\u00fcn\\u00fcl\\u00fcyor.&quot;,&quot;link_new_tab&quot;:false}]}}\"><\/div><div data-render=\"planet4-blocks\/columns\" data-attributes=\"{&quot;attributes&quot;:{&quot;columns_block_style&quot;:&quot;tasks&quot;,&quot;columns_title&quot;:&quot;Neler yapabilirsin?&quot;,&quot;columns&quot;:[{&quot;title&quot;:&quot;\\u0130mza Ver&quot;,&quot;description&quot;:&quot;Kampanyam\\u0131za imza vererek Enerji ve Tabii Kaynaklar Bakanl\\u0131\\u011f\\u0131&#039;ndan k\\u00f6m\\u00fcrl\\u00fc termik santral projelerini iptal etmesini ve yenilenebilir enerjiye yat\\u0131r\\u0131m yapmas\\u0131n\\u0131 talep et.&quot;,&quot;cta_link&quot;:&quot;https:\\\/\\\/act.greenpeace.org\\\/page\\\/66338\\\/petition\\\/1?utm_source=directu0026utm_medium=linku0026utm_campaign=kahramanmaras&quot;,&quot;link_new_tab&quot;:true,&quot;cta_text&quot;:&quot;\\u0130MZA VER&quot;},{&quot;title&quot;:&quot;K\\u00f6m\\u00fcr Hikayeleri&quot;,&quot;description&quot;:&quot;T\\u00fcrkiye&#039;de k\\u00f6m\\u00fcrl\\u00fc termik santrallerin etkiledi\\u011fi ya\\u015famlara yak\\u0131ndan bak.&quot;,&quot;cta_link&quot;:&quot;https:\\\/\\\/komurhikayeleri.org\\\/&quot;,&quot;link_new_tab&quot;:false,&quot;cta_text&quot;:&quot;Tan\\u0131k Ol&quot;},{&quot;title&quot;:&quot;K\\u00f6m\\u00fcr\\u00fc B\\u0131rak&quot;,&quot;description&quot;:&quot;Enerji ve Tabii Kaynaklar Bakanl\\u0131\\u011f\\u0131\\u2019ndan, T\\u00fcrkiye&#039;deki t\\u00fcm k\\u00f6m\\u00fcrl\\u00fc termik santral projelerini iptal etmesini ve yenilenebilir enerjiye yat\\u0131r\\u0131m yapmas\\u0131n\\u0131 talep et.&quot;,&quot;attachment&quot;:0,&quot;cta_link&quot;:&quot;https:\\\/\\\/act.greenpeace.org\\\/page\\\/34618\\\/petition\\\/1?utm_source=directu0026utm_medium=linku0026utm_campaign=komuru-birak&quot;,&quot;cta_text&quot;:&quot;K\\u00f6m\\u00fcr\\u00fc B\\u0131rak&quot;,&quot;link_new_tab&quot;:true}]}}\"><\/div>\n<figure class=\"wp-block-embed-youtube wp-block-embed is-type-video is-provider-youtube wp-embed-aspect-16-9 wp-has-aspect-ratio\"><div class=\"wp-block-embed__wrapper\">\n<lite-youtube style=\"background-image: url('https:\/\/i.ytimg.com\/vi\/78S3lZh-qOI\/hqdefault.jpg');\" videoid=\"78S3lZh-qOI\" params=\"rel=0\"><\/lite-youtube>\n<\/div><\/figure>\n","protected":false},"excerpt":{"rendered":"<p>Kahramanmara\u015f, 36 y\u0131ld\u0131r k\u00f6m\u00fcrl\u00fc termik santrallerin getirdi\u011fi y\u0131k\u0131mla bo\u011fu\u015fuyor. B\u00f6lgede yap\u0131lmas\u0131 planlanan 6 yeni santral havay\u0131, suyu, topra\u011f\u0131 daha da kirletecek. <\/p>\n","protected":false},"author":26,"featured_media":5258,"parent":9,"menu_order":0,"comment_status":"closed","ping_status":"closed","template":"","meta":{"ep_exclude_from_search":false,"p4_hide_page_title_checkbox":"on","p4_title":"","p4_subtitle":"","p4_description":"","background_image_id":"","background_image":"","p4_button_title":"","p4_button_link":"","p4_button_link_checkbox":"","p4_og_title":"","p4_og_description":"","p4_og_image":"","p4_og_image_id":"","p4_seo_canonical_url":"","p4_campaign_name":"not set","p4_local_project":"not set","p4_basket_name":"not set","p4_department":"","footnotes":""},"categories":[2],"tags":[27],"class_list":["post-5256","page","type-page","status-publish","has-post-thumbnail","hentry","category-enerji","tag-komur"],"_links":{"self":[{"href":"https:\/\/www.greenpeace.org\/turkey\/wp-json\/wp\/v2\/pages\/5256","targetHints":{"allow":["GET"]}}],"collection":[{"href":"https:\/\/www.greenpeace.org\/turkey\/wp-json\/wp\/v2\/pages"}],"about":[{"href":"https:\/\/www.greenpeace.org\/turkey\/wp-json\/wp\/v2\/types\/page"}],"author":[{"embeddable":true,"href":"https:\/\/www.greenpeace.org\/turkey\/wp-json\/wp\/v2\/users\/26"}],"replies":[{"embeddable":true,"href":"https:\/\/www.greenpeace.org\/turkey\/wp-json\/wp\/v2\/comments?post=5256"}],"version-history":[{"count":6,"href":"https:\/\/www.greenpeace.org\/turkey\/wp-json\/wp\/v2\/pages\/5256\/revisions"}],"predecessor-version":[{"id":9270,"href":"https:\/\/www.greenpeace.org\/turkey\/wp-json\/wp\/v2\/pages\/5256\/revisions\/9270"}],"up":[{"embeddable":true,"href":"https:\/\/www.greenpeace.org\/turkey\/wp-json\/wp\/v2\/pages\/9"}],"wp:featuredmedia":[{"embeddable":true,"href":"https:\/\/www.greenpeace.org\/turkey\/wp-json\/wp\/v2\/media\/5258"}],"wp:attachment":[{"href":"https:\/\/www.greenpeace.org\/turkey\/wp-json\/wp\/v2\/media?parent=5256"}],"wp:term":[{"taxonomy":"category","embeddable":true,"href":"https:\/\/www.greenpeace.org\/turkey\/wp-json\/wp\/v2\/categories?post=5256"},{"taxonomy":"post_tag","embeddable":true,"href":"https:\/\/www.greenpeace.org\/turkey\/wp-json\/wp\/v2\/tags?post=5256"}],"curies":[{"name":"wp","href":"https:\/\/api.w.org\/{rel}","templated":true}]}}