{"id":54,"date":"2018-05-09T13:34:31","date_gmt":"2018-05-09T13:34:31","guid":{"rendered":"https:\/\/k8s.p4.greenpeace.org\/defaultcontent\/?page_id=54"},"modified":"2025-09-23T13:06:57","modified_gmt":"2025-09-23T10:06:57","slug":"biyocesitlilik-ve-doga","status":"publish","type":"page","link":"https:\/\/www.greenpeace.org\/turkey\/kesfet\/biyocesitlilik-ve-doga\/","title":{"rendered":"Biyo\u00e7e\u015fitlilik ve Do\u011fa"},"content":{"rendered":"\n                    <div class=\"wp-block-group is-vertical is-layout-flex wp-container-core-group-is-layout-8cf370e7 wp-block-group-is-layout-flex\">\n                    \n\n                    \n                    <\/div>\n                    <div data-hydrate=\"planet4-blocks\/gallery\" data-attributes=\"{&quot;attributes&quot;:{&quot;gallery_block_style&quot;:2,&quot;gallery_block_title&quot;:&quot;Vizyonumuz&quot;,&quot;gallery_block_description&quot;:&quot;D\\u00fcnyada okyanuslar\\u0131n, ormanlar\\u0131n ve g\\u0131dan\\u0131n gelece\\u011fi i\\u00e7in yeni bir hikaye yaratmaya ihtiyac\\u0131m\\u0131z var; yaratac\\u0131\\u011f\\u0131m\\u0131z yeni hikaye birilerinin a\\u00e7g\\u00f6zl\\u00fcl\\u00fc\\u011f\\u00fcnden \\u00f6te, d\\u00fcnyan\\u0131n do\\u011fal g\\u00fczelliklerinin \\u00fczerine in\\u015fa edilmeli.&quot;,&quot;multiple_image&quot;:&quot;609,272,88&quot;,&quot;gallery_block_focus_points&quot;:&quot;{u002288u0022:u00220% 0%u0022,u0022272u0022:u00220% 0%u0022,u0022609u0022:u00220% 0%u0022}&quot;,&quot;image_data&quot;:[],&quot;images&quot;:[{&quot;image_src&quot;:&quot;https:\\\/\\\/www.greenpeace.org\\\/static\\\/planet4-turkey-stateless\\\/2019\\\/09\\\/a652812b-gp0stozqd-768x512.jpg&quot;,&quot;image_srcset&quot;:&quot;https:\\\/\\\/www.greenpeace.org\\\/static\\\/planet4-turkey-stateless\\\/2019\\\/09\\\/a652812b-gp0stozqd-768x512.jpg 768w, https:\\\/\\\/www.greenpeace.org\\\/static\\\/planet4-turkey-stateless\\\/2019\\\/09\\\/a652812b-gp0stozqd-300x200.jpg 300w, https:\\\/\\\/www.greenpeace.org\\\/static\\\/planet4-turkey-stateless\\\/2019\\\/09\\\/a652812b-gp0stozqd-1024x683.jpg 1024w, https:\\\/\\\/www.greenpeace.org\\\/static\\\/planet4-turkey-stateless\\\/2019\\\/09\\\/a652812b-gp0stozqd-510x340.jpg 510w, https:\\\/\\\/www.greenpeace.org\\\/static\\\/planet4-turkey-stateless\\\/2019\\\/09\\\/a652812b-gp0stozqd.jpg 1200w&quot;,&quot;image_sizes&quot;:&quot;(max-width: 768px) 100vw, 768px&quot;,&quot;alt_text&quot;:&quot;Bees on Blossoms in Germany. \\u00a9 Axel Kirchhof \\\/ Greenpeace&quot;,&quot;caption&quot;:&quot;Bees sitting on blossoms.&quot;,&quot;focus_image&quot;:&quot;&quot;,&quot;credits&quot;:&quot;\\u00a9 Axel Kirchhof \\\/ Greenpeace&quot;},{&quot;image_src&quot;:&quot;https:\\\/\\\/www.greenpeace.org\\\/static\\\/planet4-turkey-stateless\\\/2018\\\/05\\\/ae133a37-antarctica-768x513.jpg&quot;,&quot;image_srcset&quot;:&quot;https:\\\/\\\/www.greenpeace.org\\\/static\\\/planet4-turkey-stateless\\\/2018\\\/05\\\/ae133a37-antarctica-768x513.jpg 768w, https:\\\/\\\/www.greenpeace.org\\\/static\\\/planet4-turkey-stateless\\\/2018\\\/05\\\/ae133a37-antarctica-300x200.jpg 300w, https:\\\/\\\/www.greenpeace.org\\\/static\\\/planet4-turkey-stateless\\\/2018\\\/05\\\/ae133a37-antarctica-1024x684.jpg 1024w, https:\\\/\\\/www.greenpeace.org\\\/static\\\/planet4-turkey-stateless\\\/2018\\\/05\\\/ae133a37-antarctica-2045x1366.jpg 2045w, https:\\\/\\\/www.greenpeace.org\\\/static\\\/planet4-turkey-stateless\\\/2018\\\/05\\\/ae133a37-antarctica-510x340.jpg 510w&quot;,&quot;image_sizes&quot;:&quot;(max-width: 768px) 100vw, 768px&quot;,&quot;alt_text&quot;:&quot;&quot;,&quot;caption&quot;:&quot;Penguins&quot;,&quot;focus_image&quot;:&quot;&quot;,&quot;credits&quot;:&quot;\\u00a9 Greenpeace&quot;},{&quot;image_src&quot;:&quot;https:\\\/\\\/www.greenpeace.org\\\/static\\\/planet4-turkey-stateless\\\/2018\\\/05\\\/ff4bcb9f-gp0strala_pressmedia-768x510.jpg&quot;,&quot;image_srcset&quot;:&quot;https:\\\/\\\/www.greenpeace.org\\\/static\\\/planet4-turkey-stateless\\\/2018\\\/05\\\/ff4bcb9f-gp0strala_pressmedia-768x510.jpg 768w, https:\\\/\\\/www.greenpeace.org\\\/static\\\/planet4-turkey-stateless\\\/2018\\\/05\\\/ff4bcb9f-gp0strala_pressmedia-300x199.jpg 300w, https:\\\/\\\/www.greenpeace.org\\\/static\\\/planet4-turkey-stateless\\\/2018\\\/05\\\/ff4bcb9f-gp0strala_pressmedia-1024x680.jpg 1024w, https:\\\/\\\/www.greenpeace.org\\\/static\\\/planet4-turkey-stateless\\\/2018\\\/05\\\/ff4bcb9f-gp0strala_pressmedia-2048x1361.jpg 2048w, https:\\\/\\\/www.greenpeace.org\\\/static\\\/planet4-turkey-stateless\\\/2018\\\/05\\\/ff4bcb9f-gp0strala_pressmedia-510x340.jpg 510w&quot;,&quot;image_sizes&quot;:&quot;(max-width: 768px) 100vw, 768px&quot;,&quot;alt_text&quot;:&quot;&quot;,&quot;caption&quot;:&quot;Penguins on ice in Antarctica.&quot;,&quot;focus_image&quot;:&quot;&quot;,&quot;credits&quot;:&quot;\\u00a9 Greenpeace \\\/ Steve Morgan&quot;}]}}\"><section class=\"block split-three-column \"><header><h2 class=\"page-section-header\">Vizyonumuz<\/h2><\/header><p class=\"page-section-description\">D\u00fcnyada okyanuslar\u0131n, ormanlar\u0131n ve g\u0131dan\u0131n gelece\u011fi i\u00e7in yeni bir hikaye yaratmaya ihtiyac\u0131m\u0131z var; yaratac\u0131\u011f\u0131m\u0131z yeni hikaye birilerinin a\u00e7g\u00f6zl\u00fcl\u00fc\u011f\u00fcnden \u00f6te, d\u00fcnyan\u0131n do\u011fal g\u00fczelliklerinin \u00fczerine in\u015fa edilmeli.<\/p><\/section><\/div><div data-render=\"planet4-blocks\/columns\" data-attributes=\"{&quot;attributes&quot;:{&quot;columns_block_style&quot;:&quot;image&quot;,&quot;columns_title&quot;:&quot;Kampanyalar&quot;,&quot;className&quot;:&quot;is-style-image&quot;,&quot;columns_description&quot;:&quot;&quot;,&quot;columns&quot;:[{&quot;attachment&quot;:&quot;https:\\\/\\\/www.greenpeace.org\\\/static\\\/planet4-turkey-stateless\\\/2019\\\/09\\\/0e448dc3-crop-field-3-510x311.jpg&quot;,&quot;title&quot;:&quot;#G\\u0131da Tar\\u0131m&quot;,&quot;cta_link&quot;:&quot;http:\\\/\\\/www.greenpeace.org\\\/turkey\\\/tag\\\/gidatarim\\\/&quot;,&quot;attachment_srcset&quot;:&quot;https:\\\/\\\/www.greenpeace.org\\\/static\\\/planet4-turkey-stateless\\\/2019\\\/09\\\/0e448dc3-crop-field-3-510x311.jpg 510w, https:\\\/\\\/www.greenpeace.org\\\/static\\\/planet4-turkey-stateless\\\/2019\\\/09\\\/0e448dc3-crop-field-3-300x183.jpg 300w, https:\\\/\\\/www.greenpeace.org\\\/static\\\/planet4-turkey-stateless\\\/2019\\\/09\\\/0e448dc3-crop-field-3-768x468.jpg 768w, https:\\\/\\\/www.greenpeace.org\\\/static\\\/planet4-turkey-stateless\\\/2019\\\/09\\\/0e448dc3-crop-field-3-1024x624.jpg 1024w, https:\\\/\\\/www.greenpeace.org\\\/static\\\/planet4-turkey-stateless\\\/2019\\\/09\\\/0e448dc3-crop-field-3.jpg 2000w&quot;},{&quot;attachment&quot;:&quot;https:\\\/\\\/www.greenpeace.org\\\/static\\\/planet4-turkey-stateless\\\/2019\\\/09\\\/10966348-gp0str22e-510x340.jpg&quot;,&quot;title&quot;:&quot;#Plastik&quot;,&quot;cta_link&quot;:&quot;http:\\\/\\\/www.greenpeace.org\\\/turkey\\\/tag\\\/plastik\\\/&quot;,&quot;attachment_srcset&quot;:&quot;https:\\\/\\\/www.greenpeace.org\\\/static\\\/planet4-turkey-stateless\\\/2019\\\/09\\\/10966348-gp0str22e-510x340.jpg 510w, https:\\\/\\\/www.greenpeace.org\\\/static\\\/planet4-turkey-stateless\\\/2019\\\/09\\\/10966348-gp0str22e-300x200.jpg 300w, https:\\\/\\\/www.greenpeace.org\\\/static\\\/planet4-turkey-stateless\\\/2019\\\/09\\\/10966348-gp0str22e-768x512.jpg 768w, https:\\\/\\\/www.greenpeace.org\\\/static\\\/planet4-turkey-stateless\\\/2019\\\/09\\\/10966348-gp0str22e-1024x683.jpg 1024w, https:\\\/\\\/www.greenpeace.org\\\/static\\\/planet4-turkey-stateless\\\/2019\\\/09\\\/10966348-gp0str22e.jpg 1200w&quot;},{&quot;attachment&quot;:&quot;https:\\\/\\\/www.greenpeace.org\\\/static\\\/planet4-turkey-stateless\\\/2018\\\/05\\\/db53cbd4-gp0stq03x_pressmedia-476x340.jpg&quot;,&quot;title&quot;:&quot;#Okyanuslar&quot;,&quot;cta_link&quot;:&quot;http:\\\/\\\/www.greenpeace.org\\\/turkey\\\/tag\\\/okyanuslar\\\/&quot;,&quot;attachment_srcset&quot;:&quot;https:\\\/\\\/www.greenpeace.org\\\/static\\\/planet4-turkey-stateless\\\/2018\\\/05\\\/db53cbd4-gp0stq03x_pressmedia-476x340.jpg 476w, https:\\\/\\\/www.greenpeace.org\\\/static\\\/planet4-turkey-stateless\\\/2018\\\/05\\\/db53cbd4-gp0stq03x_pressmedia-300x214.jpg 300w, https:\\\/\\\/www.greenpeace.org\\\/static\\\/planet4-turkey-stateless\\\/2018\\\/05\\\/db53cbd4-gp0stq03x_pressmedia-768x549.jpg 768w, https:\\\/\\\/www.greenpeace.org\\\/static\\\/planet4-turkey-stateless\\\/2018\\\/05\\\/db53cbd4-gp0stq03x_pressmedia-1024x732.jpg 1024w, https:\\\/\\\/www.greenpeace.org\\\/static\\\/planet4-turkey-stateless\\\/2018\\\/05\\\/db53cbd4-gp0stq03x_pressmedia-1912x1366.jpg 1912w&quot;}]}}\"><\/div>\n    <div class=\"wp-block-query posts-list p4-query-loop is-custom-layout-list is-layout-flow wp-block-query-is-layout-flow\">\n        <div class=\"wp-block-group is-content-justification-space-between is-layout-flex wp-container-core-group-is-layout-3d213aab wp-block-group-is-layout-flex\"><h2 class=\"wp-block-heading\">\u0130lgili Son Yaz\u0131lar<\/h2>\n        <li class=\" wp-block-navigation-item see-all-link wp-block-navigation-link\"><a class=\"wp-block-navigation-item__content\"  href=\"http:\/\/www.greenpeace.org\/turkey\/news-stories\/?tag=okyanuslar\"><span class=\"wp-block-navigation-item__label\">See all stories<\/span><\/a><\/li>\n        \n        <\/div>\n        \n\n    <p style=\"margin-top: 24px; margin-bottom: 36px;\"><\/p>\n\n    \n\n    <ul class=\"wp-block-post-template is-layout-flow wp-block-post-template-is-layout-flow\"><li class=\"wp-block-post post-10020 post type-post status-publish format-standard has-post-thumbnail hentry category-biyocesitlilik-doga category-sorunlar-ve-cozumler tag-plastik p4-page-type-blog\">\n            \n<div class=\"wp-block-columns is-layout-flex wp-container-core-columns-is-layout-9d6595d7 wp-block-columns-is-layout-flex\"><figure class=\"wp-block-post-featured-image\"><a href=\"https:\/\/www.greenpeace.org\/turkey\/blog\/3-soruda-yeni-plastik-yonetmeligi-taslagi-260330\/\" target=\"_self\"  ><img loading=\"lazy\" decoding=\"async\" width=\"1200\" height=\"800\" src=\"https:\/\/www.greenpeace.org\/static\/planet4-turkey-stateless\/2026\/04\/da0d4366-gp0stt3fm.jpg\" class=\"attachment-post-thumbnail size-post-thumbnail wp-post-image wp-stateless-item\" alt=\"3 soruda yeni plastik y\u00f6netmeli\u011fi tasla\u011f\u0131: Ne getiriyor, ne eksik, ne olmal\u0131?\" style=\"object-fit:cover;\" srcset=\"https:\/\/www.greenpeace.org\/static\/planet4-turkey-stateless\/2026\/04\/da0d4366-gp0stt3fm.jpg 1200w, https:\/\/www.greenpeace.org\/static\/planet4-turkey-stateless\/2026\/04\/da0d4366-gp0stt3fm-300x200.jpg 300w, https:\/\/www.greenpeace.org\/static\/planet4-turkey-stateless\/2026\/04\/da0d4366-gp0stt3fm-1024x683.jpg 1024w, https:\/\/www.greenpeace.org\/static\/planet4-turkey-stateless\/2026\/04\/da0d4366-gp0stt3fm-768x512.jpg 768w, https:\/\/www.greenpeace.org\/static\/planet4-turkey-stateless\/2026\/04\/da0d4366-gp0stt3fm-510x340.jpg 510w\" sizes=\"auto, (max-width: 1200px) 100vw, 1200px\" data-image-size=\"post-thumbnail\" data-stateless-media-bucket=\"planet4-turkey-stateless\" data-stateless-media-name=\"2026\/04\/da0d4366-gp0stt3fm.jpg\" \/><\/a><\/figure>\n\n        <div class=\"wp-block-group is-layout-flow wp-block-group-is-layout-flow\">\n                <div class=\"wp-block-group is-layout-flex wp-block-group-is-layout-flex\"><div class=\"wp-block-post-terms\"><a href=\"https:\/\/www.greenpeace.org\/turkey\/category\/sorunlar-ve-cozumler\/biyocesitlilik-doga\/\">Biyo\u00e7e\u015fitlilik ve Do\u011fa<\/a><\/div>\n                <div class=\"taxonomy-post_tag wp-block-post-terms\"><a href=\"https:\/\/www.greenpeace.org\/turkey\/tag\/plastik\/\" rel=\"tag\">Plastik<\/a><\/div>\n                \n                <\/div>\n                \n        <h3 class=\"wp-block-post-title\"><a href=\"https:\/\/www.greenpeace.org\/turkey\/blog\/3-soruda-yeni-plastik-yonetmeligi-taslagi-260330\/\" target=\"_self\" >3 soruda yeni plastik y\u00f6netmeli\u011fi tasla\u011f\u0131: Ne getiriyor, ne eksik, ne olmal\u0131?<\/a><\/h3>\n        <div class=\"wp-block-post-excerpt\"><p class=\"wp-block-post-excerpt__excerpt\">1. Y\u00f6netmelik Tasla\u011f\u0131 Ne Getiriyor?&nbsp; <\/p><\/div>\n        \n        <div class=\"wp-block-group posts-list-meta is-layout-flow wp-block-group-is-layout-flow\"><span class='article-list-item-author'><a href='https:\/\/www.greenpeace.org\/turkey\/author\/bececeli\/'>Greenpeace T\u00fcrkiye<\/a><\/span>\n        <div class=\"wp-block-post-date\"><time datetime=\"2026-03-27T11:39:00+03:00\">27 Mart 2026<\/time><\/div>\n        \n        <\/div>\n        <\/div>\n        <\/div>\n\n            <\/li><li class=\"wp-block-post post-9967 post type-post status-publish format-standard has-post-thumbnail hentry category-biyocesitlilik-doga category-sorunlar-ve-cozumler tag-plastik p4-page-type-blog\">\n            \n<div class=\"wp-block-columns is-layout-flex wp-container-core-columns-is-layout-9d6595d7 wp-block-columns-is-layout-flex\"><figure class=\"wp-block-post-featured-image\"><a href=\"https:\/\/www.greenpeace.org\/turkey\/blog\/plastik-kaplardaki-tehlike-260224\/\" target=\"_self\"  ><img loading=\"lazy\" decoding=\"async\" width=\"1200\" height=\"800\" src=\"https:\/\/www.greenpeace.org\/static\/planet4-turkey-stateless\/2026\/02\/7a1d18b7-gp0su7hi0.jpg\" class=\"attachment-post-thumbnail size-post-thumbnail wp-post-image wp-stateless-item\" alt=\"Yand\u0131k m\u0131? Plastik kaplardaki haz\u0131r yemeklerin gizli tehlikesi\" style=\"object-fit:cover;\" srcset=\"https:\/\/www.greenpeace.org\/static\/planet4-turkey-stateless\/2026\/02\/7a1d18b7-gp0su7hi0.jpg 1200w, https:\/\/www.greenpeace.org\/static\/planet4-turkey-stateless\/2026\/02\/7a1d18b7-gp0su7hi0-300x200.jpg 300w, https:\/\/www.greenpeace.org\/static\/planet4-turkey-stateless\/2026\/02\/7a1d18b7-gp0su7hi0-1024x683.jpg 1024w, https:\/\/www.greenpeace.org\/static\/planet4-turkey-stateless\/2026\/02\/7a1d18b7-gp0su7hi0-768x512.jpg 768w, https:\/\/www.greenpeace.org\/static\/planet4-turkey-stateless\/2026\/02\/7a1d18b7-gp0su7hi0-510x340.jpg 510w\" sizes=\"auto, (max-width: 1200px) 100vw, 1200px\" data-image-size=\"post-thumbnail\" data-stateless-media-bucket=\"planet4-turkey-stateless\" data-stateless-media-name=\"2026\/02\/7a1d18b7-gp0su7hi0.jpg\" \/><\/a><\/figure>\n\n        <div class=\"wp-block-group is-layout-flow wp-block-group-is-layout-flow\">\n                <div class=\"wp-block-group is-layout-flex wp-block-group-is-layout-flex\"><div class=\"wp-block-post-terms\"><a href=\"https:\/\/www.greenpeace.org\/turkey\/category\/sorunlar-ve-cozumler\/biyocesitlilik-doga\/\">Biyo\u00e7e\u015fitlilik ve Do\u011fa<\/a><\/div>\n                <div class=\"taxonomy-post_tag wp-block-post-terms\"><a href=\"https:\/\/www.greenpeace.org\/turkey\/tag\/plastik\/\" rel=\"tag\">Plastik<\/a><\/div>\n                \n                <\/div>\n                \n        <h3 class=\"wp-block-post-title\"><a href=\"https:\/\/www.greenpeace.org\/turkey\/blog\/plastik-kaplardaki-tehlike-260224\/\" target=\"_self\" >Yand\u0131k m\u0131? Plastik kaplardaki haz\u0131r yemeklerin gizli tehlikesi<\/a><\/h3>\n        <div class=\"wp-block-post-excerpt\"><p class=\"wp-block-post-excerpt__excerpt\">Haz\u0131r yemekler ve paket servisler modern hayat\u0131n kurtar\u0131c\u0131lar\u0131 gibi g\u00f6r\u00fcn\u00fcyor: S\u0131cak, h\u0131zl\u0131 ve pratik. Plastik kaplar\u0131n \u00fczerindeki &#8220;Mikrodalgaya Uygundur&#8221; veya &#8220;F\u0131r\u0131na Girebilir&#8221; etiketlerini g\u00f6rd\u00fc\u011f\u00fcm\u00fczde i\u00e7imiz rahatl\u0131yor. Peki, bu etiketler ger\u00e7ekten&hellip; <\/p><\/div>\n        \n        <div class=\"wp-block-group posts-list-meta is-layout-flow wp-block-group-is-layout-flow\"><span class='article-list-item-author'>Berk Butan | Greenpeace T\u00fcrkiye Sosyal ve Ekonomik Sistemler Kampanya Sorumlusu<\/span>\n        <div class=\"wp-block-post-date\"><time datetime=\"2026-02-24T10:27:21+03:00\">24 \u015eubat 2026<\/time><\/div>\n        \n        <\/div>\n        <\/div>\n        <\/div>\n\n            <\/li><li class=\"wp-block-post post-9947 post type-post status-publish format-standard has-post-thumbnail hentry category-biyocesitlilik-doga category-sorunlar-ve-cozumler tag-okyanuslar p4-page-type-blog\">\n            \n<div class=\"wp-block-columns is-layout-flex wp-container-core-columns-is-layout-9d6595d7 wp-block-columns-is-layout-flex\"><figure class=\"wp-block-post-featured-image\"><a href=\"https:\/\/www.greenpeace.org\/turkey\/blog\/basardik-turkiye-kuresel-okyanus-antlasmasini-onayladi-260122\/\" target=\"_self\"  ><img loading=\"lazy\" decoding=\"async\" width=\"1400\" height=\"926\" src=\"https:\/\/www.greenpeace.org\/static\/planet4-turkey-stateless\/2026\/01\/6c63b1bd-image.jpeg\" class=\"attachment-post-thumbnail size-post-thumbnail wp-post-image wp-stateless-item\" alt=\"Ba\u015fard\u0131k: T\u00fcrkiye K\u00fcresel Okyanus Antla\u015fmas\u0131\u2019n\u0131 onaylad\u0131, Antla\u015fma y\u00fcr\u00fcrl\u00fckte\u00a0\" style=\"object-fit:cover;\" srcset=\"https:\/\/www.greenpeace.org\/static\/planet4-turkey-stateless\/2026\/01\/6c63b1bd-image.jpeg 1400w, https:\/\/www.greenpeace.org\/static\/planet4-turkey-stateless\/2026\/01\/6c63b1bd-image-300x198.jpeg 300w, https:\/\/www.greenpeace.org\/static\/planet4-turkey-stateless\/2026\/01\/6c63b1bd-image-1024x677.jpeg 1024w, https:\/\/www.greenpeace.org\/static\/planet4-turkey-stateless\/2026\/01\/6c63b1bd-image-768x508.jpeg 768w, https:\/\/www.greenpeace.org\/static\/planet4-turkey-stateless\/2026\/01\/6c63b1bd-image-510x337.jpeg 510w\" sizes=\"auto, (max-width: 1400px) 100vw, 1400px\" data-image-size=\"post-thumbnail\" data-stateless-media-bucket=\"planet4-turkey-stateless\" data-stateless-media-name=\"2026\/01\/6c63b1bd-image.jpeg\" \/><\/a><\/figure>\n\n        <div class=\"wp-block-group is-layout-flow wp-block-group-is-layout-flow\">\n                <div class=\"wp-block-group is-layout-flex wp-block-group-is-layout-flex\"><div class=\"wp-block-post-terms\"><a href=\"https:\/\/www.greenpeace.org\/turkey\/category\/sorunlar-ve-cozumler\/biyocesitlilik-doga\/\">Biyo\u00e7e\u015fitlilik ve Do\u011fa<\/a><\/div>\n                <div class=\"taxonomy-post_tag wp-block-post-terms\"><a href=\"https:\/\/www.greenpeace.org\/turkey\/tag\/okyanuslar\/\" rel=\"tag\">Okyanuslar<\/a><\/div>\n                \n                <\/div>\n                \n        <h3 class=\"wp-block-post-title\"><a href=\"https:\/\/www.greenpeace.org\/turkey\/blog\/basardik-turkiye-kuresel-okyanus-antlasmasini-onayladi-260122\/\" target=\"_self\" >Ba\u015fard\u0131k: T\u00fcrkiye K\u00fcresel Okyanus Antla\u015fmas\u0131\u2019n\u0131 onaylad\u0131, Antla\u015fma y\u00fcr\u00fcrl\u00fckte\u00a0<\/a><\/h3>\n        <div class=\"wp-block-post-excerpt\"><p class=\"wp-block-post-excerpt__excerpt\">22 Ocak 2026, \u0130stanbul \u2013 Greenpeace T\u00fcrkiye\u2019nin ulusal s\u0131n\u0131rlar\u0131n \u00f6tesindeki do\u011fal alanlar\u0131 koruma f\u0131rsat\u0131 sunan K\u00fcresel Okyanus Antla\u015fmas\u0131\u2019n\u0131n onaylanmas\u0131 i\u00e7in s\u00fcrd\u00fcrd\u00fc\u011f\u00fc ve 10 binden fazla ki\u015finin imza verdi\u011fi kampanyas\u0131 kazan\u0131mla&hellip; <\/p><\/div>\n        \n        <div class=\"wp-block-group posts-list-meta is-layout-flow wp-block-group-is-layout-flow\"><span class='article-list-item-author'><a href='https:\/\/www.greenpeace.org\/turkey\/author\/bececeli\/'>Greenpeace T\u00fcrkiye<\/a><\/span>\n        <div class=\"wp-block-post-date\"><time datetime=\"2026-01-22T13:41:57+03:00\">22 Ocak 2026<\/time><\/div>\n        \n        <\/div>\n        <\/div>\n        <\/div>\n\n            <\/li><\/ul>\n\n    \n<div class=\"wp-block-buttons carousel-controls is-horizontal is-content-justification-space-between is-nowrap is-layout-flex wp-container-core-buttons-is-layout-044bd602 wp-block-buttons-is-layout-flex\">\n            <div class=\"wp-block-button carousel-control-prev\"><button type=\"button\" class=\"wp-block-button__link wp-element-button\">Prev<\/button><\/div>\n        \n\n            <div class=\"wp-block-button carousel-control-next\"><button type=\"button\" class=\"wp-block-button__link wp-element-button\">Next<\/button><\/div>\n        <\/div>\n\n\n    <li class=\" wp-block-navigation-item see-all-link wp-block-navigation-link\"><a class=\"wp-block-navigation-item__content\"  href=\"http:\/\/www.greenpeace.org\/turkey\/news-stories\/?tag=okyanuslar\"><span class=\"wp-block-navigation-item__label\">See all stories<\/span><\/a><\/li><\/div>\n    ","protected":false},"excerpt":{"rendered":"","protected":false},"author":1,"featured_media":348,"parent":11,"menu_order":0,"comment_status":"closed","ping_status":"closed","template":"","meta":{"ep_exclude_from_search":false,"p4_hide_page_title_checkbox":"","p4_title":"","p4_subtitle":"","p4_description":"","background_image_id":"","background_image":"","p4_button_title":"","p4_button_link":"","p4_button_link_checkbox":"","p4_og_title":"","p4_og_description":"","p4_og_image":"","p4_og_image_id":"","p4_seo_canonical_url":"","p4_campaign_name":"not set","p4_local_project":"not set","p4_basket_name":"not set","p4_department":"","footnotes":""},"categories":[3],"tags":[20,23,30],"class_list":["post-54","page","type-page","status-publish","has-post-thumbnail","hentry","category-biyocesitlilik-doga","tag-okyanuslar","tag-plastik","tag-gidatarim"],"_links":{"self":[{"href":"https:\/\/www.greenpeace.org\/turkey\/wp-json\/wp\/v2\/pages\/54","targetHints":{"allow":["GET"]}}],"collection":[{"href":"https:\/\/www.greenpeace.org\/turkey\/wp-json\/wp\/v2\/pages"}],"about":[{"href":"https:\/\/www.greenpeace.org\/turkey\/wp-json\/wp\/v2\/types\/page"}],"author":[{"embeddable":true,"href":"https:\/\/www.greenpeace.org\/turkey\/wp-json\/wp\/v2\/users\/1"}],"replies":[{"embeddable":true,"href":"https:\/\/www.greenpeace.org\/turkey\/wp-json\/wp\/v2\/comments?post=54"}],"version-history":[{"count":21,"href":"https:\/\/www.greenpeace.org\/turkey\/wp-json\/wp\/v2\/pages\/54\/revisions"}],"predecessor-version":[{"id":9600,"href":"https:\/\/www.greenpeace.org\/turkey\/wp-json\/wp\/v2\/pages\/54\/revisions\/9600"}],"up":[{"embeddable":true,"href":"https:\/\/www.greenpeace.org\/turkey\/wp-json\/wp\/v2\/pages\/11"}],"wp:featuredmedia":[{"embeddable":true,"href":"https:\/\/www.greenpeace.org\/turkey\/wp-json\/wp\/v2\/media\/348"}],"wp:attachment":[{"href":"https:\/\/www.greenpeace.org\/turkey\/wp-json\/wp\/v2\/media?parent=54"}],"wp:term":[{"taxonomy":"category","embeddable":true,"href":"https:\/\/www.greenpeace.org\/turkey\/wp-json\/wp\/v2\/categories?post=54"},{"taxonomy":"post_tag","embeddable":true,"href":"https:\/\/www.greenpeace.org\/turkey\/wp-json\/wp\/v2\/tags?post=54"}],"curies":[{"name":"wp","href":"https:\/\/api.w.org\/{rel}","templated":true}]}}