{"id":5780,"date":"2021-04-22T10:24:36","date_gmt":"2021-04-22T07:24:36","guid":{"rendered":"https:\/\/www.greenpeace.org\/turkey\/yesil-blog\/"},"modified":"2026-04-08T11:59:05","modified_gmt":"2026-04-08T08:59:05","slug":"yesil-blog","status":"publish","type":"page","link":"https:\/\/www.greenpeace.org\/turkey\/yesil-blog\/","title":{"rendered":"#Ye\u015fil Blog"},"content":{"rendered":"\n                    <div class=\"wp-block-group is-vertical is-layout-flex wp-container-core-group-is-layout-8cf370e7 wp-block-group-is-layout-flex\">\n                    \n\n                    \n                    <\/div>\n                    \n        <div class=\"wp-block-query actions-list p4-query-loop is-custom-layout-actions-list is-custom-layout-grid is-layout-grid wp-container-core-query-is-layout-29f43435 wp-block-query-is-layout-grid\"><h2 class=\"wp-block-heading\">Things you can do<\/h2>\n        <p style=\"margin-top: 24px; margin-bottom: 32px;\">We want you to take action because together we&#8217;re strong.<\/p>\n        <div class=\"wp-block-query-no-results\">\n        <p >No posts found.<\/p>\n        <\/div>\n        \n        \n<div class=\"wp-block-buttons carousel-controls is-horizontal is-content-justification-space-between is-nowrap is-layout-flex wp-container-core-buttons-is-layout-044bd602 wp-block-buttons-is-layout-flex\">\n            <div class=\"wp-block-button carousel-control-prev\"><button type=\"button\" class=\"wp-block-button__link wp-element-button\">Prev<\/button><\/div>\n        \n\n            <div class=\"wp-block-button carousel-control-next\"><button type=\"button\" class=\"wp-block-button__link wp-element-button\">Next<\/button><\/div>\n        <\/div>\n\n        \n<div class=\"wp-block-buttons load-more-actions-container is-content-justification-center is-layout-flex wp-container-core-buttons-is-layout-16018d1d wp-block-buttons-is-layout-flex\">\n                <div class=\"wp-block-button is-style-secondary\"><button type=\"button\" class=\"wp-block-button__link wp-element-button\">Daha Fazlas\u0131<\/button><\/div>\n            \n<\/div>\n<\/div>\n        \n    <div class=\"wp-block-query posts-list p4-query-loop is-custom-layout-list is-layout-flow wp-block-query-is-layout-flow\">\n        <div class=\"wp-block-group is-content-justification-space-between is-layout-flex wp-container-core-group-is-layout-3d213aab wp-block-group-is-layout-flex\"><h2 class=\"wp-block-heading\">\u0130lgili Yaz\u0131lar<\/h2>\n        <li class=\" wp-block-navigation-item see-all-link wp-block-navigation-link\"><a class=\"wp-block-navigation-item__content\"  href=\"http:\/\/www.greenpeace.org\/turkey\/news-stories\/?tag=yesil-blog\"><span class=\"wp-block-navigation-item__label\">See all stories<\/span><\/a><\/li>\n        \n        <\/div>\n        \n\n    <p style=\"margin-top: 24px; margin-bottom: 36px;\"><\/p>\n\n    \n\n    <ul class=\"wp-block-post-template is-layout-flow wp-block-post-template-is-layout-flow\"><li class=\"wp-block-post post-6612 post type-post status-publish format-standard has-post-thumbnail hentry category-uncategorized tag-yesil-blog p4-page-type-blog\">\n            \n<div class=\"wp-block-columns is-layout-flex wp-container-core-columns-is-layout-9d6595d7 wp-block-columns-is-layout-flex\"><figure class=\"wp-block-post-featured-image\"><a href=\"https:\/\/www.greenpeace.org\/turkey\/blog\/tatilden-ote-bir-tecrube-ekolojik-ciftlikler\/\" target=\"_self\"  ><img loading=\"lazy\" decoding=\"async\" width=\"1200\" height=\"628\" src=\"https:\/\/www.greenpeace.org\/static\/planet4-turkey-stateless\/2021\/09\/423f5a94-ekolojik-ciftlikler-kapak-.jpg\" class=\"attachment-post-thumbnail size-post-thumbnail wp-post-image wp-stateless-item\" alt=\"Tatilden \u00f6te bir tecr\u00fcbe: Ekolojik \u00e7iftlikler\" style=\"object-fit:cover;\" srcset=\"https:\/\/www.greenpeace.org\/static\/planet4-turkey-stateless\/2021\/09\/423f5a94-ekolojik-ciftlikler-kapak-.jpg 1200w, https:\/\/www.greenpeace.org\/static\/planet4-turkey-stateless\/2021\/09\/423f5a94-ekolojik-ciftlikler-kapak--300x157.jpg 300w, https:\/\/www.greenpeace.org\/static\/planet4-turkey-stateless\/2021\/09\/423f5a94-ekolojik-ciftlikler-kapak--1024x536.jpg 1024w, https:\/\/www.greenpeace.org\/static\/planet4-turkey-stateless\/2021\/09\/423f5a94-ekolojik-ciftlikler-kapak--768x402.jpg 768w, https:\/\/www.greenpeace.org\/static\/planet4-turkey-stateless\/2021\/09\/423f5a94-ekolojik-ciftlikler-kapak--510x267.jpg 510w\" sizes=\"auto, (max-width: 1200px) 100vw, 1200px\" data-image-size=\"post-thumbnail\" data-stateless-media-bucket=\"planet4-turkey-stateless\" data-stateless-media-name=\"2021\/09\/423f5a94-ekolojik-ciftlikler-kapak-.jpg\" \/><\/a><\/figure>\n\n        <div class=\"wp-block-group is-layout-flow wp-block-group-is-layout-flow\">\n                <div class=\"wp-block-group is-layout-flex wp-block-group-is-layout-flex\"><div class=\"wp-block-post-terms\"><a href=\"https:\/\/www.greenpeace.org\/turkey\/category\/uncategorized\/\">Uncategorized<\/a><\/div>\n                <div class=\"taxonomy-post_tag wp-block-post-terms\"><a href=\"https:\/\/www.greenpeace.org\/turkey\/tag\/yesil-blog\/\" rel=\"tag\">Ye\u015fil Blog<\/a><\/div>\n                \n                <\/div>\n                \n        <h3 class=\"wp-block-post-title\"><a href=\"https:\/\/www.greenpeace.org\/turkey\/blog\/tatilden-ote-bir-tecrube-ekolojik-ciftlikler\/\" target=\"_self\" >Tatilden \u00f6te bir tecr\u00fcbe: Ekolojik \u00e7iftlikler<\/a><\/h3>\n        <div class=\"wp-block-post-excerpt\"><p class=\"wp-block-post-excerpt__excerpt\">Dal\u0131ndan meyve topluyorsun mesela, zeytin hasad\u0131na kat\u0131l\u0131yorsun, tur\u015fu kurmay\u0131 ya da sal\u00e7a yapmay\u0131 \u00f6\u011freniyorsun. Toprakla ha\u015f\u0131r ne\u015fir olup, havay\u0131, suyu, topra\u011f\u0131 kirletmeden \u00fcretmeyi deneyimliyorsun. Yoruluyorsun ama de\u011fiyor. Hem zaten fiziksel yorgunlu\u011fun \u00fcst\u00fcne \u00e7ekilen derin bir uyku da \u00e7ok tatl\u0131 oluyor! <\/p><\/div>\n        \n        <div class=\"wp-block-group posts-list-meta is-layout-flow wp-block-group-is-layout-flow\"><span class='article-list-item-author'><a href='https:\/\/www.greenpeace.org\/turkey\/author\/gp_turkey\/'>Greenpeace T\u00fcrkiye<\/a><\/span>\n        <div class=\"wp-block-post-date\"><time datetime=\"2021-09-07T15:02:21+03:00\">7 Eyl\u00fcl 2021<\/time><\/div>\n        \n        <\/div>\n        <\/div>\n        <\/div>\n\n            <\/li><li class=\"wp-block-post post-6184 post type-post status-publish format-standard has-post-thumbnail hentry category-uncategorized tag-yesil-blog p4-page-type-blog\">\n            \n<div class=\"wp-block-columns is-layout-flex wp-container-core-columns-is-layout-9d6595d7 wp-block-columns-is-layout-flex\"><figure class=\"wp-block-post-featured-image\"><a href=\"https:\/\/www.greenpeace.org\/turkey\/blog\/yaz-mevsimini-sehirde-gecirmesine-ragmen-sikilmayanlarin-sirri-ne\/\" target=\"_self\"  ><img loading=\"lazy\" decoding=\"async\" width=\"1500\" height=\"1000\" src=\"https:\/\/www.greenpeace.org\/static\/planet4-turkey-stateless\/2021\/06\/179ce32d-yaz-mevsimi-blog-1.jpg\" class=\"attachment-post-thumbnail size-post-thumbnail wp-post-image wp-stateless-item\" alt=\"Yaz mevsimini \u015fehirde ge\u00e7irmesine ra\u011fmen s\u0131k\u0131lmayanlar\u0131n s\u0131rr\u0131 ne?\" style=\"object-fit:cover;\" srcset=\"https:\/\/www.greenpeace.org\/static\/planet4-turkey-stateless\/2021\/06\/179ce32d-yaz-mevsimi-blog-1.jpg 1500w, https:\/\/www.greenpeace.org\/static\/planet4-turkey-stateless\/2021\/06\/179ce32d-yaz-mevsimi-blog-1-300x200.jpg 300w, https:\/\/www.greenpeace.org\/static\/planet4-turkey-stateless\/2021\/06\/179ce32d-yaz-mevsimi-blog-1-1024x683.jpg 1024w, https:\/\/www.greenpeace.org\/static\/planet4-turkey-stateless\/2021\/06\/179ce32d-yaz-mevsimi-blog-1-768x512.jpg 768w, https:\/\/www.greenpeace.org\/static\/planet4-turkey-stateless\/2021\/06\/179ce32d-yaz-mevsimi-blog-1-510x340.jpg 510w\" sizes=\"auto, (max-width: 1500px) 100vw, 1500px\" data-image-size=\"post-thumbnail\" data-stateless-media-bucket=\"planet4-turkey-stateless\" data-stateless-media-name=\"2021\/06\/179ce32d-yaz-mevsimi-blog-1.jpg\" \/><\/a><\/figure>\n\n        <div class=\"wp-block-group is-layout-flow wp-block-group-is-layout-flow\">\n                <div class=\"wp-block-group is-layout-flex wp-block-group-is-layout-flex\"><div class=\"wp-block-post-terms\"><a href=\"https:\/\/www.greenpeace.org\/turkey\/category\/uncategorized\/\">Uncategorized<\/a><\/div>\n                <div class=\"taxonomy-post_tag wp-block-post-terms\"><a href=\"https:\/\/www.greenpeace.org\/turkey\/tag\/yesil-blog\/\" rel=\"tag\">Ye\u015fil Blog<\/a><\/div>\n                \n                <\/div>\n                \n        <h3 class=\"wp-block-post-title\"><a href=\"https:\/\/www.greenpeace.org\/turkey\/blog\/yaz-mevsimini-sehirde-gecirmesine-ragmen-sikilmayanlarin-sirri-ne\/\" target=\"_self\" >Yaz mevsimini \u015fehirde ge\u00e7irmesine ra\u011fmen s\u0131k\u0131lmayanlar\u0131n s\u0131rr\u0131 ne?<\/a><\/h3>\n        <div class=\"wp-block-post-excerpt\"><p class=\"wp-block-post-excerpt__excerpt\">: \u015eehirde ya\u015fayanlar yaz mevsimini nas\u0131l ge\u00e7irecek? Sosyal medyada payla\u015f\u0131lan t\u00fcm o tatil foto\u011fraflar\u0131n\u0131 k\u0131skanmayan ki\u015filerin s\u0131rr\u0131 ne? Sorduk, soru\u015fturduk, ara\u015ft\u0131rd\u0131k, derledik ve maddeledik. <\/p><\/div>\n        \n        <div class=\"wp-block-group posts-list-meta is-layout-flow wp-block-group-is-layout-flow\"><span class='article-list-item-author'><a href='https:\/\/www.greenpeace.org\/turkey\/author\/yesil-blog\/'>Ye\u015fil Blog<\/a><\/span>\n        <div class=\"wp-block-post-date\"><time datetime=\"2021-06-24T11:40:00+03:00\">24 Haziran 2021<\/time><\/div>\n        \n        <\/div>\n        <\/div>\n        <\/div>\n\n            <\/li><li class=\"wp-block-post post-6155 post type-post status-publish format-standard has-post-thumbnail hentry category-uncategorized tag-yesil-blog p4-page-type-blog\">\n            \n<div class=\"wp-block-columns is-layout-flex wp-container-core-columns-is-layout-9d6595d7 wp-block-columns-is-layout-flex\"><figure class=\"wp-block-post-featured-image\"><a href=\"https:\/\/www.greenpeace.org\/turkey\/blog\/saygimiz-sonsuz-turkiyenin-en-yasli-agaclari\/\" target=\"_self\"  ><img loading=\"lazy\" decoding=\"async\" width=\"1022\" height=\"566\" src=\"https:\/\/www.greenpeace.org\/static\/planet4-turkey-stateless\/2021\/06\/8471e69c-4-2-konya-ardic.png\" class=\"attachment-post-thumbnail size-post-thumbnail wp-post-image wp-stateless-item\" alt=\"Sayg\u0131m\u0131z sonsuz: T\u00fcrkiye\u2019nin en ya\u015fl\u0131 a\u011fa\u00e7lar\u0131\" style=\"object-fit:cover;\" srcset=\"https:\/\/www.greenpeace.org\/static\/planet4-turkey-stateless\/2021\/06\/8471e69c-4-2-konya-ardic.png 1022w, https:\/\/www.greenpeace.org\/static\/planet4-turkey-stateless\/2021\/06\/8471e69c-4-2-konya-ardic-300x166.png 300w, https:\/\/www.greenpeace.org\/static\/planet4-turkey-stateless\/2021\/06\/8471e69c-4-2-konya-ardic-768x425.png 768w, https:\/\/www.greenpeace.org\/static\/planet4-turkey-stateless\/2021\/06\/8471e69c-4-2-konya-ardic-510x282.png 510w\" sizes=\"auto, (max-width: 1022px) 100vw, 1022px\" data-image-size=\"post-thumbnail\" data-stateless-media-bucket=\"planet4-turkey-stateless\" data-stateless-media-name=\"2021\/06\/8471e69c-4-2-konya-ardic.png\" \/><\/a><\/figure>\n\n        <div class=\"wp-block-group is-layout-flow wp-block-group-is-layout-flow\">\n                <div class=\"wp-block-group is-layout-flex wp-block-group-is-layout-flex\"><div class=\"wp-block-post-terms\"><a href=\"https:\/\/www.greenpeace.org\/turkey\/category\/uncategorized\/\">Uncategorized<\/a><\/div>\n                <div class=\"taxonomy-post_tag wp-block-post-terms\"><a href=\"https:\/\/www.greenpeace.org\/turkey\/tag\/yesil-blog\/\" rel=\"tag\">Ye\u015fil Blog<\/a><\/div>\n                \n                <\/div>\n                \n        <h3 class=\"wp-block-post-title\"><a href=\"https:\/\/www.greenpeace.org\/turkey\/blog\/saygimiz-sonsuz-turkiyenin-en-yasli-agaclari\/\" target=\"_self\" >Sayg\u0131m\u0131z sonsuz: T\u00fcrkiye\u2019nin en ya\u015fl\u0131 a\u011fa\u00e7lar\u0131<\/a><\/h3>\n        <div class=\"wp-block-post-excerpt\"><p class=\"wp-block-post-excerpt__excerpt\">Bug\u00fcn en g\u00fczel k\u0131yafetlerimizi giyiyoruz ve 4115 ya\u015f\u0131ndaki b\u00fcy\u00fc\u011f\u00fcm\u00fczden ba\u015flayarak T\u00fcrkiye&#8217;nin en ya\u015fl\u0131 a\u011fa\u00e7lar\u0131n\u0131 \u00f6\u011freniyoruz. <\/p><\/div>\n        \n        <div class=\"wp-block-group posts-list-meta is-layout-flow wp-block-group-is-layout-flow\"><span class='article-list-item-author'><a href='https:\/\/www.greenpeace.org\/turkey\/author\/yesil-blog\/'>Ye\u015fil Blog<\/a><\/span>\n        <div class=\"wp-block-post-date\"><time datetime=\"2021-06-16T17:38:04+03:00\">16 Haziran 2021<\/time><\/div>\n        \n        <\/div>\n        <\/div>\n        <\/div>\n\n            <\/li><\/ul>\n\n    \n<div class=\"wp-block-buttons carousel-controls is-horizontal is-content-justification-space-between is-nowrap is-layout-flex wp-container-core-buttons-is-layout-044bd602 wp-block-buttons-is-layout-flex\">\n            <div class=\"wp-block-button carousel-control-prev\"><button type=\"button\" class=\"wp-block-button__link wp-element-button\">Prev<\/button><\/div>\n        \n\n            <div class=\"wp-block-button carousel-control-next\"><button type=\"button\" class=\"wp-block-button__link wp-element-button\">Next<\/button><\/div>\n        <\/div>\n\n\n    <li class=\" wp-block-navigation-item see-all-link wp-block-navigation-link\"><a class=\"wp-block-navigation-item__content\"  href=\"http:\/\/www.greenpeace.org\/turkey\/news-stories\/?tag=yesil-blog\"><span class=\"wp-block-navigation-item__label\">See all stories<\/span><\/a><\/li><\/div>\n    \n    <div class=\"wp-block-query posts-list p4-query-loop is-custom-layout-grid is-layout-grid wp-container-core-query-is-layout-b8bb0bd1 wp-block-query-is-layout-grid\">\n        <div class=\"wp-block-group is-content-justification-space-between is-layout-flex wp-container-core-group-is-layout-3d213aab wp-block-group-is-layout-flex\"><h2 class=\"wp-block-heading\">Publications<\/h2>\n        <li class=\" wp-block-navigation-item see-all-link wp-block-navigation-link\"><a class=\"wp-block-navigation-item__content\"  href=\"http:\/\/www.greenpeace.org\/turkey\/news-stories\/?tag=yesil-blog&#038;post-type=\"><span class=\"wp-block-navigation-item__label\">See all stories<\/span><\/a><\/li>\n        \n        <\/div>\n        \n\n    <p style=\"margin-top: 24px; margin-bottom: 36px;\"><\/p>\n\n    <div class=\"wp-block-query-no-results\">\n        <p style=\"\">No posts found.<\/p>\n        <\/div>\n\n    \n\n    \n<div class=\"wp-block-buttons carousel-controls is-horizontal is-content-justification-space-between is-nowrap is-layout-flex wp-container-core-buttons-is-layout-044bd602 wp-block-buttons-is-layout-flex\">\n            <div class=\"wp-block-button carousel-control-prev\"><button type=\"button\" class=\"wp-block-button__link wp-element-button\">Prev<\/button><\/div>\n        \n\n            <div class=\"wp-block-button carousel-control-next\"><button type=\"button\" class=\"wp-block-button__link wp-element-button\">Next<\/button><\/div>\n        <\/div>\n\n\n    <li class=\" wp-block-navigation-item see-all-link wp-block-navigation-link\"><a class=\"wp-block-navigation-item__content\"  href=\"http:\/\/www.greenpeace.org\/turkey\/news-stories\/?tag=yesil-blog&#038;post-type=\"><span class=\"wp-block-navigation-item__label\">See all stories<\/span><\/a><\/li><\/div>\n    <div data-render=\"planet4-blocks\/happypoint\" data-attributes=\"{&quot;attributes&quot;:{&quot;mailing_list_iframe&quot;:true,&quot;id&quot;:5679,&quot;opacity&quot;:30,&quot;override_default_content&quot;:false,&quot;local_content_provider&quot;:&quot;none&quot;}}\"><\/div>","protected":false},"excerpt":{"rendered":"","protected":false},"author":25,"featured_media":0,"parent":0,"menu_order":0,"comment_status":"closed","ping_status":"closed","template":"","meta":{"ep_exclude_from_search":false,"p4_hide_page_title_checkbox":"","p4_title":"","p4_subtitle":"","p4_description":"","background_image_id":"","background_image":"","p4_button_title":"","p4_button_link":"","p4_button_link_checkbox":"","p4_og_title":"","p4_og_description":"","p4_og_image":"","p4_og_image_id":"","p4_seo_canonical_url":"","p4_campaign_name":"not set","p4_local_project":"not set","p4_basket_name":"not set","p4_department":"","footnotes":""},"categories":[],"tags":[],"class_list":["post-5780","page","type-page","status-publish","hentry"],"_links":{"self":[{"href":"https:\/\/www.greenpeace.org\/turkey\/wp-json\/wp\/v2\/pages\/5780","targetHints":{"allow":["GET"]}}],"collection":[{"href":"https:\/\/www.greenpeace.org\/turkey\/wp-json\/wp\/v2\/pages"}],"about":[{"href":"https:\/\/www.greenpeace.org\/turkey\/wp-json\/wp\/v2\/types\/page"}],"author":[{"embeddable":true,"href":"https:\/\/www.greenpeace.org\/turkey\/wp-json\/wp\/v2\/users\/25"}],"replies":[{"embeddable":true,"href":"https:\/\/www.greenpeace.org\/turkey\/wp-json\/wp\/v2\/comments?post=5780"}],"version-history":[{"count":14,"href":"https:\/\/www.greenpeace.org\/turkey\/wp-json\/wp\/v2\/pages\/5780\/revisions"}],"predecessor-version":[{"id":10033,"href":"https:\/\/www.greenpeace.org\/turkey\/wp-json\/wp\/v2\/pages\/5780\/revisions\/10033"}],"wp:attachment":[{"href":"https:\/\/www.greenpeace.org\/turkey\/wp-json\/wp\/v2\/media?parent=5780"}],"wp:term":[{"taxonomy":"category","embeddable":true,"href":"https:\/\/www.greenpeace.org\/turkey\/wp-json\/wp\/v2\/categories?post=5780"},{"taxonomy":"post_tag","embeddable":true,"href":"https:\/\/www.greenpeace.org\/turkey\/wp-json\/wp\/v2\/tags?post=5780"}],"curies":[{"name":"wp","href":"https:\/\/api.w.org\/{rel}","templated":true}]}}