{"id":60,"date":"2018-05-09T13:35:15","date_gmt":"2018-05-09T13:35:15","guid":{"rendered":"https:\/\/k8s.p4.greenpeace.org\/defaultcontent\/?page_id=60"},"modified":"2025-09-23T13:06:54","modified_gmt":"2025-09-23T10:06:54","slug":"enerji","status":"publish","type":"page","link":"https:\/\/www.greenpeace.org\/turkey\/kesfet\/enerji\/","title":{"rendered":"Enerji"},"content":{"rendered":"\n                    <div class=\"wp-block-group is-vertical is-layout-flex wp-container-core-group-is-layout-8cf370e7 wp-block-group-is-layout-flex\">\n                    \n\n                    \n                    <\/div>\n                    <div data-hydrate=\"planet4-blocks\/gallery\" data-attributes=\"{&quot;attributes&quot;:{&quot;gallery_block_style&quot;:2,&quot;gallery_block_title&quot;:&quot;Vizyonumuz&quot;,&quot;gallery_block_description&quot;:&quot;Kirli enerji projelerine son vermek i\\u00e7in m\\u00fccadele ediyor, fosil yak\\u0131t \\u015firketlerinin g\\u00fcc\\u00fcne meydan okuyoruz. Kirli ve tehlikeli enerji kaynaklar\\u0131na kar\\u015f\\u0131 \\u00e7\\u0131k\\u0131yor,  enerji ihtiya\\u00e7lar\\u0131n\\u0131n kar\\u015f\\u0131lanmas\\u0131 i\\u00e7in yenilenebilir enerji talep ediyoruz. K\\u0131sacas\\u0131, gezegenimizin gelece\\u011fini savunuyoruz...&quot;,&quot;multiple_image&quot;:&quot;1278,653,1286&quot;,&quot;gallery_block_focus_points&quot;:&quot;{u0022653u0022:u00220% 0%u0022,u00221278u0022:u00220% 0%u0022,u00221286u0022:u00220% 0%u0022}&quot;,&quot;image_data&quot;:[{&quot;url&quot;:&quot;https:\\\/\\\/www.greenpeace.org\\\/static\\\/planet4-turkey-stateless\\\/2019\\\/09\\\/73d63c5b-gp0stt3kp.jpg&quot;,&quot;focalPoint&quot;:{&quot;x&quot;:0,&quot;y&quot;:0},&quot;id&quot;:&quot;653&quot;},{&quot;url&quot;:&quot;https:\\\/\\\/www.greenpeace.org\\\/static\\\/planet4-turkey-stateless\\\/2019\\\/09\\\/f8b73bb2-gp0stsxzj.jpg&quot;,&quot;focalPoint&quot;:{&quot;x&quot;:0,&quot;y&quot;:0},&quot;id&quot;:&quot;1278&quot;},{&quot;url&quot;:&quot;https:\\\/\\\/www.greenpeace.org\\\/static\\\/planet4-turkey-stateless\\\/2019\\\/09\\\/96279c5f-gp036dw.jpg&quot;,&quot;focalPoint&quot;:{&quot;x&quot;:0,&quot;y&quot;:0},&quot;id&quot;:&quot;1286&quot;}],&quot;images&quot;:[{&quot;image_src&quot;:&quot;https:\\\/\\\/www.greenpeace.org\\\/static\\\/planet4-turkey-stateless\\\/2019\\\/09\\\/f8b73bb2-gp0stsxzj-768x512.jpg&quot;,&quot;image_srcset&quot;:&quot;https:\\\/\\\/www.greenpeace.org\\\/static\\\/planet4-turkey-stateless\\\/2019\\\/09\\\/f8b73bb2-gp0stsxzj-768x512.jpg 768w, https:\\\/\\\/www.greenpeace.org\\\/static\\\/planet4-turkey-stateless\\\/2019\\\/09\\\/f8b73bb2-gp0stsxzj-300x200.jpg 300w, https:\\\/\\\/www.greenpeace.org\\\/static\\\/planet4-turkey-stateless\\\/2019\\\/09\\\/f8b73bb2-gp0stsxzj-1024x683.jpg 1024w, https:\\\/\\\/www.greenpeace.org\\\/static\\\/planet4-turkey-stateless\\\/2019\\\/09\\\/f8b73bb2-gp0stsxzj-510x340.jpg 510w, https:\\\/\\\/www.greenpeace.org\\\/static\\\/planet4-turkey-stateless\\\/2019\\\/09\\\/f8b73bb2-gp0stsxzj.jpg 1200w&quot;,&quot;image_sizes&quot;:&quot;(max-width: 768px) 100vw, 768px&quot;,&quot;alt_text&quot;:&quot;Coal-fired Power Plant in Turkey. \\u00a9 Caner Ozkan \\\/ Greenpeace&quot;,&quot;caption&quot;:&quot;&quot;,&quot;focus_image&quot;:&quot;&quot;,&quot;credits&quot;:&quot;&quot;},{&quot;image_src&quot;:&quot;https:\\\/\\\/www.greenpeace.org\\\/static\\\/planet4-turkey-stateless\\\/2019\\\/09\\\/73d63c5b-gp0stt3kp-768x496.jpg&quot;,&quot;image_srcset&quot;:&quot;https:\\\/\\\/www.greenpeace.org\\\/static\\\/planet4-turkey-stateless\\\/2019\\\/09\\\/73d63c5b-gp0stt3kp-768x496.jpg 768w, https:\\\/\\\/www.greenpeace.org\\\/static\\\/planet4-turkey-stateless\\\/2019\\\/09\\\/73d63c5b-gp0stt3kp-300x194.jpg 300w, https:\\\/\\\/www.greenpeace.org\\\/static\\\/planet4-turkey-stateless\\\/2019\\\/09\\\/73d63c5b-gp0stt3kp-1024x661.jpg 1024w, https:\\\/\\\/www.greenpeace.org\\\/static\\\/planet4-turkey-stateless\\\/2019\\\/09\\\/73d63c5b-gp0stt3kp-510x329.jpg 510w, https:\\\/\\\/www.greenpeace.org\\\/static\\\/planet4-turkey-stateless\\\/2019\\\/09\\\/73d63c5b-gp0stt3kp.jpg 1200w&quot;,&quot;image_sizes&quot;:&quot;(max-width: 768px) 100vw, 768px&quot;,&quot;alt_text&quot;:&quot;Projection onto Coal Power Plant in Turkey. \\u00a9 Caner Ozkan \\\/ Greenpeace&quot;,&quot;caption&quot;:&quot;&quot;,&quot;focus_image&quot;:&quot;&quot;,&quot;credits&quot;:&quot;&quot;},{&quot;image_src&quot;:&quot;https:\\\/\\\/www.greenpeace.org\\\/static\\\/planet4-turkey-stateless\\\/2019\\\/09\\\/96279c5f-gp036dw-768x712.jpg&quot;,&quot;image_srcset&quot;:&quot;https:\\\/\\\/www.greenpeace.org\\\/static\\\/planet4-turkey-stateless\\\/2019\\\/09\\\/96279c5f-gp036dw-768x712.jpg 768w, https:\\\/\\\/www.greenpeace.org\\\/static\\\/planet4-turkey-stateless\\\/2019\\\/09\\\/96279c5f-gp036dw-300x278.jpg 300w, https:\\\/\\\/www.greenpeace.org\\\/static\\\/planet4-turkey-stateless\\\/2019\\\/09\\\/96279c5f-gp036dw-1024x949.jpg 1024w, https:\\\/\\\/www.greenpeace.org\\\/static\\\/planet4-turkey-stateless\\\/2019\\\/09\\\/96279c5f-gp036dw-367x340.jpg 367w, https:\\\/\\\/www.greenpeace.org\\\/static\\\/planet4-turkey-stateless\\\/2019\\\/09\\\/96279c5f-gp036dw.jpg 1200w&quot;,&quot;image_sizes&quot;:&quot;(max-width: 768px) 100vw, 768px&quot;,&quot;alt_text&quot;:&quot;Renewable Energy Farm in Germany. \\u00a9 Paul Langrock \\\/ Zenit \\\/ Greenpeace&quot;,&quot;caption&quot;:&quot;Renewable energy facilities on a former US-base in Morbach. Mixture of wind, biomass and solar power run by the JuWi Group.  A Vestas windmill and photovoltaic facilities.&quot;,&quot;focus_image&quot;:&quot;&quot;,&quot;credits&quot;:&quot;\\u00a9 Paul Langrock \\\/ Zenit \\\/ Greenpeace&quot;}]}}\"><section class=\"block split-three-column \"><header><h2 class=\"page-section-header\">Vizyonumuz<\/h2><\/header><p class=\"page-section-description\">Kirli enerji projelerine son vermek i\u00e7in m\u00fccadele ediyor, fosil yak\u0131t \u015firketlerinin g\u00fcc\u00fcne meydan okuyoruz. Kirli ve tehlikeli enerji kaynaklar\u0131na kar\u015f\u0131 \u00e7\u0131k\u0131yor,  enerji ihtiya\u00e7lar\u0131n\u0131n kar\u015f\u0131lanmas\u0131 i\u00e7in yenilenebilir enerji talep ediyoruz. K\u0131sacas\u0131, gezegenimizin gelece\u011fini savunuyoruz&#8230;<\/p><\/section><\/div><div data-render=\"planet4-blocks\/columns\" data-attributes=\"{&quot;attributes&quot;:{&quot;columns_block_style&quot;:&quot;image&quot;,&quot;columns_title&quot;:&quot;Kampanyalar&quot;,&quot;className&quot;:&quot;is-style-image&quot;,&quot;columns_description&quot;:&quot;&quot;,&quot;columns&quot;:[{&quot;attachment&quot;:&quot;https:\\\/\\\/www.greenpeace.org\\\/static\\\/planet4-turkey-stateless\\\/2020\\\/03\\\/f7e6e67e-hava-kirliligi-p4.jpg&quot;,&quot;title&quot;:&quot;#Hava Kirlili\\u011fi&quot;,&quot;cta_link&quot;:&quot;http:\\\/\\\/www.greenpeace.org\\\/turkey\\\/tag\\\/hava-kirliligi\\\/&quot;,&quot;attachment_srcset&quot;:false},{&quot;attachment&quot;:&quot;https:\\\/\\\/www.greenpeace.org\\\/static\\\/planet4-turkey-stateless\\\/2019\\\/09\\\/6def6ff9-gp02vcj-510x332.jpg&quot;,&quot;title&quot;:&quot;#N\\u00fckleer&quot;,&quot;cta_link&quot;:&quot;http:\\\/\\\/www.greenpeace.org\\\/turkey\\\/tag\\\/nukleer\\\/&quot;,&quot;attachment_srcset&quot;:&quot;https:\\\/\\\/www.greenpeace.org\\\/static\\\/planet4-turkey-stateless\\\/2019\\\/09\\\/6def6ff9-gp02vcj-510x332.jpg 510w, https:\\\/\\\/www.greenpeace.org\\\/static\\\/planet4-turkey-stateless\\\/2019\\\/09\\\/6def6ff9-gp02vcj-300x196.jpg 300w, https:\\\/\\\/www.greenpeace.org\\\/static\\\/planet4-turkey-stateless\\\/2019\\\/09\\\/6def6ff9-gp02vcj-768x500.jpg 768w, https:\\\/\\\/www.greenpeace.org\\\/static\\\/planet4-turkey-stateless\\\/2019\\\/09\\\/6def6ff9-gp02vcj-1024x667.jpg 1024w, https:\\\/\\\/www.greenpeace.org\\\/static\\\/planet4-turkey-stateless\\\/2019\\\/09\\\/6def6ff9-gp02vcj.jpg 1200w&quot;},{&quot;attachment&quot;:&quot;https:\\\/\\\/www.greenpeace.org\\\/static\\\/planet4-turkey-stateless\\\/2018\\\/10\\\/992a0a68-renewables-f96fc1d0-gp03bmg_pressmedia-510x340.jpg&quot;,&quot;title&quot;:&quot;#Yenilenebilir Enerji&quot;,&quot;cta_link&quot;:&quot;http:\\\/\\\/www.greenpeace.org\\\/turkey\\\/tag\\\/yenilenebilir-enerji\\\/&quot;,&quot;attachment_srcset&quot;:&quot;https:\\\/\\\/www.greenpeace.org\\\/static\\\/planet4-turkey-stateless\\\/2018\\\/10\\\/992a0a68-renewables-f96fc1d0-gp03bmg_pressmedia-510x340.jpg 510w, https:\\\/\\\/www.greenpeace.org\\\/static\\\/planet4-turkey-stateless\\\/2018\\\/10\\\/992a0a68-renewables-f96fc1d0-gp03bmg_pressmedia-300x200.jpg 300w, https:\\\/\\\/www.greenpeace.org\\\/static\\\/planet4-turkey-stateless\\\/2018\\\/10\\\/992a0a68-renewables-f96fc1d0-gp03bmg_pressmedia-768x511.jpg 768w, https:\\\/\\\/www.greenpeace.org\\\/static\\\/planet4-turkey-stateless\\\/2018\\\/10\\\/992a0a68-renewables-f96fc1d0-gp03bmg_pressmedia-1024x682.jpg 1024w, https:\\\/\\\/www.greenpeace.org\\\/static\\\/planet4-turkey-stateless\\\/2018\\\/10\\\/992a0a68-renewables-f96fc1d0-gp03bmg_pressmedia-2048x1363.jpg 2048w&quot;},{&quot;attachment&quot;:&quot;https:\\\/\\\/www.greenpeace.org\\\/static\\\/planet4-turkey-stateless\\\/2019\\\/09\\\/f8b73bb2-gp0stsxzj-510x340.jpg&quot;,&quot;title&quot;:&quot;#K\\u00f6m\\u00fcr&quot;,&quot;cta_link&quot;:&quot;http:\\\/\\\/www.greenpeace.org\\\/turkey\\\/tag\\\/komur\\\/&quot;,&quot;attachment_srcset&quot;:&quot;https:\\\/\\\/www.greenpeace.org\\\/static\\\/planet4-turkey-stateless\\\/2019\\\/09\\\/f8b73bb2-gp0stsxzj-510x340.jpg 510w, https:\\\/\\\/www.greenpeace.org\\\/static\\\/planet4-turkey-stateless\\\/2019\\\/09\\\/f8b73bb2-gp0stsxzj-300x200.jpg 300w, https:\\\/\\\/www.greenpeace.org\\\/static\\\/planet4-turkey-stateless\\\/2019\\\/09\\\/f8b73bb2-gp0stsxzj-768x512.jpg 768w, https:\\\/\\\/www.greenpeace.org\\\/static\\\/planet4-turkey-stateless\\\/2019\\\/09\\\/f8b73bb2-gp0stsxzj-1024x683.jpg 1024w, https:\\\/\\\/www.greenpeace.org\\\/static\\\/planet4-turkey-stateless\\\/2019\\\/09\\\/f8b73bb2-gp0stsxzj.jpg 1200w&quot;}]}}\"><\/div>\n    <div class=\"wp-block-query posts-list p4-query-loop is-custom-layout-list is-layout-flow wp-block-query-is-layout-flow\">\n        <div class=\"wp-block-group is-content-justification-space-between is-layout-flex wp-container-core-group-is-layout-3d213aab wp-block-group-is-layout-flex\"><h2 class=\"wp-block-heading\">Son Yaz\u0131lar<\/h2>\n        <li class=\" wp-block-navigation-item see-all-link wp-block-navigation-link\"><a class=\"wp-block-navigation-item__content\"  href=\"http:\/\/www.greenpeace.org\/turkey\/news-stories\/?tag=iklim-degisikligi\"><span class=\"wp-block-navigation-item__label\">See all stories<\/span><\/a><\/li>\n        \n        <\/div>\n        \n\n    <p style=\"margin-top: 24px; margin-bottom: 36px;\"><\/p>\n\n    \n\n    <ul class=\"wp-block-post-template is-layout-flow wp-block-post-template-is-layout-flow\"><li class=\"wp-block-post post-9992 post type-post status-publish format-standard has-post-thumbnail hentry category-sorunlar-ve-cozumler category-iklim-adaleti tag-yenilenebilir-enerji tag-iklim-adaleti p4-page-type-blog\">\n            \n<div class=\"wp-block-columns is-layout-flex wp-container-core-columns-is-layout-9d6595d7 wp-block-columns-is-layout-flex\"><figure class=\"wp-block-post-featured-image\"><a href=\"https:\/\/www.greenpeace.org\/turkey\/blog\/gunesi-havaya-ucuramazsiniz-260312\/\" target=\"_self\"  ><img loading=\"lazy\" decoding=\"async\" width=\"1200\" height=\"899\" src=\"https:\/\/www.greenpeace.org\/static\/planet4-turkey-stateless\/2026\/03\/e655d71e-gp0stravk.jpg\" class=\"attachment-post-thumbnail size-post-thumbnail wp-post-image wp-stateless-item\" alt=\"G\u00fcne\u015fi havaya u\u00e7uramazs\u0131n\u0131z: Yenilenebilir enerji kaynaklar\u0131n\u0131n g\u00fcvenlik a\u00e7\u0131s\u0131ndan zorunlu olmas\u0131n\u0131n 4 nedeni\" style=\"object-fit:cover;\" srcset=\"https:\/\/www.greenpeace.org\/static\/planet4-turkey-stateless\/2026\/03\/e655d71e-gp0stravk.jpg 1200w, https:\/\/www.greenpeace.org\/static\/planet4-turkey-stateless\/2026\/03\/e655d71e-gp0stravk-300x225.jpg 300w, https:\/\/www.greenpeace.org\/static\/planet4-turkey-stateless\/2026\/03\/e655d71e-gp0stravk-1024x767.jpg 1024w, https:\/\/www.greenpeace.org\/static\/planet4-turkey-stateless\/2026\/03\/e655d71e-gp0stravk-768x575.jpg 768w, https:\/\/www.greenpeace.org\/static\/planet4-turkey-stateless\/2026\/03\/e655d71e-gp0stravk-454x340.jpg 454w\" sizes=\"auto, (max-width: 1200px) 100vw, 1200px\" data-image-size=\"post-thumbnail\" data-stateless-media-bucket=\"planet4-turkey-stateless\" data-stateless-media-name=\"2026\/03\/e655d71e-gp0stravk.jpg\" \/><\/a><\/figure>\n\n        <div class=\"wp-block-group is-layout-flow wp-block-group-is-layout-flow\">\n                <div class=\"wp-block-group is-layout-flex wp-block-group-is-layout-flex\"><div class=\"wp-block-post-terms\"><a href=\"https:\/\/www.greenpeace.org\/turkey\/category\/sorunlar-ve-cozumler\/\">\u00c7al\u0131\u015ft\u0131\u011f\u0131m\u0131z Alanlar<\/a><\/div>\n                <div class=\"taxonomy-post_tag wp-block-post-terms\"><a href=\"https:\/\/www.greenpeace.org\/turkey\/tag\/yenilenebilir-enerji\/\" rel=\"tag\">Yenilenebilir Enerji<\/a><span class=\"wp-block-post-terms__separator\"> <\/span><a href=\"https:\/\/www.greenpeace.org\/turkey\/tag\/iklim-adaleti\/\" rel=\"tag\">\u0130klim Adaleti<\/a><\/div>\n                \n                <\/div>\n                \n        <h3 class=\"wp-block-post-title\"><a href=\"https:\/\/www.greenpeace.org\/turkey\/blog\/gunesi-havaya-ucuramazsiniz-260312\/\" target=\"_self\" >G\u00fcne\u015fi havaya u\u00e7uramazs\u0131n\u0131z: Yenilenebilir enerji kaynaklar\u0131n\u0131n g\u00fcvenlik a\u00e7\u0131s\u0131ndan zorunlu olmas\u0131n\u0131n 4 nedeni<\/a><\/h3>\n        <div class=\"wp-block-post-excerpt\"><p class=\"wp-block-post-excerpt__excerpt\">Bu gezegende ge\u00e7irdi\u011fim k\u0131rk y\u0131l i\u00e7inde d\u00f6rd\u00fcnc\u00fc sava\u015f\u0131m\u0131 ya\u015f\u0131yorum. <\/p><\/div>\n        \n        <div class=\"wp-block-group posts-list-meta is-layout-flow wp-block-group-is-layout-flow\"><span class='article-list-item-author'>Julien Jreissati, Greenpeace Orta Do\u011fu ve Kuzey Afrika Program Direkt\u00f6r\u00fc\u00a0<\/span>\n        <div class=\"wp-block-post-date\"><time datetime=\"2026-03-12T11:37:08+03:00\">12 Mart 2026<\/time><\/div>\n        \n        <\/div>\n        <\/div>\n        <\/div>\n\n            <\/li><li class=\"wp-block-post post-9987 post type-post status-publish format-standard has-post-thumbnail hentry category-sorunlar-ve-cozumler category-enerji tag-nukleer p4-page-type-blog\">\n            \n<div class=\"wp-block-columns is-layout-flex wp-container-core-columns-is-layout-9d6595d7 wp-block-columns-is-layout-flex\"><figure class=\"wp-block-post-featured-image\"><a href=\"https:\/\/www.greenpeace.org\/turkey\/blog\/fukusima-nukleer-felaketinin-15-yili-260311\/\" target=\"_self\"  ><img loading=\"lazy\" decoding=\"async\" width=\"1200\" height=\"810\" src=\"https:\/\/www.greenpeace.org\/static\/planet4-turkey-stateless\/2026\/03\/c4e0e07f-gp02bh0.jpg\" class=\"attachment-post-thumbnail size-post-thumbnail wp-post-image wp-stateless-item\" alt=\"Fuku\u015fima n\u00fckleer felaketinin 15. y\u0131l\u0131: Fosilden \u00e7\u0131k\u0131\u015f\u0131n alternatifi n\u00fckleer de\u011fil\" style=\"object-fit:cover;\" srcset=\"https:\/\/www.greenpeace.org\/static\/planet4-turkey-stateless\/2026\/03\/c4e0e07f-gp02bh0.jpg 1200w, https:\/\/www.greenpeace.org\/static\/planet4-turkey-stateless\/2026\/03\/c4e0e07f-gp02bh0-300x203.jpg 300w, https:\/\/www.greenpeace.org\/static\/planet4-turkey-stateless\/2026\/03\/c4e0e07f-gp02bh0-1024x691.jpg 1024w, https:\/\/www.greenpeace.org\/static\/planet4-turkey-stateless\/2026\/03\/c4e0e07f-gp02bh0-768x518.jpg 768w, https:\/\/www.greenpeace.org\/static\/planet4-turkey-stateless\/2026\/03\/c4e0e07f-gp02bh0-504x340.jpg 504w\" sizes=\"auto, (max-width: 1200px) 100vw, 1200px\" data-image-size=\"post-thumbnail\" data-stateless-media-bucket=\"planet4-turkey-stateless\" data-stateless-media-name=\"2026\/03\/c4e0e07f-gp02bh0.jpg\" \/><\/a><\/figure>\n\n        <div class=\"wp-block-group is-layout-flow wp-block-group-is-layout-flow\">\n                <div class=\"wp-block-group is-layout-flex wp-block-group-is-layout-flex\"><div class=\"wp-block-post-terms\"><a href=\"https:\/\/www.greenpeace.org\/turkey\/category\/sorunlar-ve-cozumler\/\">\u00c7al\u0131\u015ft\u0131\u011f\u0131m\u0131z Alanlar<\/a><\/div>\n                <div class=\"taxonomy-post_tag wp-block-post-terms\"><a href=\"https:\/\/www.greenpeace.org\/turkey\/tag\/nukleer\/\" rel=\"tag\">N\u00fckleer<\/a><\/div>\n                \n                <\/div>\n                \n        <h3 class=\"wp-block-post-title\"><a href=\"https:\/\/www.greenpeace.org\/turkey\/blog\/fukusima-nukleer-felaketinin-15-yili-260311\/\" target=\"_self\" >Fuku\u015fima n\u00fckleer felaketinin 15. y\u0131l\u0131: Fosilden \u00e7\u0131k\u0131\u015f\u0131n alternatifi n\u00fckleer de\u011fil<\/a><\/h3>\n        <div class=\"wp-block-post-excerpt\"><p class=\"wp-block-post-excerpt__excerpt\">11 Mart 2026, \u0130stanbul &#8211; Fuku\u015fima n\u00fckleer felaketinin \u00fczerinden 15 y\u0131l ge\u00e7ti. Japonya&#8217;n\u0131n kuzeydo\u011fu b\u00f6lgesini y\u0131k\u0131ma u\u011fratan B\u00fcy\u00fck Do\u011fu Japonya Depremi ve Fuku\u015fima Daiichi n\u00fckleer felaketinin izleri 15. y\u0131lda da&hellip; <\/p><\/div>\n        \n        <div class=\"wp-block-group posts-list-meta is-layout-flow wp-block-group-is-layout-flow\"><span class='article-list-item-author'><a href='https:\/\/www.greenpeace.org\/turkey\/author\/bececeli\/'>Greenpeace T\u00fcrkiye<\/a><\/span>\n        <div class=\"wp-block-post-date\"><time datetime=\"2026-03-11T10:23:29+03:00\">11 Mart 2026<\/time><\/div>\n        \n        <\/div>\n        <\/div>\n        <\/div>\n\n            <\/li><li class=\"wp-block-post post-9983 post type-post status-publish format-standard has-post-thumbnail hentry category-sorunlar-ve-cozumler category-enerji tag-nukleer p4-page-type-basin-bultenleri\">\n            \n<div class=\"wp-block-columns is-layout-flex wp-container-core-columns-is-layout-9d6595d7 wp-block-columns-is-layout-flex\"><figure class=\"wp-block-post-featured-image\"><a href=\"https:\/\/www.greenpeace.org\/turkey\/basin-bultenleri\/fukusima-nukleer-felaketinin-15-yili\/\" target=\"_self\"  ><img loading=\"lazy\" decoding=\"async\" width=\"1200\" height=\"810\" src=\"https:\/\/www.greenpeace.org\/static\/planet4-turkey-stateless\/2026\/03\/c4e0e07f-gp02bh0.jpg\" class=\"attachment-post-thumbnail size-post-thumbnail wp-post-image wp-stateless-item\" alt=\"Fuku\u015fima N\u00fckleer Felaketinin 15. Y\u0131l\u0131: Fosilden \u00c7\u0131k\u0131\u015f\u0131n Alternatifi N\u00fckleer De\u011fil\" style=\"object-fit:cover;\" srcset=\"https:\/\/www.greenpeace.org\/static\/planet4-turkey-stateless\/2026\/03\/c4e0e07f-gp02bh0.jpg 1200w, https:\/\/www.greenpeace.org\/static\/planet4-turkey-stateless\/2026\/03\/c4e0e07f-gp02bh0-300x203.jpg 300w, https:\/\/www.greenpeace.org\/static\/planet4-turkey-stateless\/2026\/03\/c4e0e07f-gp02bh0-1024x691.jpg 1024w, https:\/\/www.greenpeace.org\/static\/planet4-turkey-stateless\/2026\/03\/c4e0e07f-gp02bh0-768x518.jpg 768w, https:\/\/www.greenpeace.org\/static\/planet4-turkey-stateless\/2026\/03\/c4e0e07f-gp02bh0-504x340.jpg 504w\" sizes=\"auto, (max-width: 1200px) 100vw, 1200px\" data-image-size=\"post-thumbnail\" data-stateless-media-bucket=\"planet4-turkey-stateless\" data-stateless-media-name=\"2026\/03\/c4e0e07f-gp02bh0.jpg\" \/><\/a><\/figure>\n\n        <div class=\"wp-block-group is-layout-flow wp-block-group-is-layout-flow\">\n                <div class=\"wp-block-group is-layout-flex wp-block-group-is-layout-flex\"><div class=\"wp-block-post-terms\"><a href=\"https:\/\/www.greenpeace.org\/turkey\/category\/sorunlar-ve-cozumler\/\">\u00c7al\u0131\u015ft\u0131\u011f\u0131m\u0131z Alanlar<\/a><\/div>\n                <div class=\"taxonomy-post_tag wp-block-post-terms\"><a href=\"https:\/\/www.greenpeace.org\/turkey\/tag\/nukleer\/\" rel=\"tag\">N\u00fckleer<\/a><\/div>\n                \n                <\/div>\n                \n        <h3 class=\"wp-block-post-title\"><a href=\"https:\/\/www.greenpeace.org\/turkey\/basin-bultenleri\/fukusima-nukleer-felaketinin-15-yili\/\" target=\"_self\" >Fuku\u015fima N\u00fckleer Felaketinin 15. Y\u0131l\u0131: Fosilden \u00c7\u0131k\u0131\u015f\u0131n Alternatifi N\u00fckleer De\u011fil<\/a><\/h3>\n        <div class=\"wp-block-post-excerpt\"><p class=\"wp-block-post-excerpt__excerpt\">11 Mart 2026, \u0130stanbul &#8211; Fuku\u015fima n\u00fckleer felaketinin \u00fczerinden 15 y\u0131l ge\u00e7ti. Japonya&#8217;n\u0131n kuzeydo\u011fu b\u00f6lgesini y\u0131k\u0131ma u\u011fratan B\u00fcy\u00fck Do\u011fu Japonya Depremi ve Fuku\u015fima Daiichi n\u00fckleer felaketinin izleri 15. y\u0131lda da&hellip; <\/p><\/div>\n        \n        <div class=\"wp-block-group posts-list-meta is-layout-flow wp-block-group-is-layout-flow\"><span class='article-list-item-author'><a href='https:\/\/www.greenpeace.org\/turkey\/author\/bececeli\/'>Greenpeace T\u00fcrkiye<\/a><\/span>\n        <div class=\"wp-block-post-date\"><time datetime=\"2026-03-11T10:20:47+03:00\">11 Mart 2026<\/time><\/div>\n        \n        <\/div>\n        <\/div>\n        <\/div>\n\n            <\/li><\/ul>\n\n    \n<div class=\"wp-block-buttons carousel-controls is-horizontal is-content-justification-space-between is-nowrap is-layout-flex wp-container-core-buttons-is-layout-044bd602 wp-block-buttons-is-layout-flex\">\n            <div class=\"wp-block-button carousel-control-prev\"><button type=\"button\" class=\"wp-block-button__link wp-element-button\">Prev<\/button><\/div>\n        \n\n            <div class=\"wp-block-button carousel-control-next\"><button type=\"button\" class=\"wp-block-button__link wp-element-button\">Next<\/button><\/div>\n        <\/div>\n\n\n    <li class=\" wp-block-navigation-item see-all-link wp-block-navigation-link\"><a class=\"wp-block-navigation-item__content\"  href=\"http:\/\/www.greenpeace.org\/turkey\/news-stories\/?tag=iklim-degisikligi\"><span class=\"wp-block-navigation-item__label\">See all stories<\/span><\/a><\/li><\/div>\n    ","protected":false},"excerpt":{"rendered":"","protected":false},"author":5,"featured_media":61,"parent":11,"menu_order":0,"comment_status":"closed","ping_status":"closed","template":"","meta":{"ep_exclude_from_search":false,"p4_hide_page_title_checkbox":"","p4_title":"","p4_subtitle":"","p4_description":"","background_image_id":"","background_image":"","p4_button_title":"","p4_button_link":"","p4_button_link_checkbox":"","p4_og_title":"","p4_og_description":"","p4_og_image":"","p4_og_image_id":"","p4_seo_canonical_url":"","p4_campaign_name":"not set","p4_local_project":"not set","p4_basket_name":"not set","p4_department":"","footnotes":""},"categories":[2],"tags":[7,27,32],"class_list":["post-60","page","type-page","status-publish","has-post-thumbnail","hentry","category-enerji","tag-yenilenebilir-enerji","tag-komur","tag-nukleer"],"_links":{"self":[{"href":"https:\/\/www.greenpeace.org\/turkey\/wp-json\/wp\/v2\/pages\/60","targetHints":{"allow":["GET"]}}],"collection":[{"href":"https:\/\/www.greenpeace.org\/turkey\/wp-json\/wp\/v2\/pages"}],"about":[{"href":"https:\/\/www.greenpeace.org\/turkey\/wp-json\/wp\/v2\/types\/page"}],"author":[{"embeddable":true,"href":"https:\/\/www.greenpeace.org\/turkey\/wp-json\/wp\/v2\/users\/5"}],"replies":[{"embeddable":true,"href":"https:\/\/www.greenpeace.org\/turkey\/wp-json\/wp\/v2\/comments?post=60"}],"version-history":[{"count":20,"href":"https:\/\/www.greenpeace.org\/turkey\/wp-json\/wp\/v2\/pages\/60\/revisions"}],"predecessor-version":[{"id":9599,"href":"https:\/\/www.greenpeace.org\/turkey\/wp-json\/wp\/v2\/pages\/60\/revisions\/9599"}],"up":[{"embeddable":true,"href":"https:\/\/www.greenpeace.org\/turkey\/wp-json\/wp\/v2\/pages\/11"}],"wp:featuredmedia":[{"embeddable":true,"href":"https:\/\/www.greenpeace.org\/turkey\/wp-json\/wp\/v2\/media\/61"}],"wp:attachment":[{"href":"https:\/\/www.greenpeace.org\/turkey\/wp-json\/wp\/v2\/media?parent=60"}],"wp:term":[{"taxonomy":"category","embeddable":true,"href":"https:\/\/www.greenpeace.org\/turkey\/wp-json\/wp\/v2\/categories?post=60"},{"taxonomy":"post_tag","embeddable":true,"href":"https:\/\/www.greenpeace.org\/turkey\/wp-json\/wp\/v2\/tags?post=60"}],"curies":[{"name":"wp","href":"https:\/\/api.w.org\/{rel}","templated":true}]}}