{"id":6669,"date":"2021-10-04T13:45:38","date_gmt":"2021-10-04T10:45:38","guid":{"rendered":"https:\/\/www.greenpeace.org\/turkey\/?page_id=6669"},"modified":"2025-07-02T10:43:01","modified_gmt":"2025-07-02T07:43:01","slug":"karar-alicilar-iklim-krizine-karsi-harekete-gecsin","status":"publish","type":"page","link":"https:\/\/www.greenpeace.org\/turkey\/karar-alicilar-iklim-krizine-karsi-harekete-gecsin\/","title":{"rendered":"Karar al\u0131c\u0131lar iklim krizine kar\u015f\u0131 harekete ge\u00e7sin"},"content":{"rendered":"\n                \n                <div class=\"wp-block-group alignfull is-layout-flow wp-block-group-is-layout-flow\">\n                \n                <div class=\"wp-block-group container is-layout-flow wp-block-group-is-layout-flow\">\n                \n                <div class=\"wp-block-media-text alignfull has-media-on-the-right is-stacked-on-mobile is-pattern-p4-page-header is-style-parallax\">\n\n                <div class=\"wp-block-media-text__content\">\n                    <div class=\"wp-block-group is-layout-flow wp-block-group-is-layout-flow\">\n                    \n                        <h1 class=\"wp-block-heading has-white-background-color has-background\">\n                            Karar al\u0131c\u0131lar iklim krizine kar\u015f\u0131 harekete ge\u00e7sin\n                        <\/h1>\n                    <\/div>\n                \n\n                \n\n                \n\n                <\/div>\n                <figure class=\"wp-block-media-text__media\">\n                    <img loading=\"lazy\" decoding=\"async\" width=\"1800\" height=\"1200\"\n                        src=\"https:\/\/www.greenpeace.org\/static\/planet4-turkey-stateless\/2021\/10\/70c0aec7-climate-crisis-gp-2021-2-.jpeg\"\n                        alt=\"\"\n                        sizes=\"auto, (min-width: 601px) 50vw, 100vw\" srcset=\"https:\/\/www.greenpeace.org\/static\/planet4-turkey-stateless\/2021\/10\/70c0aec7-climate-crisis-gp-2021-2-.jpeg 1800w, https:\/\/www.greenpeace.org\/static\/planet4-turkey-stateless\/2021\/10\/70c0aec7-climate-crisis-gp-2021-2--300x200.jpeg 300w, https:\/\/www.greenpeace.org\/static\/planet4-turkey-stateless\/2021\/10\/70c0aec7-climate-crisis-gp-2021-2--1024x683.jpeg 1024w, https:\/\/www.greenpeace.org\/static\/planet4-turkey-stateless\/2021\/10\/70c0aec7-climate-crisis-gp-2021-2--768x512.jpeg 768w, https:\/\/www.greenpeace.org\/static\/planet4-turkey-stateless\/2021\/10\/70c0aec7-climate-crisis-gp-2021-2--1536x1024.jpeg 1536w, https:\/\/www.greenpeace.org\/static\/planet4-turkey-stateless\/2021\/10\/70c0aec7-climate-crisis-gp-2021-2--510x340.jpeg 510w\" class=\"wp-image-6674 size-full\"\n                    \/>\n                <\/figure>\n                <\/div>\n                \n                <\/div>\n                \n                <\/div>\n                \n                <div data-render=\"planet4-blocks\/columns\" data-attributes=\"{&quot;attributes&quot;:{&quot;columns&quot;:[{&quot;title&quot;:&quot;&quot;,&quot;description&quot;:&quot;\\u0130klim krizi art\\u0131k gelecekteki bir tehdit de\\u011fil. \\u0130klim krizi burada, evimizde... E\\u015fi g\\u00f6r\\u00fclmemi\\u015f s\\u0131cak hava dalgalar\\u0131 ve orman yang\\u0131nlar\\u0131, \\u015fiddetli ya\\u011fmurlar ve seller, \\u00f6len deniz ya\\u015fam\\u0131, eriyen kutup buzlar\\u0131 ve \\u00e7\\u00f6ken ekosistemler iklim krizinin bir sonucu ve h\\u0131zla gereken \\u00f6nlemler al\\u0131nmazsa tehlikenin boyutlar\\u0131n\\u0131n d\\u00fc\\u015f\\u00fcnebilece\\u011fimizin de \\u00f6tesinde oldu\\u011funu g\\u00f6steriyor. Gelece\\u011fimizi, tercihlerimiz belirleyecek.&quot;,&quot;link_new_tab&quot;:false},{&quot;title&quot;:&quot;&quot;,&quot;description&quot;:&quot;Paris Anla\\u015fmas\\u0131\\u2019n\\u0131n 6. y\\u0131l\\u0131nda \\u015fiddeti ve say\\u0131s\\u0131 artan a\\u015f\\u0131r\\u0131 hava olaylar\\u0131 t\\u00fcm d\\u00fcnyada \\u015fehirleri ya\\u015fanmaz hale getirdi. Karbon s\\u0131f\\u0131r bir d\\u00fcnya i\\u00e7in mevcut sistemi terketmek tek kurtulu\\u015f yolu. Bunun i\\u00e7in bug\\u00fcn harekete ge\\u00e7meliyiz!&quot;,&quot;link_new_tab&quot;:false}],&quot;className&quot;:&quot;is-style-no_image&quot;,&quot;columns_block_style&quot;:&quot;no_image&quot;}}\"><\/div><div data-render=\"planet4-blocks\/columns\" data-attributes=\"{&quot;attributes&quot;:{&quot;columns_block_style&quot;:&quot;tasks&quot;,&quot;columns&quot;:[{&quot;description&quot;:&quot;TBMM, Enerji ve Tabii Kaynaklar Bakanl\\u0131\\u011f\\u0131, \\u00c7evre ve \\u015eehircilik Bakanl\\u0131\\u011f\\u0131, Tar\\u0131m ve Orman Bakanl\\u0131\\u011f\\u0131ndan, iklim krizine kar\\u015f\\u0131 harekete ge\\u00e7melerini ve imza metninde ge\\u00e7en somut ad\\u0131mlar\\u0131 atmalar\\u0131n\\u0131 talep et.&quot;,&quot;attachment&quot;:&quot;https:\\\/\\\/www.greenpeace.org\\\/static\\\/planet4-turkey-stateless\\\/2021\\\/10\\\/70c0aec7-climate-crisis-gp-2021-2--510x340.jpeg&quot;,&quot;cta_link&quot;:&quot;https:\\\/\\\/act.greenpeace.org\\\/page\\\/88948\\\/petition\\\/1&quot;,&quot;link_new_tab&quot;:false,&quot;cta_text&quot;:&quot;\\u0130MZA VER&quot;,&quot;attachment_srcset&quot;:&quot;https:\\\/\\\/www.greenpeace.org\\\/static\\\/planet4-turkey-stateless\\\/2021\\\/10\\\/70c0aec7-climate-crisis-gp-2021-2--510x340.jpeg 510w, https:\\\/\\\/www.greenpeace.org\\\/static\\\/planet4-turkey-stateless\\\/2021\\\/10\\\/70c0aec7-climate-crisis-gp-2021-2--300x200.jpeg 300w, https:\\\/\\\/www.greenpeace.org\\\/static\\\/planet4-turkey-stateless\\\/2021\\\/10\\\/70c0aec7-climate-crisis-gp-2021-2--1024x683.jpeg 1024w, https:\\\/\\\/www.greenpeace.org\\\/static\\\/planet4-turkey-stateless\\\/2021\\\/10\\\/70c0aec7-climate-crisis-gp-2021-2--768x512.jpeg 768w, https:\\\/\\\/www.greenpeace.org\\\/static\\\/planet4-turkey-stateless\\\/2021\\\/10\\\/70c0aec7-climate-crisis-gp-2021-2--1536x1024.jpeg 1536w, https:\\\/\\\/www.greenpeace.org\\\/static\\\/planet4-turkey-stateless\\\/2021\\\/10\\\/70c0aec7-climate-crisis-gp-2021-2-.jpeg 1800w&quot;},{&quot;description&quot;:&quot;Paris Anla\\u015fmas\\u0131\\u2019n\\u0131n 6. y\\u0131l\\u0131nda karbon s\\u0131f\\u0131r bir d\\u00fcnya i\\u00e7in mevcut sistemi terketmek tek kurtulu\\u015f yolu. \\u0130klim krizine kar\\u015f\\u0131 sen de harekete ge\\u00e7.&quot;,&quot;attachment&quot;:&quot;https:\\\/\\\/www.greenpeace.org\\\/static\\\/planet4-turkey-stateless\\\/2019\\\/10\\\/54e9f131-131623_231553-510x306.jpg&quot;,&quot;cta_link&quot;:&quot;https:\\\/\\\/www.instagram.com\\\/p\\\/CUMmb2sgQB8\\\/&quot;,&quot;link_new_tab&quot;:false,&quot;cta_text&quot;:&quot;PAYLA\\u015e&quot;,&quot;attachment_srcset&quot;:&quot;https:\\\/\\\/www.greenpeace.org\\\/static\\\/planet4-turkey-stateless\\\/2019\\\/10\\\/54e9f131-131623_231553-510x306.jpg 510w, https:\\\/\\\/www.greenpeace.org\\\/static\\\/planet4-turkey-stateless\\\/2019\\\/10\\\/54e9f131-131623_231553-300x180.jpg 300w, https:\\\/\\\/www.greenpeace.org\\\/static\\\/planet4-turkey-stateless\\\/2019\\\/10\\\/54e9f131-131623_231553.jpg 600w&quot;}],&quot;className&quot;:&quot;is-style-tasks&quot;}}\"><\/div><div data-render=\"planet4-blocks\/gallery\" data-attributes=\"{&quot;attributes&quot;:{&quot;gallery_block_style&quot;:1,&quot;multiple_image&quot;:&quot;1401,1404,1389,1387,1385,1413&quot;,&quot;gallery_block_focus_points&quot;:&quot;{u00221385u0022:u00220% 0%u0022,u00221387u0022:u00220% 0%u0022,u00221389u0022:u00220% 0%u0022,u00221401u0022:u00220% 0%u0022,u00221404u0022:u00220% 0%u0022,u00221413u0022:u00220% 0%u0022}&quot;,&quot;gallery_block_title&quot;:&quot;&quot;,&quot;gallery_block_description&quot;:&quot;&quot;,&quot;image_data&quot;:[],&quot;images&quot;:[{&quot;image_src&quot;:&quot;https:\\\/\\\/www.greenpeace.org\\\/static\\\/planet4-turkey-stateless\\\/2019\\\/10\\\/d09e4e46-gp02huy.jpg&quot;,&quot;image_srcset&quot;:&quot;https:\\\/\\\/www.greenpeace.org\\\/static\\\/planet4-turkey-stateless\\\/2019\\\/10\\\/d09e4e46-gp02huy.jpg 1200w, https:\\\/\\\/www.greenpeace.org\\\/static\\\/planet4-turkey-stateless\\\/2019\\\/10\\\/d09e4e46-gp02huy-300x200.jpg 300w, https:\\\/\\\/www.greenpeace.org\\\/static\\\/planet4-turkey-stateless\\\/2019\\\/10\\\/d09e4e46-gp02huy-768x512.jpg 768w, https:\\\/\\\/www.greenpeace.org\\\/static\\\/planet4-turkey-stateless\\\/2019\\\/10\\\/d09e4e46-gp02huy-1024x683.jpg 1024w, https:\\\/\\\/www.greenpeace.org\\\/static\\\/planet4-turkey-stateless\\\/2019\\\/10\\\/d09e4e46-gp02huy-510x340.jpg 510w&quot;,&quot;image_sizes&quot;:false,&quot;alt_text&quot;:&quot;Arctic Sunrise Expedition to Svalbard. \\u00a9 Nick Cobbing \\\/ Greenpeace&quot;,&quot;caption&quot;:&quot;&quot;,&quot;focus_image&quot;:&quot;&quot;,&quot;credits&quot;:&quot;\\u00a9 Nick Cobbing \\\/ Greenpeace&quot;},{&quot;image_src&quot;:&quot;https:\\\/\\\/www.greenpeace.org\\\/static\\\/planet4-turkey-stateless\\\/2019\\\/10\\\/4ad50b14-gp0stsxnh.jpg&quot;,&quot;image_srcset&quot;:&quot;https:\\\/\\\/www.greenpeace.org\\\/static\\\/planet4-turkey-stateless\\\/2019\\\/10\\\/4ad50b14-gp0stsxnh.jpg 1200w, https:\\\/\\\/www.greenpeace.org\\\/static\\\/planet4-turkey-stateless\\\/2019\\\/10\\\/4ad50b14-gp0stsxnh-300x225.jpg 300w, https:\\\/\\\/www.greenpeace.org\\\/static\\\/planet4-turkey-stateless\\\/2019\\\/10\\\/4ad50b14-gp0stsxnh-768x576.jpg 768w, https:\\\/\\\/www.greenpeace.org\\\/static\\\/planet4-turkey-stateless\\\/2019\\\/10\\\/4ad50b14-gp0stsxnh-1024x768.jpg 1024w, https:\\\/\\\/www.greenpeace.org\\\/static\\\/planet4-turkey-stateless\\\/2019\\\/10\\\/4ad50b14-gp0stsxnh-453x340.jpg 453w&quot;,&quot;image_sizes&quot;:false,&quot;alt_text&quot;:&quot;Action at Power Plant Niederaussem in Germany. \\u00a9 Greenpeace&quot;,&quot;caption&quot;:&quot;&quot;,&quot;focus_image&quot;:&quot;&quot;,&quot;credits&quot;:&quot;\\u00a9 Greenpeace&quot;},{&quot;image_src&quot;:&quot;https:\\\/\\\/www.greenpeace.org\\\/static\\\/planet4-turkey-stateless\\\/2019\\\/09\\\/f594999f-gp0rck.jpg&quot;,&quot;image_srcset&quot;:&quot;https:\\\/\\\/www.greenpeace.org\\\/static\\\/planet4-turkey-stateless\\\/2019\\\/09\\\/f594999f-gp0rck.jpg 1200w, https:\\\/\\\/www.greenpeace.org\\\/static\\\/planet4-turkey-stateless\\\/2019\\\/09\\\/f594999f-gp0rck-300x200.jpg 300w, https:\\\/\\\/www.greenpeace.org\\\/static\\\/planet4-turkey-stateless\\\/2019\\\/09\\\/f594999f-gp0rck-768x512.jpg 768w, https:\\\/\\\/www.greenpeace.org\\\/static\\\/planet4-turkey-stateless\\\/2019\\\/09\\\/f594999f-gp0rck-1024x683.jpg 1024w, https:\\\/\\\/www.greenpeace.org\\\/static\\\/planet4-turkey-stateless\\\/2019\\\/09\\\/f594999f-gp0rck-510x340.jpg 510w&quot;,&quot;image_sizes&quot;:false,&quot;alt_text&quot;:&quot;Severe Drought in Brazilian Amazon. \\u00a9 Greenpeace \\\/ Alberto Cesar Ara\\u00fajo&quot;,&quot;caption&quot;:&quot;&quot;,&quot;focus_image&quot;:&quot;&quot;,&quot;credits&quot;:&quot;\\u00a9 Greenpeace \\\/ Alberto Cesar Ara\\u00fajo&quot;},{&quot;image_src&quot;:&quot;https:\\\/\\\/www.greenpeace.org\\\/static\\\/planet4-turkey-stateless\\\/2019\\\/09\\\/45c1369d-gp0stsxn3.jpg&quot;,&quot;image_srcset&quot;:&quot;https:\\\/\\\/www.greenpeace.org\\\/static\\\/planet4-turkey-stateless\\\/2019\\\/09\\\/45c1369d-gp0stsxn3.jpg 1200w, https:\\\/\\\/www.greenpeace.org\\\/static\\\/planet4-turkey-stateless\\\/2019\\\/09\\\/45c1369d-gp0stsxn3-300x200.jpg 300w, https:\\\/\\\/www.greenpeace.org\\\/static\\\/planet4-turkey-stateless\\\/2019\\\/09\\\/45c1369d-gp0stsxn3-768x512.jpg 768w, https:\\\/\\\/www.greenpeace.org\\\/static\\\/planet4-turkey-stateless\\\/2019\\\/09\\\/45c1369d-gp0stsxn3-1024x683.jpg 1024w, https:\\\/\\\/www.greenpeace.org\\\/static\\\/planet4-turkey-stateless\\\/2019\\\/09\\\/45c1369d-gp0stsxn3-510x340.jpg 510w&quot;,&quot;image_sizes&quot;:false,&quot;alt_text&quot;:&quot;Action at Power Plant Niederaussem in Germany. \\u00a9 Greenpeace&quot;,&quot;caption&quot;:&quot;&quot;,&quot;focus_image&quot;:&quot;&quot;,&quot;credits&quot;:&quot;\\u00a9 Greenpeace&quot;},{&quot;image_src&quot;:&quot;https:\\\/\\\/www.greenpeace.org\\\/static\\\/planet4-turkey-stateless\\\/2019\\\/09\\\/093b553a-gp0sttsmn.jpg&quot;,&quot;image_srcset&quot;:&quot;https:\\\/\\\/www.greenpeace.org\\\/static\\\/planet4-turkey-stateless\\\/2019\\\/09\\\/093b553a-gp0sttsmn.jpg 1200w, https:\\\/\\\/www.greenpeace.org\\\/static\\\/planet4-turkey-stateless\\\/2019\\\/09\\\/093b553a-gp0sttsmn-300x200.jpg 300w, https:\\\/\\\/www.greenpeace.org\\\/static\\\/planet4-turkey-stateless\\\/2019\\\/09\\\/093b553a-gp0sttsmn-768x512.jpg 768w, https:\\\/\\\/www.greenpeace.org\\\/static\\\/planet4-turkey-stateless\\\/2019\\\/09\\\/093b553a-gp0sttsmn-1024x683.jpg 1024w, https:\\\/\\\/www.greenpeace.org\\\/static\\\/planet4-turkey-stateless\\\/2019\\\/09\\\/093b553a-gp0sttsmn-510x340.jpg 510w&quot;,&quot;image_sizes&quot;:false,&quot;alt_text&quot;:&quot;Burning Earth Action in Vienna. \\u00a9 Mitja  Kobal \\\/ Greenpeace&quot;,&quot;caption&quot;:&quot;&quot;,&quot;focus_image&quot;:&quot;&quot;,&quot;credits&quot;:&quot;\\u00a9 Mitja  Kobal \\\/ Greenpeace&quot;},{&quot;image_src&quot;:&quot;https:\\\/\\\/www.greenpeace.org\\\/static\\\/planet4-turkey-stateless\\\/2019\\\/10\\\/54e9f131-131623_231553.jpg&quot;,&quot;image_srcset&quot;:&quot;https:\\\/\\\/www.greenpeace.org\\\/static\\\/planet4-turkey-stateless\\\/2019\\\/10\\\/54e9f131-131623_231553.jpg 600w, https:\\\/\\\/www.greenpeace.org\\\/static\\\/planet4-turkey-stateless\\\/2019\\\/10\\\/54e9f131-131623_231553-300x180.jpg 300w, https:\\\/\\\/www.greenpeace.org\\\/static\\\/planet4-turkey-stateless\\\/2019\\\/10\\\/54e9f131-131623_231553-510x306.jpg 510w&quot;,&quot;image_sizes&quot;:false,&quot;alt_text&quot;:&quot;&quot;,&quot;caption&quot;:&quot;&quot;,&quot;focus_image&quot;:&quot;&quot;,&quot;credits&quot;:&quot;&quot;}]}}\"><\/div>","protected":false},"excerpt":{"rendered":"<p>\u0130klim krizi art\u0131k gelecekteki bir tehdit de\u011fil. \u0130klim krizi burada, evimizde&#8230; E\u015fi g\u00f6r\u00fclmemi\u015f s\u0131cak hava dalgalar\u0131 ve orman yang\u0131nlar\u0131, \u015fiddetli ya\u011fmurlar ve seller, \u00f6len deniz ya\u015fam\u0131, eriyen kutup buzlar\u0131 ve \u00e7\u00f6ken ekosistemler iklim krizinin bir sonucu ve h\u0131zla gereken \u00f6nlemler al\u0131nmazsa tehlikenin boyutlar\u0131n\u0131n d\u00fc\u015f\u00fcnebilece\u011fimizin de \u00f6tesinde oldu\u011funu g\u00f6steriyor. Gelece\u011fimizi, tercihlerimiz belirleyecek.<\/p>\n","protected":false},"author":26,"featured_media":6674,"parent":0,"menu_order":0,"comment_status":"closed","ping_status":"closed","template":"","meta":{"ep_exclude_from_search":false,"p4_hide_page_title_checkbox":"on","p4_title":"","p4_subtitle":"","p4_description":"","background_image_id":"","background_image":"","p4_button_title":"","p4_button_link":"","p4_button_link_checkbox":"","p4_og_title":"","p4_og_description":"","p4_og_image":"","p4_og_image_id":"","p4_seo_canonical_url":"","p4_campaign_name":"not set","p4_local_project":"not set","p4_basket_name":"not set","p4_department":"","footnotes":""},"categories":[24],"tags":[25],"class_list":["post-6669","page","type-page","status-publish","has-post-thumbnail","hentry","category-iklim-krizi","tag-iklim-degisikligi"],"_links":{"self":[{"href":"https:\/\/www.greenpeace.org\/turkey\/wp-json\/wp\/v2\/pages\/6669","targetHints":{"allow":["GET"]}}],"collection":[{"href":"https:\/\/www.greenpeace.org\/turkey\/wp-json\/wp\/v2\/pages"}],"about":[{"href":"https:\/\/www.greenpeace.org\/turkey\/wp-json\/wp\/v2\/types\/page"}],"author":[{"embeddable":true,"href":"https:\/\/www.greenpeace.org\/turkey\/wp-json\/wp\/v2\/users\/26"}],"replies":[{"embeddable":true,"href":"https:\/\/www.greenpeace.org\/turkey\/wp-json\/wp\/v2\/comments?post=6669"}],"version-history":[{"count":9,"href":"https:\/\/www.greenpeace.org\/turkey\/wp-json\/wp\/v2\/pages\/6669\/revisions"}],"predecessor-version":[{"id":9266,"href":"https:\/\/www.greenpeace.org\/turkey\/wp-json\/wp\/v2\/pages\/6669\/revisions\/9266"}],"wp:featuredmedia":[{"embeddable":true,"href":"https:\/\/www.greenpeace.org\/turkey\/wp-json\/wp\/v2\/media\/6674"}],"wp:attachment":[{"href":"https:\/\/www.greenpeace.org\/turkey\/wp-json\/wp\/v2\/media?parent=6669"}],"wp:term":[{"taxonomy":"category","embeddable":true,"href":"https:\/\/www.greenpeace.org\/turkey\/wp-json\/wp\/v2\/categories?post=6669"},{"taxonomy":"post_tag","embeddable":true,"href":"https:\/\/www.greenpeace.org\/turkey\/wp-json\/wp\/v2\/tags?post=6669"}],"curies":[{"name":"wp","href":"https:\/\/api.w.org\/{rel}","templated":true}]}}