{"id":69,"date":"2018-05-09T13:37:23","date_gmt":"2018-05-09T13:37:23","guid":{"rendered":"https:\/\/k8s.p4.greenpeace.org\/defaultcontent\/?page_id=69"},"modified":"2025-09-23T13:06:52","modified_gmt":"2025-09-23T10:06:52","slug":"iklim-krizi","status":"publish","type":"page","link":"https:\/\/www.greenpeace.org\/turkey\/kesfet\/iklim-krizi\/","title":{"rendered":"\u0130klim Krizi"},"content":{"rendered":"\n                    <div class=\"wp-block-group is-vertical is-layout-flex wp-container-core-group-is-layout-8cf370e7 wp-block-group-is-layout-flex\">\n                    \n\n                    \n                    <\/div>\n                    <div data-hydrate=\"planet4-blocks\/gallery\" data-attributes=\"{&quot;attributes&quot;:{&quot;gallery_block_style&quot;:2,&quot;multiple_image&quot;:&quot;1387,1389,1073&quot;,&quot;gallery_block_focus_points&quot;:&quot;{u00221073u0022:u00220% 0%u0022,u00221387u0022:u00220% 0%u0022,u00221389u0022:u00220% 0%u0022}&quot;,&quot;image_data&quot;:[{&quot;url&quot;:&quot;https:\\\/\\\/www.greenpeace.org\\\/static\\\/planet4-turkey-stateless\\\/2019\\\/09\\\/15651f3b-paris-back.jpg&quot;,&quot;focalPoint&quot;:{&quot;x&quot;:0,&quot;y&quot;:0},&quot;id&quot;:&quot;1073&quot;},{&quot;url&quot;:&quot;https:\\\/\\\/www.greenpeace.org\\\/static\\\/planet4-turkey-stateless\\\/2019\\\/09\\\/45c1369d-gp0stsxn3.jpg&quot;,&quot;focalPoint&quot;:{&quot;x&quot;:0,&quot;y&quot;:0},&quot;id&quot;:&quot;1387&quot;},{&quot;url&quot;:&quot;https:\\\/\\\/www.greenpeace.org\\\/static\\\/planet4-turkey-stateless\\\/2019\\\/09\\\/f594999f-gp0rck.jpg&quot;,&quot;focalPoint&quot;:{&quot;x&quot;:0,&quot;y&quot;:0},&quot;id&quot;:&quot;1389&quot;}],&quot;gallery_block_title&quot;:&quot;&quot;,&quot;gallery_block_description&quot;:&quot;&quot;,&quot;images&quot;:[{&quot;image_src&quot;:&quot;https:\\\/\\\/www.greenpeace.org\\\/static\\\/planet4-turkey-stateless\\\/2019\\\/09\\\/45c1369d-gp0stsxn3-768x512.jpg&quot;,&quot;image_srcset&quot;:&quot;https:\\\/\\\/www.greenpeace.org\\\/static\\\/planet4-turkey-stateless\\\/2019\\\/09\\\/45c1369d-gp0stsxn3-768x512.jpg 768w, https:\\\/\\\/www.greenpeace.org\\\/static\\\/planet4-turkey-stateless\\\/2019\\\/09\\\/45c1369d-gp0stsxn3-300x200.jpg 300w, https:\\\/\\\/www.greenpeace.org\\\/static\\\/planet4-turkey-stateless\\\/2019\\\/09\\\/45c1369d-gp0stsxn3-1024x683.jpg 1024w, https:\\\/\\\/www.greenpeace.org\\\/static\\\/planet4-turkey-stateless\\\/2019\\\/09\\\/45c1369d-gp0stsxn3-510x340.jpg 510w, https:\\\/\\\/www.greenpeace.org\\\/static\\\/planet4-turkey-stateless\\\/2019\\\/09\\\/45c1369d-gp0stsxn3.jpg 1200w&quot;,&quot;image_sizes&quot;:&quot;(max-width: 768px) 100vw, 768px&quot;,&quot;alt_text&quot;:&quot;Action at Power Plant Niederaussem in Germany. \\u00a9 Greenpeace&quot;,&quot;caption&quot;:&quot;&quot;,&quot;focus_image&quot;:&quot;&quot;,&quot;credits&quot;:&quot;\\u00a9 Greenpeace&quot;},{&quot;image_src&quot;:&quot;https:\\\/\\\/www.greenpeace.org\\\/static\\\/planet4-turkey-stateless\\\/2019\\\/09\\\/f594999f-gp0rck-768x512.jpg&quot;,&quot;image_srcset&quot;:&quot;https:\\\/\\\/www.greenpeace.org\\\/static\\\/planet4-turkey-stateless\\\/2019\\\/09\\\/f594999f-gp0rck-768x512.jpg 768w, https:\\\/\\\/www.greenpeace.org\\\/static\\\/planet4-turkey-stateless\\\/2019\\\/09\\\/f594999f-gp0rck-300x200.jpg 300w, https:\\\/\\\/www.greenpeace.org\\\/static\\\/planet4-turkey-stateless\\\/2019\\\/09\\\/f594999f-gp0rck-1024x683.jpg 1024w, https:\\\/\\\/www.greenpeace.org\\\/static\\\/planet4-turkey-stateless\\\/2019\\\/09\\\/f594999f-gp0rck-510x340.jpg 510w, https:\\\/\\\/www.greenpeace.org\\\/static\\\/planet4-turkey-stateless\\\/2019\\\/09\\\/f594999f-gp0rck.jpg 1200w&quot;,&quot;image_sizes&quot;:&quot;(max-width: 768px) 100vw, 768px&quot;,&quot;alt_text&quot;:&quot;Severe Drought in Brazilian Amazon. \\u00a9 Greenpeace \\\/ Alberto Cesar Ara\\u00fajo&quot;,&quot;caption&quot;:&quot;&quot;,&quot;focus_image&quot;:&quot;&quot;,&quot;credits&quot;:&quot;\\u00a9 Greenpeace \\\/ Alberto Cesar Ara\\u00fajo&quot;},{&quot;image_src&quot;:&quot;https:\\\/\\\/www.greenpeace.org\\\/static\\\/planet4-turkey-stateless\\\/2019\\\/09\\\/15651f3b-paris-back-768x460.jpg&quot;,&quot;image_srcset&quot;:&quot;https:\\\/\\\/www.greenpeace.org\\\/static\\\/planet4-turkey-stateless\\\/2019\\\/09\\\/15651f3b-paris-back-768x460.jpg 768w, https:\\\/\\\/www.greenpeace.org\\\/static\\\/planet4-turkey-stateless\\\/2019\\\/09\\\/15651f3b-paris-back-300x180.jpg 300w, https:\\\/\\\/www.greenpeace.org\\\/static\\\/planet4-turkey-stateless\\\/2019\\\/09\\\/15651f3b-paris-back-1024x614.jpg 1024w, https:\\\/\\\/www.greenpeace.org\\\/static\\\/planet4-turkey-stateless\\\/2019\\\/09\\\/15651f3b-paris-back-510x306.jpg 510w, https:\\\/\\\/www.greenpeace.org\\\/static\\\/planet4-turkey-stateless\\\/2019\\\/09\\\/15651f3b-paris-back.jpg 2000w&quot;,&quot;image_sizes&quot;:&quot;(max-width: 768px) 100vw, 768px&quot;,&quot;alt_text&quot;:&quot;&quot;,&quot;caption&quot;:&quot;&quot;,&quot;focus_image&quot;:&quot;&quot;,&quot;credits&quot;:&quot;&quot;}]}}\"><section class=\"block split-three-column \"><\/section><\/div><p>&nbsp;<\/p>\n<div data-render=\"planet4-blocks\/columns\" data-attributes=\"{&quot;attributes&quot;:{&quot;columns_block_style&quot;:&quot;image&quot;,&quot;columns_title&quot;:&quot;Kampanyalar&quot;,&quot;className&quot;:&quot;is-style-image&quot;,&quot;columns_description&quot;:&quot;&quot;,&quot;columns&quot;:[{&quot;attachment&quot;:&quot;https:\\\/\\\/www.greenpeace.org\\\/static\\\/planet4-turkey-stateless\\\/2019\\\/10\\\/4ad50b14-gp0stsxnh-453x340.jpg&quot;,&quot;title&quot;:&quot;#\\u0130klim De\\u011fi\\u015fikli\\u011fi&quot;,&quot;cta_link&quot;:&quot;http:\\\/\\\/www.greenpeace.org\\\/turkey\\\/tag\\\/iklim-degisikligi\\\/&quot;,&quot;attachment_srcset&quot;:&quot;https:\\\/\\\/www.greenpeace.org\\\/static\\\/planet4-turkey-stateless\\\/2019\\\/10\\\/4ad50b14-gp0stsxnh-453x340.jpg 453w, https:\\\/\\\/www.greenpeace.org\\\/static\\\/planet4-turkey-stateless\\\/2019\\\/10\\\/4ad50b14-gp0stsxnh-300x225.jpg 300w, https:\\\/\\\/www.greenpeace.org\\\/static\\\/planet4-turkey-stateless\\\/2019\\\/10\\\/4ad50b14-gp0stsxnh-768x576.jpg 768w, https:\\\/\\\/www.greenpeace.org\\\/static\\\/planet4-turkey-stateless\\\/2019\\\/10\\\/4ad50b14-gp0stsxnh-1024x768.jpg 1024w, https:\\\/\\\/www.greenpeace.org\\\/static\\\/planet4-turkey-stateless\\\/2019\\\/10\\\/4ad50b14-gp0stsxnh.jpg 1200w&quot;},{&quot;attachment&quot;:&quot;https:\\\/\\\/www.greenpeace.org\\\/static\\\/planet4-turkey-stateless\\\/2019\\\/09\\\/9a850dca-iklim-grevi-cocuk-510x340.jpeg&quot;,&quot;title&quot;:&quot;#\\u0130klim Adaleti&quot;,&quot;cta_link&quot;:&quot;http:\\\/\\\/www.greenpeace.org\\\/turkey\\\/tag\\\/iklim-adaleti\\\/&quot;,&quot;attachment_srcset&quot;:&quot;https:\\\/\\\/www.greenpeace.org\\\/static\\\/planet4-turkey-stateless\\\/2019\\\/09\\\/9a850dca-iklim-grevi-cocuk-510x340.jpeg 510w, https:\\\/\\\/www.greenpeace.org\\\/static\\\/planet4-turkey-stateless\\\/2019\\\/09\\\/9a850dca-iklim-grevi-cocuk-300x200.jpeg 300w, https:\\\/\\\/www.greenpeace.org\\\/static\\\/planet4-turkey-stateless\\\/2019\\\/09\\\/9a850dca-iklim-grevi-cocuk-768x512.jpeg 768w, https:\\\/\\\/www.greenpeace.org\\\/static\\\/planet4-turkey-stateless\\\/2019\\\/09\\\/9a850dca-iklim-grevi-cocuk-1024x683.jpeg 1024w, https:\\\/\\\/www.greenpeace.org\\\/static\\\/planet4-turkey-stateless\\\/2019\\\/09\\\/9a850dca-iklim-grevi-cocuk-2048x1366.jpeg 2048w, https:\\\/\\\/www.greenpeace.org\\\/static\\\/planet4-turkey-stateless\\\/2019\\\/09\\\/9a850dca-iklim-grevi-cocuk-e1568815745152.jpeg 1000w&quot;}]}}\"><\/div>\n    <div class=\"wp-block-query posts-list p4-query-loop is-custom-layout-list is-layout-flow wp-block-query-is-layout-flow\">\n        <div class=\"wp-block-group is-content-justification-space-between is-layout-flex wp-container-core-group-is-layout-3d213aab wp-block-group-is-layout-flex\"><h2 class=\"wp-block-heading\">Son Yaz\u0131lar<\/h2>\n        <li class=\" wp-block-navigation-item see-all-link wp-block-navigation-link\"><a class=\"wp-block-navigation-item__content\"  href=\"http:\/\/www.greenpeace.org\/turkey\/news-stories\/?tag=iklim-degisikligi\"><span class=\"wp-block-navigation-item__label\">See all stories<\/span><\/a><\/li>\n        \n        <\/div>\n        \n\n    <p style=\"margin-top: 24px; margin-bottom: 36px;\"><\/p>\n\n    \n\n    <ul class=\"wp-block-post-template is-layout-flow wp-block-post-template-is-layout-flow\"><li class=\"wp-block-post post-9973 post type-post status-publish format-standard has-post-thumbnail hentry category-sorunlar-ve-cozumler category-iklim-adaleti tag-iklim-adaleti tag-iklim-degisikligi tag-yenilenebilir-enerji tag-yesil-adil-donusum p4-page-type-blog\">\n            \n<div class=\"wp-block-columns is-layout-flex wp-container-core-columns-is-layout-9d6595d7 wp-block-columns-is-layout-flex\"><figure class=\"wp-block-post-featured-image\"><a href=\"https:\/\/www.greenpeace.org\/turkey\/blog\/komurun-sonu-iscinin-sonu-olmamali-260302\/\" target=\"_self\"  ><img loading=\"lazy\" decoding=\"async\" width=\"1200\" height=\"800\" src=\"https:\/\/www.greenpeace.org\/static\/planet4-turkey-stateless\/2026\/03\/22284cca-gp0stpo4j.jpg\" class=\"attachment-post-thumbnail size-post-thumbnail wp-post-image wp-stateless-item\" alt=\"K\u00f6m\u00fcr\u00fcn sonu, i\u015f\u00e7inin sonu olmamal\u0131: Soma ve Ermenek bize ne s\u00f6yl\u00fcyor?\" style=\"object-fit:cover;\" srcset=\"https:\/\/www.greenpeace.org\/static\/planet4-turkey-stateless\/2026\/03\/22284cca-gp0stpo4j.jpg 1200w, https:\/\/www.greenpeace.org\/static\/planet4-turkey-stateless\/2026\/03\/22284cca-gp0stpo4j-300x200.jpg 300w, https:\/\/www.greenpeace.org\/static\/planet4-turkey-stateless\/2026\/03\/22284cca-gp0stpo4j-1024x683.jpg 1024w, https:\/\/www.greenpeace.org\/static\/planet4-turkey-stateless\/2026\/03\/22284cca-gp0stpo4j-768x512.jpg 768w, https:\/\/www.greenpeace.org\/static\/planet4-turkey-stateless\/2026\/03\/22284cca-gp0stpo4j-510x340.jpg 510w\" sizes=\"auto, (max-width: 1200px) 100vw, 1200px\" data-image-size=\"post-thumbnail\" data-stateless-media-bucket=\"planet4-turkey-stateless\" data-stateless-media-name=\"2026\/03\/22284cca-gp0stpo4j.jpg\" \/><\/a><\/figure>\n\n        <div class=\"wp-block-group is-layout-flow wp-block-group-is-layout-flow\">\n                <div class=\"wp-block-group is-layout-flex wp-block-group-is-layout-flex\"><div class=\"wp-block-post-terms\"><a href=\"https:\/\/www.greenpeace.org\/turkey\/category\/sorunlar-ve-cozumler\/\">\u00c7al\u0131\u015ft\u0131\u011f\u0131m\u0131z Alanlar<\/a><\/div>\n                <div class=\"taxonomy-post_tag wp-block-post-terms\"><a href=\"https:\/\/www.greenpeace.org\/turkey\/tag\/iklim-adaleti\/\" rel=\"tag\">\u0130klim Adaleti<\/a><span class=\"wp-block-post-terms__separator\"> <\/span><a href=\"https:\/\/www.greenpeace.org\/turkey\/tag\/iklim-degisikligi\/\" rel=\"tag\">\u0130klim De\u011fi\u015fikli\u011fi<\/a><span class=\"wp-block-post-terms__separator\"> <\/span><a href=\"https:\/\/www.greenpeace.org\/turkey\/tag\/yenilenebilir-enerji\/\" rel=\"tag\">Yenilenebilir Enerji<\/a><span class=\"wp-block-post-terms__separator\"> <\/span><a href=\"https:\/\/www.greenpeace.org\/turkey\/tag\/yesil-adil-donusum\/\" rel=\"tag\">Ye\u015fil Adil D\u00f6n\u00fc\u015f\u00fcm<\/a><\/div>\n                \n                <\/div>\n                \n        <h3 class=\"wp-block-post-title\"><a href=\"https:\/\/www.greenpeace.org\/turkey\/blog\/komurun-sonu-iscinin-sonu-olmamali-260302\/\" target=\"_self\" >K\u00f6m\u00fcr\u00fcn sonu, i\u015f\u00e7inin sonu olmamal\u0131: Soma ve Ermenek bize ne s\u00f6yl\u00fcyor?<\/a><\/h3>\n        <div class=\"wp-block-post-excerpt\"><p class=\"wp-block-post-excerpt__excerpt\">Soma&#8217;da bug\u00fcnlerde ya\u015fananlar, sadece ekonomik \u00f6mr\u00fcn\u00fc doldurmu\u015f bir termik santralin \u015falter indirmesinden ibaret de\u011fil. Soma Termik Santrali&#8217;nin i\u00e7ine d\u00fc\u015ft\u00fc\u011f\u00fc ekonomik darbo\u011faz ve operasyonel imkans\u0131zl\u0131klar nedeniyle \u00fcretimini durdurma karar\u0131 almas\u0131n\u0131n ard\u0131ndan,&hellip; <\/p><\/div>\n        \n        <div class=\"wp-block-group posts-list-meta is-layout-flow wp-block-group-is-layout-flow\"><span class='article-list-item-author'>Emel T\u00fcrker Alpay \u2013 Greenpeace T\u00fcrkiye \u0130klim ve Enerji Kampanya Sorumlusu<\/span>\n        <div class=\"wp-block-post-date\"><time datetime=\"2026-03-02T17:59:54+03:00\">2 Mart 2026<\/time><\/div>\n        \n        <\/div>\n        <\/div>\n        <\/div>\n\n            <\/li><li class=\"wp-block-post post-9925 post type-post status-publish format-standard has-post-thumbnail hentry category-sorunlar-ve-cozumler category-iklim-adaleti tag-iklim-adaleti tag-iklim-degisikligi p4-page-type-blog\">\n            \n<div class=\"wp-block-columns is-layout-flex wp-container-core-columns-is-layout-9d6595d7 wp-block-columns-is-layout-flex\"><figure class=\"wp-block-post-featured-image\"><a href=\"https:\/\/www.greenpeace.org\/turkey\/blog\/2026-vergi-dilimleri-aciklandi\/\" target=\"_self\"  ><img loading=\"lazy\" decoding=\"async\" width=\"1200\" height=\"800\" src=\"https:\/\/www.greenpeace.org\/static\/planet4-turkey-stateless\/2025\/12\/8d1341c3-gp0su7m1b.jpg\" class=\"attachment-post-thumbnail size-post-thumbnail wp-post-image wp-stateless-item\" alt=\"2026 vergi dilimleri a\u00e7\u0131kland\u0131: Gelir adaletsizli\u011finden iklim adaletine bir bak\u0131\u015f\" style=\"object-fit:cover;\" srcset=\"https:\/\/www.greenpeace.org\/static\/planet4-turkey-stateless\/2025\/12\/8d1341c3-gp0su7m1b.jpg 1200w, https:\/\/www.greenpeace.org\/static\/planet4-turkey-stateless\/2025\/12\/8d1341c3-gp0su7m1b-300x200.jpg 300w, https:\/\/www.greenpeace.org\/static\/planet4-turkey-stateless\/2025\/12\/8d1341c3-gp0su7m1b-1024x683.jpg 1024w, https:\/\/www.greenpeace.org\/static\/planet4-turkey-stateless\/2025\/12\/8d1341c3-gp0su7m1b-768x512.jpg 768w, https:\/\/www.greenpeace.org\/static\/planet4-turkey-stateless\/2025\/12\/8d1341c3-gp0su7m1b-510x340.jpg 510w\" sizes=\"auto, (max-width: 1200px) 100vw, 1200px\" data-image-size=\"post-thumbnail\" data-stateless-media-bucket=\"planet4-turkey-stateless\" data-stateless-media-name=\"2025\/12\/8d1341c3-gp0su7m1b.jpg\" \/><\/a><\/figure>\n\n        <div class=\"wp-block-group is-layout-flow wp-block-group-is-layout-flow\">\n                <div class=\"wp-block-group is-layout-flex wp-block-group-is-layout-flex\"><div class=\"wp-block-post-terms\"><a href=\"https:\/\/www.greenpeace.org\/turkey\/category\/sorunlar-ve-cozumler\/\">\u00c7al\u0131\u015ft\u0131\u011f\u0131m\u0131z Alanlar<\/a><\/div>\n                <div class=\"taxonomy-post_tag wp-block-post-terms\"><a href=\"https:\/\/www.greenpeace.org\/turkey\/tag\/iklim-adaleti\/\" rel=\"tag\">\u0130klim Adaleti<\/a><span class=\"wp-block-post-terms__separator\"> <\/span><a href=\"https:\/\/www.greenpeace.org\/turkey\/tag\/iklim-degisikligi\/\" rel=\"tag\">\u0130klim De\u011fi\u015fikli\u011fi<\/a><\/div>\n                \n                <\/div>\n                \n        <h3 class=\"wp-block-post-title\"><a href=\"https:\/\/www.greenpeace.org\/turkey\/blog\/2026-vergi-dilimleri-aciklandi\/\" target=\"_self\" >2026 vergi dilimleri a\u00e7\u0131kland\u0131: Gelir adaletsizli\u011finden iklim adaletine bir bak\u0131\u015f<\/a><\/h3>\n        <div class=\"wp-block-post-excerpt\"><p class=\"wp-block-post-excerpt__excerpt\">Bakanl\u0131\u011f\u0131n a\u00e7\u0131klad\u0131\u011f\u0131 2026 y\u0131l\u0131 gelir vergisi tarifesine g\u00f6re, vergi dilimi tutarlar\u0131nda ka\u011f\u0131t \u00fczerinde bir art\u0131\u015f var gibi g\u00f6r\u00fcnse de, bu art\u0131\u015f oran\u0131 2026 i\u00e7in beklenen enflasyonun %25 civar\u0131 oldu\u011fu mevcut&hellip; <\/p><\/div>\n        \n        <div class=\"wp-block-group posts-list-meta is-layout-flow wp-block-group-is-layout-flow\"><span class='article-list-item-author'>Berk Butan | Greenpeace T\u00fcrkiye Sosyal ve Ekonomik Sistemler Kampanya Sorumlusu<\/span>\n        <div class=\"wp-block-post-date\"><time datetime=\"2026-01-08T11:14:08+03:00\">8 Ocak 2026<\/time><\/div>\n        \n        <\/div>\n        <\/div>\n        <\/div>\n\n            <\/li><li class=\"wp-block-post post-9920 post type-post status-publish format-standard has-post-thumbnail hentry category-sorunlar-ve-cozumler category-iklim-krizi tag-iklim-adaleti tag-iklim-degisikligi p4-page-type-blog\">\n            \n<div class=\"wp-block-columns is-layout-flex wp-container-core-columns-is-layout-9d6595d7 wp-block-columns-is-layout-flex\"><figure class=\"wp-block-post-featured-image\"><a href=\"https:\/\/www.greenpeace.org\/turkey\/blog\/iklim-agindan-2025-iklim-karnesi\/\" target=\"_self\"  ><img loading=\"lazy\" decoding=\"async\" width=\"1600\" height=\"900\" src=\"https:\/\/www.greenpeace.org\/static\/planet4-turkey-stateless\/2024\/12\/405548f0-afsin-elbistan-bb.jpg\" class=\"attachment-post-thumbnail size-post-thumbnail wp-post-image wp-stateless-item\" alt=\"\u0130klim A\u011f\u0131\u2019ndan 2025 \u0130klim Karnesi: T\u00fcrkiye\u2019nin 2025 karnesi k\u00f6t\u00fc, umutlar COP31\u2019e\u00a0\" style=\"object-fit:cover;\" srcset=\"https:\/\/www.greenpeace.org\/static\/planet4-turkey-stateless\/2024\/12\/405548f0-afsin-elbistan-bb.jpg 1600w, https:\/\/www.greenpeace.org\/static\/planet4-turkey-stateless\/2024\/12\/405548f0-afsin-elbistan-bb-300x169.jpg 300w, https:\/\/www.greenpeace.org\/static\/planet4-turkey-stateless\/2024\/12\/405548f0-afsin-elbistan-bb-1024x576.jpg 1024w, https:\/\/www.greenpeace.org\/static\/planet4-turkey-stateless\/2024\/12\/405548f0-afsin-elbistan-bb-768x432.jpg 768w, https:\/\/www.greenpeace.org\/static\/planet4-turkey-stateless\/2024\/12\/405548f0-afsin-elbistan-bb-1536x864.jpg 1536w, https:\/\/www.greenpeace.org\/static\/planet4-turkey-stateless\/2024\/12\/405548f0-afsin-elbistan-bb-510x287.jpg 510w\" sizes=\"auto, (max-width: 1600px) 100vw, 1600px\" data-image-size=\"post-thumbnail\" data-stateless-media-bucket=\"planet4-turkey-stateless\" data-stateless-media-name=\"2024\/12\/405548f0-afsin-elbistan-bb.jpg\" \/><\/a><\/figure>\n\n        <div class=\"wp-block-group is-layout-flow wp-block-group-is-layout-flow\">\n                <div class=\"wp-block-group is-layout-flex wp-block-group-is-layout-flex\"><div class=\"wp-block-post-terms\"><a href=\"https:\/\/www.greenpeace.org\/turkey\/category\/sorunlar-ve-cozumler\/\">\u00c7al\u0131\u015ft\u0131\u011f\u0131m\u0131z Alanlar<\/a><\/div>\n                <div class=\"taxonomy-post_tag wp-block-post-terms\"><a href=\"https:\/\/www.greenpeace.org\/turkey\/tag\/iklim-adaleti\/\" rel=\"tag\">\u0130klim Adaleti<\/a><span class=\"wp-block-post-terms__separator\"> <\/span><a href=\"https:\/\/www.greenpeace.org\/turkey\/tag\/iklim-degisikligi\/\" rel=\"tag\">\u0130klim De\u011fi\u015fikli\u011fi<\/a><\/div>\n                \n                <\/div>\n                \n        <h3 class=\"wp-block-post-title\"><a href=\"https:\/\/www.greenpeace.org\/turkey\/blog\/iklim-agindan-2025-iklim-karnesi\/\" target=\"_self\" >\u0130klim A\u011f\u0131\u2019ndan 2025 \u0130klim Karnesi: T\u00fcrkiye\u2019nin 2025 karnesi k\u00f6t\u00fc, umutlar COP31\u2019e\u00a0<\/a><\/h3>\n        <div class=\"wp-block-post-excerpt\"><p class=\"wp-block-post-excerpt__excerpt\">\u0130klim alan\u0131nda \u00e7al\u0131\u015fan 16 sivil toplum kurulu\u015fundan olu\u015fan \u0130klim A\u011f\u0131, 12 maddede T\u00fcrkiye\u2019nin \u201c2025 \u0130klim Karnesi\u201dni haz\u0131rlad\u0131.\u00a0 <\/p><\/div>\n        \n        <div class=\"wp-block-group posts-list-meta is-layout-flow wp-block-group-is-layout-flow\"><span class='article-list-item-author'><a href='https:\/\/www.greenpeace.org\/turkey\/author\/bececeli\/'>Greenpeace T\u00fcrkiye<\/a><\/span>\n        <div class=\"wp-block-post-date\"><time datetime=\"2026-01-06T12:09:49+03:00\">6 Ocak 2026<\/time><\/div>\n        \n        <\/div>\n        <\/div>\n        <\/div>\n\n            <\/li><\/ul>\n\n    \n<div class=\"wp-block-buttons carousel-controls is-horizontal is-content-justification-space-between is-nowrap is-layout-flex wp-container-core-buttons-is-layout-044bd602 wp-block-buttons-is-layout-flex\">\n            <div class=\"wp-block-button carousel-control-prev\"><button type=\"button\" class=\"wp-block-button__link wp-element-button\">Prev<\/button><\/div>\n        \n\n            <div class=\"wp-block-button carousel-control-next\"><button type=\"button\" class=\"wp-block-button__link wp-element-button\">Next<\/button><\/div>\n        <\/div>\n\n\n    <li class=\" wp-block-navigation-item see-all-link wp-block-navigation-link\"><a class=\"wp-block-navigation-item__content\"  href=\"http:\/\/www.greenpeace.org\/turkey\/news-stories\/?tag=iklim-degisikligi\"><span class=\"wp-block-navigation-item__label\">See all stories<\/span><\/a><\/li><\/div>\n    ","protected":false},"excerpt":{"rendered":"<p>&nbsp;<\/p>\n","protected":false},"author":1,"featured_media":1387,"parent":11,"menu_order":0,"comment_status":"closed","ping_status":"closed","template":"","meta":{"ep_exclude_from_search":false,"p4_hide_page_title_checkbox":"","p4_title":"","p4_subtitle":"","p4_description":"","background_image_id":"","background_image":"","p4_button_title":"","p4_button_link":"","p4_button_link_checkbox":"","p4_og_title":"","p4_og_description":"","p4_og_image":"","p4_og_image_id":"","p4_seo_canonical_url":"","p4_campaign_name":"not set","p4_local_project":"not set","p4_basket_name":"not set","p4_department":"","footnotes":""},"categories":[24],"tags":[6,25],"class_list":["post-69","page","type-page","status-publish","has-post-thumbnail","hentry","category-iklim-krizi","tag-iklim-adaleti","tag-iklim-degisikligi"],"_links":{"self":[{"href":"https:\/\/www.greenpeace.org\/turkey\/wp-json\/wp\/v2\/pages\/69","targetHints":{"allow":["GET"]}}],"collection":[{"href":"https:\/\/www.greenpeace.org\/turkey\/wp-json\/wp\/v2\/pages"}],"about":[{"href":"https:\/\/www.greenpeace.org\/turkey\/wp-json\/wp\/v2\/types\/page"}],"author":[{"embeddable":true,"href":"https:\/\/www.greenpeace.org\/turkey\/wp-json\/wp\/v2\/users\/1"}],"replies":[{"embeddable":true,"href":"https:\/\/www.greenpeace.org\/turkey\/wp-json\/wp\/v2\/comments?post=69"}],"version-history":[{"count":21,"href":"https:\/\/www.greenpeace.org\/turkey\/wp-json\/wp\/v2\/pages\/69\/revisions"}],"predecessor-version":[{"id":9598,"href":"https:\/\/www.greenpeace.org\/turkey\/wp-json\/wp\/v2\/pages\/69\/revisions\/9598"}],"up":[{"embeddable":true,"href":"https:\/\/www.greenpeace.org\/turkey\/wp-json\/wp\/v2\/pages\/11"}],"wp:featuredmedia":[{"embeddable":true,"href":"https:\/\/www.greenpeace.org\/turkey\/wp-json\/wp\/v2\/media\/1387"}],"wp:attachment":[{"href":"https:\/\/www.greenpeace.org\/turkey\/wp-json\/wp\/v2\/media?parent=69"}],"wp:term":[{"taxonomy":"category","embeddable":true,"href":"https:\/\/www.greenpeace.org\/turkey\/wp-json\/wp\/v2\/categories?post=69"},{"taxonomy":"post_tag","embeddable":true,"href":"https:\/\/www.greenpeace.org\/turkey\/wp-json\/wp\/v2\/tags?post=69"}],"curies":[{"name":"wp","href":"https:\/\/api.w.org\/{rel}","templated":true}]}}