{"id":7861,"date":"2023-02-24T10:05:44","date_gmt":"2023-02-24T07:05:44","guid":{"rendered":"https:\/\/www.greenpeace.org\/turkey\/?page_id=7861"},"modified":"2025-07-02T10:42:43","modified_gmt":"2025-07-02T07:42:43","slug":"enkazdan-baska-felaketler-cikmasin","status":"publish","type":"page","link":"https:\/\/www.greenpeace.org\/turkey\/harekete-gec\/enkazdan-baska-felaketler-cikmasin\/","title":{"rendered":"Enkazdan Ba\u015fka Felaketler \u00c7\u0131kmas\u0131n"},"content":{"rendered":"\n                \n                <div class=\"wp-block-group alignfull is-layout-flow wp-block-group-is-layout-flow\">\n                \n                <div class=\"wp-block-group container is-layout-flow wp-block-group-is-layout-flow\">\n                \n                <div class=\"wp-block-media-text alignfull has-media-on-the-right is-stacked-on-mobile is-pattern-p4-page-header is-style-parallax\">\n\n                <div class=\"wp-block-media-text__content\">\n                    <div class=\"wp-block-group is-layout-flow wp-block-group-is-layout-flow\">\n                    \n                        <h1 class=\"wp-block-heading has-white-background-color has-background\">\n                            Enkazdan Ba\u015fka Felaketler \u00c7\u0131kmas\u0131n\n                        <\/h1>\n                    <\/div>\n                \n\n                \n\n                \n\n                <\/div>\n                <figure class=\"wp-block-media-text__media\">\n                    <img loading=\"lazy\" decoding=\"async\" width=\"800\" height=\"533\"\n                        src=\"https:\/\/www.greenpeace.org\/static\/planet4-turkey-stateless\/2023\/02\/4aaa1af0-override.jpg\"\n                        alt=\"\"\n                        sizes=\"auto, (min-width: 601px) 50vw, 100vw\" srcset=\"https:\/\/www.greenpeace.org\/static\/planet4-turkey-stateless\/2023\/02\/4aaa1af0-override.jpg 800w, https:\/\/www.greenpeace.org\/static\/planet4-turkey-stateless\/2023\/02\/4aaa1af0-override-300x200.jpg 300w, https:\/\/www.greenpeace.org\/static\/planet4-turkey-stateless\/2023\/02\/4aaa1af0-override-768x512.jpg 768w, https:\/\/www.greenpeace.org\/static\/planet4-turkey-stateless\/2023\/02\/4aaa1af0-override-510x340.jpg 510w\" class=\"wp-image-7870 size-full\"\n                    \/>\n                <\/figure>\n                <\/div>\n                \n                <\/div>\n                \n                <\/div>\n                \n                \n<figure class=\"wp-block-image size-large\"><img loading=\"lazy\" decoding=\"async\" width=\"1024\" height=\"683\" src=\"https:\/\/www.greenpeace.org\/static\/planet4-turkey-stateless\/2023\/02\/5dc978bc-enkaz_imza-1024x683.jpg\" alt=\"\" class=\"wp-image-7885\" srcset=\"https:\/\/www.greenpeace.org\/static\/planet4-turkey-stateless\/2023\/02\/5dc978bc-enkaz_imza-1024x683.jpg 1024w, https:\/\/www.greenpeace.org\/static\/planet4-turkey-stateless\/2023\/02\/5dc978bc-enkaz_imza-300x200.jpg 300w, https:\/\/www.greenpeace.org\/static\/planet4-turkey-stateless\/2023\/02\/5dc978bc-enkaz_imza-768x512.jpg 768w, https:\/\/www.greenpeace.org\/static\/planet4-turkey-stateless\/2023\/02\/5dc978bc-enkaz_imza-510x340.jpg 510w, https:\/\/www.greenpeace.org\/static\/planet4-turkey-stateless\/2023\/02\/5dc978bc-enkaz_imza.jpg 1200w\" sizes=\"auto, (max-width: 1024px) 100vw, 1024px\" \/><\/figure>\n\n<p>Bu depremler \u201casr\u0131n felaketi\u201d olarak yans\u0131t\u0131lmaya \u00e7al\u0131\u015f\u0131l\u0131yor. Oysa \u00f6nlenemez bir do\u011fa olay\u0131 deprem, karar vericilerin, denetleyicilerin yanl\u0131\u015f ad\u0131mlar\u0131 sonucu bir felakete d\u00f6n\u00fc\u015ft\u00fc. Sistematik ihmaller, onbinlerce \u00f6nlenebilir \u00f6l\u00fcme neden oldu.<\/p>\n\n<p>\u015eimdi deprem b\u00f6lgesinde al\u0131nmayan \u00f6nlemler, uygulanmayan y\u00f6netmelikler sonucu yak\u0131nlar\u0131n\u0131 kaybeden milyonlarca insan ve k\u0131r\u0131lgan ekosistemimiz bu y\u0131k\u0131mdan do\u011fan ba\u015fka felaketlerle kar\u015f\u0131 kar\u015f\u0131ya.<\/p>\n\n<h2 class=\"wp-block-heading\">\u0130nsan ve \u00e7evre sa\u011fl\u0131\u011f\u0131 i\u00e7in b\u00fcy\u00fck tehdit<\/h2>\n\n<p>Y\u0131k\u0131lan binlerce yap\u0131 sonucu ortaya \u00e7\u0131kan milyonlarca ton enkaz insan ve \u00e7evre sa\u011fl\u0131\u011f\u0131 i\u00e7in b\u00fcy\u00fck tehdit olu\u015fturuyor. Enkazlar, ekolojik yap\u0131ya zarar verecek asbest gibi zehirli kimyasallar, zarar\u0131 herkes taraf\u0131ndan bilinen plastik t\u00fcrevleri ve daha bir\u00e7ok riskli malzeme bar\u0131nd\u0131r\u0131yor. Bu malzemelerin kontrols\u00fcz bi\u00e7imde vadiler, ovalar, tar\u0131m alanlar\u0131, sulak alanlar gibi b\u00f6lgelere ta\u015f\u0131nmas\u0131 topra\u011f\u0131, suyu, havay\u0131 kirleterek b\u00fct\u00fcn olarak ya\u015fam\u0131 tehlikeye atacak ve yeni felaketlere yol a\u00e7acakt\u0131r.\u00a0<\/p>\n\n<p>Ba\u015fka felaketlerin \u00f6n\u00fcne ge\u00e7mek i\u00e7in enkaz kald\u0131rma s\u00fcreci ilgili y\u00f6netmeli\u011fe uygun olarak y\u00fcr\u00fct\u00fclmeli, y\u00f6netmeli\u011fin eksik kald\u0131\u011f\u0131 durumlarda ise her a\u015fama insan ve do\u011fa yarar\u0131na planlanmal\u0131d\u0131r.<\/p>\n<div data-render=\"planet4-blocks\/columns\" data-attributes=\"{&quot;attributes&quot;:{&quot;columns_block_style&quot;:&quot;tasks&quot;,&quot;columns_title&quot;:&quot;Neler yapabilirsin?&quot;,&quot;columns&quot;:[{&quot;title&quot;:&quot;\\u0130mza Ver&quot;,&quot;description&quot;:&quot;Kampanyam\\u0131za imza vererek \\u00c7evre, \\u015eehircilik ve \\u0130klim De\\u011fi\\u015fikli\\u011fi Bakanl\\u0131\\u011f\\u0131\\u2019ndan enkaz kald\\u0131rma s\\u00fcrecini insana ve do\\u011faya zarar vermeyecek \\u015fekilde y\\u00f6netmesini, her ad\\u0131m\\u0131 \\u015feffaf bir \\u015fekilde payla\\u015fmas\\u0131n\\u0131 talep et.&quot;,&quot;cta_link&quot;:&quot;https:\\\/\\\/imza.greenpeace.org\\\/enkazdan-baska-felaketler-cikmasin&quot;,&quot;link_new_tab&quot;:false,&quot;cta_text&quot;:&quot;\\u0130MZA VER&quot;},{&quot;title&quot;:&quot;Geli\\u015fmeleri Takip Et&quot;,&quot;description&quot;:&quot;Deprem sonras\\u0131 olu\\u015fan at\\u0131klar\\u0131n y\\u00f6netiminden sorumlu ki\\u015fi, kurum ve kurulu\\u015flar, at\\u0131klar\\u0131n \\u00e7evre ve insan sa\\u011fl\\u0131\\u011f\\u0131na olabilecek zararl\\u0131 etkilerinin azalt\\u0131lmas\\u0131 i\\u00e7in gerekli tedbirleri almakla y\\u00fck\\u00fcml\\u00fcd\\u00fcrler. Sen de uygulamalar\\u0131n, insan ve \\u00e7evre sa\\u011fl\\u0131\\u011f\\u0131 g\\u00f6zetilerek hareket edildi\\u011fine dair en ufak bir soru i\\u015faretine yer b\\u0131rakmayacak \\u015fekilde y\\u00f6netilmesi i\\u00e7in s\\u00fcrecin takip\\u00e7isi ol.&quot;,&quot;cta_link&quot;:&quot;https:\\\/\\\/www.instagram.com\\\/greenpeaceturkiye\\\/&quot;,&quot;link_new_tab&quot;:false,&quot;cta_text&quot;:&quot;TAK\\u0130P ET&quot;},{&quot;title&quot;:&quot;\\u00c7evrendekilerle Payla\\u015f&quot;,&quot;description&quot;:&quot;Ba\\u015fka felaketlerin \\u00f6n\\u00fcne ge\\u00e7mek i\\u00e7in enkaz kald\\u0131rma s\\u00fcreci ilgili y\\u00f6netmeli\\u011fe uygun olarak y\\u00fcr\\u00fct\\u00fclmeli, y\\u00f6netmeli\\u011fin eksik kald\\u0131\\u011f\\u0131 durumlarda her a\\u015fama insan ve do\\u011fa yarar\\u0131na planlanmal\\u0131d\\u0131r. &quot;,&quot;cta_link&quot;:&quot;https:\\\/\\\/www.greenpeace.org\\\/turkey\\\/blog\\\/enkazdan-baska-felaketler-cikmasin\\\/&quot;,&quot;link_new_tab&quot;:false,&quot;cta_text&quot;:&quot;BLOGU PAYLA\\u015e&quot;}],&quot;className&quot;:&quot;is-style-tasks&quot;}}\"><\/div><div data-render=\"planet4-blocks\/gallery\" data-attributes=\"{&quot;attributes&quot;:{&quot;multiple_image&quot;:&quot;7874,7876,7877&quot;,&quot;gallery_block_focus_points&quot;:&quot;{u00227875u0022:u002247% 0%u0022}&quot;,&quot;image_data&quot;:[{&quot;url&quot;:&quot;https:\\\/\\\/www.greenpeace.org\\\/static\\\/planet4-turkey-stateless\\\/2023\\\/02\\\/2d2b1bb5-slider1.jpg&quot;,&quot;focalPoint&quot;:{&quot;x&quot;:0.5,&quot;y&quot;:0.5},&quot;id&quot;:7874},{&quot;url&quot;:&quot;https:\\\/\\\/www.greenpeace.org\\\/static\\\/planet4-turkey-stateless\\\/2023\\\/02\\\/495e184b-slider3.jpg&quot;,&quot;focalPoint&quot;:{&quot;x&quot;:0.5,&quot;y&quot;:0.5},&quot;id&quot;:7876},{&quot;url&quot;:&quot;https:\\\/\\\/www.greenpeace.org\\\/static\\\/planet4-turkey-stateless\\\/2023\\\/02\\\/57d81310-slider4.jpg&quot;,&quot;focalPoint&quot;:{&quot;x&quot;:0.5,&quot;y&quot;:0.5},&quot;id&quot;:7877}],&quot;gallery_block_style&quot;:0,&quot;gallery_block_title&quot;:&quot;&quot;,&quot;gallery_block_description&quot;:&quot;&quot;,&quot;images&quot;:[{&quot;image_src&quot;:&quot;https:\\\/\\\/www.greenpeace.org\\\/static\\\/planet4-turkey-stateless\\\/2023\\\/02\\\/2d2b1bb5-slider1.jpg&quot;,&quot;image_srcset&quot;:&quot;https:\\\/\\\/www.greenpeace.org\\\/static\\\/planet4-turkey-stateless\\\/2023\\\/02\\\/2d2b1bb5-slider1.jpg 1200w, https:\\\/\\\/www.greenpeace.org\\\/static\\\/planet4-turkey-stateless\\\/2023\\\/02\\\/2d2b1bb5-slider1-300x225.jpg 300w, https:\\\/\\\/www.greenpeace.org\\\/static\\\/planet4-turkey-stateless\\\/2023\\\/02\\\/2d2b1bb5-slider1-1024x768.jpg 1024w, https:\\\/\\\/www.greenpeace.org\\\/static\\\/planet4-turkey-stateless\\\/2023\\\/02\\\/2d2b1bb5-slider1-768x576.jpg 768w, https:\\\/\\\/www.greenpeace.org\\\/static\\\/planet4-turkey-stateless\\\/2023\\\/02\\\/2d2b1bb5-slider1-453x340.jpg 453w&quot;,&quot;image_sizes&quot;:false,&quot;alt_text&quot;:&quot;&quot;,&quot;caption&quot;:&quot;&quot;,&quot;focus_image&quot;:&quot;&quot;,&quot;credits&quot;:&quot;&quot;},{&quot;image_src&quot;:&quot;https:\\\/\\\/www.greenpeace.org\\\/static\\\/planet4-turkey-stateless\\\/2023\\\/02\\\/495e184b-slider3.jpg&quot;,&quot;image_srcset&quot;:&quot;https:\\\/\\\/www.greenpeace.org\\\/static\\\/planet4-turkey-stateless\\\/2023\\\/02\\\/495e184b-slider3.jpg 1200w, https:\\\/\\\/www.greenpeace.org\\\/static\\\/planet4-turkey-stateless\\\/2023\\\/02\\\/495e184b-slider3-300x200.jpg 300w, https:\\\/\\\/www.greenpeace.org\\\/static\\\/planet4-turkey-stateless\\\/2023\\\/02\\\/495e184b-slider3-1024x683.jpg 1024w, https:\\\/\\\/www.greenpeace.org\\\/static\\\/planet4-turkey-stateless\\\/2023\\\/02\\\/495e184b-slider3-768x512.jpg 768w, https:\\\/\\\/www.greenpeace.org\\\/static\\\/planet4-turkey-stateless\\\/2023\\\/02\\\/495e184b-slider3-510x340.jpg 510w&quot;,&quot;image_sizes&quot;:false,&quot;alt_text&quot;:&quot;&quot;,&quot;caption&quot;:&quot;&quot;,&quot;focus_image&quot;:&quot;&quot;,&quot;credits&quot;:&quot;&quot;},{&quot;image_src&quot;:&quot;https:\\\/\\\/www.greenpeace.org\\\/static\\\/planet4-turkey-stateless\\\/2023\\\/02\\\/57d81310-slider4.jpg&quot;,&quot;image_srcset&quot;:&quot;https:\\\/\\\/www.greenpeace.org\\\/static\\\/planet4-turkey-stateless\\\/2023\\\/02\\\/57d81310-slider4.jpg 1200w, https:\\\/\\\/www.greenpeace.org\\\/static\\\/planet4-turkey-stateless\\\/2023\\\/02\\\/57d81310-slider4-300x200.jpg 300w, https:\\\/\\\/www.greenpeace.org\\\/static\\\/planet4-turkey-stateless\\\/2023\\\/02\\\/57d81310-slider4-1024x683.jpg 1024w, https:\\\/\\\/www.greenpeace.org\\\/static\\\/planet4-turkey-stateless\\\/2023\\\/02\\\/57d81310-slider4-768x512.jpg 768w, https:\\\/\\\/www.greenpeace.org\\\/static\\\/planet4-turkey-stateless\\\/2023\\\/02\\\/57d81310-slider4-510x340.jpg 510w&quot;,&quot;image_sizes&quot;:false,&quot;alt_text&quot;:&quot;&quot;,&quot;caption&quot;:&quot;&quot;,&quot;focus_image&quot;:&quot;&quot;,&quot;credits&quot;:&quot;&quot;}]}}\"><\/div>","protected":false},"excerpt":{"rendered":"<p>Her f\u0131rsatta bir deprem \u00fclkesi oldu\u011fu ger\u00e7e\u011finin alt\u0131 \u00e7izilen T\u00fcrkiye 6 \u015eubat g\u00fcn\u00fc iki \u015fiddetli depremle b\u00fcy\u00fck bir y\u0131k\u0131m ya\u015fad\u0131.\u00a0<\/p>\n","protected":false},"author":26,"featured_media":7888,"parent":9,"menu_order":0,"comment_status":"closed","ping_status":"closed","template":"","meta":{"ep_exclude_from_search":false,"p4_hide_page_title_checkbox":"on","p4_title":"","p4_subtitle":"","p4_description":"","background_image_id":"","background_image":"","p4_button_title":"","p4_button_link":"","p4_button_link_checkbox":"","p4_og_title":"","p4_og_description":"","p4_og_image":"","p4_og_image_id":"","p4_seo_canonical_url":"","p4_campaign_name":"not set","p4_local_project":"not set","p4_basket_name":"not set","p4_department":"","footnotes":""},"categories":[24],"tags":[6],"class_list":["post-7861","page","type-page","status-publish","has-post-thumbnail","hentry","category-iklim-krizi","tag-iklim-adaleti"],"_links":{"self":[{"href":"https:\/\/www.greenpeace.org\/turkey\/wp-json\/wp\/v2\/pages\/7861","targetHints":{"allow":["GET"]}}],"collection":[{"href":"https:\/\/www.greenpeace.org\/turkey\/wp-json\/wp\/v2\/pages"}],"about":[{"href":"https:\/\/www.greenpeace.org\/turkey\/wp-json\/wp\/v2\/types\/page"}],"author":[{"embeddable":true,"href":"https:\/\/www.greenpeace.org\/turkey\/wp-json\/wp\/v2\/users\/26"}],"replies":[{"embeddable":true,"href":"https:\/\/www.greenpeace.org\/turkey\/wp-json\/wp\/v2\/comments?post=7861"}],"version-history":[{"count":20,"href":"https:\/\/www.greenpeace.org\/turkey\/wp-json\/wp\/v2\/pages\/7861\/revisions"}],"predecessor-version":[{"id":9262,"href":"https:\/\/www.greenpeace.org\/turkey\/wp-json\/wp\/v2\/pages\/7861\/revisions\/9262"}],"up":[{"embeddable":true,"href":"https:\/\/www.greenpeace.org\/turkey\/wp-json\/wp\/v2\/pages\/9"}],"wp:featuredmedia":[{"embeddable":true,"href":"https:\/\/www.greenpeace.org\/turkey\/wp-json\/wp\/v2\/media\/7888"}],"wp:attachment":[{"href":"https:\/\/www.greenpeace.org\/turkey\/wp-json\/wp\/v2\/media?parent=7861"}],"wp:term":[{"taxonomy":"category","embeddable":true,"href":"https:\/\/www.greenpeace.org\/turkey\/wp-json\/wp\/v2\/categories?post=7861"},{"taxonomy":"post_tag","embeddable":true,"href":"https:\/\/www.greenpeace.org\/turkey\/wp-json\/wp\/v2\/tags?post=7861"}],"curies":[{"name":"wp","href":"https:\/\/api.w.org\/{rel}","templated":true}]}}