{"id":8102,"date":"2023-05-22T11:10:05","date_gmt":"2023-05-22T08:10:05","guid":{"rendered":"https:\/\/www.greenpeace.org\/turkey\/?page_id=8102"},"modified":"2025-09-23T13:05:15","modified_gmt":"2025-09-23T10:05:15","slug":"kentsel-adalet","status":"publish","type":"page","link":"https:\/\/www.greenpeace.org\/turkey\/harekete-gec\/kentsel-adalet\/","title":{"rendered":"Kentsel Adalet"},"content":{"rendered":"\n                    <div class=\"wp-block-group is-vertical is-layout-flex wp-container-core-group-is-layout-8cf370e7 wp-block-group-is-layout-flex\">\n                    \n                                <p>Deprem korkusu, bu korkuyu bile bast\u0131rabilen \u201cev sahibim evden \u00e7\u0131kar\u0131r m\u0131\u201d endi\u015fesi, trafik, hava kirlili\u011fi, bolca beton, nadiren ye\u015fil alan. Ya\u011fmur ya\u011far sel basar, 8 Mart&#8217;ta sesini duyurmak istersin otorite biber gaz\u0131 basar. Kad\u0131nsan &#8220;o saatte orada ne i\u015fin vard\u0131r&#8221; zaten. 1 May\u0131s&#8217;ta eme\u011fini kutlamak i\u00e7in kentin meydan\u0131na \u00e7\u0131kmak istersin; kapal\u0131. Pazara \u00e7\u0131kar, araban\u0131 sebze meyveyle doldurursun c\u00fczdan\u0131n bo\u015fal\u0131r. Do\u011falgaz, elektrik faturas\u0131 derken kentte ya\u015faman\u0131n bedeli her anlamda gittik\u00e7e a\u011f\u0131rla\u015f\u0131r. Oysa kentlerde daha adil bir ya\u015fam m\u00fcmk\u00fcn. Yaln\u0131zca m\u00fcmk\u00fcn de\u011fil gerekli. Sosyal ve ekolojik adaletin sa\u011fland\u0131\u011f\u0131 kentler insanca ya\u015faman\u0131n gere\u011fi.<\/p>\n                            \n\n                    \n                            <div class=\"wp-block-buttons is-layout-flex wp-block-buttons-is-layout-flex\">\n                            <div class=\"wp-block-button\">\n                                <a class=\"wp-block-button__link wp-element-button\" href=\"https:\/\/imza.greenpeace.org\/kentseladalet\" target=\"_blank\" rel=\"noreferrer noopener\">\n                                    Kentini Se\u00e7!\n                                <\/a>\n                            <\/div>\n                            <\/div>\n                            \n                    <\/div>\n                    <div data-render=\"planet4-blocks\/columns\" data-attributes=\"{&quot;attributes&quot;:{&quot;columns_block_style&quot;:&quot;image&quot;,&quot;columns&quot;:[{&quot;title&quot;:&quot;\\u00d6zg\\u00fcr Kent&quot;,&quot;description&quot;:&quot;Hayvan haklar\\u0131 i\\u00e7in eylem mi yapmak istiyorsun, kad\\u0131n haklar\\u0131 i\\u00e7in mi hayk\\u0131rmak istiyorsun, anadilde e\\u011fitim hakk\\u0131n\\u0131 m\\u0131 savunmak istiyorsun, gezegenin gelece\\u011fi i\\u00e7in endi\\u015felerini bir protestoyla m\\u0131 anlatmak istiyorsun? Meydanlar senin! \\u015eiddet yok, g\\u00f6zalt\\u0131 riski yok; bu kentte ifade \\u00f6zg\\u00fcrl\\u00fc\\u011f\\u00fc var!&quot;,&quot;link_new_tab&quot;:false,&quot;attachment&quot;:&quot;https:\\\/\\\/www.greenpeace.org\\\/static\\\/planet4-turkey-stateless\\\/2023\\\/05\\\/c67bd844-1-191x340.jpg&quot;,&quot;attachment_srcset&quot;:&quot;https:\\\/\\\/www.greenpeace.org\\\/static\\\/planet4-turkey-stateless\\\/2023\\\/05\\\/c67bd844-1-191x340.jpg 191w, https:\\\/\\\/www.greenpeace.org\\\/static\\\/planet4-turkey-stateless\\\/2023\\\/05\\\/c67bd844-1-169x300.jpg 169w, https:\\\/\\\/www.greenpeace.org\\\/static\\\/planet4-turkey-stateless\\\/2023\\\/05\\\/c67bd844-1.jpg 427w&quot;},{&quot;title&quot;:&quot;Eri\\u015filebilir Kent&quot;,&quot;description&quot;:&quot;Pazarda yerel \\u00fcreticilerin yeti\\u015ftirdi\\u011fi \\u00fcr\\u00fcnler, uzun yollardan gelmemi\\u015f, taze, zehirsiz, ula\\u015f\\u0131labilir fiyatl\\u0131 g\\u0131dalar. Elektrik \\u0131s\\u0131nma temiz enerjiden, faturalar\\u0131n maa\\u015f\\u0131nla dost. Toplu ta\\u015f\\u0131ma t\\u0131k\\u0131r t\\u0131k\\u0131r\\u2026 Bisiklet kullanmak can\\u0131n\\u0131 tehlikeye atmak demek de\\u011fil. Mahallende parklar, bah\\u00e7eler; ye\\u015fille bulu\\u015fmak i\\u00e7in uzaklara gitmene gerek yok.&quot;,&quot;link_new_tab&quot;:false,&quot;attachment&quot;:&quot;https:\\\/\\\/www.greenpeace.org\\\/static\\\/planet4-turkey-stateless\\\/2023\\\/05\\\/c6e5c7cb-2-191x340.jpg&quot;,&quot;attachment_srcset&quot;:&quot;https:\\\/\\\/www.greenpeace.org\\\/static\\\/planet4-turkey-stateless\\\/2023\\\/05\\\/c6e5c7cb-2-191x340.jpg 191w, https:\\\/\\\/www.greenpeace.org\\\/static\\\/planet4-turkey-stateless\\\/2023\\\/05\\\/c6e5c7cb-2-169x300.jpg 169w, https:\\\/\\\/www.greenpeace.org\\\/static\\\/planet4-turkey-stateless\\\/2023\\\/05\\\/c6e5c7cb-2.jpg 427w&quot;},{&quot;title&quot;:&quot;Do\\u011fayla Uyumlu Kent&quot;,&quot;description&quot;:&quot;Sa\\u011fanak sonras\\u0131 sel basmayan, toprak kaymas\\u0131, heyelan tehlikesinin olmad\\u0131\\u011f\\u0131, diren\\u00e7li kent. Deprem korkusunun uykular\\u0131 ka\\u00e7\\u0131rmad\\u0131\\u011f\\u0131\\u2026 Soludu\\u011fun havan\\u0131n seni yava\\u015f yava\\u015f zehirlemedi\\u011fi\\u2026 At\\u0131klar\\u0131n do\\u011faya ve insana y\\u00fck olmad\\u0131\\u011f\\u0131\\u2026 G\\u00fcvenli bar\\u0131nma ihtiyac\\u0131n\\u0131n l\\u00fcks tan\\u0131m\\u0131na girmedi\\u011fi, temel insani bir hak oldu\\u011fu kentler.&quot;,&quot;link_new_tab&quot;:false,&quot;attachment&quot;:&quot;https:\\\/\\\/www.greenpeace.org\\\/static\\\/planet4-turkey-stateless\\\/2023\\\/05\\\/2f8e491b-3-191x340.jpg&quot;,&quot;attachment_srcset&quot;:&quot;https:\\\/\\\/www.greenpeace.org\\\/static\\\/planet4-turkey-stateless\\\/2023\\\/05\\\/2f8e491b-3-191x340.jpg 191w, https:\\\/\\\/www.greenpeace.org\\\/static\\\/planet4-turkey-stateless\\\/2023\\\/05\\\/2f8e491b-3-169x300.jpg 169w, https:\\\/\\\/www.greenpeace.org\\\/static\\\/planet4-turkey-stateless\\\/2023\\\/05\\\/2f8e491b-3.jpg 427w&quot;}],&quot;className&quot;:&quot;is-style-image&quot;}}\"><\/div><div data-render=\"planet4-blocks\/columns\" data-attributes=\"{&quot;attributes&quot;:{&quot;columns_block_style&quot;:&quot;tasks&quot;,&quot;columns_title&quot;:&quot;&quot;,&quot;columns&quot;:[{&quot;description&quot;:&quot;Do\\u011fal afetlere, depreme diren\\u00e7li, ye\\u015fil ve s\\u00fcrd\\u00fcr\\u00fclebilir enerjiden g\\u00fcc\\u00fcn\\u00fc alan, yerel \\u00fcreticiyi destekleyen, toplu ta\\u015f\\u0131may\\u0131 her kesimden insan\\u0131n kulland\\u0131\\u011f\\u0131, kentin gelece\\u011fini ilgilendiren kararlar\\u0131n kentte ya\\u015fayanlar\\u0131n kat\\u0131l\\u0131m\\u0131yla al\\u0131nd\\u0131\\u011f\\u0131, ifade \\u00f6zg\\u00fcrl\\u00fc\\u011f\\u00fcn\\u00fcn korundu\\u011fu, kad\\u0131nlar\\u0131n, \\u00e7ocuklar\\u0131n, gen\\u00e7lerin, ya\\u015fl\\u0131lar\\u0131n, engellilerin kendini g\\u00fcvende ve iyi hissetti\\u011fi adil kentler in\\u015fa etmek m\\u00fcmk\\u00fcn.u003cbru003eu003cbru003eNihai ama\\u00e7 hepsini ba\\u015farmak ancak bunun i\\u00e7in bir yerden ba\\u015flamal\\u0131. Hadi kentin bir par\\u00e7as\\u0131 olarak buna sen karar ver. \\u0130lk hedefimiz hangisi olsun? Birlikte ba\\u015farmak i\\u00e7in birlikte karar verelim.&quot;,&quot;attachment&quot;:&quot;https:\\\/\\\/www.greenpeace.org\\\/static\\\/planet4-turkey-stateless\\\/2023\\\/05\\\/157b6f62-gp0stpg7f-510x340.jpg&quot;,&quot;cta_link&quot;:&quot;https:\\\/\\\/imza.greenpeace.org\\\/kentseladalet&quot;,&quot;link_new_tab&quot;:false,&quot;cta_text&quot;:&quot;Ankete Kat\\u0131l&quot;,&quot;title&quot;:&quot;Kentini Se\\u00e7!&quot;,&quot;attachment_srcset&quot;:&quot;https:\\\/\\\/www.greenpeace.org\\\/static\\\/planet4-turkey-stateless\\\/2023\\\/05\\\/157b6f62-gp0stpg7f-510x340.jpg 510w, https:\\\/\\\/www.greenpeace.org\\\/static\\\/planet4-turkey-stateless\\\/2023\\\/05\\\/157b6f62-gp0stpg7f-300x200.jpg 300w, https:\\\/\\\/www.greenpeace.org\\\/static\\\/planet4-turkey-stateless\\\/2023\\\/05\\\/157b6f62-gp0stpg7f-1024x683.jpg 1024w, https:\\\/\\\/www.greenpeace.org\\\/static\\\/planet4-turkey-stateless\\\/2023\\\/05\\\/157b6f62-gp0stpg7f-768x512.jpg 768w, https:\\\/\\\/www.greenpeace.org\\\/static\\\/planet4-turkey-stateless\\\/2023\\\/05\\\/157b6f62-gp0stpg7f-1536x1024.jpg 1536w, https:\\\/\\\/www.greenpeace.org\\\/static\\\/planet4-turkey-stateless\\\/2023\\\/05\\\/157b6f62-gp0stpg7f.jpg 1620w&quot;},{&quot;description&quot;:&quot;D\\u00fcnya n\\u00fcfusu 8 milyara ula\\u015ft\\u0131 ve yar\\u0131s\\u0131ndan \\u00e7o\\u011fu kentlerde ya\\u015f\\u0131yor. Bu nedenle ya\\u015fanabilir bir d\\u00fcnya hedefine ula\\u015fmak i\\u00e7in kentlerden ba\\u015flamak do\\u011fru bir ad\\u0131m. \\u00dcstelik kentler iklim krizinin ba\\u015fl\\u0131ca nedenlerinden karbon sal\\u0131m\\u0131n\\u0131n yakla\\u015f\\u0131k y\\u00fczde 70\\u2019inden sorumlu. Herkes i\\u00e7in adil, g\\u00fcvenli ve ya\\u015fanabilir kentler, kent sakinlerinin kolektif taleplerle harekete ge\\u00e7mesiyle m\\u00fcmk\\u00fcn. Hadi \\u015fimdi kentlerden ba\\u015flayarak d\\u00fcnyay\\u0131 de\\u011fi\\u015ftirelim! Videoyu arkada\\u015flar\\u0131nla payla\\u015f.&quot;,&quot;attachment&quot;:&quot;https:\\\/\\\/www.greenpeace.org\\\/static\\\/planet4-turkey-stateless\\\/2023\\\/05\\\/66a20db7-screen-shot-2023-05-22-at-10.59.17-510x285.jpg&quot;,&quot;cta_link&quot;:&quot;https:\\\/\\\/www.instagram.com\\\/reel\\\/CrvCjQGIthT\\\/?utm_source=ig_web_copy_linku0026igshid=MzRlODBiNWFlZA==&quot;,&quot;link_new_tab&quot;:false,&quot;cta_text&quot;:&quot;Videoyu Payla\\u015f&quot;,&quot;title&quot;:&quot;Neden Kentler?&quot;,&quot;attachment_srcset&quot;:&quot;https:\\\/\\\/www.greenpeace.org\\\/static\\\/planet4-turkey-stateless\\\/2023\\\/05\\\/66a20db7-screen-shot-2023-05-22-at-10.59.17-510x285.jpg 510w, https:\\\/\\\/www.greenpeace.org\\\/static\\\/planet4-turkey-stateless\\\/2023\\\/05\\\/66a20db7-screen-shot-2023-05-22-at-10.59.17-300x168.jpg 300w, https:\\\/\\\/www.greenpeace.org\\\/static\\\/planet4-turkey-stateless\\\/2023\\\/05\\\/66a20db7-screen-shot-2023-05-22-at-10.59.17.jpg 724w&quot;}],&quot;className&quot;:&quot;is-style-tasks&quot;}}\"><\/div>\n        <div class=\"wp-block-group is-layout-flow wp-block-group-is-layout-flow\">\n        \n        \n        <figure class=\"wp-block-video\"><video controls poster=\"\" src=\"https:\/\/www.greenpeace.org\/static\/planet4-turkey-stateless\/2023\/05\/b471223d-lq_solid_web_landscape_justist_lansman-copy.mp4\"><\/video><\/figure><\/div>\n        \n    <div class=\"wp-block-query posts-list p4-query-loop is-custom-layout-list is-layout-flow wp-block-query-is-layout-flow\">\n        <div class=\"wp-block-group is-content-justification-space-between is-layout-flex wp-container-core-group-is-layout-3d213aab wp-block-group-is-layout-flex\"><h2 class=\"wp-block-heading\">\u0130lgili Yaz\u0131lar<\/h2>\n        <li class=\" wp-block-navigation-item see-all-link wp-block-navigation-link\"><a class=\"wp-block-navigation-item__content\"  href=\"http:\/\/www.greenpeace.org\/turkey\/news-stories\/?tag=okyanuslar\"><span class=\"wp-block-navigation-item__label\">See all stories<\/span><\/a><\/li>\n        \n        <\/div>\n        \n\n    <p style=\"margin-top: 24px; margin-bottom: 36px;\"><\/p>\n\n    \n\n    <ul class=\"wp-block-post-template is-layout-flow wp-block-post-template-is-layout-flow\"><li class=\"wp-block-post post-9947 post type-post status-publish format-standard has-post-thumbnail hentry category-biyocesitlilik-doga category-sorunlar-ve-cozumler tag-okyanuslar p4-page-type-blog\">\n            \n<div class=\"wp-block-columns is-layout-flex wp-container-core-columns-is-layout-9d6595d7 wp-block-columns-is-layout-flex\"><figure class=\"wp-block-post-featured-image\"><a href=\"https:\/\/www.greenpeace.org\/turkey\/blog\/basardik-turkiye-kuresel-okyanus-antlasmasini-onayladi-260122\/\" target=\"_self\"  ><img loading=\"lazy\" decoding=\"async\" width=\"1400\" height=\"926\" src=\"https:\/\/www.greenpeace.org\/static\/planet4-turkey-stateless\/2026\/01\/6c63b1bd-image.jpeg\" class=\"attachment-post-thumbnail size-post-thumbnail wp-post-image wp-stateless-item\" alt=\"Ba\u015fard\u0131k: T\u00fcrkiye K\u00fcresel Okyanus Antla\u015fmas\u0131\u2019n\u0131 onaylad\u0131, Antla\u015fma y\u00fcr\u00fcrl\u00fckte\u00a0\" style=\"object-fit:cover;\" srcset=\"https:\/\/www.greenpeace.org\/static\/planet4-turkey-stateless\/2026\/01\/6c63b1bd-image.jpeg 1400w, https:\/\/www.greenpeace.org\/static\/planet4-turkey-stateless\/2026\/01\/6c63b1bd-image-300x198.jpeg 300w, https:\/\/www.greenpeace.org\/static\/planet4-turkey-stateless\/2026\/01\/6c63b1bd-image-1024x677.jpeg 1024w, https:\/\/www.greenpeace.org\/static\/planet4-turkey-stateless\/2026\/01\/6c63b1bd-image-768x508.jpeg 768w, https:\/\/www.greenpeace.org\/static\/planet4-turkey-stateless\/2026\/01\/6c63b1bd-image-510x337.jpeg 510w\" sizes=\"auto, (max-width: 1400px) 100vw, 1400px\" data-image-size=\"post-thumbnail\" data-stateless-media-bucket=\"planet4-turkey-stateless\" data-stateless-media-name=\"2026\/01\/6c63b1bd-image.jpeg\" \/><\/a><\/figure>\n\n        <div class=\"wp-block-group is-layout-flow wp-block-group-is-layout-flow\">\n                <div class=\"wp-block-group is-layout-flex wp-block-group-is-layout-flex\"><div class=\"wp-block-post-terms\"><a href=\"https:\/\/www.greenpeace.org\/turkey\/category\/sorunlar-ve-cozumler\/biyocesitlilik-doga\/\">Biyo\u00e7e\u015fitlilik ve Do\u011fa<\/a><\/div>\n                <div class=\"taxonomy-post_tag wp-block-post-terms\"><a href=\"https:\/\/www.greenpeace.org\/turkey\/tag\/okyanuslar\/\" rel=\"tag\">Okyanuslar<\/a><\/div>\n                \n                <\/div>\n                \n        <h3 class=\"wp-block-post-title\"><a href=\"https:\/\/www.greenpeace.org\/turkey\/blog\/basardik-turkiye-kuresel-okyanus-antlasmasini-onayladi-260122\/\" target=\"_self\" >Ba\u015fard\u0131k: T\u00fcrkiye K\u00fcresel Okyanus Antla\u015fmas\u0131\u2019n\u0131 onaylad\u0131, Antla\u015fma y\u00fcr\u00fcrl\u00fckte\u00a0<\/a><\/h3>\n        <div class=\"wp-block-post-excerpt\"><p class=\"wp-block-post-excerpt__excerpt\">22 Ocak 2026, \u0130stanbul \u2013 Greenpeace T\u00fcrkiye\u2019nin ulusal s\u0131n\u0131rlar\u0131n \u00f6tesindeki do\u011fal alanlar\u0131 koruma f\u0131rsat\u0131 sunan K\u00fcresel Okyanus Antla\u015fmas\u0131\u2019n\u0131n onaylanmas\u0131 i\u00e7in s\u00fcrd\u00fcrd\u00fc\u011f\u00fc ve 10 binden fazla ki\u015finin imza verdi\u011fi kampanyas\u0131 kazan\u0131mla&hellip; <\/p><\/div>\n        \n        <div class=\"wp-block-group posts-list-meta is-layout-flow wp-block-group-is-layout-flow\"><span class='article-list-item-author'><a href='https:\/\/www.greenpeace.org\/turkey\/author\/bececeli\/'>Greenpeace T\u00fcrkiye<\/a><\/span>\n        <div class=\"wp-block-post-date\"><time datetime=\"2026-01-22T13:41:57+03:00\">22 Ocak 2026<\/time><\/div>\n        \n        <\/div>\n        <\/div>\n        <\/div>\n\n            <\/li><li class=\"wp-block-post post-9942 post type-post status-publish format-standard has-post-thumbnail hentry category-biyocesitlilik-doga category-sorunlar-ve-cozumler tag-okyanuslar p4-page-type-basin-bultenleri\">\n            \n<div class=\"wp-block-columns is-layout-flex wp-container-core-columns-is-layout-9d6595d7 wp-block-columns-is-layout-flex\"><figure class=\"wp-block-post-featured-image\"><a href=\"https:\/\/www.greenpeace.org\/turkey\/basin-bultenleri\/greenpeace-kampanyasi-sonuc-verdi-260122\/\" target=\"_self\"  ><img loading=\"lazy\" decoding=\"async\" width=\"1400\" height=\"926\" src=\"https:\/\/www.greenpeace.org\/static\/planet4-turkey-stateless\/2026\/01\/6c63b1bd-image.jpeg\" class=\"attachment-post-thumbnail size-post-thumbnail wp-post-image wp-stateless-item\" alt=\"Greenpeace Kampanyas\u0131 Sonu\u00e7 Verdi: T\u00fcrkiye K\u00fcresel Okyanus Antla\u015fmas\u0131\u2019n\u0131 Onaylad\u0131, Antla\u015fma Y\u00fcr\u00fcrl\u00fckte\u00a0\" style=\"object-fit:cover;\" srcset=\"https:\/\/www.greenpeace.org\/static\/planet4-turkey-stateless\/2026\/01\/6c63b1bd-image.jpeg 1400w, https:\/\/www.greenpeace.org\/static\/planet4-turkey-stateless\/2026\/01\/6c63b1bd-image-300x198.jpeg 300w, https:\/\/www.greenpeace.org\/static\/planet4-turkey-stateless\/2026\/01\/6c63b1bd-image-1024x677.jpeg 1024w, https:\/\/www.greenpeace.org\/static\/planet4-turkey-stateless\/2026\/01\/6c63b1bd-image-768x508.jpeg 768w, https:\/\/www.greenpeace.org\/static\/planet4-turkey-stateless\/2026\/01\/6c63b1bd-image-510x337.jpeg 510w\" sizes=\"auto, (max-width: 1400px) 100vw, 1400px\" data-image-size=\"post-thumbnail\" data-stateless-media-bucket=\"planet4-turkey-stateless\" data-stateless-media-name=\"2026\/01\/6c63b1bd-image.jpeg\" \/><\/a><\/figure>\n\n        <div class=\"wp-block-group is-layout-flow wp-block-group-is-layout-flow\">\n                <div class=\"wp-block-group is-layout-flex wp-block-group-is-layout-flex\"><div class=\"wp-block-post-terms\"><a href=\"https:\/\/www.greenpeace.org\/turkey\/category\/sorunlar-ve-cozumler\/biyocesitlilik-doga\/\">Biyo\u00e7e\u015fitlilik ve Do\u011fa<\/a><\/div>\n                <div class=\"taxonomy-post_tag wp-block-post-terms\"><a href=\"https:\/\/www.greenpeace.org\/turkey\/tag\/okyanuslar\/\" rel=\"tag\">Okyanuslar<\/a><\/div>\n                \n                <\/div>\n                \n        <h3 class=\"wp-block-post-title\"><a href=\"https:\/\/www.greenpeace.org\/turkey\/basin-bultenleri\/greenpeace-kampanyasi-sonuc-verdi-260122\/\" target=\"_self\" >Greenpeace Kampanyas\u0131 Sonu\u00e7 Verdi: T\u00fcrkiye K\u00fcresel Okyanus Antla\u015fmas\u0131\u2019n\u0131 Onaylad\u0131, Antla\u015fma Y\u00fcr\u00fcrl\u00fckte\u00a0<\/a><\/h3>\n        <div class=\"wp-block-post-excerpt\"><p class=\"wp-block-post-excerpt__excerpt\">22 Ocak 2026, \u0130stanbul \u2013 Greenpeace T\u00fcrkiye\u2019nin ulusal s\u0131n\u0131rlar\u0131n \u00f6tesindeki do\u011fal alanlar\u0131 koruma f\u0131rsat\u0131 sunan K\u00fcresel Okyanus Antla\u015fmas\u0131\u2019n\u0131n onaylanmas\u0131 i\u00e7in s\u00fcrd\u00fcrd\u00fc\u011f\u00fc ve 10 binden fazla ki\u015finin imza verdi\u011fi kampanyas\u0131 kazan\u0131mla&hellip; <\/p><\/div>\n        \n        <div class=\"wp-block-group posts-list-meta is-layout-flow wp-block-group-is-layout-flow\"><span class='article-list-item-author'><a href='https:\/\/www.greenpeace.org\/turkey\/author\/bececeli\/'>Greenpeace T\u00fcrkiye<\/a><\/span>\n        <div class=\"wp-block-post-date\"><time datetime=\"2026-01-22T12:47:38+03:00\">22 Ocak 2026<\/time><\/div>\n        \n        <\/div>\n        <\/div>\n        <\/div>\n\n            <\/li><li class=\"wp-block-post post-9912 post type-post status-publish format-standard has-post-thumbnail hentry category-sorunlar-ve-cozumler category-iklim-krizi tag-iklim-adaleti tag-yenilenebilir-enerji tag-ormanlar tag-okyanuslar tag-plastik tag-iklim-degisikligi tag-komur tag-gidatarim p4-page-type-blog\">\n            \n<div class=\"wp-block-columns is-layout-flex wp-container-core-columns-is-layout-9d6595d7 wp-block-columns-is-layout-flex\"><figure class=\"wp-block-post-featured-image\"><a href=\"https:\/\/www.greenpeace.org\/turkey\/blog\/2025te-one-cikan-kampanyalarimiz\/\" target=\"_self\"  ><img loading=\"lazy\" decoding=\"async\" width=\"1200\" height=\"794\" src=\"https:\/\/www.greenpeace.org\/static\/planet4-turkey-stateless\/2026\/01\/f2d3746b-gp0su5nhh.jpg\" class=\"attachment-post-thumbnail size-post-thumbnail wp-post-image wp-stateless-item\" alt=\"2025\u2019te Greenpeace T\u00fcrkiye\u2019de \u00f6ne \u00e7\u0131kan kampanyalar\u0131m\u0131z\" style=\"object-fit:cover;\" srcset=\"https:\/\/www.greenpeace.org\/static\/planet4-turkey-stateless\/2026\/01\/f2d3746b-gp0su5nhh.jpg 1200w, https:\/\/www.greenpeace.org\/static\/planet4-turkey-stateless\/2026\/01\/f2d3746b-gp0su5nhh-300x199.jpg 300w, https:\/\/www.greenpeace.org\/static\/planet4-turkey-stateless\/2026\/01\/f2d3746b-gp0su5nhh-1024x678.jpg 1024w, https:\/\/www.greenpeace.org\/static\/planet4-turkey-stateless\/2026\/01\/f2d3746b-gp0su5nhh-768x508.jpg 768w, https:\/\/www.greenpeace.org\/static\/planet4-turkey-stateless\/2026\/01\/f2d3746b-gp0su5nhh-510x337.jpg 510w\" sizes=\"auto, (max-width: 1200px) 100vw, 1200px\" data-image-size=\"post-thumbnail\" data-stateless-media-bucket=\"planet4-turkey-stateless\" data-stateless-media-name=\"2026\/01\/f2d3746b-gp0su5nhh.jpg\" \/><\/a><\/figure>\n\n        <div class=\"wp-block-group is-layout-flow wp-block-group-is-layout-flow\">\n                <div class=\"wp-block-group is-layout-flex wp-block-group-is-layout-flex\"><div class=\"wp-block-post-terms\"><a href=\"https:\/\/www.greenpeace.org\/turkey\/category\/sorunlar-ve-cozumler\/\">\u00c7al\u0131\u015ft\u0131\u011f\u0131m\u0131z Alanlar<\/a><\/div>\n                <div class=\"taxonomy-post_tag wp-block-post-terms\"><a href=\"https:\/\/www.greenpeace.org\/turkey\/tag\/iklim-adaleti\/\" rel=\"tag\">\u0130klim Adaleti<\/a><span class=\"wp-block-post-terms__separator\"> <\/span><a href=\"https:\/\/www.greenpeace.org\/turkey\/tag\/yenilenebilir-enerji\/\" rel=\"tag\">Yenilenebilir Enerji<\/a><span class=\"wp-block-post-terms__separator\"> <\/span><a href=\"https:\/\/www.greenpeace.org\/turkey\/tag\/ormanlar\/\" rel=\"tag\">Ormanlar<\/a><span class=\"wp-block-post-terms__separator\"> <\/span><a href=\"https:\/\/www.greenpeace.org\/turkey\/tag\/okyanuslar\/\" rel=\"tag\">Okyanuslar<\/a><span class=\"wp-block-post-terms__separator\"> <\/span><a href=\"https:\/\/www.greenpeace.org\/turkey\/tag\/plastik\/\" rel=\"tag\">Plastik<\/a><span class=\"wp-block-post-terms__separator\"> <\/span><a href=\"https:\/\/www.greenpeace.org\/turkey\/tag\/iklim-degisikligi\/\" rel=\"tag\">\u0130klim De\u011fi\u015fikli\u011fi<\/a><span class=\"wp-block-post-terms__separator\"> <\/span><a href=\"https:\/\/www.greenpeace.org\/turkey\/tag\/komur\/\" rel=\"tag\">K\u00f6m\u00fcr<\/a><span class=\"wp-block-post-terms__separator\"> <\/span><a href=\"https:\/\/www.greenpeace.org\/turkey\/tag\/gidatarim\/\" rel=\"tag\">G\u0131da Tar\u0131m<\/a><\/div>\n                \n                <\/div>\n                \n        <h3 class=\"wp-block-post-title\"><a href=\"https:\/\/www.greenpeace.org\/turkey\/blog\/2025te-one-cikan-kampanyalarimiz\/\" target=\"_self\" >2025\u2019te Greenpeace T\u00fcrkiye\u2019de \u00f6ne \u00e7\u0131kan kampanyalar\u0131m\u0131z<\/a><\/h3>\n        <div class=\"wp-block-post-excerpt\"><p class=\"wp-block-post-excerpt__excerpt\">\u0130\u015fte k\u00f6m\u00fcr\u00fcn tozundan okyanuslar\u0131n derinli\u011fine, sofram\u0131zdaki g\u0131dadan soludu\u011fumuz havaya kadar verdi\u011fimiz m\u00fccadele ile 2025\u2019te ba\u015fard\u0131klar\u0131m\u0131z.\u00a0 <\/p><\/div>\n        \n        <div class=\"wp-block-group posts-list-meta is-layout-flow wp-block-group-is-layout-flow\"><span class='article-list-item-author'><a href='https:\/\/www.greenpeace.org\/turkey\/author\/bececeli\/'>Greenpeace T\u00fcrkiye<\/a><\/span>\n        <div class=\"wp-block-post-date\"><time datetime=\"2026-01-06T11:31:48+03:00\">6 Ocak 2026<\/time><\/div>\n        \n        <\/div>\n        <\/div>\n        <\/div>\n\n            <\/li><\/ul>\n\n    \n<div class=\"wp-block-buttons carousel-controls is-horizontal is-content-justification-space-between is-nowrap is-layout-flex wp-container-core-buttons-is-layout-044bd602 wp-block-buttons-is-layout-flex\">\n            <div class=\"wp-block-button carousel-control-prev\"><button type=\"button\" class=\"wp-block-button__link wp-element-button\">Prev<\/button><\/div>\n        \n\n            <div class=\"wp-block-button carousel-control-next\"><button type=\"button\" class=\"wp-block-button__link wp-element-button\">Next<\/button><\/div>\n        <\/div>\n\n\n    <li class=\" wp-block-navigation-item see-all-link wp-block-navigation-link\"><a class=\"wp-block-navigation-item__content\"  href=\"http:\/\/www.greenpeace.org\/turkey\/news-stories\/?tag=okyanuslar\"><span class=\"wp-block-navigation-item__label\">See all stories<\/span><\/a><\/li><\/div>\n    ","protected":false},"excerpt":{"rendered":"<p>Sosyal ve ekolojik adaletin sa\u011fland\u0131\u011f\u0131 kentler insanca ya\u015faman\u0131n gere\u011fi.<\/p>\n","protected":false},"author":26,"featured_media":8023,"parent":9,"menu_order":0,"comment_status":"closed","ping_status":"closed","template":"","meta":{"ep_exclude_from_search":false,"p4_hide_page_title_checkbox":"","p4_title":"","p4_subtitle":"","p4_description":"","background_image_id":"","background_image":"","p4_button_title":"","p4_button_link":"","p4_button_link_checkbox":"","p4_og_title":"","p4_og_description":"","p4_og_image":"","p4_og_image_id":"","p4_seo_canonical_url":"","p4_campaign_name":"not set","p4_local_project":"","p4_basket_name":"not set","p4_department":"","footnotes":""},"categories":[],"tags":[],"class_list":["post-8102","page","type-page","status-publish","has-post-thumbnail","hentry"],"_links":{"self":[{"href":"https:\/\/www.greenpeace.org\/turkey\/wp-json\/wp\/v2\/pages\/8102","targetHints":{"allow":["GET"]}}],"collection":[{"href":"https:\/\/www.greenpeace.org\/turkey\/wp-json\/wp\/v2\/pages"}],"about":[{"href":"https:\/\/www.greenpeace.org\/turkey\/wp-json\/wp\/v2\/types\/page"}],"author":[{"embeddable":true,"href":"https:\/\/www.greenpeace.org\/turkey\/wp-json\/wp\/v2\/users\/26"}],"replies":[{"embeddable":true,"href":"https:\/\/www.greenpeace.org\/turkey\/wp-json\/wp\/v2\/comments?post=8102"}],"version-history":[{"count":15,"href":"https:\/\/www.greenpeace.org\/turkey\/wp-json\/wp\/v2\/pages\/8102\/revisions"}],"predecessor-version":[{"id":9565,"href":"https:\/\/www.greenpeace.org\/turkey\/wp-json\/wp\/v2\/pages\/8102\/revisions\/9565"}],"up":[{"embeddable":true,"href":"https:\/\/www.greenpeace.org\/turkey\/wp-json\/wp\/v2\/pages\/9"}],"wp:featuredmedia":[{"embeddable":true,"href":"https:\/\/www.greenpeace.org\/turkey\/wp-json\/wp\/v2\/media\/8023"}],"wp:attachment":[{"href":"https:\/\/www.greenpeace.org\/turkey\/wp-json\/wp\/v2\/media?parent=8102"}],"wp:term":[{"taxonomy":"category","embeddable":true,"href":"https:\/\/www.greenpeace.org\/turkey\/wp-json\/wp\/v2\/categories?post=8102"},{"taxonomy":"post_tag","embeddable":true,"href":"https:\/\/www.greenpeace.org\/turkey\/wp-json\/wp\/v2\/tags?post=8102"}],"curies":[{"name":"wp","href":"https:\/\/api.w.org\/{rel}","templated":true}]}}