{"id":8159,"date":"2023-07-25T15:04:16","date_gmt":"2023-07-25T12:04:16","guid":{"rendered":"https:\/\/www.greenpeace.org\/turkey\/?page_id=8159"},"modified":"2023-07-25T15:04:19","modified_gmt":"2023-07-25T12:04:19","slug":"akbelenin-sesi-ol","status":"publish","type":"page","link":"https:\/\/www.greenpeace.org\/turkey\/akbelenin-sesi-ol\/","title":{"rendered":"Akbelen&#8217;in Sesi Ol"},"content":{"rendered":"\n<div class=\"wp-block-media-text alignwide is-stacked-on-mobile\"><figure class=\"wp-block-media-text__media\"><video controls src=\"https:\/\/www.greenpeace.org\/static\/planet4-turkey-stateless\/2023\/07\/eba160f3-video-2023-07-25-11-52-40.mp4\"><\/video><\/figure><div class=\"wp-block-media-text__content\">\n<p><\/p>\n<\/div><\/div>\n\n<p>Mu\u011fla Milas \u0130kizk\u00f6y\u2019deki Akbelen orman\u0131nda 4 y\u0131ld\u0131r s\u00fcren ya\u015fam m\u00fccadelesi, kolluk kuvvetlerinin alana girmesiyle daha b\u00fcy\u00fck bir direni\u015fe d\u00f6n\u00fc\u015ft\u00fc. <\/p>\n\n<p>K\u00f6yl\u00fcler ve ya\u015fam savunucular\u0131 yaln\u0131zca Akbelen i\u00e7in de\u011fil, ormanlar\u0131m\u0131z, topra\u011f\u0131m\u0131z ve t\u00fcm canl\u0131lar i\u00e7in direniyor.<\/p>\n\n<p><strong>Sen de tweetleyerek Tar\u0131m ve Orman Bakan\u0131na seslen,<\/strong><\/p>\n\n<p><strong>Akbelen\u2019in Sesi Ol<\/strong><\/p>\n\n<blockquote class=\"wp-block-quote is-layout-flow wp-block-quote-is-layout-flow\">\n<div class=\"wp-block-buttons is-layout-flex wp-block-buttons-is-layout-flex\">\n<div class=\"wp-block-button\"><a class=\"wp-block-button__link wp-element-button\" href=\"https:\/\/twitter.com\/intent\/tweet?text=Akbelen%27den%20Tar%C4%B1m%20ve%20Orman%20Bakan%C4%B1%20%C4%B0brahim%20Yumakl%C4%B1%E2%80%99ya%20sesleniyoruz%21%0D%0A%0D%0AHalk%C4%B1n%20sesini%20duyun%20ve%20ormanlar%C4%B1%20koruma%20g%C3%B6revinizi%20yerine%20getirin%21%20%20K%C3%B6m%C3%BCr%20madenine%20tahsis%20iznini%20geri%20%C3%A7ekin%20ve%20bu%20hukuksuz%20k%C4%B1y%C4%B1m%C4%B1%20durdurun%21%20%40ibrahimyumakli%20%40TCTarim%20%23AkbeleneDokunma\">Tek T\u0131kla Tweetle<\/a><\/div>\n<\/div>\n<cite><br><a href=\"https:\/\/twitter.com\/intent\/tweet?text=Akbelen%27den%20Tar%C4%B1m%20ve%20Orman%20Bakan%C4%B1%20%C4%B0brahim%20Yumakl%C4%B1%E2%80%99ya%20sesleniyoruz%21%0D%0A%0D%0AHalk%C4%B1n%20sesini%20duyun%20ve%20ormanlar%C4%B1%20koruma%20g%C3%B6revinizi%20yerine%20getirin%21%20%20K%C3%B6m%C3%BCr%20madenine%20tahsis%20iznini%20geri%20%C3%A7ekin%20ve%20bu%20hukuksuz%20k%C4%B1y%C4%B1m%C4%B1%20durdurun%21%20%40ibrahimyumakli%20%40TCTarim%20%23AkbeleneDokunma\">Akbelen&#8217;den Tar\u0131m ve Orman Bakan\u0131 \u0130brahim Yumakl\u0131\u2019ya sesleniyoruz!<br><br>Halk\u0131n sesini duyun ve ormanlar\u0131 koruma g\u00f6revinizi yerine getirin!&nbsp; K\u00f6m\u00fcr madenine tahsis iznini geri \u00e7ekin ve bu hukuksuz k\u0131y\u0131m\u0131 durdurun! @ibrahimyumakli @TCTarim #AkbeleneDokunma<\/a><br><br><br><\/cite><\/blockquote>\n\n<a href=\"mailto:testatlas@mail.com?cc=taci@gmail.com, hey@hotmail.com&#038;bcc=bombaci@yopmail.com&#038;subject=Akbelen&#038;body=Durdurun!\">Darla<\/a>\n","protected":false},"excerpt":{"rendered":"<p>Mu\u011fla Milas \u0130kizk\u00f6y\u2019deki Akbelen orman\u0131nda 4 y\u0131ld\u0131r s\u00fcren ya\u015fam m\u00fccadelesi, kolluk kuvvetlerinin alana girmesiyle daha b\u00fcy\u00fck bir direni\u015fe d\u00f6n\u00fc\u015ft\u00fc. K\u00f6yl\u00fcler ve ya\u015fam savunucular\u0131 yaln\u0131zca Akbelen i\u00e7in de\u011fil, ormanlar\u0131m\u0131z, topra\u011f\u0131m\u0131z ve t\u00fcm canl\u0131lar i\u00e7in direniyor. Sen de tweetleyerek Tar\u0131m ve Orman Bakan\u0131na seslen, Akbelen\u2019in Sesi Ol Darla<\/p>\n","protected":false},"author":52,"featured_media":0,"parent":0,"menu_order":0,"comment_status":"closed","ping_status":"closed","template":"","meta":{"ep_exclude_from_search":false,"p4_hide_page_title_checkbox":"","p4_title":"","p4_subtitle":"","p4_description":"","background_image_id":"","background_image":"","p4_button_title":"","p4_button_link":"","p4_button_link_checkbox":"","p4_og_title":"","p4_og_description":"","p4_og_image":"","p4_og_image_id":"","p4_seo_canonical_url":"","p4_campaign_name":"","p4_local_project":"","p4_basket_name":"","p4_department":"","footnotes":""},"categories":[3,24,4],"tags":[],"class_list":["post-8159","page","type-page","status-publish","hentry","category-biyocesitlilik-doga","category-iklim-krizi","category-yerel-hareketler"],"_links":{"self":[{"href":"https:\/\/www.greenpeace.org\/turkey\/wp-json\/wp\/v2\/pages\/8159","targetHints":{"allow":["GET"]}}],"collection":[{"href":"https:\/\/www.greenpeace.org\/turkey\/wp-json\/wp\/v2\/pages"}],"about":[{"href":"https:\/\/www.greenpeace.org\/turkey\/wp-json\/wp\/v2\/types\/page"}],"author":[{"embeddable":true,"href":"https:\/\/www.greenpeace.org\/turkey\/wp-json\/wp\/v2\/users\/52"}],"replies":[{"embeddable":true,"href":"https:\/\/www.greenpeace.org\/turkey\/wp-json\/wp\/v2\/comments?post=8159"}],"version-history":[{"count":2,"href":"https:\/\/www.greenpeace.org\/turkey\/wp-json\/wp\/v2\/pages\/8159\/revisions"}],"predecessor-version":[{"id":8161,"href":"https:\/\/www.greenpeace.org\/turkey\/wp-json\/wp\/v2\/pages\/8159\/revisions\/8161"}],"wp:attachment":[{"href":"https:\/\/www.greenpeace.org\/turkey\/wp-json\/wp\/v2\/media?parent=8159"}],"wp:term":[{"taxonomy":"category","embeddable":true,"href":"https:\/\/www.greenpeace.org\/turkey\/wp-json\/wp\/v2\/categories?post=8159"},{"taxonomy":"post_tag","embeddable":true,"href":"https:\/\/www.greenpeace.org\/turkey\/wp-json\/wp\/v2\/tags?post=8159"}],"curies":[{"name":"wp","href":"https:\/\/api.w.org\/{rel}","templated":true}]}}