{"id":8169,"date":"2023-08-02T17:05:29","date_gmt":"2023-08-02T14:05:29","guid":{"rendered":"https:\/\/www.greenpeace.org\/turkey\/?page_id=8169"},"modified":"2025-04-09T19:40:31","modified_gmt":"2025-04-09T16:40:31","slug":"iklim-icin-son-cagri","status":"publish","type":"page","link":"https:\/\/www.greenpeace.org\/turkey\/harekete-gec\/iklim-icin-son-cagri\/","title":{"rendered":"\u0130klim \u0130\u00e7in Son \u00c7a\u011fr\u0131"},"content":{"rendered":"\n                \n                <div class=\"wp-block-group alignfull is-layout-flow wp-block-group-is-layout-flow\">\n                \n                <div class=\"wp-block-group container is-layout-flow wp-block-group-is-layout-flow\">\n                \n                <div class=\"wp-block-media-text alignfull has-media-on-the-right is-stacked-on-mobile is-pattern-p4-page-header is-style-parallax\">\n\n                <div class=\"wp-block-media-text__content\">\n                    <div class=\"wp-block-group is-layout-flow wp-block-group-is-layout-flow\">\n                    \n                        <h1 class=\"wp-block-heading has-white-background-color has-background\">\n                            \u0130klim \u0130\u00e7in Son \u00c7a\u011fr\u0131\n                        <\/h1>\n                    <\/div>\n                \n\n                \n\n                \n\n                <\/div>\n                <figure class=\"wp-block-media-text__media\">\n                    <img loading=\"lazy\" decoding=\"async\" width=\"2560\" height=\"1707\"\n                        src=\"https:\/\/www.greenpeace.org\/static\/planet4-turkey-stateless\/2023\/08\/c96dbb59-gp1szphr-scaled.jpg\"\n                        alt=\"\"\n                        sizes=\"auto, (min-width: 601px) 50vw, 100vw\" srcset=\"https:\/\/www.greenpeace.org\/static\/planet4-turkey-stateless\/2023\/08\/c96dbb59-gp1szphr-scaled.jpg 2560w, https:\/\/www.greenpeace.org\/static\/planet4-turkey-stateless\/2023\/08\/c96dbb59-gp1szphr-300x200.jpg 300w, https:\/\/www.greenpeace.org\/static\/planet4-turkey-stateless\/2023\/08\/c96dbb59-gp1szphr-1024x683.jpg 1024w, https:\/\/www.greenpeace.org\/static\/planet4-turkey-stateless\/2023\/08\/c96dbb59-gp1szphr-768x512.jpg 768w, https:\/\/www.greenpeace.org\/static\/planet4-turkey-stateless\/2023\/08\/c96dbb59-gp1szphr-1536x1024.jpg 1536w, https:\/\/www.greenpeace.org\/static\/planet4-turkey-stateless\/2023\/08\/c96dbb59-gp1szphr-2048x1366.jpg 2048w, https:\/\/www.greenpeace.org\/static\/planet4-turkey-stateless\/2023\/08\/c96dbb59-gp1szphr-510x340.jpg 510w\" class=\"wp-image-8174 size-full\"\n                    \/>\n                <\/figure>\n                <\/div>\n                \n                <\/div>\n                \n                <\/div>\n                \n                \n<figure class=\"wp-block-image size-full\"><img loading=\"lazy\" decoding=\"async\" width=\"800\" height=\"534\" src=\"https:\/\/www.greenpeace.org\/static\/planet4-turkey-stateless\/2023\/08\/c6810360-gp1styp4_web_size.jpg\" alt=\"\" class=\"wp-image-8175\" srcset=\"https:\/\/www.greenpeace.org\/static\/planet4-turkey-stateless\/2023\/08\/c6810360-gp1styp4_web_size.jpg 800w, https:\/\/www.greenpeace.org\/static\/planet4-turkey-stateless\/2023\/08\/c6810360-gp1styp4_web_size-300x200.jpg 300w, https:\/\/www.greenpeace.org\/static\/planet4-turkey-stateless\/2023\/08\/c6810360-gp1styp4_web_size-768x513.jpg 768w, https:\/\/www.greenpeace.org\/static\/planet4-turkey-stateless\/2023\/08\/c6810360-gp1styp4_web_size-510x340.jpg 510w\" sizes=\"auto, (max-width: 800px) 100vw, 800px\" \/><\/figure>\n\n<p>Gazetelerde, televizyonda, sosyal medyada, d\u00f6rt bir yan\u0131n\u0131z\u0131 \u00e7evreleyen kurakl\u0131k, yang\u0131n, sel, kas\u0131rga haberleri, t\u0131pk\u0131 bilim-kurgu filminden f\u0131rlam\u0131\u015f gibi g\u00f6z\u00fckm\u00fcyor mu? Ama t\u00fcm bu ya\u015fad\u0131klar\u0131m\u0131z ger\u00e7ek ve t\u00fcm ger\u00e7ekli\u011fiyle bize yani insanl\u0131\u011fa ait \u2026 Biz insanlar\u0131n, fosil yak\u0131tlara olan a\u015f\u0131r\u0131 ba\u011f\u0131ml\u0131l\u0131\u011f\u0131n\u0131n ve bu ba\u011f\u0131ml\u0131l\u0131\u011f\u0131n do\u011furdu\u011fu sonu\u00e7lar\u0131n yaratt\u0131\u011f\u0131 \u201c\u0130klim Krizi\u201dnin korkutucu tablosu.<\/p>\n\n<h2 class=\"wp-block-heading\">Ka\u00e7acak Ba\u015fka Bir Yerimiz Yok<\/h2>\n\n<p>Gezegenimizin ya\u015fam\u0131, tehdit alt\u0131nda. Ka\u00e7acak ba\u015fka bir yerimiz yok. Kurakl\u0131k, s\u0131cak dalgalar\u0131, ya\u011f\u0131\u015f dengesizlikleri ve seller, T\u00fcrkiye&#8217;nin de pay\u0131na d\u00fc\u015fen tehlikeler aras\u0131nda. Ormanlar\u0131m\u0131z yan\u0131yor, g\u00f6llerimiz ve nehirlerimiz kuruyor, tar\u0131m alanlar\u0131m\u0131z \u00e7\u00f6lle\u015fiyor. Binlerce t\u00fcr\u00fcn, insanlar dahil, ya\u015fam alanlar\u0131 h\u0131zla yok oluyor. A\u015f\u0131r\u0131 hava olaylar\u0131, g\u0131da ve suya eri\u015fim g\u00fcvenli\u011fimizi tehdit ediyor, ekonomik zarara ve toplumsal e\u015fitsizli\u011fin derinle\u015fmesine neden oluyor. Evlerini ve ge\u00e7im kaynaklar\u0131n\u0131 kaybedenlerin say\u0131s\u0131 her ge\u00e7en g\u00fcn art\u0131yor. IPCC 2022 raporu, a\u015f\u0131r\u0131 hava olaylar\u0131na kar\u015f\u0131 Avrupa&#8217;n\u0131n en k\u0131r\u0131lgan \u00fclkesi olarak T\u00fcrkiye\u2019yi i\u015faret ediyor.<\/p>\n<div data-render=\"planet4-blocks\/columns\" data-attributes=\"{&quot;attributes&quot;:{&quot;columns_block_style&quot;:&quot;tasks&quot;,&quot;columns_title&quot;:&quot;Neler yapabilirsin?&quot;,&quot;columns&quot;:[{&quot;title&quot;:&quot;\\u0130mza Ver&quot;,&quot;description&quot;:&quot;Kampanyam\\u0131za imza vererek Birle\\u015fmi\\u015f Milletler \\u0130klim De\\u011fi\\u015fikli\\u011fi Taraflar Konferans\\u0131&#039;nda d\\u00fcnya devletlerine birlikte g\\u00fc\\u00e7l\\u00fc bir mesaj vermemize destek olabilirsin.&quot;,&quot;cta_link&quot;:&quot;https:\\\/\\\/imza.greenpeace.org\\\/iklim&quot;,&quot;link_new_tab&quot;:false,&quot;cta_text&quot;:&quot;\\u0130MZA VER&quot;},{&quot;title&quot;:&quot;Geli\\u015fmeleri Takip Et&quot;,&quot;description&quot;:&quot;D\\u00fcnya devletlerinin acil iklim kararlar\\u0131 almas\\u0131nda s\\u00fcrecin takip\\u00e7isi ol.&quot;,&quot;cta_link&quot;:&quot;https:\\\/\\\/www.instagram.com\\\/greenpeaceturkiye\\\/&quot;,&quot;link_new_tab&quot;:false,&quot;cta_text&quot;:&quot;TAK\\u0130P ET&quot;},{&quot;title&quot;:&quot;\\u00c7evrendekilerle Payla\\u015f&quot;,&quot;description&quot;:&quot;\\u0130klim \\u0130\\u00e7in Son \\u00c7a\\u011fr\\u0131&#039;ya kulak verecek ve de\\u011fi\\u015fimi ba\\u015flatacak arkada\\u015flar\\u0131nla payla\\u015f.&quot;,&quot;cta_link&quot;:&quot;https:\\\/\\\/imza.greenpeace.org\\\/iklim-ty-0&quot;,&quot;link_new_tab&quot;:false,&quot;cta_text&quot;:&quot;PAYLA\\u015e&quot;}],&quot;className&quot;:&quot;is-style-tasks&quot;}}\"><\/div>","protected":false},"excerpt":{"rendered":"<p>\u0130klim krizi art\u0131k evimizde. Kurakl\u0131k, s\u0131cak dalgalar\u0131 ve seller, T\u00fcrkiye&#8217;nin de pay\u0131na d\u00fc\u015fen tehlikeler aras\u0131nda.<\/p>\n","protected":false},"author":26,"featured_media":8174,"parent":9,"menu_order":0,"comment_status":"closed","ping_status":"closed","template":"","meta":{"ep_exclude_from_search":false,"p4_hide_page_title_checkbox":"on","p4_title":"","p4_subtitle":"","p4_description":"","background_image_id":"","background_image":"","p4_button_title":"","p4_button_link":"","p4_button_link_checkbox":"","p4_og_title":"","p4_og_description":"","p4_og_image":"","p4_og_image_id":"","p4_seo_canonical_url":"","p4_campaign_name":"not set","p4_local_project":"not set","p4_basket_name":"not set","p4_department":"","footnotes":""},"categories":[24],"tags":[6],"class_list":["post-8169","page","type-page","status-publish","has-post-thumbnail","hentry","category-iklim-krizi","tag-iklim-adaleti"],"_links":{"self":[{"href":"https:\/\/www.greenpeace.org\/turkey\/wp-json\/wp\/v2\/pages\/8169","targetHints":{"allow":["GET"]}}],"collection":[{"href":"https:\/\/www.greenpeace.org\/turkey\/wp-json\/wp\/v2\/pages"}],"about":[{"href":"https:\/\/www.greenpeace.org\/turkey\/wp-json\/wp\/v2\/types\/page"}],"author":[{"embeddable":true,"href":"https:\/\/www.greenpeace.org\/turkey\/wp-json\/wp\/v2\/users\/26"}],"replies":[{"embeddable":true,"href":"https:\/\/www.greenpeace.org\/turkey\/wp-json\/wp\/v2\/comments?post=8169"}],"version-history":[{"count":7,"href":"https:\/\/www.greenpeace.org\/turkey\/wp-json\/wp\/v2\/pages\/8169\/revisions"}],"predecessor-version":[{"id":8961,"href":"https:\/\/www.greenpeace.org\/turkey\/wp-json\/wp\/v2\/pages\/8169\/revisions\/8961"}],"up":[{"embeddable":true,"href":"https:\/\/www.greenpeace.org\/turkey\/wp-json\/wp\/v2\/pages\/9"}],"wp:featuredmedia":[{"embeddable":true,"href":"https:\/\/www.greenpeace.org\/turkey\/wp-json\/wp\/v2\/media\/8174"}],"wp:attachment":[{"href":"https:\/\/www.greenpeace.org\/turkey\/wp-json\/wp\/v2\/media?parent=8169"}],"wp:term":[{"taxonomy":"category","embeddable":true,"href":"https:\/\/www.greenpeace.org\/turkey\/wp-json\/wp\/v2\/categories?post=8169"},{"taxonomy":"post_tag","embeddable":true,"href":"https:\/\/www.greenpeace.org\/turkey\/wp-json\/wp\/v2\/tags?post=8169"}],"curies":[{"name":"wp","href":"https:\/\/api.w.org\/{rel}","templated":true}]}}