{"id":8247,"date":"2023-10-26T15:18:32","date_gmt":"2023-10-26T12:18:32","guid":{"rendered":"https:\/\/www.greenpeace.org\/turkey\/?page_id=8247"},"modified":"2025-07-02T10:42:33","modified_gmt":"2025-07-02T07:42:33","slug":"plastiksiz-gelecek","status":"publish","type":"page","link":"https:\/\/www.greenpeace.org\/turkey\/harekete-gec\/plastiksiz-gelecek\/","title":{"rendered":"Plastiksiz Gelecek"},"content":{"rendered":"\n                \n                <div class=\"wp-block-group alignfull is-layout-flow wp-block-group-is-layout-flow\">\n                \n                <div class=\"wp-block-group container is-layout-flow wp-block-group-is-layout-flow\">\n                \n                <div class=\"wp-block-media-text alignfull has-media-on-the-right is-stacked-on-mobile is-pattern-p4-page-header is-style-parallax\">\n\n                <div class=\"wp-block-media-text__content\">\n                    <div class=\"wp-block-group is-layout-flow wp-block-group-is-layout-flow\">\n                    \n                        <h1 class=\"wp-block-heading has-white-background-color has-background\">\n                            Plastiksiz Gelecek\n                        <\/h1>\n                    <\/div>\n                \n\n                \n\n                \n\n                <\/div>\n                <figure class=\"wp-block-media-text__media\">\n                    <img loading=\"lazy\" decoding=\"async\" width=\"2300\" height=\"1533\"\n                        src=\"https:\/\/www.greenpeace.org\/static\/planet4-turkey-stateless\/2023\/10\/593ba691-web-test.jpg\"\n                        alt=\"\"\n                        sizes=\"auto, (min-width: 601px) 50vw, 100vw\" srcset=\"https:\/\/www.greenpeace.org\/static\/planet4-turkey-stateless\/2023\/10\/593ba691-web-test.jpg 2300w, https:\/\/www.greenpeace.org\/static\/planet4-turkey-stateless\/2023\/10\/593ba691-web-test-300x200.jpg 300w, https:\/\/www.greenpeace.org\/static\/planet4-turkey-stateless\/2023\/10\/593ba691-web-test-1024x683.jpg 1024w, https:\/\/www.greenpeace.org\/static\/planet4-turkey-stateless\/2023\/10\/593ba691-web-test-768x512.jpg 768w, https:\/\/www.greenpeace.org\/static\/planet4-turkey-stateless\/2023\/10\/593ba691-web-test-1536x1024.jpg 1536w, https:\/\/www.greenpeace.org\/static\/planet4-turkey-stateless\/2023\/10\/593ba691-web-test-2048x1366.jpg 2048w, https:\/\/www.greenpeace.org\/static\/planet4-turkey-stateless\/2023\/10\/593ba691-web-test-510x340.jpg 510w\" class=\"wp-image-8253 size-full\"\n                    \/>\n                <\/figure>\n                <\/div>\n                \n                <\/div>\n                \n                <\/div>\n                \n                \n<figure class=\"wp-block-image aligncenter size-full\"><img loading=\"lazy\" decoding=\"async\" width=\"800\" height=\"533\" src=\"https:\/\/www.greenpeace.org\/static\/planet4-turkey-stateless\/2023\/10\/c84b9cf2-gp0stsqbc_web_size_with_credit_line.jpg\" alt=\"\" class=\"wp-image-8248\" srcset=\"https:\/\/www.greenpeace.org\/static\/planet4-turkey-stateless\/2023\/10\/c84b9cf2-gp0stsqbc_web_size_with_credit_line.jpg 800w, https:\/\/www.greenpeace.org\/static\/planet4-turkey-stateless\/2023\/10\/c84b9cf2-gp0stsqbc_web_size_with_credit_line-300x200.jpg 300w, https:\/\/www.greenpeace.org\/static\/planet4-turkey-stateless\/2023\/10\/c84b9cf2-gp0stsqbc_web_size_with_credit_line-768x512.jpg 768w, https:\/\/www.greenpeace.org\/static\/planet4-turkey-stateless\/2023\/10\/c84b9cf2-gp0stsqbc_web_size_with_credit_line-510x340.jpg 510w\" sizes=\"auto, (max-width: 800px) 100vw, 800px\" \/><\/figure>\n\n<p>Akdeniz sahillerinden Antarktika\u2019n\u0131n \u00fccra k\u00f6\u015felerine plastik kirlili\u011fi her yerde. \u0130nsan sa\u011fl\u0131\u011f\u0131n\u0131 etkiliyor, hayvanlara zarar veriyor, iklim krizini derinle\u015ftiriyor. Bilimsel ara\u015ft\u0131rmalar, mikroplasti\u011fin taba\u011f\u0131m\u0131zdaki yeme\u011fin \u201cbaharat\u0131\u201d, soludu\u011fumuz havan\u0131n bir par\u00e7as\u0131 haline geldi\u011fini g\u00f6steriyor.&nbsp;<br><br>\u015eimdi bu gidi\u015fata dur deme f\u0131rsat\u0131m\u0131z var.&nbsp;<br><br>2024\u2019te sona ermesi planlanan K\u00fcresel Plastik Anla\u015fmas\u0131 m\u00fczakereleri h\u00fck\u00fcmetler aras\u0131nda devam ediyor.<\/p>\n\n<p>Bu anla\u015fma, d\u00fcnyay\u0131 plastiksiz bir gelece\u011fe do\u011fru ta\u015f\u0131ma potansiyeline sahip. Bu f\u0131rsat\u0131n ka\u00e7mas\u0131na izin veremeyiz!&nbsp;<\/p>\n\n<p>G\u00fc\u00e7l\u00fc bir K\u00fcresel Plastik Anla\u015fmas\u0131 talep ediyoruz. \u00c7\u00fcnk\u00fc g\u00fc\u00e7l\u00fc bir plastik anla\u015fmas\u0131 hem bizler hem de gelecek nesiller i\u00e7in daha temiz, daha g\u00fcvenli bir gezegen demek.<\/p>\n\n<section class=\"block accordion-block wp-block-planet4-blocks-accordion\"><div class=\"accordion-content\"><div class=\"accordion-headline\" name=\"K\u00fcresel Plastik Anla\u015fmas\u0131 ne a\u015famada?\">K\u00fcresel Plastik Anla\u015fmas\u0131 ne a\u015famada?<\/div><div class=\"panel panel-hidden\"><p class=\"accordion-text\">Mart 2022\u2019de Birle\u015fmi\u015f Milletler \u00c7evre Kurulu toplant\u0131s\u0131nda h\u00fck\u00fcmetlerin, \u00fcretiminden kullan\u0131m\u0131na bir b\u00fct\u00fcn olarak plasti\u011fi ele alan ve hukuki a\u00e7\u0131dan ba\u011flay\u0131c\u0131 k\u00fcresel bir anla\u015fma i\u00e7in m\u00fczakerelere resmen ba\u015flamas\u0131 karar\u0131 al\u0131nd\u0131.\u00a0<br><br>Bug\u00fcne kadar h\u00fck\u00fcmetler aras\u0131 ger\u00e7ekle\u015fen iki m\u00fczakere sonucunda Birle\u015fmi\u015f Milletler ge\u00e7ti\u011fimiz ay K\u00fcresel Plastik Anla\u015fmas\u0131\u2019n\u0131n s\u0131f\u0131r taslak metnini yay\u0131mlad\u0131. Bir sonraki toplant\u0131 13-19 Kas\u0131m\u2019da Kenya\u2019n\u0131n Nairobi kentinde ger\u00e7ekle\u015fecek.\u00a0<\/p><\/div><\/div><div class=\"accordion-content\"><div class=\"accordion-headline\" name=\"T\u00fcrkiye i\u00e7in neden \u00f6nemli?\">T\u00fcrkiye i\u00e7in neden \u00f6nemli?<\/div><div class=\"panel panel-hidden\"><p class=\"accordion-text\">Bu anla\u015fma ile d\u00fcnya genelinde plastik kirlili\u011finin \u00f6nemli \u00f6l\u00e7\u00fcde azalmas\u0131 ama\u00e7lan\u0131yor. K\u00fcresel Plastik Anla\u015fmas\u0131\u2019n\u0131n temel hedeflerinden biri tek kullan\u0131ml\u0131k plastiklerin terk edilerek yerini yeniden dolum ve yeniden kullan\u0131m alternatiflerinin almas\u0131. T\u00fcrkiye\u2019de tek kullan\u0131ml\u0131k plastikler hala yasaklanmad\u0131.\u00a0<br><br>Ayn\u0131 zamanda T\u00fcrkiye, 2019 y\u0131l\u0131ndan beri ba\u015fta Avrupa Birli\u011fi ve Birle\u015fik Krall\u0131k olmak \u00fczere geli\u015fmi\u015f bir\u00e7ok \u00fclkeden en \u00e7ok plastik at\u0131k ithal eden \u00fclke oldu. T\u00fcrkiye art\u0131k Avrupa\u2019n\u0131n plastik at\u0131k \u00e7\u00f6pl\u00fc\u011f\u00fc olmas\u0131n.<\/p><\/div><\/div><div class=\"accordion-content\"><div class=\"accordion-headline\" name=\"G\u00fc\u00e7l\u00fc K\u00fcresel Plastik Anla\u015fmas\u0131 nas\u0131l olmal\u0131?\">G\u00fc\u00e7l\u00fc K\u00fcresel Plastik Anla\u015fmas\u0131 nas\u0131l olmal\u0131?<\/div><div class=\"panel panel-hidden\"><p class=\"accordion-text\">1. Plastik \u00fcretimini ve kullan\u0131m\u0131n\u0131 k\u0131s\u0131tlamal\u0131<br>2. Plastik \u00fcretiminde kullan\u0131lan petrol ve gaz\u0131n toprak alt\u0131nda kalmas\u0131n\u0131 sa\u011flamal\u0131<br>3. Tek kullan\u0131ml\u0131k plastikleri b\u00fcy\u00fck \u00f6l\u00e7\u00fcde azaltmal\u0131;\u00a0 yeniden doldurulabilir ve yeniden kullan\u0131labilir se\u00e7eneklere odaklanmal\u0131<br>4. \u00c7evreyi kirleten \u015firketleri sorumlu tutmal\u0131<br>5. Plastik \u00fcretiminde, kullan\u0131m\u0131nda, ithalat\u0131 ve ihracat\u0131nda tam \u015feffafl\u0131k talep etmeli<br>6. Plastik krizini k\u00f6r\u00fckleyen zengin \u00fclkelerin bu krizden \u00e7\u0131k\u0131\u015fta yoksul \u00fclkeleri desteklemesini sa\u011flamal\u0131<br>7. At\u0131k toplama dahil etkilenecek i\u015f\u00e7iler i\u00e7in adil bir ge\u00e7i\u015fi garanti alt\u0131na almal\u0131<\/p><\/div><\/div><\/section>\n<div data-render=\"planet4-blocks\/columns\" data-attributes=\"{&quot;attributes&quot;:{&quot;columns_block_style&quot;:&quot;tasks&quot;,&quot;columns_title&quot;:&quot;Neler yapabilirsin?&quot;,&quot;columns&quot;:[{&quot;title&quot;:&quot;\\u0130mza Ver&quot;,&quot;description&quot;:&quot;Plastik \\u00e7a\\u011f\\u0131n\\u0131 bitirmek i\\u00e7in anla\\u015fal\\u0131m!u003cbru003e\\u00c7evre, \\u015eehircilik ve \\u0130klim De\\u011fi\\u015fikli\\u011fi Bakan\\u0131\\u2019n\\u0131n, K\\u00fcresel Plastik Anla\\u015fmas\\u0131\\u00a0m\\u00fczakerelerinde plastik \\u00e7a\\u011f\\u0131na son verecek g\\u00fc\\u00e7l\\u00fc bir anla\\u015fmay\\u0131 desteklemesini talep et.&quot;,&quot;cta_link&quot;:&quot;https:\\\/\\\/imza.greenpeace.org\\\/plastiksiz-gelecek&quot;,&quot;link_new_tab&quot;:false,&quot;cta_text&quot;:&quot;\\u0130MZA VER&quot;},{&quot;title&quot;:&quot;Geli\\u015fmeleri Takip Et&quot;,&quot;description&quot;:&quot;Plastik \\u00fcretildi\\u011fi andan at\\u0131\\u011fa d\\u00f6n\\u00fc\\u015fene kadar, her a\\u015famada gezegenimizi kirletiyor, canl\\u0131 ya\\u015fam\\u0131na zarar veriyor, iklim krizini derinle\\u015ftiriyor.  K\\u00fcresel Plastik Anla\\u015fmas\\u0131\\u00a0m\\u00fczakerelerine giden s\\u00fcreci takip et.&quot;,&quot;cta_link&quot;:&quot;https:\\\/\\\/www.instagram.com\\\/greenpeaceturkiye\\\/&quot;,&quot;link_new_tab&quot;:false,&quot;cta_text&quot;:&quot;TAK\\u0130P ET&quot;},{&quot;title&quot;:&quot;\\u00c7evrendekilerle Payla\\u015f&quot;,&quot;description&quot;:&quot;Plastik kirlili\\u011fi \\u00e7a\\u011f\\u0131m\\u0131z\\u0131n en acil \\u00e7\\u00f6z\\u00fclmesi gereken \\u00e7evre sorunlar\\u0131ndan biri, etkileri her ge\\u00e7en g\\u00fcn katlanarak art\\u0131yor. Kampanyam\\u0131z\\u0131 \\u00e7evrendekilerle payla\\u015farak daha \\u00e7ok insana ula\\u015fmam\\u0131za yard\\u0131mc\\u0131 olabilirsin.&quot;,&quot;cta_link&quot;:&quot;https:\\\/\\\/www.greenpeace.org\\\/turkey\\\/blog\\\/5-maddede-kuresel-plastik-anlasmasi\\\/&quot;,&quot;link_new_tab&quot;:false,&quot;cta_text&quot;:&quot;BLOGU PAYLA\\u015e&quot;}],&quot;className&quot;:&quot;is-style-tasks&quot;}}\"><\/div><div data-hydrate=\"planet4-blocks\/gallery\" data-attributes=\"{&quot;attributes&quot;:{&quot;multiple_image&quot;:&quot;8239,8238,8236&quot;,&quot;gallery_block_focus_points&quot;:&quot;{u00227874u0022:u002251% 42%u0022,u00227876u0022:u002250% 50%u0022,u00227877u0022:u002250% 50%u0022}&quot;,&quot;image_data&quot;:[{&quot;url&quot;:&quot;https:\\\/\\\/www.greenpeace.org\\\/static\\\/planet4-turkey-stateless\\\/2023\\\/10\\\/1259f410-gp0stxb9d_web_size_with_credit_line.jpg&quot;,&quot;focalPoint&quot;:{&quot;x&quot;:0.5,&quot;y&quot;:0.5},&quot;id&quot;:8239},{&quot;url&quot;:&quot;https:\\\/\\\/www.greenpeace.org\\\/static\\\/planet4-turkey-stateless\\\/2023\\\/10\\\/3a9dd60e-51901920192_5669eac573_c.jpg&quot;,&quot;focalPoint&quot;:{&quot;x&quot;:0.5,&quot;y&quot;:0.5},&quot;id&quot;:8238},{&quot;url&quot;:&quot;https:\\\/\\\/www.greenpeace.org\\\/static\\\/planet4-turkey-stateless\\\/2023\\\/10\\\/fe2d359b-gp1t7uci_web_size.jpg&quot;,&quot;focalPoint&quot;:{&quot;x&quot;:0.5,&quot;y&quot;:0.5},&quot;id&quot;:8236}],&quot;gallery_block_style&quot;:0,&quot;gallery_block_title&quot;:&quot;&quot;,&quot;gallery_block_description&quot;:&quot;&quot;,&quot;images&quot;:[{&quot;image_src&quot;:&quot;https:\\\/\\\/www.greenpeace.org\\\/static\\\/planet4-turkey-stateless\\\/2023\\\/10\\\/1259f410-gp0stxb9d_web_size_with_credit_line.jpg&quot;,&quot;image_srcset&quot;:&quot;https:\\\/\\\/www.greenpeace.org\\\/static\\\/planet4-turkey-stateless\\\/2023\\\/10\\\/1259f410-gp0stxb9d_web_size_with_credit_line.jpg 800w, https:\\\/\\\/www.greenpeace.org\\\/static\\\/planet4-turkey-stateless\\\/2023\\\/10\\\/1259f410-gp0stxb9d_web_size_with_credit_line-300x200.jpg 300w, https:\\\/\\\/www.greenpeace.org\\\/static\\\/planet4-turkey-stateless\\\/2023\\\/10\\\/1259f410-gp0stxb9d_web_size_with_credit_line-768x512.jpg 768w, https:\\\/\\\/www.greenpeace.org\\\/static\\\/planet4-turkey-stateless\\\/2023\\\/10\\\/1259f410-gp0stxb9d_web_size_with_credit_line-510x340.jpg 510w&quot;,&quot;image_sizes&quot;:false,&quot;alt_text&quot;:&quot;&quot;,&quot;caption&quot;:&quot;Foto\\u011fraf: \\u00a9 Benjamin Van Wong\\nGreenpeace, sanat\\u00e7\\u0131 ve aktivist Benjamin Von Wong ile birlikte, K\\u00fcresel Plastik Anla\\u015fmas\\u0131\\u2019n\\u0131n tek kullan\\u0131ml\\u0131k plastik \\u00fcretimini ve kullan\\u0131m\\u0131n\\u0131 durdurmas\\u0131 gerekti\\u011fine dair net bir mesaj vermek \\u00fczere Seine Nehri k\\u0131y\\u0131s\\u0131nda #PerpetualPlastic Machine adl\\u0131 5 metrelik bir sanat enstalasyonunun a\\u00e7\\u0131l\\u0131\\u015f\\u0131ndan&quot;,&quot;focus_image&quot;:&quot;&quot;,&quot;credits&quot;:&quot;&quot;},{&quot;image_src&quot;:&quot;https:\\\/\\\/www.greenpeace.org\\\/static\\\/planet4-turkey-stateless\\\/2023\\\/10\\\/3a9dd60e-51901920192_5669eac573_c.jpg&quot;,&quot;image_srcset&quot;:&quot;https:\\\/\\\/www.greenpeace.org\\\/static\\\/planet4-turkey-stateless\\\/2023\\\/10\\\/3a9dd60e-51901920192_5669eac573_c.jpg 800w, https:\\\/\\\/www.greenpeace.org\\\/static\\\/planet4-turkey-stateless\\\/2023\\\/10\\\/3a9dd60e-51901920192_5669eac573_c-300x190.jpg 300w, https:\\\/\\\/www.greenpeace.org\\\/static\\\/planet4-turkey-stateless\\\/2023\\\/10\\\/3a9dd60e-51901920192_5669eac573_c-768x487.jpg 768w, https:\\\/\\\/www.greenpeace.org\\\/static\\\/planet4-turkey-stateless\\\/2023\\\/10\\\/3a9dd60e-51901920192_5669eac573_c-510x323.jpg 510w&quot;,&quot;image_sizes&quot;:false,&quot;alt_text&quot;:&quot;Foto\\u011fraf: Birle\\u015fmi\\u015f Milletler \\u00c7evre Program\\u0131 (UNEP) UNEA (Birle\\u015fmi\\u015f Milletler \\u00c7evre Kurulu) 5.2 toplant\\u0131s\\u0131ndan \\u201cplastik muslu\\u011fu\\u201d enstalasyonu.&quot;,&quot;caption&quot;:&quot;Foto\\u011fraf: Birle\\u015fmi\\u015f Milletler \\u00c7evre Program\\u0131 (UNEP) \\nUNEA (Birle\\u015fmi\\u015f Milletler \\u00c7evre Kurulu) 5.2 toplant\\u0131s\\u0131ndan \\u201cplastik muslu\\u011fu\\u201d enstalasyonu.&quot;,&quot;focus_image&quot;:&quot;&quot;,&quot;credits&quot;:&quot;&quot;},{&quot;image_src&quot;:&quot;https:\\\/\\\/www.greenpeace.org\\\/static\\\/planet4-turkey-stateless\\\/2023\\\/10\\\/fe2d359b-gp1t7uci_web_size.jpg&quot;,&quot;image_srcset&quot;:&quot;https:\\\/\\\/www.greenpeace.org\\\/static\\\/planet4-turkey-stateless\\\/2023\\\/10\\\/fe2d359b-gp1t7uci_web_size.jpg 800w, https:\\\/\\\/www.greenpeace.org\\\/static\\\/planet4-turkey-stateless\\\/2023\\\/10\\\/fe2d359b-gp1t7uci_web_size-300x200.jpg 300w, https:\\\/\\\/www.greenpeace.org\\\/static\\\/planet4-turkey-stateless\\\/2023\\\/10\\\/fe2d359b-gp1t7uci_web_size-768x512.jpg 768w, https:\\\/\\\/www.greenpeace.org\\\/static\\\/planet4-turkey-stateless\\\/2023\\\/10\\\/fe2d359b-gp1t7uci_web_size-510x340.jpg 510w&quot;,&quot;image_sizes&quot;:false,&quot;alt_text&quot;:&quot;&quot;,&quot;caption&quot;:&quot;Foto\\u011fraf: \\u00a9 Manuela Louren\\u00e7o\\n\\u201cPlastik V\\u00fccudumuzda\\u201d&quot;,&quot;focus_image&quot;:&quot;&quot;,&quot;credits&quot;:&quot;&quot;}]}}\"><section class=\"block carousel-wrap \"><\/section><\/div>","protected":false},"excerpt":{"rendered":"<p>Plastik \u00fcretildi\u011fi andan at\u0131\u011fa d\u00f6n\u00fc\u015fene kadar, her a\u015famada gezegenimizi kirletiyor, canl\u0131 ya\u015fam\u0131na zarar veriyor, iklim krizini derinle\u015ftiriyor. G\u00fc\u00e7l\u00fc bir K\u00fcresel Plastik Anla\u015fmas\u0131 talep ediyoruz.<\/p>\n","protected":false},"author":26,"featured_media":8250,"parent":9,"menu_order":0,"comment_status":"closed","ping_status":"closed","template":"","meta":{"ep_exclude_from_search":false,"p4_hide_page_title_checkbox":"on","p4_title":"","p4_subtitle":"","p4_description":"","background_image_id":"","background_image":"","p4_button_title":"","p4_button_link":"","p4_button_link_checkbox":"","p4_og_title":"","p4_og_description":"","p4_og_image":"","p4_og_image_id":"","p4_seo_canonical_url":"","p4_campaign_name":"not set","p4_local_project":"not set","p4_basket_name":"not set","p4_department":"","footnotes":""},"categories":[],"tags":[23],"class_list":["post-8247","page","type-page","status-publish","has-post-thumbnail","hentry","tag-plastik"],"_links":{"self":[{"href":"https:\/\/www.greenpeace.org\/turkey\/wp-json\/wp\/v2\/pages\/8247","targetHints":{"allow":["GET"]}}],"collection":[{"href":"https:\/\/www.greenpeace.org\/turkey\/wp-json\/wp\/v2\/pages"}],"about":[{"href":"https:\/\/www.greenpeace.org\/turkey\/wp-json\/wp\/v2\/types\/page"}],"author":[{"embeddable":true,"href":"https:\/\/www.greenpeace.org\/turkey\/wp-json\/wp\/v2\/users\/26"}],"replies":[{"embeddable":true,"href":"https:\/\/www.greenpeace.org\/turkey\/wp-json\/wp\/v2\/comments?post=8247"}],"version-history":[{"count":9,"href":"https:\/\/www.greenpeace.org\/turkey\/wp-json\/wp\/v2\/pages\/8247\/revisions"}],"predecessor-version":[{"id":9259,"href":"https:\/\/www.greenpeace.org\/turkey\/wp-json\/wp\/v2\/pages\/8247\/revisions\/9259"}],"up":[{"embeddable":true,"href":"https:\/\/www.greenpeace.org\/turkey\/wp-json\/wp\/v2\/pages\/9"}],"wp:featuredmedia":[{"embeddable":true,"href":"https:\/\/www.greenpeace.org\/turkey\/wp-json\/wp\/v2\/media\/8250"}],"wp:attachment":[{"href":"https:\/\/www.greenpeace.org\/turkey\/wp-json\/wp\/v2\/media?parent=8247"}],"wp:term":[{"taxonomy":"category","embeddable":true,"href":"https:\/\/www.greenpeace.org\/turkey\/wp-json\/wp\/v2\/categories?post=8247"},{"taxonomy":"post_tag","embeddable":true,"href":"https:\/\/www.greenpeace.org\/turkey\/wp-json\/wp\/v2\/tags?post=8247"}],"curies":[{"name":"wp","href":"https:\/\/api.w.org\/{rel}","templated":true}]}}