{"id":8600,"date":"2025-11-20T12:05:47","date_gmt":"2025-11-20T09:05:47","guid":{"rendered":"https:\/\/www.greenpeace.org\/turkey\/?page_id=8600"},"modified":"2025-11-20T12:08:45","modified_gmt":"2025-11-20T09:08:45","slug":"afsin-elbistanda-yeni-bir-santrale-yer-yok","status":"publish","type":"page","link":"https:\/\/www.greenpeace.org\/turkey\/harekete-gec\/afsin-elbistanda-yeni-bir-santrale-yer-yok\/","title":{"rendered":"Af\u015fin-Elbistan&#8217;da yeni bir santrale yer yok."},"content":{"rendered":"\n\n<div class=\"wp-block-group alignfull is-layout-flow wp-block-group-is-layout-flow\">\n<div class=\"wp-block-group container is-layout-flow wp-block-group-is-layout-flow\">\n<div class=\"wp-block-media-text alignfull has-media-on-the-right is-stacked-on-mobile is-pattern-p4-page-header is-style-parallax\"><div class=\"wp-block-media-text__content\">\n<div class=\"wp-block-group is-layout-flow wp-block-group-is-layout-flow\">\n<h1 class=\"wp-block-heading has-white-background-color has-background\">Af\u015fin-Elbistan&#8217;da yeni bir santrale yer yok<\/h1>\n<\/div>\n<\/div><figure class=\"wp-block-media-text__media\"><img loading=\"lazy\" decoding=\"async\" width=\"1024\" height=\"683\" src=\"https:\/\/www.greenpeace.org\/static\/planet4-turkey-stateless\/2025\/03\/6a461ec0-gp0sto9pj-1024x683.jpg\" alt=\"Afsin-Elbistan A and B Plants in Turkey. \u00a9 Umut  Vedat  \/ Greenpeace\" sizes=\"auto, (min-width: 601px) 50vw, 100vw\" srcset=\"https:\/\/www.greenpeace.org\/static\/planet4-turkey-stateless\/2025\/03\/6a461ec0-gp0sto9pj.jpg 1200w, https:\/\/www.greenpeace.org\/static\/planet4-turkey-stateless\/2025\/03\/6a461ec0-gp0sto9pj-300x200.jpg 300w, https:\/\/www.greenpeace.org\/static\/planet4-turkey-stateless\/2025\/03\/6a461ec0-gp0sto9pj-1024x683.jpg 1024w, https:\/\/www.greenpeace.org\/static\/planet4-turkey-stateless\/2025\/03\/6a461ec0-gp0sto9pj-768x512.jpg 768w, https:\/\/www.greenpeace.org\/static\/planet4-turkey-stateless\/2025\/03\/6a461ec0-gp0sto9pj-510x340.jpg 510w\" class=\"wp-image-8929 size-full\"\/><\/figure><\/div>\n<\/div>\n<\/div>\n\n\n<figure class=\"wp-block-image size-full\"><img loading=\"lazy\" decoding=\"async\" width=\"1900\" height=\"1200\" src=\"https:\/\/www.greenpeace.org\/static\/planet4-turkey-stateless\/3fd0573a-afsin-hava-kirliligi-basin-bulteni.jpg\" alt=\"\" class=\"wp-image-5520\"\/><\/figure>\n\n<p>Af\u015fin-Elbistan A Termik Santraline yap\u0131lmas\u0131 planlanan ek \u00fcniteler, hem halk sa\u011fl\u0131\u011f\u0131n\u0131 hem de \u00e7evre sa\u011fl\u0131\u011f\u0131n\u0131 tehdit ediyor.<\/p>\n\n<p>B\u00f6lgede var olan termik santraller, zaten uzun y\u0131llard\u0131r b\u00f6lgenin havas\u0131n\u0131 zehirliyor, beslenme ve ge\u00e7im kayna\u011f\u0131 olan tar\u0131msal \u00fcretimi zay\u0131flat\u0131yor ve Ceyhan Havzas\u0131n\u0131n can suyu olan Ceyhan Nehrinin kayna\u011f\u0131n\u0131 zay\u0131flat\u0131yor. Af\u015fin-Elbistan A Termik Santrali\u2019ne ait veriler, santralin emisyon seviyelerinin yasal s\u0131n\u0131rlar\u0131 8 kata kadar a\u015ft\u0131\u011f\u0131n\u0131 g\u00f6steriyor.<\/p>\n<div data-render=\"planet4-blocks\/columns\" data-attributes=\"{&quot;attributes&quot;:{&quot;columns_block_style&quot;:&quot;tasks&quot;,&quot;columns_title&quot;:&quot;Neler yapabilirsin?&quot;,&quot;columns&quot;:[{&quot;title&quot;:&quot;\\u0130mza Ver&quot;,&quot;description&quot;:&quot;&quot;,&quot;cta_link&quot;:&quot;https:\\\/\\\/imza.greenpeace.org\\\/yer-yok&quot;,&quot;link_new_tab&quot;:false,&quot;cta_text&quot;:&quot;\\u0130MZA VER&quot;},{&quot;title&quot;:&quot;Geli\\u015fmeleri Takip Et&quot;,&quot;description&quot;:&quot;&quot;,&quot;cta_link&quot;:&quot;https:\\\/\\\/www.instagram.com\\\/greenpeaceturkiye\\\/&quot;,&quot;link_new_tab&quot;:false,&quot;cta_text&quot;:&quot;TAK\\u0130P ET&quot;},{&quot;title&quot;:&quot;\\u00c7evrendekilerle Payla\\u015f&quot;,&quot;description&quot;:&quot;&quot;,&quot;cta_link&quot;:&quot;https:\\\/\\\/imza.greenpeace.org\\\/yer-yok-paylas&quot;,&quot;link_new_tab&quot;:false,&quot;cta_text&quot;:&quot;PAYLA\\u015e&quot;}],&quot;className&quot;:&quot;is-style-tasks&quot;}}\"><\/div>\n<hr class=\"wp-block-separator has-alpha-channel-opacity\"\/>\n\n<div class=\"wp-block-query posts-list p4-query-loop is-custom-layout-list is-layout-flow wp-block-query-is-layout-flow\">\n<div class=\"wp-block-group is-content-justification-space-between is-layout-flex wp-container-core-group-is-layout-3d213aab wp-block-group-is-layout-flex\">\n<h2 class=\"wp-block-heading\">\u0130lgili yaz\u0131lar<\/h2>\n\n\n<li class=\" wp-block-navigation-item see-all-link wp-block-navigation-link\"><a class=\"wp-block-navigation-item__content\"  href=\"https:\/\/www.greenpeace.org\/turkey\/news-stories\/?category=iklim-krizi&#038;post-type=blog\"><span class=\"wp-block-navigation-item__label\">See all posts<\/span><\/a><\/li><\/div>\n\n\n\n<p style=\"margin-top:24px;margin-bottom:36px\"><\/p>\n\n\n\n\n<ul class=\"wp-block-post-template is-layout-flow wp-block-post-template-is-layout-flow\"><li class=\"wp-block-post post-10029 post type-post status-publish format-standard has-post-thumbnail hentry category-sorunlar-ve-cozumler category-iklim-adaleti p4-page-type-blog\">\n\n<div class=\"wp-block-columns is-layout-flex wp-container-core-columns-is-layout-9d6595d7 wp-block-columns-is-layout-flex\"><figure class=\"wp-block-post-featured-image\"><a href=\"https:\/\/www.greenpeace.org\/turkey\/blog\/greenpeace-gazzeye-giden-kuresel-sumud-filosuna-katilacak-260407\/\" target=\"_self\"  ><img loading=\"lazy\" decoding=\"async\" width=\"1200\" height=\"801\" src=\"https:\/\/www.greenpeace.org\/static\/planet4-turkey-stateless\/2026\/04\/5b9d113f-gp1sxdim.jpg\" class=\"attachment-post-thumbnail size-post-thumbnail wp-post-image wp-stateless-item\" alt=\"Greenpeace, Gazze\u2019ye Giden K\u00fcresel Sumud Filosuna Kat\u0131lacak\" style=\"object-fit:cover;\" srcset=\"https:\/\/www.greenpeace.org\/static\/planet4-turkey-stateless\/2026\/04\/5b9d113f-gp1sxdim.jpg 1200w, https:\/\/www.greenpeace.org\/static\/planet4-turkey-stateless\/2026\/04\/5b9d113f-gp1sxdim-300x200.jpg 300w, https:\/\/www.greenpeace.org\/static\/planet4-turkey-stateless\/2026\/04\/5b9d113f-gp1sxdim-1024x684.jpg 1024w, https:\/\/www.greenpeace.org\/static\/planet4-turkey-stateless\/2026\/04\/5b9d113f-gp1sxdim-768x513.jpg 768w, https:\/\/www.greenpeace.org\/static\/planet4-turkey-stateless\/2026\/04\/5b9d113f-gp1sxdim-510x340.jpg 510w\" sizes=\"auto, (max-width: 1200px) 100vw, 1200px\" data-image-size=\"post-thumbnail\" data-stateless-media-bucket=\"planet4-turkey-stateless\" data-stateless-media-name=\"2026\/04\/5b9d113f-gp1sxdim.jpg\" \/><\/a><\/figure>\n\n\n<div class=\"wp-block-group is-layout-flow wp-block-group-is-layout-flow\">\n<div class=\"wp-block-group is-layout-flex wp-block-group-is-layout-flex\"><div class=\"wp-block-post-terms\"><a href=\"https:\/\/www.greenpeace.org\/turkey\/category\/sorunlar-ve-cozumler\/\">\u00c7al\u0131\u015ft\u0131\u011f\u0131m\u0131z Alanlar<\/a><\/div>\n\n<\/div>\n\n\n<h3 class=\"wp-block-post-title\"><a href=\"https:\/\/www.greenpeace.org\/turkey\/blog\/greenpeace-gazzeye-giden-kuresel-sumud-filosuna-katilacak-260407\/\" target=\"_self\" >Greenpeace, Gazze\u2019ye Giden K\u00fcresel Sumud Filosuna Kat\u0131lacak<\/a><\/h3>\n\n<div class=\"wp-block-post-excerpt\"><p class=\"wp-block-post-excerpt__excerpt\">6 Nisan 2026 &#8211; \u0130stanbul, Barselona &#8211; Greenpeace, Arctic Sunrise gemisinin yakla\u015fan K\u00fcresel Sumud Filosuna kat\u0131laca\u011f\u0131n\u0131 duyurdu.&nbsp; Filo, \u0130srail&#8217;in Gazze&#8217;ye y\u00f6nelik devam eden yard\u0131m ablukas\u0131na do\u011frudan kar\u015f\u0131 \u00e7\u0131kmay\u0131 ama\u00e7layan yetmi\u015ften&hellip; <\/p><\/div>\n\n\n<div class=\"wp-block-group posts-list-meta is-layout-flow wp-block-group-is-layout-flow\"><span class='article-list-item-author'><a href='https:\/\/www.greenpeace.org\/turkey\/author\/bececeli\/'>Greenpeace T\u00fcrkiye<\/a><\/span>\n\n<div class=\"wp-block-post-date\"><time datetime=\"2026-04-07T12:02:33+03:00\">7 Nisan 2026<\/time><\/div><\/div>\n<\/div>\n<\/div>\n\n<\/li><li class=\"wp-block-post post-9992 post type-post status-publish format-standard has-post-thumbnail hentry category-sorunlar-ve-cozumler category-iklim-adaleti tag-yenilenebilir-enerji tag-iklim-adaleti p4-page-type-blog\">\n\n<div class=\"wp-block-columns is-layout-flex wp-container-core-columns-is-layout-9d6595d7 wp-block-columns-is-layout-flex\"><figure class=\"wp-block-post-featured-image\"><a href=\"https:\/\/www.greenpeace.org\/turkey\/blog\/gunesi-havaya-ucuramazsiniz-260312\/\" target=\"_self\"  ><img loading=\"lazy\" decoding=\"async\" width=\"1200\" height=\"899\" src=\"https:\/\/www.greenpeace.org\/static\/planet4-turkey-stateless\/2026\/03\/e655d71e-gp0stravk.jpg\" class=\"attachment-post-thumbnail size-post-thumbnail wp-post-image wp-stateless-item\" alt=\"G\u00fcne\u015fi havaya u\u00e7uramazs\u0131n\u0131z: Yenilenebilir enerji kaynaklar\u0131n\u0131n g\u00fcvenlik a\u00e7\u0131s\u0131ndan zorunlu olmas\u0131n\u0131n 4 nedeni\" style=\"object-fit:cover;\" srcset=\"https:\/\/www.greenpeace.org\/static\/planet4-turkey-stateless\/2026\/03\/e655d71e-gp0stravk.jpg 1200w, https:\/\/www.greenpeace.org\/static\/planet4-turkey-stateless\/2026\/03\/e655d71e-gp0stravk-300x225.jpg 300w, https:\/\/www.greenpeace.org\/static\/planet4-turkey-stateless\/2026\/03\/e655d71e-gp0stravk-1024x767.jpg 1024w, https:\/\/www.greenpeace.org\/static\/planet4-turkey-stateless\/2026\/03\/e655d71e-gp0stravk-768x575.jpg 768w, https:\/\/www.greenpeace.org\/static\/planet4-turkey-stateless\/2026\/03\/e655d71e-gp0stravk-454x340.jpg 454w\" sizes=\"auto, (max-width: 1200px) 100vw, 1200px\" data-image-size=\"post-thumbnail\" data-stateless-media-bucket=\"planet4-turkey-stateless\" data-stateless-media-name=\"2026\/03\/e655d71e-gp0stravk.jpg\" \/><\/a><\/figure>\n\n\n<div class=\"wp-block-group is-layout-flow wp-block-group-is-layout-flow\">\n<div class=\"wp-block-group is-layout-flex wp-block-group-is-layout-flex\"><div class=\"wp-block-post-terms\"><a href=\"https:\/\/www.greenpeace.org\/turkey\/category\/sorunlar-ve-cozumler\/\">\u00c7al\u0131\u015ft\u0131\u011f\u0131m\u0131z Alanlar<\/a><\/div>\n\n<div class=\"taxonomy-post_tag wp-block-post-terms\"><a href=\"https:\/\/www.greenpeace.org\/turkey\/tag\/yenilenebilir-enerji\/\" rel=\"tag\">Yenilenebilir Enerji<\/a><span class=\"wp-block-post-terms__separator\"> <\/span><a href=\"https:\/\/www.greenpeace.org\/turkey\/tag\/iklim-adaleti\/\" rel=\"tag\">\u0130klim Adaleti<\/a><\/div><\/div>\n\n\n<h3 class=\"wp-block-post-title\"><a href=\"https:\/\/www.greenpeace.org\/turkey\/blog\/gunesi-havaya-ucuramazsiniz-260312\/\" target=\"_self\" >G\u00fcne\u015fi havaya u\u00e7uramazs\u0131n\u0131z: Yenilenebilir enerji kaynaklar\u0131n\u0131n g\u00fcvenlik a\u00e7\u0131s\u0131ndan zorunlu olmas\u0131n\u0131n 4 nedeni<\/a><\/h3>\n\n<div class=\"wp-block-post-excerpt\"><p class=\"wp-block-post-excerpt__excerpt\">Bu gezegende ge\u00e7irdi\u011fim k\u0131rk y\u0131l i\u00e7inde d\u00f6rd\u00fcnc\u00fc sava\u015f\u0131m\u0131 ya\u015f\u0131yorum. <\/p><\/div>\n\n\n<div class=\"wp-block-group posts-list-meta is-layout-flow wp-block-group-is-layout-flow\"><span class='article-list-item-author'>Julien Jreissati, Greenpeace Orta Do\u011fu ve Kuzey Afrika Program Direkt\u00f6r\u00fc\u00a0<\/span>\n\n<div class=\"wp-block-post-date\"><time datetime=\"2026-03-12T11:37:08+03:00\">12 Mart 2026<\/time><\/div><\/div>\n<\/div>\n<\/div>\n\n<\/li><li class=\"wp-block-post post-9976 post type-post status-publish format-standard has-post-thumbnail hentry category-sorunlar-ve-cozumler category-iklim-krizi p4-page-type-blog\">\n\n<div class=\"wp-block-columns is-layout-flex wp-container-core-columns-is-layout-9d6595d7 wp-block-columns-is-layout-flex\"><figure class=\"wp-block-post-featured-image\"><a href=\"https:\/\/www.greenpeace.org\/turkey\/blog\/greenpeace-temyize-gidiyor-260306\/\" target=\"_self\"  ><img loading=\"lazy\" decoding=\"async\" width=\"1200\" height=\"900\" src=\"https:\/\/www.greenpeace.org\/static\/planet4-turkey-stateless\/2026\/03\/321edac7-gp0su4v35.jpg\" class=\"attachment-post-thumbnail size-post-thumbnail wp-post-image wp-stateless-item\" alt=\"Kuzey Dakota&#8217;dan \u00e7\u0131kan 345 milyon dolarl\u0131k karar: Greenpeace, fosil yak\u0131t devine kar\u015f\u0131 temyize gidiyor\" style=\"object-fit:cover;\" srcset=\"https:\/\/www.greenpeace.org\/static\/planet4-turkey-stateless\/2026\/03\/321edac7-gp0su4v35.jpg 1200w, https:\/\/www.greenpeace.org\/static\/planet4-turkey-stateless\/2026\/03\/321edac7-gp0su4v35-300x225.jpg 300w, https:\/\/www.greenpeace.org\/static\/planet4-turkey-stateless\/2026\/03\/321edac7-gp0su4v35-1024x768.jpg 1024w, https:\/\/www.greenpeace.org\/static\/planet4-turkey-stateless\/2026\/03\/321edac7-gp0su4v35-768x576.jpg 768w, https:\/\/www.greenpeace.org\/static\/planet4-turkey-stateless\/2026\/03\/321edac7-gp0su4v35-453x340.jpg 453w\" sizes=\"auto, (max-width: 1200px) 100vw, 1200px\" data-image-size=\"post-thumbnail\" data-stateless-media-bucket=\"planet4-turkey-stateless\" data-stateless-media-name=\"2026\/03\/321edac7-gp0su4v35.jpg\" \/><\/a><\/figure>\n\n\n<div class=\"wp-block-group is-layout-flow wp-block-group-is-layout-flow\">\n<div class=\"wp-block-group is-layout-flex wp-block-group-is-layout-flex\"><div class=\"wp-block-post-terms\"><a href=\"https:\/\/www.greenpeace.org\/turkey\/category\/sorunlar-ve-cozumler\/\">\u00c7al\u0131\u015ft\u0131\u011f\u0131m\u0131z Alanlar<\/a><\/div>\n\n<\/div>\n\n\n<h3 class=\"wp-block-post-title\"><a href=\"https:\/\/www.greenpeace.org\/turkey\/blog\/greenpeace-temyize-gidiyor-260306\/\" target=\"_self\" >Kuzey Dakota&#8217;dan \u00e7\u0131kan 345 milyon dolarl\u0131k karar: Greenpeace, fosil yak\u0131t devine kar\u015f\u0131 temyize gidiyor<\/a><\/h3>\n\n<div class=\"wp-block-post-excerpt\"><p class=\"wp-block-post-excerpt__excerpt\">Kuzey Dakota B\u00f6lge Mahkemesi, ge\u00e7ti\u011fimiz g\u00fcnlerde fosil yak\u0131t \u015firketi Energy Transfer (ET) lehine sonu\u00e7lanan davada Greenpeace Uluslararas\u0131 ve ABD&#8217;deki Greenpeace organizasyonlar\u0131n\u0131n 345 milyon dolar tazminat \u00f6demesine karar verdi. Ancak bu&hellip; <\/p><\/div>\n\n\n<div class=\"wp-block-group posts-list-meta is-layout-flow wp-block-group-is-layout-flow\"><span class='article-list-item-author'>Berk Butan | Greenpeace T\u00fcrkiye Sosyal ve Ekonomik Sistemler Kampanya Sorumlusu<\/span>\n\n<div class=\"wp-block-post-date\"><time datetime=\"2026-03-06T09:58:22+03:00\">6 Mart 2026<\/time><\/div><\/div>\n<\/div>\n<\/div>\n\n<\/li><\/ul>\n\n\n<div class=\"wp-block-buttons carousel-controls is-horizontal is-content-justification-space-between is-nowrap is-layout-flex wp-container-core-buttons-is-layout-044bd602 wp-block-buttons-is-layout-flex\">\n<div class=\"wp-block-button carousel-control-prev\"><button type=\"button\" class=\"wp-block-button__link wp-element-button\">Previous Carousel Slide<\/button><\/div>\n\n\n\n<div class=\"wp-block-button carousel-control-next\"><button type=\"button\" class=\"wp-block-button__link wp-element-button\">Next Carousel Slide<\/button><\/div>\n<\/div>\n\n\n<li class=\" wp-block-navigation-item see-all-link wp-block-navigation-link\"><a class=\"wp-block-navigation-item__content\"  href=\"https:\/\/www.greenpeace.org\/turkey\/news-stories\/?category=iklim-krizi&#038;post-type=blog\"><span class=\"wp-block-navigation-item__label\">Hepsini g\u00f6r<\/span><\/a><\/li><\/div>\n","protected":false},"excerpt":{"rendered":"<p>\u0130klim krizi art\u0131k evimizde. Kurakl\u0131k, s\u0131cak dalgalar\u0131 ve seller, T\u00fcrkiye&#8217;nin de pay\u0131na d\u00fc\u015fen tehlikeler aras\u0131nda.<\/p>\n","protected":false},"author":41,"featured_media":7489,"parent":9,"menu_order":0,"comment_status":"closed","ping_status":"closed","template":"","meta":{"ep_exclude_from_search":false,"p4_hide_page_title_checkbox":"on","p4_title":"","p4_subtitle":"","p4_description":"","background_image_id":"","background_image":"","p4_button_title":"","p4_button_link":"","p4_button_link_checkbox":"","p4_og_title":"","p4_og_description":"","p4_og_image":"","p4_og_image_id":"","p4_seo_canonical_url":"","p4_campaign_name":"not set","p4_local_project":"not set","p4_basket_name":"not set","p4_department":"","footnotes":""},"categories":[24],"tags":[6],"class_list":["post-8600","page","type-page","status-publish","has-post-thumbnail","hentry","category-iklim-krizi","tag-iklim-adaleti"],"_links":{"self":[{"href":"https:\/\/www.greenpeace.org\/turkey\/wp-json\/wp\/v2\/pages\/8600","targetHints":{"allow":["GET"]}}],"collection":[{"href":"https:\/\/www.greenpeace.org\/turkey\/wp-json\/wp\/v2\/pages"}],"about":[{"href":"https:\/\/www.greenpeace.org\/turkey\/wp-json\/wp\/v2\/types\/page"}],"author":[{"embeddable":true,"href":"https:\/\/www.greenpeace.org\/turkey\/wp-json\/wp\/v2\/users\/41"}],"replies":[{"embeddable":true,"href":"https:\/\/www.greenpeace.org\/turkey\/wp-json\/wp\/v2\/comments?post=8600"}],"version-history":[{"count":6,"href":"https:\/\/www.greenpeace.org\/turkey\/wp-json\/wp\/v2\/pages\/8600\/revisions"}],"predecessor-version":[{"id":9842,"href":"https:\/\/www.greenpeace.org\/turkey\/wp-json\/wp\/v2\/pages\/8600\/revisions\/9842"}],"up":[{"embeddable":true,"href":"https:\/\/www.greenpeace.org\/turkey\/wp-json\/wp\/v2\/pages\/9"}],"wp:featuredmedia":[{"embeddable":true,"href":"https:\/\/www.greenpeace.org\/turkey\/wp-json\/wp\/v2\/media\/7489"}],"wp:attachment":[{"href":"https:\/\/www.greenpeace.org\/turkey\/wp-json\/wp\/v2\/media?parent=8600"}],"wp:term":[{"taxonomy":"category","embeddable":true,"href":"https:\/\/www.greenpeace.org\/turkey\/wp-json\/wp\/v2\/categories?post=8600"},{"taxonomy":"post_tag","embeddable":true,"href":"https:\/\/www.greenpeace.org\/turkey\/wp-json\/wp\/v2\/tags?post=8600"}],"curies":[{"name":"wp","href":"https:\/\/api.w.org\/{rel}","templated":true}]}}