{"id":8601,"date":"2024-07-31T15:07:20","date_gmt":"2024-07-31T12:07:20","guid":{"rendered":"https:\/\/www.greenpeace.org\/turkey\/?page_id=8601"},"modified":"2025-07-02T10:42:25","modified_gmt":"2025-07-02T07:42:25","slug":"sahiller-hepimizin","status":"publish","type":"page","link":"https:\/\/www.greenpeace.org\/turkey\/harekete-gec\/sahiller-hepimizin\/","title":{"rendered":"Sahiller Hepimizin"},"content":{"rendered":"\n\n<div class=\"wp-block-group alignfull is-layout-flow wp-block-group-is-layout-flow\">\n<div class=\"wp-block-group container is-layout-flow wp-block-group-is-layout-flow\">\n<div class=\"wp-block-media-text alignfull has-media-on-the-right is-stacked-on-mobile is-pattern-p4-page-header is-style-parallax\"><div class=\"wp-block-media-text__content\">\n<div class=\"wp-block-group is-layout-flow wp-block-group-is-layout-flow\">\n<h1 class=\"wp-block-heading has-white-background-color has-background\">Sahiller Hepimizin<\/h1>\n<\/div>\n<\/div><figure class=\"wp-block-media-text__media\"><img loading=\"lazy\" decoding=\"async\" width=\"1024\" height=\"682\" src=\"https:\/\/www.greenpeace.org\/static\/planet4-turkey-stateless\/2024\/07\/fa76caad-sahil_web-1024x682.jpg\" alt=\"\" sizes=\"auto, (min-width: 601px) 50vw, 100vw\" srcset=\"https:\/\/www.greenpeace.org\/static\/planet4-turkey-stateless\/2024\/07\/fa76caad-sahil_web.jpg 2000w, https:\/\/www.greenpeace.org\/static\/planet4-turkey-stateless\/2024\/07\/fa76caad-sahil_web-300x200.jpg 300w, https:\/\/www.greenpeace.org\/static\/planet4-turkey-stateless\/2024\/07\/fa76caad-sahil_web-1024x682.jpg 1024w, https:\/\/www.greenpeace.org\/static\/planet4-turkey-stateless\/2024\/07\/fa76caad-sahil_web-768x512.jpg 768w, https:\/\/www.greenpeace.org\/static\/planet4-turkey-stateless\/2024\/07\/fa76caad-sahil_web-1536x1024.jpg 1536w, https:\/\/www.greenpeace.org\/static\/planet4-turkey-stateless\/2024\/07\/fa76caad-sahil_web-510x340.jpg 510w\" class=\"wp-image-8604 size-full\"\/><\/figure><\/div>\n<\/div>\n<\/div>\n\n\n<figure class=\"wp-block-image aligncenter size-full\"><img loading=\"lazy\" decoding=\"async\" width=\"1024\" height=\"576\" src=\"https:\/\/www.greenpeace.org\/static\/planet4-turkey-stateless\/2024\/07\/ba8f1287-img_4658-5.jpg\" alt=\"\" class=\"wp-image-8603\" srcset=\"https:\/\/www.greenpeace.org\/static\/planet4-turkey-stateless\/2024\/07\/ba8f1287-img_4658-5.jpg 1024w, https:\/\/www.greenpeace.org\/static\/planet4-turkey-stateless\/2024\/07\/ba8f1287-img_4658-5-300x169.jpg 300w, https:\/\/www.greenpeace.org\/static\/planet4-turkey-stateless\/2024\/07\/ba8f1287-img_4658-5-768x432.jpg 768w, https:\/\/www.greenpeace.org\/static\/planet4-turkey-stateless\/2024\/07\/ba8f1287-img_4658-5-510x287.jpg 510w\" sizes=\"auto, (max-width: 1024px) 100vw, 1024px\" \/><\/figure>\n\n<p>\u00dclkemiz 8.333 kilometrelik e\u015fsiz bir sahil \u015feridine sahip. Ancak sahillere e\u015fit ve adil bir bi\u00e7imde eri\u015femiyoruz.<\/p>\n\n<p>Anayasam\u0131za g\u00f6re sahiller i\u00e7in \u00f6ncelikle kamu yarar\u0131 g\u00f6zetilmeli. Ancak anayasal haklar\u0131m\u0131za ra\u011fmen sahiller \u00f6zel izinlerle bol y\u0131ld\u0131zl\u0131 otellere, b\u00fcy\u00fck i\u015fletmelere teslim ediliyor. B\u00f6ylece bir yandan b\u00fcy\u00fck bir \u00e7evre tahribat\u0131 olu\u015furken di\u011fer yandan k\u0131y\u0131lara eri\u015fim belli z\u00fcmrelerle s\u0131n\u0131rland\u0131r\u0131l\u0131yor.<\/p>\n\n<p>\u00dclkemizin 4 bir yan\u0131ndan y\u00fckselen \u00e7a\u011fr\u0131lara destek vererek sahillerin \u00e7evre koruma ilkesine uygun \u015fekilde herkesin eri\u015fimine a\u00e7\u0131lmas\u0131n\u0131 talep ediyoruz.<\/p>\n\n<section class=\"block accordion-block wp-block-planet4-blocks-accordion\"><div class=\"accordion-content\"><div class=\"accordion-headline\" name=\"<strong&gt;Greenpeace neden sahiller kampanyas\u0131 yap\u0131yor?<\/strong&gt;\">&lt;strong>Greenpeace neden sahiller kampanyas\u0131 yap\u0131yor?&lt;\/strong><\/div><div class=\"panel panel-hidden\"><p class=\"accordion-text\">K\u00fclt\u00fcrel ve ekolojik \u00f6neme sahip k\u0131y\u0131 \u015feritleri, kar odakl\u0131 faaliyetler nedeniyle art\u0131k tehlikede. K\u0131y\u0131 \u015feridinde yer alan yap\u0131lar\u0131n bir\u00e7o\u011funun k\u0131y\u0131 kanununa ayk\u0131r\u0131 oldu\u011funu ve bu alanlar\u0131n \u00e7o\u011funlukla se\u00e7kinler taraf\u0131ndan \u00f6zelle\u015ftirilmesine izin verildi\u011fini g\u00f6r\u00fcyoruz. <br><br>K\u0131y\u0131 \u015feridi uzunlu\u011funun yakla\u015f\u0131k 8333 kilometre oldu\u011fu bir \u00fclkede, herkesin k\u0131y\u0131lara \u00fccretsiz bir \u015fekilde eri\u015fiminin olmamas\u0131 ciddi bir sosyo-ekonomik sorundur. Bu alanlar\u0131n se\u00e7kinler taraf\u0131ndan \u00f6zelle\u015ftirilmesi, vatanda\u015flar\u0131n geri kalan\u0131n\u0131n k\u0131y\u0131 \u015feridi boyunca do\u011faya eri\u015fiminin olmad\u0131\u011f\u0131 ve ayr\u0131ca \u00f6nemli habitatlar\u0131n yok edildi\u011fi anlam\u0131na geliyor.<\/p><\/div><\/div><div class=\"accordion-content\"><div class=\"accordion-headline\" name=\"<strong&gt;Halk\u0131n sahillere eri\u015fimi konusunda mevcut durum nedir?<\/strong&gt;\">&lt;strong>Halk\u0131n sahillere eri\u015fimi konusunda mevcut durum nedir?&lt;\/strong><\/div><div class=\"panel panel-hidden\"><p class=\"accordion-text\">T\u00fcrkiye&#8217;de halk\u0131n sahillere eri\u015fimi konusunda mevcut durum, \u00f6zellikle k\u0131y\u0131 b\u00f6lgelerinde artan \u00f6zelle\u015ftirme ve yap\u0131la\u015fma nedeniyle giderek k\u0131s\u0131tlanmaktad\u0131r. Halk\u0131n sahillere \u00fccretsiz eri\u015fimi yasal olarak sa\u011flanm\u0131\u015f olsa da (Bknz. K\u0131y\u0131 Kanunu), uygulamada bu hak s\u0131kl\u0131kla ihlal ediliyor.<br><br>Sahil alanlar\u0131 b\u00fcy\u00fck \u015firketler ve\/veya elit kesimler taraf\u0131ndan \u00f6zelle\u015ftiriliyor ve bu sebeple halk\u0131n sahillere \u00fccretsiz bir \u015fekilde faydalanmas\u0131n\u0131n \u00f6n\u00fcne ge\u00e7iyor. Bu durum, \u00e7evresel ve sosyal adaletsizliklerin derinle\u015fmesine neden oluyor. Sahil b\u00f6lgelerindeki \u00e7evre koruma politikalar\u0131n\u0131n \u00f6ncelikli hale getirilmesi, sahillerin herkes i\u00e7in eri\u015filebilir ve korunmu\u015f alanlar olarak kalmas\u0131n\u0131 sa\u011flamak i\u00e7in \u00f6nemlidir.<\/p><\/div><\/div><div class=\"accordion-content\"><div class=\"accordion-headline\" name=\"<strong&gt;<strong&gt;Bu kampanya turizm sekt\u00f6r\u00fcn\u00fc baltalamayacak m\u0131?<\/strong&gt;<\/strong&gt;\">&lt;strong>&lt;strong>Bu kampanya turizm sekt\u00f6r\u00fcn\u00fc baltalamayacak m\u0131?&lt;\/strong>&lt;\/strong><\/div><div class=\"panel panel-hidden\"><p class=\"accordion-text\">K\u0131y\u0131lar\u0131n korunmas\u0131 i\u00e7in Greenpeace\u2019in d\u00fczenledi\u011fi ve destekledi\u011fi eylemlere kat\u0131labilir, anayasal haklar\u0131m\u0131z\u0131n uygulanmas\u0131 konusundaki m\u00fccadelemizde taleplerimizi bakanl\u0131\u011fa iletebilmemiz i\u00e7in kampanyam\u0131z\u0131 http:\/\/hepimiz.in\/ sitesinden imzalayabilirsiniz.<\/p><\/div><\/div><\/section>\n<div data-render=\"planet4-blocks\/columns\" data-attributes=\"{&quot;attributes&quot;:{&quot;columns_block_style&quot;:&quot;tasks&quot;,&quot;columns_title&quot;:&quot;Neler yapabilirsin?&quot;,&quot;columns&quot;:[{&quot;title&quot;:&quot;\\u0130mza Ver&quot;,&quot;description&quot;:&quot;Anayasal haklar\\u0131m\\u0131z\\u0131n uygulanmas\\u0131 konusundaki m\\u00fccadelemizde taleplerimizi bakanl\\u0131\\u011fa iletebilmemiz i\\u00e7in kampanyam\\u0131z\\u0131 imzalayabilirsiniz.&quot;,&quot;cta_link&quot;:&quot;https:\\\/\\\/imza.greenpeace.org\\\/sahiller-hepimizin&quot;,&quot;link_new_tab&quot;:false,&quot;cta_text&quot;:&quot;\\u0130MZA VER&quot;},{&quot;title&quot;:&quot;Geli\\u015fmeleri Takip Et&quot;,&quot;description&quot;:&quot;Halk\\u0131n sahillere eri\\u015fimi ile ilgili yapt\\u0131\\u011f\\u0131m\\u0131z saha \\u00e7al\\u0131\\u015fmalar\\u0131n\\u0131 takip et, blog yaz\\u0131lar\\u0131n\\u0131 oku.&quot;,&quot;cta_link&quot;:&quot;https:\\\/\\\/www.greenpeace.org\\\/turkey\\\/blog\\\/sahiller-anayasal-haklarimiza-ragmen-kiyim-kiyim\\\/&quot;,&quot;link_new_tab&quot;:false,&quot;cta_text&quot;:&quot;TAK\\u0130P ET&quot;},{&quot;title&quot;:&quot;\\u00c7evrendekilerle Payla\\u015f&quot;,&quot;description&quot;:&quot;Sahillere eri\\u015fim so\\u0131unu \\u00fclkemizin \\u00e7\\u00f6z\\u00fclmesi gereken \\u00f6nemli sorunlar\\u0131ndan biri ve etkileri her ge\\u00e7en g\\u00fcn katlanarak art\\u0131yor. Kampanyam\\u0131z\\u0131 \\u00e7evrendekilerle payla\\u015farak daha \\u00e7ok insana ula\\u015fmam\\u0131za yard\\u0131mc\\u0131 olabilirsin.&quot;,&quot;cta_link&quot;:&quot;https:\\\/\\\/www.greenpeace.org\\\/turkey\\\/blog\\\/sahiller-anayasal-haklarimiza-ragmen-kiyim-kiyim\\\/&quot;,&quot;link_new_tab&quot;:false,&quot;cta_text&quot;:&quot;BLOGU PAYLA\\u015e&quot;}],&quot;className&quot;:&quot;is-style-tasks&quot;}}\"><\/div><div data-hydrate=\"planet4-blocks\/gallery\" data-attributes=\"{&quot;attributes&quot;:{&quot;multiple_image&quot;:&quot;8606,8608,8609&quot;,&quot;image_data&quot;:[{&quot;url&quot;:&quot;https:\\\/\\\/www.greenpeace.org\\\/static\\\/planet4-turkey-stateless\\\/2024\\\/07\\\/12739761-shutterstock_2463980105-1-scaled.jpg&quot;,&quot;focalPoint&quot;:{&quot;x&quot;:0.5,&quot;y&quot;:0.5},&quot;id&quot;:8606},{&quot;url&quot;:&quot;https:\\\/\\\/www.greenpeace.org\\\/static\\\/planet4-turkey-stateless\\\/2024\\\/07\\\/d4039233-img_4658-5.jpg&quot;,&quot;focalPoint&quot;:{&quot;x&quot;:0.5,&quot;y&quot;:0.5},&quot;id&quot;:8608},{&quot;url&quot;:&quot;https:\\\/\\\/www.greenpeace.org\\\/static\\\/planet4-turkey-stateless\\\/2024\\\/07\\\/7d122f39-img_4803-5.jpg&quot;,&quot;focalPoint&quot;:{&quot;x&quot;:0.5,&quot;y&quot;:0.5},&quot;id&quot;:8609}],&quot;gallery_block_style&quot;:0,&quot;gallery_block_title&quot;:&quot;&quot;,&quot;gallery_block_description&quot;:&quot;&quot;,&quot;gallery_block_focus_points&quot;:&quot;&quot;,&quot;images&quot;:[{&quot;image_src&quot;:&quot;https:\\\/\\\/www.greenpeace.org\\\/static\\\/planet4-turkey-stateless\\\/2024\\\/07\\\/12739761-shutterstock_2463980105-1-scaled.jpg&quot;,&quot;image_srcset&quot;:&quot;https:\\\/\\\/www.greenpeace.org\\\/static\\\/planet4-turkey-stateless\\\/2024\\\/07\\\/12739761-shutterstock_2463980105-1-scaled.jpg 2560w, https:\\\/\\\/www.greenpeace.org\\\/static\\\/planet4-turkey-stateless\\\/2024\\\/07\\\/12739761-shutterstock_2463980105-1-300x200.jpg 300w, https:\\\/\\\/www.greenpeace.org\\\/static\\\/planet4-turkey-stateless\\\/2024\\\/07\\\/12739761-shutterstock_2463980105-1-1024x683.jpg 1024w, https:\\\/\\\/www.greenpeace.org\\\/static\\\/planet4-turkey-stateless\\\/2024\\\/07\\\/12739761-shutterstock_2463980105-1-768x512.jpg 768w, https:\\\/\\\/www.greenpeace.org\\\/static\\\/planet4-turkey-stateless\\\/2024\\\/07\\\/12739761-shutterstock_2463980105-1-1536x1024.jpg 1536w, https:\\\/\\\/www.greenpeace.org\\\/static\\\/planet4-turkey-stateless\\\/2024\\\/07\\\/12739761-shutterstock_2463980105-1-2048x1366.jpg 2048w, https:\\\/\\\/www.greenpeace.org\\\/static\\\/planet4-turkey-stateless\\\/2024\\\/07\\\/12739761-shutterstock_2463980105-1-510x340.jpg 510w&quot;,&quot;image_sizes&quot;:false,&quot;alt_text&quot;:&quot;&quot;,&quot;caption&quot;:&quot;&quot;,&quot;focus_image&quot;:&quot;&quot;,&quot;credits&quot;:&quot;&quot;},{&quot;image_src&quot;:&quot;https:\\\/\\\/www.greenpeace.org\\\/static\\\/planet4-turkey-stateless\\\/2024\\\/07\\\/d4039233-img_4658-5.jpg&quot;,&quot;image_srcset&quot;:&quot;https:\\\/\\\/www.greenpeace.org\\\/static\\\/planet4-turkey-stateless\\\/2024\\\/07\\\/d4039233-img_4658-5.jpg 1024w, https:\\\/\\\/www.greenpeace.org\\\/static\\\/planet4-turkey-stateless\\\/2024\\\/07\\\/d4039233-img_4658-5-300x169.jpg 300w, https:\\\/\\\/www.greenpeace.org\\\/static\\\/planet4-turkey-stateless\\\/2024\\\/07\\\/d4039233-img_4658-5-768x432.jpg 768w, https:\\\/\\\/www.greenpeace.org\\\/static\\\/planet4-turkey-stateless\\\/2024\\\/07\\\/d4039233-img_4658-5-510x287.jpg 510w&quot;,&quot;image_sizes&quot;:false,&quot;alt_text&quot;:&quot;&quot;,&quot;caption&quot;:&quot;&quot;,&quot;focus_image&quot;:&quot;&quot;,&quot;credits&quot;:&quot;&quot;},{&quot;image_src&quot;:&quot;https:\\\/\\\/www.greenpeace.org\\\/static\\\/planet4-turkey-stateless\\\/2024\\\/07\\\/7d122f39-img_4803-5.jpg&quot;,&quot;image_srcset&quot;:&quot;https:\\\/\\\/www.greenpeace.org\\\/static\\\/planet4-turkey-stateless\\\/2024\\\/07\\\/7d122f39-img_4803-5.jpg 1024w, https:\\\/\\\/www.greenpeace.org\\\/static\\\/planet4-turkey-stateless\\\/2024\\\/07\\\/7d122f39-img_4803-5-300x169.jpg 300w, https:\\\/\\\/www.greenpeace.org\\\/static\\\/planet4-turkey-stateless\\\/2024\\\/07\\\/7d122f39-img_4803-5-768x432.jpg 768w, https:\\\/\\\/www.greenpeace.org\\\/static\\\/planet4-turkey-stateless\\\/2024\\\/07\\\/7d122f39-img_4803-5-510x287.jpg 510w&quot;,&quot;image_sizes&quot;:false,&quot;alt_text&quot;:&quot;&quot;,&quot;caption&quot;:&quot;&quot;,&quot;focus_image&quot;:&quot;&quot;,&quot;credits&quot;:&quot;&quot;}]}}\"><section class=\"block carousel-wrap \"><\/section><\/div>","protected":false},"excerpt":{"rendered":"<p>\u00dclkemiz 8.333 kilometrelik e\u015fsiz bir sahil \u015feridine sahip. Ancak sahillere e\u015fit ve adil bir bi\u00e7imde eri\u015femiyoruz.<\/p>\n","protected":false},"author":26,"featured_media":8610,"parent":9,"menu_order":0,"comment_status":"closed","ping_status":"closed","template":"","meta":{"ep_exclude_from_search":false,"p4_hide_page_title_checkbox":"on","p4_title":"","p4_subtitle":"","p4_description":"","background_image_id":"","background_image":"","p4_button_title":"","p4_button_link":"","p4_button_link_checkbox":"","p4_og_title":"","p4_og_description":"","p4_og_image":"","p4_og_image_id":"","p4_seo_canonical_url":"","p4_campaign_name":"not set","p4_local_project":"not set","p4_basket_name":"not set","p4_department":"","footnotes":""},"categories":[4],"tags":[],"class_list":["post-8601","page","type-page","status-publish","has-post-thumbnail","hentry","category-yerel-hareketler"],"_links":{"self":[{"href":"https:\/\/www.greenpeace.org\/turkey\/wp-json\/wp\/v2\/pages\/8601","targetHints":{"allow":["GET"]}}],"collection":[{"href":"https:\/\/www.greenpeace.org\/turkey\/wp-json\/wp\/v2\/pages"}],"about":[{"href":"https:\/\/www.greenpeace.org\/turkey\/wp-json\/wp\/v2\/types\/page"}],"author":[{"embeddable":true,"href":"https:\/\/www.greenpeace.org\/turkey\/wp-json\/wp\/v2\/users\/26"}],"replies":[{"embeddable":true,"href":"https:\/\/www.greenpeace.org\/turkey\/wp-json\/wp\/v2\/comments?post=8601"}],"version-history":[{"count":3,"href":"https:\/\/www.greenpeace.org\/turkey\/wp-json\/wp\/v2\/pages\/8601\/revisions"}],"predecessor-version":[{"id":9257,"href":"https:\/\/www.greenpeace.org\/turkey\/wp-json\/wp\/v2\/pages\/8601\/revisions\/9257"}],"up":[{"embeddable":true,"href":"https:\/\/www.greenpeace.org\/turkey\/wp-json\/wp\/v2\/pages\/9"}],"wp:featuredmedia":[{"embeddable":true,"href":"https:\/\/www.greenpeace.org\/turkey\/wp-json\/wp\/v2\/media\/8610"}],"wp:attachment":[{"href":"https:\/\/www.greenpeace.org\/turkey\/wp-json\/wp\/v2\/media?parent=8601"}],"wp:term":[{"taxonomy":"category","embeddable":true,"href":"https:\/\/www.greenpeace.org\/turkey\/wp-json\/wp\/v2\/categories?post=8601"},{"taxonomy":"post_tag","embeddable":true,"href":"https:\/\/www.greenpeace.org\/turkey\/wp-json\/wp\/v2\/tags?post=8601"}],"curies":[{"name":"wp","href":"https:\/\/api.w.org\/{rel}","templated":true}]}}