{"id":9620,"date":"2025-10-05T17:23:53","date_gmt":"2025-10-05T14:23:53","guid":{"rendered":"https:\/\/www.greenpeace.org\/turkey\/?page_id=9620"},"modified":"2025-10-06T16:49:06","modified_gmt":"2025-10-06T13:49:06","slug":"aymye-eposta-gonder","status":"publish","type":"page","link":"https:\/\/www.greenpeace.org\/turkey\/aymye-eposta-gonder\/","title":{"rendered":"AYM&#8217;ye eposta g\u00f6nder"},"content":{"rendered":"\n<div style=\"height:44px\" aria-hidden=\"true\" class=\"wp-block-spacer\"><\/div>\n\n<div class=\"wp-block-columns is-layout-flex wp-container-core-columns-is-layout-9d6595d7 wp-block-columns-is-layout-flex\">\n<div class=\"wp-block-column is-layout-flow wp-block-column-is-layout-flow\">\n<h1 class=\"wp-block-heading\">Yasan\u0131n iptali i\u00e7in AYM&#8217;ye eposta g\u00f6nder<\/h1>\n\n\n\n<p>Temmuz ay\u0131nda kabul edilen 7554 Say\u0131l\u0131 yasa, T\u00fcrkiye\u2019nin do\u011fas\u0131n\u0131 ve gelece\u011fini tehdit ediyor.<\/p>\n\n\n\n<p>Bu d\u00fczenleme ile <strong>zeytinlikler, ormanlar, meralar, milli parklar ve su kaynaklar\u0131<\/strong> maden ve enerji \u015firketlerinin faaliyetlerine a\u00e7\u0131l\u0131yor.<\/p>\n\n\n\n<p>Bu yasa y\u00fcr\u00fcrl\u00fckte kald\u0131\u011f\u0131 s\u00fcrece, do\u011fa yok olacak; topra\u011f\u0131m\u0131z, suyumuz, tar\u0131m alanlar\u0131m\u0131z geri d\u00f6n\u00fclmez bi\u00e7imde tahrip edilecek. Mu\u011fla\u2019da zeytinliklerin s\u00f6k\u00fclmesi bunun ilk \u00f6rne\u011fi.<\/p>\n\n\n\n<p>\u015eimdi bu gidi\u015fata \u201cdur\u201d deme zaman\u0131!<\/p>\n\n\n\n<p>Anayasa Mahkemesi, toplumun ortak yarar\u0131n\u0131 korumakla y\u00fck\u00fcml\u00fc. Biz yurtta\u015flar olarak, sa\u011fl\u0131kl\u0131 bir \u00e7evrede ya\u015fama hakk\u0131m\u0131z\u0131 savunmak i\u00e7in sesimizi duyuruyoruz: <strong>Do\u011fay\u0131, zeytinlikleri, ormanlar\u0131, meralar\u0131 talana a\u00e7an bu yasa iptal edilsin!<\/strong><\/p>\n\n\n\n<p>Sen de hemen harekete ge\u00e7, formu doldur, Anayasa Mahkemesi\u2019ne e-posta g\u00f6nder.<\/p>\n<\/div>\n\n\n\n<div class=\"wp-block-column has-action-yellow-background-color has-background is-layout-constrained wp-block-column-is-layout-constrained\">\n<div class=\"wp-block-group has-beige-100-background-color has-background is-layout-grid wp-container-core-group-is-layout-86ce7098 wp-block-group-is-layout-grid\" style=\"padding-top:var(--wp--preset--spacing--30);padding-right:var(--wp--preset--spacing--50);padding-bottom:var(--wp--preset--spacing--30);padding-left:var(--wp--preset--spacing--50)\"><script type=\"text\/javascript\">\n\/* <![CDATA[ *\/\nvar gform;gform||(document.addEventListener(\"gform_main_scripts_loaded\",function(){gform.scriptsLoaded=!0}),document.addEventListener(\"gform\/theme\/scripts_loaded\",function(){gform.themeScriptsLoaded=!0}),window.addEventListener(\"DOMContentLoaded\",function(){gform.domLoaded=!0}),gform={domLoaded:!1,scriptsLoaded:!1,themeScriptsLoaded:!1,isFormEditor:()=>\"function\"==typeof InitializeEditor,callIfLoaded:function(o){return!(!gform.domLoaded||!gform.scriptsLoaded||!gform.themeScriptsLoaded&&!gform.isFormEditor()||(gform.isFormEditor()&&console.warn(\"The use of gform.initializeOnLoaded() is deprecated in the form editor context and will be removed in Gravity Forms 3.1.\"),o(),0))},initializeOnLoaded:function(o){gform.callIfLoaded(o)||(document.addEventListener(\"gform_main_scripts_loaded\",()=>{gform.scriptsLoaded=!0,gform.callIfLoaded(o)}),document.addEventListener(\"gform\/theme\/scripts_loaded\",()=>{gform.themeScriptsLoaded=!0,gform.callIfLoaded(o)}),window.addEventListener(\"DOMContentLoaded\",()=>{gform.domLoaded=!0,gform.callIfLoaded(o)}))},hooks:{action:{},filter:{}},addAction:function(o,r,e,t){gform.addHook(\"action\",o,r,e,t)},addFilter:function(o,r,e,t){gform.addHook(\"filter\",o,r,e,t)},doAction:function(o){gform.doHook(\"action\",o,arguments)},applyFilters:function(o){return gform.doHook(\"filter\",o,arguments)},removeAction:function(o,r){gform.removeHook(\"action\",o,r)},removeFilter:function(o,r,e){gform.removeHook(\"filter\",o,r,e)},addHook:function(o,r,e,t,n){null==gform.hooks[o][r]&&(gform.hooks[o][r]=[]);var d=gform.hooks[o][r];null==n&&(n=r+\"_\"+d.length),gform.hooks[o][r].push({tag:n,callable:e,priority:t=null==t?10:t})},doHook:function(r,o,e){var t;if(e=Array.prototype.slice.call(e,1),null!=gform.hooks[r][o]&&((o=gform.hooks[r][o]).sort(function(o,r){return o.priority-r.priority}),o.forEach(function(o){\"function\"!=typeof(t=o.callable)&&(t=window[t]),\"action\"==r?t.apply(null,e):e[0]=t.apply(null,e)})),\"filter\"==r)return e[0]},removeHook:function(o,r,t,n){var e;null!=gform.hooks[o][r]&&(e=(e=gform.hooks[o][r]).filter(function(o,r,e){return!!(null!=n&&n!=o.tag||null!=t&&t!=o.priority)}),gform.hooks[o][r]=e)}});\n\/* ]]> *\/\n<\/script>\n\n                <div class='gf_browser_gecko gform_wrapper gravity-theme gform-theme--no-framework' data-form-theme='gravity-theme' data-form-index='0' id='gform_wrapper_16' ><div id='gf_16' class='gform_anchor' tabindex='-1'><\/div><form method='post' enctype='multipart\/form-data' target='gform_ajax_frame_16' id='gform_16'  action='\/turkey\/wp-json\/wp\/v2\/pages\/9620#gf_16' data-formid='16' novalidate>\n                        <div class='gform-body gform_body'><div id='gform_fields_16' class='gform_fields top_label form_sublabel_above description_above validation_below'><div id=\"field_16_12\" class=\"gfield gfield--type-html gfield--input-type-html gfield--width-full gfield_html gfield_html_formatted gfield_no_follows_desc field_sublabel_above gfield--no-description field_description_above field_validation_below gfield_visibility_visible\"  ><!doctype html>\n<html lang=\"tr\">\n<head>\n  <meta charset=\"utf-8\">\n  <meta name=\"viewport\" content=\"width=device-width, initial-scale=1\">\n  <title>AYM\u2019ye E-posta G\u00f6nder<\/title>\n  <style>\n    body {\n      font-family: system-ui, -apple-system, \"Segoe UI\", Roboto, Helvetica, Arial, sans-serif;\n      margin: 0;\n      padding: 20px;\n      background: #fff;\n      color: #111;\n    }\n    .hero {\n      background: #ffeb3b;\n      padding: 20px;\n      border-radius: 10px;\n      font-weight: 700;\n      font-size: 1.4rem;\n      max-width: 760px;\n      margin: 0 auto;\n    }\n    .sub {\n      background: #ffeb3b;\n      display: inline-block;\n      font-weight: 600;\n      padding: 8px 12px;\n      border-radius: 6px;\n      margin: 20px auto 10px;\n      max-width: 760px;\n      display: block;\n    }\n    .scroll-box {\n      background: #ffeef1;\n      border: 1px solid #e5e7eb;\n      border-radius: 12px;\n      padding: 18px;\n      max-height: 240px;\n      overflow-y: auto;\n      line-height: 1.6;\n      color: #111;\n      max-width: 760px;\n      margin: 0 auto;\n    }\n    .scroll-box::-webkit-scrollbar {\n      width: 10px;\n    }\n    .scroll-box::-webkit-scrollbar-thumb {\n      background: #ccc;\n      border-radius: 8px;\n    }\n  <\/style>\n<\/head>\n<body>\n  <div class=\"hero\">\n    Harekete ge\u00e7: Zeytinlik, orman ve meralar i\u00e7in AYM&#8217;ye e-posta g\u00f6nder.\n  <\/div>\n\n  <div class=\"sub\">\n    A\u015fa\u011f\u0131daki metin, formu doldurduktan sonra Greenpeace taraf\u0131ndan AYM&#8217;ye e-posta olarak iletilecektir. Ki\u015fisel bilgiler payla\u015f\u0131lmayacakt\u0131r.\n  <\/div>\n\n  <div class=\"scroll-box\" role=\"region\" aria-label=\"E-posta i\u00e7eri\u011fi\">\n    <p>Say\u0131n Anayasa Mahkemesi \u00dcyeleri,<\/p>\n\n    <p>Temmuz 2025\u2019te kabul edilen <strong>7554 Say\u0131l\u0131 Yasa<\/strong> ile zeytinlikler, ormanlar, meralar, tar\u0131m alanlar\u0131, milli parklar ve su varl\u0131klar\u0131; maden ve enerji \u015firketlerinin faaliyetlerine a\u00e7\u0131lmaktad\u0131r. Bu d\u00fczenleme, Anayasa\u2019n\u0131n <strong>56. maddesi<\/strong>yle g\u00fcvence alt\u0131na al\u0131nan sa\u011fl\u0131kl\u0131 ve dengeli bir \u00e7evrede ya\u015fama hakk\u0131n\u0131 a\u00e7\u0131k\u00e7a ihlal etmektedir.<\/p>\n\n    <p>Do\u011fal alanlar\u0131n, ekosistemlerin ve ortak ya\u015fam kaynaklar\u0131m\u0131z\u0131n ticari \u00e7\u0131karlara feda edilmesi, yaln\u0131zca \u00e7evreyi de\u011fil; tar\u0131m\u0131, g\u0131da g\u00fcvenli\u011fini, halk sa\u011fl\u0131\u011f\u0131n\u0131 ve gelece\u011fimizi de tehdit etmektedir. Zeytinliklerin s\u00f6k\u00fclmesiyle ba\u015flayan bu s\u00fcre\u00e7, \u00fclkemizin do\u011fas\u0131na ve toplumun ortak yarar\u0131na b\u00fcy\u00fck zarar verecektir.<\/p>\n\n    <p><strong>Kamu yarar\u0131; do\u011fan\u0131n tahrip edilmesinde de\u011fil, korunmas\u0131ndad\u0131r.<\/strong> Bu nedenle sizlerden, 7554 Say\u0131l\u0131 Yasa\u2019n\u0131n iptal edilmesini; Anayasa\u2019n\u0131n \u00f6ng\u00f6rd\u00fc\u011f\u00fc \u00e7evre koruma, s\u00fcrd\u00fcr\u00fclebilirlik ve gelecek ku\u015faklar\u0131n hakk\u0131 ilkeleri do\u011frultusunda karar verilmesini talep ediyoruz.<\/p>\n\n    <p>Do\u011fay\u0131, topra\u011f\u0131, suyu ve ya\u015fam\u0131 savunmak hepimizin ortak sorumlulu\u011fudur.  \n    Gelece\u011fimiz i\u00e7in adil bir karar vermenizi diliyoruz.<\/p>\n\n    <p><em>Sayg\u0131lar\u0131mla,<\/em><\/p>\n  <\/div>\n<\/body>\n<\/html>\n<\/div><fieldset id=\"field_16_5\" class=\"gfield gfield--type-name gfield--input-type-name gfield_contains_required field_sublabel_above gfield--no-description field_description_above hidden_label field_validation_below gfield_visibility_visible\"  ><legend class='gfield_label gform-field-label gfield_label_before_complex' >Ad<span class=\"gfield_required\"><span class=\"gfield_required gfield_required_text\">(Gerekli)<\/span><\/span><\/legend><div class='ginput_complex ginput_container ginput_container--name no_prefix has_first_name no_middle_name has_last_name no_suffix gf_name_has_2 ginput_container_name gform-grid-row' id='input_16_5'>\n                            \n                            <span id='input_16_5_3_container' class='name_first gform-grid-col gform-grid-col--size-auto' >\n                                                    <label for='input_16_5_3' class='gform-field-label gform-field-label--type-sub '>\u0130sim<\/label>\n                                                    <input type='text' name='input_5.3' id='input_16_5_3' value=''   aria-required='true'     \/>\n                                                <\/span>\n                            \n                            <span id='input_16_5_6_container' class='name_last gform-grid-col gform-grid-col--size-auto' >\n                                                            <label for='input_16_5_6' class='gform-field-label gform-field-label--type-sub '>Soyisim<\/label>\n                                                            <input type='text' name='input_5.6' id='input_16_5_6' value=''   aria-required='true'     \/>\n                                                        <\/span>\n                            \n                        <\/div><\/fieldset><div id=\"field_16_6\" class=\"gfield gfield--type-phone gfield--input-type-phone field_sublabel_above gfield--no-description field_description_above field_validation_below gfield_visibility_visible\"  ><label class='gfield_label gform-field-label' for='input_16_6'>Cep telefonu<\/label><div class='ginput_container ginput_container_phone'><input name='input_6' id='input_16_6' type='tel' value='' class='large'  placeholder='05xxxxxxxxx'  aria-invalid=\"false\"   \/><\/div><\/div><div id=\"field_16_7\" class=\"gfield gfield--type-email gfield--input-type-email gfield_contains_required field_sublabel_above gfield--no-description field_description_above field_validation_below gfield_visibility_visible\"  ><label class='gfield_label gform-field-label' for='input_16_7'>E-posta<span class=\"gfield_required\"><span class=\"gfield_required gfield_required_text\">(Gerekli)<\/span><\/span><\/label><div class='ginput_container ginput_container_email'>\n                            <input name='input_7' id='input_16_7' type='email' value='' class='large'    aria-required=\"true\" aria-invalid=\"false\"  \/>\n                        <\/div><\/div><fieldset id=\"field_16_8\" class=\"gfield gfield--type-checkbox gfield--type-choice gfield--input-type-checkbox gfield--width-full field_sublabel_above gfield--has-description field_description_above field_validation_below gfield_visibility_visible custom-control\"  data-field-class=\"custom-control\" ><legend class='gfield_label gform-field-label screen-reader-text gfield_label_before_complex' >Greenpeace Akdeniz&#039;in kampanya ve destek ama\u00e7l\u0131 bilgilendirmelerinden haberdar olmak istiyor ve bilgilerimin Greenpeace Akdeniz veri taban\u0131nda saklanmas\u0131n\u0131 onayl\u0131yorum.<\/legend><div class='gfield_description' id='gfield_description_16_8'>Greenpeace Akdeniz&#8217;in kampanya ve destek ama\u00e7l\u0131 bilgilendirmelerinden haberdar olmak istiyor ve bilgilerimin Greenpeace Akdeniz veri taban\u0131nda saklanmas\u0131n\u0131 onayl\u0131yorum.<\/div><div class='ginput_container ginput_container_checkbox'><div class='gfield_checkbox ' id='input_16_8'><div class='gchoice gchoice_16_8_1'>\n\t\t\t\t\t\t\t\t<input class='gfield-choice-input' name='input_8.1' type='checkbox'  value='Telefon' checked='checked' id='choice_16_8_1'   aria-describedby=\"gfield_description_16_8\"\/>\n\t\t\t\t\t\t\t\t<label for='choice_16_8_1' id='label_16_8_1' class='gform-field-label gform-field-label--type-inline'>Telefon<\/label>\n\t\t\t\t\t\t\t<\/div><div class='gchoice gchoice_16_8_2'>\n\t\t\t\t\t\t\t\t<input class='gfield-choice-input' name='input_8.2' type='checkbox'  value='SMS' checked='checked' id='choice_16_8_2'   \/>\n\t\t\t\t\t\t\t\t<label for='choice_16_8_2' id='label_16_8_2' class='gform-field-label gform-field-label--type-inline'>SMS<\/label>\n\t\t\t\t\t\t\t<\/div><div class='gchoice gchoice_16_8_3'>\n\t\t\t\t\t\t\t\t<input class='gfield-choice-input' name='input_8.3' type='checkbox'  value='E-posta' checked='checked' id='choice_16_8_3'   \/>\n\t\t\t\t\t\t\t\t<label for='choice_16_8_3' id='label_16_8_3' class='gform-field-label gform-field-label--type-inline'>E-posta<\/label>\n\t\t\t\t\t\t\t<\/div><\/div><\/div><\/fieldset><\/div><\/div>\n        <div class='gform-footer gform_footer top_label'> <input type='submit' id='gform_submit_button_16' class='gform_button button gform-button--width-full' onclick='gform.submission.handleButtonClick(this);' data-submission-type='submit' value='G\u00f6nder'  \/> <input type='hidden' name='gform_ajax' value='form_id=16&amp;title=&amp;description=&amp;tabindex=0&amp;theme=gravity-theme&amp;styles={&quot;inputPrimaryColor&quot;:&quot;#204ce5&quot;}&amp;hash=e5bf906f439068646234e374042a98c9' \/>\n            <input type='hidden' class='gform_hidden' name='gform_submission_method' data-js='gform_submission_method_16' value='iframe' \/>\n            <input type='hidden' class='gform_hidden' name='gform_theme' data-js='gform_theme_16' id='gform_theme_16' value='gravity-theme' \/>\n            <input type='hidden' class='gform_hidden' name='gform_style_settings' data-js='gform_style_settings_16' id='gform_style_settings_16' value='{&quot;inputPrimaryColor&quot;:&quot;#204ce5&quot;}' \/>\n            <input type='hidden' class='gform_hidden' name='is_submit_16' value='1' \/>\n            <input type='hidden' class='gform_hidden' name='gform_submit' value='16' \/>\n            \n            <input type='hidden' class='gform_hidden' name='gform_currency' data-currency='USD' value='NrU9qGHBeiZOP0nmYYNJnpbRRQHV95xgkHrtheZWkiZewckOFeMZAxEsmfhm3JebsbUc1jmmjG0akFFijV\/vMRyqe0OC\/GRYPaPrxplOYY6i7Co=' \/>\n            <input type='hidden' class='gform_hidden' name='gform_unique_id' value='' \/>\n            <input type='hidden' class='gform_hidden' name='state_16' value='WyJ7XCI4LjFcIjpcIjhlMWFmOTVjZTU1NDQxODgyZDU5NjBlMWEzNDYyYzNlXCIsXCI4LjJcIjpcIjcyNWNjZjM0MTJlYmI4ODQyNmI4OTQ0MWFmNTczYWMzXCIsXCI4LjNcIjpcIjRkNTFiMGY3ZGYyN2NhZjdiMzU3MGM5NjQzM2Y2OGUwXCJ9IiwiYmY2NGQ5ZGY4NDU1M2YxYzA1MjM2NTQwNTNmMDIwOTIiXQ==' \/>\n            <input type='hidden' autocomplete='off' class='gform_hidden' name='gform_target_page_number_16' id='gform_target_page_number_16' value='0' \/>\n            <input type='hidden' autocomplete='off' class='gform_hidden' name='gform_source_page_number_16' id='gform_source_page_number_16' value='1' \/>\n            <input type='hidden' name='gform_field_values' value='' \/>\n            \n        <\/div>\n                        <p style=\"display: none !important;\" class=\"akismet-fields-container\" data-prefix=\"ak_\"><label>&#916;<textarea name=\"ak_hp_textarea\" cols=\"45\" rows=\"8\" maxlength=\"100\"><\/textarea><\/label><input type=\"hidden\" id=\"ak_js_1\" name=\"ak_js\" value=\"233\"\/><script>document.getElementById( \"ak_js_1\" ).setAttribute( \"value\", ( new Date() ).getTime() );<\/script><\/p><\/form>\n                        <\/div>\n\t\t                <iframe style='display:none;width:0px;height:0px;' src='about:blank' name='gform_ajax_frame_16' id='gform_ajax_frame_16' title='Bu iframe, Ajax destekli Gravity Forms i\u015flemleri i\u00e7in gereken mant\u0131\u011f\u0131 i\u00e7erir.'><\/iframe>\n\t\t                <script type=\"text\/javascript\">\n\/* <![CDATA[ *\/\n gform.initializeOnLoaded( function() {gformInitSpinner( 16, 'https:\/\/www.greenpeace.org\/turkey\/wp-content\/plugins\/gravityforms\/images\/spinner.svg', true );jQuery('#gform_ajax_frame_16').on('load',function(){var contents = jQuery(this).contents().find('*').html();var is_postback = contents.indexOf('GF_AJAX_POSTBACK') >= 0;if(!is_postback){return;}var form_content = jQuery(this).contents().find('#gform_wrapper_16');var is_confirmation = jQuery(this).contents().find('#gform_confirmation_wrapper_16').length > 0;var is_redirect = contents.indexOf('gformRedirect(){') >= 0;var is_form = form_content.length > 0 && ! is_redirect && ! is_confirmation;var mt = parseInt(jQuery('html').css('margin-top'), 10) + parseInt(jQuery('body').css('margin-top'), 10) + 100;if(is_form){jQuery('#gform_wrapper_16').html(form_content.html());if(form_content.hasClass('gform_validation_error')){jQuery('#gform_wrapper_16').addClass('gform_validation_error');} else {jQuery('#gform_wrapper_16').removeClass('gform_validation_error');}setTimeout( function() { \/* delay the scroll by 50 milliseconds to fix a bug in chrome *\/ jQuery(document).scrollTop(jQuery('#gform_wrapper_16').offset().top - mt); }, 50 );if(window['gformInitDatepicker']) {gformInitDatepicker();}if(window['gformInitPriceFields']) {gformInitPriceFields();}var current_page = jQuery('#gform_source_page_number_16').val();gformInitSpinner( 16, 'https:\/\/www.greenpeace.org\/turkey\/wp-content\/plugins\/gravityforms\/images\/spinner.svg', true );jQuery(document).trigger('gform_page_loaded', [16, current_page]);window['gf_submitting_16'] = false;}else if(!is_redirect){var confirmation_content = jQuery(this).contents().find('.GF_AJAX_POSTBACK').html();if(!confirmation_content){confirmation_content = contents;}jQuery('#gform_wrapper_16').replaceWith(confirmation_content);jQuery(document).scrollTop(jQuery('#gf_16').offset().top - mt);jQuery(document).trigger('gform_confirmation_loaded', [16]);window['gf_submitting_16'] = false;wp.a11y.speak(jQuery('#gform_confirmation_message_16').text());}else{jQuery('#gform_16').append(contents);if(window['gformRedirect']) {gformRedirect();}}jQuery(document).trigger(\"gform_pre_post_render\", [{ formId: \"16\", currentPage: \"current_page\", abort: function() { this.preventDefault(); } }]);        if (event && event.defaultPrevented) {                return;        }        const gformWrapperDiv = document.getElementById( \"gform_wrapper_16\" );        if ( gformWrapperDiv ) {            const visibilitySpan = document.createElement( \"span\" );            visibilitySpan.id = \"gform_visibility_test_16\";            gformWrapperDiv.insertAdjacentElement( \"afterend\", visibilitySpan );        }        const visibilityTestDiv = document.getElementById( \"gform_visibility_test_16\" );        let postRenderFired = false;        function triggerPostRender() {            if ( postRenderFired ) {                return;            }            postRenderFired = true;            gform.core.triggerPostRenderEvents( 16, current_page );            if ( visibilityTestDiv ) {                visibilityTestDiv.parentNode.removeChild( visibilityTestDiv );            }        }        function debounce( func, wait, immediate ) {            var timeout;            return function() {                var context = this, args = arguments;                var later = function() {                    timeout = null;                    if ( !immediate ) func.apply( context, args );                };                var callNow = immediate && !timeout;                clearTimeout( timeout );                timeout = setTimeout( later, wait );                if ( callNow ) func.apply( context, args );            };        }        const debouncedTriggerPostRender = debounce( function() {            triggerPostRender();        }, 200 );        if ( visibilityTestDiv && visibilityTestDiv.offsetParent === null ) {            const observer = new MutationObserver( ( mutations ) => {                mutations.forEach( ( mutation ) => {                    if ( mutation.type === 'attributes' && visibilityTestDiv.offsetParent !== null ) {                        debouncedTriggerPostRender();                        observer.disconnect();                    }                });            });            observer.observe( document.body, {                attributes: true,                childList: false,                subtree: true,                attributeFilter: [ 'style', 'class' ],            });        } else {            triggerPostRender();        }    } );} ); \n\/* ]]> *\/\n<\/script>\n<\/div>\n<\/div>\n<\/div>\n","protected":false},"excerpt":{"rendered":"<p>Yasan\u0131n iptali i\u00e7in AYM&#8217;ye eposta g\u00f6nder Temmuz ay\u0131nda kabul edilen 7554 Say\u0131l\u0131 yasa, T\u00fcrkiye\u2019nin do\u011fas\u0131n\u0131 ve gelece\u011fini tehdit ediyor. Bu d\u00fczenleme ile zeytinlikler, ormanlar, meralar, milli parklar ve su kaynaklar\u0131 maden ve enerji \u015firketlerinin faaliyetlerine a\u00e7\u0131l\u0131yor. Bu yasa y\u00fcr\u00fcrl\u00fckte kald\u0131\u011f\u0131 s\u00fcrece, do\u011fa yok olacak; topra\u011f\u0131m\u0131z, suyumuz, tar\u0131m alanlar\u0131m\u0131z geri d\u00f6n\u00fclmez bi\u00e7imde tahrip edilecek. Mu\u011fla\u2019da zeytinliklerin [&hellip;]<\/p>\n","protected":false},"author":41,"featured_media":7020,"parent":0,"menu_order":0,"comment_status":"closed","ping_status":"closed","template":"","meta":{"ep_exclude_from_search":false,"p4_hide_page_title_checkbox":"on","p4_title":"","p4_subtitle":"","p4_description":"","background_image_id":"","background_image":"","p4_button_title":"","p4_button_link":"","p4_button_link_checkbox":"","p4_og_title":"","p4_og_description":"","p4_og_image":"","p4_og_image_id":"","p4_seo_canonical_url":"","p4_campaign_name":"","p4_local_project":"","p4_basket_name":"","p4_department":"","footnotes":""},"categories":[],"tags":[],"class_list":["post-9620","page","type-page","status-publish","has-post-thumbnail","hentry"],"_links":{"self":[{"href":"https:\/\/www.greenpeace.org\/turkey\/wp-json\/wp\/v2\/pages\/9620","targetHints":{"allow":["GET"]}}],"collection":[{"href":"https:\/\/www.greenpeace.org\/turkey\/wp-json\/wp\/v2\/pages"}],"about":[{"href":"https:\/\/www.greenpeace.org\/turkey\/wp-json\/wp\/v2\/types\/page"}],"author":[{"embeddable":true,"href":"https:\/\/www.greenpeace.org\/turkey\/wp-json\/wp\/v2\/users\/41"}],"replies":[{"embeddable":true,"href":"https:\/\/www.greenpeace.org\/turkey\/wp-json\/wp\/v2\/comments?post=9620"}],"version-history":[{"count":7,"href":"https:\/\/www.greenpeace.org\/turkey\/wp-json\/wp\/v2\/pages\/9620\/revisions"}],"predecessor-version":[{"id":9628,"href":"https:\/\/www.greenpeace.org\/turkey\/wp-json\/wp\/v2\/pages\/9620\/revisions\/9628"}],"wp:featuredmedia":[{"embeddable":true,"href":"https:\/\/www.greenpeace.org\/turkey\/wp-json\/wp\/v2\/media\/7020"}],"wp:attachment":[{"href":"https:\/\/www.greenpeace.org\/turkey\/wp-json\/wp\/v2\/media?parent=9620"}],"wp:term":[{"taxonomy":"category","embeddable":true,"href":"https:\/\/www.greenpeace.org\/turkey\/wp-json\/wp\/v2\/categories?post=9620"},{"taxonomy":"post_tag","embeddable":true,"href":"https:\/\/www.greenpeace.org\/turkey\/wp-json\/wp\/v2\/tags?post=9620"}],"curies":[{"name":"wp","href":"https:\/\/api.w.org\/{rel}","templated":true}]}}