{"id":9843,"date":"2025-11-20T12:12:55","date_gmt":"2025-11-20T09:12:55","guid":{"rendered":"https:\/\/www.greenpeace.org\/turkey\/?page_id=9843"},"modified":"2025-11-20T12:24:11","modified_gmt":"2025-11-20T09:24:11","slug":"zehir-etme-pestisit-analizleri-aciklansin","status":"publish","type":"page","link":"https:\/\/www.greenpeace.org\/turkey\/harekete-gec\/zehir-etme-pestisit-analizleri-aciklansin\/","title":{"rendered":"Zehir etme: Pestisit analizleri a\u00e7\u0131klans\u0131n"},"content":{"rendered":"\n\n<div class=\"wp-block-group alignfull is-layout-flow wp-block-group-is-layout-flow\">\n<div class=\"wp-block-group container is-layout-flow wp-block-group-is-layout-flow\">\n<div class=\"wp-block-media-text alignfull has-media-on-the-right is-stacked-on-mobile is-pattern-p4-page-header is-style-parallax\"><div class=\"wp-block-media-text__content\">\n<div class=\"wp-block-group is-layout-flow wp-block-group-is-layout-flow\">\n<h1 class=\"wp-block-heading has-white-background-color has-background\">Zehir etme: Pestisit analizleri a\u00e7\u0131klans\u0131n<\/h1>\n<\/div>\n<\/div><figure class=\"wp-block-media-text__media\"><img loading=\"lazy\" decoding=\"async\" width=\"1024\" height=\"682\" src=\"https:\/\/www.greenpeace.org\/static\/planet4-turkey-stateless\/2024\/12\/7a343c4d-pestisit-website_1-1024x682.jpg\" alt=\"\" sizes=\"auto, (min-width: 601px) 50vw, 100vw\" srcset=\"https:\/\/www.greenpeace.org\/static\/planet4-turkey-stateless\/2024\/12\/7a343c4d-pestisit-website_1.jpg 2000w, https:\/\/www.greenpeace.org\/static\/planet4-turkey-stateless\/2024\/12\/7a343c4d-pestisit-website_1-300x200.jpg 300w, https:\/\/www.greenpeace.org\/static\/planet4-turkey-stateless\/2024\/12\/7a343c4d-pestisit-website_1-1024x682.jpg 1024w, https:\/\/www.greenpeace.org\/static\/planet4-turkey-stateless\/2024\/12\/7a343c4d-pestisit-website_1-768x512.jpg 768w, https:\/\/www.greenpeace.org\/static\/planet4-turkey-stateless\/2024\/12\/7a343c4d-pestisit-website_1-1536x1024.jpg 1536w, https:\/\/www.greenpeace.org\/static\/planet4-turkey-stateless\/2024\/12\/7a343c4d-pestisit-website_1-510x340.jpg 510w\" class=\"wp-image-8845 size-full\"\/><\/figure><\/div>\n<\/div>\n<\/div>\n\n\n<figure class=\"wp-block-image size-full\"><img loading=\"lazy\" decoding=\"async\" width=\"1200\" height=\"800\" src=\"https:\/\/www.greenpeace.org\/static\/planet4-turkey-stateless\/2020\/01\/242e725c-pestisit-raporu-thumbnail-1.jpg\" alt=\"\" class=\"wp-image-1836\"\/><\/figure>\n\n<p>Pestisitler topra\u011f\u0131m\u0131z\u0131, suyumuzu ve havam\u0131z\u0131 kirletip g\u0131da \u00fcr\u00fcnlerinde kal\u0131nt\u0131 b\u0131rakarak \u00e7e\u015fitli sa\u011fl\u0131k sorunlar\u0131na yol a\u00e7\u0131yor. Pestisitlere kar\u015f\u0131 en savunmas\u0131z grup ise bebekler ve \u00e7ocuklar.<\/p>\n\n<p>\u201cPestisit ve \u00c7ocuklar\u201d raporumuzdaki bulgulara g\u00f6re, analiz edilen 155 \u00f6rne\u011fin %33\u2019\u00fcn\u00fcn, T\u00fcrk G\u0131da Kodeksi Pestisitlerin Maksimum Kal\u0131nt\u0131 Limitleri Y\u00f6netmeli\u011fine uygun olmad\u0131\u011f\u0131 belirlendi. 50 \u00fcr\u00fcnde ruhsats\u0131z pestisit kullan\u0131m\u0131 tespit edildi. \u00d6rneklerin %61\u2019inde birden fazla pestisit kal\u0131nt\u0131s\u0131na rastland\u0131.<\/p>\n<div data-render=\"planet4-blocks\/columns\" data-attributes=\"{&quot;attributes&quot;:{&quot;columns_block_style&quot;:&quot;tasks&quot;,&quot;columns_title&quot;:&quot;Neler yapabilirsin?&quot;,&quot;columns&quot;:[{&quot;title&quot;:&quot;\\u0130mza Ver&quot;,&quot;description&quot;:&quot;&quot;,&quot;cta_link&quot;:&quot;https:\\\/\\\/imza.greenpeace.org\\\/zehir-etme&quot;,&quot;link_new_tab&quot;:false,&quot;cta_text&quot;:&quot;\\u0130MZA VER&quot;},{&quot;title&quot;:&quot;Geli\\u015fmeleri Takip Et&quot;,&quot;description&quot;:&quot;&quot;,&quot;cta_link&quot;:&quot;https:\\\/\\\/www.instagram.com\\\/greenpeaceturkiye\\\/&quot;,&quot;link_new_tab&quot;:false,&quot;cta_text&quot;:&quot;TAK\\u0130P ET&quot;},{&quot;title&quot;:&quot;\\u00c7evrendekilerle Payla\\u015f&quot;,&quot;description&quot;:&quot;&quot;,&quot;cta_link&quot;:&quot;https:\\\/\\\/imza.greenpeace.org\\\/zehir-etme-paylas&quot;,&quot;link_new_tab&quot;:false,&quot;cta_text&quot;:&quot;PAYLA\\u015e&quot;}],&quot;className&quot;:&quot;is-style-tasks&quot;}}\"><\/div>\n<hr class=\"wp-block-separator has-alpha-channel-opacity\"\/>\n\n<div class=\"wp-block-query posts-list p4-query-loop is-custom-layout-list is-layout-flow wp-block-query-is-layout-flow\">\n<div class=\"wp-block-group is-content-justification-space-between is-layout-flex wp-container-core-group-is-layout-3d213aab wp-block-group-is-layout-flex\">\n<h2 class=\"wp-block-heading\">\u0130lgili yaz\u0131lar<\/h2>\n\n\n<li class=\" wp-block-navigation-item see-all-link wp-block-navigation-link\"><a class=\"wp-block-navigation-item__content\"  href=\"https:\/\/www.greenpeace.org\/turkey\/news-stories\/?category=gida-ve-tarim&#038;post-type=blog\"><span class=\"wp-block-navigation-item__label\">See all posts<\/span><\/a><\/li><\/div>\n\n\n\n<p style=\"margin-top:24px;margin-bottom:36px\"><\/p>\n\n\n\n\n<ul class=\"wp-block-post-template is-layout-flow wp-block-post-template-is-layout-flow\"><li class=\"wp-block-post post-9936 post type-post status-publish format-standard has-post-thumbnail hentry category-sorunlar-ve-cozumler category-gida-ve-tarim tag-pestisit tag-gidatarim p4-page-type-blog\">\n\n<div class=\"wp-block-columns is-layout-flex wp-container-core-columns-is-layout-9d6595d7 wp-block-columns-is-layout-flex\"><figure class=\"wp-block-post-featured-image\"><a href=\"https:\/\/www.greenpeace.org\/turkey\/blog\/pestisit-karnesi-2025-260112\/\" target=\"_self\"  ><img loading=\"lazy\" decoding=\"async\" width=\"1200\" height=\"800\" src=\"https:\/\/www.greenpeace.org\/static\/planet4-turkey-stateless\/2026\/01\/d6a0d6e5-gp0stpt7m.jpg\" class=\"attachment-post-thumbnail size-post-thumbnail wp-post-image wp-stateless-item\" alt=\"2025 pestisit karnesi: T\u00fcrkiye 2025&#8217;te pestisit nedeniyle en \u00e7ok bildirim alan 2. \u00fclke oldu\" style=\"object-fit:cover;\" srcset=\"https:\/\/www.greenpeace.org\/static\/planet4-turkey-stateless\/2026\/01\/d6a0d6e5-gp0stpt7m.jpg 1200w, https:\/\/www.greenpeace.org\/static\/planet4-turkey-stateless\/2026\/01\/d6a0d6e5-gp0stpt7m-300x200.jpg 300w, https:\/\/www.greenpeace.org\/static\/planet4-turkey-stateless\/2026\/01\/d6a0d6e5-gp0stpt7m-1024x683.jpg 1024w, https:\/\/www.greenpeace.org\/static\/planet4-turkey-stateless\/2026\/01\/d6a0d6e5-gp0stpt7m-768x512.jpg 768w, https:\/\/www.greenpeace.org\/static\/planet4-turkey-stateless\/2026\/01\/d6a0d6e5-gp0stpt7m-510x340.jpg 510w\" sizes=\"auto, (max-width: 1200px) 100vw, 1200px\" data-image-size=\"post-thumbnail\" data-stateless-media-bucket=\"planet4-turkey-stateless\" data-stateless-media-name=\"2026\/01\/d6a0d6e5-gp0stpt7m.jpg\" \/><\/a><\/figure>\n\n\n<div class=\"wp-block-group is-layout-flow wp-block-group-is-layout-flow\">\n<div class=\"wp-block-group is-layout-flex wp-block-group-is-layout-flex\"><div class=\"wp-block-post-terms\"><a href=\"https:\/\/www.greenpeace.org\/turkey\/category\/sorunlar-ve-cozumler\/\">\u00c7al\u0131\u015ft\u0131\u011f\u0131m\u0131z Alanlar<\/a><\/div>\n\n<div class=\"taxonomy-post_tag wp-block-post-terms\"><a href=\"https:\/\/www.greenpeace.org\/turkey\/tag\/pestisit\/\" rel=\"tag\">Pestisit<\/a><span class=\"wp-block-post-terms__separator\"> <\/span><a href=\"https:\/\/www.greenpeace.org\/turkey\/tag\/gidatarim\/\" rel=\"tag\">G\u0131da Tar\u0131m<\/a><\/div><\/div>\n\n\n<h3 class=\"wp-block-post-title\"><a href=\"https:\/\/www.greenpeace.org\/turkey\/blog\/pestisit-karnesi-2025-260112\/\" target=\"_self\" >2025 pestisit karnesi: T\u00fcrkiye 2025&#8217;te pestisit nedeniyle en \u00e7ok bildirim alan 2. \u00fclke oldu<\/a><\/h3>\n\n<div class=\"wp-block-post-excerpt\"><p class=\"wp-block-post-excerpt__excerpt\">9 Ocak 2026, \u0130stanbul &#8211; &nbsp;Avrupa Komisyonu taraf\u0131ndan geli\u015ftirilen G\u0131da ve Yem i\u00e7in H\u0131zl\u0131 Alarm Sistemi (RASFF) 2025 verilerine g\u00f6re, T\u00fcrkiye Avrupa\u2019ya g\u0131da ihra\u00e7 eden \u00fclkeler aras\u0131nda pestisit nedeniyle en&hellip; <\/p><\/div>\n\n\n<div class=\"wp-block-group posts-list-meta is-layout-flow wp-block-group-is-layout-flow\"><span class='article-list-item-author'><a href='https:\/\/www.greenpeace.org\/turkey\/author\/bececeli\/'>Greenpeace T\u00fcrkiye<\/a><\/span>\n\n<div class=\"wp-block-post-date\"><time datetime=\"2026-01-09T10:19:17+03:00\">9 Ocak 2026<\/time><\/div><\/div>\n<\/div>\n<\/div>\n\n<\/li><li class=\"wp-block-post post-9828 post type-post status-publish format-standard has-post-thumbnail hentry category-sorunlar-ve-cozumler category-gida-ve-tarim tag-pestisit p4-page-type-blog\">\n\n<div class=\"wp-block-columns is-layout-flex wp-container-core-columns-is-layout-9d6595d7 wp-block-columns-is-layout-flex\"><figure class=\"wp-block-post-featured-image\"><a href=\"https:\/\/www.greenpeace.org\/turkey\/blog\/basardik-251118\/\" target=\"_self\"  ><img loading=\"lazy\" decoding=\"async\" width=\"1200\" height=\"800\" src=\"https:\/\/www.greenpeace.org\/static\/planet4-turkey-stateless\/2025\/11\/520fee04-gp04qbf.jpg\" class=\"attachment-post-thumbnail size-post-thumbnail wp-post-image wp-stateless-item\" alt=\"Ba\u015fard\u0131k: \u00a0Pestisit analizlerinin a\u00e7\u0131klanmas\u0131 amac\u0131yla a\u00e7t\u0131\u011f\u0131m\u0131z davay\u0131 kazand\u0131k\" style=\"object-fit:cover;\" srcset=\"https:\/\/www.greenpeace.org\/static\/planet4-turkey-stateless\/2025\/11\/520fee04-gp04qbf.jpg 1200w, https:\/\/www.greenpeace.org\/static\/planet4-turkey-stateless\/2025\/11\/520fee04-gp04qbf-300x200.jpg 300w, https:\/\/www.greenpeace.org\/static\/planet4-turkey-stateless\/2025\/11\/520fee04-gp04qbf-1024x683.jpg 1024w, https:\/\/www.greenpeace.org\/static\/planet4-turkey-stateless\/2025\/11\/520fee04-gp04qbf-768x512.jpg 768w, https:\/\/www.greenpeace.org\/static\/planet4-turkey-stateless\/2025\/11\/520fee04-gp04qbf-510x340.jpg 510w\" sizes=\"auto, (max-width: 1200px) 100vw, 1200px\" data-image-size=\"post-thumbnail\" data-stateless-media-bucket=\"planet4-turkey-stateless\" data-stateless-media-name=\"2025\/11\/520fee04-gp04qbf.jpg\" \/><\/a><\/figure>\n\n\n<div class=\"wp-block-group is-layout-flow wp-block-group-is-layout-flow\">\n<div class=\"wp-block-group is-layout-flex wp-block-group-is-layout-flex\"><div class=\"wp-block-post-terms\"><a href=\"https:\/\/www.greenpeace.org\/turkey\/category\/sorunlar-ve-cozumler\/\">\u00c7al\u0131\u015ft\u0131\u011f\u0131m\u0131z Alanlar<\/a><\/div>\n\n<div class=\"taxonomy-post_tag wp-block-post-terms\"><a href=\"https:\/\/www.greenpeace.org\/turkey\/tag\/pestisit\/\" rel=\"tag\">Pestisit<\/a><\/div><\/div>\n\n\n<h3 class=\"wp-block-post-title\"><a href=\"https:\/\/www.greenpeace.org\/turkey\/blog\/basardik-251118\/\" target=\"_self\" >Ba\u015fard\u0131k: \u00a0Pestisit analizlerinin a\u00e7\u0131klanmas\u0131 amac\u0131yla a\u00e7t\u0131\u011f\u0131m\u0131z davay\u0131 kazand\u0131k<\/a><\/h3>\n\n<div class=\"wp-block-post-excerpt\"><p class=\"wp-block-post-excerpt__excerpt\">18 Kas\u0131m 2025, \u0130stanbul &#8211;\u00a0 Greenpeace T\u00fcrkiye, pestisit analizlerinin kamuoyuyla a\u00e7\u0131klanmas\u0131 amac\u0131yla yapt\u0131\u011f\u0131 bilgi edinme ba\u015fvurusunun reddine kar\u015f\u0131 a\u00e7t\u0131\u011f\u0131 davay\u0131 kazand\u0131. Ankara 5. \u0130dare Mahkemesi\u2019nin 28 Ekim 2025 tarihli karar\u0131,&hellip; <\/p><\/div>\n\n\n<div class=\"wp-block-group posts-list-meta is-layout-flow wp-block-group-is-layout-flow\"><span class='article-list-item-author'><a href='https:\/\/www.greenpeace.org\/turkey\/author\/bececeli\/'>Greenpeace T\u00fcrkiye<\/a><\/span>\n\n<div class=\"wp-block-post-date\"><time datetime=\"2025-11-18T11:01:01+03:00\">18 Kas\u0131m 2025<\/time><\/div><\/div>\n<\/div>\n<\/div>\n\n<\/li><li class=\"wp-block-post post-9612 post type-post status-publish format-standard has-post-thumbnail hentry category-sorunlar-ve-cozumler category-gida-ve-tarim tag-pestisit tag-gidatarim p4-page-type-blog\">\n\n<div class=\"wp-block-columns is-layout-flex wp-container-core-columns-is-layout-9d6595d7 wp-block-columns-is-layout-flex\"><figure class=\"wp-block-post-featured-image\"><a href=\"https:\/\/www.greenpeace.org\/turkey\/blog\/cifte-standart-avrupa-yasakladigi-pestisitleri-turkiyeye-satiyor\/\" target=\"_self\"  ><img loading=\"lazy\" decoding=\"async\" width=\"1200\" height=\"900\" src=\"https:\/\/www.greenpeace.org\/static\/planet4-turkey-stateless\/2025\/09\/88a53ea5-gp0su2fb7.jpg\" class=\"attachment-post-thumbnail size-post-thumbnail wp-post-image wp-stateless-item\" alt=\"\u00c7ifte standart: Avrupa yasaklad\u0131\u011f\u0131 pestisitleri T\u00fcrkiye&#8217;ye sat\u0131yor\" style=\"object-fit:cover;\" srcset=\"https:\/\/www.greenpeace.org\/static\/planet4-turkey-stateless\/2025\/09\/88a53ea5-gp0su2fb7.jpg 1200w, https:\/\/www.greenpeace.org\/static\/planet4-turkey-stateless\/2025\/09\/88a53ea5-gp0su2fb7-300x225.jpg 300w, https:\/\/www.greenpeace.org\/static\/planet4-turkey-stateless\/2025\/09\/88a53ea5-gp0su2fb7-1024x768.jpg 1024w, https:\/\/www.greenpeace.org\/static\/planet4-turkey-stateless\/2025\/09\/88a53ea5-gp0su2fb7-768x576.jpg 768w, https:\/\/www.greenpeace.org\/static\/planet4-turkey-stateless\/2025\/09\/88a53ea5-gp0su2fb7-453x340.jpg 453w\" sizes=\"auto, (max-width: 1200px) 100vw, 1200px\" data-image-size=\"post-thumbnail\" data-stateless-media-bucket=\"planet4-turkey-stateless\" data-stateless-media-name=\"2025\/09\/88a53ea5-gp0su2fb7.jpg\" \/><\/a><\/figure>\n\n\n<div class=\"wp-block-group is-layout-flow wp-block-group-is-layout-flow\">\n<div class=\"wp-block-group is-layout-flex wp-block-group-is-layout-flex\"><div class=\"wp-block-post-terms\"><a href=\"https:\/\/www.greenpeace.org\/turkey\/category\/sorunlar-ve-cozumler\/\">\u00c7al\u0131\u015ft\u0131\u011f\u0131m\u0131z Alanlar<\/a><\/div>\n\n<div class=\"taxonomy-post_tag wp-block-post-terms\"><a href=\"https:\/\/www.greenpeace.org\/turkey\/tag\/pestisit\/\" rel=\"tag\">Pestisit<\/a><span class=\"wp-block-post-terms__separator\"> <\/span><a href=\"https:\/\/www.greenpeace.org\/turkey\/tag\/gidatarim\/\" rel=\"tag\">G\u0131da Tar\u0131m<\/a><\/div><\/div>\n\n\n<h3 class=\"wp-block-post-title\"><a href=\"https:\/\/www.greenpeace.org\/turkey\/blog\/cifte-standart-avrupa-yasakladigi-pestisitleri-turkiyeye-satiyor\/\" target=\"_self\" >\u00c7ifte standart: Avrupa yasaklad\u0131\u011f\u0131 pestisitleri T\u00fcrkiye&#8217;ye sat\u0131yor<\/a><\/h3>\n\n<div class=\"wp-block-post-excerpt\"><p class=\"wp-block-post-excerpt__excerpt\">Greenpeace\u2019in son ara\u015ft\u0131rmas\u0131 Avrupa Birli\u011fi\u2019nde yasaklanan bir\u00e7ok pestisitin aralar\u0131nda T\u00fcrkiye\u2019nin de oldu\u011fu \u00fclkelere ihra\u00e7 edildi\u011fini g\u00f6steriyor. Greenpeace T\u00fcrkiye \u201cZehir Etme\u201d diyerek pestisit analizlerinin a\u00e7\u0131klanmas\u0131 \u00e7a\u011fr\u0131s\u0131n\u0131 s\u00fcrd\u00fcr\u00fcyor. <\/p><\/div>\n\n\n<div class=\"wp-block-group posts-list-meta is-layout-flow wp-block-group-is-layout-flow\"><span class='article-list-item-author'><a href='https:\/\/www.greenpeace.org\/turkey\/author\/bececeli\/'>Greenpeace T\u00fcrkiye<\/a><\/span>\n\n<div class=\"wp-block-post-date\"><time datetime=\"2025-09-30T09:46:45+03:00\">30 Eyl\u00fcl 2025<\/time><\/div><\/div>\n<\/div>\n<\/div>\n\n<\/li><\/ul>\n\n\n<div class=\"wp-block-buttons carousel-controls is-horizontal is-content-justification-space-between is-nowrap is-layout-flex wp-container-core-buttons-is-layout-044bd602 wp-block-buttons-is-layout-flex\">\n<div class=\"wp-block-button carousel-control-prev\"><button type=\"button\" class=\"wp-block-button__link wp-element-button\">Previous Carousel Slide<\/button><\/div>\n\n\n\n<div class=\"wp-block-button carousel-control-next\"><button type=\"button\" class=\"wp-block-button__link wp-element-button\">Next Carousel Slide<\/button><\/div>\n<\/div>\n\n\n<li class=\" wp-block-navigation-item see-all-link wp-block-navigation-link\"><a class=\"wp-block-navigation-item__content\"  href=\"https:\/\/www.greenpeace.org\/turkey\/news-stories\/?category=gida-ve-tarim&#038;post-type=blog\"><span class=\"wp-block-navigation-item__label\">Hepsini g\u00f6r<\/span><\/a><\/li><\/div>\n","protected":false},"excerpt":{"rendered":"<p>\u0130klim krizi art\u0131k evimizde. Kurakl\u0131k, s\u0131cak dalgalar\u0131 ve seller, T\u00fcrkiye&#8217;nin de pay\u0131na d\u00fc\u015fen tehlikeler aras\u0131nda.<\/p>\n","protected":false},"author":41,"featured_media":1836,"parent":9,"menu_order":0,"comment_status":"closed","ping_status":"closed","template":"","meta":{"ep_exclude_from_search":false,"p4_hide_page_title_checkbox":"on","p4_title":"","p4_subtitle":"","p4_description":"","background_image_id":"","background_image":"","p4_button_title":"","p4_button_link":"","p4_button_link_checkbox":"","p4_og_title":"","p4_og_description":"","p4_og_image":"","p4_og_image_id":"","p4_seo_canonical_url":"","p4_campaign_name":"not set","p4_local_project":"not set","p4_basket_name":"not set","p4_department":"","footnotes":""},"categories":[24],"tags":[6],"class_list":["post-9843","page","type-page","status-publish","has-post-thumbnail","hentry","category-iklim-krizi","tag-iklim-adaleti"],"_links":{"self":[{"href":"https:\/\/www.greenpeace.org\/turkey\/wp-json\/wp\/v2\/pages\/9843","targetHints":{"allow":["GET"]}}],"collection":[{"href":"https:\/\/www.greenpeace.org\/turkey\/wp-json\/wp\/v2\/pages"}],"about":[{"href":"https:\/\/www.greenpeace.org\/turkey\/wp-json\/wp\/v2\/types\/page"}],"author":[{"embeddable":true,"href":"https:\/\/www.greenpeace.org\/turkey\/wp-json\/wp\/v2\/users\/41"}],"replies":[{"embeddable":true,"href":"https:\/\/www.greenpeace.org\/turkey\/wp-json\/wp\/v2\/comments?post=9843"}],"version-history":[{"count":1,"href":"https:\/\/www.greenpeace.org\/turkey\/wp-json\/wp\/v2\/pages\/9843\/revisions"}],"predecessor-version":[{"id":9844,"href":"https:\/\/www.greenpeace.org\/turkey\/wp-json\/wp\/v2\/pages\/9843\/revisions\/9844"}],"up":[{"embeddable":true,"href":"https:\/\/www.greenpeace.org\/turkey\/wp-json\/wp\/v2\/pages\/9"}],"wp:featuredmedia":[{"embeddable":true,"href":"https:\/\/www.greenpeace.org\/turkey\/wp-json\/wp\/v2\/media\/1836"}],"wp:attachment":[{"href":"https:\/\/www.greenpeace.org\/turkey\/wp-json\/wp\/v2\/media?parent=9843"}],"wp:term":[{"taxonomy":"category","embeddable":true,"href":"https:\/\/www.greenpeace.org\/turkey\/wp-json\/wp\/v2\/categories?post=9843"},{"taxonomy":"post_tag","embeddable":true,"href":"https:\/\/www.greenpeace.org\/turkey\/wp-json\/wp\/v2\/tags?post=9843"}],"curies":[{"name":"wp","href":"https:\/\/api.w.org\/{rel}","templated":true}]}}