{"id":9847,"date":"2025-11-20T12:17:37","date_gmt":"2025-11-20T09:17:37","guid":{"rendered":"https:\/\/www.greenpeace.org\/turkey\/?page_id=9847"},"modified":"2025-11-20T12:23:38","modified_gmt":"2025-11-20T09:23:38","slug":"cop31-turkiyede-iklim-eylemi-simdi","status":"publish","type":"page","link":"https:\/\/www.greenpeace.org\/turkey\/harekete-gec\/cop31-turkiyede-iklim-eylemi-simdi\/","title":{"rendered":"COP31 T\u00fcrkiye&#8217;de: \u0130klim eylemi, \u015fimdi"},"content":{"rendered":"\n\n<div class=\"wp-block-group alignfull is-layout-flow wp-block-group-is-layout-flow\">\n<div class=\"wp-block-group container is-layout-flow wp-block-group-is-layout-flow\">\n<div class=\"wp-block-media-text alignfull has-media-on-the-right is-stacked-on-mobile is-pattern-p4-page-header is-style-parallax\"><div class=\"wp-block-media-text__content\">\n<div class=\"wp-block-group is-layout-flow wp-block-group-is-layout-flow\">\n<h1 class=\"wp-block-heading has-white-background-color has-background\">COP31 T\u00fcrkiye&#8217;de: \u0130klim eylemi, \u015fimdi<\/h1>\n<\/div>\n<\/div><figure class=\"wp-block-media-text__media\"><img loading=\"lazy\" decoding=\"async\" width=\"1024\" height=\"691\" src=\"https:\/\/www.greenpeace.org\/static\/planet4-turkey-stateless\/2025\/11\/6e440f78-cop31-background_1-1024x691.jpg\" alt=\"\" sizes=\"auto, (min-width: 601px) 50vw, 100vw\" srcset=\"https:\/\/www.greenpeace.org\/static\/planet4-turkey-stateless\/2025\/11\/6e440f78-cop31-background_1.jpg 2000w, https:\/\/www.greenpeace.org\/static\/planet4-turkey-stateless\/2025\/11\/6e440f78-cop31-background_1-300x202.jpg 300w, https:\/\/www.greenpeace.org\/static\/planet4-turkey-stateless\/2025\/11\/6e440f78-cop31-background_1-1024x691.jpg 1024w, https:\/\/www.greenpeace.org\/static\/planet4-turkey-stateless\/2025\/11\/6e440f78-cop31-background_1-768x518.jpg 768w, https:\/\/www.greenpeace.org\/static\/planet4-turkey-stateless\/2025\/11\/6e440f78-cop31-background_1-1536x1036.jpg 1536w, https:\/\/www.greenpeace.org\/static\/planet4-turkey-stateless\/2025\/11\/6e440f78-cop31-background_1-504x340.jpg 504w\" class=\"wp-image-9832 size-full\"\/><\/figure><\/div>\n<\/div>\n<\/div>\n\n\n<p>T\u00fcrkiye 2026\u2019da d\u00fcnyan\u0131n en \u00f6nemli iklim zirvesine ev sahipli\u011fi yapacak. \u0130klim krizinin ortas\u0131nda COP31, gezegenin kaderini de\u011fi\u015ftirecek bir d\u00f6n\u00fcm noktas\u0131 olabilir. Ancak T\u00fcrkiye\u2019nin mevcut iklim politikalar\u0131 1.5\u00b0C hedefiyle uyumlu de\u011fil; k\u00f6m\u00fcrden \u00e7\u0131k\u0131\u015f takvimi yok, sivil toplum i\u00e7in alan daralm\u0131\u015f durumda.<\/p>\n\n<p>Bu zirvenin ger\u00e7ek bir de\u011fi\u015fimin ba\u015flang\u0131c\u0131 olmas\u0131n\u0131 istiyoruz. T\u00fcrkiye\u2019nin g\u00fc\u00e7l\u00fc bir iklim hedefi a\u00e7\u0131klamas\u0131n\u0131, k\u00f6m\u00fcrden adil \u00e7\u0131k\u0131\u015f\u0131 ba\u015flatmas\u0131n\u0131, yenilenebilir enerjiye ge\u00e7isin do\u011fa ve toplum i\u00e7in adil bir \u015fekilde ger\u00e7ekle\u015ftirmesini ve sivil toplumun \u00f6zg\u00fcrce kat\u0131labilece\u011fi \u015feffaf bir s\u00fcre\u00e7 y\u00fcr\u00fctmesini talep ediyoruz.<\/p>\n<div data-render=\"planet4-blocks\/columns\" data-attributes=\"{&quot;attributes&quot;:{&quot;columns_block_style&quot;:&quot;tasks&quot;,&quot;columns_title&quot;:&quot;Neler yapabilirsin?&quot;,&quot;columns&quot;:[{&quot;title&quot;:&quot;\\u0130mza Ver&quot;,&quot;description&quot;:&quot;&quot;,&quot;cta_link&quot;:&quot;https:\\\/\\\/imza.greenpeace.org\\\/cop31&quot;,&quot;link_new_tab&quot;:false,&quot;cta_text&quot;:&quot;\\u0130MZA VER&quot;},{&quot;title&quot;:&quot;Geli\\u015fmeleri Takip Et&quot;,&quot;description&quot;:&quot;&quot;,&quot;cta_link&quot;:&quot;https:\\\/\\\/www.instagram.com\\\/greenpeaceturkiye\\\/&quot;,&quot;link_new_tab&quot;:false,&quot;cta_text&quot;:&quot;TAK\\u0130P ET&quot;},{&quot;title&quot;:&quot;\\u00c7evrendekilerle Payla\\u015f&quot;,&quot;description&quot;:&quot;&quot;,&quot;cta_link&quot;:&quot;https:\\\/\\\/imza.greenpeace.org\\\/cop31-paylas&quot;,&quot;link_new_tab&quot;:false,&quot;cta_text&quot;:&quot;PAYLA\\u015e&quot;}],&quot;className&quot;:&quot;is-style-tasks&quot;}}\"><\/div>\n<hr class=\"wp-block-separator has-alpha-channel-opacity\"\/>\n\n<div class=\"wp-block-query posts-list p4-query-loop is-custom-layout-list is-layout-flow wp-block-query-is-layout-flow\">\n<div class=\"wp-block-group is-content-justification-space-between is-layout-flex wp-container-core-group-is-layout-3d213aab wp-block-group-is-layout-flex\">\n<h2 class=\"wp-block-heading\">\u0130lgili yaz\u0131lar<\/h2>\n\n\n<li class=\" wp-block-navigation-item see-all-link wp-block-navigation-link\"><a class=\"wp-block-navigation-item__content\"  href=\"https:\/\/www.greenpeace.org\/turkey\/news-stories\/?category=iklim-krizi&#038;post-type=blog\"><span class=\"wp-block-navigation-item__label\">See all posts<\/span><\/a><\/li><\/div>\n\n\n\n<p style=\"margin-top:24px;margin-bottom:36px\"><\/p>\n\n\n\n\n<ul class=\"wp-block-post-template is-layout-flow wp-block-post-template-is-layout-flow\"><li class=\"wp-block-post post-9976 post type-post status-publish format-standard has-post-thumbnail hentry category-sorunlar-ve-cozumler category-iklim-krizi p4-page-type-blog\">\n\n<div class=\"wp-block-columns is-layout-flex wp-container-core-columns-is-layout-9d6595d7 wp-block-columns-is-layout-flex\"><figure class=\"wp-block-post-featured-image\"><a href=\"https:\/\/www.greenpeace.org\/turkey\/blog\/greenpeace-temyize-gidiyor-260306\/\" target=\"_self\"  ><img loading=\"lazy\" decoding=\"async\" width=\"1200\" height=\"900\" src=\"https:\/\/www.greenpeace.org\/static\/planet4-turkey-stateless\/2026\/03\/321edac7-gp0su4v35.jpg\" class=\"attachment-post-thumbnail size-post-thumbnail wp-post-image wp-stateless-item\" alt=\"Kuzey Dakota&#8217;dan \u00e7\u0131kan 345 milyon dolarl\u0131k karar: Greenpeace, fosil yak\u0131t devine kar\u015f\u0131 temyize gidiyor\" style=\"object-fit:cover;\" srcset=\"https:\/\/www.greenpeace.org\/static\/planet4-turkey-stateless\/2026\/03\/321edac7-gp0su4v35.jpg 1200w, https:\/\/www.greenpeace.org\/static\/planet4-turkey-stateless\/2026\/03\/321edac7-gp0su4v35-300x225.jpg 300w, https:\/\/www.greenpeace.org\/static\/planet4-turkey-stateless\/2026\/03\/321edac7-gp0su4v35-1024x768.jpg 1024w, https:\/\/www.greenpeace.org\/static\/planet4-turkey-stateless\/2026\/03\/321edac7-gp0su4v35-768x576.jpg 768w, https:\/\/www.greenpeace.org\/static\/planet4-turkey-stateless\/2026\/03\/321edac7-gp0su4v35-453x340.jpg 453w\" sizes=\"auto, (max-width: 1200px) 100vw, 1200px\" data-image-size=\"post-thumbnail\" data-stateless-media-bucket=\"planet4-turkey-stateless\" data-stateless-media-name=\"2026\/03\/321edac7-gp0su4v35.jpg\" \/><\/a><\/figure>\n\n\n<div class=\"wp-block-group is-layout-flow wp-block-group-is-layout-flow\">\n<div class=\"wp-block-group is-layout-flex wp-block-group-is-layout-flex\"><div class=\"wp-block-post-terms\"><a href=\"https:\/\/www.greenpeace.org\/turkey\/category\/sorunlar-ve-cozumler\/\">\u00c7al\u0131\u015ft\u0131\u011f\u0131m\u0131z Alanlar<\/a><\/div>\n\n<\/div>\n\n\n<h3 class=\"wp-block-post-title\"><a href=\"https:\/\/www.greenpeace.org\/turkey\/blog\/greenpeace-temyize-gidiyor-260306\/\" target=\"_self\" >Kuzey Dakota&#8217;dan \u00e7\u0131kan 345 milyon dolarl\u0131k karar: Greenpeace, fosil yak\u0131t devine kar\u015f\u0131 temyize gidiyor<\/a><\/h3>\n\n<div class=\"wp-block-post-excerpt\"><p class=\"wp-block-post-excerpt__excerpt\">Kuzey Dakota B\u00f6lge Mahkemesi, ge\u00e7ti\u011fimiz g\u00fcnlerde fosil yak\u0131t \u015firketi Energy Transfer (ET) lehine sonu\u00e7lanan davada Greenpeace Uluslararas\u0131 ve ABD&#8217;deki Greenpeace organizasyonlar\u0131n\u0131n 345 milyon dolar tazminat \u00f6demesine karar verdi. Ancak bu&hellip; <\/p><\/div>\n\n\n<div class=\"wp-block-group posts-list-meta is-layout-flow wp-block-group-is-layout-flow\"><span class='article-list-item-author'>Berk Butan | Greenpeace T\u00fcrkiye Sosyal ve Ekonomik Sistemler Kampanya Sorumlusu<\/span>\n\n<div class=\"wp-block-post-date\"><time datetime=\"2026-03-06T09:58:22+03:00\">6 Mart 2026<\/time><\/div><\/div>\n<\/div>\n<\/div>\n\n<\/li><li class=\"wp-block-post post-9963 post type-post status-publish format-standard has-post-thumbnail hentry category-sorunlar-ve-cozumler category-enerji category-iklim-krizi tag-komur tag-hava-kirliligi p4-page-type-blog\">\n\n<div class=\"wp-block-columns is-layout-flex wp-container-core-columns-is-layout-9d6595d7 wp-block-columns-is-layout-flex\"><figure class=\"wp-block-post-featured-image\"><a href=\"https:\/\/www.greenpeace.org\/turkey\/blog\/cevreciler-geliyor-diye-kapanan-termik-santral-260219\/\" target=\"_self\"  ><img loading=\"lazy\" decoding=\"async\" width=\"2000\" height=\"1333\" src=\"https:\/\/www.greenpeace.org\/static\/planet4-turkey-stateless\/2026\/02\/92fa35bb-kerem-yucel-can-europe-4-.jpg\" class=\"attachment-post-thumbnail size-post-thumbnail wp-post-image wp-stateless-item\" alt=\"\u201c\u00c7evreciler Geliyor\u201d diye kapanan termik santralde bilirki\u015fi g\u00fcn\u00fc\" style=\"object-fit:cover;\" srcset=\"https:\/\/www.greenpeace.org\/static\/planet4-turkey-stateless\/2026\/02\/92fa35bb-kerem-yucel-can-europe-4-.jpg 2000w, https:\/\/www.greenpeace.org\/static\/planet4-turkey-stateless\/2026\/02\/92fa35bb-kerem-yucel-can-europe-4--300x200.jpg 300w, https:\/\/www.greenpeace.org\/static\/planet4-turkey-stateless\/2026\/02\/92fa35bb-kerem-yucel-can-europe-4--1024x682.jpg 1024w, https:\/\/www.greenpeace.org\/static\/planet4-turkey-stateless\/2026\/02\/92fa35bb-kerem-yucel-can-europe-4--768x512.jpg 768w, https:\/\/www.greenpeace.org\/static\/planet4-turkey-stateless\/2026\/02\/92fa35bb-kerem-yucel-can-europe-4--1536x1024.jpg 1536w, https:\/\/www.greenpeace.org\/static\/planet4-turkey-stateless\/2026\/02\/92fa35bb-kerem-yucel-can-europe-4--510x340.jpg 510w\" sizes=\"auto, (max-width: 2000px) 100vw, 2000px\" data-image-size=\"post-thumbnail\" data-stateless-media-bucket=\"planet4-turkey-stateless\" data-stateless-media-name=\"2026\/02\/92fa35bb-kerem-yucel-can-europe-4-.jpg\" \/><\/a><\/figure>\n\n\n<div class=\"wp-block-group is-layout-flow wp-block-group-is-layout-flow\">\n<div class=\"wp-block-group is-layout-flex wp-block-group-is-layout-flex\"><div class=\"wp-block-post-terms\"><a href=\"https:\/\/www.greenpeace.org\/turkey\/category\/sorunlar-ve-cozumler\/\">\u00c7al\u0131\u015ft\u0131\u011f\u0131m\u0131z Alanlar<\/a><\/div>\n\n<div class=\"taxonomy-post_tag wp-block-post-terms\"><a href=\"https:\/\/www.greenpeace.org\/turkey\/tag\/komur\/\" rel=\"tag\">K\u00f6m\u00fcr<\/a><span class=\"wp-block-post-terms__separator\"> <\/span><a href=\"https:\/\/www.greenpeace.org\/turkey\/tag\/hava-kirliligi\/\" rel=\"tag\">Hava Kirlili\u011fi<\/a><\/div><\/div>\n\n\n<h3 class=\"wp-block-post-title\"><a href=\"https:\/\/www.greenpeace.org\/turkey\/blog\/cevreciler-geliyor-diye-kapanan-termik-santral-260219\/\" target=\"_self\" >\u201c\u00c7evreciler Geliyor\u201d diye kapanan termik santralde bilirki\u015fi g\u00fcn\u00fc<\/a><\/h3>\n\n<div class=\"wp-block-post-excerpt\"><p class=\"wp-block-post-excerpt__excerpt\">\u201c6 ya\u015f\u0131ndaki \u00e7ocu\u011fumu sabah k\u00fclle kapl\u0131 servise bindiriyorum. Ordan santrale 450 metre mesafedeki okuluna gidiyor. Bizim i\u00e7in zaten \u00e7ok ge\u00e7 ama en az\u0131ndan onlar\u0131 kurtarmam\u0131z laz\u0131m.\u201d <\/p><\/div>\n\n\n<div class=\"wp-block-group posts-list-meta is-layout-flow wp-block-group-is-layout-flow\"><span class='article-list-item-author'>Emel T\u00fcrker Alpay &#8211; Greenpeace T\u00fcrkiye \u0130klim ve Enerji Kampanya Sorumlusu<\/span>\n\n<div class=\"wp-block-post-date\"><time datetime=\"2026-02-19T09:17:10+03:00\">19 \u015eubat 2026<\/time><\/div><\/div>\n<\/div>\n<\/div>\n\n<\/li><li class=\"wp-block-post post-9920 post type-post status-publish format-standard has-post-thumbnail hentry category-sorunlar-ve-cozumler category-iklim-krizi tag-iklim-adaleti tag-iklim-degisikligi p4-page-type-blog\">\n\n<div class=\"wp-block-columns is-layout-flex wp-container-core-columns-is-layout-9d6595d7 wp-block-columns-is-layout-flex\"><figure class=\"wp-block-post-featured-image\"><a href=\"https:\/\/www.greenpeace.org\/turkey\/blog\/iklim-agindan-2025-iklim-karnesi\/\" target=\"_self\"  ><img loading=\"lazy\" decoding=\"async\" width=\"1600\" height=\"900\" src=\"https:\/\/www.greenpeace.org\/static\/planet4-turkey-stateless\/2024\/12\/405548f0-afsin-elbistan-bb.jpg\" class=\"attachment-post-thumbnail size-post-thumbnail wp-post-image wp-stateless-item\" alt=\"\u0130klim A\u011f\u0131\u2019ndan 2025 \u0130klim Karnesi: T\u00fcrkiye\u2019nin 2025 karnesi k\u00f6t\u00fc, umutlar COP31\u2019e\u00a0\" style=\"object-fit:cover;\" srcset=\"https:\/\/www.greenpeace.org\/static\/planet4-turkey-stateless\/2024\/12\/405548f0-afsin-elbistan-bb.jpg 1600w, https:\/\/www.greenpeace.org\/static\/planet4-turkey-stateless\/2024\/12\/405548f0-afsin-elbistan-bb-300x169.jpg 300w, https:\/\/www.greenpeace.org\/static\/planet4-turkey-stateless\/2024\/12\/405548f0-afsin-elbistan-bb-1024x576.jpg 1024w, https:\/\/www.greenpeace.org\/static\/planet4-turkey-stateless\/2024\/12\/405548f0-afsin-elbistan-bb-768x432.jpg 768w, https:\/\/www.greenpeace.org\/static\/planet4-turkey-stateless\/2024\/12\/405548f0-afsin-elbistan-bb-1536x864.jpg 1536w, https:\/\/www.greenpeace.org\/static\/planet4-turkey-stateless\/2024\/12\/405548f0-afsin-elbistan-bb-510x287.jpg 510w\" sizes=\"auto, (max-width: 1600px) 100vw, 1600px\" data-image-size=\"post-thumbnail\" data-stateless-media-bucket=\"planet4-turkey-stateless\" data-stateless-media-name=\"2024\/12\/405548f0-afsin-elbistan-bb.jpg\" \/><\/a><\/figure>\n\n\n<div class=\"wp-block-group is-layout-flow wp-block-group-is-layout-flow\">\n<div class=\"wp-block-group is-layout-flex wp-block-group-is-layout-flex\"><div class=\"wp-block-post-terms\"><a href=\"https:\/\/www.greenpeace.org\/turkey\/category\/sorunlar-ve-cozumler\/\">\u00c7al\u0131\u015ft\u0131\u011f\u0131m\u0131z Alanlar<\/a><\/div>\n\n<div class=\"taxonomy-post_tag wp-block-post-terms\"><a href=\"https:\/\/www.greenpeace.org\/turkey\/tag\/iklim-adaleti\/\" rel=\"tag\">\u0130klim Adaleti<\/a><span class=\"wp-block-post-terms__separator\"> <\/span><a href=\"https:\/\/www.greenpeace.org\/turkey\/tag\/iklim-degisikligi\/\" rel=\"tag\">\u0130klim De\u011fi\u015fikli\u011fi<\/a><\/div><\/div>\n\n\n<h3 class=\"wp-block-post-title\"><a href=\"https:\/\/www.greenpeace.org\/turkey\/blog\/iklim-agindan-2025-iklim-karnesi\/\" target=\"_self\" >\u0130klim A\u011f\u0131\u2019ndan 2025 \u0130klim Karnesi: T\u00fcrkiye\u2019nin 2025 karnesi k\u00f6t\u00fc, umutlar COP31\u2019e\u00a0<\/a><\/h3>\n\n<div class=\"wp-block-post-excerpt\"><p class=\"wp-block-post-excerpt__excerpt\">\u0130klim alan\u0131nda \u00e7al\u0131\u015fan 16 sivil toplum kurulu\u015fundan olu\u015fan \u0130klim A\u011f\u0131, 12 maddede T\u00fcrkiye\u2019nin \u201c2025 \u0130klim Karnesi\u201dni haz\u0131rlad\u0131.\u00a0 <\/p><\/div>\n\n\n<div class=\"wp-block-group posts-list-meta is-layout-flow wp-block-group-is-layout-flow\"><span class='article-list-item-author'><a href='https:\/\/www.greenpeace.org\/turkey\/author\/bececeli\/'>Greenpeace T\u00fcrkiye<\/a><\/span>\n\n<div class=\"wp-block-post-date\"><time datetime=\"2026-01-06T12:09:49+03:00\">6 Ocak 2026<\/time><\/div><\/div>\n<\/div>\n<\/div>\n\n<\/li><\/ul>\n\n\n<div class=\"wp-block-buttons carousel-controls is-horizontal is-content-justification-space-between is-nowrap is-layout-flex wp-container-core-buttons-is-layout-044bd602 wp-block-buttons-is-layout-flex\">\n<div class=\"wp-block-button carousel-control-prev\"><button type=\"button\" class=\"wp-block-button__link wp-element-button\">Previous Carousel Slide<\/button><\/div>\n\n\n\n<div class=\"wp-block-button carousel-control-next\"><button type=\"button\" class=\"wp-block-button__link wp-element-button\">Next Carousel Slide<\/button><\/div>\n<\/div>\n\n\n<li class=\" wp-block-navigation-item see-all-link wp-block-navigation-link\"><a class=\"wp-block-navigation-item__content\"  href=\"https:\/\/www.greenpeace.org\/turkey\/news-stories\/?category=iklim-krizi&#038;post-type=blog\"><span class=\"wp-block-navigation-item__label\">Hepsini g\u00f6r<\/span><\/a><\/li><\/div>\n","protected":false},"excerpt":{"rendered":"<p>\u0130klim krizi art\u0131k evimizde. Kurakl\u0131k, s\u0131cak dalgalar\u0131 ve seller, T\u00fcrkiye&#8217;nin de pay\u0131na d\u00fc\u015fen tehlikeler aras\u0131nda.<\/p>\n","protected":false},"author":41,"featured_media":9832,"parent":9,"menu_order":0,"comment_status":"closed","ping_status":"closed","template":"","meta":{"ep_exclude_from_search":false,"p4_hide_page_title_checkbox":"on","p4_title":"","p4_subtitle":"","p4_description":"","background_image_id":"","background_image":"","p4_button_title":"","p4_button_link":"","p4_button_link_checkbox":"","p4_og_title":"","p4_og_description":"","p4_og_image":"","p4_og_image_id":"","p4_seo_canonical_url":"","p4_campaign_name":"not set","p4_local_project":"not set","p4_basket_name":"not set","p4_department":"","footnotes":""},"categories":[24],"tags":[6],"class_list":["post-9847","page","type-page","status-publish","has-post-thumbnail","hentry","category-iklim-krizi","tag-iklim-adaleti"],"_links":{"self":[{"href":"https:\/\/www.greenpeace.org\/turkey\/wp-json\/wp\/v2\/pages\/9847","targetHints":{"allow":["GET"]}}],"collection":[{"href":"https:\/\/www.greenpeace.org\/turkey\/wp-json\/wp\/v2\/pages"}],"about":[{"href":"https:\/\/www.greenpeace.org\/turkey\/wp-json\/wp\/v2\/types\/page"}],"author":[{"embeddable":true,"href":"https:\/\/www.greenpeace.org\/turkey\/wp-json\/wp\/v2\/users\/41"}],"replies":[{"embeddable":true,"href":"https:\/\/www.greenpeace.org\/turkey\/wp-json\/wp\/v2\/comments?post=9847"}],"version-history":[{"count":1,"href":"https:\/\/www.greenpeace.org\/turkey\/wp-json\/wp\/v2\/pages\/9847\/revisions"}],"predecessor-version":[{"id":9848,"href":"https:\/\/www.greenpeace.org\/turkey\/wp-json\/wp\/v2\/pages\/9847\/revisions\/9848"}],"up":[{"embeddable":true,"href":"https:\/\/www.greenpeace.org\/turkey\/wp-json\/wp\/v2\/pages\/9"}],"wp:featuredmedia":[{"embeddable":true,"href":"https:\/\/www.greenpeace.org\/turkey\/wp-json\/wp\/v2\/media\/9832"}],"wp:attachment":[{"href":"https:\/\/www.greenpeace.org\/turkey\/wp-json\/wp\/v2\/media?parent=9847"}],"wp:term":[{"taxonomy":"category","embeddable":true,"href":"https:\/\/www.greenpeace.org\/turkey\/wp-json\/wp\/v2\/categories?post=9847"},{"taxonomy":"post_tag","embeddable":true,"href":"https:\/\/www.greenpeace.org\/turkey\/wp-json\/wp\/v2\/tags?post=9847"}],"curies":[{"name":"wp","href":"https:\/\/api.w.org\/{rel}","templated":true}]}}