{"id":9849,"date":"2025-11-20T12:19:49","date_gmt":"2025-11-20T09:19:49","guid":{"rendered":"https:\/\/www.greenpeace.org\/turkey\/?page_id=9849"},"modified":"2025-11-20T12:23:14","modified_gmt":"2025-11-20T09:23:14","slug":"30-yildir-birlikte-gucluyuz","status":"publish","type":"page","link":"https:\/\/www.greenpeace.org\/turkey\/harekete-gec\/30-yildir-birlikte-gucluyuz\/","title":{"rendered":"30 y\u0131ld\u0131r birlikte g\u00fc\u00e7l\u00fcy\u00fcz"},"content":{"rendered":"\n\n<div class=\"wp-block-group alignfull is-layout-flow wp-block-group-is-layout-flow\">\n<div class=\"wp-block-group container is-layout-flow wp-block-group-is-layout-flow\">\n<div class=\"wp-block-media-text alignfull has-media-on-the-right is-stacked-on-mobile is-pattern-p4-page-header is-style-parallax\"><div class=\"wp-block-media-text__content\">\n<div class=\"wp-block-group is-layout-flow wp-block-group-is-layout-flow\">\n<h1 class=\"wp-block-heading has-white-background-color has-background\">30 y\u0131ld\u0131r birlikte g\u00fc\u00e7l\u00fcy\u00fcz<\/h1>\n<\/div>\n<\/div><figure class=\"wp-block-media-text__media\"><img loading=\"lazy\" decoding=\"async\" width=\"1024\" height=\"680\" src=\"https:\/\/www.greenpeace.org\/static\/planet4-turkey-stateless\/2025\/10\/bd3b13b3-gp01j4o-1024x680.jpg\" alt=\"\" sizes=\"auto, (min-width: 601px) 50vw, 100vw\" srcset=\"https:\/\/www.greenpeace.org\/static\/planet4-turkey-stateless\/2025\/10\/bd3b13b3-gp01j4o.jpg 2500w, https:\/\/www.greenpeace.org\/static\/planet4-turkey-stateless\/2025\/10\/bd3b13b3-gp01j4o-300x199.jpg 300w, https:\/\/www.greenpeace.org\/static\/planet4-turkey-stateless\/2025\/10\/bd3b13b3-gp01j4o-1024x680.jpg 1024w, https:\/\/www.greenpeace.org\/static\/planet4-turkey-stateless\/2025\/10\/bd3b13b3-gp01j4o-768x510.jpg 768w, https:\/\/www.greenpeace.org\/static\/planet4-turkey-stateless\/2025\/10\/bd3b13b3-gp01j4o-1536x1020.jpg 1536w, https:\/\/www.greenpeace.org\/static\/planet4-turkey-stateless\/2025\/10\/bd3b13b3-gp01j4o-2048x1360.jpg 2048w, https:\/\/www.greenpeace.org\/static\/planet4-turkey-stateless\/2025\/10\/bd3b13b3-gp01j4o-510x340.jpg 510w\" class=\"wp-image-9724 size-full\"\/><\/figure><\/div>\n<\/div>\n<\/div>\n\n\n<p>1995\u2019ten bug\u00fcne, seninle birlikte \u00e7evreyi kirletenlere kar\u015f\u0131 durduk, ormanlar\u0131, denizleri ve t\u00fcm ya\u015fam\u0131 korumak i\u00e7in m\u00fccadele ettik.\u00a0<strong>Cesaretimizi sen verdin, umudumuzu sen b\u00fcy\u00fctt\u00fcn.<\/strong> Bu 30 y\u0131l, senin gibi binlerce insan\u0131n cesareti, dayan\u0131\u015fmas\u0131 ve deste\u011fiyle yaz\u0131ld\u0131. Denizlerde, ormanlarda, \u015fehirlerde her kampanyam\u0131zda, her de\u011fi\u015fim \u00e7a\u011fr\u0131s\u0131nda sen vard\u0131n.\u00a0<\/p>\n<div data-render=\"planet4-blocks\/columns\" data-attributes=\"{&quot;attributes&quot;:{&quot;columns_block_style&quot;:&quot;tasks&quot;,&quot;columns_title&quot;:&quot;Neler yapabilirsin?&quot;,&quot;columns&quot;:[{&quot;title&quot;:&quot;Destek Ver&quot;,&quot;description&quot;:&quot;&quot;,&quot;cta_link&quot;:&quot;https:\\\/\\\/www.greenpeace.org\\\/turkey\\\/30yil\\\/&quot;,&quot;link_new_tab&quot;:false,&quot;cta_text&quot;:&quot;\\u0130MZA VER&quot;},{&quot;title&quot;:&quot;Geli\\u015fmeleri Takip Et&quot;,&quot;description&quot;:&quot;&quot;,&quot;cta_link&quot;:&quot;https:\\\/\\\/www.instagram.com\\\/greenpeaceturkiye\\\/&quot;,&quot;link_new_tab&quot;:false,&quot;cta_text&quot;:&quot;TAK\\u0130P ET&quot;},{&quot;title&quot;:&quot;\\u00c7evrendekilerle Payla\\u015f&quot;,&quot;description&quot;:&quot;&quot;,&quot;cta_link&quot;:&quot;https:\\\/\\\/www.greenpeace.org\\\/turkey\\\/30yil\\\/&quot;,&quot;link_new_tab&quot;:false,&quot;cta_text&quot;:&quot;PAYLA\\u015e&quot;}],&quot;className&quot;:&quot;is-style-tasks&quot;}}\"><\/div>\n<hr class=\"wp-block-separator has-alpha-channel-opacity\"\/>\n","protected":false},"excerpt":{"rendered":"<p>\u0130klim krizi art\u0131k evimizde. Kurakl\u0131k, s\u0131cak dalgalar\u0131 ve seller, T\u00fcrkiye&#8217;nin de pay\u0131na d\u00fc\u015fen tehlikeler aras\u0131nda.<\/p>\n","protected":false},"author":41,"featured_media":9724,"parent":9,"menu_order":0,"comment_status":"closed","ping_status":"closed","template":"","meta":{"ep_exclude_from_search":false,"p4_hide_page_title_checkbox":"on","p4_title":"","p4_subtitle":"","p4_description":"","background_image_id":"","background_image":"","p4_button_title":"","p4_button_link":"","p4_button_link_checkbox":"","p4_og_title":"","p4_og_description":"","p4_og_image":"","p4_og_image_id":"","p4_seo_canonical_url":"","p4_campaign_name":"not set","p4_local_project":"not set","p4_basket_name":"not set","p4_department":"","footnotes":""},"categories":[24],"tags":[6],"class_list":["post-9849","page","type-page","status-publish","has-post-thumbnail","hentry","category-iklim-krizi","tag-iklim-adaleti"],"_links":{"self":[{"href":"https:\/\/www.greenpeace.org\/turkey\/wp-json\/wp\/v2\/pages\/9849","targetHints":{"allow":["GET"]}}],"collection":[{"href":"https:\/\/www.greenpeace.org\/turkey\/wp-json\/wp\/v2\/pages"}],"about":[{"href":"https:\/\/www.greenpeace.org\/turkey\/wp-json\/wp\/v2\/types\/page"}],"author":[{"embeddable":true,"href":"https:\/\/www.greenpeace.org\/turkey\/wp-json\/wp\/v2\/users\/41"}],"replies":[{"embeddable":true,"href":"https:\/\/www.greenpeace.org\/turkey\/wp-json\/wp\/v2\/comments?post=9849"}],"version-history":[{"count":1,"href":"https:\/\/www.greenpeace.org\/turkey\/wp-json\/wp\/v2\/pages\/9849\/revisions"}],"predecessor-version":[{"id":9850,"href":"https:\/\/www.greenpeace.org\/turkey\/wp-json\/wp\/v2\/pages\/9849\/revisions\/9850"}],"up":[{"embeddable":true,"href":"https:\/\/www.greenpeace.org\/turkey\/wp-json\/wp\/v2\/pages\/9"}],"wp:featuredmedia":[{"embeddable":true,"href":"https:\/\/www.greenpeace.org\/turkey\/wp-json\/wp\/v2\/media\/9724"}],"wp:attachment":[{"href":"https:\/\/www.greenpeace.org\/turkey\/wp-json\/wp\/v2\/media?parent=9849"}],"wp:term":[{"taxonomy":"category","embeddable":true,"href":"https:\/\/www.greenpeace.org\/turkey\/wp-json\/wp\/v2\/categories?post=9849"},{"taxonomy":"post_tag","embeddable":true,"href":"https:\/\/www.greenpeace.org\/turkey\/wp-json\/wp\/v2\/tags?post=9849"}],"curies":[{"name":"wp","href":"https:\/\/api.w.org\/{rel}","templated":true}]}}