{"id":999,"date":"2018-09-15T13:53:45","date_gmt":"2018-09-15T10:53:45","guid":{"rendered":"https:\/\/master.k8s.p4.greenpeace.org\/turkey\/?page_id=999"},"modified":"2025-09-23T13:06:44","modified_gmt":"2025-09-23T10:06:44","slug":"ayni-kovandayiz-2","status":"publish","type":"page","link":"https:\/\/www.greenpeace.org\/turkey\/ayni-kovandayiz-2\/","title":{"rendered":"Ayn\u0131 Kovanday\u0131z"},"content":{"rendered":"\n\n<div class=\"wp-block-group alignfull is-layout-flow wp-block-group-is-layout-flow\">\n<div class=\"wp-block-group container is-layout-flow wp-block-group-is-layout-flow\">\n<div class=\"wp-block-media-text alignfull has-media-on-the-right is-stacked-on-mobile is-pattern-p4-page-header is-style-parallax\"><div class=\"wp-block-media-text__content\">\n<div class=\"wp-block-group is-layout-flow wp-block-group-is-layout-flow\">\n<h1 class=\"wp-block-heading has-white-background-color has-background\">\n                            Ar\u0131lar\u0131 kurtarmak i\u00e7in tar\u0131mda kullan\u0131lan zehirli kimyasallar\u0131 engellemeliyiz\n                        <\/h1>\n<\/div>\n\n\n\n<p style=\"font-size:1.25rem\">\n                            <span style=\"font-weight: 400\">Baz\u0131 pestisitler ba\u015fta ar\u0131lar olmak \u00fczere tozla\u015fma yapan b\u00fct\u00fcn canl\u0131lar\u0131 do\u011frudan tehdit ediyor. Ar\u0131 n\u00fcfusunun sa\u011fl\u0131\u011f\u0131n\u0131 korumak i\u00e7in ilk yap\u0131lmas\u0131 gereken ar\u0131lara zarar veren kimyasallar\u0131n tar\u0131mda kullan\u0131m\u0131n\u0131 ortadan kald\u0131rmak.&nbsp;<\/span>\n                        <\/p>\n<\/div><figure class=\"wp-block-media-text__media\"><img loading=\"lazy\" decoding=\"async\" width=\"800\" height=\"533\" src=\"https:\/\/www.greenpeace.org\/static\/planet4-turkey-stateless\/2019\/09\/e0c5310c-e0c5310c-bees-1.jpg\" alt=\"\" sizes=\"auto, (min-width: 601px) 50vw, 100vw\" srcset=\"https:\/\/www.greenpeace.org\/static\/planet4-turkey-stateless\/2019\/09\/e0c5310c-e0c5310c-bees-1.jpg 800w, https:\/\/www.greenpeace.org\/static\/planet4-turkey-stateless\/2019\/09\/e0c5310c-e0c5310c-bees-1-300x200.jpg 300w, https:\/\/www.greenpeace.org\/static\/planet4-turkey-stateless\/2019\/09\/e0c5310c-e0c5310c-bees-1-768x512.jpg 768w, https:\/\/www.greenpeace.org\/static\/planet4-turkey-stateless\/2019\/09\/e0c5310c-e0c5310c-bees-1-510x340.jpg 510w\" class=\"wp-image-803 size-full\"\/><\/figure><\/div>\n<\/div>\n<\/div>\n\n<div data-render=\"planet4-blocks\/columns\" data-attributes=\"{&quot;attributes&quot;:{&quot;columns&quot;:[{&quot;title&quot;:&quot;Neden \\u00f6nemli?&quot;,&quot;description&quot;:&quot;Kula\\u011fa inan\\u0131lmaz gelebilir ama yedi\\u011fimiz her \\u00fc\\u00e7 g\\u0131dan\\u0131n birini ar\\u0131lara bor\\u00e7luyuz. Bal ar\\u0131lar\\u0131, bitkilerin \\u00fcremesini ve \\u00fcr\\u00fcn vermesini sa\\u011flayan tozla\\u015fma i\\u015fleminin y\\u00fczde 80\\u2019ini ger\\u00e7ekle\\u015ftiriyor. Tek bir ar\\u0131 kolonisi g\\u00fcnde 300 milyon \\u00e7i\\u00e7ekte tozla\\u015fma yapabiliyor. Bu da onlar\\u0131 \\u00fcretimin devam\\u0131 i\\u00e7in benzersiz bir yere koyuyor. Ama pestisit, parazitler ve iklim krizi bir araya gelince d\\u00fcnya \\u00e7ap\\u0131ndaki ar\\u0131 n\\u00fcfusunu \\u00e7ok ciddi tehdit alt\\u0131na sokuyor.&quot;,&quot;link_new_tab&quot;:false},{&quot;title&quot;:&quot;Sorun nedir?&quot;,&quot;description&quot;:&quot;1990\\u2019lardan bu yana ar\\u0131 yeti\\u015ftiriciler ar\\u0131 n\\u00fcfusunda \\u00e7ok keskin ve \\u00e7arp\\u0131c\\u0131 azalmalar g\\u00f6zlemlediler. End\\u00fcstriyel tar\\u0131m uygulamalar\\u0131, parazitler ve iklim krizi ar\\u0131 kolonilerinin toplu \\u00f6l\\u00fcmlerine neden oluyor. Ar\\u0131lara zarar veren pestisitlerin yayg\\u0131n kullan\\u0131m\\u0131 \\u00f6zellikle de bal ar\\u0131lar\\u0131n\\u0131 ve do\\u011fadaki vah\\u015fi polinat\\u00f6rleri tehdit ediyor. Onlar olmadan d\\u00fcnya n\\u00fcfusunu doyurmak neredeyse imkans\\u0131z olacak. Bu zararl\\u0131 pestisitleri yasaklamak ve canl\\u0131lar\\u0131 korumak i\\u00e7in ge\\u00e7 kalamay\\u0131z.&quot;,&quot;link_new_tab&quot;:false},{&quot;title&quot;:&quot;Biliyor muydun?&quot;,&quot;description&quot;:&quot;Ar\\u0131lar\\u0131n g\\u0131da sistemi i\\u00e7in ne kadar \\u00f6nemli olduklar\\u0131n\\u0131 \\u015f\\u00f6yle anlatal\\u0131m: En \\u00e7ok t\\u00fcketilen 100 farkl\\u0131 g\\u0131da t\\u00fcr\\u00fcnden 70\\u2019ini, yani miktar olarak d\\u00fcnyadaki t\\u00fcketimin y\\u00fczde 90\\u2019\\u0131n\\u0131 yapt\\u0131klar\\u0131 tozla\\u015fma sayesinde ar\\u0131lara bor\\u00e7luyuz.&quot;,&quot;link_new_tab&quot;:false}],&quot;className&quot;:&quot;is-style-no_image&quot;,&quot;columns_block_style&quot;:&quot;no_image&quot;}}\"><\/div><div data-render=\"planet4-blocks\/columns\" data-attributes=\"{&quot;attributes&quot;:{&quot;columns_block_style&quot;:&quot;tasks&quot;,&quot;columns_title&quot;:&quot;Neler yapabilirsin?&quot;,&quot;columns&quot;:[{&quot;title&quot;:&quot;Neler oldu\\u011funu incele&quot;,&quot;description&quot;:&quot;Bal ar\\u0131lar\\u0131 ve do\\u011fada tozla\\u015fma yapan di\\u011fer b\\u00fct\\u00fcn canl\\u0131lar (sinek, kelebek, yaban ar\\u0131lar\\u0131 vs.) g\\u0131da ve tar\\u0131m i\\u00e7in temel bir role sahip. Ama zehirli kimyasallar ar\\u0131lar\\u0131 ve g\\u0131dam\\u0131z\\u0131 tehdit ediyor. Haz\\u0131rlad\\u0131\\u011f\\u0131m\\u0131z bilimsel rapor T\\u00fcrkiye ve d\\u00fcnyadaki durumunu anlat\\u0131yor.&quot;,&quot;cta_link&quot;:&quot;\\\/turkey\\\/raporlar\\\/rapor-arilar-yasasin-diye\\\/&quot;,&quot;link_new_tab&quot;:false,&quot;cta_text&quot;:&quot;Rapor - Ar\\u0131lar Ya\\u015fas\\u0131n Diye&quot;},{&quot;title&quot;:&quot;Bu sayfay\\u0131 payla\\u015f&quot;,&quot;description&quot;:&quot;Ar\\u0131lar\\u0131n ve dolay\\u0131s\\u0131yla g\\u0131dam\\u0131z\\u0131n d\\u00fc\\u015ft\\u00fc\\u011f\\u00fc krizin duyulmas\\u0131n\\u0131 sa\\u011fla, bu sayfay\\u0131 arkada\\u015flar\\u0131nla payla\\u015f ve at\\u0131lmas\\u0131 gereken ad\\u0131mlar konusunda tart\\u0131\\u015fmaya ba\\u015fla.&quot;,&quot;cta_link&quot;:&quot;https:\\\/\\\/www.facebook.com\\\/watch\\\/?v=325346488040460&quot;,&quot;link_new_tab&quot;:false,&quot;cta_text&quot;:&quot;Videoyu Payla\\u015f&quot;},{&quot;title&quot;:&quot;Sen de\\u011fi\\u015fimin kendisi ol&quot;,&quot;description&quot;:&quot;Sadece ekolojik meyve ve sebzeleri tercih et. b\\u00f6ylece ar\\u0131lara zarar veren pestisitlerin kullan\\u0131m\\u0131n\\u0131n da \\u00f6n\\u00fcne ge\\u00e7.&quot;,&quot;link_new_tab&quot;:false},{&quot;title&quot;:&quot;Bir araya gel&quot;,&quot;description&quot;:&quot;Bir ar\\u0131 bah\\u00e7esi olu\\u015fturmak i\\u00e7in arkada\\u015flar\\u0131nla harekete ge\\u00e7. Lavanta, biberiye, ada \\u00e7ay\\u0131 ve ay\\u00e7i\\u00e7e\\u011fi gibi ar\\u0131 sa\\u011fl\\u0131\\u011f\\u0131n\\u0131 destekleyen \\u00fcr\\u00fcnler ekebilirsin.&quot;,&quot;link_new_tab&quot;:false}],&quot;className&quot;:&quot;is-style-tasks&quot;}}\"><\/div>\n    <div class=\"wp-block-query posts-list p4-query-loop is-custom-layout-list is-layout-flow wp-block-query-is-layout-flow\">\n        <div class=\"wp-block-group is-content-justification-space-between is-layout-flex wp-container-core-group-is-layout-3d213aab wp-block-group-is-layout-flex\"><h2 class=\"wp-block-heading\">Senin Sayende Kazand\u0131k!<\/h2>\n        <li class=\" wp-block-navigation-item see-all-link wp-block-navigation-link\"><a class=\"wp-block-navigation-item__content\"  href=\"http:\/\/www.greenpeace.org\/turkey\/news-stories\/\"><span class=\"wp-block-navigation-item__label\">See all stories<\/span><\/a><\/li>\n        \n        <\/div>\n        \n\n    <p style=\"margin-top: 24px; margin-bottom: 36px;\"><\/p>\n\n    \n\n    <ul class=\"wp-block-post-template is-layout-flow wp-block-post-template-is-layout-flow\"><li class=\"wp-block-post post-734 post type-post status-publish format-standard has-post-thumbnail hentry category-biyocesitlilik-doga tag-gidatarim p4-page-type-blog\">\n            \n<div class=\"wp-block-columns is-layout-flex wp-container-core-columns-is-layout-9d6595d7 wp-block-columns-is-layout-flex\"><figure class=\"wp-block-post-featured-image\"><a href=\"https:\/\/www.greenpeace.org\/turkey\/blog\/basardik-arilara-zarar-veren-uc-pestisit-yasaklandi\/\" target=\"_self\"  ><img loading=\"lazy\" decoding=\"async\" width=\"600\" height=\"300\" src=\"https:\/\/www.greenpeace.org\/static\/planet4-turkey-stateless\/2019\/09\/b0e12a7a-b0e12a7a-144458_262763.jpg\" class=\"attachment-post-thumbnail size-post-thumbnail wp-post-image wp-stateless-item\" alt=\"Ba\u015fard\u0131k, ar\u0131lara zarar veren \u00fc\u00e7 pestisit yasakland\u0131\" style=\"object-fit:cover;\" srcset=\"https:\/\/www.greenpeace.org\/static\/planet4-turkey-stateless\/2019\/09\/b0e12a7a-b0e12a7a-144458_262763.jpg 600w, https:\/\/www.greenpeace.org\/static\/planet4-turkey-stateless\/2019\/09\/b0e12a7a-b0e12a7a-144458_262763-300x150.jpg 300w, https:\/\/www.greenpeace.org\/static\/planet4-turkey-stateless\/2019\/09\/b0e12a7a-b0e12a7a-144458_262763-510x255.jpg 510w\" sizes=\"auto, (max-width: 600px) 100vw, 600px\" data-image-size=\"post-thumbnail\" data-stateless-media-bucket=\"planet4-turkey-stateless\" data-stateless-media-name=\"2019\/09\/b0e12a7a-b0e12a7a-144458_262763.jpg\" \/><\/a><\/figure>\n\n        <div class=\"wp-block-group is-layout-flow wp-block-group-is-layout-flow\">\n                <div class=\"wp-block-group is-layout-flex wp-block-group-is-layout-flex\"><div class=\"wp-block-post-terms\"><a href=\"https:\/\/www.greenpeace.org\/turkey\/category\/sorunlar-ve-cozumler\/biyocesitlilik-doga\/\">Biyo\u00e7e\u015fitlilik ve Do\u011fa<\/a><\/div>\n                <div class=\"taxonomy-post_tag wp-block-post-terms\"><a href=\"https:\/\/www.greenpeace.org\/turkey\/tag\/gidatarim\/\" rel=\"tag\">G\u0131da Tar\u0131m<\/a><\/div>\n                \n                <\/div>\n                \n        <h3 class=\"wp-block-post-title\"><a href=\"https:\/\/www.greenpeace.org\/turkey\/blog\/basardik-arilara-zarar-veren-uc-pestisit-yasaklandi\/\" target=\"_self\" >Ba\u015fard\u0131k, ar\u0131lara zarar veren \u00fc\u00e7 pestisit yasakland\u0131<\/a><\/h3>\n        <div class=\"wp-block-post-excerpt\"><p class=\"wp-block-post-excerpt__excerpt\">150 binden fazla insan\u0131n imzas\u0131, karar al\u0131c\u0131larla yap\u0131lan g\u00f6r\u00fc\u015fmeler, bilimsel raporlar, videolar, sivil toplum kurulu\u015flar\u0131yla at\u0131lan ortak ad\u0131mlar nihayet sonu\u00e7 verdi. Ar\u0131 sa\u011fl\u0131\u011f\u0131na do\u011frudan tehdit olu\u015fturan ve tar\u0131mda kullan\u0131lan \u00fc\u00e7 kimyasal madde belli bir takvimle T\u00fcrkiye\u2019de de yasakland\u0131. <\/p><\/div>\n        \n        <div class=\"wp-block-group posts-list-meta is-layout-flow wp-block-group-is-layout-flow\"><span class='article-list-item-author'>Berkan \u00d6zyer<\/span>\n        <div class=\"wp-block-post-date\"><time datetime=\"2018-12-24T13:21:00+03:00\">24 Aral\u0131k 2018<\/time><\/div>\n        \n        <\/div>\n        <\/div>\n        <\/div>\n\n            <\/li><\/ul>\n\n    \n<div class=\"wp-block-buttons carousel-controls is-horizontal is-content-justification-space-between is-nowrap is-layout-flex wp-container-core-buttons-is-layout-044bd602 wp-block-buttons-is-layout-flex\">\n            <div class=\"wp-block-button carousel-control-prev\"><button type=\"button\" class=\"wp-block-button__link wp-element-button\">Prev<\/button><\/div>\n        \n\n            <div class=\"wp-block-button carousel-control-next\"><button type=\"button\" class=\"wp-block-button__link wp-element-button\">Next<\/button><\/div>\n        <\/div>\n\n\n    <li class=\" wp-block-navigation-item see-all-link wp-block-navigation-link\"><a class=\"wp-block-navigation-item__content\"  href=\"http:\/\/www.greenpeace.org\/turkey\/news-stories\/\"><span class=\"wp-block-navigation-item__label\">See all stories<\/span><\/a><\/li><\/div>\n    \n<figure class=\"wp-block-embed is-type-rich is-provider-instagram wp-block-embed-instagram\"><div class=\"wp-block-embed__wrapper\">\nhttps:\/\/www.instagram.com\/p\/BpZU6hNggEy\n<\/div><\/figure>\n","protected":false},"excerpt":{"rendered":"<p>Ar\u0131 n\u00fcfusunun sa\u011fl\u0131\u011f\u0131n\u0131 korumak i\u00e7in ilk yap\u0131lmas\u0131 gereken ar\u0131lara zarar veren kimyasallar\u0131n tar\u0131mda kullan\u0131m\u0131n\u0131 ortadan kald\u0131rmak.\u00a0<\/p>\n","protected":false},"author":25,"featured_media":805,"parent":0,"menu_order":0,"comment_status":"closed","ping_status":"closed","template":"","meta":{"ep_exclude_from_search":false,"p4_hide_page_title_checkbox":"on","p4_title":"","p4_subtitle":"","p4_description":"","background_image_id":"","background_image":"","p4_button_title":"","p4_button_link":"","p4_button_link_checkbox":"","p4_og_title":"","p4_og_description":"","p4_og_image":"","p4_og_image_id":"","p4_seo_canonical_url":"","p4_campaign_name":"not set","p4_local_project":"","p4_basket_name":"not set","p4_department":"","footnotes":""},"categories":[3],"tags":[30],"class_list":["post-999","page","type-page","status-publish","has-post-thumbnail","hentry","category-biyocesitlilik-doga","tag-gidatarim"],"_links":{"self":[{"href":"https:\/\/www.greenpeace.org\/turkey\/wp-json\/wp\/v2\/pages\/999","targetHints":{"allow":["GET"]}}],"collection":[{"href":"https:\/\/www.greenpeace.org\/turkey\/wp-json\/wp\/v2\/pages"}],"about":[{"href":"https:\/\/www.greenpeace.org\/turkey\/wp-json\/wp\/v2\/types\/page"}],"author":[{"embeddable":true,"href":"https:\/\/www.greenpeace.org\/turkey\/wp-json\/wp\/v2\/users\/25"}],"replies":[{"embeddable":true,"href":"https:\/\/www.greenpeace.org\/turkey\/wp-json\/wp\/v2\/comments?post=999"}],"version-history":[{"count":20,"href":"https:\/\/www.greenpeace.org\/turkey\/wp-json\/wp\/v2\/pages\/999\/revisions"}],"predecessor-version":[{"id":9595,"href":"https:\/\/www.greenpeace.org\/turkey\/wp-json\/wp\/v2\/pages\/999\/revisions\/9595"}],"wp:featuredmedia":[{"embeddable":true,"href":"https:\/\/www.greenpeace.org\/turkey\/wp-json\/wp\/v2\/media\/805"}],"wp:attachment":[{"href":"https:\/\/www.greenpeace.org\/turkey\/wp-json\/wp\/v2\/media?parent=999"}],"wp:term":[{"taxonomy":"category","embeddable":true,"href":"https:\/\/www.greenpeace.org\/turkey\/wp-json\/wp\/v2\/categories?post=999"},{"taxonomy":"post_tag","embeddable":true,"href":"https:\/\/www.greenpeace.org\/turkey\/wp-json\/wp\/v2\/tags?post=999"}],"curies":[{"name":"wp","href":"https:\/\/api.w.org\/{rel}","templated":true}]}}