{"id":1420,"date":"2024-11-07T22:02:50","date_gmt":"2024-11-07T22:02:50","guid":{"rendered":"https:\/\/www-prod.greenpeace.org\/usa\/?page_id=1420"},"modified":"2024-12-04T20:08:56","modified_gmt":"2024-12-04T20:08:56","slug":"ways-to-give","status":"publish","type":"page","link":"https:\/\/www.greenpeace.org\/usa\/ways-to-give\/","title":{"rendered":"Ways to Give"},"content":{"rendered":"\n\n<div class=\"wp-block-group alignfull is-layout-flow wp-block-group-is-layout-flow\">\n<div class=\"wp-block-group container is-layout-flow wp-block-group-is-layout-flow\">\n<div class=\"wp-block-media-text alignfull is-stacked-on-mobile is-pattern-p4-page-header is-style-parallax\"><figure class=\"wp-block-media-text__media\"><img loading=\"lazy\" decoding=\"async\" width=\"1200\" height=\"800\" src=\"https:\/\/www.greenpeace.org\/static\/planet4-usa-stateless\/2024\/11\/c65bfefd-gp0stznha.jpg\" alt=\"Crew Onboard Arctic Sunrise in the Pacific Ocean. \u00a9 Tom\u00e1s Munita \/ Greenpeace\" sizes=\"auto, (min-width: 601px) 50vw, 100vw\" srcset=\"https:\/\/www.greenpeace.org\/static\/planet4-usa-stateless\/2024\/11\/c65bfefd-gp0stznha.jpg 1200w, https:\/\/www.greenpeace.org\/static\/planet4-usa-stateless\/2024\/11\/c65bfefd-gp0stznha-300x200.jpg 300w, https:\/\/www.greenpeace.org\/static\/planet4-usa-stateless\/2024\/11\/c65bfefd-gp0stznha-1024x683.jpg 1024w, https:\/\/www.greenpeace.org\/static\/planet4-usa-stateless\/2024\/11\/c65bfefd-gp0stznha-768x512.jpg 768w, https:\/\/www.greenpeace.org\/static\/planet4-usa-stateless\/2024\/11\/c65bfefd-gp0stznha-510x340.jpg 510w\" class=\"wp-image-1422 size-full\"\/><\/figure><div class=\"wp-block-media-text__content\">\n<div class=\"wp-block-group is-layout-flow wp-block-group-is-layout-flow\">\n<h1 class=\"wp-block-heading has-white-background-color has-background\"><strong>Ways of Giving<\/strong><\/h1>\n<\/div>\n\n\n\n<p style=\"font-size:1.25rem\">Every victory in the Greenpeace movement\u2019s more than half-century history is thanks to the passion, hard work, and, yes, financial support of people just like you.<\/p>\n<\/div><\/div>\n<\/div>\n<\/div>\n\n\n<p>From elementary school students making their first charitable donation to individuals wanting to leave a legacy for the planet in their <a href=\"https:\/\/www.freewill.com\/greenpeacefund?utm_source=partner&amp;utm_medium=website&amp;utm_campaign=greenpeacefund_website_homepg\" target=\"_blank\" rel=\"noreferrer noopener\">estate plans<\/a>, Greenpeace offers a variety of ways for you to contribute to the creation of a green, just, and peaceful future.&nbsp;<\/p>\n\n<div class=\"wp-block-media-text has-media-on-the-right is-stacked-on-mobile is-image-fill\"><div class=\"wp-block-media-text__content\">\n<h2 class=\"wp-block-heading\">Contribute<\/h2>\n\n\n\n<p><strong>Greenpeace USA<\/strong> is an independent campaigning organization that uses peaceful protest, creative communication, public advocacy, and lobbying to expose global environmental problems and promote solutions that are essential to a green, just, and peaceful future.<\/p>\n\n\n\n<div class=\"wp-block-buttons is-layout-flex wp-block-buttons-is-layout-flex\">\n<div class=\"wp-block-button is-style-cta\"><a class=\"wp-block-button__link wp-element-button\" href=\"https:\/\/engage.us.greenpeace.org\/onlineactions\/GB7jeaDze0eR5tWt3kWG_w2?utm_source=website&amp;utm_medium=header&amp;utm_campaign=webheader&amp;sourceid=1015094\">Donate now<\/a><\/div>\n<\/div>\n<\/div><figure class=\"wp-block-media-text__media\" style=\"background-image:url(https:\/\/www.greenpeace.org\/static\/planet4-usa-stateless\/2024\/11\/49573c76-gp01svc-683x1024.jpg);background-position:48% 14%\"><img loading=\"lazy\" decoding=\"async\" width=\"683\" height=\"1024\" src=\"https:\/\/www.greenpeace.org\/static\/planet4-usa-stateless\/2024\/11\/49573c76-gp01svc-683x1024.jpg\" alt=\"Polar Bear in Greenland. \u00a9 Nick Cobbing \/ Greenpeace\" sizes=\"auto, (min-width: 1600px) calc((1320px - 24px) \/ 2),(min-width: 1200px) calc((1140px - 24px) \/ 2),(min-width: 992px) calc((960px - 24px) \/ 2),(min-width: 768px) calc((720px - 24px) \/ 2),(min-width: 601px) calc((540px - 24px) \/ 2),(min-width: 577px) calc((540px - 24px) \/ 1), calc(100vw - 24px)\" srcset=\"https:\/\/www.greenpeace.org\/static\/planet4-usa-stateless\/2024\/11\/49573c76-gp01svc.jpg 800w, https:\/\/www.greenpeace.org\/static\/planet4-usa-stateless\/2024\/11\/49573c76-gp01svc-200x300.jpg 200w, https:\/\/www.greenpeace.org\/static\/planet4-usa-stateless\/2024\/11\/49573c76-gp01svc-683x1024.jpg 683w, https:\/\/www.greenpeace.org\/static\/planet4-usa-stateless\/2024\/11\/49573c76-gp01svc-768x1152.jpg 768w, https:\/\/www.greenpeace.org\/static\/planet4-usa-stateless\/2024\/11\/49573c76-gp01svc-227x340.jpg 227w\" class=\"wp-image-10107 size-full\"\/><\/figure><\/div>\n\n<div class=\"wp-block-media-text is-stacked-on-mobile is-image-fill\"><figure class=\"wp-block-media-text__media\" style=\"background-image:url(https:\/\/www.greenpeace.org\/static\/planet4-usa-stateless\/2024\/11\/8942d419-gp0stsqqk.jpg);background-position:50% 50%\"><img loading=\"lazy\" decoding=\"async\" width=\"1200\" height=\"915\" src=\"https:\/\/www.greenpeace.org\/static\/planet4-usa-stateless\/2024\/11\/8942d419-gp0stsqqk.jpg\" alt=\"Food for Life Farm Visit &amp; Breadfruit Tree Planting in Hawaii. \u00a9 Tim Aubry \/ Greenpeace\" sizes=\"auto, (min-width: 1600px) calc((1320px - 24px) \/ 2),(min-width: 1200px) calc((1140px - 24px) \/ 2),(min-width: 992px) calc((960px - 24px) \/ 2),(min-width: 768px) calc((720px - 24px) \/ 2),(min-width: 601px) calc((540px - 24px) \/ 2),(min-width: 577px) calc((540px - 24px) \/ 1), calc(100vw - 24px)\" srcset=\"https:\/\/www.greenpeace.org\/static\/planet4-usa-stateless\/2024\/11\/8942d419-gp0stsqqk.jpg 1200w, https:\/\/www.greenpeace.org\/static\/planet4-usa-stateless\/2024\/11\/8942d419-gp0stsqqk-300x229.jpg 300w, https:\/\/www.greenpeace.org\/static\/planet4-usa-stateless\/2024\/11\/8942d419-gp0stsqqk-1024x781.jpg 1024w, https:\/\/www.greenpeace.org\/static\/planet4-usa-stateless\/2024\/11\/8942d419-gp0stsqqk-768x586.jpg 768w, https:\/\/www.greenpeace.org\/static\/planet4-usa-stateless\/2024\/11\/8942d419-gp0stsqqk-446x340.jpg 446w\" class=\"wp-image-1423 size-full\"\/><\/figure><div class=\"wp-block-media-text__content\">\n<h2 class=\"wp-block-heading\"><strong>Monthly giving<\/strong><\/h2>\n\n\n\n<p>By establishing a monthly gift, Greenpeace supporters increase their impact by providing Greenpeace campaigns with a dependable source of funding. Monthly giving also provides you, as a donor, with a means of transforming even a small monthly donation into a long-term and sustainable commitment that can grow over time.&nbsp;<\/p>\n\n\n\n<div class=\"wp-block-buttons is-layout-flex wp-block-buttons-is-layout-flex\">\n<div class=\"wp-block-button is-style-cta\"><a class=\"wp-block-button__link wp-element-button\" href=\"https:\/\/engage.us.greenpeace.org\/onlineactions\/UD4irjZxN02DbW9eqd7Y1Q2?utm_source=website&amp;utm_medium=quickgive&amp;utm_campaign=website_donation_form_%28quick_give_monthly%29\" target=\"_blank\" rel=\"noreferrer noopener\">Make a monthly gift<\/a><\/div>\n<\/div>\n<\/div><\/div>\n\n<p>Greenpeace USA is registered with the Internal Revenue Service as a 501(c)(4) entity. Contributions to Greenpeace, Inc. are not tax deductible.<\/p>\n\n<h2 class=\"wp-block-heading\" id=\"waystogive\">Other ways to give<\/h2>\n\n<p>For donors interested in tax-advantaged charitable giving, we want you to know Greenpeace USA is affiliated with Greenpeace Fund, a 501(c)(3) charitable entity registered with the Internal Revenue Service, and contributions to Greenpeace Fund are tax-deductible. <a href=\"http:\/\/greenpeacefund.org\" target=\"_blank\" rel=\"noreferrer noopener\">Greenpeace Fund<\/a> offers additional ways of giving, including:<\/p>\n\n<ul class=\"wp-block-list\">\n<li><strong>Donor Advised Funds (DAFs)<\/strong>: DAFs empower donors with the ability to contribute today, while laying the foundation for contributions that will transform tomorrow. Creating a DAF allows you to receive an immediate tax deduction, and then recommend charitable contributions from the fund over time to your favorite charities.<\/li>\n\n\n\n<li><strong>Stocks\/IRAs<\/strong>: Your gift of stock or a contribution from your IRA (including a qualified charitable distribution) will strengthen efforts to protect our planet while providing potential tax benefits for your own well-being.&nbsp;<em>&nbsp;<\/em><\/li>\n<\/ul>\n\n<p>To learn more about these and other ways to give to Greenpeace Fund, go to <a href=\"http:\/\/www.greenpeacefund.org\" data-type=\"link\" data-id=\"www.greenpeacefund.org\" target=\"_blank\" rel=\"noreferrer noopener\">Greenpeace Fund\u2019s website<\/a>.<br><\/p>\n\n\n<div class=\"wp-block-group block has-dark-green-800-background-color has-background is-layout-flow wp-block-group-is-layout-flow\">\n<div style=\"height:25px\" aria-hidden=\"true\" class=\"wp-block-spacer\"><\/div>\n\n\n\n<figure class=\"wp-block-image aligncenter size-full is-resized force-no-lightbox force-no-caption\" style=\"margin-top:0;margin-bottom:0\"><img loading=\"lazy\" decoding=\"async\" width=\"80\" height=\"80\" src=\"https:\/\/www.greenpeace.org\/static\/planet4-usa-stateless\/2024\/10\/b1a31876-hands.png\" alt=\"\" class=\"wp-image-1252\" style=\"width:80px;height:80px\"\/><\/figure>\n\n\n\n<div style=\"height:20px\" aria-hidden=\"true\" class=\"wp-block-spacer\"><\/div>\n\n\n\n<h3 class=\"wp-block-heading has-text-align-center has-white-color has-text-color\"><strong>Why your support matters<\/strong><\/h3>\n\n\n\n<div style=\"height:16px\" aria-hidden=\"true\" class=\"wp-block-spacer\"><\/div>\n\n\n\n<p class=\"has-text-align-center has-white-color has-text-color has-link-color wp-elements-b048d8031facdbff54964c67a19c07d0\">To maintain our full independence as an environmental campaigning organization, Greenpeace USA and Greenpeace Fund do not accept gifts or matching gifts from corporate entities or governmental agencies. This policy is intended to allow our advocacy, education, and research projects to operate free from outside influence or suspicion of financial pressure.<\/p>\n\n\n\n<div style=\"height:40px\" aria-hidden=\"true\" class=\"wp-block-spacer\"><\/div>\n<\/div>\n\n\n<p><\/p>\n","protected":false},"excerpt":{"rendered":"<p>From elementary school students making their first charitable donation to individuals wanting to leave a legacy for the planet in their estate plans, Greenpeace offers a variety of ways for you to contribute to the creation of a green, just, and peaceful future.&nbsp; Greenpeace USA is registered with the Internal Revenue Service as a 501(c)(4) [&hellip;]<\/p>\n","protected":false},"author":102,"featured_media":1422,"parent":0,"menu_order":0,"comment_status":"closed","ping_status":"closed","template":"page-templates\/evergreen.php","meta":{"om_disable_all_campaigns":false,"ep_exclude_from_search":false,"p4_hide_page_title_checkbox":"on","p4_title":"","p4_subtitle":"","p4_description":"","background_image_id":"","background_image":"","p4_button_title":"","p4_button_link":"","p4_button_link_checkbox":"","p4_og_title":"","p4_og_description":"","p4_og_image":"","p4_og_image_id":"","p4_seo_canonical_url":"","p4_campaign_name":"not set","p4_local_project":"","p4_basket_name":"not set","p4_department":"","footnotes":""},"categories":[1],"tags":[],"class_list":["post-1420","page","type-page","status-publish","has-post-thumbnail","hentry","category-greenpeace"],"yoast_head":"<!-- This site is optimized with the Yoast SEO Premium plugin v23.9 (Yoast SEO v23.9) - https:\/\/yoast.com\/wordpress\/plugins\/seo\/ -->\n<title>Ways to Give - Greenpeace<\/title>\n<meta name=\"robots\" content=\"index, follow, max-snippet:-1, max-image-preview:large, max-video-preview:-1\" \/>\n<link rel=\"canonical\" href=\"https:\/\/www.greenpeace.org\/usa\/ways-to-give\/\" \/>\n<meta property=\"og:locale\" content=\"en_US\" \/>\n<meta property=\"og:type\" content=\"article\" \/>\n<meta property=\"og:title\" content=\"Ways to Give\" \/>\n<meta property=\"og:description\" content=\"From elementary school students making their first charitable donation to individuals wanting to leave a legacy for the planet in their estate plans, Greenpeace offers a variety of ways for you to contribute to the creation of a green, just, and peaceful future.&nbsp; Greenpeace USA is registered with the Internal Revenue Service as a 501(c)(4) [&hellip;]\" \/>\n<meta property=\"og:url\" content=\"https:\/\/www.greenpeace.org\/usa\/ways-to-give\/\" \/>\n<meta property=\"og:site_name\" content=\"Greenpeace\" \/>\n<meta property=\"article:publisher\" content=\"https:\/\/www.facebook.com\/greenpeaceusa\" \/>\n<meta property=\"article:modified_time\" content=\"2024-12-04T20:08:56+00:00\" \/>\n<meta property=\"og:image\" content=\"https:\/\/www.greenpeace.org\/static\/planet4-usa-stateless\/2024\/11\/c65bfefd-gp0stznha.jpg\" \/>\n\t<meta property=\"og:image:width\" content=\"1200\" \/>\n\t<meta property=\"og:image:height\" content=\"800\" \/>\n\t<meta property=\"og:image:type\" content=\"image\/jpeg\" \/>\n<meta name=\"twitter:card\" content=\"summary_large_image\" \/>\n<meta name=\"twitter:site\" content=\"@greenpeaceusa\" \/>\n<meta name=\"twitter:label1\" content=\"Est. reading time\" \/>\n\t<meta name=\"twitter:data1\" content=\"2 minutes\" \/>\n<script type=\"application\/ld+json\" class=\"yoast-schema-graph\">{\"@context\":\"https:\/\/schema.org\",\"@graph\":[{\"@type\":\"WebPage\",\"@id\":\"https:\/\/www.greenpeace.org\/usa\/ways-to-give\/\",\"url\":\"https:\/\/www.greenpeace.org\/usa\/ways-to-give\/\",\"name\":\"Ways to Give - Greenpeace\",\"isPartOf\":{\"@id\":\"https:\/\/www.greenpeace.org\/usa\/#website\"},\"primaryImageOfPage\":{\"@id\":\"https:\/\/www.greenpeace.org\/usa\/ways-to-give\/#primaryimage\"},\"image\":{\"@id\":\"https:\/\/www.greenpeace.org\/usa\/ways-to-give\/#primaryimage\"},\"thumbnailUrl\":\"https:\/\/www.greenpeace.org\/static\/planet4-usa-stateless\/2024\/11\/c65bfefd-gp0stznha.jpg\",\"datePublished\":\"2024-11-07T22:02:50+00:00\",\"dateModified\":\"2024-12-04T20:08:56+00:00\",\"breadcrumb\":{\"@id\":\"https:\/\/www.greenpeace.org\/usa\/ways-to-give\/#breadcrumb\"},\"inLanguage\":\"en-US\",\"potentialAction\":[{\"@type\":\"ReadAction\",\"target\":[\"https:\/\/www.greenpeace.org\/usa\/ways-to-give\/\"]}]},{\"@type\":\"ImageObject\",\"inLanguage\":\"en-US\",\"@id\":\"https:\/\/www.greenpeace.org\/usa\/ways-to-give\/#primaryimage\",\"url\":\"https:\/\/www.greenpeace.org\/static\/planet4-usa-stateless\/2024\/11\/c65bfefd-gp0stznha.jpg\",\"contentUrl\":\"https:\/\/www.greenpeace.org\/static\/planet4-usa-stateless\/2024\/11\/c65bfefd-gp0stznha.jpg\",\"width\":1200,\"height\":800,\"caption\":\"Crew on board the Arctic Sunrise in the Pacific Ocean, between Gal\u00e1pagos and Ecuador. The Arctic Sunrise is on a six-week expedition around the Gal\u00e1pagos islands, with scientists from the Jocotoco Conservation Foundation, the Charles Darwin Foundation, the Gal\u00e1pagos Science Center, MigraMar and Gal\u00e1pagos park rangers. The expedition will showcase the power of marine protection by documenting the success of the Gal\u00e1pagos Marine Reserve through the incredible wildlife and habitats of the sea near the Gal\u00e1pagos. Data collected during the expedition will help to make the case for a new high seas protected area.\"},{\"@type\":\"BreadcrumbList\",\"@id\":\"https:\/\/www.greenpeace.org\/usa\/ways-to-give\/#breadcrumb\",\"itemListElement\":[{\"@type\":\"ListItem\",\"position\":1,\"name\":\"Home\",\"item\":\"https:\/\/www.greenpeace.org\/usa\/\"},{\"@type\":\"ListItem\",\"position\":2,\"name\":\"Ways to Give\"}]},{\"@type\":\"WebSite\",\"@id\":\"https:\/\/www.greenpeace.org\/usa\/#website\",\"url\":\"https:\/\/www.greenpeace.org\/usa\/\",\"name\":\"Greenpeace USA\",\"description\":\"Greenpeace\",\"publisher\":{\"@id\":\"https:\/\/www.greenpeace.org\/usa\/#organization\"},\"potentialAction\":[{\"@type\":\"SearchAction\",\"target\":{\"@type\":\"EntryPoint\",\"urlTemplate\":\"https:\/\/www.greenpeace.org\/usa\/?s={search_term_string}\"},\"query-input\":{\"@type\":\"PropertyValueSpecification\",\"valueRequired\":true,\"valueName\":\"search_term_string\"}}],\"inLanguage\":\"en-US\"},{\"@type\":\"Organization\",\"@id\":\"https:\/\/www.greenpeace.org\/usa\/#organization\",\"name\":\"Greenpeace USA\",\"url\":\"https:\/\/www.greenpeace.org\/usa\/\",\"logo\":{\"@type\":\"ImageObject\",\"inLanguage\":\"en-US\",\"@id\":\"https:\/\/www.greenpeace.org\/usa\/#\/schema\/logo\/image\/\",\"url\":\"https:\/\/www.greenpeace.org\/static\/planet4-usa-stateless\/2024\/11\/cd951b96-greenpeace-logo-1.png\",\"contentUrl\":\"https:\/\/www.greenpeace.org\/static\/planet4-usa-stateless\/2024\/11\/cd951b96-greenpeace-logo-1.png\",\"width\":299,\"height\":51,\"caption\":\"Greenpeace USA\"},\"image\":{\"@id\":\"https:\/\/www.greenpeace.org\/usa\/#\/schema\/logo\/image\/\"},\"sameAs\":[\"https:\/\/www.facebook.com\/greenpeaceusa\",\"https:\/\/x.com\/greenpeaceusa\",\"https:\/\/www.instagram.com\/greenpeaceusa\/\"],\"description\":\"Greenpeace USA is committed to transforming the country\u2019s unjust social, environmental, and economic systems from the ground up to address the climate crisis, safeguard our planet for future generations, advance racial justice, and build an economy that puts people over profits.\",\"email\":\"connect@greenpeace.us\",\"telephone\":\"1-800-722-6995\"}]}<\/script>\n<!-- \/ Yoast SEO Premium plugin. -->","yoast_head_json":{"title":"Ways to Give - Greenpeace","robots":{"index":"index","follow":"follow","max-snippet":"max-snippet:-1","max-image-preview":"max-image-preview:large","max-video-preview":"max-video-preview:-1"},"canonical":"https:\/\/www.greenpeace.org\/usa\/ways-to-give\/","og_locale":"en_US","og_type":"article","og_title":"Ways to Give","og_description":"From elementary school students making their first charitable donation to individuals wanting to leave a legacy for the planet in their estate plans, Greenpeace offers a variety of ways for you to contribute to the creation of a green, just, and peaceful future.&nbsp; Greenpeace USA is registered with the Internal Revenue Service as a 501(c)(4) [&hellip;]","og_url":"https:\/\/www.greenpeace.org\/usa\/ways-to-give\/","og_site_name":"Greenpeace","article_publisher":"https:\/\/www.facebook.com\/greenpeaceusa","article_modified_time":"2024-12-04T20:08:56+00:00","og_image":[{"width":1200,"height":800,"url":"https:\/\/www.greenpeace.org\/static\/planet4-usa-stateless\/2024\/11\/c65bfefd-gp0stznha.jpg","type":"image\/jpeg"}],"twitter_card":"summary_large_image","twitter_site":"@greenpeaceusa","twitter_misc":{"Est. reading time":"2 minutes"},"schema":{"@context":"https:\/\/schema.org","@graph":[{"@type":"WebPage","@id":"https:\/\/www.greenpeace.org\/usa\/ways-to-give\/","url":"https:\/\/www.greenpeace.org\/usa\/ways-to-give\/","name":"Ways to Give - Greenpeace","isPartOf":{"@id":"https:\/\/www.greenpeace.org\/usa\/#website"},"primaryImageOfPage":{"@id":"https:\/\/www.greenpeace.org\/usa\/ways-to-give\/#primaryimage"},"image":{"@id":"https:\/\/www.greenpeace.org\/usa\/ways-to-give\/#primaryimage"},"thumbnailUrl":"https:\/\/www.greenpeace.org\/static\/planet4-usa-stateless\/2024\/11\/c65bfefd-gp0stznha.jpg","datePublished":"2024-11-07T22:02:50+00:00","dateModified":"2024-12-04T20:08:56+00:00","breadcrumb":{"@id":"https:\/\/www.greenpeace.org\/usa\/ways-to-give\/#breadcrumb"},"inLanguage":"en-US","potentialAction":[{"@type":"ReadAction","target":["https:\/\/www.greenpeace.org\/usa\/ways-to-give\/"]}]},{"@type":"ImageObject","inLanguage":"en-US","@id":"https:\/\/www.greenpeace.org\/usa\/ways-to-give\/#primaryimage","url":"https:\/\/www.greenpeace.org\/static\/planet4-usa-stateless\/2024\/11\/c65bfefd-gp0stznha.jpg","contentUrl":"https:\/\/www.greenpeace.org\/static\/planet4-usa-stateless\/2024\/11\/c65bfefd-gp0stznha.jpg","width":1200,"height":800,"caption":"Crew on board the Arctic Sunrise in the Pacific Ocean, between Gal\u00e1pagos and Ecuador. The Arctic Sunrise is on a six-week expedition around the Gal\u00e1pagos islands, with scientists from the Jocotoco Conservation Foundation, the Charles Darwin Foundation, the Gal\u00e1pagos Science Center, MigraMar and Gal\u00e1pagos park rangers. The expedition will showcase the power of marine protection by documenting the success of the Gal\u00e1pagos Marine Reserve through the incredible wildlife and habitats of the sea near the Gal\u00e1pagos. Data collected during the expedition will help to make the case for a new high seas protected area."},{"@type":"BreadcrumbList","@id":"https:\/\/www.greenpeace.org\/usa\/ways-to-give\/#breadcrumb","itemListElement":[{"@type":"ListItem","position":1,"name":"Home","item":"https:\/\/www.greenpeace.org\/usa\/"},{"@type":"ListItem","position":2,"name":"Ways to Give"}]},{"@type":"WebSite","@id":"https:\/\/www.greenpeace.org\/usa\/#website","url":"https:\/\/www.greenpeace.org\/usa\/","name":"Greenpeace USA","description":"Greenpeace","publisher":{"@id":"https:\/\/www.greenpeace.org\/usa\/#organization"},"potentialAction":[{"@type":"SearchAction","target":{"@type":"EntryPoint","urlTemplate":"https:\/\/www.greenpeace.org\/usa\/?s={search_term_string}"},"query-input":{"@type":"PropertyValueSpecification","valueRequired":true,"valueName":"search_term_string"}}],"inLanguage":"en-US"},{"@type":"Organization","@id":"https:\/\/www.greenpeace.org\/usa\/#organization","name":"Greenpeace USA","url":"https:\/\/www.greenpeace.org\/usa\/","logo":{"@type":"ImageObject","inLanguage":"en-US","@id":"https:\/\/www.greenpeace.org\/usa\/#\/schema\/logo\/image\/","url":"https:\/\/www.greenpeace.org\/static\/planet4-usa-stateless\/2024\/11\/cd951b96-greenpeace-logo-1.png","contentUrl":"https:\/\/www.greenpeace.org\/static\/planet4-usa-stateless\/2024\/11\/cd951b96-greenpeace-logo-1.png","width":299,"height":51,"caption":"Greenpeace USA"},"image":{"@id":"https:\/\/www.greenpeace.org\/usa\/#\/schema\/logo\/image\/"},"sameAs":["https:\/\/www.facebook.com\/greenpeaceusa","https:\/\/x.com\/greenpeaceusa","https:\/\/www.instagram.com\/greenpeaceusa\/"],"description":"Greenpeace USA is committed to transforming the country\u2019s unjust social, environmental, and economic systems from the ground up to address the climate crisis, safeguard our planet for future generations, advance racial justice, and build an economy that puts people over profits.","email":"connect@greenpeace.us","telephone":"1-800-722-6995"}]}},"_links":{"self":[{"href":"https:\/\/www.greenpeace.org\/usa\/wp-json\/wp\/v2\/pages\/1420","targetHints":{"allow":["GET"]}}],"collection":[{"href":"https:\/\/www.greenpeace.org\/usa\/wp-json\/wp\/v2\/pages"}],"about":[{"href":"https:\/\/www.greenpeace.org\/usa\/wp-json\/wp\/v2\/types\/page"}],"author":[{"embeddable":true,"href":"https:\/\/www.greenpeace.org\/usa\/wp-json\/wp\/v2\/users\/102"}],"replies":[{"embeddable":true,"href":"https:\/\/www.greenpeace.org\/usa\/wp-json\/wp\/v2\/comments?post=1420"}],"version-history":[{"count":7,"href":"https:\/\/www.greenpeace.org\/usa\/wp-json\/wp\/v2\/pages\/1420\/revisions"}],"predecessor-version":[{"id":11586,"href":"https:\/\/www.greenpeace.org\/usa\/wp-json\/wp\/v2\/pages\/1420\/revisions\/11586"}],"wp:featuredmedia":[{"embeddable":true,"href":"https:\/\/www.greenpeace.org\/usa\/wp-json\/wp\/v2\/media\/1422"}],"wp:attachment":[{"href":"https:\/\/www.greenpeace.org\/usa\/wp-json\/wp\/v2\/media?parent=1420"}],"wp:term":[{"taxonomy":"category","embeddable":true,"href":"https:\/\/www.greenpeace.org\/usa\/wp-json\/wp\/v2\/categories?post=1420"},{"taxonomy":"post_tag","embeddable":true,"href":"https:\/\/www.greenpeace.org\/usa\/wp-json\/wp\/v2\/tags?post=1420"}],"curies":[{"name":"wp","href":"https:\/\/api.w.org\/{rel}","templated":true}]}}