{"id":4552,"date":"2022-02-28T00:00:00","date_gmt":"2022-02-28T00:00:00","guid":{"rendered":"http:\/\/www-prod.greenpeace.org\/usa\/ca-neighborhood-drilling\/"},"modified":"2024-11-22T15:26:05","modified_gmt":"2024-11-22T15:26:05","slug":"ca-neighborhood-drilling","status":"publish","type":"page","link":"https:\/\/www.greenpeace.org\/usa\/ca-neighborhood-drilling\/","title":{"rendered":"Harmful Neighborhood Drilling in California"},"content":{"rendered":"\n\n<div class=\"wp-block-group alignfull is-layout-flow wp-block-group-is-layout-flow\">\n<div class=\"wp-block-group container is-layout-flow wp-block-group-is-layout-flow\">\n<div class=\"wp-block-media-text alignfull is-stacked-on-mobile is-pattern-p4-page-header is-style-parallax\"><figure class=\"wp-block-media-text__media\"><img loading=\"lazy\" decoding=\"async\" width=\"800\" height=\"533\" src=\"https:\/\/www.greenpeace.org\/static\/planet4-usa-stateless\/2024\/11\/0dc508f2-gp1swqbb_web_size_with_credit_line.jpg\" alt=\"\" sizes=\"auto, (min-width: 601px) 50vw, 100vw\" srcset=\"https:\/\/www.greenpeace.org\/static\/planet4-usa-stateless\/2024\/11\/0dc508f2-gp1swqbb_web_size_with_credit_line.jpg 800w, https:\/\/www.greenpeace.org\/static\/planet4-usa-stateless\/2024\/11\/0dc508f2-gp1swqbb_web_size_with_credit_line-300x200.jpg 300w, https:\/\/www.greenpeace.org\/static\/planet4-usa-stateless\/2024\/11\/0dc508f2-gp1swqbb_web_size_with_credit_line-768x512.jpg 768w, https:\/\/www.greenpeace.org\/static\/planet4-usa-stateless\/2024\/11\/0dc508f2-gp1swqbb_web_size_with_credit_line-510x340.jpg 510w\" class=\"wp-image-5670 size-full\"\/><\/figure><div class=\"wp-block-media-text__content\">\n<div class=\"wp-block-group is-layout-flow wp-block-group-is-layout-flow\">\n<h1 class=\"wp-block-heading has-white-background-color has-background\">Harmful Neighborhood Drilling in California<\/h1>\n<\/div>\n\n\n\n<p style=\"font-size:1.25rem\">Are you living near an oil and gas well?<\/p>\n\n\n\n<div class=\"wp-block-buttons is-layout-flex wp-block-buttons-is-layout-flex\">\n<div class=\"wp-block-button is-style-cta\"><a class=\"wp-block-button__link wp-element-button\" href=\"https:\/\/engage.us.greenpeace.org\/IfrkW277Bkye6l3hz3emCA2?utm_source=website&amp;utm_medium=actioncard&amp;utm_campaign=calgem_enforce_laws&amp;sourceid=1019412\" target=\"_blank\" rel=\"noreferrer noopener\">Demand action<\/a><\/div>\n<\/div>\n<\/div><\/div>\n<\/div>\n<\/div>\n\n\n<h2 class=\"wp-block-heading\"><strong>Are you one of the millions of Californians living less than half a mile from an oil and gas well?<\/strong><\/h2>\n\n<p><strong><em><a href=\"https:\/\/www.vision-ca.org\/es\/\">Para obtener m\u00e1s informaci\u00f3n sobre la perforaci\u00f3n en el vecindario >><\/a><\/em><\/strong><\/p>\n\n<p>For years, public health experts have known that living, working, or playing near oil and gas drilling can be linked to a host of harmful health impacts including asthma, respiratory diseases, preterm births, and even cancer.<\/p>\n\n<p><strong>Use this interactive map to see if you live near toxic drilling.<\/strong><\/p>\n\n<iframe loading=\"lazy\" title=\"California Oil Wells\" src=\"https:\/\/arcgis.com\/apps\/webappviewer\/index.html?id=a153cd002f8f49b3a456ddbbed35f082\" width=\"500\" height=\"400\" frameborder=\"0\" marginwidth=\"0\" marginheight=\"0\" scrolling=\"no\"><\/iframe>\n\n<hr class=\"wp-block-separator has-alpha-channel-opacity\"\/>\n\n<h2 class=\"wp-block-heading\"><strong>Health Impacts from Oil and Gas Drilling<\/strong><\/h2>\n\n<figure class=\"wp-block-image aligncenter size-full\"><img loading=\"lazy\" decoding=\"async\" width=\"800\" height=\"533\" src=\"https:\/\/www.greenpeace.org\/static\/planet4-usa-stateless\/2024\/11\/92497a33-gp1swqb8_web_size_with_credit_line.jpg\" alt=\"\" class=\"wp-image-5669\" srcset=\"https:\/\/www.greenpeace.org\/static\/planet4-usa-stateless\/2024\/11\/92497a33-gp1swqb8_web_size_with_credit_line.jpg 800w, https:\/\/www.greenpeace.org\/static\/planet4-usa-stateless\/2024\/11\/92497a33-gp1swqb8_web_size_with_credit_line-300x200.jpg 300w, https:\/\/www.greenpeace.org\/static\/planet4-usa-stateless\/2024\/11\/92497a33-gp1swqb8_web_size_with_credit_line-768x512.jpg 768w, https:\/\/www.greenpeace.org\/static\/planet4-usa-stateless\/2024\/11\/92497a33-gp1swqb8_web_size_with_credit_line-510x340.jpg 510w\" sizes=\"auto, (max-width: 800px) 100vw, 800px\" \/><\/figure>\n\n<p>While California is known for its natural beauty and environmental protection, it is also home to a toxic legacy of oil and gas. For decades, cheap oil fueled the California economy but it came with a huge cost. Even when operating by the book, oil and gas wells can leak volatile organic compounds, particulate matter, and a toxic cocktail of chemicals \u2014 all harmful to human health.<\/p>\n\n<p><strong>That is why for years, studies have confirmed that being near oil and gas wells is linked to increased risk of numerous diseases and ailments, including respiratory problems and cancer. And our most vulnerable family members \u2014 children, elderly, and pregnant people \u2014 are the ones most at risk.&nbsp;<\/strong><\/p>\n\n<p>Too many Californians are not aware of this toxic threat while more than 2 million live within half a mile from it \u2014 the vast majority of whom are low-income, Black, Brown, Indigenous, and immigrant. This disproportionate impact from the extraction of oil and gas is ongoing <a href=\"https:\/\/www.greenpeace.org\/usa\/reports\/fossil-fuel-racism\/\">environmental racism<\/a> in California.<\/p>\n\n<p>But that\u2019s not all. Too often when oil companies are done sucking up the last drops of oil, they simply walk away, leaving behind rusting idle wells littered across the state that also leak toxic emissions. Today, California has approximately 40,000 idle wells and too little accountability to ensure oil companies clean up the mess anytime soon.<\/p>\n\n<h2 class=\"wp-block-heading\"><strong>Solutions Are Within Reach<\/strong><\/h2>\n\n<figure class=\"wp-block-image aligncenter size-full\"><img loading=\"lazy\" decoding=\"async\" width=\"800\" height=\"533\" src=\"https:\/\/www.greenpeace.org\/static\/planet4-usa-stateless\/2024\/11\/31ad0158-gp1svze8_web_size_with_credit_line.jpg\" alt=\"\" class=\"wp-image-5671\" srcset=\"https:\/\/www.greenpeace.org\/static\/planet4-usa-stateless\/2024\/11\/31ad0158-gp1svze8_web_size_with_credit_line.jpg 800w, https:\/\/www.greenpeace.org\/static\/planet4-usa-stateless\/2024\/11\/31ad0158-gp1svze8_web_size_with_credit_line-300x200.jpg 300w, https:\/\/www.greenpeace.org\/static\/planet4-usa-stateless\/2024\/11\/31ad0158-gp1svze8_web_size_with_credit_line-768x512.jpg 768w, https:\/\/www.greenpeace.org\/static\/planet4-usa-stateless\/2024\/11\/31ad0158-gp1svze8_web_size_with_credit_line-510x340.jpg 510w\" sizes=\"auto, (max-width: 800px) 100vw, 800px\" \/><\/figure>\n\n<p>Californians should not be forced to live and work near oil drilling, nor should we be responsible for cleaning up the century of mess left by companies who have simply walked away.<\/p>\n\n<p>For more than a decade, environmental justice organizations and coalitions in California,&nbsp; including Greenpeace USA, have been bringing frontline communities together and demanding that lawmakers deliver commonsense public health protections from oil and gas drilling, as well as accountability for oil and gas companies formerly or presently doing business in California.&nbsp;<\/p>\n\n<p>Progress has been painstakingly slow, but there is movement.&nbsp;<\/p>\n\n<ul class=\"wp-block-list\">\n<li>In September 2022, Governor Newsom signed into law Senate Bill 1137, a bill that prevents permits from being issued to drill new oil and gas wells and rework existing wells within 3,200 feet of where people live, work, and play, as well as establishes pollution controls and safety measures designed to reduce harm.<\/li>\n\n\n\n<li>In 2023, California regulators only approved 25 permits for new oil and gas wells in California \u2014 a more than 95% drop from previous years.&nbsp;<\/li>\n\n\n\n<li>Also in 2023, Attorney General Bonta and Governor Newsom sued the largest oil companies in the world for the decades of lies and deception and for the damages that the climate crisis has cost the state.<\/li>\n\n\n\n<li>Additionally in 2023, Governor Newsom signed into law Assembly Bill 1167, a bill that closes a loophole that frequently allows companies to own idle wells and avoid paying to clean them up. Now oil companies taking new ownership of existing wells in California have to post a bond covering the full price to eventually plug and remediate the wells.&nbsp;<\/li>\n\n\n\n<li>In 2024, two bills were introduced in the California Legislature: Assembly Bill 1866 to speed up the plugging and remediation of idle wells across the state and Assembly Bill 1497 focused on Big Oil paying for proven climate damage and offering direct funds to communities hit hardest by the climate crisis.<\/li>\n<\/ul>\n\n<p>All huge steps. All reason to keep pushing forward and demanding change. But with oil and gas lobbyists doing whatever they can to weaken (and even roll back) any protections, there is still much to be done to ensure California enforces these laws and puts policies in place where people are valued above profits.&nbsp;&nbsp;<\/p>\n","protected":false},"excerpt":{"rendered":"<p>Are you one of the millions of Californians living less than half a mile from an oil and gas well? Para obtener m\u00e1s informaci\u00f3n sobre la perforaci\u00f3n en el vecindario >> For years, public health experts have known that living, working, or playing near oil and gas drilling can be linked to a host of [&hellip;]<\/p>\n","protected":false},"author":1,"featured_media":5670,"parent":0,"menu_order":0,"comment_status":"closed","ping_status":"closed","template":"","meta":{"om_disable_all_campaigns":false,"ep_exclude_from_search":false,"p4_hide_page_title_checkbox":"on","p4_title":"","p4_subtitle":"","p4_description":"","background_image_id":"","background_image":"","p4_button_title":"","p4_button_link":"","p4_button_link_checkbox":"","p4_og_title":"","p4_og_description":"","p4_og_image":"","p4_og_image_id":"","p4_seo_canonical_url":"","p4_campaign_name":"","p4_local_project":"","p4_basket_name":"","p4_department":"","footnotes":""},"categories":[210],"tags":[6,56,146],"class_list":["post-4552","page","type-page","status-publish","has-post-thumbnail","hentry","category-ca-climate-campaign","tag-climate","tag-california","tag-oil-drilling"],"yoast_head":"<!-- This site is optimized with the Yoast SEO Premium plugin v23.9 (Yoast SEO v23.9) - https:\/\/yoast.com\/wordpress\/plugins\/seo\/ -->\n<title>Harmful Neighborhood Drilling in California - Greenpeace<\/title>\n<meta name=\"robots\" content=\"index, follow, max-snippet:-1, max-image-preview:large, max-video-preview:-1\" \/>\n<link rel=\"canonical\" href=\"https:\/\/www.greenpeace.org\/usa\/ca-neighborhood-drilling\/\" \/>\n<meta property=\"og:locale\" content=\"en_US\" \/>\n<meta property=\"og:type\" content=\"article\" \/>\n<meta property=\"og:title\" content=\"Harmful Neighborhood Drilling in California\" \/>\n<meta property=\"og:description\" content=\"Are you one of the millions of Californians living less than half a mile from an oil and gas well? Para obtener m\u00e1s informaci\u00f3n sobre la perforaci\u00f3n en el vecindario &gt;&gt; For years, public health experts have known that living, working, or playing near oil and gas drilling can be linked to a host of [&hellip;]\" \/>\n<meta property=\"og:url\" content=\"https:\/\/www.greenpeace.org\/usa\/ca-neighborhood-drilling\/\" \/>\n<meta property=\"og:site_name\" content=\"Greenpeace\" \/>\n<meta property=\"article:publisher\" content=\"https:\/\/www.facebook.com\/greenpeaceusa\" \/>\n<meta property=\"article:modified_time\" content=\"2024-11-22T15:26:05+00:00\" \/>\n<meta property=\"og:image\" content=\"https:\/\/www.greenpeace.org\/static\/planet4-usa-stateless\/2024\/11\/0dc508f2-gp1swqbb_web_size_with_credit_line.jpg\" \/>\n\t<meta property=\"og:image:width\" content=\"800\" \/>\n\t<meta property=\"og:image:height\" content=\"533\" \/>\n\t<meta property=\"og:image:type\" content=\"image\/jpeg\" \/>\n<meta name=\"twitter:card\" content=\"summary_large_image\" \/>\n<meta name=\"twitter:site\" content=\"@greenpeaceusa\" \/>\n<meta name=\"twitter:label1\" content=\"Est. reading time\" \/>\n\t<meta name=\"twitter:data1\" content=\"3 minutes\" \/>\n<script type=\"application\/ld+json\" class=\"yoast-schema-graph\">{\"@context\":\"https:\/\/schema.org\",\"@graph\":[{\"@type\":\"WebPage\",\"@id\":\"https:\/\/www.greenpeace.org\/usa\/ca-neighborhood-drilling\/\",\"url\":\"https:\/\/www.greenpeace.org\/usa\/ca-neighborhood-drilling\/\",\"name\":\"Harmful Neighborhood Drilling in California - Greenpeace\",\"isPartOf\":{\"@id\":\"https:\/\/www.greenpeace.org\/usa\/#website\"},\"primaryImageOfPage\":{\"@id\":\"https:\/\/www.greenpeace.org\/usa\/ca-neighborhood-drilling\/#primaryimage\"},\"image\":{\"@id\":\"https:\/\/www.greenpeace.org\/usa\/ca-neighborhood-drilling\/#primaryimage\"},\"thumbnailUrl\":\"https:\/\/www.greenpeace.org\/static\/planet4-usa-stateless\/2024\/11\/0dc508f2-gp1swqbb_web_size_with_credit_line.jpg\",\"datePublished\":\"2022-02-28T00:00:00+00:00\",\"dateModified\":\"2024-11-22T15:26:05+00:00\",\"breadcrumb\":{\"@id\":\"https:\/\/www.greenpeace.org\/usa\/ca-neighborhood-drilling\/#breadcrumb\"},\"inLanguage\":\"en-US\",\"potentialAction\":[{\"@type\":\"ReadAction\",\"target\":[\"https:\/\/www.greenpeace.org\/usa\/ca-neighborhood-drilling\/\"]}]},{\"@type\":\"ImageObject\",\"inLanguage\":\"en-US\",\"@id\":\"https:\/\/www.greenpeace.org\/usa\/ca-neighborhood-drilling\/#primaryimage\",\"url\":\"https:\/\/www.greenpeace.org\/static\/planet4-usa-stateless\/2024\/11\/0dc508f2-gp1swqbb_web_size_with_credit_line.jpg\",\"contentUrl\":\"https:\/\/www.greenpeace.org\/static\/planet4-usa-stateless\/2024\/11\/0dc508f2-gp1swqbb_web_size_with_credit_line.jpg\",\"width\":800,\"height\":533},{\"@type\":\"BreadcrumbList\",\"@id\":\"https:\/\/www.greenpeace.org\/usa\/ca-neighborhood-drilling\/#breadcrumb\",\"itemListElement\":[{\"@type\":\"ListItem\",\"position\":1,\"name\":\"Home\",\"item\":\"http:\/\/www.greenpeace.org\/usa\/\"},{\"@type\":\"ListItem\",\"position\":2,\"name\":\"Harmful Neighborhood Drilling in California\"}]},{\"@type\":\"WebSite\",\"@id\":\"https:\/\/www.greenpeace.org\/usa\/#website\",\"url\":\"https:\/\/www.greenpeace.org\/usa\/\",\"name\":\"Greenpeace USA\",\"description\":\"Greenpeace\",\"publisher\":{\"@id\":\"https:\/\/www.greenpeace.org\/usa\/#organization\"},\"potentialAction\":[{\"@type\":\"SearchAction\",\"target\":{\"@type\":\"EntryPoint\",\"urlTemplate\":\"https:\/\/www.greenpeace.org\/usa\/?s={search_term_string}\"},\"query-input\":{\"@type\":\"PropertyValueSpecification\",\"valueRequired\":true,\"valueName\":\"search_term_string\"}}],\"inLanguage\":\"en-US\"},{\"@type\":\"Organization\",\"@id\":\"https:\/\/www.greenpeace.org\/usa\/#organization\",\"name\":\"Greenpeace USA\",\"url\":\"https:\/\/www.greenpeace.org\/usa\/\",\"logo\":{\"@type\":\"ImageObject\",\"inLanguage\":\"en-US\",\"@id\":\"https:\/\/www.greenpeace.org\/usa\/#\/schema\/logo\/image\/\",\"url\":\"https:\/\/www.greenpeace.org\/static\/planet4-usa-stateless\/2024\/11\/cd951b96-greenpeace-logo-1.png\",\"contentUrl\":\"https:\/\/www.greenpeace.org\/static\/planet4-usa-stateless\/2024\/11\/cd951b96-greenpeace-logo-1.png\",\"width\":299,\"height\":51,\"caption\":\"Greenpeace USA\"},\"image\":{\"@id\":\"https:\/\/www.greenpeace.org\/usa\/#\/schema\/logo\/image\/\"},\"sameAs\":[\"https:\/\/www.facebook.com\/greenpeaceusa\",\"https:\/\/x.com\/greenpeaceusa\",\"https:\/\/www.instagram.com\/greenpeaceusa\/\"],\"description\":\"Greenpeace USA is committed to transforming the country\u2019s unjust social, environmental, and economic systems from the ground up to address the climate crisis, safeguard our planet for future generations, advance racial justice, and build an economy that puts people over profits.\",\"email\":\"connect@greenpeace.us\",\"telephone\":\"1-800-722-6995\"}]}<\/script>\n<!-- \/ Yoast SEO Premium plugin. -->","yoast_head_json":{"title":"Harmful Neighborhood Drilling in California - Greenpeace","robots":{"index":"index","follow":"follow","max-snippet":"max-snippet:-1","max-image-preview":"max-image-preview:large","max-video-preview":"max-video-preview:-1"},"canonical":"https:\/\/www.greenpeace.org\/usa\/ca-neighborhood-drilling\/","og_locale":"en_US","og_type":"article","og_title":"Harmful Neighborhood Drilling in California","og_description":"Are you one of the millions of Californians living less than half a mile from an oil and gas well? Para obtener m\u00e1s informaci\u00f3n sobre la perforaci\u00f3n en el vecindario >> For years, public health experts have known that living, working, or playing near oil and gas drilling can be linked to a host of [&hellip;]","og_url":"https:\/\/www.greenpeace.org\/usa\/ca-neighborhood-drilling\/","og_site_name":"Greenpeace","article_publisher":"https:\/\/www.facebook.com\/greenpeaceusa","article_modified_time":"2024-11-22T15:26:05+00:00","og_image":[{"width":800,"height":533,"url":"https:\/\/www.greenpeace.org\/static\/planet4-usa-stateless\/2024\/11\/0dc508f2-gp1swqbb_web_size_with_credit_line.jpg","type":"image\/jpeg"}],"twitter_card":"summary_large_image","twitter_site":"@greenpeaceusa","twitter_misc":{"Est. reading time":"3 minutes"},"schema":{"@context":"https:\/\/schema.org","@graph":[{"@type":"WebPage","@id":"https:\/\/www.greenpeace.org\/usa\/ca-neighborhood-drilling\/","url":"https:\/\/www.greenpeace.org\/usa\/ca-neighborhood-drilling\/","name":"Harmful Neighborhood Drilling in California - Greenpeace","isPartOf":{"@id":"https:\/\/www.greenpeace.org\/usa\/#website"},"primaryImageOfPage":{"@id":"https:\/\/www.greenpeace.org\/usa\/ca-neighborhood-drilling\/#primaryimage"},"image":{"@id":"https:\/\/www.greenpeace.org\/usa\/ca-neighborhood-drilling\/#primaryimage"},"thumbnailUrl":"https:\/\/www.greenpeace.org\/static\/planet4-usa-stateless\/2024\/11\/0dc508f2-gp1swqbb_web_size_with_credit_line.jpg","datePublished":"2022-02-28T00:00:00+00:00","dateModified":"2024-11-22T15:26:05+00:00","breadcrumb":{"@id":"https:\/\/www.greenpeace.org\/usa\/ca-neighborhood-drilling\/#breadcrumb"},"inLanguage":"en-US","potentialAction":[{"@type":"ReadAction","target":["https:\/\/www.greenpeace.org\/usa\/ca-neighborhood-drilling\/"]}]},{"@type":"ImageObject","inLanguage":"en-US","@id":"https:\/\/www.greenpeace.org\/usa\/ca-neighborhood-drilling\/#primaryimage","url":"https:\/\/www.greenpeace.org\/static\/planet4-usa-stateless\/2024\/11\/0dc508f2-gp1swqbb_web_size_with_credit_line.jpg","contentUrl":"https:\/\/www.greenpeace.org\/static\/planet4-usa-stateless\/2024\/11\/0dc508f2-gp1swqbb_web_size_with_credit_line.jpg","width":800,"height":533},{"@type":"BreadcrumbList","@id":"https:\/\/www.greenpeace.org\/usa\/ca-neighborhood-drilling\/#breadcrumb","itemListElement":[{"@type":"ListItem","position":1,"name":"Home","item":"http:\/\/www.greenpeace.org\/usa\/"},{"@type":"ListItem","position":2,"name":"Harmful Neighborhood Drilling in California"}]},{"@type":"WebSite","@id":"https:\/\/www.greenpeace.org\/usa\/#website","url":"https:\/\/www.greenpeace.org\/usa\/","name":"Greenpeace USA","description":"Greenpeace","publisher":{"@id":"https:\/\/www.greenpeace.org\/usa\/#organization"},"potentialAction":[{"@type":"SearchAction","target":{"@type":"EntryPoint","urlTemplate":"https:\/\/www.greenpeace.org\/usa\/?s={search_term_string}"},"query-input":{"@type":"PropertyValueSpecification","valueRequired":true,"valueName":"search_term_string"}}],"inLanguage":"en-US"},{"@type":"Organization","@id":"https:\/\/www.greenpeace.org\/usa\/#organization","name":"Greenpeace USA","url":"https:\/\/www.greenpeace.org\/usa\/","logo":{"@type":"ImageObject","inLanguage":"en-US","@id":"https:\/\/www.greenpeace.org\/usa\/#\/schema\/logo\/image\/","url":"https:\/\/www.greenpeace.org\/static\/planet4-usa-stateless\/2024\/11\/cd951b96-greenpeace-logo-1.png","contentUrl":"https:\/\/www.greenpeace.org\/static\/planet4-usa-stateless\/2024\/11\/cd951b96-greenpeace-logo-1.png","width":299,"height":51,"caption":"Greenpeace USA"},"image":{"@id":"https:\/\/www.greenpeace.org\/usa\/#\/schema\/logo\/image\/"},"sameAs":["https:\/\/www.facebook.com\/greenpeaceusa","https:\/\/x.com\/greenpeaceusa","https:\/\/www.instagram.com\/greenpeaceusa\/"],"description":"Greenpeace USA is committed to transforming the country\u2019s unjust social, environmental, and economic systems from the ground up to address the climate crisis, safeguard our planet for future generations, advance racial justice, and build an economy that puts people over profits.","email":"connect@greenpeace.us","telephone":"1-800-722-6995"}]}},"_links":{"self":[{"href":"https:\/\/www.greenpeace.org\/usa\/wp-json\/wp\/v2\/pages\/4552","targetHints":{"allow":["GET"]}}],"collection":[{"href":"https:\/\/www.greenpeace.org\/usa\/wp-json\/wp\/v2\/pages"}],"about":[{"href":"https:\/\/www.greenpeace.org\/usa\/wp-json\/wp\/v2\/types\/page"}],"author":[{"embeddable":true,"href":"https:\/\/www.greenpeace.org\/usa\/wp-json\/wp\/v2\/users\/1"}],"replies":[{"embeddable":true,"href":"https:\/\/www.greenpeace.org\/usa\/wp-json\/wp\/v2\/comments?post=4552"}],"version-history":[{"count":4,"href":"https:\/\/www.greenpeace.org\/usa\/wp-json\/wp\/v2\/pages\/4552\/revisions"}],"predecessor-version":[{"id":11379,"href":"https:\/\/www.greenpeace.org\/usa\/wp-json\/wp\/v2\/pages\/4552\/revisions\/11379"}],"wp:featuredmedia":[{"embeddable":true,"href":"https:\/\/www.greenpeace.org\/usa\/wp-json\/wp\/v2\/media\/5670"}],"wp:attachment":[{"href":"https:\/\/www.greenpeace.org\/usa\/wp-json\/wp\/v2\/media?parent=4552"}],"wp:term":[{"taxonomy":"category","embeddable":true,"href":"https:\/\/www.greenpeace.org\/usa\/wp-json\/wp\/v2\/categories?post=4552"},{"taxonomy":"post_tag","embeddable":true,"href":"https:\/\/www.greenpeace.org\/usa\/wp-json\/wp\/v2\/tags?post=4552"}],"curies":[{"name":"wp","href":"https:\/\/api.w.org\/{rel}","templated":true}]}}