{"id":4622,"date":"2019-08-20T00:00:00","date_gmt":"2019-08-20T00:00:00","guid":{"rendered":"http:\/\/www-prod.greenpeace.org\/usa\/hasta-el-triangulo-de-las-bermudas-tiene-un-problema-con-el-plastico\/"},"modified":"2024-11-20T20:42:17","modified_gmt":"2024-11-20T20:42:17","slug":"hasta-el-triangulo-de-las-bermudas-tiene-un-problema-con-el-plastico","status":"publish","type":"page","link":"https:\/\/www.greenpeace.org\/usa\/hasta-el-triangulo-de-las-bermudas-tiene-un-problema-con-el-plastico\/","title":{"rendered":"Hasta el Tri\u00e1ngulo de las Bermudas tiene un problema con el pl\u00e1stico"},"content":{"rendered":"<p><span class='p4descriptive_paragraph'>Nos dirigimos hacia un lugar \u00fanico en mitad del misterioso Tri\u00e1ngulo de las Bermudas, el llamado mar de los Sargazos. Sus aguas son unas de las m\u00e1s cristalinas del planeta y albergan una espectacular variedad de vida, gran parte de la cual no se encuentra en ning\u00fan otro lugar de la Tierra.<\/span><\/p>\n<figure class='wp-block-image size-large p4featured_image'><img src='https:\/\/storage.googleapis.com\/planet4-usa-stateless\/2024\/11\/5b6bd1fb-gettyimages-1136127941-e1590772238304.png' alt='GettyImages-1136127941' \/><figcaption class='wp-element-caption'><\/figcaption><\/figure>\n<lite-youtube style=\"background-image: url('https:\/\/i.ytimg.com\/vi\/uuMD0zH91so\/hqdefault.jpg');\" videoid=\"uuMD0zH91so\" params=\"rel=0\"><\/lite-youtube>\n<p>Pero, por desgracia, el mar de los Sargazos tiene un gran problema: <strong>el pl\u00e1stico.<\/strong> Al igual que la famosa \u201cisla de pl\u00e1sticos\u201d, el mar de los Sargazos est\u00e1 dentro de un giro oce\u00e1nico, lo que significa que est\u00e1 <strong>rodeado de corriente<\/strong>s marinas que se mueven en c\u00edrculos empujando hacia dentro todo lo que se encuentran, como si fuera el interior de un remolino. Este remolino funciona muy bien para mantener dentro el <strong>sargazo<\/strong>, un alga que act\u00faa como vivero para <strong>peces y tortugas beb\u00e9s,<\/strong> dando a la fauna marina un gran empuj\u00f3n al inicio de su vida.<\/p>\n<p>Pero tambi\u00e9n empuja a los pl\u00e1sticos hacia dentro sin dejarlos salir, lo que supone un gran problema para esa misma fauna marina. <strong>Tortugas y ballenas mueren ahogadas tras ingerirlos<\/strong> y los peces acumulan los <strong>t\u00f3xicos de esos pl\u00e1sticos en sus tejidos,<\/strong> pas\u00e1ndolos a trav\u00e9s de la cadena alimentaria hasta llegar de vuelta hasta las personas.<\/p>\n<p><img loading=\"lazy\" decoding=\"async\" class=\"wp-image-73242 size-full\" src=\"https:\/\/www.greenpeace.org\/static\/planet4-usa-stateless\/2024\/11\/4907b0f9-sargasso_wordpress_image-2.jpg\" alt=\"\" width=\"1800\" height=\"1204\" \/><\/p>\n<p>\u00a1Los pl\u00e1sticos est\u00e1n ahogando nuestros oc\u00e9anos! Probablemente lo hayas o\u00eddo millones de veces, \u00bfverdad? Pero lo que quiz\u00e1s no sepas es que, adem\u00e1s de trabajar para solucionar esta crisis desde tierra, estamos tambi\u00e9n buscando la manera de <strong>ayudar a nuestros oc\u00e9anos<\/strong> a hacerle frente. La soluci\u00f3n que proponemos es la creaci\u00f3n de santuarios marinos: lugares especiales, como parques nacionales, que protejan la vida silvestre en los oc\u00e9anos y permitan a los ecosistemas recuperarse primero, para seguir desarroll\u00e1ndose despu\u00e9s.<\/p>\n<p>Y por eso nos hemos embarcado en la que es la expedici\u00f3n m\u00e1s ambiciosa de la historia de Greenpeace para defender la <strong>creaci\u00f3n de estos santuarios ante Naciones Unidas.<\/strong><\/p>\n<p>Hemos puesto <strong>rumbo al mar de los Sargazos<\/strong> a bordo de nuestro barco Esperanza, en un viaje que forma parte del tour \u201cDe Polo a Polo\u201d, para documentar el <strong>impacto de los pl\u00e1sticos en este ecosistema.<\/strong> Vamos a recoger muestras cient\u00edficas que demuestren por qu\u00e9 el mar de los Sargazos es un lugar tan especial y por qu\u00e9 la ONU deber\u00eda protegerlo en el futuro Tratado Global de los Oc\u00e9anos. Adem\u00e1s, creemos que <strong>el mar de los Sargazos deber\u00eda ser uno de los primeros santuarios marinos<\/strong> creados bajo este Tratado, especialmente por el impacto que el pl\u00e1stico tiene en este lugar.<\/p>\n<p>\u00bfY c\u00f3mo funcionar\u00eda esto? Pues los santuarios y los tratados no van a frenar las <strong>corrientes marinas que traen los pl\u00e1sticos\u2026<\/strong> Pero, \u00bfhas tenido alguna vez la gripe? Yo s\u00ed. Y lo peor que puedes hacer cuando est\u00e1s enfermo es hacer cosas que estresen a\u00fan m\u00e1s tu cuerpo. No haces nada que te pueda provocar otra enfermedad porque necesitas descansar.<\/p>\n<p>El medio ambiente funciona igual. Cuando est\u00e1 sometido a estr\u00e9s por la presencia de pl\u00e1sticos o el impacto clim\u00e1tico, lo mejor es protegerlo de otro estr\u00e9s: el que produce la <strong>sobrepesca,<\/strong> el <strong>tr\u00e1fico de grandes buques<\/strong> o la <strong>miner\u00eda en aguas profundas.<\/strong><\/p>\n<p>Si podemos mantener bajo control estos impactos mediante la creaci\u00f3n de un santuario, el \u201csistema inmunol\u00f3gico\u201d del mar de los Sargazos puede lidiar mejor con su gripe: los <strong>pl\u00e1sticos.<\/strong> Por lo menos el tiempo suficiente hasta que podamos responsabilizar a las grandes empresas y poner fin al imprudente uso de los pl\u00e1sticos.<\/p>\n<p>Sigue nuestra expedici\u00f3n y ay\u00fadanos a hacer historia firmando la petici\u00f3n para <a href=\"https:\/\/engage.us.greenpeace.org\/onlineactions\/N6nkVBkCRk67QEeWBjcr5Q2\"><strong>un nuevo Tratado Global de los Oc\u00e9anos<\/strong><\/a> y ayud\u00e1ndonos a hacer presi\u00f3n para que <strong>las grandes empresas dejen de usar pl\u00e1sticos de un solo uso.<\/strong><\/p>\n<p><em>Post por Arlo Hemphill, responsable de la campa\u00f1a de oc\u00e9anos en Greenpeace USA que est\u00e1 a bordo del Esperanza en el mar de los Sargazos.<\/em><\/p>\n","protected":false},"excerpt":{"rendered":"<p>Nos dirigimos hacia un lugar \u00fanico en mitad del misterioso Tri\u00e1ngulo de las Bermudas, el llamado mar de los Sargazos. Sus aguas son unas de las m\u00e1s cristalinas del planeta y albergan una espectacular variedad de vida, gran parte de la cual no se encuentra en ning\u00fan otro lugar de la Tierra. Pero, por desgracia, [&hellip;]<\/p>\n","protected":false},"author":1,"featured_media":5736,"parent":0,"menu_order":0,"comment_status":"closed","ping_status":"closed","template":"","meta":{"om_disable_all_campaigns":false,"ep_exclude_from_search":false,"p4_hide_page_title_checkbox":"","p4_title":"","p4_subtitle":"","p4_description":"","background_image_id":"","background_image":"","p4_button_title":"","p4_button_link":"","p4_button_link_checkbox":"","p4_og_title":"","p4_og_description":"","p4_og_image":"","p4_og_image_id":"","p4_seo_canonical_url":"","p4_campaign_name":"","p4_local_project":"","p4_basket_name":"","p4_department":"","footnotes":""},"categories":[217],"tags":[157,26,202,90],"class_list":["post-4622","page","type-page","status-publish","has-post-thumbnail","hentry","category-plastics-campaign","tag-plastics","tag-oceans","tag-wildlife","tag-esperanza"],"yoast_head":"<!-- This site is optimized with the Yoast SEO Premium plugin v23.9 (Yoast SEO v23.9) - https:\/\/yoast.com\/wordpress\/plugins\/seo\/ -->\n<title>Hasta el Tri\u00e1ngulo de las Bermudas tiene un problema con el pl\u00e1stico - Greenpeace<\/title>\n<meta name=\"robots\" content=\"index, follow, max-snippet:-1, max-image-preview:large, max-video-preview:-1\" \/>\n<link rel=\"canonical\" href=\"https:\/\/www.greenpeace.org\/usa\/hasta-el-triangulo-de-las-bermudas-tiene-un-problema-con-el-plastico\/\" \/>\n<meta property=\"og:locale\" content=\"en_US\" \/>\n<meta property=\"og:type\" content=\"article\" \/>\n<meta property=\"og:title\" content=\"Hasta el Tri\u00e1ngulo de las Bermudas tiene un problema con el pl\u00e1stico\" \/>\n<meta property=\"og:description\" content=\"Nos dirigimos hacia un lugar \u00fanico en mitad del misterioso Tri\u00e1ngulo de las Bermudas, el llamado mar de los Sargazos. Sus aguas son unas de las m\u00e1s cristalinas del planeta y albergan una espectacular variedad de vida, gran parte de la cual no se encuentra en ning\u00fan otro lugar de la Tierra. Pero, por desgracia, [&hellip;]\" \/>\n<meta property=\"og:url\" content=\"https:\/\/www.greenpeace.org\/usa\/hasta-el-triangulo-de-las-bermudas-tiene-un-problema-con-el-plastico\/\" \/>\n<meta property=\"og:site_name\" content=\"Greenpeace\" \/>\n<meta property=\"article:publisher\" content=\"https:\/\/www.facebook.com\/greenpeaceusa\" \/>\n<meta property=\"article:modified_time\" content=\"2024-11-20T20:42:17+00:00\" \/>\n<meta property=\"og:image\" content=\"https:\/\/www.greenpeace.org\/static\/planet4-usa-stateless\/2024\/11\/5b6bd1fb-gettyimages-1136127941-e1590772238304.png\" \/>\n\t<meta property=\"og:image:width\" content=\"1200\" \/>\n\t<meta property=\"og:image:height\" content=\"800\" \/>\n\t<meta property=\"og:image:type\" content=\"image\/png\" \/>\n<meta name=\"twitter:card\" content=\"summary_large_image\" \/>\n<meta name=\"twitter:site\" content=\"@greenpeaceusa\" \/>\n<meta name=\"twitter:label1\" content=\"Est. reading time\" \/>\n\t<meta name=\"twitter:data1\" content=\"3 minutes\" \/>\n<script type=\"application\/ld+json\" class=\"yoast-schema-graph\">{\"@context\":\"https:\/\/schema.org\",\"@graph\":[{\"@type\":\"WebPage\",\"@id\":\"https:\/\/www.greenpeace.org\/usa\/hasta-el-triangulo-de-las-bermudas-tiene-un-problema-con-el-plastico\/\",\"url\":\"https:\/\/www.greenpeace.org\/usa\/hasta-el-triangulo-de-las-bermudas-tiene-un-problema-con-el-plastico\/\",\"name\":\"Hasta el Tri\u00e1ngulo de las Bermudas tiene un problema con el pl\u00e1stico - Greenpeace\",\"isPartOf\":{\"@id\":\"https:\/\/www.greenpeace.org\/usa\/#website\"},\"primaryImageOfPage\":{\"@id\":\"https:\/\/www.greenpeace.org\/usa\/hasta-el-triangulo-de-las-bermudas-tiene-un-problema-con-el-plastico\/#primaryimage\"},\"image\":{\"@id\":\"https:\/\/www.greenpeace.org\/usa\/hasta-el-triangulo-de-las-bermudas-tiene-un-problema-con-el-plastico\/#primaryimage\"},\"thumbnailUrl\":\"https:\/\/www.greenpeace.org\/static\/planet4-usa-stateless\/2024\/11\/5b6bd1fb-gettyimages-1136127941-e1590772238304.png\",\"datePublished\":\"2019-08-20T00:00:00+00:00\",\"dateModified\":\"2024-11-20T20:42:17+00:00\",\"breadcrumb\":{\"@id\":\"https:\/\/www.greenpeace.org\/usa\/hasta-el-triangulo-de-las-bermudas-tiene-un-problema-con-el-plastico\/#breadcrumb\"},\"inLanguage\":\"en-US\",\"potentialAction\":[{\"@type\":\"ReadAction\",\"target\":[\"https:\/\/www.greenpeace.org\/usa\/hasta-el-triangulo-de-las-bermudas-tiene-un-problema-con-el-plastico\/\"]}]},{\"@type\":\"ImageObject\",\"inLanguage\":\"en-US\",\"@id\":\"https:\/\/www.greenpeace.org\/usa\/hasta-el-triangulo-de-las-bermudas-tiene-un-problema-con-el-plastico\/#primaryimage\",\"url\":\"https:\/\/www.greenpeace.org\/static\/planet4-usa-stateless\/2024\/11\/5b6bd1fb-gettyimages-1136127941-e1590772238304.png\",\"contentUrl\":\"https:\/\/www.greenpeace.org\/static\/planet4-usa-stateless\/2024\/11\/5b6bd1fb-gettyimages-1136127941-e1590772238304.png\",\"width\":1200,\"height\":800},{\"@type\":\"BreadcrumbList\",\"@id\":\"https:\/\/www.greenpeace.org\/usa\/hasta-el-triangulo-de-las-bermudas-tiene-un-problema-con-el-plastico\/#breadcrumb\",\"itemListElement\":[{\"@type\":\"ListItem\",\"position\":1,\"name\":\"Home\",\"item\":\"https:\/\/www.greenpeace.org\/usa\/\"},{\"@type\":\"ListItem\",\"position\":2,\"name\":\"Hasta el Tri\u00e1ngulo de las Bermudas tiene un problema con el pl\u00e1stico\"}]},{\"@type\":\"WebSite\",\"@id\":\"https:\/\/www.greenpeace.org\/usa\/#website\",\"url\":\"https:\/\/www.greenpeace.org\/usa\/\",\"name\":\"Greenpeace USA\",\"description\":\"Greenpeace\",\"publisher\":{\"@id\":\"https:\/\/www.greenpeace.org\/usa\/#organization\"},\"potentialAction\":[{\"@type\":\"SearchAction\",\"target\":{\"@type\":\"EntryPoint\",\"urlTemplate\":\"https:\/\/www.greenpeace.org\/usa\/?s={search_term_string}\"},\"query-input\":{\"@type\":\"PropertyValueSpecification\",\"valueRequired\":true,\"valueName\":\"search_term_string\"}}],\"inLanguage\":\"en-US\"},{\"@type\":\"Organization\",\"@id\":\"https:\/\/www.greenpeace.org\/usa\/#organization\",\"name\":\"Greenpeace USA\",\"url\":\"https:\/\/www.greenpeace.org\/usa\/\",\"logo\":{\"@type\":\"ImageObject\",\"inLanguage\":\"en-US\",\"@id\":\"https:\/\/www.greenpeace.org\/usa\/#\/schema\/logo\/image\/\",\"url\":\"https:\/\/www.greenpeace.org\/static\/planet4-usa-stateless\/2024\/11\/cd951b96-greenpeace-logo-1.png\",\"contentUrl\":\"https:\/\/www.greenpeace.org\/static\/planet4-usa-stateless\/2024\/11\/cd951b96-greenpeace-logo-1.png\",\"width\":299,\"height\":51,\"caption\":\"Greenpeace USA\"},\"image\":{\"@id\":\"https:\/\/www.greenpeace.org\/usa\/#\/schema\/logo\/image\/\"},\"sameAs\":[\"https:\/\/www.facebook.com\/greenpeaceusa\",\"https:\/\/x.com\/greenpeaceusa\",\"https:\/\/www.instagram.com\/greenpeaceusa\/\"],\"description\":\"Greenpeace USA is committed to transforming the country\u2019s unjust social, environmental, and economic systems from the ground up to address the climate crisis, safeguard our planet for future generations, advance racial justice, and build an economy that puts people over profits.\",\"email\":\"connect@greenpeace.us\",\"telephone\":\"1-800-722-6995\"}]}<\/script>\n<!-- \/ Yoast SEO Premium plugin. -->","yoast_head_json":{"title":"Hasta el Tri\u00e1ngulo de las Bermudas tiene un problema con el pl\u00e1stico - Greenpeace","robots":{"index":"index","follow":"follow","max-snippet":"max-snippet:-1","max-image-preview":"max-image-preview:large","max-video-preview":"max-video-preview:-1"},"canonical":"https:\/\/www.greenpeace.org\/usa\/hasta-el-triangulo-de-las-bermudas-tiene-un-problema-con-el-plastico\/","og_locale":"en_US","og_type":"article","og_title":"Hasta el Tri\u00e1ngulo de las Bermudas tiene un problema con el pl\u00e1stico","og_description":"Nos dirigimos hacia un lugar \u00fanico en mitad del misterioso Tri\u00e1ngulo de las Bermudas, el llamado mar de los Sargazos. Sus aguas son unas de las m\u00e1s cristalinas del planeta y albergan una espectacular variedad de vida, gran parte de la cual no se encuentra en ning\u00fan otro lugar de la Tierra. Pero, por desgracia, [&hellip;]","og_url":"https:\/\/www.greenpeace.org\/usa\/hasta-el-triangulo-de-las-bermudas-tiene-un-problema-con-el-plastico\/","og_site_name":"Greenpeace","article_publisher":"https:\/\/www.facebook.com\/greenpeaceusa","article_modified_time":"2024-11-20T20:42:17+00:00","og_image":[{"width":1200,"height":800,"url":"https:\/\/www.greenpeace.org\/static\/planet4-usa-stateless\/2024\/11\/5b6bd1fb-gettyimages-1136127941-e1590772238304.png","type":"image\/png"}],"twitter_card":"summary_large_image","twitter_site":"@greenpeaceusa","twitter_misc":{"Est. reading time":"3 minutes"},"schema":{"@context":"https:\/\/schema.org","@graph":[{"@type":"WebPage","@id":"https:\/\/www.greenpeace.org\/usa\/hasta-el-triangulo-de-las-bermudas-tiene-un-problema-con-el-plastico\/","url":"https:\/\/www.greenpeace.org\/usa\/hasta-el-triangulo-de-las-bermudas-tiene-un-problema-con-el-plastico\/","name":"Hasta el Tri\u00e1ngulo de las Bermudas tiene un problema con el pl\u00e1stico - Greenpeace","isPartOf":{"@id":"https:\/\/www.greenpeace.org\/usa\/#website"},"primaryImageOfPage":{"@id":"https:\/\/www.greenpeace.org\/usa\/hasta-el-triangulo-de-las-bermudas-tiene-un-problema-con-el-plastico\/#primaryimage"},"image":{"@id":"https:\/\/www.greenpeace.org\/usa\/hasta-el-triangulo-de-las-bermudas-tiene-un-problema-con-el-plastico\/#primaryimage"},"thumbnailUrl":"https:\/\/www.greenpeace.org\/static\/planet4-usa-stateless\/2024\/11\/5b6bd1fb-gettyimages-1136127941-e1590772238304.png","datePublished":"2019-08-20T00:00:00+00:00","dateModified":"2024-11-20T20:42:17+00:00","breadcrumb":{"@id":"https:\/\/www.greenpeace.org\/usa\/hasta-el-triangulo-de-las-bermudas-tiene-un-problema-con-el-plastico\/#breadcrumb"},"inLanguage":"en-US","potentialAction":[{"@type":"ReadAction","target":["https:\/\/www.greenpeace.org\/usa\/hasta-el-triangulo-de-las-bermudas-tiene-un-problema-con-el-plastico\/"]}]},{"@type":"ImageObject","inLanguage":"en-US","@id":"https:\/\/www.greenpeace.org\/usa\/hasta-el-triangulo-de-las-bermudas-tiene-un-problema-con-el-plastico\/#primaryimage","url":"https:\/\/www.greenpeace.org\/static\/planet4-usa-stateless\/2024\/11\/5b6bd1fb-gettyimages-1136127941-e1590772238304.png","contentUrl":"https:\/\/www.greenpeace.org\/static\/planet4-usa-stateless\/2024\/11\/5b6bd1fb-gettyimages-1136127941-e1590772238304.png","width":1200,"height":800},{"@type":"BreadcrumbList","@id":"https:\/\/www.greenpeace.org\/usa\/hasta-el-triangulo-de-las-bermudas-tiene-un-problema-con-el-plastico\/#breadcrumb","itemListElement":[{"@type":"ListItem","position":1,"name":"Home","item":"https:\/\/www.greenpeace.org\/usa\/"},{"@type":"ListItem","position":2,"name":"Hasta el Tri\u00e1ngulo de las Bermudas tiene un problema con el pl\u00e1stico"}]},{"@type":"WebSite","@id":"https:\/\/www.greenpeace.org\/usa\/#website","url":"https:\/\/www.greenpeace.org\/usa\/","name":"Greenpeace USA","description":"Greenpeace","publisher":{"@id":"https:\/\/www.greenpeace.org\/usa\/#organization"},"potentialAction":[{"@type":"SearchAction","target":{"@type":"EntryPoint","urlTemplate":"https:\/\/www.greenpeace.org\/usa\/?s={search_term_string}"},"query-input":{"@type":"PropertyValueSpecification","valueRequired":true,"valueName":"search_term_string"}}],"inLanguage":"en-US"},{"@type":"Organization","@id":"https:\/\/www.greenpeace.org\/usa\/#organization","name":"Greenpeace USA","url":"https:\/\/www.greenpeace.org\/usa\/","logo":{"@type":"ImageObject","inLanguage":"en-US","@id":"https:\/\/www.greenpeace.org\/usa\/#\/schema\/logo\/image\/","url":"https:\/\/www.greenpeace.org\/static\/planet4-usa-stateless\/2024\/11\/cd951b96-greenpeace-logo-1.png","contentUrl":"https:\/\/www.greenpeace.org\/static\/planet4-usa-stateless\/2024\/11\/cd951b96-greenpeace-logo-1.png","width":299,"height":51,"caption":"Greenpeace USA"},"image":{"@id":"https:\/\/www.greenpeace.org\/usa\/#\/schema\/logo\/image\/"},"sameAs":["https:\/\/www.facebook.com\/greenpeaceusa","https:\/\/x.com\/greenpeaceusa","https:\/\/www.instagram.com\/greenpeaceusa\/"],"description":"Greenpeace USA is committed to transforming the country\u2019s unjust social, environmental, and economic systems from the ground up to address the climate crisis, safeguard our planet for future generations, advance racial justice, and build an economy that puts people over profits.","email":"connect@greenpeace.us","telephone":"1-800-722-6995"}]}},"_links":{"self":[{"href":"https:\/\/www.greenpeace.org\/usa\/wp-json\/wp\/v2\/pages\/4622","targetHints":{"allow":["GET"]}}],"collection":[{"href":"https:\/\/www.greenpeace.org\/usa\/wp-json\/wp\/v2\/pages"}],"about":[{"href":"https:\/\/www.greenpeace.org\/usa\/wp-json\/wp\/v2\/types\/page"}],"author":[{"embeddable":true,"href":"https:\/\/www.greenpeace.org\/usa\/wp-json\/wp\/v2\/users\/1"}],"replies":[{"embeddable":true,"href":"https:\/\/www.greenpeace.org\/usa\/wp-json\/wp\/v2\/comments?post=4622"}],"version-history":[{"count":1,"href":"https:\/\/www.greenpeace.org\/usa\/wp-json\/wp\/v2\/pages\/4622\/revisions"}],"predecessor-version":[{"id":10280,"href":"https:\/\/www.greenpeace.org\/usa\/wp-json\/wp\/v2\/pages\/4622\/revisions\/10280"}],"wp:featuredmedia":[{"embeddable":true,"href":"https:\/\/www.greenpeace.org\/usa\/wp-json\/wp\/v2\/media\/5736"}],"wp:attachment":[{"href":"https:\/\/www.greenpeace.org\/usa\/wp-json\/wp\/v2\/media?parent=4622"}],"wp:term":[{"taxonomy":"category","embeddable":true,"href":"https:\/\/www.greenpeace.org\/usa\/wp-json\/wp\/v2\/categories?post=4622"},{"taxonomy":"post_tag","embeddable":true,"href":"https:\/\/www.greenpeace.org\/usa\/wp-json\/wp\/v2\/tags?post=4622"}],"curies":[{"name":"wp","href":"https:\/\/api.w.org\/{rel}","templated":true}]}}